{"id":1476312,"date":"2025-11-12T16:07:26","date_gmt":"2025-11-12T16:07:26","guid":{"rendered":"https:\/\/talkpal.ai\/gramadach-oriya\/"},"modified":"2025-12-30T12:45:21","modified_gmt":"2025-12-30T12:45:21","slug":"gramadach-oriya","status":"publish","type":"page","link":"https:\/\/talkpal.ai\/ga\/gramadach-oriya\/","title":{"rendered":"Gramadach Odia"},"content":{"rendered":"\r\n\r\n\r\n<section class=\"languageChallengeSection\">\r\n    <div class=\"languageInfoWrapper\">\r\n        \r\n        <h1>Gramadach Odia<\/h1>\r\n        <p>B&#039;fh\u00e9idir go bhfuil <a href=\"https:\/\/talkpal.ai\/odia-grammar\/\">gramadach Odia<\/a> d\u00fashl\u00e1nach ar dt\u00fas, ach d\u00e9anann a ghn\u00e9ithe uath\u00fala foghlaim na teanga ina eisp\u00e9ireas luachmhar. Tr\u00ed ini\u00fachadh a dh\u00e9anamh ar a aib\u00edtir, s\u00f3ch\u00e1in, agus rialacha gramada\u00ed, gheobhaidh t\u00fa l\u00e9argas ar thraidisi\u00fan saibhir teanga. Cuir t\u00fas le do thuras agus faigh amach \u00e1illeacht <a href=\"https:\/\/talkpal.ai\/learn-odia\/\">Odia<\/a>!<\/p>\r\n\r\n                            <a class=\"getStartedHidden\" href=\"https:\/\/app.talkpal.ai\/signup?lng=\">Tosaigh<\/a>\r\n        \r\n    <\/div>\r\n\r\n    <figure>\r\n    <img decoding=\"async\" width=\"768\" height=\"768\" src=\"https:\/\/talkpal.ai\/wp-content\/uploads\/2023\/06\/welsh-768x768.png\" class=\"languageImage no-lazy\" alt=\"Language learning for better cognitive abilities\" fetchpriority=\"high\" sizes=\"(max-width: 768px) 150px, 768px\" srcset=\"https:\/\/talkpal.ai\/wp-content\/uploads\/2023\/06\/welsh-768x768.png 768w, https:\/\/talkpal.ai\/wp-content\/uploads\/2023\/06\/welsh-300x300.png 300w\" \/>\r\n    \r\n\r\n    <\/figure>\r\n\r\n            <a class=\"getStartedVisible\" href=\"https:\/\/app.talkpal.ai\/signup?lng=\">Tosaigh<\/a>\r\n    \r\n<\/section><section class=\"promotionalBanner\">\r\n    <p class=\"promotionalText\">An bealach is \u00e9ifeachta\u00ed le teanga a fhoghlaim<\/p>\r\n    <a class=\"promotionalLink\" href=\"https:\/\/app.talkpal.ai\/signup?lng=\">Bain triail as Talkpal saor in aisce<\/a>\r\n<\/section>\n<div class=\"wp-block-group pageContainerStyle\"><div class=\"wp-block-group__inner-container is-layout-constrained wp-block-group-is-layout-constrained\">\n<h2 class=\"wp-block-heading\" id=\"h-navigating-the-intricacies-of-odia-grammar\">Nasclean\u00faint a dh\u00e9anamh ar intricacies gramadach Odia<\/h2>\n\n\n\n<p>Is teanga Ind-Aryan \u00ed <a href=\"https:\/\/talkpal.ai\/learn-oriya\/\">Odia<\/a>, ar a dtugtar Odia freisin, le traidisi\u00fan liteartha saibhir agus fr\u00e9amhacha cult\u00fartha doimhne in oirthear na <a href=\"https:\/\/talkpal.ai\/learn-hindi\/\">hIndia<\/a>. Cuireann s\u00e9 eisp\u00e9ireas spreag\u00fail teangeola\u00edoch ar f\u00e1il d&#8217;fhoghlaimeoir\u00ed ar mian leo ini\u00fachadh a dh\u00e9anamh ar a ch\u00f3ras gramada\u00ed saini\u00fail. Agus t\u00fa ag dul isteach i r\u00e9imse Odia, n\u00ed hamh\u00e1in go saibhreoidh t\u00fa do repertoire teangeola\u00edoch ach glacfaidh t\u00fa le turas cult\u00fartha suimi\u00fail freisin. C\u00e9 go bhf\u00e9adfadh <a href=\"https:\/\/talkpal.ai\/grammar\/\">gramadach<\/a> Odia a bheith casta ar dt\u00fas, d\u00e9anann s\u00e9 foghlaim na teanga n\u00edos inrochtana. San alt seo, d\u00e9anfaimid ini\u00fachadh ar shaol mealltach ghramadach Odia agus tabharfaimid leideanna <a href=\"https:\/\/talkpal.ai\/ga\/maidir\/\">maidir<\/a> le conas a chastachta\u00ed a mh\u00e1istir.<\/p>\n\n\n\n<h3 class=\"wp-block-heading\" id=\"h-1-odia-alphabet-and-phonetics\">1. Aib\u00edtir Odia agus Foghra\u00edocht<\/h3>\n\n\n\n<p>Is \u00e9ard at\u00e1 i script Odia n\u00e1 abugida le 11 guta agus thart ar 35 consan, chomh maith le diacritic\u00ed agus consain chomhcheangailte. Cuims\u00edonn s\u00e9 fuaimeanna retroflex agus aspirated at\u00e1 tr\u00e9ith de theangacha Ind-Aryan. T\u00e1 eolas ar an script, comhartha\u00ed guta, agus braisl\u00ed comhcheangailte r\u00edth\u00e1bhachtach chun m\u00e1istreacht a dh\u00e9anamh ar fhuaimni\u00fa agus l\u00e9itheoireacht. Cleachtadh tr\u00ed l\u00e9amh agus scr\u00edobh in Odia chun an comhfhreagras fuaime-siombail a inmhe\u00e1n\u00fa.<\/p>\n\n\n\n<h3 class=\"wp-block-heading\" id=\"h-2-case-markers-and-postpositions-a-distinctive-odia-feature\">2. Marc\u00f3ir\u00ed C\u00e1is agus Postpositions: Gn\u00e9 Saini\u00fail Odia<\/h3>\n\n\n\n<p>Gn\u00e9 suntasach de ghramadach Odia is ea an \u00fas\u00e1id a bhaintear as marc\u00f3ir\u00ed c\u00e1is agus postpositions seachas r\u00e9amhfhocail. I measc na marc\u00f3ir\u00ed coitianta t\u00e1 ku le haghaidh r\u00f3il accusative agus dative, ra le haghaidh ginideach, re le haghaidh locative, ru le haghaidh ablative, saha le haghaidh comitative, dwara le haghaidh uirlise n\u00f3 gn\u00edomhaireachta, agus pian le haghaidh cusp\u00f3ir. T\u00e1 s\u00e9 r\u00edth\u00e1bhachtach tuiscint a fh\u00e1il ar an gcaoi a gceangla\u00edonn na marc\u00f3ir\u00ed seo le hainmfhocail agus forainmneacha chun cumars\u00e1id chruinn a dh\u00e9anamh in Odia.<\/p>\n\n\n\n<h3 class=\"wp-block-heading\" id=\"h-3-nouns-and-pronouns-gender-and-cases\">3. Ainmfhocail agus Forainmneacha: Inscne agus C\u00e1sanna<\/h3>\n\n\n\n<p>N\u00edl inscne ghramada\u00ed ag ainmfhocail Odia, agus athra\u00edonn an t-iolr\u00fa de r\u00e9ir cine\u00e1l ainmfhocail agus comhth\u00e9acs. Is minic a ghlacann ainmfhocail dhaonna agus ainmfhocail bheo an iarmh\u00edr iolra -mane, agus is f\u00e9idir le hainmfhocail neamhbheo -gudika a \u00fas\u00e1id n\u00f3 fanacht gan mharc\u00e1il nuair a bh\u00edonn iolrachas soil\u00e9ir \u00f3n gcomhth\u00e9acs. I measc na bhforainmneacha t\u00e1 tacair phearsanta, shealbhacha, machnamhacha, l\u00e9iritheacha agus ceistitheacha, le hidirdhealuithe oinigh: mu I, tume you informal, apana you polite, se he or she, semane they. I measc na sealbhachais t\u00e1 <a href=\"https:\/\/talkpal.ai\/locations\/language-courses-in-mora\/\">mora<\/a> mo, tora t\u00fa, apanangkara do bh\u00e9asach, tara a chuid n\u00f3 \u00ed. M\u00e1 \u00e9ir\u00edonn t\u00fa eolach ar na foirmeacha seo agus ar a leaganacha c\u00e1s-mharc\u00e1ilte, feabhs\u00f3idh s\u00e9 go m\u00f3r do thuiscint ar ghramadach Odia.<\/p>\n\n\n\n<h3 class=\"wp-block-heading\" id=\"h-4-verbs-structure-and-conjugation\">4. Briathra: Strucht\u00far agus Comhchuingi\u00fa<\/h3>\n\n\n\n<p>Infhilleann briathra Odia le haghaidh aimsir, gn\u00e9, gi\u00famar, agus comhaont\u00fa, le leibh\u00e9il on\u00f3racha a th\u00e9ann i bhfeidhm ar fhoirmeacha briathra. I measc na bhfoirm\u00edochta\u00ed cro\u00ed-ghn\u00e9 aimsire t\u00e1 an for\u00e1sach l\u00e1ithreach in -uchi, an t-am at\u00e1 caite simpl\u00ed in -ila, agus an todhcha\u00ed in -iba, in \u00e9ineacht le t\u00f3g\u00e1lacha cumaisc agus c\u00fanta. \u00das\u00e1idtear gi\u00famar coinn\u00edollach agus \u00e9igeantach go gn\u00edomhach. Feabhs\u00f3idh foghlaim na bpatr\u00fain chomhchuingithe agus an chaoi a n-idirghn\u00edomha\u00edonn siad le duine agus le dea-bh\u00e9asacht do chumas cumars\u00e1id a dh\u00e9anamh go h\u00e9ifeachtach in Odia.<\/p>\n\n\n\n<h3 class=\"wp-block-heading\" id=\"h-5-adjectives-agreement-and-placement\">5. Aidiachta\u00ed: Comhaont\u00fa agus Socr\u00fach\u00e1n<\/h3>\n\n\n\n<p>I ngramadach Odia, is gn\u00e1ch go mb\u00edonn aidiachta\u00ed roimh an ainmfhocal a mhodhna\u00edonn siad agus de ghn\u00e1th n\u00ed athra\u00edonn siad d&#8217;uimhir n\u00f3 d&#8217;inscne. Is gn\u00e1ch go bhfoirm\u00edtear compar\u00e1id\u00ed agus superlatives le adverbs cos\u00fail le adhika more agus sabutharu an chuid is m\u00f3, c\u00e9 go bhf\u00e9adfadh foirmeacha tatsama iarmh\u00edreanna a \u00fas\u00e1id i gcl\u00e1ir fhoirmi\u00fala freisin. Cuid\u00edonn m\u00e1istreacht ar na patr\u00fain seo le fuaim urlabhra n\u00e1d\u00fartha agus idiomatic.<\/p>\n\n\n\n<p><strong>Sampla\u00ed:<\/strong><\/p>\n\n\n\n<p><strong>&#8211; Bada Prema (Gr\u00e1 M\u00f3r)  <\/strong><\/p>\n\n\n\n<p><strong>&#8211; chhota pilamane (leana\u00ed beaga)<\/strong><\/p>\n\n\n\n<h3 class=\"wp-block-heading\" id=\"h-6-engaging-with-the-language\">6. Dul i ngleic leis an teanga<\/h3>\n\n\n\n<p>Is \u00e9 an bealach is \u00e9ifeachta\u00ed chun gramadach Odia a thuiscint agus a inmhe\u00e1n\u00fa go hioml\u00e1n n\u00e1 dul i ngleic go comhsheasmhach leis an teanga. Tr\u00ed litr\u00edocht Odia a l\u00e9amh, f\u00e9achaint ar scann\u00e1in n\u00f3 sraitheanna teilif\u00edse Odia, nuacht Odia a lean\u00faint, agus cumars\u00e1id ghn\u00edomhach a dh\u00e9anamh le cainteoir\u00ed d\u00fachais, treiseoidh t\u00fa do thuiscint ar an ngramadach agus leathn\u00f3idh t\u00fa do st\u00f3r focal.<\/p>\n\n\n\n<h3 class=\"wp-block-heading\" id=\"h-conclusion\">Concl\u00faid<\/h3>\n\n\n\n<p>C\u00e9 go bhf\u00e9adfadh gramadach Odia a bheith intricate, is f\u00e9idir leat a bheith inni\u00fail sa teanga \u00e1lainn seo le d\u00fathracht, cleachtas agus d\u00edograis. Tr\u00ed dh\u00edri\u00fa ar na rialacha bun\u00fasacha agus dul i ngleic leis an teanga i gcomhth\u00e9acsanna \u00e9ags\u00fala, feabhs\u00f3idh t\u00fa do <a href=\"https:\/\/talkpal.ai\/ga\/gramadach\/\">scileanna gramada\u00ed<\/a> Odia go tapa. Subha kamana (\u00e1dh m\u00f3r) le do thuras teanga Odia, agus bain sult as domhan gal\u00e1nta ach mealltach gramada\u00ed Odia a unraveling!<\/p>\n<\/div><\/div>\n\r\n<section class=\"learnNavigationSection\">\r\n            \r\n        <a href=\"https:\/\/talkpal.ai\/ga\/foghlaim-oriya\/\">\r\n            <div class=\"learnNavigationWrapper\">\r\n                <div class=\"learnNavigationContent\">\r\n                    <img decoding=\"async\" src=\"https:\/\/talkpal.ai\/wp-content\/uploads\/2025\/11\/Oriya.png\" alt=\"Indian Simplified Flag\">\r\n                    <div>\r\n                        <h4>Maidir le Odia Learning<\/h4>\r\n                        <p>Faigh amach gach rud faoi Odia Grammar.<\/p>\r\n                    <\/div>\r\n                <\/div>\r\n            <\/div>\r\n        <\/a>\r\n\r\n        \r\n        <a href=\"https:\/\/talkpal.ai\/ga\/cleachtai-gramadai-oriya\/\">\r\n            <div class=\"learnNavigationWrapper\">\r\n                <div class=\"learnNavigationContent\">\r\n                    <img decoding=\"async\" src=\"https:\/\/talkpal.ai\/wp-content\/uploads\/2025\/11\/Oriya.png\" alt=\"Indian Simplified Flag\">\r\n                    <div>\r\n                        <h4>Cleachtadh Gramada\u00ed Odia<\/h4>\r\n                        <p>Cleachtadh gramadach Odia.<\/p>\r\n                    <\/div>\r\n                <\/div>\r\n            <\/div>\r\n        <\/a>\r\n\r\n            <\/section>","protected":false},"excerpt":{"rendered":"<p>Nasclean\u00faint a dh\u00e9anamh ar intricacies gramadach Odia Is teanga Ind-Aryan \u00ed Odia, ar a dtugtar Odia freisin, le traidisi\u00fan liteartha saibhir agus fr\u00e9amhacha cult\u00fartha doimhne in oirthear na hIndia. Cuireann s\u00e9 eisp\u00e9ireas spreag\u00fail teangeola\u00edoch ar f\u00e1il d&#8217;fhoghlaimeoir\u00ed ar mian leo ini\u00fachadh a dh\u00e9anamh ar a ch\u00f3ras gramada\u00ed saini\u00fail. Agus t\u00fa ag dul isteach i r\u00e9imse [&hellip;]<\/p>\n","protected":false},"author":20,"featured_media":0,"parent":0,"menu_order":0,"comment_status":"closed","ping_status":"closed","template":"LearningContentPage.php","meta":{"_acf_changed":false,"footnotes":""},"class_list":["post-1476312","page","type-page","status-publish","hentry"],"acf":[],"yoast_head":"<!-- This site is optimized with the Yoast SEO Premium plugin v27.2 (Yoast SEO v27.2) - https:\/\/yoast.com\/product\/yoast-seo-premium-wordpress\/ -->\n<title>Gramadach Odia - Talkpal<\/title>\n<meta name=\"description\" content=\"Bain triail as bunriachtanais ghramadach Odia, an aib\u00edtir, marc\u00f3ir\u00ed c\u00e1s agus briathra san \u00e1ireamh, len\u00e1r dtreoir chuimsitheach foghlama teanga.\" \/>\n<meta name=\"robots\" content=\"index, follow, max-snippet:-1, max-image-preview:large, max-video-preview:-1\" \/>\n<link rel=\"canonical\" href=\"https:\/\/talkpal.ai\/ga\/gramadach-oriya\/\" \/>\n<meta property=\"og:locale\" content=\"ga_IE\" \/>\n<meta property=\"og:type\" content=\"article\" \/>\n<meta property=\"og:title\" content=\"Gramadach Odia\" \/>\n<meta property=\"og:description\" content=\"Nasclean\u00faint a dh\u00e9anamh ar intricacies gramadach Odia Is teanga Ind-Aryan \u00ed Odia, ar a dtugtar Odia freisin, le traidisi\u00fan liteartha saibhir agus\" \/>\n<meta property=\"og:url\" content=\"https:\/\/talkpal.ai\/ga\/gramadach-oriya\/\" \/>\n<meta property=\"og:site_name\" content=\"Talkpal\" \/>\n<meta property=\"article:publisher\" content=\"https:\/\/www.facebook.com\/profile.php?id=100090733639311\" \/>\n<meta property=\"article:modified_time\" content=\"2025-12-30T12:45:21+00:00\" \/>\n<meta property=\"og:image\" content=\"https:\/\/talkpal.ai\/wp-content\/uploads\/2025\/02\/Progress-tab-16_9.png\" \/>\n\t<meta property=\"og:image:width\" content=\"2880\" \/>\n\t<meta property=\"og:image:height\" content=\"1620\" \/>\n\t<meta property=\"og:image:type\" content=\"image\/png\" \/>\n<meta name=\"twitter:card\" content=\"summary_large_image\" \/>\n<meta name=\"twitter:site\" content=\"@talkpalai\" \/>\n<meta name=\"twitter:label1\" content=\"Est. reading time\" \/>\n\t<meta name=\"twitter:data1\" content=\"4 minutes\" \/>\n<script type=\"application\/ld+json\" class=\"yoast-schema-graph\">{\"@context\":\"https:\/\/schema.org\",\"@graph\":[{\"@type\":\"WebPage\",\"@id\":\"https:\/\/talkpal.ai\/ga\/gramadach-oriya\/\",\"url\":\"https:\/\/talkpal.ai\/ga\/gramadach-oriya\/\",\"name\":\"Gramadach Odia - Talkpal\",\"isPartOf\":{\"@id\":\"https:\/\/talkpal.ai\/ga\/#website\"},\"datePublished\":\"2025-11-12T16:07:26+00:00\",\"dateModified\":\"2025-12-30T12:45:21+00:00\",\"description\":\"Bain triail as bunriachtanais ghramadach Odia, an aib\u00edtir, marc\u00f3ir\u00ed c\u00e1s agus briathra san \u00e1ireamh, len\u00e1r dtreoir chuimsitheach foghlama teanga.\",\"breadcrumb\":{\"@id\":\"https:\/\/talkpal.ai\/ga\/gramadach-oriya\/#breadcrumb\"},\"inLanguage\":\"ga-IE\",\"potentialAction\":[{\"@type\":\"ReadAction\",\"target\":[\"https:\/\/talkpal.ai\/ga\/gramadach-oriya\/\"]}]},{\"@type\":\"BreadcrumbList\",\"@id\":\"https:\/\/talkpal.ai\/ga\/gramadach-oriya\/#breadcrumb\",\"itemListElement\":[{\"@type\":\"ListItem\",\"position\":1,\"name\":\"Homepage\",\"item\":\"https:\/\/talkpal.ai\/ga\/\"},{\"@type\":\"ListItem\",\"position\":2,\"name\":\"Gramadach Odia\"}]},{\"@type\":\"WebSite\",\"@id\":\"https:\/\/talkpal.ai\/ga\/#website\",\"url\":\"https:\/\/talkpal.ai\/ga\/\",\"name\":\"Talkpal\",\"description\":\"AI Language Learning\",\"publisher\":{\"@id\":\"https:\/\/talkpal.ai\/ga\/#organization\"},\"alternateName\":\"Talkpal AI\",\"potentialAction\":[{\"@type\":\"SearchAction\",\"target\":{\"@type\":\"EntryPoint\",\"urlTemplate\":\"https:\/\/talkpal.ai\/ga\/?s={search_term_string}\"},\"query-input\":{\"@type\":\"PropertyValueSpecification\",\"valueRequired\":true,\"valueName\":\"search_term_string\"}}],\"inLanguage\":\"ga-IE\"},{\"@type\":\"Organization\",\"@id\":\"https:\/\/talkpal.ai\/ga\/#organization\",\"name\":\"Talkpal, Inc.\",\"alternateName\":\"Talkpal AI\",\"url\":\"https:\/\/talkpal.ai\/ga\/\",\"logo\":{\"@type\":\"ImageObject\",\"inLanguage\":\"ga-IE\",\"@id\":\"https:\/\/talkpal.ai\/ga\/#\/schema\/logo\/image\/\",\"url\":\"https:\/\/talkpal.ai\/wp-content\/uploads\/2024\/03\/Talkpal-Logo-Icon.png\",\"contentUrl\":\"https:\/\/talkpal.ai\/wp-content\/uploads\/2024\/03\/Talkpal-Logo-Icon.png\",\"width\":2880,\"height\":2880,\"caption\":\"Talkpal, Inc.\"},\"image\":{\"@id\":\"https:\/\/talkpal.ai\/ga\/#\/schema\/logo\/image\/\"},\"sameAs\":[\"https:\/\/www.facebook.com\/profile.php?id=100090733639311\",\"https:\/\/x.com\/talkpalai\",\"https:\/\/www.linkedin.com\/company\/talkpal\/\",\"https:\/\/www.youtube.com\/@TalkPal\/\",\"https:\/\/www.tiktok.com\/@talkpal\",\"https:\/\/www.instagram.com\/talkpal_ai\/\",\"https:\/\/www.crunchbase.com\/organization\/talkpal-9cde\",\"https:\/\/www.g2.com\/products\/talkpal-for-business\/\",\"https:\/\/www.trustpilot.com\/review\/talkpal.ai\",\"https:\/\/www.capterra.com\/p\/10006800\/TalkPal\/\"],\"description\":\"Talkpal is a language learning web and mobile education app, powered by the latest AI technologies, that provides engaging experiences to its customers in many different languages to help them improve their language skills. Users can chat about unlimited amount of topics with the app and use other modes to practice their language learning.\",\"email\":\"support@talkpal.ai\",\"legalName\":\"Talkpal, Inc.\",\"foundingDate\":\"2023-04-03\",\"duns\":\"118989042\",\"numberOfEmployees\":{\"@type\":\"QuantitativeValue\",\"minValue\":\"11\",\"maxValue\":\"50\"},\"publishingPrinciples\":\"https:\/\/talkpal.ai\/publishing-principles\/\",\"actionableFeedbackPolicy\":\"https:\/\/talkpal.ai\/actionable-feedback-policy\/\",\"correctionsPolicy\":\"https:\/\/talkpal.ai\/corrections-policy\/\",\"ethicsPolicy\":\"https:\/\/talkpal.ai\/ethics-policy\/\",\"diversityPolicy\":\"https:\/\/talkpal.ai\/diversity-policy\/\",\"diversityStaffingReport\":\"https:\/\/talkpal.ai\/diversity-policy\/\"}]}<\/script>\n<!-- \/ Yoast SEO Premium plugin. -->","yoast_head_json":{"title":"Gramadach Odia - Talkpal","description":"Bain triail as bunriachtanais ghramadach Odia, an aib\u00edtir, marc\u00f3ir\u00ed c\u00e1s agus briathra san \u00e1ireamh, len\u00e1r dtreoir chuimsitheach foghlama teanga.","robots":{"index":"index","follow":"follow","max-snippet":"max-snippet:-1","max-image-preview":"max-image-preview:large","max-video-preview":"max-video-preview:-1"},"canonical":"https:\/\/talkpal.ai\/ga\/gramadach-oriya\/","og_locale":"ga_IE","og_type":"article","og_title":"Gramadach Odia","og_description":"Nasclean\u00faint a dh\u00e9anamh ar intricacies gramadach Odia Is teanga Ind-Aryan \u00ed Odia, ar a dtugtar Odia freisin, le traidisi\u00fan liteartha saibhir agus","og_url":"https:\/\/talkpal.ai\/ga\/gramadach-oriya\/","og_site_name":"Talkpal","article_publisher":"https:\/\/www.facebook.com\/profile.php?id=100090733639311","article_modified_time":"2025-12-30T12:45:21+00:00","og_image":[{"width":2880,"height":1620,"url":"https:\/\/talkpal.ai\/wp-content\/uploads\/2025\/02\/Progress-tab-16_9.png","type":"image\/png"}],"twitter_card":"summary_large_image","twitter_site":"@talkpalai","twitter_misc":{"Est. reading time":"4 minutes"},"schema":{"@context":"https:\/\/schema.org","@graph":[{"@type":"WebPage","@id":"https:\/\/talkpal.ai\/ga\/gramadach-oriya\/","url":"https:\/\/talkpal.ai\/ga\/gramadach-oriya\/","name":"Gramadach Odia - Talkpal","isPartOf":{"@id":"https:\/\/talkpal.ai\/ga\/#website"},"datePublished":"2025-11-12T16:07:26+00:00","dateModified":"2025-12-30T12:45:21+00:00","description":"Bain triail as bunriachtanais ghramadach Odia, an aib\u00edtir, marc\u00f3ir\u00ed c\u00e1s agus briathra san \u00e1ireamh, len\u00e1r dtreoir chuimsitheach foghlama teanga.","breadcrumb":{"@id":"https:\/\/talkpal.ai\/ga\/gramadach-oriya\/#breadcrumb"},"inLanguage":"ga-IE","potentialAction":[{"@type":"ReadAction","target":["https:\/\/talkpal.ai\/ga\/gramadach-oriya\/"]}]},{"@type":"BreadcrumbList","@id":"https:\/\/talkpal.ai\/ga\/gramadach-oriya\/#breadcrumb","itemListElement":[{"@type":"ListItem","position":1,"name":"Homepage","item":"https:\/\/talkpal.ai\/ga\/"},{"@type":"ListItem","position":2,"name":"Gramadach Odia"}]},{"@type":"WebSite","@id":"https:\/\/talkpal.ai\/ga\/#website","url":"https:\/\/talkpal.ai\/ga\/","name":"Talkpal","description":"AI Language Learning","publisher":{"@id":"https:\/\/talkpal.ai\/ga\/#organization"},"alternateName":"Talkpal AI","potentialAction":[{"@type":"SearchAction","target":{"@type":"EntryPoint","urlTemplate":"https:\/\/talkpal.ai\/ga\/?s={search_term_string}"},"query-input":{"@type":"PropertyValueSpecification","valueRequired":true,"valueName":"search_term_string"}}],"inLanguage":"ga-IE"},{"@type":"Organization","@id":"https:\/\/talkpal.ai\/ga\/#organization","name":"Talkpal, Inc.","alternateName":"Talkpal AI","url":"https:\/\/talkpal.ai\/ga\/","logo":{"@type":"ImageObject","inLanguage":"ga-IE","@id":"https:\/\/talkpal.ai\/ga\/#\/schema\/logo\/image\/","url":"https:\/\/talkpal.ai\/wp-content\/uploads\/2024\/03\/Talkpal-Logo-Icon.png","contentUrl":"https:\/\/talkpal.ai\/wp-content\/uploads\/2024\/03\/Talkpal-Logo-Icon.png","width":2880,"height":2880,"caption":"Talkpal, Inc."},"image":{"@id":"https:\/\/talkpal.ai\/ga\/#\/schema\/logo\/image\/"},"sameAs":["https:\/\/www.facebook.com\/profile.php?id=100090733639311","https:\/\/x.com\/talkpalai","https:\/\/www.linkedin.com\/company\/talkpal\/","https:\/\/www.youtube.com\/@TalkPal\/","https:\/\/www.tiktok.com\/@talkpal","https:\/\/www.instagram.com\/talkpal_ai\/","https:\/\/www.crunchbase.com\/organization\/talkpal-9cde","https:\/\/www.g2.com\/products\/talkpal-for-business\/","https:\/\/www.trustpilot.com\/review\/talkpal.ai","https:\/\/www.capterra.com\/p\/10006800\/TalkPal\/"],"description":"Talkpal is a language learning web and mobile education app, powered by the latest AI technologies, that provides engaging experiences to its customers in many different languages to help them improve their language skills. Users can chat about unlimited amount of topics with the app and use other modes to practice their language learning.","email":"support@talkpal.ai","legalName":"Talkpal, Inc.","foundingDate":"2023-04-03","duns":"118989042","numberOfEmployees":{"@type":"QuantitativeValue","minValue":"11","maxValue":"50"},"publishingPrinciples":"https:\/\/talkpal.ai\/publishing-principles\/","actionableFeedbackPolicy":"https:\/\/talkpal.ai\/actionable-feedback-policy\/","correctionsPolicy":"https:\/\/talkpal.ai\/corrections-policy\/","ethicsPolicy":"https:\/\/talkpal.ai\/ethics-policy\/","diversityPolicy":"https:\/\/talkpal.ai\/diversity-policy\/","diversityStaffingReport":"https:\/\/talkpal.ai\/diversity-policy\/"}]}},"_links":{"self":[{"href":"https:\/\/talkpal.ai\/ga\/wp-json\/wp\/v2\/pages\/1476312","targetHints":{"allow":["GET"]}}],"collection":[{"href":"https:\/\/talkpal.ai\/ga\/wp-json\/wp\/v2\/pages"}],"about":[{"href":"https:\/\/talkpal.ai\/ga\/wp-json\/wp\/v2\/types\/page"}],"author":[{"embeddable":true,"href":"https:\/\/talkpal.ai\/ga\/wp-json\/wp\/v2\/users\/20"}],"replies":[{"embeddable":true,"href":"https:\/\/talkpal.ai\/ga\/wp-json\/wp\/v2\/comments?post=1476312"}],"version-history":[{"count":0,"href":"https:\/\/talkpal.ai\/ga\/wp-json\/wp\/v2\/pages\/1476312\/revisions"}],"wp:attachment":[{"href":"https:\/\/talkpal.ai\/ga\/wp-json\/wp\/v2\/media?parent=1476312"}],"curies":[{"name":"wp","href":"https:\/\/api.w.org\/{rel}","templated":true}]}}