{"id":1476292,"date":"2025-11-12T15:57:04","date_gmt":"2025-11-12T15:57:04","guid":{"rendered":"https:\/\/talkpal.ai\/gramadach-na-mongoile\/"},"modified":"2025-12-30T13:42:13","modified_gmt":"2025-12-30T13:42:13","slug":"gramadach-na-mongoile","status":"publish","type":"page","link":"https:\/\/talkpal.ai\/ga\/gramadach-na-mongoile\/","title":{"rendered":"Gramadach na Mong\u00f3ile"},"content":{"rendered":"\r\n\r\n\r\n<section class=\"languageChallengeSection\">\r\n    <div class=\"languageInfoWrapper\">\r\n        \r\n        <h1>Gramadach na Mong\u00f3ile<\/h1>\r\n        <p>B&#039;fh\u00e9idir go bhfuil <a href=\"https:\/\/talkpal.ai\/grammar\/\">gramadach<\/a> na Mong\u00f3ile d\u00fashl\u00e1nach ar dt\u00fas, ach is eisp\u00e9ireas luachmhar \u00e9 foghlaim na teanga. Tr\u00ed ini\u00fachadh a dh\u00e9anamh ar a aib\u00edtir, s\u00f3ch\u00e1in, agus rialacha gramada\u00ed, gheobhaidh t\u00fa l\u00e9argas ar thraidisi\u00fan saibhir teanga. Tosaigh do thuras agus faigh amach \u00e1illeacht na Mong\u00f3ilis!<\/p>\r\n\r\n                            <a class=\"getStartedHidden\" href=\"https:\/\/app.talkpal.ai\/signup?lng=\">Tosaigh<\/a>\r\n        \r\n    <\/div>\r\n\r\n    <figure>\r\n    <img decoding=\"async\" width=\"768\" height=\"768\" src=\"https:\/\/talkpal.ai\/wp-content\/uploads\/2023\/06\/welsh-768x768.png\" class=\"languageImage no-lazy\" alt=\"Language learning for better cognitive abilities\" fetchpriority=\"high\" sizes=\"(max-width: 768px) 150px, 768px\" srcset=\"https:\/\/talkpal.ai\/wp-content\/uploads\/2023\/06\/welsh-768x768.png 768w, https:\/\/talkpal.ai\/wp-content\/uploads\/2023\/06\/welsh-300x300.png 300w\" \/>\r\n    \r\n\r\n    <\/figure>\r\n\r\n            <a class=\"getStartedVisible\" href=\"https:\/\/app.talkpal.ai\/signup?lng=\">Tosaigh<\/a>\r\n    \r\n<\/section><section class=\"promotionalBanner\">\r\n    <p class=\"promotionalText\">An bealach is \u00e9ifeachta\u00ed le teanga a fhoghlaim<\/p>\r\n    <a class=\"promotionalLink\" href=\"https:\/\/app.talkpal.ai\/signup?lng=\">Bain triail as Talkpal saor in aisce<\/a>\r\n<\/section>\n<div class=\"wp-block-group pageContainerStyle\"><div class=\"wp-block-group__inner-container is-layout-constrained wp-block-group-is-layout-constrained\">\n<h2 class=\"wp-block-heading\" id=\"h-navigating-the-intricacies-of-mongolian-grammar\">Nasclean\u00faint a dh\u00e9anamh ar Intricacies Gramadach na Mong\u00f3ile<\/h2>\n\n\n\n<p>Cuireann an <a href=\"https:\/\/talkpal.ai\/ga\/foghlaim-mongoilis\/\">Mhong\u00f3ilis<\/a>, teanga Mhong\u00f3lach a bhfuil stair shaibhir agus t\u00e1bhacht chult\u00fartha aici, eisp\u00e9ireas spreag\u00fail teangeola\u00edoch ar f\u00e1il d\u00f3ibh si\u00fad ar mian leo ini\u00fachadh a dh\u00e9anamh ar a c\u00f3ras gramada\u00ed uath\u00fail. Agus t\u00fa ag dul isteach i r\u00e9imse na Mong\u00f3ilis, n\u00ed hamh\u00e1in go saibhreoidh t\u00fa do repertoire teangeola\u00edoch ach glacfaidh t\u00fa le turas cult\u00fartha suimi\u00fail freisin. C\u00e9 go bhf\u00e9adfadh <a href=\"https:\/\/talkpal.ai\/grammar\/\">gramadach<\/a> na Mong\u00f3ile a bheith casta ar dt\u00fas, d\u00e9anann s\u00e9 foghlaim na teanga n\u00edos inrochtana. San alt seo, d\u00e9anfaimid ini\u00fachadh ar shaol mealltach ghramadach na Mong\u00f3ile agus tabharfaimid leideanna <a href=\"https:\/\/talkpal.ai\/ga\/maidir\/\">maidir<\/a> le conas a chastachta\u00ed a mh\u00e1istir.<\/p>\n\n\n\n<h3 class=\"wp-block-heading\" id=\"h-1-mongolian-alphabet-and-phonetics\">1. Aib\u00edtir Mong\u00f3ilis agus Foghra\u00edocht<\/h3>\n\n\n\n<p>Is \u00ed an aib\u00edtir Mhong\u00f3ilis a \u00fas\u00e1idtear sa Mhong\u00f3il nua-aimseartha n\u00e1 Coireallach agus t\u00e1 35 litir ann, lena n-\u00e1ir\u00edtear carachtair at\u00e1 uath\u00fail don teanga mar \u04e8 \u04e9 agus \u04ae \u04af. T\u00e1 an script ingearach Mong\u00f3ilis <a href=\"https:\/\/talkpal.ai\/will-ai-kill-traditional-language-learning\/\">traidisi\u00fanta<\/a> a \u00fas\u00e1idtear sa Mhong\u00f3il Istigh freisin. Chun gramadach na Mong\u00f3ile a fhoghlaim, t\u00e1 s\u00e9 r\u00edth\u00e1bhachtach dul i dtaith\u00ed ar na c\u00f3rais scr\u00edbhneoireachta seo tr\u00ed l\u00e9amh agus scr\u00edbhneoireacht a chleachtadh sa Mhong\u00f3ilis.<\/p>\n\n\n\n<h3 class=\"wp-block-heading\" id=\"h-2-vowel-harmony-a-peculiar-mongolian-feature\">2. Comhchuibheas guta: Gn\u00e9 Aisteach Mong\u00f3ilis<\/h3>\n\n\n\n<p>Ceann de na gn\u00e9ithe is suntasa\u00ed de ghramadach na Mong\u00f3ile is ea comhchuibheas guta, a riala\u00edonn an chaoi a n-athra\u00edonn iarmh\u00edreanna chun guta\u00ed na fr\u00e9amha a mheaitse\u00e1il. De ghn\u00e1th tagann iarmh\u00edreanna i leaganacha guta tosaigh agus c\u00fail, agus malarta\u00edonn consan n\u00f3 guta\u00ed \u00e1irithe in iarmh\u00edreanna bunaithe ar chomhth\u00e9acs f\u00f3ineola\u00edoch. T\u00e1 s\u00e9 r\u00edth\u00e1bhachtach tuiscint a fh\u00e1il ar cathain agus conas a tharla\u00edonn na harm\u00f3na\u00ed agus na malartuithe seo chun cumars\u00e1id chruinn a dh\u00e9anamh sa Mhong\u00f3ilis.<\/p>\n\n\n\n<h3 class=\"wp-block-heading\" id=\"h-3-nouns-and-pronouns-gender-and-cases\">3. Ainmfhocail agus Forainmneacha: Inscne agus C\u00e1sanna<\/h3>\n\n\n\n<p>N\u00edl inscne gramada\u00ed ag ainmfhocail Mong\u00f3ilis, ach glacann siad sraith shaibhir foircinn c\u00e1is chun caidrimh a mharc\u00e1il mar sheilbh, treo, su\u00edomh, agus uirlis. Athra\u00edonn foirmi\u00fa iolra, ag baint \u00fas\u00e1ide as -\u0443\u0443\u0434 n\u00f3 -\u04af\u04af\u0434 de r\u00e9ir comhchuibheas guta, agus is minic a \u00fas\u00e1idtear -\u043d\u0430\u0440 do dhaoine. I measc na bhforainmneacha sa Mhong\u00f3ilis t\u00e1 forainmneacha pearsanta, sealbhacha, machnamhacha, l\u00e9iritheacha agus ceisti\u00fala. M\u00e1 t\u00e1 t\u00fa eolach ar na forainmneacha seo agus ar a bhfoirmeacha, feabhs\u00f3idh s\u00e9 go m\u00f3r do thuiscint ar ghramadach na Mong\u00f3ile.<\/p>\n\n\n\n<h3 class=\"wp-block-heading\" id=\"h-4-verbs-structure-and-conjugation\">4. Briathra: Strucht\u00far agus Comhchuingi\u00fa<\/h3>\n\n\n\n<p>T\u00f3gann briathra Mong\u00f3ilis aims, gn\u00e9, gi\u00famar agus fianaise tr\u00ed iarmh\u00edreanna seachas comhaont\u00fa fairsing an duine. I measc na bhfoirmeacha finite riachtanacha t\u00e1 -\u043d\u0430 le haghaidh neamh-chaite, -\u0441\u0430\u043d n\u00f3 -\u0441\u044d\u043d le haghaidh am at\u00e1 caite, agus -\u0434\u0430\u0433 n\u00f3 -\u0434\u044d\u0433 le haghaidh gn\u00e1th, le gn\u00e9 fhor\u00e1sach a chuirtear in i\u00fal go coitianta le t\u00f3g\u00e1lacha \u0431\u0430\u0439\u043d\u0430. Baineann an teanga \u00fas\u00e1id as foirmeacha coinn\u00edollach, ordaitheacha agus gairneacha. Feabhs\u00f3idh foghlaim na rialacha foirmithe briathra agus na patr\u00fain ch\u00fanta do chumas cumars\u00e1id a dh\u00e9anamh go h\u00e9ifeachtach sa Mhong\u00f3ilis.<\/p>\n\n\n\n<h3 class=\"wp-block-heading\" id=\"h-5-adjectives-agreement-and-placement\">5. Aidiachta\u00ed: Comhaont\u00fa agus Socr\u00fach\u00e1n<\/h3>\n\n\n\n<p>I ngramadach na Mong\u00f3ile, is gn\u00e1ch go mb\u00edonn aidiachta\u00ed roimh an ainmfhocal a mhodhna\u00edonn siad agus n\u00ed aonta\u00edonn siad i l\u00edon n\u00f3 inscne leis an ainmfhocal. Is minic a chuirtear compar\u00e1id in i\u00fal go hanail\u00edseach, ag baint \u00fas\u00e1ide as \u0438\u043b\u04af\u04af don chompar\u00e1ideach agus \u0445\u0430\u043c\u0433\u0438\u0439\u043d don superlative, at\u00e1 riachtanach chun foghlaim cumars\u00e1id a dh\u00e9anamh n\u00edos n\u00e1d\u00fartha.<\/p>\n\n\n\n<p><strong>Sampla\u00ed:<\/strong><\/p>\n\n\n\n<p><strong>\u2013 \u0438\u0445 \u0445\u0430\u0439\u0440 (gr\u00e1 m\u00f3r)  <\/strong><\/p>\n\n\n\n<p><strong>\u2013 \u0436\u0438\u0436\u0438\u0433 \u0445\u04af\u04af\u0445\u0434\u04af\u04af\u0434 (p\u00e1ist\u00ed beaga)<\/strong><\/p>\n\n\n\n<h3 class=\"wp-block-heading\" id=\"h-6-engaging-with-the-language\">6. Dul i ngleic leis an teanga<\/h3>\n\n\n\n<p>Is \u00e9 an bealach is \u00e9ifeachta\u00ed chun gramadach na Mong\u00f3ile a thuiscint agus a inmhe\u00e1n\u00fa go hioml\u00e1n n\u00e1 dul i ngleic go comhsheasmhach leis an teanga. Tr\u00ed litr\u00edocht na Mong\u00f3ile a l\u00e9amh, f\u00e9achaint ar scann\u00e1in n\u00f3 sraitheanna teilif\u00edse Mong\u00f3ilis, agus cumars\u00e1id ghn\u00edomhach a dh\u00e9anamh le cainteoir\u00ed d\u00fachais, treiseoidh t\u00fa do thuiscint ar an ngramadach agus leathn\u00f3idh t\u00fa do st\u00f3r focal.<\/p>\n\n\n\n<h3 class=\"wp-block-heading\" id=\"h-conclusion\">Concl\u00faid<\/h3>\n\n\n\n<p>C\u00e9 go bhf\u00e9adfadh gramadach na Mong\u00f3ile a bheith casta, is f\u00e9idir leat a bheith inni\u00fail sa teanga \u00e1lainn seo le d\u00fathracht, cleachtas agus d\u00edograis. Tr\u00ed dh\u00edri\u00fa ar na rialacha bun\u00fasacha agus dul i ngleic leis an teanga i gcomhth\u00e9acsanna \u00e9ags\u00fala, cuirfidh t\u00fa feabhas tapa ar do <a href=\"https:\/\/talkpal.ai\/ga\/gramadach\/\">scileanna gramada\u00ed<\/a> Mong\u00f3ilis. \u0410\u043c\u0436\u0438\u043b\u0442 \u0445\u04af\u0441\u044c\u0435 (\u00e1dh m\u00f3r) le do thuras teanga Mong\u00f3ilis, agus taitneamh a bhaint as an domhan enigmatic ach mealltach de ghramadach na Mong\u00f3ilis!<\/p>\n<\/div><\/div>\n\r\n<section class=\"learnNavigationSection\">\r\n            \r\n        <a href=\"https:\/\/talkpal.ai\/ga\/foghlaim-mongoilis\/\">\r\n            <div class=\"learnNavigationWrapper\">\r\n                <div class=\"learnNavigationContent\">\r\n                    <img decoding=\"async\" src=\"https:\/\/talkpal.ai\/wp-content\/uploads\/2025\/11\/Mongolian.png\" alt=\"Mongolian Flag\">\r\n                    <div>\r\n                        <h4>Maidir le Foghlaim Mong\u00f3ilis<\/h4>\r\n                        <p>Faigh amach gach rud faoi Ghramadach na Mong\u00f3ile.<\/p>\r\n                    <\/div>\r\n                <\/div>\r\n            <\/div>\r\n        <\/a>\r\n\r\n        \r\n        <a href=\"https:\/\/talkpal.ai\/ga\/cleachtai-gramadai-mongoilis\/\">\r\n            <div class=\"learnNavigationWrapper\">\r\n                <div class=\"learnNavigationContent\">\r\n                    <img decoding=\"async\" src=\"https:\/\/talkpal.ai\/wp-content\/uploads\/2025\/11\/Mongolian.png\" alt=\"Mongolian Flag\">\r\n                    <div>\r\n                        <h4>Cleachtadh Gramada\u00ed Mong\u00f3ilis<\/h4>\r\n                        <p>Cleachtadh gramadach na Mong\u00f3ilis.<\/p>\r\n                    <\/div>\r\n                <\/div>\r\n            <\/div>\r\n        <\/a>\r\n\r\n            <\/section>","protected":false},"excerpt":{"rendered":"<p>Nasclean\u00faint a dh\u00e9anamh ar Intricacies Gramadach na Mong\u00f3ile Cuireann an Mhong\u00f3ilis, teanga Mhong\u00f3lach a bhfuil stair shaibhir agus t\u00e1bhacht chult\u00fartha aici, eisp\u00e9ireas spreag\u00fail teangeola\u00edoch ar f\u00e1il d\u00f3ibh si\u00fad ar mian leo ini\u00fachadh a dh\u00e9anamh ar a c\u00f3ras gramada\u00ed uath\u00fail. Agus t\u00fa ag dul isteach i r\u00e9imse na Mong\u00f3ilis, n\u00ed hamh\u00e1in go saibhreoidh t\u00fa do repertoire [&hellip;]<\/p>\n","protected":false},"author":20,"featured_media":0,"parent":0,"menu_order":0,"comment_status":"closed","ping_status":"closed","template":"LearningContentPage.php","meta":{"_acf_changed":false,"footnotes":""},"class_list":["post-1476292","page","type-page","status-publish","hentry"],"acf":[],"yoast_head":"<!-- This site is optimized with the Yoast SEO Premium plugin v27.2 (Yoast SEO v27.2) - https:\/\/yoast.com\/product\/yoast-seo-premium-wordpress\/ -->\n<title>Gramadach na Mong\u00f3ile - Talkpal<\/title>\n<meta name=\"description\" content=\"Faigh m\u00e1istreacht ar rialacha gramada\u00ed na Mong\u00f3ilise, lena n-\u00e1ir\u00edtear comhchuibheas guta\u00ed agus r\u00e9imni\u00fa briathartha, le treoir chuimsitheach foghlama teanga Talkpal AI.\" \/>\n<meta name=\"robots\" content=\"index, follow, max-snippet:-1, max-image-preview:large, max-video-preview:-1\" \/>\n<link rel=\"canonical\" href=\"https:\/\/talkpal.ai\/ga\/gramadach-na-mongoile\/\" \/>\n<meta property=\"og:locale\" content=\"ga_IE\" \/>\n<meta property=\"og:type\" content=\"article\" \/>\n<meta property=\"og:title\" content=\"Gramadach na Mong\u00f3ile\" \/>\n<meta property=\"og:description\" content=\"Nasclean\u00faint a dh\u00e9anamh ar Intricacies Gramadach na Mong\u00f3ile Cuireann an Mhong\u00f3ilis, teanga Mhong\u00f3lach a bhfuil stair shaibhir agus t\u00e1bhacht chult\u00fartha\" \/>\n<meta property=\"og:url\" content=\"https:\/\/talkpal.ai\/ga\/gramadach-na-mongoile\/\" \/>\n<meta property=\"og:site_name\" content=\"Talkpal\" \/>\n<meta property=\"article:publisher\" content=\"https:\/\/www.facebook.com\/profile.php?id=100090733639311\" \/>\n<meta property=\"article:modified_time\" content=\"2025-12-30T13:42:13+00:00\" \/>\n<meta property=\"og:image\" content=\"https:\/\/talkpal.ai\/wp-content\/uploads\/2025\/02\/Progress-tab-16_9.png\" \/>\n\t<meta property=\"og:image:width\" content=\"2880\" \/>\n\t<meta property=\"og:image:height\" content=\"1620\" \/>\n\t<meta property=\"og:image:type\" content=\"image\/png\" \/>\n<meta name=\"twitter:card\" content=\"summary_large_image\" \/>\n<meta name=\"twitter:site\" content=\"@talkpalai\" \/>\n<meta name=\"twitter:label1\" content=\"Est. reading time\" \/>\n\t<meta name=\"twitter:data1\" content=\"4 minutes\" \/>\n<script type=\"application\/ld+json\" class=\"yoast-schema-graph\">{\"@context\":\"https:\/\/schema.org\",\"@graph\":[{\"@type\":\"WebPage\",\"@id\":\"https:\/\/talkpal.ai\/ga\/gramadach-na-mongoile\/\",\"url\":\"https:\/\/talkpal.ai\/ga\/gramadach-na-mongoile\/\",\"name\":\"Gramadach na Mong\u00f3ile - Talkpal\",\"isPartOf\":{\"@id\":\"https:\/\/talkpal.ai\/ga\/#website\"},\"datePublished\":\"2025-11-12T15:57:04+00:00\",\"dateModified\":\"2025-12-30T13:42:13+00:00\",\"description\":\"Faigh m\u00e1istreacht ar rialacha gramada\u00ed na Mong\u00f3ilise, lena n-\u00e1ir\u00edtear comhchuibheas guta\u00ed agus r\u00e9imni\u00fa briathartha, le treoir chuimsitheach foghlama teanga Talkpal AI.\",\"breadcrumb\":{\"@id\":\"https:\/\/talkpal.ai\/ga\/gramadach-na-mongoile\/#breadcrumb\"},\"inLanguage\":\"ga-IE\",\"potentialAction\":[{\"@type\":\"ReadAction\",\"target\":[\"https:\/\/talkpal.ai\/ga\/gramadach-na-mongoile\/\"]}]},{\"@type\":\"BreadcrumbList\",\"@id\":\"https:\/\/talkpal.ai\/ga\/gramadach-na-mongoile\/#breadcrumb\",\"itemListElement\":[{\"@type\":\"ListItem\",\"position\":1,\"name\":\"Homepage\",\"item\":\"https:\/\/talkpal.ai\/ga\/\"},{\"@type\":\"ListItem\",\"position\":2,\"name\":\"Gramadach na Mong\u00f3ile\"}]},{\"@type\":\"WebSite\",\"@id\":\"https:\/\/talkpal.ai\/ga\/#website\",\"url\":\"https:\/\/talkpal.ai\/ga\/\",\"name\":\"Talkpal\",\"description\":\"AI Language Learning\",\"publisher\":{\"@id\":\"https:\/\/talkpal.ai\/ga\/#organization\"},\"alternateName\":\"Talkpal AI\",\"potentialAction\":[{\"@type\":\"SearchAction\",\"target\":{\"@type\":\"EntryPoint\",\"urlTemplate\":\"https:\/\/talkpal.ai\/ga\/?s={search_term_string}\"},\"query-input\":{\"@type\":\"PropertyValueSpecification\",\"valueRequired\":true,\"valueName\":\"search_term_string\"}}],\"inLanguage\":\"ga-IE\"},{\"@type\":\"Organization\",\"@id\":\"https:\/\/talkpal.ai\/ga\/#organization\",\"name\":\"Talkpal, Inc.\",\"alternateName\":\"Talkpal AI\",\"url\":\"https:\/\/talkpal.ai\/ga\/\",\"logo\":{\"@type\":\"ImageObject\",\"inLanguage\":\"ga-IE\",\"@id\":\"https:\/\/talkpal.ai\/ga\/#\/schema\/logo\/image\/\",\"url\":\"https:\/\/talkpal.ai\/wp-content\/uploads\/2024\/03\/Talkpal-Logo-Icon.png\",\"contentUrl\":\"https:\/\/talkpal.ai\/wp-content\/uploads\/2024\/03\/Talkpal-Logo-Icon.png\",\"width\":2880,\"height\":2880,\"caption\":\"Talkpal, Inc.\"},\"image\":{\"@id\":\"https:\/\/talkpal.ai\/ga\/#\/schema\/logo\/image\/\"},\"sameAs\":[\"https:\/\/www.facebook.com\/profile.php?id=100090733639311\",\"https:\/\/x.com\/talkpalai\",\"https:\/\/www.linkedin.com\/company\/talkpal\/\",\"https:\/\/www.youtube.com\/@TalkPal\/\",\"https:\/\/www.tiktok.com\/@talkpal\",\"https:\/\/www.instagram.com\/talkpal_ai\/\",\"https:\/\/www.crunchbase.com\/organization\/talkpal-9cde\",\"https:\/\/www.g2.com\/products\/talkpal-for-business\/\",\"https:\/\/www.trustpilot.com\/review\/talkpal.ai\",\"https:\/\/www.capterra.com\/p\/10006800\/TalkPal\/\"],\"description\":\"Talkpal is a language learning web and mobile education app, powered by the latest AI technologies, that provides engaging experiences to its customers in many different languages to help them improve their language skills. Users can chat about unlimited amount of topics with the app and use other modes to practice their language learning.\",\"email\":\"support@talkpal.ai\",\"legalName\":\"Talkpal, Inc.\",\"foundingDate\":\"2023-04-03\",\"duns\":\"118989042\",\"numberOfEmployees\":{\"@type\":\"QuantitativeValue\",\"minValue\":\"11\",\"maxValue\":\"50\"},\"publishingPrinciples\":\"https:\/\/talkpal.ai\/publishing-principles\/\",\"actionableFeedbackPolicy\":\"https:\/\/talkpal.ai\/actionable-feedback-policy\/\",\"correctionsPolicy\":\"https:\/\/talkpal.ai\/corrections-policy\/\",\"ethicsPolicy\":\"https:\/\/talkpal.ai\/ethics-policy\/\",\"diversityPolicy\":\"https:\/\/talkpal.ai\/diversity-policy\/\",\"diversityStaffingReport\":\"https:\/\/talkpal.ai\/diversity-policy\/\"}]}<\/script>\n<!-- \/ Yoast SEO Premium plugin. -->","yoast_head_json":{"title":"Gramadach na Mong\u00f3ile - Talkpal","description":"Faigh m\u00e1istreacht ar rialacha gramada\u00ed na Mong\u00f3ilise, lena n-\u00e1ir\u00edtear comhchuibheas guta\u00ed agus r\u00e9imni\u00fa briathartha, le treoir chuimsitheach foghlama teanga Talkpal AI.","robots":{"index":"index","follow":"follow","max-snippet":"max-snippet:-1","max-image-preview":"max-image-preview:large","max-video-preview":"max-video-preview:-1"},"canonical":"https:\/\/talkpal.ai\/ga\/gramadach-na-mongoile\/","og_locale":"ga_IE","og_type":"article","og_title":"Gramadach na Mong\u00f3ile","og_description":"Nasclean\u00faint a dh\u00e9anamh ar Intricacies Gramadach na Mong\u00f3ile Cuireann an Mhong\u00f3ilis, teanga Mhong\u00f3lach a bhfuil stair shaibhir agus t\u00e1bhacht chult\u00fartha","og_url":"https:\/\/talkpal.ai\/ga\/gramadach-na-mongoile\/","og_site_name":"Talkpal","article_publisher":"https:\/\/www.facebook.com\/profile.php?id=100090733639311","article_modified_time":"2025-12-30T13:42:13+00:00","og_image":[{"width":2880,"height":1620,"url":"https:\/\/talkpal.ai\/wp-content\/uploads\/2025\/02\/Progress-tab-16_9.png","type":"image\/png"}],"twitter_card":"summary_large_image","twitter_site":"@talkpalai","twitter_misc":{"Est. reading time":"4 minutes"},"schema":{"@context":"https:\/\/schema.org","@graph":[{"@type":"WebPage","@id":"https:\/\/talkpal.ai\/ga\/gramadach-na-mongoile\/","url":"https:\/\/talkpal.ai\/ga\/gramadach-na-mongoile\/","name":"Gramadach na Mong\u00f3ile - Talkpal","isPartOf":{"@id":"https:\/\/talkpal.ai\/ga\/#website"},"datePublished":"2025-11-12T15:57:04+00:00","dateModified":"2025-12-30T13:42:13+00:00","description":"Faigh m\u00e1istreacht ar rialacha gramada\u00ed na Mong\u00f3ilise, lena n-\u00e1ir\u00edtear comhchuibheas guta\u00ed agus r\u00e9imni\u00fa briathartha, le treoir chuimsitheach foghlama teanga Talkpal AI.","breadcrumb":{"@id":"https:\/\/talkpal.ai\/ga\/gramadach-na-mongoile\/#breadcrumb"},"inLanguage":"ga-IE","potentialAction":[{"@type":"ReadAction","target":["https:\/\/talkpal.ai\/ga\/gramadach-na-mongoile\/"]}]},{"@type":"BreadcrumbList","@id":"https:\/\/talkpal.ai\/ga\/gramadach-na-mongoile\/#breadcrumb","itemListElement":[{"@type":"ListItem","position":1,"name":"Homepage","item":"https:\/\/talkpal.ai\/ga\/"},{"@type":"ListItem","position":2,"name":"Gramadach na Mong\u00f3ile"}]},{"@type":"WebSite","@id":"https:\/\/talkpal.ai\/ga\/#website","url":"https:\/\/talkpal.ai\/ga\/","name":"Talkpal","description":"AI Language Learning","publisher":{"@id":"https:\/\/talkpal.ai\/ga\/#organization"},"alternateName":"Talkpal AI","potentialAction":[{"@type":"SearchAction","target":{"@type":"EntryPoint","urlTemplate":"https:\/\/talkpal.ai\/ga\/?s={search_term_string}"},"query-input":{"@type":"PropertyValueSpecification","valueRequired":true,"valueName":"search_term_string"}}],"inLanguage":"ga-IE"},{"@type":"Organization","@id":"https:\/\/talkpal.ai\/ga\/#organization","name":"Talkpal, Inc.","alternateName":"Talkpal AI","url":"https:\/\/talkpal.ai\/ga\/","logo":{"@type":"ImageObject","inLanguage":"ga-IE","@id":"https:\/\/talkpal.ai\/ga\/#\/schema\/logo\/image\/","url":"https:\/\/talkpal.ai\/wp-content\/uploads\/2024\/03\/Talkpal-Logo-Icon.png","contentUrl":"https:\/\/talkpal.ai\/wp-content\/uploads\/2024\/03\/Talkpal-Logo-Icon.png","width":2880,"height":2880,"caption":"Talkpal, Inc."},"image":{"@id":"https:\/\/talkpal.ai\/ga\/#\/schema\/logo\/image\/"},"sameAs":["https:\/\/www.facebook.com\/profile.php?id=100090733639311","https:\/\/x.com\/talkpalai","https:\/\/www.linkedin.com\/company\/talkpal\/","https:\/\/www.youtube.com\/@TalkPal\/","https:\/\/www.tiktok.com\/@talkpal","https:\/\/www.instagram.com\/talkpal_ai\/","https:\/\/www.crunchbase.com\/organization\/talkpal-9cde","https:\/\/www.g2.com\/products\/talkpal-for-business\/","https:\/\/www.trustpilot.com\/review\/talkpal.ai","https:\/\/www.capterra.com\/p\/10006800\/TalkPal\/"],"description":"Talkpal is a language learning web and mobile education app, powered by the latest AI technologies, that provides engaging experiences to its customers in many different languages to help them improve their language skills. Users can chat about unlimited amount of topics with the app and use other modes to practice their language learning.","email":"support@talkpal.ai","legalName":"Talkpal, Inc.","foundingDate":"2023-04-03","duns":"118989042","numberOfEmployees":{"@type":"QuantitativeValue","minValue":"11","maxValue":"50"},"publishingPrinciples":"https:\/\/talkpal.ai\/publishing-principles\/","actionableFeedbackPolicy":"https:\/\/talkpal.ai\/actionable-feedback-policy\/","correctionsPolicy":"https:\/\/talkpal.ai\/corrections-policy\/","ethicsPolicy":"https:\/\/talkpal.ai\/ethics-policy\/","diversityPolicy":"https:\/\/talkpal.ai\/diversity-policy\/","diversityStaffingReport":"https:\/\/talkpal.ai\/diversity-policy\/"}]}},"_links":{"self":[{"href":"https:\/\/talkpal.ai\/ga\/wp-json\/wp\/v2\/pages\/1476292","targetHints":{"allow":["GET"]}}],"collection":[{"href":"https:\/\/talkpal.ai\/ga\/wp-json\/wp\/v2\/pages"}],"about":[{"href":"https:\/\/talkpal.ai\/ga\/wp-json\/wp\/v2\/types\/page"}],"author":[{"embeddable":true,"href":"https:\/\/talkpal.ai\/ga\/wp-json\/wp\/v2\/users\/20"}],"replies":[{"embeddable":true,"href":"https:\/\/talkpal.ai\/ga\/wp-json\/wp\/v2\/comments?post=1476292"}],"version-history":[{"count":0,"href":"https:\/\/talkpal.ai\/ga\/wp-json\/wp\/v2\/pages\/1476292\/revisions"}],"wp:attachment":[{"href":"https:\/\/talkpal.ai\/ga\/wp-json\/wp\/v2\/media?parent=1476292"}],"curies":[{"name":"wp","href":"https:\/\/api.w.org\/{rel}","templated":true}]}}