{"id":1476283,"date":"2025-11-12T15:57:33","date_gmt":"2025-11-12T15:57:33","guid":{"rendered":"https:\/\/talkpal.ai\/cleachtai-gramadai-mongoilis\/"},"modified":"2025-12-30T12:40:59","modified_gmt":"2025-12-30T12:40:59","slug":"cleachtai-gramadai-mongoilis","status":"publish","type":"page","link":"https:\/\/talkpal.ai\/ga\/cleachtai-gramadai-mongoilis\/","title":{"rendered":"Cleachta\u00ed Gramada\u00ed Mong\u00f3ilis"},"content":{"rendered":"\r\n\r\n\r\n<section class=\"languageChallengeSection\">\r\n    <div class=\"languageInfoWrapper\">\r\n        \r\n        <h1>Cleachta\u00ed Gramada\u00ed Mong\u00f3ilis<\/h1>\r\n        <p>R\u00e9idh le tumadh isteach i ngramadach na Mong\u00f3ile? Cabhr\u00f3idh cleachtadh c\u00fapla bun\u00fasach leat a bheith compordach leis an teanga uath\u00fail agus \u00e1lainn seo. Bain triail as na cleachta\u00ed seo chun do mhuin\u00edn a th\u00f3g\u00e1il agus spraoi a bheith agat ar an mbealach!<\/p>\r\n\r\n                            <a class=\"getStartedHidden\" href=\"https:\/\/app.talkpal.ai\/signup?lng=\">Tosaigh<\/a>\r\n        \r\n    <\/div>\r\n\r\n    <figure>\r\n    <img decoding=\"async\" width=\"768\" height=\"768\" src=\"https:\/\/talkpal.ai\/wp-content\/uploads\/2023\/06\/welsh-768x768.png\" class=\"languageImage no-lazy\" alt=\"Language learning for better cognitive abilities\" fetchpriority=\"high\" sizes=\"(max-width: 768px) 150px, 768px\" srcset=\"https:\/\/talkpal.ai\/wp-content\/uploads\/2023\/06\/welsh-768x768.png 768w, https:\/\/talkpal.ai\/wp-content\/uploads\/2023\/06\/welsh-300x300.png 300w\" \/>\r\n    \r\n\r\n    <\/figure>\r\n\r\n            <a class=\"getStartedVisible\" href=\"https:\/\/app.talkpal.ai\/signup?lng=\">Tosaigh<\/a>\r\n    \r\n<\/section><section class=\"promotionalBanner\">\r\n    <p class=\"promotionalText\">An bealach is \u00e9ifeachta\u00ed le teanga a fhoghlaim<\/p>\r\n    <a class=\"promotionalLink\" href=\"https:\/\/app.talkpal.ai\/signup?lng=\">Bain triail as Talkpal saor in aisce<\/a>\r\n<\/section>\n<div class=\"wp-block-group pageContainerStyle\"><div class=\"wp-block-group__inner-container is-layout-constrained wp-block-group-is-layout-constrained\">\n<h2 class=\"wp-block-heading\" id=\"h-mongolian-grammar-topics\">Topaic\u00ed Gramada\u00ed na Mong\u00f3ile<\/h2>\n\n\n\n<p><a href=\"https:\/\/talkpal.ai\/ga\/na-botuin-is-mo-le-seachaint-agus-teanga-nua-a-fhoghlaim-agat\/\">Is f\u00e9idir le teanga nua a fhoghlaim<\/a> a bheith ina iarracht dh\u00fashl\u00e1nach ach luachmhar. N\u00ed haon eisceacht \u00ed an Mhong\u00f3ilis, teanga Mhong\u00f3lach a labhra\u00edtear go pr\u00edomha sa Mhong\u00f3il agus i dtuaisceart na S\u00edne. Lena ghn\u00e9ithe agus strucht\u00fair uath\u00fala cos\u00fail le comhchuibheas guta, moirfeola\u00edocht agglutiative, marc\u00e1il ch\u00e1is saibhir, agus postpositions, \u00e9il\u00edonn <a href=\"https:\/\/talkpal.ai\/ga\/talkpal-don-oideachas\/\">foghlaim<\/a> na Mong\u00f3ilis cur chuige c\u00f3rasach chun a <a href=\"https:\/\/talkpal.ai\/grammar\/\">gramadach<\/a> a thuiscint. Tugtar breac-chuntas sa treoir seo ar na pr\u00edomhr\u00e9ims\u00ed de <a href=\"https:\/\/talkpal.ai\/ga\/gramadach-na-mongoile\/\">ghramadach na Mong\u00f3ile<\/a> i seicheamh loighci\u00fail <a href=\"https:\/\/talkpal.ai\/ga\/talkpal-don-oideachas\/\">d&#8217;fhoghlaim teanga<\/a>, ag tos\u00fa \u00f3 na bunghn\u00e9ithe ar n\u00f3s ainmfhocail agus ailt, agus ag dul ar aghaidh go r\u00e9ims\u00ed n\u00edos casta cos\u00fail le aimsir agus t\u00f3g\u00e1il abairt\u00ed.<\/p>\n\n\n\n<h3 class=\"wp-block-heading\" id=\"h-1-nouns\">1. Ainmfhocail:<\/h3>\n\n\n\n<p>Cuir t\u00fas le do thuras teanga Mong\u00f3ilis tr\u00ed na hainmfhocail a fhoghlaim. \u00c1ir\u00edtear leis seo tuiscint a fh\u00e1il ar na catag\u00f3ir\u00ed \u00e9ags\u00fala ainmfhocail, mar shampla ainmfhocail choitianta agus d\u00edlse chomh maith lena bhfoirmeacha iolra. Tiocfaidh t\u00fa ar chr\u00edochnuithe c\u00e1is freisin a mharcann r\u00f3il ghramada\u00ed cos\u00fail le h\u00e1bhar, rud, su\u00edomh, agus treo.<\/p>\n\n\n\n<h3 class=\"wp-block-heading\" id=\"h-2-articles\">2. Airteagail:<\/h3>\n\n\n\n<p>N\u00ed \u00fas\u00e1idtear ailt sa Mhong\u00f3ilis mar at\u00e1 siad i <a href=\"https:\/\/talkpal.ai\/ai-english-speaking-practice\/\">mB\u00e9arla<\/a>. N\u00edl ailt chinnte n\u00f3 \u00e9iginnte ag an Mong\u00f3ilis. Ina \u00e1it sin, cuirtear cinnteacht in i\u00fal tr\u00ed chomhth\u00e9acs, ord focal, l\u00e9irithe mar seo agus sin, agus uaireanta tr\u00ed ch\u00e1smharc\u00e1il mar an c\u00faisitheoir do ruda\u00ed d\u00edreacha cinnte.<\/p>\n\n\n\n<h3 class=\"wp-block-heading\" id=\"h-3-adjectives\">3. Aidiachta\u00ed:<\/h3>\n\n\n\n<p>Is gn\u00e1ch go mb\u00edonn aidiachta\u00ed sa Mhong\u00f3ilis roimh a n-ainmfhocail, rud at\u00e1 difri\u00fail \u00f3n mB\u00e9arla do roinnt foghlaimeoir\u00ed. N\u00ed aonta\u00edonn siad \u00f3 thaobh inscne n\u00e1 uimhir. Beidh ort foghlaim freisin conas compar\u00e1id\u00ed agus superlatives a fhoirmi\u00fa, go minic le focail cos\u00fail le n\u00edos m\u00f3 agus an chuid is m\u00f3 n\u00f3 le t\u00f3g\u00e1lacha compar\u00e1ideacha ag baint \u00fas\u00e1ide as than.<\/p>\n\n\n\n<h3 class=\"wp-block-heading\" id=\"h-4-pronouns-determiners\">4. Forainmneacha \/ Cinntitheoir\u00ed:<\/h3>\n\n\n\n<p>T\u00e1 forainmneacha agus determiners riachtanach sa Mhong\u00f3ilis; Cuirtear siad in ionad ainmfhocail agus sol\u00e1thra\u00edonn siad faisn\u00e9is faoi chainn\u00edocht, seilbh, agus go leor eile. Taispe\u00e1ntar seilbh go coitianta le foirmeacha ginideacha agus forainmneacha sealbhacha, agus is f\u00e9idir forainmneacha \u00e1bhair a scaoileadh nuair a thuigtear iad \u00f3n gcomhth\u00e9acs. Is pr\u00edomhchinnteoir\u00ed iad l\u00e9iritheoir\u00ed mar seo agus sin, uimhreacha, agus cainn\u00edocht\u00f3ir\u00ed.<\/p>\n\n\n\n<h3 class=\"wp-block-heading\" id=\"h-5-verbs\">5. Briathra:<\/h3>\n\n\n\n<p>T\u00e1 foirmeacha difri\u00fala ag briathra Mong\u00f3ilis ag brath ar aimsir, gn\u00e9, agus gi\u00famar, agus is minic a th\u00f3gtar iad le hiarmh\u00edreanna agus c\u00fant\u00f3ir\u00ed. T\u00e1 comhaont\u00fa an duine teoranta, agus is minic a fh\u00e1gtar \u00e1bhair ar l\u00e1r m\u00e1 t\u00e1 siad soil\u00e9ir. Tosaigh leis na foirmeacha bun\u00fasacha neamh-staire agus roimhe seo, ansin d\u00e9an ini\u00fachadh ar \u00fas\u00e1id\u00ed gn\u00e1th, todhcha\u00ed-intinne agus modal.<\/p>\n\n\n\n<h3 class=\"wp-block-heading\" id=\"h-6-tenses\">6. Aimsir:<\/h3>\n\n\n\n<p>Tar \u00e9is duit m\u00e1istreacht a dh\u00e9anamh ar na gais briathartha agus ar na foirmeacha bun\u00fasacha, d\u00e9an dul n\u00edos doimhne ar aimsir agus ar ghn\u00e9 na Mong\u00f3ile. \u00c1ir\u00edtear leis seo tuiscint a fh\u00e1il ar na difr\u00edochta\u00ed idir gn\u00e1th-l\u00e9amha san am i l\u00e1thair, san am i l\u00e1thair for\u00e1sach, san am at\u00e1 thart san am at\u00e1 caite, agus l\u00e9amha neamh-staire n\u00f3 sa todhcha\u00ed, agus conas a \u00fas\u00e1idtear iad i gcomhth\u00e9acsanna \u00e9ags\u00fala.<\/p>\n\n\n\n<h3 class=\"wp-block-heading\" id=\"h-7-tense-comparison\">7. Compar\u00e1id aimsire:<\/h3>\n\n\n\n<p>Cuid\u00edonn compar\u00e1id idir aimsir sa Mhong\u00f3ilis le seicheamh agus nuance na ngn\u00edomhartha a thuiscint. M\u00e1 dh\u00e9antar compar\u00e1id idir an briathar c\u00e9anna i bhfoirmeacha gn\u00e1th, for\u00e1sacha, san am at\u00e1 thart agus san am at\u00e1 caite, tabharfar tuiscint n\u00edos fearr ar dhifr\u00edochta\u00ed br\u00ed agus ar \u00fas\u00e1id.<\/p>\n\n\n\n<h3 class=\"wp-block-heading\" id=\"h-8-progressive\">8. For\u00e1sach:<\/h3>\n\n\n\n<p>\u00das\u00e1idtear an for\u00e1sach sa Mhong\u00f3ilis chun gn\u00edomhartha lean\u00fanacha a <a href=\"https:\/\/talkpal.ai\/locations\/language-courses-in-chur\/\">chur<\/a> in i\u00fal. T\u00e1 s\u00e9 d\u00e9anta tr\u00ed \u00fas\u00e1id a bhaint as an gas briathar leis an iarmh\u00edr converb agus an c\u00fanta a bheith, a chuirtear in i\u00fal go coitianta le foirm at\u00e1 coibh\u00e9iseach le bheith ag d\u00e9anamh.<\/p>\n\n\n\n<h3 class=\"wp-block-heading\" id=\"h-9-perfect-progressive\">9. For\u00e1sach Foirfe:<\/h3>\n\n\n\n<p>\u00das\u00e1idtear an bhr\u00ed seo chun gn\u00edomhartha a bh\u00ed ar si\u00fal suas go dt\u00ed pointe \u00e1irithe a chur in i\u00fal. Sa Mhong\u00f3ilis, cuirtear in i\u00fal \u00e9 le converb m\u00f3ide c\u00fant\u00f3ir\u00ed mar a th\u00e1inig n\u00f3 a bh\u00ed, a chuireann lean\u00faint ar aghaidh go dt\u00ed seo n\u00f3 suas go dt\u00ed pointe tagartha roimhe seo.<\/p>\n\n\n\n<h3 class=\"wp-block-heading\" id=\"h-10-conditionals\">10. Coinn\u00edollacha:<\/h3>\n\n\n\n<p>L\u00e9ir\u00edonn coinn\u00edollacha c\u00e1sanna hipit\u00e9iseacha agus a dtortha\u00ed f\u00e9ideartha. Is cuid th\u00e1bhachtach de ghramadach na Mong\u00f3ile iad agus is gn\u00e1ch go mb\u00edonn iarmh\u00edreanna coinn\u00edollach comhionann le if, chomh maith le t\u00f3g\u00e1lacha a l\u00e9ir\u00edonn staideanna r\u00e9adacha, f\u00e9ideartha n\u00f3 frithfh\u00edorasacha.<\/p>\n\n\n\n<h3 class=\"wp-block-heading\" id=\"h-11-adverbs\">11. Adverbs:<\/h3>\n\n\n\n<p>Modhna\u00edonn adverbs sa Mhong\u00f3ilis briathra, aidiachta\u00ed, n\u00f3 adverbs eile. Sol\u00e1thra\u00edonn siad faisn\u00e9is faoi bhealach, \u00e1it, am, c\u00e9im, agus go leor eile. D\u00edortha\u00edtear go leor adverbs \u00f3 aidiachta\u00ed le hiarmh\u00edreanna adverbial, agus t\u00e1 go leor adverbials coitianta ann <a href=\"https:\/\/talkpal.ai\/ga\/maidir\/\">maidir<\/a> le ham agus minic\u00edocht.<\/p>\n\n\n\n<h3 class=\"wp-block-heading\" id=\"h-12-prepositions\">12. Prepositions:<\/h3>\n\n\n\n<p>D\u00e9antar r\u00e9amhfhocail sa Mhong\u00f3ilis a bhaint amach go pr\u00edomha mar phoist agus mar chr\u00edochnuithe c\u00e1sanna. Nascann siad focail agus fr\u00e1sa\u00ed le ch\u00e9ile agus l\u00e9ir\u00edonn siad caidrimh <a href=\"https:\/\/talkpal.ai\/locations\/language-courses-in-ama\/\">ama<\/a>, \u00e1ite, treo, cusp\u00f3ir, c\u00faise, agus go leor eile. T\u00e1 s\u00e9 r\u00edth\u00e1bhachtach poist choitianta agus feidhmeanna an ch\u00f3rais ch\u00e1is a fhoghlaim.<\/p>\n\n\n\n<h3 class=\"wp-block-heading\" id=\"h-13-sentences\">13. Abairt\u00ed:<\/h3>\n\n\n\n<p>Ar deireadh, d\u00e9an cleachtadh ar abairt\u00ed a th\u00f3g\u00e1il. De ghn\u00e1th leanann an Mhong\u00f3ilis ord focal briathar r\u00e9ad \u00e1bhair, \u00fas\u00e1ideann aibhsi\u00fa topaic le c\u00e1ithn\u00edn\u00ed, agus foirm\u00edonn s\u00e9 ceisteanna le c\u00e1ithn\u00edn\u00ed ceisti\u00fach\u00e1in agus intonation. Is \u00e9ard a bheidh i gceist leis seo n\u00e1 na point\u00ed gramada\u00ed go l\u00e9ir a foghlaim\u00edodh roimhe seo a \u00fas\u00e1id i gcomhth\u00e9acs, rud a chinnteoidh tuiscint chuimsitheach ar an teanga Mhong\u00f3ilis.<\/p>\n<\/div><\/div>\n\r\n<section class=\"learnNavigationSection\">\r\n            \r\n        <a href=\"https:\/\/talkpal.ai\/ga\/foghlaim-mongoilis\/\">\r\n            <div class=\"learnNavigationWrapper\">\r\n                <div class=\"learnNavigationContent\">\r\n                    <img decoding=\"async\" src=\"https:\/\/talkpal.ai\/wp-content\/uploads\/2025\/11\/Mongolian.png\" alt=\"Mongolian Flag\">\r\n                    <div>\r\n                        <h4>Maidir le Foghlaim Mong\u00f3ilis<\/h4>\r\n                        <p>Faigh amach gach rud faoi Ghramadach na Mong\u00f3ile.<\/p>\r\n                    <\/div>\r\n                <\/div>\r\n            <\/div>\r\n        <\/a>\r\n\r\n        \r\n        <a href=\"https:\/\/talkpal.ai\/ga\/gramadach-na-mongoile\/\">\r\n            <div class=\"learnNavigationWrapper\">\r\n                <div class=\"learnNavigationContent\">\r\n                    <img decoding=\"async\" src=\"https:\/\/talkpal.ai\/wp-content\/uploads\/2025\/11\/Mongolian.png\" alt=\"Mongolian Flag\">\r\n                    <div>\r\n                        <h4>Ceachtanna Gramada\u00ed Mong\u00f3ilis<\/h4>\r\n                        <p>Cleachtadh gramadach na Mong\u00f3ilis.<\/p>\r\n                    <\/div>\r\n                <\/div>\r\n            <\/div>\r\n        <\/a>\r\n\r\n            <\/section>","protected":false},"excerpt":{"rendered":"<p>Topaic\u00ed Gramada\u00ed na Mong\u00f3ile Is f\u00e9idir le teanga nua a fhoghlaim a bheith ina iarracht dh\u00fashl\u00e1nach ach luachmhar. N\u00ed haon eisceacht \u00ed an Mhong\u00f3ilis, teanga Mhong\u00f3lach a labhra\u00edtear go pr\u00edomha sa Mhong\u00f3il agus i dtuaisceart na S\u00edne. Lena ghn\u00e9ithe agus strucht\u00fair uath\u00fala cos\u00fail le comhchuibheas guta, moirfeola\u00edocht agglutiative, marc\u00e1il ch\u00e1is saibhir, agus postpositions, \u00e9il\u00edonn foghlaim [&hellip;]<\/p>\n","protected":false},"author":20,"featured_media":0,"parent":0,"menu_order":0,"comment_status":"closed","ping_status":"closed","template":"LearningContentPage.php","meta":{"_acf_changed":false,"footnotes":""},"class_list":["post-1476283","page","type-page","status-publish","hentry"],"acf":[],"yoast_head":"<!-- This site is optimized with the Yoast SEO Premium plugin v27.2 (Yoast SEO v27.2) - https:\/\/yoast.com\/product\/yoast-seo-premium-wordpress\/ -->\n<title>Cleachta\u00ed Gramada\u00ed Mong\u00f3ilis - Talkpal<\/title>\n<meta name=\"description\" content=\"Faigh m\u00e1istreacht ar ghramadach na Mong\u00f3ilise le cleachta\u00ed idirghn\u00edomhacha agus ceachtanna faoi thiom\u00e1int na hintleachta saorga at\u00e1 deartha chun do l\u00edofacht agus do thuiscint teanga a fheabhs\u00fa.\" \/>\n<meta name=\"robots\" content=\"index, follow, max-snippet:-1, max-image-preview:large, max-video-preview:-1\" \/>\n<link rel=\"canonical\" href=\"https:\/\/talkpal.ai\/ga\/cleachtai-gramadai-mongoilis\/\" \/>\n<meta property=\"og:locale\" content=\"ga_IE\" \/>\n<meta property=\"og:type\" content=\"article\" \/>\n<meta property=\"og:title\" content=\"Cleachta\u00ed Gramada\u00ed Mong\u00f3ilis\" \/>\n<meta property=\"og:description\" content=\"Topaic\u00ed Gramada\u00ed na Mong\u00f3ile Is f\u00e9idir le teanga nua a fhoghlaim a bheith ina iarracht dh\u00fashl\u00e1nach ach luachmhar. N\u00ed haon eisceacht \u00ed an Mhong\u00f3ilis,\" \/>\n<meta property=\"og:url\" content=\"https:\/\/talkpal.ai\/ga\/cleachtai-gramadai-mongoilis\/\" \/>\n<meta property=\"og:site_name\" content=\"Talkpal\" \/>\n<meta property=\"article:publisher\" content=\"https:\/\/www.facebook.com\/profile.php?id=100090733639311\" \/>\n<meta property=\"article:modified_time\" content=\"2025-12-30T12:40:59+00:00\" \/>\n<meta property=\"og:image\" content=\"https:\/\/talkpal.ai\/wp-content\/uploads\/2025\/02\/Progress-tab-16_9.png\" \/>\n\t<meta property=\"og:image:width\" content=\"2880\" \/>\n\t<meta property=\"og:image:height\" content=\"1620\" \/>\n\t<meta property=\"og:image:type\" content=\"image\/png\" \/>\n<meta name=\"twitter:card\" content=\"summary_large_image\" \/>\n<meta name=\"twitter:site\" content=\"@talkpalai\" \/>\n<meta name=\"twitter:label1\" content=\"Est. reading time\" \/>\n\t<meta name=\"twitter:data1\" content=\"5 minutes\" \/>\n<script type=\"application\/ld+json\" class=\"yoast-schema-graph\">{\"@context\":\"https:\/\/schema.org\",\"@graph\":[{\"@type\":\"WebPage\",\"@id\":\"https:\/\/talkpal.ai\/ga\/cleachtai-gramadai-mongoilis\/\",\"url\":\"https:\/\/talkpal.ai\/ga\/cleachtai-gramadai-mongoilis\/\",\"name\":\"Cleachta\u00ed Gramada\u00ed Mong\u00f3ilis - Talkpal\",\"isPartOf\":{\"@id\":\"https:\/\/talkpal.ai\/ga\/#website\"},\"datePublished\":\"2025-11-12T15:57:33+00:00\",\"dateModified\":\"2025-12-30T12:40:59+00:00\",\"description\":\"Faigh m\u00e1istreacht ar ghramadach na Mong\u00f3ilise le cleachta\u00ed idirghn\u00edomhacha agus ceachtanna faoi thiom\u00e1int na hintleachta saorga at\u00e1 deartha chun do l\u00edofacht agus do thuiscint teanga a fheabhs\u00fa.\",\"breadcrumb\":{\"@id\":\"https:\/\/talkpal.ai\/ga\/cleachtai-gramadai-mongoilis\/#breadcrumb\"},\"inLanguage\":\"ga-IE\",\"potentialAction\":[{\"@type\":\"ReadAction\",\"target\":[\"https:\/\/talkpal.ai\/ga\/cleachtai-gramadai-mongoilis\/\"]}]},{\"@type\":\"BreadcrumbList\",\"@id\":\"https:\/\/talkpal.ai\/ga\/cleachtai-gramadai-mongoilis\/#breadcrumb\",\"itemListElement\":[{\"@type\":\"ListItem\",\"position\":1,\"name\":\"Homepage\",\"item\":\"https:\/\/talkpal.ai\/ga\/\"},{\"@type\":\"ListItem\",\"position\":2,\"name\":\"Cleachta\u00ed Gramada\u00ed Mong\u00f3ilis\"}]},{\"@type\":\"WebSite\",\"@id\":\"https:\/\/talkpal.ai\/ga\/#website\",\"url\":\"https:\/\/talkpal.ai\/ga\/\",\"name\":\"Talkpal\",\"description\":\"AI Language Learning\",\"publisher\":{\"@id\":\"https:\/\/talkpal.ai\/ga\/#organization\"},\"alternateName\":\"Talkpal AI\",\"potentialAction\":[{\"@type\":\"SearchAction\",\"target\":{\"@type\":\"EntryPoint\",\"urlTemplate\":\"https:\/\/talkpal.ai\/ga\/?s={search_term_string}\"},\"query-input\":{\"@type\":\"PropertyValueSpecification\",\"valueRequired\":true,\"valueName\":\"search_term_string\"}}],\"inLanguage\":\"ga-IE\"},{\"@type\":\"Organization\",\"@id\":\"https:\/\/talkpal.ai\/ga\/#organization\",\"name\":\"Talkpal, Inc.\",\"alternateName\":\"Talkpal AI\",\"url\":\"https:\/\/talkpal.ai\/ga\/\",\"logo\":{\"@type\":\"ImageObject\",\"inLanguage\":\"ga-IE\",\"@id\":\"https:\/\/talkpal.ai\/ga\/#\/schema\/logo\/image\/\",\"url\":\"https:\/\/talkpal.ai\/wp-content\/uploads\/2024\/03\/Talkpal-Logo-Icon.png\",\"contentUrl\":\"https:\/\/talkpal.ai\/wp-content\/uploads\/2024\/03\/Talkpal-Logo-Icon.png\",\"width\":2880,\"height\":2880,\"caption\":\"Talkpal, Inc.\"},\"image\":{\"@id\":\"https:\/\/talkpal.ai\/ga\/#\/schema\/logo\/image\/\"},\"sameAs\":[\"https:\/\/www.facebook.com\/profile.php?id=100090733639311\",\"https:\/\/x.com\/talkpalai\",\"https:\/\/www.linkedin.com\/company\/talkpal\/\",\"https:\/\/www.youtube.com\/@TalkPal\/\",\"https:\/\/www.tiktok.com\/@talkpal\",\"https:\/\/www.instagram.com\/talkpal_ai\/\",\"https:\/\/www.crunchbase.com\/organization\/talkpal-9cde\",\"https:\/\/www.g2.com\/products\/talkpal-for-business\/\",\"https:\/\/www.trustpilot.com\/review\/talkpal.ai\",\"https:\/\/www.capterra.com\/p\/10006800\/TalkPal\/\"],\"description\":\"Talkpal is a language learning web and mobile education app, powered by the latest AI technologies, that provides engaging experiences to its customers in many different languages to help them improve their language skills. Users can chat about unlimited amount of topics with the app and use other modes to practice their language learning.\",\"email\":\"support@talkpal.ai\",\"legalName\":\"Talkpal, Inc.\",\"foundingDate\":\"2023-04-03\",\"duns\":\"118989042\",\"numberOfEmployees\":{\"@type\":\"QuantitativeValue\",\"minValue\":\"11\",\"maxValue\":\"50\"},\"publishingPrinciples\":\"https:\/\/talkpal.ai\/publishing-principles\/\",\"actionableFeedbackPolicy\":\"https:\/\/talkpal.ai\/actionable-feedback-policy\/\",\"correctionsPolicy\":\"https:\/\/talkpal.ai\/corrections-policy\/\",\"ethicsPolicy\":\"https:\/\/talkpal.ai\/ethics-policy\/\",\"diversityPolicy\":\"https:\/\/talkpal.ai\/diversity-policy\/\",\"diversityStaffingReport\":\"https:\/\/talkpal.ai\/diversity-policy\/\"}]}<\/script>\n<!-- \/ Yoast SEO Premium plugin. -->","yoast_head_json":{"title":"Cleachta\u00ed Gramada\u00ed Mong\u00f3ilis - Talkpal","description":"Faigh m\u00e1istreacht ar ghramadach na Mong\u00f3ilise le cleachta\u00ed idirghn\u00edomhacha agus ceachtanna faoi thiom\u00e1int na hintleachta saorga at\u00e1 deartha chun do l\u00edofacht agus do thuiscint teanga a fheabhs\u00fa.","robots":{"index":"index","follow":"follow","max-snippet":"max-snippet:-1","max-image-preview":"max-image-preview:large","max-video-preview":"max-video-preview:-1"},"canonical":"https:\/\/talkpal.ai\/ga\/cleachtai-gramadai-mongoilis\/","og_locale":"ga_IE","og_type":"article","og_title":"Cleachta\u00ed Gramada\u00ed Mong\u00f3ilis","og_description":"Topaic\u00ed Gramada\u00ed na Mong\u00f3ile Is f\u00e9idir le teanga nua a fhoghlaim a bheith ina iarracht dh\u00fashl\u00e1nach ach luachmhar. N\u00ed haon eisceacht \u00ed an Mhong\u00f3ilis,","og_url":"https:\/\/talkpal.ai\/ga\/cleachtai-gramadai-mongoilis\/","og_site_name":"Talkpal","article_publisher":"https:\/\/www.facebook.com\/profile.php?id=100090733639311","article_modified_time":"2025-12-30T12:40:59+00:00","og_image":[{"width":2880,"height":1620,"url":"https:\/\/talkpal.ai\/wp-content\/uploads\/2025\/02\/Progress-tab-16_9.png","type":"image\/png"}],"twitter_card":"summary_large_image","twitter_site":"@talkpalai","twitter_misc":{"Est. reading time":"5 minutes"},"schema":{"@context":"https:\/\/schema.org","@graph":[{"@type":"WebPage","@id":"https:\/\/talkpal.ai\/ga\/cleachtai-gramadai-mongoilis\/","url":"https:\/\/talkpal.ai\/ga\/cleachtai-gramadai-mongoilis\/","name":"Cleachta\u00ed Gramada\u00ed Mong\u00f3ilis - Talkpal","isPartOf":{"@id":"https:\/\/talkpal.ai\/ga\/#website"},"datePublished":"2025-11-12T15:57:33+00:00","dateModified":"2025-12-30T12:40:59+00:00","description":"Faigh m\u00e1istreacht ar ghramadach na Mong\u00f3ilise le cleachta\u00ed idirghn\u00edomhacha agus ceachtanna faoi thiom\u00e1int na hintleachta saorga at\u00e1 deartha chun do l\u00edofacht agus do thuiscint teanga a fheabhs\u00fa.","breadcrumb":{"@id":"https:\/\/talkpal.ai\/ga\/cleachtai-gramadai-mongoilis\/#breadcrumb"},"inLanguage":"ga-IE","potentialAction":[{"@type":"ReadAction","target":["https:\/\/talkpal.ai\/ga\/cleachtai-gramadai-mongoilis\/"]}]},{"@type":"BreadcrumbList","@id":"https:\/\/talkpal.ai\/ga\/cleachtai-gramadai-mongoilis\/#breadcrumb","itemListElement":[{"@type":"ListItem","position":1,"name":"Homepage","item":"https:\/\/talkpal.ai\/ga\/"},{"@type":"ListItem","position":2,"name":"Cleachta\u00ed Gramada\u00ed Mong\u00f3ilis"}]},{"@type":"WebSite","@id":"https:\/\/talkpal.ai\/ga\/#website","url":"https:\/\/talkpal.ai\/ga\/","name":"Talkpal","description":"AI Language Learning","publisher":{"@id":"https:\/\/talkpal.ai\/ga\/#organization"},"alternateName":"Talkpal AI","potentialAction":[{"@type":"SearchAction","target":{"@type":"EntryPoint","urlTemplate":"https:\/\/talkpal.ai\/ga\/?s={search_term_string}"},"query-input":{"@type":"PropertyValueSpecification","valueRequired":true,"valueName":"search_term_string"}}],"inLanguage":"ga-IE"},{"@type":"Organization","@id":"https:\/\/talkpal.ai\/ga\/#organization","name":"Talkpal, Inc.","alternateName":"Talkpal AI","url":"https:\/\/talkpal.ai\/ga\/","logo":{"@type":"ImageObject","inLanguage":"ga-IE","@id":"https:\/\/talkpal.ai\/ga\/#\/schema\/logo\/image\/","url":"https:\/\/talkpal.ai\/wp-content\/uploads\/2024\/03\/Talkpal-Logo-Icon.png","contentUrl":"https:\/\/talkpal.ai\/wp-content\/uploads\/2024\/03\/Talkpal-Logo-Icon.png","width":2880,"height":2880,"caption":"Talkpal, Inc."},"image":{"@id":"https:\/\/talkpal.ai\/ga\/#\/schema\/logo\/image\/"},"sameAs":["https:\/\/www.facebook.com\/profile.php?id=100090733639311","https:\/\/x.com\/talkpalai","https:\/\/www.linkedin.com\/company\/talkpal\/","https:\/\/www.youtube.com\/@TalkPal\/","https:\/\/www.tiktok.com\/@talkpal","https:\/\/www.instagram.com\/talkpal_ai\/","https:\/\/www.crunchbase.com\/organization\/talkpal-9cde","https:\/\/www.g2.com\/products\/talkpal-for-business\/","https:\/\/www.trustpilot.com\/review\/talkpal.ai","https:\/\/www.capterra.com\/p\/10006800\/TalkPal\/"],"description":"Talkpal is a language learning web and mobile education app, powered by the latest AI technologies, that provides engaging experiences to its customers in many different languages to help them improve their language skills. Users can chat about unlimited amount of topics with the app and use other modes to practice their language learning.","email":"support@talkpal.ai","legalName":"Talkpal, Inc.","foundingDate":"2023-04-03","duns":"118989042","numberOfEmployees":{"@type":"QuantitativeValue","minValue":"11","maxValue":"50"},"publishingPrinciples":"https:\/\/talkpal.ai\/publishing-principles\/","actionableFeedbackPolicy":"https:\/\/talkpal.ai\/actionable-feedback-policy\/","correctionsPolicy":"https:\/\/talkpal.ai\/corrections-policy\/","ethicsPolicy":"https:\/\/talkpal.ai\/ethics-policy\/","diversityPolicy":"https:\/\/talkpal.ai\/diversity-policy\/","diversityStaffingReport":"https:\/\/talkpal.ai\/diversity-policy\/"}]}},"_links":{"self":[{"href":"https:\/\/talkpal.ai\/ga\/wp-json\/wp\/v2\/pages\/1476283","targetHints":{"allow":["GET"]}}],"collection":[{"href":"https:\/\/talkpal.ai\/ga\/wp-json\/wp\/v2\/pages"}],"about":[{"href":"https:\/\/talkpal.ai\/ga\/wp-json\/wp\/v2\/types\/page"}],"author":[{"embeddable":true,"href":"https:\/\/talkpal.ai\/ga\/wp-json\/wp\/v2\/users\/20"}],"replies":[{"embeddable":true,"href":"https:\/\/talkpal.ai\/ga\/wp-json\/wp\/v2\/comments?post=1476283"}],"version-history":[{"count":0,"href":"https:\/\/talkpal.ai\/ga\/wp-json\/wp\/v2\/pages\/1476283\/revisions"}],"wp:attachment":[{"href":"https:\/\/talkpal.ai\/ga\/wp-json\/wp\/v2\/media?parent=1476283"}],"curies":[{"name":"wp","href":"https:\/\/api.w.org\/{rel}","templated":true}]}}