{"id":1476214,"date":"2025-11-12T12:14:54","date_gmt":"2025-11-12T12:14:54","guid":{"rendered":"https:\/\/talkpal.ai\/cleachtai-gramadai-laos\/"},"modified":"2025-12-30T14:08:25","modified_gmt":"2025-12-30T14:08:25","slug":"cleachtai-gramadai-laos","status":"publish","type":"page","link":"https:\/\/talkpal.ai\/ga\/cleachtai-gramadai-laos\/","title":{"rendered":"Cleachta\u00ed Gramada\u00ed Laos"},"content":{"rendered":"\r\n\r\n\r\n<section class=\"languageChallengeSection\">\r\n    <div class=\"languageInfoWrapper\">\r\n        \r\n        <h1>Cleachta\u00ed Gramada\u00ed Laos<\/h1>\r\n        <p>R\u00e9idh le tumadh isteach i ngramadach <a href=\"https:\/\/talkpal.ai\/learn-lao\/\">Lao<\/a>? Cabhr\u00f3idh cleachtadh c\u00fapla bun\u00fasach leat a bheith compordach leis an teanga uath\u00fail agus \u00e1lainn seo. Bain triail as na cleachta\u00ed seo chun do mhuin\u00edn a th\u00f3g\u00e1il agus spraoi a bheith agat ar an mbealach!<\/p>\r\n\r\n                            <a class=\"getStartedHidden\" href=\"https:\/\/app.talkpal.ai\/signup?lng=\">Tosaigh<\/a>\r\n        \r\n    <\/div>\r\n\r\n    <figure>\r\n    <img decoding=\"async\" width=\"768\" height=\"768\" src=\"https:\/\/talkpal.ai\/wp-content\/uploads\/2023\/06\/welsh-768x768.png\" class=\"languageImage no-lazy\" alt=\"Language learning for better cognitive abilities\" fetchpriority=\"high\" sizes=\"(max-width: 768px) 150px, 768px\" srcset=\"https:\/\/talkpal.ai\/wp-content\/uploads\/2023\/06\/welsh-768x768.png 768w, https:\/\/talkpal.ai\/wp-content\/uploads\/2023\/06\/welsh-300x300.png 300w\" \/>\r\n    \r\n\r\n    <\/figure>\r\n\r\n            <a class=\"getStartedVisible\" href=\"https:\/\/app.talkpal.ai\/signup?lng=\">Tosaigh<\/a>\r\n    \r\n<\/section><section class=\"promotionalBanner\">\r\n    <p class=\"promotionalText\">An bealach is \u00e9ifeachta\u00ed le teanga a fhoghlaim<\/p>\r\n    <a class=\"promotionalLink\" href=\"https:\/\/app.talkpal.ai\/signup?lng=\">Bain triail as Talkpal saor in aisce<\/a>\r\n<\/section>\n<div class=\"wp-block-group pageContainerStyle\"><div class=\"wp-block-group__inner-container is-layout-constrained wp-block-group-is-layout-constrained\">\n<h2 class=\"wp-block-heading\" id=\"h-lao-grammar-topics\">Topaic\u00ed Gramada\u00ed Laos<\/h2>\n\n\n\n<p><a href=\"https:\/\/talkpal.ai\/ga\/na-botuin-is-mo-le-seachaint-agus-teanga-nua-a-fhoghlaim-agat\/\">Is f\u00e9idir le teanga nua a fhoghlaim<\/a> a bheith ina iarracht dh\u00fashl\u00e1nach ach luachmhar. N\u00ed haon eisceacht \u00ed Lao, teanga Tai-Kadai a labhra\u00edtear go pr\u00edomha i <a href=\"https:\/\/talkpal.ai\/learn-lao\/\">Laos<\/a>. Lena ghn\u00e9ithe agus strucht\u00fair uath\u00fala, \u00e9il\u00edonn <a href=\"https:\/\/talkpal.ai\/ga\/talkpal-don-oideachas\/\">foghlaim<\/a> Lao cur chuige c\u00f3rasach chun tuiscint a fh\u00e1il ar an gcaoi a dt\u00f3gtar br\u00ed le c\u00e1ithn\u00edn\u00ed, ord focal, agus aicmitheoir\u00ed seachas infhillte. Tugann an treoir seo breac-chuntas ar na pr\u00edomhr\u00e9ims\u00ed de <a href=\"https:\/\/talkpal.ai\/ga\/gramadach-laos\/\">ghramadach Lao<\/a> i seicheamh loighci\u00fail <a href=\"https:\/\/talkpal.ai\/ga\/ai-chatbot-dfhoghlaim-teangacha\/\">d&#8217;fhoghlaim teanga<\/a>, ag tos\u00fa \u00f3 na bunghn\u00e9ithe ar n\u00f3s ainmfhocail agus aicmitheoir\u00ed, agus ag dul ar aghaidh go r\u00e9ims\u00ed n\u00edos casta cos\u00fail le marc\u00f3ir\u00ed gn\u00e9 agus t\u00f3g\u00e1il abairte.<\/p>\n\n\n\n<h3 class=\"wp-block-heading\" id=\"h-1-nouns\">1. Ainmfhocail:<\/h3>\n\n\n\n<p>Cuir t\u00fas le do thuras teanga Laos tr\u00ed na hainmfhocail a fhoghlaim. \u00c1ir\u00edtear leis seo tuiscint a fh\u00e1il ar ainmfhocail choitianta agus d\u00edlse, conas a thaispe\u00e1ntar iolrachas tr\u00ed chomhth\u00e9acs, uimhreacha, agus focail cos\u00fail le go leor, chomh maith le r\u00f3l riachtanach aicmithe i ndiaidh uimhreacha agus cainn\u00edocht\u00f3ir\u00ed.<\/p>\n\n\n\n<h3 class=\"wp-block-heading\" id=\"h-2-articles\">2. Airteagail:<\/h3>\n\n\n\n<p>N\u00ed \u00fas\u00e1ideann Lao ailt chinnte n\u00f3 \u00e9iginnte. Ina \u00e1it sin, cuirtear cinnteacht agus saini\u00falacht in i\u00fal tr\u00ed chomhth\u00e9acs, l\u00e9irithe mar seo agus sin, agus t\u00f3g\u00e1lacha aicmitheora.<\/p>\n\n\n\n<h3 class=\"wp-block-heading\" id=\"h-3-adjectives\">3. Aidiachta\u00ed:<\/h3>\n\n\n\n<p>De ghn\u00e1th leanann aidiachta\u00ed i Laos na hainmfhocail a mhodhna\u00edonn siad. Foghlaim conas is f\u00e9idir le haidiachta\u00ed feidhmi\u00fa mar r\u00e9amhr\u00e1 freisin, agus conas compar\u00e1id\u00ed a dh\u00e9anamh ag baint \u00fas\u00e1ide as marc\u00f3ir\u00ed le haghaidh n\u00edos m\u00f3 agus n\u00e1, chomh maith le superlatives leis an chuid is m\u00f3.<\/p>\n\n\n\n<h3 class=\"wp-block-heading\" id=\"h-4-pronouns-determiners\">4. Forainmneacha \/ Cinntitheoir\u00ed:<\/h3>\n\n\n\n<p>T\u00e1 forainmneacha agus determiners riachtanach i Lao; Athra\u00edonn forainmneacha de r\u00e9ir b\u00e9asa, aoise, agus comhth\u00e9acs s\u00f3isialta. I measc na gcinnteoir\u00ed t\u00e1 taispe\u00e1nt\u00f3ir\u00ed agus cainn\u00edocht\u00f3ir\u00ed, agus is gn\u00e1ch go marc\u00e1iltear seilbh leis an bhfocal for of idir an sealbh\u00f3ir agus an t-ainmfhocal.<\/p>\n\n\n\n<h3 class=\"wp-block-heading\" id=\"h-5-verbs\">5. Briathra:<\/h3>\n\n\n\n<p>N\u00ed athra\u00edonn briathra Lao foirm le haghaidh aimsir, duine, n\u00f3 uimhir. Taispe\u00e1ntar am, gn\u00e9 agus gi\u00famar le c\u00e1ithn\u00edn\u00ed agus focail ch\u00fanta. Tosaigh le patr\u00fain bhriathar bun\u00fasacha agus foghlaim marc\u00f3ir\u00ed coitianta <a href=\"https:\/\/talkpal.ai\/ga\/maidir\/\">maidir<\/a> le stair, cr\u00edochn\u00fa, gn\u00edomh lean\u00fanach, agus intinn.<\/p>\n\n\n\n<h3 class=\"wp-block-heading\" id=\"h-6-tenses\">6. Aimsir:<\/h3>\n\n\n\n<p>Tar \u00e9is duit patr\u00fain bhriathar bun\u00fasacha a mh\u00e1istir, d\u00e9an n\u00edos doimhne ar an gcaoi a gcuireann Lao am in i\u00fal gan aimsir infhillte. \u00c1ir\u00edtear leis seo focail <a href=\"https:\/\/talkpal.ai\/locations\/language-courses-in-ama\/\">ama<\/a> agus marc\u00f3ir\u00ed gn\u00e9 a \u00fas\u00e1id chun idirdheal\u00fa a dh\u00e9anamh idir staideanna reatha, imeachta\u00ed cr\u00edochnaithe, agus gn\u00edomhartha sa todhcha\u00ed n\u00f3 beartaithe i gcomhth\u00e9acsanna \u00e9ags\u00fala.<\/p>\n\n\n\n<h3 class=\"wp-block-heading\" id=\"h-7-tense-comparison\">7. Compar\u00e1id aimsire:<\/h3>\n\n\n\n<p>Cuid\u00edonn compar\u00e1id a dh\u00e9anamh idir marc\u00e1il ama agus gn\u00e9 i Laos le seicheamh agus dearcadh na n-imeachta\u00ed a thuiscint. D\u00e9an compar\u00e1id idir an cl\u00e1sal c\u00e9anna le c\u00e1ithn\u00edn\u00ed \u00e9ags\u00fala chun a fheice\u00e1il conas a athra\u00edonn br\u00ed idir l\u00e9amha cr\u00edochnaithe, lean\u00fanacha, gn\u00e1th agus ionchasacha.<\/p>\n\n\n\n<h3 class=\"wp-block-heading\" id=\"h-8-progressive\">8. For\u00e1sach:<\/h3>\n\n\n\n<p>\u00das\u00e1idtear an for\u00e1sach i Lao chun gn\u00edomhartha lean\u00fanacha a <a href=\"https:\/\/talkpal.ai\/locations\/language-courses-in-chur\/\">chur<\/a> in i\u00fal. Is gn\u00e1ch go nd\u00e9antar \u00e9 a fhoirmi\u00fa le marc\u00f3ir r\u00e9amhbhriathartha le haghaidh in-progress agus is f\u00e9idir \u00e9 a threisi\u00fa le marc\u00f3ir abairte-deiridh n\u00f3 iar-bhriathartha a l\u00e9ir\u00edonn staid reatha.<\/p>\n\n\n\n<h3 class=\"wp-block-heading\" id=\"h-9-perfect-progressive\">9. For\u00e1sach Foirfe:<\/h3>\n\n\n\n<p>Cuirtear an bhr\u00ed seo in i\u00fal le teaglaim a thaispe\u00e1nann fad suas go dt\u00ed pointe tagartha. \u00das\u00e1ideann Lao marc\u00f3ir\u00ed gn\u00e9, l\u00e9irithe ama, agus c\u00e1ithn\u00edn\u00ed a l\u00e9ir\u00edonn cheana f\u00e9in n\u00f3 go dt\u00ed seo a chur in i\u00fal go bhfuil siad ag d\u00e9anamh ar feadh tr\u00e9imhse.<\/p>\n\n\n\n<h3 class=\"wp-block-heading\" id=\"h-10-conditionals\">10. Coinn\u00edollacha:<\/h3>\n\n\n\n<p>L\u00e9ir\u00edonn coinn\u00edollacha c\u00e1sanna hipit\u00e9iseacha agus a dtortha\u00ed f\u00e9ideartha. D\u00e9antar iad a fhoirmi\u00fa le cl\u00e1sal if agus cl\u00e1sal toraidh ina dhiaidh sin, agus is minic a \u00fas\u00e1ideann siad c\u00e1ithn\u00edn\u00ed modal chun d\u00f3ch\u00falacht n\u00f3 intinn a l\u00e9iri\u00fa seachas athruithe teannas.<\/p>\n\n\n\n<h3 class=\"wp-block-heading\" id=\"h-11-adverbs\">11. Adverbs:<\/h3>\n\n\n\n<p>Athra\u00edonn adverbs i Lao briathra, aidiachta\u00ed, n\u00f3 adverbs eile. Is gn\u00e1ch go mb\u00edonn siad le feice\u00e1il i ndiaidh an bhriathartha n\u00f3 ag deireadh an chl\u00e1sal agus sol\u00e1thra\u00edonn siad faisn\u00e9is faoi bhealach, \u00e1it, am, c\u00e9im, agus go leor eile.<\/p>\n\n\n\n<h3 class=\"wp-block-heading\" id=\"h-12-prepositions\">12. Prepositions:<\/h3>\n\n\n\n<p>Nascann r\u00e9amhfhocail agus fr\u00e1sa\u00ed le ch\u00e9ile. I Lao is cl\u00fadaigh iad go leor d\u00edobh seo a tharla\u00edonn roimh an ainmfhocal n\u00f3 i dt\u00f3g\u00e1lacha briathra sraitheacha chun caidrimh ama, \u00e1ite, treo agus tionlacan a chur in i\u00fal.<\/p>\n\n\n\n<h3 class=\"wp-block-heading\" id=\"h-13-sentences\">13. Abairt\u00ed:<\/h3>\n\n\n\n<p>Ar deireadh, d\u00e9an cleachtadh ar abairt\u00ed a th\u00f3g\u00e1il. Is \u00e9 Lao go pr\u00edomha r\u00e9ad briathar \u00e1bhair, le s\u00e9anadh roimh an mbriathar agus c\u00e1ithn\u00edn\u00ed ceiste n\u00f3 focail cheiste i seasamh. Bain \u00fas\u00e1id as na point\u00ed gramada\u00ed go l\u00e9ir a foghlaim\u00edodh roimhe seo i gcomhth\u00e9acs, lena n-\u00e1ir\u00edtear aicmitheoir\u00ed, marc\u00f3ir\u00ed gn\u00e9, agus briathra sraitheacha, chun tuiscint chuimsitheach a chinnti\u00fa ar theanga Laos.<\/p>\n<\/div><\/div>\n\r\n<section class=\"learnNavigationSection\">\r\n            \r\n        <a href=\"https:\/\/talkpal.ai\/ga\/foghlaim-lao\/\">\r\n            <div class=\"learnNavigationWrapper\">\r\n                <div class=\"learnNavigationContent\">\r\n                    <img decoding=\"async\" src=\"https:\/\/talkpal.ai\/wp-content\/uploads\/2025\/11\/Lao-1.png\" alt=\"Laotian Flag\">\r\n                    <div>\r\n                        <h4>Maidir le Lao Learning<\/h4>\r\n                        <p>Faigh amach gach rud faoi Lao Grammar.<\/p>\r\n                    <\/div>\r\n                <\/div>\r\n            <\/div>\r\n        <\/a>\r\n\r\n        \r\n        <a href=\"https:\/\/talkpal.ai\/ga\/gramadach-laos\/\">\r\n            <div class=\"learnNavigationWrapper\">\r\n                <div class=\"learnNavigationContent\">\r\n                    <img decoding=\"async\" src=\"https:\/\/talkpal.ai\/wp-content\/uploads\/2025\/11\/Lao-1.png\" alt=\"Laotian Flag\">\r\n                    <div>\r\n                        <h4>Ceachtanna Gramada\u00ed Laos<\/h4>\r\n                        <p>Cleachtadh gramadach Lao.<\/p>\r\n                    <\/div>\r\n                <\/div>\r\n            <\/div>\r\n        <\/a>\r\n\r\n            <\/section>","protected":false},"excerpt":{"rendered":"<p>Topaic\u00ed Gramada\u00ed Laos Is f\u00e9idir le teanga nua a fhoghlaim a bheith ina iarracht dh\u00fashl\u00e1nach ach luachmhar. N\u00ed haon eisceacht \u00ed Lao, teanga Tai-Kadai a labhra\u00edtear go pr\u00edomha i Laos. Lena ghn\u00e9ithe agus strucht\u00fair uath\u00fala, \u00e9il\u00edonn foghlaim Lao cur chuige c\u00f3rasach chun tuiscint a fh\u00e1il ar an gcaoi a dt\u00f3gtar br\u00ed le c\u00e1ithn\u00edn\u00ed, ord focal, [&hellip;]<\/p>\n","protected":false},"author":20,"featured_media":0,"parent":0,"menu_order":0,"comment_status":"closed","ping_status":"closed","template":"LearningContentPage.php","meta":{"_acf_changed":false,"footnotes":""},"class_list":["post-1476214","page","type-page","status-publish","hentry"],"acf":[],"yoast_head":"<!-- This site is optimized with the Yoast SEO Premium plugin v27.2 (Yoast SEO v27.2) - https:\/\/yoast.com\/product\/yoast-seo-premium-wordpress\/ -->\n<title>Cleachta\u00ed Gramada\u00ed Laos - Talkpal<\/title>\n<meta name=\"description\" content=\"D\u00e9an m\u00e1istreacht ar ghramadach na Laosise le cleachta\u00ed idirghn\u00edomhacha at\u00e1 deartha chun cabhr\u00fa leat l\u00edofacht agus muin\u00edn a choth\u00fa sa teanga.\" \/>\n<meta name=\"robots\" content=\"index, follow, max-snippet:-1, max-image-preview:large, max-video-preview:-1\" \/>\n<link rel=\"canonical\" href=\"https:\/\/talkpal.ai\/ga\/cleachtai-gramadai-laos\/\" \/>\n<meta property=\"og:locale\" content=\"ga_IE\" \/>\n<meta property=\"og:type\" content=\"article\" \/>\n<meta property=\"og:title\" content=\"Cleachta\u00ed Gramada\u00ed Laos\" \/>\n<meta property=\"og:description\" content=\"Topaic\u00ed Gramada\u00ed Laos Is f\u00e9idir le teanga nua a fhoghlaim a bheith ina iarracht dh\u00fashl\u00e1nach ach luachmhar. N\u00ed haon eisceacht \u00ed Lao, teanga Tai-Kadai a\" \/>\n<meta property=\"og:url\" content=\"https:\/\/talkpal.ai\/ga\/cleachtai-gramadai-laos\/\" \/>\n<meta property=\"og:site_name\" content=\"Talkpal\" \/>\n<meta property=\"article:publisher\" content=\"https:\/\/www.facebook.com\/profile.php?id=100090733639311\" \/>\n<meta property=\"article:modified_time\" content=\"2025-12-30T14:08:25+00:00\" \/>\n<meta property=\"og:image\" content=\"https:\/\/talkpal.ai\/wp-content\/uploads\/2025\/02\/Progress-tab-16_9.png\" \/>\n\t<meta property=\"og:image:width\" content=\"2880\" \/>\n\t<meta property=\"og:image:height\" content=\"1620\" \/>\n\t<meta property=\"og:image:type\" content=\"image\/png\" \/>\n<meta name=\"twitter:card\" content=\"summary_large_image\" \/>\n<meta name=\"twitter:site\" content=\"@talkpalai\" \/>\n<meta name=\"twitter:label1\" content=\"Est. reading time\" \/>\n\t<meta name=\"twitter:data1\" content=\"4 minutes\" \/>\n<script type=\"application\/ld+json\" class=\"yoast-schema-graph\">{\"@context\":\"https:\/\/schema.org\",\"@graph\":[{\"@type\":\"WebPage\",\"@id\":\"https:\/\/talkpal.ai\/ga\/cleachtai-gramadai-laos\/\",\"url\":\"https:\/\/talkpal.ai\/ga\/cleachtai-gramadai-laos\/\",\"name\":\"Cleachta\u00ed Gramada\u00ed Laos - Talkpal\",\"isPartOf\":{\"@id\":\"https:\/\/talkpal.ai\/ga\/#website\"},\"datePublished\":\"2025-11-12T12:14:54+00:00\",\"dateModified\":\"2025-12-30T14:08:25+00:00\",\"description\":\"D\u00e9an m\u00e1istreacht ar ghramadach na Laosise le cleachta\u00ed idirghn\u00edomhacha at\u00e1 deartha chun cabhr\u00fa leat l\u00edofacht agus muin\u00edn a choth\u00fa sa teanga.\",\"breadcrumb\":{\"@id\":\"https:\/\/talkpal.ai\/ga\/cleachtai-gramadai-laos\/#breadcrumb\"},\"inLanguage\":\"ga-IE\",\"potentialAction\":[{\"@type\":\"ReadAction\",\"target\":[\"https:\/\/talkpal.ai\/ga\/cleachtai-gramadai-laos\/\"]}]},{\"@type\":\"BreadcrumbList\",\"@id\":\"https:\/\/talkpal.ai\/ga\/cleachtai-gramadai-laos\/#breadcrumb\",\"itemListElement\":[{\"@type\":\"ListItem\",\"position\":1,\"name\":\"Homepage\",\"item\":\"https:\/\/talkpal.ai\/ga\/\"},{\"@type\":\"ListItem\",\"position\":2,\"name\":\"Cleachta\u00ed Gramada\u00ed Laos\"}]},{\"@type\":\"WebSite\",\"@id\":\"https:\/\/talkpal.ai\/ga\/#website\",\"url\":\"https:\/\/talkpal.ai\/ga\/\",\"name\":\"Talkpal\",\"description\":\"AI Language Learning\",\"publisher\":{\"@id\":\"https:\/\/talkpal.ai\/ga\/#organization\"},\"alternateName\":\"Talkpal AI\",\"potentialAction\":[{\"@type\":\"SearchAction\",\"target\":{\"@type\":\"EntryPoint\",\"urlTemplate\":\"https:\/\/talkpal.ai\/ga\/?s={search_term_string}\"},\"query-input\":{\"@type\":\"PropertyValueSpecification\",\"valueRequired\":true,\"valueName\":\"search_term_string\"}}],\"inLanguage\":\"ga-IE\"},{\"@type\":\"Organization\",\"@id\":\"https:\/\/talkpal.ai\/ga\/#organization\",\"name\":\"Talkpal, Inc.\",\"alternateName\":\"Talkpal AI\",\"url\":\"https:\/\/talkpal.ai\/ga\/\",\"logo\":{\"@type\":\"ImageObject\",\"inLanguage\":\"ga-IE\",\"@id\":\"https:\/\/talkpal.ai\/ga\/#\/schema\/logo\/image\/\",\"url\":\"https:\/\/talkpal.ai\/wp-content\/uploads\/2024\/03\/Talkpal-Logo-Icon.png\",\"contentUrl\":\"https:\/\/talkpal.ai\/wp-content\/uploads\/2024\/03\/Talkpal-Logo-Icon.png\",\"width\":2880,\"height\":2880,\"caption\":\"Talkpal, Inc.\"},\"image\":{\"@id\":\"https:\/\/talkpal.ai\/ga\/#\/schema\/logo\/image\/\"},\"sameAs\":[\"https:\/\/www.facebook.com\/profile.php?id=100090733639311\",\"https:\/\/x.com\/talkpalai\",\"https:\/\/www.linkedin.com\/company\/talkpal\/\",\"https:\/\/www.youtube.com\/@TalkPal\/\",\"https:\/\/www.tiktok.com\/@talkpal\",\"https:\/\/www.instagram.com\/talkpal_ai\/\",\"https:\/\/www.crunchbase.com\/organization\/talkpal-9cde\",\"https:\/\/www.g2.com\/products\/talkpal-for-business\/\",\"https:\/\/www.trustpilot.com\/review\/talkpal.ai\",\"https:\/\/www.capterra.com\/p\/10006800\/TalkPal\/\"],\"description\":\"Talkpal is a language learning web and mobile education app, powered by the latest AI technologies, that provides engaging experiences to its customers in many different languages to help them improve their language skills. Users can chat about unlimited amount of topics with the app and use other modes to practice their language learning.\",\"email\":\"support@talkpal.ai\",\"legalName\":\"Talkpal, Inc.\",\"foundingDate\":\"2023-04-03\",\"duns\":\"118989042\",\"numberOfEmployees\":{\"@type\":\"QuantitativeValue\",\"minValue\":\"11\",\"maxValue\":\"50\"},\"publishingPrinciples\":\"https:\/\/talkpal.ai\/publishing-principles\/\",\"actionableFeedbackPolicy\":\"https:\/\/talkpal.ai\/actionable-feedback-policy\/\",\"correctionsPolicy\":\"https:\/\/talkpal.ai\/corrections-policy\/\",\"ethicsPolicy\":\"https:\/\/talkpal.ai\/ethics-policy\/\",\"diversityPolicy\":\"https:\/\/talkpal.ai\/diversity-policy\/\",\"diversityStaffingReport\":\"https:\/\/talkpal.ai\/diversity-policy\/\"}]}<\/script>\n<!-- \/ Yoast SEO Premium plugin. -->","yoast_head_json":{"title":"Cleachta\u00ed Gramada\u00ed Laos - Talkpal","description":"D\u00e9an m\u00e1istreacht ar ghramadach na Laosise le cleachta\u00ed idirghn\u00edomhacha at\u00e1 deartha chun cabhr\u00fa leat l\u00edofacht agus muin\u00edn a choth\u00fa sa teanga.","robots":{"index":"index","follow":"follow","max-snippet":"max-snippet:-1","max-image-preview":"max-image-preview:large","max-video-preview":"max-video-preview:-1"},"canonical":"https:\/\/talkpal.ai\/ga\/cleachtai-gramadai-laos\/","og_locale":"ga_IE","og_type":"article","og_title":"Cleachta\u00ed Gramada\u00ed Laos","og_description":"Topaic\u00ed Gramada\u00ed Laos Is f\u00e9idir le teanga nua a fhoghlaim a bheith ina iarracht dh\u00fashl\u00e1nach ach luachmhar. N\u00ed haon eisceacht \u00ed Lao, teanga Tai-Kadai a","og_url":"https:\/\/talkpal.ai\/ga\/cleachtai-gramadai-laos\/","og_site_name":"Talkpal","article_publisher":"https:\/\/www.facebook.com\/profile.php?id=100090733639311","article_modified_time":"2025-12-30T14:08:25+00:00","og_image":[{"width":2880,"height":1620,"url":"https:\/\/talkpal.ai\/wp-content\/uploads\/2025\/02\/Progress-tab-16_9.png","type":"image\/png"}],"twitter_card":"summary_large_image","twitter_site":"@talkpalai","twitter_misc":{"Est. reading time":"4 minutes"},"schema":{"@context":"https:\/\/schema.org","@graph":[{"@type":"WebPage","@id":"https:\/\/talkpal.ai\/ga\/cleachtai-gramadai-laos\/","url":"https:\/\/talkpal.ai\/ga\/cleachtai-gramadai-laos\/","name":"Cleachta\u00ed Gramada\u00ed Laos - Talkpal","isPartOf":{"@id":"https:\/\/talkpal.ai\/ga\/#website"},"datePublished":"2025-11-12T12:14:54+00:00","dateModified":"2025-12-30T14:08:25+00:00","description":"D\u00e9an m\u00e1istreacht ar ghramadach na Laosise le cleachta\u00ed idirghn\u00edomhacha at\u00e1 deartha chun cabhr\u00fa leat l\u00edofacht agus muin\u00edn a choth\u00fa sa teanga.","breadcrumb":{"@id":"https:\/\/talkpal.ai\/ga\/cleachtai-gramadai-laos\/#breadcrumb"},"inLanguage":"ga-IE","potentialAction":[{"@type":"ReadAction","target":["https:\/\/talkpal.ai\/ga\/cleachtai-gramadai-laos\/"]}]},{"@type":"BreadcrumbList","@id":"https:\/\/talkpal.ai\/ga\/cleachtai-gramadai-laos\/#breadcrumb","itemListElement":[{"@type":"ListItem","position":1,"name":"Homepage","item":"https:\/\/talkpal.ai\/ga\/"},{"@type":"ListItem","position":2,"name":"Cleachta\u00ed Gramada\u00ed Laos"}]},{"@type":"WebSite","@id":"https:\/\/talkpal.ai\/ga\/#website","url":"https:\/\/talkpal.ai\/ga\/","name":"Talkpal","description":"AI Language Learning","publisher":{"@id":"https:\/\/talkpal.ai\/ga\/#organization"},"alternateName":"Talkpal AI","potentialAction":[{"@type":"SearchAction","target":{"@type":"EntryPoint","urlTemplate":"https:\/\/talkpal.ai\/ga\/?s={search_term_string}"},"query-input":{"@type":"PropertyValueSpecification","valueRequired":true,"valueName":"search_term_string"}}],"inLanguage":"ga-IE"},{"@type":"Organization","@id":"https:\/\/talkpal.ai\/ga\/#organization","name":"Talkpal, Inc.","alternateName":"Talkpal AI","url":"https:\/\/talkpal.ai\/ga\/","logo":{"@type":"ImageObject","inLanguage":"ga-IE","@id":"https:\/\/talkpal.ai\/ga\/#\/schema\/logo\/image\/","url":"https:\/\/talkpal.ai\/wp-content\/uploads\/2024\/03\/Talkpal-Logo-Icon.png","contentUrl":"https:\/\/talkpal.ai\/wp-content\/uploads\/2024\/03\/Talkpal-Logo-Icon.png","width":2880,"height":2880,"caption":"Talkpal, Inc."},"image":{"@id":"https:\/\/talkpal.ai\/ga\/#\/schema\/logo\/image\/"},"sameAs":["https:\/\/www.facebook.com\/profile.php?id=100090733639311","https:\/\/x.com\/talkpalai","https:\/\/www.linkedin.com\/company\/talkpal\/","https:\/\/www.youtube.com\/@TalkPal\/","https:\/\/www.tiktok.com\/@talkpal","https:\/\/www.instagram.com\/talkpal_ai\/","https:\/\/www.crunchbase.com\/organization\/talkpal-9cde","https:\/\/www.g2.com\/products\/talkpal-for-business\/","https:\/\/www.trustpilot.com\/review\/talkpal.ai","https:\/\/www.capterra.com\/p\/10006800\/TalkPal\/"],"description":"Talkpal is a language learning web and mobile education app, powered by the latest AI technologies, that provides engaging experiences to its customers in many different languages to help them improve their language skills. Users can chat about unlimited amount of topics with the app and use other modes to practice their language learning.","email":"support@talkpal.ai","legalName":"Talkpal, Inc.","foundingDate":"2023-04-03","duns":"118989042","numberOfEmployees":{"@type":"QuantitativeValue","minValue":"11","maxValue":"50"},"publishingPrinciples":"https:\/\/talkpal.ai\/publishing-principles\/","actionableFeedbackPolicy":"https:\/\/talkpal.ai\/actionable-feedback-policy\/","correctionsPolicy":"https:\/\/talkpal.ai\/corrections-policy\/","ethicsPolicy":"https:\/\/talkpal.ai\/ethics-policy\/","diversityPolicy":"https:\/\/talkpal.ai\/diversity-policy\/","diversityStaffingReport":"https:\/\/talkpal.ai\/diversity-policy\/"}]}},"_links":{"self":[{"href":"https:\/\/talkpal.ai\/ga\/wp-json\/wp\/v2\/pages\/1476214","targetHints":{"allow":["GET"]}}],"collection":[{"href":"https:\/\/talkpal.ai\/ga\/wp-json\/wp\/v2\/pages"}],"about":[{"href":"https:\/\/talkpal.ai\/ga\/wp-json\/wp\/v2\/types\/page"}],"author":[{"embeddable":true,"href":"https:\/\/talkpal.ai\/ga\/wp-json\/wp\/v2\/users\/20"}],"replies":[{"embeddable":true,"href":"https:\/\/talkpal.ai\/ga\/wp-json\/wp\/v2\/comments?post=1476214"}],"version-history":[{"count":0,"href":"https:\/\/talkpal.ai\/ga\/wp-json\/wp\/v2\/pages\/1476214\/revisions"}],"wp:attachment":[{"href":"https:\/\/talkpal.ai\/ga\/wp-json\/wp\/v2\/media?parent=1476214"}],"curies":[{"name":"wp","href":"https:\/\/api.w.org\/{rel}","templated":true}]}}