{"id":1476203,"date":"2025-11-12T12:14:52","date_gmt":"2025-11-12T12:14:52","guid":{"rendered":"https:\/\/talkpal.ai\/gramadach-laos\/"},"modified":"2025-12-30T14:14:14","modified_gmt":"2025-12-30T14:14:14","slug":"gramadach-laos","status":"publish","type":"page","link":"https:\/\/talkpal.ai\/ga\/gramadach-laos\/","title":{"rendered":"Gramadach Laos"},"content":{"rendered":"\r\n\r\n\r\n<section class=\"languageChallengeSection\">\r\n    <div class=\"languageInfoWrapper\">\r\n        \r\n        <h1>Gramadach Laos<\/h1>\r\n        <p>B&#039;fh\u00e9idir gur cos\u00fail go bhfuil <a href=\"https:\/\/talkpal.ai\/grammar\/\">gramadach<\/a> Lao d\u00fashl\u00e1nach ar dt\u00fas, ach is eisp\u00e9ireas luachmhar \u00e9 foghlaim na teanga. Tr\u00ed ini\u00fachadh a dh\u00e9anamh ar a aib\u00edtir, s\u00f3ch\u00e1in, agus rialacha gramada\u00ed, gheobhaidh t\u00fa l\u00e9argas ar thraidisi\u00fan saibhir teanga. Cuir t\u00fas le do thuras agus faigh amach \u00e1illeacht Lao!<\/p>\r\n\r\n                            <a class=\"getStartedHidden\" href=\"https:\/\/app.talkpal.ai\/signup?lng=\">Tosaigh<\/a>\r\n        \r\n    <\/div>\r\n\r\n    <figure>\r\n    <img decoding=\"async\" width=\"768\" height=\"768\" src=\"https:\/\/talkpal.ai\/wp-content\/uploads\/2023\/06\/welsh-768x768.png\" class=\"languageImage no-lazy\" alt=\"Language learning for better cognitive abilities\" fetchpriority=\"high\" sizes=\"(max-width: 768px) 150px, 768px\" srcset=\"https:\/\/talkpal.ai\/wp-content\/uploads\/2023\/06\/welsh-768x768.png 768w, https:\/\/talkpal.ai\/wp-content\/uploads\/2023\/06\/welsh-300x300.png 300w\" \/>\r\n    \r\n\r\n    <\/figure>\r\n\r\n            <a class=\"getStartedVisible\" href=\"https:\/\/app.talkpal.ai\/signup?lng=\">Tosaigh<\/a>\r\n    \r\n<\/section><section class=\"promotionalBanner\">\r\n    <p class=\"promotionalText\">An bealach is \u00e9ifeachta\u00ed le teanga a fhoghlaim<\/p>\r\n    <a class=\"promotionalLink\" href=\"https:\/\/app.talkpal.ai\/signup?lng=\">Bain triail as Talkpal saor in aisce<\/a>\r\n<\/section>\n<div class=\"wp-block-group pageContainerStyle\"><div class=\"wp-block-group__inner-container is-layout-constrained wp-block-group-is-layout-constrained\">\n<h2 class=\"wp-block-heading\" id=\"h-navigating-the-intricacies-of-lao-grammar\">Nasclean\u00faint a dh\u00e9anamh ar Intricacies Gramadach Laos<\/h2>\n\n\n\n<p><a href=\"https:\/\/talkpal.ai\/ga\/foghlaim-lao\/\">Cuireann Lao<\/a>, teanga Tai-Kadai le stair shaibhir agus t\u00e1bhacht chult\u00fartha, eisp\u00e9ireas teangeola\u00edoch spreag\u00fail d\u00f3ibh si\u00fad ar mian leo a ch\u00f3ras gramada\u00ed uath\u00fail a ini\u00fachadh. Agus t\u00fa ag dul isteach i r\u00e9imse <a href=\"https:\/\/talkpal.ai\/learn-lao\/\">Laos<\/a>, n\u00ed hamh\u00e1in go saibhreoidh t\u00fa do repertoire teangeola\u00edoch ach glacfaidh t\u00fa le turas cult\u00fartha suimi\u00fail freisin. C\u00e9 go bhf\u00e9adfadh <a href=\"https:\/\/talkpal.ai\/grammar\/\">gramadach<\/a> Laos a bheith neamhchoitianta ar dt\u00fas, d\u00e9anann s\u00e9 foghlaim na teanga n\u00edos inrochtana. San alt seo, d\u00e9anfaimid ini\u00fachadh ar shaol mealltach ghramadach Laos agus tabharfaimid leideanna <a href=\"https:\/\/talkpal.ai\/ga\/maidir\/\">maidir<\/a> le conas a chastachta\u00ed a mh\u00e1istir.<\/p>\n\n\n\n<h3 class=\"wp-block-heading\" id=\"h-1-lao-alphabet-and-phonetics\">1. Aib\u00edtir Laos agus Foghra\u00edocht<\/h3>\n\n\n\n<p>\u00das\u00e1ideann script Lao 27 litir chonsain, comhartha\u00ed guta iomad\u00fala, agus ceithre mharc ton. T\u00e1 Lao tonal, le c\u00faig thonna sa chan\u00faint chaighde\u00e1nach Vientiane. Chun gramadach Laos a fhoghlaim, t\u00e1 s\u00e9 r\u00edth\u00e1bhachtach dul i dtaith\u00ed ar an gc\u00f3ras scr\u00edbhneoireachta saini\u00fail seo tr\u00ed l\u00e9itheoireacht agus scr\u00edbhneoireacht a chleachtadh i Laos.<\/p>\n\n\n\n<h3 class=\"wp-block-heading\" id=\"h-2-tone-system-a-defining-lao-feature\">2. C\u00f3ras Ton: Gn\u00e9 Sainmh\u00ednithe Lao<\/h3>\n\n\n\n<p>Ceann de na gn\u00e9ithe is suntasa\u00ed de ghramadach Laos is ea a ch\u00f3ras toin. D\u00e9antar consan a ghr\u00fap\u00e1il i ranganna arda, l\u00e1rnacha agus \u00edseal, a idirghn\u00edomha\u00edonn le marcanna ton, fad guta, agus cine\u00e1l siolla chun ton a chinneadh. T\u00e1 s\u00e9 r\u00edth\u00e1bhachtach do chumars\u00e1id chruinn i Lao tuiscint a fh\u00e1il ar an gcaoi a m\u00fanla\u00edonn ranganna consan agus marcanna toin fuaimni\u00fa.<\/p>\n\n\n\n<h3 class=\"wp-block-heading\" id=\"h-3-nouns-and-pronouns-classifiers-and-politeness\">3. Ainmfhocail agus Forainmneacha: Aicmitheoir\u00ed agus Dea-bh\u00e9asa<\/h3>\n\n\n\n<p>N\u00edl inscne n\u00f3 c\u00e1s gramada\u00ed ag ainmfhocail Lao, agus is gn\u00e1ch go gcuirtear iolra\u00ed in i\u00fal le focail cos\u00fail le &#8220;go leor&#8221; n\u00f3 le haicmititheoir\u00ed seachas infhillte. Cuims\u00edonn forainmneacha i Laos foirmeacha pearsanta, sealbhacha, machnamhacha, l\u00e9iritheacha agus ceisti\u00fala, le go leor roghanna m\u00fanlaithe ag aois, st\u00e1das agus b\u00e9asa. M\u00e1 \u00e9ir\u00edonn t\u00fa eolach ar na forainmneacha, aicmitheoir\u00ed agus an marc\u00f3ir sealbhach &#8220;khong&#8221; feabhs\u00f3idh s\u00e9 go suntasach do thuiscint ar ghramadach Laos.<\/p>\n\n\n\n<h3 class=\"wp-block-heading\" id=\"h-4-verbs-structure-and-conjugation\">4. Briathra: Strucht\u00far agus Comhchuingi\u00fa<\/h3>\n\n\n\n<p>N\u00ed chomhchuing\u00edonn briathra Lao le haghaidh aimsir, gi\u00famar, n\u00f3 duine. Cuirtear am agus gn\u00e9 in i\u00fal le c\u00e1ithn\u00edn\u00ed ar n\u00f3s &#8220;kamlang&#8221; le haghaidh for\u00e1sach, &#8220;laew&#8221; le haghaidh gn\u00edomhartha cr\u00edochnaithe, agus &#8220;si&#8221; le haghaidh todhcha\u00ed. Crutha\u00edtear br\u00edonna coinn\u00edollach agus \u00e9igeantacha le c\u00e1ithn\u00edn\u00ed agus comhth\u00e9acs. M\u00e1 fhoghlaim\u00edonn t\u00fa conas a \u00fas\u00e1ideann Lao c\u00e1ithn\u00edn\u00ed, briathra sraitheacha, agus copulas cos\u00fail le &#8220;peann&#8221; le haghaidh f\u00e9ini\u00falachta agus &#8220;yu&#8221; le haghaidh su\u00edmh, feabhs\u00f3idh s\u00e9 do chumas cumars\u00e1id \u00e9ifeachtach a dh\u00e9anamh i Lao.<\/p>\n\n\n\n<h3 class=\"wp-block-heading\" id=\"h-5-adjectives-agreement-and-placement\">5. Aidiachta\u00ed: Comhaont\u00fa agus Socr\u00fach\u00e1n<\/h3>\n\n\n\n<p>I ngramadach Laos, is gn\u00e1ch go leanann aidiachta\u00ed an t-ainmfhocal a mhodhna\u00edonn siad agus n\u00ed aonta\u00edonn siad in inscne n\u00f3 uimhir. T\u00f3gtar compar\u00e1id\u00ed agus superlatives le c\u00e1ithn\u00edn\u00ed mar &#8220;kwaa&#8221; le haghaidh &#8220;n\u00edos m\u00f3 n\u00e1&#8221; agus &#8220;thi sut&#8221; le haghaidh &#8220;an chuid is m\u00f3,&#8221; at\u00e1 riachtanach chun foghlaim cumars\u00e1id n\u00edos n\u00e1d\u00fartha.<\/p>\n\n\n\n<p><strong>Sampla\u00ed:<\/strong><\/p>\n\n\n\n<p><strong>&#8211; Khw\u0101m Hak Nyai (Gr\u00e1 M\u00f3r)<\/strong><\/p>\n\n\n\n<p><strong>\u2013 Dek N\u00f2i (p\u00e1ist\u00ed beaga)<\/strong><\/p>\n\n\n\n<h3 class=\"wp-block-heading\" id=\"h-6-engaging-with-the-language\">6. Dul i ngleic leis an teanga<\/h3>\n\n\n\n<p>Is \u00e9 an bealach is \u00e9ifeachta\u00ed chun <a href=\"https:\/\/talkpal.ai\/lao-grammar\/\">gramadach Lao<\/a> a thuiscint agus a inmhe\u00e1n\u00fa go hioml\u00e1n n\u00e1 dul i ngleic go comhsheasmhach leis an teanga. Tr\u00ed litr\u00edocht Lao a l\u00e9amh, f\u00e9achaint ar scann\u00e1in n\u00f3 sraitheanna teilif\u00edse Lao, agus cumars\u00e1id ghn\u00edomhach a dh\u00e9anamh le cainteoir\u00ed d\u00fachais, treiseoidh t\u00fa do thuiscint ar an ngramadach agus leathn\u00f3idh t\u00fa do st\u00f3r focal.<\/p>\n\n\n\n<h3 class=\"wp-block-heading\" id=\"h-conclusion\">Concl\u00faid<\/h3>\n\n\n\n<p>C\u00e9 go bhf\u00e9adfadh gramadach Laos a bheith casta, is f\u00e9idir leat a bheith inni\u00fail sa teanga \u00e1lainn seo le d\u00fathracht, cleachtas agus d\u00edograis. Tr\u00ed dh\u00edri\u00fa ar na rialacha bun\u00fasacha agus dul i ngleic leis an teanga i gcomhth\u00e9acsanna \u00e9ags\u00fala, feabhs\u00f3idh t\u00fa do <a href=\"https:\/\/talkpal.ai\/ga\/gramadach\/\">scileanna gramada\u00ed<\/a> Laos go tapa. Sok dii (\u00e1dh m\u00f3r) le do thuras teanga Laos, agus bain taitneamh as domhan enigmatic ach mealltach <a href=\"https:\/\/talkpal.ai\/ga\/cleachtai-gramadai-laos\/\">gramada\u00ed Laos<\/a> a nochtadh!<\/p>\n<\/div><\/div>\n\r\n<section class=\"learnNavigationSection\">\r\n            \r\n        <a href=\"https:\/\/talkpal.ai\/ga\/foghlaim-lao\/\">\r\n            <div class=\"learnNavigationWrapper\">\r\n                <div class=\"learnNavigationContent\">\r\n                    <img decoding=\"async\" src=\"https:\/\/talkpal.ai\/wp-content\/uploads\/2025\/11\/Lao-1.png\" alt=\"Laotian Flag\">\r\n                    <div>\r\n                        <h4>Maidir le Lao Learning<\/h4>\r\n                        <p>Faigh amach gach rud faoi Lao Grammar.<\/p>\r\n                    <\/div>\r\n                <\/div>\r\n            <\/div>\r\n        <\/a>\r\n\r\n        \r\n        <a href=\"https:\/\/talkpal.ai\/ga\/cleachtai-gramadai-laos\/\">\r\n            <div class=\"learnNavigationWrapper\">\r\n                <div class=\"learnNavigationContent\">\r\n                    <img decoding=\"async\" src=\"https:\/\/talkpal.ai\/wp-content\/uploads\/2025\/11\/Lao-1.png\" alt=\"Laotian Flag\">\r\n                    <div>\r\n                        <h4>Cleachtadh Gramada\u00ed Laos<\/h4>\r\n                        <p>Cleachtadh gramadach Lao.<\/p>\r\n                    <\/div>\r\n                <\/div>\r\n            <\/div>\r\n        <\/a>\r\n\r\n            <\/section>","protected":false},"excerpt":{"rendered":"<p>Nasclean\u00faint a dh\u00e9anamh ar Intricacies Gramadach Laos Cuireann Lao, teanga Tai-Kadai le stair shaibhir agus t\u00e1bhacht chult\u00fartha, eisp\u00e9ireas teangeola\u00edoch spreag\u00fail d\u00f3ibh si\u00fad ar mian leo a ch\u00f3ras gramada\u00ed uath\u00fail a ini\u00fachadh. Agus t\u00fa ag dul isteach i r\u00e9imse Laos, n\u00ed hamh\u00e1in go saibhreoidh t\u00fa do repertoire teangeola\u00edoch ach glacfaidh t\u00fa le turas cult\u00fartha suimi\u00fail freisin. [&hellip;]<\/p>\n","protected":false},"author":20,"featured_media":0,"parent":0,"menu_order":0,"comment_status":"closed","ping_status":"closed","template":"LearningContentPage.php","meta":{"_acf_changed":false,"footnotes":""},"class_list":["post-1476203","page","type-page","status-publish","hentry"],"acf":[],"yoast_head":"<!-- This site is optimized with the Yoast SEO Premium plugin v27.2 (Yoast SEO v27.2) - https:\/\/yoast.com\/product\/yoast-seo-premium-wordpress\/ -->\n<title>Gramadach Laos - Talkpal<\/title>\n<meta name=\"description\" content=\"M\u00fain bunghn\u00e9ithe gramada\u00ed na Laoise, lena n-\u00e1ir\u00edtear an c\u00f3ras toin agus strucht\u00far abairt\u00ed, chun do chumas teanga a fheabhs\u00fa le Talkpal.\" \/>\n<meta name=\"robots\" content=\"index, follow, max-snippet:-1, max-image-preview:large, max-video-preview:-1\" \/>\n<link rel=\"canonical\" href=\"https:\/\/talkpal.ai\/ga\/gramadach-laos\/\" \/>\n<meta property=\"og:locale\" content=\"ga_IE\" \/>\n<meta property=\"og:type\" content=\"article\" \/>\n<meta property=\"og:title\" content=\"Gramadach Laos\" \/>\n<meta property=\"og:description\" content=\"Nasclean\u00faint a dh\u00e9anamh ar Intricacies Gramadach Laos Cuireann Lao, teanga Tai-Kadai le stair shaibhir agus t\u00e1bhacht chult\u00fartha, eisp\u00e9ireas teangeola\u00edoch\" \/>\n<meta property=\"og:url\" content=\"https:\/\/talkpal.ai\/ga\/gramadach-laos\/\" \/>\n<meta property=\"og:site_name\" content=\"Talkpal\" \/>\n<meta property=\"article:publisher\" content=\"https:\/\/www.facebook.com\/profile.php?id=100090733639311\" \/>\n<meta property=\"article:modified_time\" content=\"2025-12-30T14:14:14+00:00\" \/>\n<meta property=\"og:image\" content=\"https:\/\/talkpal.ai\/wp-content\/uploads\/2025\/02\/Progress-tab-16_9.png\" \/>\n\t<meta property=\"og:image:width\" content=\"2880\" \/>\n\t<meta property=\"og:image:height\" content=\"1620\" \/>\n\t<meta property=\"og:image:type\" content=\"image\/png\" \/>\n<meta name=\"twitter:card\" content=\"summary_large_image\" \/>\n<meta name=\"twitter:site\" content=\"@talkpalai\" \/>\n<meta name=\"twitter:label1\" content=\"Est. reading time\" \/>\n\t<meta name=\"twitter:data1\" content=\"4 minutes\" \/>\n<script type=\"application\/ld+json\" class=\"yoast-schema-graph\">{\"@context\":\"https:\/\/schema.org\",\"@graph\":[{\"@type\":\"WebPage\",\"@id\":\"https:\/\/talkpal.ai\/ga\/gramadach-laos\/\",\"url\":\"https:\/\/talkpal.ai\/ga\/gramadach-laos\/\",\"name\":\"Gramadach Laos - Talkpal\",\"isPartOf\":{\"@id\":\"https:\/\/talkpal.ai\/ga\/#website\"},\"datePublished\":\"2025-11-12T12:14:52+00:00\",\"dateModified\":\"2025-12-30T14:14:14+00:00\",\"description\":\"M\u00fain bunghn\u00e9ithe gramada\u00ed na Laoise, lena n-\u00e1ir\u00edtear an c\u00f3ras toin agus strucht\u00far abairt\u00ed, chun do chumas teanga a fheabhs\u00fa le Talkpal.\",\"breadcrumb\":{\"@id\":\"https:\/\/talkpal.ai\/ga\/gramadach-laos\/#breadcrumb\"},\"inLanguage\":\"ga-IE\",\"potentialAction\":[{\"@type\":\"ReadAction\",\"target\":[\"https:\/\/talkpal.ai\/ga\/gramadach-laos\/\"]}]},{\"@type\":\"BreadcrumbList\",\"@id\":\"https:\/\/talkpal.ai\/ga\/gramadach-laos\/#breadcrumb\",\"itemListElement\":[{\"@type\":\"ListItem\",\"position\":1,\"name\":\"Homepage\",\"item\":\"https:\/\/talkpal.ai\/ga\/\"},{\"@type\":\"ListItem\",\"position\":2,\"name\":\"Gramadach Laos\"}]},{\"@type\":\"WebSite\",\"@id\":\"https:\/\/talkpal.ai\/ga\/#website\",\"url\":\"https:\/\/talkpal.ai\/ga\/\",\"name\":\"Talkpal\",\"description\":\"AI Language Learning\",\"publisher\":{\"@id\":\"https:\/\/talkpal.ai\/ga\/#organization\"},\"alternateName\":\"Talkpal AI\",\"potentialAction\":[{\"@type\":\"SearchAction\",\"target\":{\"@type\":\"EntryPoint\",\"urlTemplate\":\"https:\/\/talkpal.ai\/ga\/?s={search_term_string}\"},\"query-input\":{\"@type\":\"PropertyValueSpecification\",\"valueRequired\":true,\"valueName\":\"search_term_string\"}}],\"inLanguage\":\"ga-IE\"},{\"@type\":\"Organization\",\"@id\":\"https:\/\/talkpal.ai\/ga\/#organization\",\"name\":\"Talkpal, Inc.\",\"alternateName\":\"Talkpal AI\",\"url\":\"https:\/\/talkpal.ai\/ga\/\",\"logo\":{\"@type\":\"ImageObject\",\"inLanguage\":\"ga-IE\",\"@id\":\"https:\/\/talkpal.ai\/ga\/#\/schema\/logo\/image\/\",\"url\":\"https:\/\/talkpal.ai\/wp-content\/uploads\/2024\/03\/Talkpal-Logo-Icon.png\",\"contentUrl\":\"https:\/\/talkpal.ai\/wp-content\/uploads\/2024\/03\/Talkpal-Logo-Icon.png\",\"width\":2880,\"height\":2880,\"caption\":\"Talkpal, Inc.\"},\"image\":{\"@id\":\"https:\/\/talkpal.ai\/ga\/#\/schema\/logo\/image\/\"},\"sameAs\":[\"https:\/\/www.facebook.com\/profile.php?id=100090733639311\",\"https:\/\/x.com\/talkpalai\",\"https:\/\/www.linkedin.com\/company\/talkpal\/\",\"https:\/\/www.youtube.com\/@TalkPal\/\",\"https:\/\/www.tiktok.com\/@talkpal\",\"https:\/\/www.instagram.com\/talkpal_ai\/\",\"https:\/\/www.crunchbase.com\/organization\/talkpal-9cde\",\"https:\/\/www.g2.com\/products\/talkpal-for-business\/\",\"https:\/\/www.trustpilot.com\/review\/talkpal.ai\",\"https:\/\/www.capterra.com\/p\/10006800\/TalkPal\/\"],\"description\":\"Talkpal is a language learning web and mobile education app, powered by the latest AI technologies, that provides engaging experiences to its customers in many different languages to help them improve their language skills. Users can chat about unlimited amount of topics with the app and use other modes to practice their language learning.\",\"email\":\"support@talkpal.ai\",\"legalName\":\"Talkpal, Inc.\",\"foundingDate\":\"2023-04-03\",\"duns\":\"118989042\",\"numberOfEmployees\":{\"@type\":\"QuantitativeValue\",\"minValue\":\"11\",\"maxValue\":\"50\"},\"publishingPrinciples\":\"https:\/\/talkpal.ai\/publishing-principles\/\",\"actionableFeedbackPolicy\":\"https:\/\/talkpal.ai\/actionable-feedback-policy\/\",\"correctionsPolicy\":\"https:\/\/talkpal.ai\/corrections-policy\/\",\"ethicsPolicy\":\"https:\/\/talkpal.ai\/ethics-policy\/\",\"diversityPolicy\":\"https:\/\/talkpal.ai\/diversity-policy\/\",\"diversityStaffingReport\":\"https:\/\/talkpal.ai\/diversity-policy\/\"}]}<\/script>\n<!-- \/ Yoast SEO Premium plugin. -->","yoast_head_json":{"title":"Gramadach Laos - Talkpal","description":"M\u00fain bunghn\u00e9ithe gramada\u00ed na Laoise, lena n-\u00e1ir\u00edtear an c\u00f3ras toin agus strucht\u00far abairt\u00ed, chun do chumas teanga a fheabhs\u00fa le Talkpal.","robots":{"index":"index","follow":"follow","max-snippet":"max-snippet:-1","max-image-preview":"max-image-preview:large","max-video-preview":"max-video-preview:-1"},"canonical":"https:\/\/talkpal.ai\/ga\/gramadach-laos\/","og_locale":"ga_IE","og_type":"article","og_title":"Gramadach Laos","og_description":"Nasclean\u00faint a dh\u00e9anamh ar Intricacies Gramadach Laos Cuireann Lao, teanga Tai-Kadai le stair shaibhir agus t\u00e1bhacht chult\u00fartha, eisp\u00e9ireas teangeola\u00edoch","og_url":"https:\/\/talkpal.ai\/ga\/gramadach-laos\/","og_site_name":"Talkpal","article_publisher":"https:\/\/www.facebook.com\/profile.php?id=100090733639311","article_modified_time":"2025-12-30T14:14:14+00:00","og_image":[{"width":2880,"height":1620,"url":"https:\/\/talkpal.ai\/wp-content\/uploads\/2025\/02\/Progress-tab-16_9.png","type":"image\/png"}],"twitter_card":"summary_large_image","twitter_site":"@talkpalai","twitter_misc":{"Est. reading time":"4 minutes"},"schema":{"@context":"https:\/\/schema.org","@graph":[{"@type":"WebPage","@id":"https:\/\/talkpal.ai\/ga\/gramadach-laos\/","url":"https:\/\/talkpal.ai\/ga\/gramadach-laos\/","name":"Gramadach Laos - Talkpal","isPartOf":{"@id":"https:\/\/talkpal.ai\/ga\/#website"},"datePublished":"2025-11-12T12:14:52+00:00","dateModified":"2025-12-30T14:14:14+00:00","description":"M\u00fain bunghn\u00e9ithe gramada\u00ed na Laoise, lena n-\u00e1ir\u00edtear an c\u00f3ras toin agus strucht\u00far abairt\u00ed, chun do chumas teanga a fheabhs\u00fa le Talkpal.","breadcrumb":{"@id":"https:\/\/talkpal.ai\/ga\/gramadach-laos\/#breadcrumb"},"inLanguage":"ga-IE","potentialAction":[{"@type":"ReadAction","target":["https:\/\/talkpal.ai\/ga\/gramadach-laos\/"]}]},{"@type":"BreadcrumbList","@id":"https:\/\/talkpal.ai\/ga\/gramadach-laos\/#breadcrumb","itemListElement":[{"@type":"ListItem","position":1,"name":"Homepage","item":"https:\/\/talkpal.ai\/ga\/"},{"@type":"ListItem","position":2,"name":"Gramadach Laos"}]},{"@type":"WebSite","@id":"https:\/\/talkpal.ai\/ga\/#website","url":"https:\/\/talkpal.ai\/ga\/","name":"Talkpal","description":"AI Language Learning","publisher":{"@id":"https:\/\/talkpal.ai\/ga\/#organization"},"alternateName":"Talkpal AI","potentialAction":[{"@type":"SearchAction","target":{"@type":"EntryPoint","urlTemplate":"https:\/\/talkpal.ai\/ga\/?s={search_term_string}"},"query-input":{"@type":"PropertyValueSpecification","valueRequired":true,"valueName":"search_term_string"}}],"inLanguage":"ga-IE"},{"@type":"Organization","@id":"https:\/\/talkpal.ai\/ga\/#organization","name":"Talkpal, Inc.","alternateName":"Talkpal AI","url":"https:\/\/talkpal.ai\/ga\/","logo":{"@type":"ImageObject","inLanguage":"ga-IE","@id":"https:\/\/talkpal.ai\/ga\/#\/schema\/logo\/image\/","url":"https:\/\/talkpal.ai\/wp-content\/uploads\/2024\/03\/Talkpal-Logo-Icon.png","contentUrl":"https:\/\/talkpal.ai\/wp-content\/uploads\/2024\/03\/Talkpal-Logo-Icon.png","width":2880,"height":2880,"caption":"Talkpal, Inc."},"image":{"@id":"https:\/\/talkpal.ai\/ga\/#\/schema\/logo\/image\/"},"sameAs":["https:\/\/www.facebook.com\/profile.php?id=100090733639311","https:\/\/x.com\/talkpalai","https:\/\/www.linkedin.com\/company\/talkpal\/","https:\/\/www.youtube.com\/@TalkPal\/","https:\/\/www.tiktok.com\/@talkpal","https:\/\/www.instagram.com\/talkpal_ai\/","https:\/\/www.crunchbase.com\/organization\/talkpal-9cde","https:\/\/www.g2.com\/products\/talkpal-for-business\/","https:\/\/www.trustpilot.com\/review\/talkpal.ai","https:\/\/www.capterra.com\/p\/10006800\/TalkPal\/"],"description":"Talkpal is a language learning web and mobile education app, powered by the latest AI technologies, that provides engaging experiences to its customers in many different languages to help them improve their language skills. Users can chat about unlimited amount of topics with the app and use other modes to practice their language learning.","email":"support@talkpal.ai","legalName":"Talkpal, Inc.","foundingDate":"2023-04-03","duns":"118989042","numberOfEmployees":{"@type":"QuantitativeValue","minValue":"11","maxValue":"50"},"publishingPrinciples":"https:\/\/talkpal.ai\/publishing-principles\/","actionableFeedbackPolicy":"https:\/\/talkpal.ai\/actionable-feedback-policy\/","correctionsPolicy":"https:\/\/talkpal.ai\/corrections-policy\/","ethicsPolicy":"https:\/\/talkpal.ai\/ethics-policy\/","diversityPolicy":"https:\/\/talkpal.ai\/diversity-policy\/","diversityStaffingReport":"https:\/\/talkpal.ai\/diversity-policy\/"}]}},"_links":{"self":[{"href":"https:\/\/talkpal.ai\/ga\/wp-json\/wp\/v2\/pages\/1476203","targetHints":{"allow":["GET"]}}],"collection":[{"href":"https:\/\/talkpal.ai\/ga\/wp-json\/wp\/v2\/pages"}],"about":[{"href":"https:\/\/talkpal.ai\/ga\/wp-json\/wp\/v2\/types\/page"}],"author":[{"embeddable":true,"href":"https:\/\/talkpal.ai\/ga\/wp-json\/wp\/v2\/users\/20"}],"replies":[{"embeddable":true,"href":"https:\/\/talkpal.ai\/ga\/wp-json\/wp\/v2\/comments?post=1476203"}],"version-history":[{"count":0,"href":"https:\/\/talkpal.ai\/ga\/wp-json\/wp\/v2\/pages\/1476203\/revisions"}],"wp:attachment":[{"href":"https:\/\/talkpal.ai\/ga\/wp-json\/wp\/v2\/media?parent=1476203"}],"curies":[{"name":"wp","href":"https:\/\/api.w.org\/{rel}","templated":true}]}}