{"id":1476198,"date":"2025-11-12T11:25:18","date_gmt":"2025-11-12T11:25:18","guid":{"rendered":"https:\/\/talkpal.ai\/cleachtai-gramadai-na-gcimearach\/"},"modified":"2025-12-30T14:44:04","modified_gmt":"2025-12-30T14:44:04","slug":"cleachtai-gramadai-na-gcimearach","status":"publish","type":"page","link":"https:\/\/talkpal.ai\/ga\/cleachtai-gramadai-na-gcimearach\/","title":{"rendered":"Cleachta\u00ed Gramada\u00ed na gCim\u00e9arach"},"content":{"rendered":"\r\n\r\n\r\n<section class=\"languageChallengeSection\">\r\n    <div class=\"languageInfoWrapper\">\r\n        \r\n        <h1>Cleachta\u00ed Gramada\u00ed na gCim\u00e9arach<\/h1>\r\n        <p>R\u00e9idh le tumadh isteach i ngramadach na gCim\u00e9arach? Cabhr\u00f3idh cleachtadh c\u00fapla bun\u00fasach leat a bheith compordach leis an teanga uath\u00fail agus \u00e1lainn seo. Bain triail as na cleachta\u00ed seo chun do mhuin\u00edn a th\u00f3g\u00e1il agus spraoi a bheith agat ar an mbealach!<\/p>\r\n\r\n                            <a class=\"getStartedHidden\" href=\"https:\/\/app.talkpal.ai\/signup?lng=\">Tosaigh<\/a>\r\n        \r\n    <\/div>\r\n\r\n    <figure>\r\n    <img decoding=\"async\" width=\"768\" height=\"768\" src=\"https:\/\/talkpal.ai\/wp-content\/uploads\/2023\/06\/welsh-768x768.png\" class=\"languageImage no-lazy\" alt=\"Language learning for better cognitive abilities\" fetchpriority=\"high\" sizes=\"(max-width: 768px) 150px, 768px\" srcset=\"https:\/\/talkpal.ai\/wp-content\/uploads\/2023\/06\/welsh-768x768.png 768w, https:\/\/talkpal.ai\/wp-content\/uploads\/2023\/06\/welsh-300x300.png 300w\" \/>\r\n    \r\n\r\n    <\/figure>\r\n\r\n            <a class=\"getStartedVisible\" href=\"https:\/\/app.talkpal.ai\/signup?lng=\">Tosaigh<\/a>\r\n    \r\n<\/section><section class=\"promotionalBanner\">\r\n    <p class=\"promotionalText\">An bealach is \u00e9ifeachta\u00ed le teanga a fhoghlaim<\/p>\r\n    <a class=\"promotionalLink\" href=\"https:\/\/app.talkpal.ai\/signup?lng=\">Bain triail as Talkpal saor in aisce<\/a>\r\n<\/section>\n<div class=\"wp-block-group pageContainerStyle\"><div class=\"wp-block-group__inner-container is-layout-constrained wp-block-group-is-layout-constrained\">\n<h2 class=\"wp-block-heading\" id=\"h-khmer-grammar-topics\">Topaic\u00ed Gramada\u00ed na gCim\u00e9arach<\/h2>\n\n\n\n<p><a href=\"https:\/\/talkpal.ai\/ga\/na-botuin-is-mo-le-seachaint-agus-teanga-nua-a-fhoghlaim-agat\/\">Is f\u00e9idir le teanga nua a fhoghlaim<\/a> a bheith ina iarracht dh\u00fashl\u00e1nach ach luachmhar. N\u00ed haon eisceacht \u00ed na Cim\u00e9araigh, teanga Austroasiatic a labhra\u00edtear go pr\u00edomha sa Chamb\u00f3id. Lena strucht\u00far anail\u00edseach agus a ch\u00e1ithn\u00edn\u00ed saini\u00fala <a href=\"https:\/\/talkpal.ai\/ga\/talkpal-don-oideachas\/\">,<\/a> \u00e9il\u00edonn foghlaim na gCim\u00e9arach cur chuige c\u00f3rasach chun tuiscint a fh\u00e1il ar an gcaoi a dt\u00f3gtar br\u00ed gan infhilleadh. Tugann an treoir seo breac-chuntas ar na pr\u00edomhr\u00e9ims\u00ed de <a href=\"https:\/\/talkpal.ai\/ga\/gramadach-na-gcimearach\/\">ghramadach na gCim\u00e9arach<\/a> i seicheamh loighci\u00fail <a href=\"https:\/\/talkpal.ai\/ga\/ai-chatbot-dfhoghlaim-teangacha\/\">d&#8217;fhoghlaim teanga<\/a>, ag tos\u00fa \u00f3 na bunghn\u00e9ithe ar n\u00f3s ainmfhocail agus ailt, agus ag dul ar aghaidh go r\u00e9ims\u00ed n\u00edos casta cos\u00fail le aimsir agus t\u00f3g\u00e1il abairte.<\/p>\n\n\n\n<h3 class=\"wp-block-heading\" id=\"h-1-nouns\">1. Ainmfhocail:<\/h3>\n\n\n\n<p>Cuir t\u00fas le do thuras teanga <a href=\"https:\/\/talkpal.ai\/learn-khmer\/\">Khmer<\/a> tr\u00ed na hainmfhocail a fhoghlaim. \u00c1ir\u00edtear leis seo ainmfhocail choitianta agus d\u00edlse a thuiscint, an chaoi a l\u00e9ir\u00edtear iolrachas go minic le cainn\u00edocht\u00f3ir\u00ed, aicmitheoir\u00ed, n\u00f3 athdh\u00fabailt seachas infhilleadh, agus easpa inscne n\u00f3 c\u00e1s gramada\u00ed.<\/p>\n\n\n\n<h3 class=\"wp-block-heading\" id=\"h-2-articles\">2. Airteagail:<\/h3>\n\n\n\n<p>N\u00ed \u00fas\u00e1ideann na Cim\u00e9araigh ailt chinnte n\u00f3 \u00e9iginnte mar at\u00e1 i <a href=\"https:\/\/talkpal.ai\/ai-english-speaking-practice\/\">mB\u00e9arla<\/a>. Cuirtear cinnteacht in i\u00fal tr\u00ed chomhth\u00e9acs n\u00f3 l\u00e9irithe ar n\u00f3s \u1793\u17c1\u17c7 this agus \u1793\u17c4\u17c7 that, c\u00e9 gur f\u00e9idir \u00e9iginnteacht a thaispe\u00e1int leis an uimhir \u1798\u17bd\u1799 one n\u00f3 focail cos\u00fail le \u1798\u17bd\u1799\u1785\u17c6\u1793\u17bd\u1793 roinnt.<\/p>\n\n\n\n<h3 class=\"wp-block-heading\" id=\"h-3-adjectives\">3. Aidiachta\u00ed:<\/h3>\n\n\n\n<p>De ghn\u00e1th leanann aidiachta\u00ed i gCim\u00e9araigh a n-ainmfhocail agus is f\u00e9idir leo feidhmi\u00fa mar bhriathra stative i r\u00e9amhr\u00e1. Foghlaim marc\u00f3ir\u00ed c\u00e9ime agus compar\u00e1id, mar shampla \u178e\u17b6\u179f\u17cb an-, \u1787\u17b6\u1784 le haghaidh compar\u00e1ideach, agus \u1787\u17b6\u1784\u1782\u17c1 le haghaidh superlative, chomh maith le hathdh\u00fabailt le haghaidh b\u00e9im.<\/p>\n\n\n\n<h3 class=\"wp-block-heading\" id=\"h-4-pronouns-determiners\">4. Forainmneacha \/ Cinntitheoir\u00ed:<\/h3>\n\n\n\n<p>T\u00e1 forainmneacha agus determiners riachtanach i gCim\u00e9arach agus l\u00e9ir\u00edonn siad leibh\u00e9il foirmi\u00falachta agus caidrimh sh\u00f3isialta. M\u00e1istreacht ar fhorainmneacha pearsanta, taispe\u00e1ntais, cainn\u00edocht\u00fair, uimhreacha le haicmithitheoir\u00ed, agus seilbh ag baint \u00fas\u00e1ide as \u179a\u1794\u179f\u17cb n\u00f3 seichimh ainmfhocal-ainmfhocal le haghaidh cumars\u00e1ide soil\u00e9ire agus cu\u00ed.<\/p>\n\n\n\n<h3 class=\"wp-block-heading\" id=\"h-5-verbs\">5. Briathra:<\/h3>\n\n\n\n<p>N\u00ed chomhchuing\u00edonn briathra na gCim\u00e9arach le haghaidh duine n\u00f3 aimsir. Taispe\u00e1ntar gn\u00e9, am, agus gi\u00famar le c\u00e1ithn\u00edn\u00ed agus adverbs, mar shampla \u1780\u17c6\u1796\u17bb\u1784 for\u00e1sach, \u1794\u17b6\u1793 cr\u00edochnaithe n\u00f3 caite, \u1793\u17b9\u1784 todhcha\u00ed n\u00f3 intinn, \u1791\u17be\u1794 d\u00edreach, agus \u178f\u17c2\u1784 gn\u00e1th, chomh maith le t\u00f3g\u00e1lacha briathra sraitheacha agus \u00fas\u00e1id theoranta copulas cos\u00fail le \u1787\u17b6 le haghaidh aicmi\u00fa agus \u1793\u17c5 le haghaidh su\u00edomh.<\/p>\n\n\n\n<h3 class=\"wp-block-heading\" id=\"h-6-tenses\">6. Aimsir:<\/h3>\n\n\n\n<p>Tar \u00e9is duit m\u00e1istreacht a dh\u00e9anamh ar \u00fas\u00e1id briathar, d\u00e9an ini\u00fachadh ar an gcaoi a gcuireann na Cim\u00e9araigh am in i\u00fal gan aimsir infhillte. Is minic a bh\u00edonn an t-am i l\u00e1thair gan mharc\u00e1il, l\u00e9ir\u00edtear an t-am at\u00e1 thart go coitianta le \u1794\u17b6\u1793 n\u00f3 nathanna <a href=\"https:\/\/talkpal.ai\/locations\/language-courses-in-ama\/\">ama<\/a>, agus taispe\u00e1ntar todhcha\u00ed n\u00f3 intinn le \u1793\u17b9\u1784 n\u00f3 comhth\u00e9acs, le nuance cr\u00edochnaithe marc\u00e1ilte go minic le \u17a0\u17be\u1799 cheana f\u00e9in.<\/p>\n\n\n\n<h3 class=\"wp-block-heading\" id=\"h-7-tense-comparison\">7. Compar\u00e1id aimsire:<\/h3>\n\n\n\n<p>D\u00edr\u00edonn compar\u00e1id idir am agus gn\u00e9 i gCim\u00e9arach ar ch\u00e1ithn\u00edn\u00ed agus ar adverbs seachas ar athruithe briathar. Ag baint \u00fas\u00e1ide as an mbriathar c\u00e9anna le c\u00e1ithn\u00edn\u00ed mar \u1794\u17b6\u1793, \u1793\u17b9\u1784, agus \u1780\u17c6\u1796\u17bb\u1784 i gcomhth\u00e9acsanna \u00e9ags\u00fala, soil\u00e9ireoidh s\u00e9 conas a chuirtear seichimh imeachta\u00ed in i\u00fal.<\/p>\n\n\n\n<h3 class=\"wp-block-heading\" id=\"h-8-progressive\">8. For\u00e1sach:<\/h3>\n\n\n\n<p>\u00das\u00e1idtear an for\u00e1sach i gCim\u00e9arach chun gn\u00edomhartha lean\u00fanacha a <a href=\"https:\/\/talkpal.ai\/locations\/language-courses-in-chur\/\">chur<\/a> in i\u00fal. D\u00e9antar \u00e9 tr\u00ed \u1780\u17c6\u1796\u17bb\u1784 a chur roimh an bpr\u00edomhbhriathar, le \u178f\u17c2 roghnach le haghaidh b\u00e9im, agus is f\u00e9idir \u00e9 a chomhcheangal le nathanna ama ar mhaithe le soil\u00e9ireacht.<\/p>\n\n\n\n<h3 class=\"wp-block-heading\" id=\"h-9-perfect-progressive\">9. For\u00e1sach Foirfe:<\/h3>\n\n\n\n<p>\u00das\u00e1idtear \u00e9 seo chun gn\u00edomhartha a bh\u00ed ar si\u00fal go dt\u00ed pointe \u00e1irithe a chur in i\u00fal. I gCim\u00e9aracha, is f\u00e9idir lean\u00fanachas go dt\u00ed seo a thaispe\u00e1int le \u1780\u17c6\u1796\u17bb\u1784 &#8230; \u1798\u1780 n\u00f3 \u1794\u17b6\u1793 + briathar + \u1798\u1780 mar aon le fr\u00e1sa\u00ed fad, ag brath ar chomhth\u00e9acs agus b\u00e9im.<\/p>\n\n\n\n<h3 class=\"wp-block-heading\" id=\"h-10-conditionals\">10. Coinn\u00edollacha:<\/h3>\n\n\n\n<p>Cuireann coinn\u00edollach c\u00e1sanna agus tortha\u00ed hipit\u00e9iseacha in i\u00fal. Is minic a \u00fas\u00e1ideann na Cim\u00e9araigh \u1794\u17be n\u00f3 \u1794\u17d2\u179a\u179f\u17b7\u1793\u1794\u17be le haghaidh m\u00e1s sa chl\u00e1sal coinn\u00edoll, agus is minic a bh\u00edonn an toradh marc\u00e1ilte ag c\u00e1ithn\u00edn\u00ed ar n\u00f3s \u1793\u17c4\u17c7 n\u00f3 modhanna cu\u00ed le haghaidh nuance.<\/p>\n\n\n\n<h3 class=\"wp-block-heading\" id=\"h-11-adverbs\">11. Adverbs:<\/h3>\n\n\n\n<p>Athra\u00edonn adverbs i gCim\u00e9araigh briathra, aidiachta\u00ed, n\u00f3 adverbs eile agus cuims\u00edonn siad modh, \u00e1it, am agus c\u00e9im. T\u00e1 an seasamh sol\u00fabtha, le haidiacail ama go minic ag an t\u00fas, modh go minic tar \u00e9is an bhriathar, agus focail ch\u00e9ime cos\u00fail le \u178e\u17b6\u179f\u17d2\u178f\u17b7\u1785 ag m\u00fanl\u00fa d\u00e9ine.<\/p>\n\n\n\n<h3 class=\"wp-block-heading\" id=\"h-12-prepositions\">12. Prepositions:<\/h3>\n\n\n\n<p>Nascann r\u00e9amhfhocail focail agus fr\u00e1sa\u00ed chun caidrimh ama, \u00e1ite agus treo a thaispe\u00e1int. \u00das\u00e1ideann na Cim\u00e9araigh m\u00edreanna ar n\u00f3s \u1793\u17c5 ag n\u00f3 i, \u1791\u17c5 go, \u1796\u17b8 \u00f3, agus foirmeacha coibhneasta cos\u00fail le \u1781\u17b6\u1784\u1780\u17d2\u179a\u17c4\u1799 taobh thiar de agus \u179b\u17be ar, go minic i gcomhcheangal le hainmfhocail su\u00edmh.<\/p>\n\n\n\n<h3 class=\"wp-block-heading\" id=\"h-13-sentences\">13. Abairt\u00ed:<\/h3>\n\n\n\n<p>Ar deireadh, d\u00e9an cleachtadh ar abairt\u00ed a th\u00f3g\u00e1il. T\u00e1 claonadh ag na Cim\u00e9araigh i dtreo ord SVO le strucht\u00fair tr\u00e1chta \u00e1bhair go minic. M\u00e1istir s\u00e9anadh le \u1798\u17b7\u1793 &#8230; \u1791\u17c1 in \u00fas\u00e1id chaighde\u00e1nach agus i bhfoirmeacha colloquial coitianta, imperatives le c\u00e1ithn\u00edn\u00ed cos\u00fail le \u179f\u17bc\u1798, agus comhth\u00e1th\u00fa na bpoint\u00ed gramada\u00ed go l\u00e9ir a foghlaim\u00edodh roimhe seo i gcomhth\u00e9acs.<\/p>\n<\/div><\/div>\n\r\n<section class=\"learnNavigationSection\">\r\n            \r\n        <a href=\"https:\/\/talkpal.ai\/ga\/foghlaim-an-bhreatnais\/\">\r\n            <div class=\"learnNavigationWrapper\">\r\n                <div class=\"learnNavigationContent\">\r\n                    <img decoding=\"async\" src=\"https:\/\/talkpal.ai\/wp-content\/uploads\/2025\/11\/Khmer.png\" alt=\"Cambodian Flag\">\r\n                    <div>\r\n                        <h4>Maidir le Foghlaim na gCim\u00e9arach<\/h4>\r\n                        <p>Faigh amach gach rud faoi Ghramadach na gCim\u00e9arach.<\/p>\r\n                    <\/div>\r\n                <\/div>\r\n            <\/div>\r\n        <\/a>\r\n\r\n        \r\n        <a href=\"https:\/\/talkpal.ai\/ga\/gramadach-na-gcimearach\/\">\r\n            <div class=\"learnNavigationWrapper\">\r\n                <div class=\"learnNavigationContent\">\r\n                    <img decoding=\"async\" src=\"https:\/\/talkpal.ai\/wp-content\/uploads\/2025\/11\/Khmer.png\" alt=\"Cambodian Flag\">\r\n                    <div>\r\n                        <h4>Ceachtanna Gramada\u00ed na gCim\u00e9arach<\/h4>\r\n                        <p>Cleachtadh gramadach na gCim\u00e9arach.<\/p>\r\n                    <\/div>\r\n                <\/div>\r\n            <\/div>\r\n        <\/a>\r\n\r\n            <\/section>","protected":false},"excerpt":{"rendered":"<p>Topaic\u00ed Gramada\u00ed na gCim\u00e9arach Is f\u00e9idir le teanga nua a fhoghlaim a bheith ina iarracht dh\u00fashl\u00e1nach ach luachmhar. N\u00ed haon eisceacht \u00ed na Cim\u00e9araigh, teanga Austroasiatic a labhra\u00edtear go pr\u00edomha sa Chamb\u00f3id. Lena strucht\u00far anail\u00edseach agus a ch\u00e1ithn\u00edn\u00ed saini\u00fala , \u00e9il\u00edonn foghlaim na gCim\u00e9arach cur chuige c\u00f3rasach chun tuiscint a fh\u00e1il ar an gcaoi a [&hellip;]<\/p>\n","protected":false},"author":20,"featured_media":0,"parent":0,"menu_order":0,"comment_status":"closed","ping_status":"closed","template":"LearningContentPage.php","meta":{"_acf_changed":false,"footnotes":""},"class_list":["post-1476198","page","type-page","status-publish","hentry"],"acf":[],"yoast_head":"<!-- This site is optimized with the Yoast SEO Premium plugin v27.2 (Yoast SEO v27.2) - https:\/\/yoast.com\/product\/yoast-seo-premium-wordpress\/ -->\n<title>Cleachta\u00ed Gramada\u00ed na gCim\u00e9arach - Talkpal<\/title>\n<meta name=\"description\" content=\"Feabhsaigh do chumas le cleachta\u00ed gramada\u00ed idirghn\u00edomhacha Cim\u00e9iris at\u00e1 deartha chun cabhr\u00fa leat labhairt agus scr\u00edobh le muin\u00edn.\" \/>\n<meta name=\"robots\" content=\"index, follow, max-snippet:-1, max-image-preview:large, max-video-preview:-1\" \/>\n<link rel=\"canonical\" href=\"https:\/\/talkpal.ai\/ga\/cleachtai-gramadai-na-gcimearach\/\" \/>\n<meta property=\"og:locale\" content=\"ga_IE\" \/>\n<meta property=\"og:type\" content=\"article\" \/>\n<meta property=\"og:title\" content=\"Cleachta\u00ed Gramada\u00ed na gCim\u00e9arach\" \/>\n<meta property=\"og:description\" content=\"Topaic\u00ed Gramada\u00ed na gCim\u00e9arach Is f\u00e9idir le teanga nua a fhoghlaim a bheith ina iarracht dh\u00fashl\u00e1nach ach luachmhar. N\u00ed haon eisceacht \u00ed na Cim\u00e9araigh,\" \/>\n<meta property=\"og:url\" content=\"https:\/\/talkpal.ai\/ga\/cleachtai-gramadai-na-gcimearach\/\" \/>\n<meta property=\"og:site_name\" content=\"Talkpal\" \/>\n<meta property=\"article:publisher\" content=\"https:\/\/www.facebook.com\/profile.php?id=100090733639311\" \/>\n<meta property=\"article:modified_time\" content=\"2025-12-30T14:44:04+00:00\" \/>\n<meta property=\"og:image\" content=\"https:\/\/talkpal.ai\/wp-content\/uploads\/2025\/02\/Progress-tab-16_9.png\" \/>\n\t<meta property=\"og:image:width\" content=\"2880\" \/>\n\t<meta property=\"og:image:height\" content=\"1620\" \/>\n\t<meta property=\"og:image:type\" content=\"image\/png\" \/>\n<meta name=\"twitter:card\" content=\"summary_large_image\" \/>\n<meta name=\"twitter:site\" content=\"@talkpalai\" \/>\n<meta name=\"twitter:label1\" content=\"Est. reading time\" \/>\n\t<meta name=\"twitter:data1\" content=\"4 minutes\" \/>\n<script type=\"application\/ld+json\" class=\"yoast-schema-graph\">{\"@context\":\"https:\/\/schema.org\",\"@graph\":[{\"@type\":\"WebPage\",\"@id\":\"https:\/\/talkpal.ai\/ga\/cleachtai-gramadai-na-gcimearach\/\",\"url\":\"https:\/\/talkpal.ai\/ga\/cleachtai-gramadai-na-gcimearach\/\",\"name\":\"Cleachta\u00ed Gramada\u00ed na gCim\u00e9arach - Talkpal\",\"isPartOf\":{\"@id\":\"https:\/\/talkpal.ai\/ga\/#website\"},\"datePublished\":\"2025-11-12T11:25:18+00:00\",\"dateModified\":\"2025-12-30T14:44:04+00:00\",\"description\":\"Feabhsaigh do chumas le cleachta\u00ed gramada\u00ed idirghn\u00edomhacha Cim\u00e9iris at\u00e1 deartha chun cabhr\u00fa leat labhairt agus scr\u00edobh le muin\u00edn.\",\"breadcrumb\":{\"@id\":\"https:\/\/talkpal.ai\/ga\/cleachtai-gramadai-na-gcimearach\/#breadcrumb\"},\"inLanguage\":\"ga-IE\",\"potentialAction\":[{\"@type\":\"ReadAction\",\"target\":[\"https:\/\/talkpal.ai\/ga\/cleachtai-gramadai-na-gcimearach\/\"]}]},{\"@type\":\"BreadcrumbList\",\"@id\":\"https:\/\/talkpal.ai\/ga\/cleachtai-gramadai-na-gcimearach\/#breadcrumb\",\"itemListElement\":[{\"@type\":\"ListItem\",\"position\":1,\"name\":\"Homepage\",\"item\":\"https:\/\/talkpal.ai\/ga\/\"},{\"@type\":\"ListItem\",\"position\":2,\"name\":\"Cleachta\u00ed Gramada\u00ed na gCim\u00e9arach\"}]},{\"@type\":\"WebSite\",\"@id\":\"https:\/\/talkpal.ai\/ga\/#website\",\"url\":\"https:\/\/talkpal.ai\/ga\/\",\"name\":\"Talkpal\",\"description\":\"AI Language Learning\",\"publisher\":{\"@id\":\"https:\/\/talkpal.ai\/ga\/#organization\"},\"alternateName\":\"Talkpal AI\",\"potentialAction\":[{\"@type\":\"SearchAction\",\"target\":{\"@type\":\"EntryPoint\",\"urlTemplate\":\"https:\/\/talkpal.ai\/ga\/?s={search_term_string}\"},\"query-input\":{\"@type\":\"PropertyValueSpecification\",\"valueRequired\":true,\"valueName\":\"search_term_string\"}}],\"inLanguage\":\"ga-IE\"},{\"@type\":\"Organization\",\"@id\":\"https:\/\/talkpal.ai\/ga\/#organization\",\"name\":\"Talkpal, Inc.\",\"alternateName\":\"Talkpal AI\",\"url\":\"https:\/\/talkpal.ai\/ga\/\",\"logo\":{\"@type\":\"ImageObject\",\"inLanguage\":\"ga-IE\",\"@id\":\"https:\/\/talkpal.ai\/ga\/#\/schema\/logo\/image\/\",\"url\":\"https:\/\/talkpal.ai\/wp-content\/uploads\/2024\/03\/Talkpal-Logo-Icon.png\",\"contentUrl\":\"https:\/\/talkpal.ai\/wp-content\/uploads\/2024\/03\/Talkpal-Logo-Icon.png\",\"width\":2880,\"height\":2880,\"caption\":\"Talkpal, Inc.\"},\"image\":{\"@id\":\"https:\/\/talkpal.ai\/ga\/#\/schema\/logo\/image\/\"},\"sameAs\":[\"https:\/\/www.facebook.com\/profile.php?id=100090733639311\",\"https:\/\/x.com\/talkpalai\",\"https:\/\/www.linkedin.com\/company\/talkpal\/\",\"https:\/\/www.youtube.com\/@TalkPal\/\",\"https:\/\/www.tiktok.com\/@talkpal\",\"https:\/\/www.instagram.com\/talkpal_ai\/\",\"https:\/\/www.crunchbase.com\/organization\/talkpal-9cde\",\"https:\/\/www.g2.com\/products\/talkpal-for-business\/\",\"https:\/\/www.trustpilot.com\/review\/talkpal.ai\",\"https:\/\/www.capterra.com\/p\/10006800\/TalkPal\/\"],\"description\":\"Talkpal is a language learning web and mobile education app, powered by the latest AI technologies, that provides engaging experiences to its customers in many different languages to help them improve their language skills. Users can chat about unlimited amount of topics with the app and use other modes to practice their language learning.\",\"email\":\"support@talkpal.ai\",\"legalName\":\"Talkpal, Inc.\",\"foundingDate\":\"2023-04-03\",\"duns\":\"118989042\",\"numberOfEmployees\":{\"@type\":\"QuantitativeValue\",\"minValue\":\"11\",\"maxValue\":\"50\"},\"publishingPrinciples\":\"https:\/\/talkpal.ai\/publishing-principles\/\",\"actionableFeedbackPolicy\":\"https:\/\/talkpal.ai\/actionable-feedback-policy\/\",\"correctionsPolicy\":\"https:\/\/talkpal.ai\/corrections-policy\/\",\"ethicsPolicy\":\"https:\/\/talkpal.ai\/ethics-policy\/\",\"diversityPolicy\":\"https:\/\/talkpal.ai\/diversity-policy\/\",\"diversityStaffingReport\":\"https:\/\/talkpal.ai\/diversity-policy\/\"}]}<\/script>\n<!-- \/ Yoast SEO Premium plugin. -->","yoast_head_json":{"title":"Cleachta\u00ed Gramada\u00ed na gCim\u00e9arach - Talkpal","description":"Feabhsaigh do chumas le cleachta\u00ed gramada\u00ed idirghn\u00edomhacha Cim\u00e9iris at\u00e1 deartha chun cabhr\u00fa leat labhairt agus scr\u00edobh le muin\u00edn.","robots":{"index":"index","follow":"follow","max-snippet":"max-snippet:-1","max-image-preview":"max-image-preview:large","max-video-preview":"max-video-preview:-1"},"canonical":"https:\/\/talkpal.ai\/ga\/cleachtai-gramadai-na-gcimearach\/","og_locale":"ga_IE","og_type":"article","og_title":"Cleachta\u00ed Gramada\u00ed na gCim\u00e9arach","og_description":"Topaic\u00ed Gramada\u00ed na gCim\u00e9arach Is f\u00e9idir le teanga nua a fhoghlaim a bheith ina iarracht dh\u00fashl\u00e1nach ach luachmhar. N\u00ed haon eisceacht \u00ed na Cim\u00e9araigh,","og_url":"https:\/\/talkpal.ai\/ga\/cleachtai-gramadai-na-gcimearach\/","og_site_name":"Talkpal","article_publisher":"https:\/\/www.facebook.com\/profile.php?id=100090733639311","article_modified_time":"2025-12-30T14:44:04+00:00","og_image":[{"width":2880,"height":1620,"url":"https:\/\/talkpal.ai\/wp-content\/uploads\/2025\/02\/Progress-tab-16_9.png","type":"image\/png"}],"twitter_card":"summary_large_image","twitter_site":"@talkpalai","twitter_misc":{"Est. reading time":"4 minutes"},"schema":{"@context":"https:\/\/schema.org","@graph":[{"@type":"WebPage","@id":"https:\/\/talkpal.ai\/ga\/cleachtai-gramadai-na-gcimearach\/","url":"https:\/\/talkpal.ai\/ga\/cleachtai-gramadai-na-gcimearach\/","name":"Cleachta\u00ed Gramada\u00ed na gCim\u00e9arach - Talkpal","isPartOf":{"@id":"https:\/\/talkpal.ai\/ga\/#website"},"datePublished":"2025-11-12T11:25:18+00:00","dateModified":"2025-12-30T14:44:04+00:00","description":"Feabhsaigh do chumas le cleachta\u00ed gramada\u00ed idirghn\u00edomhacha Cim\u00e9iris at\u00e1 deartha chun cabhr\u00fa leat labhairt agus scr\u00edobh le muin\u00edn.","breadcrumb":{"@id":"https:\/\/talkpal.ai\/ga\/cleachtai-gramadai-na-gcimearach\/#breadcrumb"},"inLanguage":"ga-IE","potentialAction":[{"@type":"ReadAction","target":["https:\/\/talkpal.ai\/ga\/cleachtai-gramadai-na-gcimearach\/"]}]},{"@type":"BreadcrumbList","@id":"https:\/\/talkpal.ai\/ga\/cleachtai-gramadai-na-gcimearach\/#breadcrumb","itemListElement":[{"@type":"ListItem","position":1,"name":"Homepage","item":"https:\/\/talkpal.ai\/ga\/"},{"@type":"ListItem","position":2,"name":"Cleachta\u00ed Gramada\u00ed na gCim\u00e9arach"}]},{"@type":"WebSite","@id":"https:\/\/talkpal.ai\/ga\/#website","url":"https:\/\/talkpal.ai\/ga\/","name":"Talkpal","description":"AI Language Learning","publisher":{"@id":"https:\/\/talkpal.ai\/ga\/#organization"},"alternateName":"Talkpal AI","potentialAction":[{"@type":"SearchAction","target":{"@type":"EntryPoint","urlTemplate":"https:\/\/talkpal.ai\/ga\/?s={search_term_string}"},"query-input":{"@type":"PropertyValueSpecification","valueRequired":true,"valueName":"search_term_string"}}],"inLanguage":"ga-IE"},{"@type":"Organization","@id":"https:\/\/talkpal.ai\/ga\/#organization","name":"Talkpal, Inc.","alternateName":"Talkpal AI","url":"https:\/\/talkpal.ai\/ga\/","logo":{"@type":"ImageObject","inLanguage":"ga-IE","@id":"https:\/\/talkpal.ai\/ga\/#\/schema\/logo\/image\/","url":"https:\/\/talkpal.ai\/wp-content\/uploads\/2024\/03\/Talkpal-Logo-Icon.png","contentUrl":"https:\/\/talkpal.ai\/wp-content\/uploads\/2024\/03\/Talkpal-Logo-Icon.png","width":2880,"height":2880,"caption":"Talkpal, Inc."},"image":{"@id":"https:\/\/talkpal.ai\/ga\/#\/schema\/logo\/image\/"},"sameAs":["https:\/\/www.facebook.com\/profile.php?id=100090733639311","https:\/\/x.com\/talkpalai","https:\/\/www.linkedin.com\/company\/talkpal\/","https:\/\/www.youtube.com\/@TalkPal\/","https:\/\/www.tiktok.com\/@talkpal","https:\/\/www.instagram.com\/talkpal_ai\/","https:\/\/www.crunchbase.com\/organization\/talkpal-9cde","https:\/\/www.g2.com\/products\/talkpal-for-business\/","https:\/\/www.trustpilot.com\/review\/talkpal.ai","https:\/\/www.capterra.com\/p\/10006800\/TalkPal\/"],"description":"Talkpal is a language learning web and mobile education app, powered by the latest AI technologies, that provides engaging experiences to its customers in many different languages to help them improve their language skills. Users can chat about unlimited amount of topics with the app and use other modes to practice their language learning.","email":"support@talkpal.ai","legalName":"Talkpal, Inc.","foundingDate":"2023-04-03","duns":"118989042","numberOfEmployees":{"@type":"QuantitativeValue","minValue":"11","maxValue":"50"},"publishingPrinciples":"https:\/\/talkpal.ai\/publishing-principles\/","actionableFeedbackPolicy":"https:\/\/talkpal.ai\/actionable-feedback-policy\/","correctionsPolicy":"https:\/\/talkpal.ai\/corrections-policy\/","ethicsPolicy":"https:\/\/talkpal.ai\/ethics-policy\/","diversityPolicy":"https:\/\/talkpal.ai\/diversity-policy\/","diversityStaffingReport":"https:\/\/talkpal.ai\/diversity-policy\/"}]}},"_links":{"self":[{"href":"https:\/\/talkpal.ai\/ga\/wp-json\/wp\/v2\/pages\/1476198","targetHints":{"allow":["GET"]}}],"collection":[{"href":"https:\/\/talkpal.ai\/ga\/wp-json\/wp\/v2\/pages"}],"about":[{"href":"https:\/\/talkpal.ai\/ga\/wp-json\/wp\/v2\/types\/page"}],"author":[{"embeddable":true,"href":"https:\/\/talkpal.ai\/ga\/wp-json\/wp\/v2\/users\/20"}],"replies":[{"embeddable":true,"href":"https:\/\/talkpal.ai\/ga\/wp-json\/wp\/v2\/comments?post=1476198"}],"version-history":[{"count":0,"href":"https:\/\/talkpal.ai\/ga\/wp-json\/wp\/v2\/pages\/1476198\/revisions"}],"wp:attachment":[{"href":"https:\/\/talkpal.ai\/ga\/wp-json\/wp\/v2\/media?parent=1476198"}],"curies":[{"name":"wp","href":"https:\/\/api.w.org\/{rel}","templated":true}]}}