{"id":1476183,"date":"2025-11-12T11:25:16","date_gmt":"2025-11-12T11:25:16","guid":{"rendered":"https:\/\/talkpal.ai\/gramadach-na-gcimearach\/"},"modified":"2025-12-30T14:41:36","modified_gmt":"2025-12-30T14:41:36","slug":"gramadach-na-gcimearach","status":"publish","type":"page","link":"https:\/\/talkpal.ai\/ga\/gramadach-na-gcimearach\/","title":{"rendered":"Gramadach na gCim\u00e9arach"},"content":{"rendered":"\r\n\r\n\r\n<section class=\"languageChallengeSection\">\r\n    <div class=\"languageInfoWrapper\">\r\n        \r\n        <h1>Gramadach na gCim\u00e9arach<\/h1>\r\n        <p>B&#039;fh\u00e9idir go bhfuil <a href=\"https:\/\/talkpal.ai\/grammar\/\">gramadach<\/a> na gCim\u00e9arach d\u00fashl\u00e1nach ar dt\u00fas, ach is eisp\u00e9ireas luachmhar \u00e9 foghlaim na teanga. Tr\u00ed ini\u00fachadh a dh\u00e9anamh ar a aib\u00edtir, s\u00f3ch\u00e1in, agus rialacha gramada\u00ed, gheobhaidh t\u00fa l\u00e9argas ar thraidisi\u00fan saibhir teanga. Cuir t\u00fas le do thuras agus faigh amach \u00e1illeacht na gCim\u00e9arach!<\/p>\r\n\r\n                            <a class=\"getStartedHidden\" href=\"https:\/\/app.talkpal.ai\/signup?lng=\">Tosaigh<\/a>\r\n        \r\n    <\/div>\r\n\r\n    <figure>\r\n    <img decoding=\"async\" width=\"768\" height=\"768\" src=\"https:\/\/talkpal.ai\/wp-content\/uploads\/2023\/06\/welsh-768x768.png\" class=\"languageImage no-lazy\" alt=\"Language learning for better cognitive abilities\" fetchpriority=\"high\" sizes=\"(max-width: 768px) 150px, 768px\" srcset=\"https:\/\/talkpal.ai\/wp-content\/uploads\/2023\/06\/welsh-768x768.png 768w, https:\/\/talkpal.ai\/wp-content\/uploads\/2023\/06\/welsh-300x300.png 300w\" \/>\r\n    \r\n\r\n    <\/figure>\r\n\r\n            <a class=\"getStartedVisible\" href=\"https:\/\/app.talkpal.ai\/signup?lng=\">Tosaigh<\/a>\r\n    \r\n<\/section><section class=\"promotionalBanner\">\r\n    <p class=\"promotionalText\">An bealach is \u00e9ifeachta\u00ed le teanga a fhoghlaim<\/p>\r\n    <a class=\"promotionalLink\" href=\"https:\/\/app.talkpal.ai\/signup?lng=\">Bain triail as Talkpal saor in aisce<\/a>\r\n<\/section>\n<div class=\"wp-block-group pageContainerStyle\"><div class=\"wp-block-group__inner-container is-layout-constrained wp-block-group-is-layout-constrained\">\n<h2 class=\"wp-block-heading\" id=\"h-navigating-the-intricacies-of-khmer-grammar\">Nasclean\u00faint a dh\u00e9anamh ar Intricacies na Gramada\u00ed Cim\u00e9arach<\/h2>\n\n\n\n<p>Cuireann <a href=\"https:\/\/talkpal.ai\/ga\/foghlaim-cimearach\/\">Khmer<\/a>, teanga n\u00e1isi\u00fanta na Camb\u00f3ide agus teanga mh\u00f3r Austroasiatic le traidisi\u00fan domhain liteartha, eisp\u00e9ireas teangeola\u00edoch spreag\u00fail ar f\u00e1il d\u00f3ibh si\u00fad a bhfuil fonn orthu ini\u00fachadh a dh\u00e9anamh ar a ch\u00f3ras gramada\u00ed uath\u00fail. Agus t\u00fa ag dul isteach i r\u00e9imse na gCim\u00e9arach, n\u00ed hamh\u00e1in go saibhreoidh t\u00fa do repertoire teangeola\u00edoch ach glacfaidh t\u00fa le turas cult\u00fartha suimi\u00fail freisin. C\u00e9 go bhf\u00e9adfadh gramadach na gCim\u00e9arach a bheith neamhchoitianta ar dt\u00fas, d\u00e9anann s\u00e9 foghlaim na teanga n\u00edos inrochtana. San alt seo, d\u00e9anfaimid ini\u00fachadh ar shaol mealltach gramadach na gCim\u00e9arach agus tabharfaimid leideanna <a href=\"https:\/\/talkpal.ai\/ga\/maidir\/\">maidir<\/a> le conas a chastachta\u00ed a mh\u00e1istir.<\/p>\n\n\n\n<h3 class=\"wp-block-heading\" id=\"h-1-khmer-alphabet-and-phonetics\">1. Aib\u00edtir agus Foghra\u00edocht Khmer<\/h3>\n\n\n\n<p>Is \u00e9ard at\u00e1 i gc\u00f3ras scr\u00edbhneoireachta na gCim\u00e9arach n\u00e1 abugida a chuims\u00edonn 33 consan, 23 guta cleithi\u00fanach, agus 12 guta neamhsple\u00e1ch. Tagann consain in dh\u00e1 shraith a th\u00e9ann i bhfeidhm ar ch\u00e1il\u00edocht guta, agus athra\u00edonn siombail\u00ed guta a bhfoghra\u00edocht ag brath ar an tsraith consain. Chun gramadach na gCim\u00e9arach a fhoghlaim, t\u00e1 s\u00e9 r\u00edth\u00e1bhachtach eolas a <a href=\"https:\/\/talkpal.ai\/locations\/language-courses-in-chur\/\">chur<\/a> ar an script shaini\u00fail seo tr\u00ed l\u00e9amh agus scr\u00edbhneoireacht a chleachtadh i gCim\u00e9araigh.<\/p>\n\n\n\n<h3 class=\"wp-block-heading\" id=\"h-2-consonant-series-a-peculiar-khmer-feature\">2. Sraith Consain: Gn\u00e9 Cim\u00e9arach Aisteach<\/h3>\n\n\n\n<p>Ceann de na gn\u00e9ithe is suntasa\u00ed den Chim\u00e9arach is ea an d\u00e1 shraith consan, ar a dtugtar cl\u00e1ir go minic, a mb\u00edonn tionchar acu ar an gcaoi a bhfuaimn\u00edtear guta\u00ed cleithi\u00fanacha. Is c\u00fais leis na consan A-sraith agus O-sraith an tsiombail guta c\u00e9anna a l\u00e9amh ar bhealach difri\u00fail. T\u00e1 tuiscint ar an gcaoi a n-oibr\u00edonn na sraitheanna seo, chomh maith le diacritic\u00ed coitianta, r\u00edth\u00e1bhachtach chun fuaimni\u00fa agus scr\u00edbhneoireacht chruinn i gCim\u00e9arach a fh\u00e1il.<\/p>\n\n\n\n<h3 class=\"wp-block-heading\" id=\"h-3-nouns-and-pronouns-gender-and-cases\">3. Ainmfhocail agus Forainmneacha: Inscne agus C\u00e1sanna<\/h3>\n\n\n\n<p>N\u00edl inscne ghramada\u00ed ag ainmfhocail <a href=\"https:\/\/talkpal.ai\/learn-khmer\/\">Khmer<\/a> agus n\u00ed infhilleann siad le haghaidh c\u00e1s. Is minic a l\u00e9ir\u00edtear iolrachas le comhth\u00e9acs, athdh\u00fabailt, n\u00f3 focail cos\u00fail le \u1785\u17d2\u179a\u17be\u1793. Cuims\u00edonn forainmneacha i gCim\u00e9araigh foirmeacha pearsanta, sealbhacha, machnamhacha, l\u00e9iritheacha agus ceisti\u00fala, agus athra\u00edonn siad de r\u00e9ir b\u00e9asa agus comhth\u00e9acs s\u00f3isialta. M\u00e1 \u00e9ir\u00edonn t\u00fa eolach ar na forainmneacha agus na c\u00e1ithn\u00edn\u00ed seo, mar shampla \u179a\u1794\u179f\u17cb le haghaidh seilbhe, feabhs\u00f3idh s\u00e9 go m\u00f3r do thuiscint ar ghramadach na gCim\u00e9arach.<\/p>\n\n\n\n<h3 class=\"wp-block-heading\" id=\"h-4-verbs-structure-and-conjugation\">4. Briathra: Strucht\u00far agus Comhchuingi\u00fa<\/h3>\n\n\n\n<p>N\u00ed chomhchuing\u00edonn briathra Khmer le haghaidh aimsir, duine, n\u00f3 uimhir. Ina \u00e1it sin, cuirtear am agus gn\u00e9 in i\u00fal le c\u00e1ithn\u00edn\u00ed agus adverbs, mar shampla \u1780\u17c6\u1796\u17bb\u1784 le haghaidh for\u00e1sach, \u1794\u17b6\u1793 le haghaidh am at\u00e1 caite cr\u00edochnaithe, agus \u1793\u17b9\u1784 le haghaidh todhcha\u00ed. Is f\u00e9idir gi\u00famar a chur in i\u00fal le focail mar \u179f\u17bc\u1798 n\u00f3 \u1785\u17bc\u179a le haghaidh imperatives dea-bh\u00e9asacha agus \u1780\u17bb\u17c6 le haghaidh toirmisc. Feabhs\u00f3idh foghlaim na gc\u00e1ithn\u00edn\u00ed seo agus na t\u00f3g\u00e1lacha briathra sraitheacha coitianta do chumas cumars\u00e1id \u00e9ifeachtach a dh\u00e9anamh i gCim\u00e9araigh.<\/p>\n\n\n\n<h3 class=\"wp-block-heading\" id=\"h-5-adjectives-agreement-and-placement\">5. Aidiachta\u00ed: Comhaont\u00fa agus Socr\u00fach\u00e1n<\/h3>\n\n\n\n<p>I ngramadach na gCim\u00e9arach, is gn\u00e1ch go leanann aidiachta\u00ed an t-ainmfhocal a mhodhna\u00edonn siad agus n\u00ed aonta\u00edonn siad \u00f3 thaobh l\u00edon n\u00e1 inscne de. D\u00e9antar compar\u00e1id\u00ed agus superlatives a fhoirmi\u00fa go hanail\u00edseach, go minic ag baint \u00fas\u00e1ide as \u1787\u17b6\u1784 le haghaidh compar\u00e1id agus \u1787\u17b6\u1784\u1782\u17c1 n\u00f3 \u1794\u17c6\u1795\u17bb\u178f le haghaidh superlatives.<\/p>\n\n\n\n<p><strong>Sampla\u00ed:<\/strong><\/p>\n\n\n\n<p><strong>&#8211; \u179f\u17c1\u1785\u1780\u17d2\u178f\u17b8\u179f\u17d2\u179a\u17a1\u17b6\u1789\u17cb \u1792\u17c6 (gr\u00e1 m\u00f3r)<\/strong><\/p>\n\n\n\n<p><strong>&#8211; \u1780\u17bc\u1793\u1780\u17d2\u1798\u17c1\u1784 \u178f\u17bc\u1785 (leana\u00ed beaga)<\/strong><\/p>\n\n\n\n<h3 class=\"wp-block-heading\" id=\"h-6-engaging-with-the-language\">6. Dul i ngleic leis an teanga<\/h3>\n\n\n\n<p>Is \u00e9 an bealach is \u00e9ifeachta\u00ed chun gramadach na gCim\u00e9arach a thuiscint agus a inmhe\u00e1n\u00fa go hioml\u00e1n n\u00e1 dul i ngleic go comhsheasmhach leis an teanga. Tr\u00ed litr\u00edocht na gCim\u00e9arach a l\u00e9amh, f\u00e9achaint ar scann\u00e1in n\u00f3 sraitheanna teilif\u00edse Cim\u00e9aracha, \u00e9isteacht le ceol na gCim\u00e9arach, agus cumars\u00e1id ghn\u00edomhach a dh\u00e9anamh le cainteoir\u00ed d\u00fachais, treiseoidh t\u00fa do thuiscint ar an ngramadach agus leathn\u00f3idh t\u00fa do st\u00f3r focal.<\/p>\n\n\n\n<h3 class=\"wp-block-heading\" id=\"h-conclusion\">Concl\u00faid<\/h3>\n\n\n\n<p>C\u00e9 go bhf\u00e9adfadh gramadach na gCim\u00e9arach a bheith casta, is f\u00e9idir leat a bheith inni\u00fail sa teanga \u00e1lainn seo le d\u00fathracht, cleachtas agus d\u00edograis. Tr\u00ed dh\u00edri\u00fa ar na rialacha bun\u00fasacha agus dul i ngleic leis an teanga i gcomhth\u00e9acsanna \u00e9ags\u00fala, cuirfidh t\u00fa feabhas tapa ar do <a href=\"https:\/\/talkpal.ai\/ga\/gramadach\/\">scileanna gramada\u00ed<\/a> Cim\u00e9aracha. Somnang laor (\u00e1dh m\u00f3r) le do thuras teanga Khmer, agus bain sult as domhan enigmatic ach mealltach <a href=\"https:\/\/talkpal.ai\/ga\/cleachtai-gramadai-na-hisiltire\/\">gramada\u00ed na<\/a> gCim\u00e9arach a nochtadh!<\/p>\n<\/div><\/div>\n\r\n<section class=\"learnNavigationSection\">\r\n            \r\n        <a href=\"https:\/\/talkpal.ai\/ga\/foghlaim-cimearach\/\">\r\n            <div class=\"learnNavigationWrapper\">\r\n                <div class=\"learnNavigationContent\">\r\n                    <img decoding=\"async\" src=\"https:\/\/talkpal.ai\/wp-content\/uploads\/2025\/11\/Khmer.png\" alt=\"Cambodian Flag\">\r\n                    <div>\r\n                        <h4>Maidir le Foghlaim na gCim\u00e9arach<\/h4>\r\n                        <p>Faigh amach gach rud faoi Ghramadach na gCim\u00e9arach.<\/p>\r\n                    <\/div>\r\n                <\/div>\r\n            <\/div>\r\n        <\/a>\r\n\r\n        \r\n        <a href=\"https:\/\/talkpal.ai\/ga\/cleachtai-gramadai-na-gcimearach\/\">\r\n            <div class=\"learnNavigationWrapper\">\r\n                <div class=\"learnNavigationContent\">\r\n                    <img decoding=\"async\" src=\"https:\/\/talkpal.ai\/wp-content\/uploads\/2025\/11\/Khmer.png\" alt=\"Cambodian Flag\">\r\n                    <div>\r\n                        <h4>Cleachtadh Gramada\u00ed na gCim\u00e9arach<\/h4>\r\n                        <p>Cleachtadh gramadach na gCim\u00e9arach.<\/p>\r\n                    <\/div>\r\n                <\/div>\r\n            <\/div>\r\n        <\/a>\r\n\r\n            <\/section>","protected":false},"excerpt":{"rendered":"<p>Nasclean\u00faint a dh\u00e9anamh ar Intricacies na Gramada\u00ed Cim\u00e9arach Cuireann Khmer, teanga n\u00e1isi\u00fanta na Camb\u00f3ide agus teanga mh\u00f3r Austroasiatic le traidisi\u00fan domhain liteartha, eisp\u00e9ireas teangeola\u00edoch spreag\u00fail ar f\u00e1il d\u00f3ibh si\u00fad a bhfuil fonn orthu ini\u00fachadh a dh\u00e9anamh ar a ch\u00f3ras gramada\u00ed uath\u00fail. Agus t\u00fa ag dul isteach i r\u00e9imse na gCim\u00e9arach, n\u00ed hamh\u00e1in go saibhreoidh t\u00fa [&hellip;]<\/p>\n","protected":false},"author":20,"featured_media":0,"parent":0,"menu_order":0,"comment_status":"closed","ping_status":"closed","template":"LearningContentPage.php","meta":{"_acf_changed":false,"footnotes":""},"class_list":["post-1476183","page","type-page","status-publish","hentry"],"acf":[],"yoast_head":"<!-- This site is optimized with the Yoast SEO Premium plugin v27.2 (Yoast SEO v27.2) - https:\/\/yoast.com\/product\/yoast-seo-premium-wordpress\/ -->\n<title>Gramadach na gCim\u00e9arach - Talkpal<\/title>\n<meta name=\"description\" content=\"Faigh m\u00e1istreacht ar bhunriachtanais ghramadach na Cim\u00e9ire, lena n-\u00e1ir\u00edtear an aib\u00edtir, f\u00f3ineola\u00edocht agus strucht\u00far abairt\u00ed len\u00e1r dtreoir chuimsitheach foghlama teanga.\" \/>\n<meta name=\"robots\" content=\"index, follow, max-snippet:-1, max-image-preview:large, max-video-preview:-1\" \/>\n<link rel=\"canonical\" href=\"https:\/\/talkpal.ai\/ga\/gramadach-na-gcimearach\/\" \/>\n<meta property=\"og:locale\" content=\"ga_IE\" \/>\n<meta property=\"og:type\" content=\"article\" \/>\n<meta property=\"og:title\" content=\"Gramadach na gCim\u00e9arach\" \/>\n<meta property=\"og:description\" content=\"Nasclean\u00faint a dh\u00e9anamh ar Intricacies na Gramada\u00ed Cim\u00e9arach Cuireann Khmer, teanga n\u00e1isi\u00fanta na Camb\u00f3ide agus teanga mh\u00f3r Austroasiatic le traidisi\u00fan\" \/>\n<meta property=\"og:url\" content=\"https:\/\/talkpal.ai\/ga\/gramadach-na-gcimearach\/\" \/>\n<meta property=\"og:site_name\" content=\"Talkpal\" \/>\n<meta property=\"article:publisher\" content=\"https:\/\/www.facebook.com\/profile.php?id=100090733639311\" \/>\n<meta property=\"article:modified_time\" content=\"2025-12-30T14:41:36+00:00\" \/>\n<meta property=\"og:image\" content=\"https:\/\/talkpal.ai\/wp-content\/uploads\/2025\/02\/Progress-tab-16_9.png\" \/>\n\t<meta property=\"og:image:width\" content=\"2880\" \/>\n\t<meta property=\"og:image:height\" content=\"1620\" \/>\n\t<meta property=\"og:image:type\" content=\"image\/png\" \/>\n<meta name=\"twitter:card\" content=\"summary_large_image\" \/>\n<meta name=\"twitter:site\" content=\"@talkpalai\" \/>\n<meta name=\"twitter:label1\" content=\"Est. reading time\" \/>\n\t<meta name=\"twitter:data1\" content=\"4 minutes\" \/>\n<script type=\"application\/ld+json\" class=\"yoast-schema-graph\">{\"@context\":\"https:\/\/schema.org\",\"@graph\":[{\"@type\":\"WebPage\",\"@id\":\"https:\/\/talkpal.ai\/ga\/gramadach-na-gcimearach\/\",\"url\":\"https:\/\/talkpal.ai\/ga\/gramadach-na-gcimearach\/\",\"name\":\"Gramadach na gCim\u00e9arach - Talkpal\",\"isPartOf\":{\"@id\":\"https:\/\/talkpal.ai\/ga\/#website\"},\"datePublished\":\"2025-11-12T11:25:16+00:00\",\"dateModified\":\"2025-12-30T14:41:36+00:00\",\"description\":\"Faigh m\u00e1istreacht ar bhunriachtanais ghramadach na Cim\u00e9ire, lena n-\u00e1ir\u00edtear an aib\u00edtir, f\u00f3ineola\u00edocht agus strucht\u00far abairt\u00ed len\u00e1r dtreoir chuimsitheach foghlama teanga.\",\"breadcrumb\":{\"@id\":\"https:\/\/talkpal.ai\/ga\/gramadach-na-gcimearach\/#breadcrumb\"},\"inLanguage\":\"ga-IE\",\"potentialAction\":[{\"@type\":\"ReadAction\",\"target\":[\"https:\/\/talkpal.ai\/ga\/gramadach-na-gcimearach\/\"]}]},{\"@type\":\"BreadcrumbList\",\"@id\":\"https:\/\/talkpal.ai\/ga\/gramadach-na-gcimearach\/#breadcrumb\",\"itemListElement\":[{\"@type\":\"ListItem\",\"position\":1,\"name\":\"Homepage\",\"item\":\"https:\/\/talkpal.ai\/ga\/\"},{\"@type\":\"ListItem\",\"position\":2,\"name\":\"Gramadach na gCim\u00e9arach\"}]},{\"@type\":\"WebSite\",\"@id\":\"https:\/\/talkpal.ai\/ga\/#website\",\"url\":\"https:\/\/talkpal.ai\/ga\/\",\"name\":\"Talkpal\",\"description\":\"AI Language Learning\",\"publisher\":{\"@id\":\"https:\/\/talkpal.ai\/ga\/#organization\"},\"alternateName\":\"Talkpal AI\",\"potentialAction\":[{\"@type\":\"SearchAction\",\"target\":{\"@type\":\"EntryPoint\",\"urlTemplate\":\"https:\/\/talkpal.ai\/ga\/?s={search_term_string}\"},\"query-input\":{\"@type\":\"PropertyValueSpecification\",\"valueRequired\":true,\"valueName\":\"search_term_string\"}}],\"inLanguage\":\"ga-IE\"},{\"@type\":\"Organization\",\"@id\":\"https:\/\/talkpal.ai\/ga\/#organization\",\"name\":\"Talkpal, Inc.\",\"alternateName\":\"Talkpal AI\",\"url\":\"https:\/\/talkpal.ai\/ga\/\",\"logo\":{\"@type\":\"ImageObject\",\"inLanguage\":\"ga-IE\",\"@id\":\"https:\/\/talkpal.ai\/ga\/#\/schema\/logo\/image\/\",\"url\":\"https:\/\/talkpal.ai\/wp-content\/uploads\/2024\/03\/Talkpal-Logo-Icon.png\",\"contentUrl\":\"https:\/\/talkpal.ai\/wp-content\/uploads\/2024\/03\/Talkpal-Logo-Icon.png\",\"width\":2880,\"height\":2880,\"caption\":\"Talkpal, Inc.\"},\"image\":{\"@id\":\"https:\/\/talkpal.ai\/ga\/#\/schema\/logo\/image\/\"},\"sameAs\":[\"https:\/\/www.facebook.com\/profile.php?id=100090733639311\",\"https:\/\/x.com\/talkpalai\",\"https:\/\/www.linkedin.com\/company\/talkpal\/\",\"https:\/\/www.youtube.com\/@TalkPal\/\",\"https:\/\/www.tiktok.com\/@talkpal\",\"https:\/\/www.instagram.com\/talkpal_ai\/\",\"https:\/\/www.crunchbase.com\/organization\/talkpal-9cde\",\"https:\/\/www.g2.com\/products\/talkpal-for-business\/\",\"https:\/\/www.trustpilot.com\/review\/talkpal.ai\",\"https:\/\/www.capterra.com\/p\/10006800\/TalkPal\/\"],\"description\":\"Talkpal is a language learning web and mobile education app, powered by the latest AI technologies, that provides engaging experiences to its customers in many different languages to help them improve their language skills. Users can chat about unlimited amount of topics with the app and use other modes to practice their language learning.\",\"email\":\"support@talkpal.ai\",\"legalName\":\"Talkpal, Inc.\",\"foundingDate\":\"2023-04-03\",\"duns\":\"118989042\",\"numberOfEmployees\":{\"@type\":\"QuantitativeValue\",\"minValue\":\"11\",\"maxValue\":\"50\"},\"publishingPrinciples\":\"https:\/\/talkpal.ai\/publishing-principles\/\",\"actionableFeedbackPolicy\":\"https:\/\/talkpal.ai\/actionable-feedback-policy\/\",\"correctionsPolicy\":\"https:\/\/talkpal.ai\/corrections-policy\/\",\"ethicsPolicy\":\"https:\/\/talkpal.ai\/ethics-policy\/\",\"diversityPolicy\":\"https:\/\/talkpal.ai\/diversity-policy\/\",\"diversityStaffingReport\":\"https:\/\/talkpal.ai\/diversity-policy\/\"}]}<\/script>\n<!-- \/ Yoast SEO Premium plugin. -->","yoast_head_json":{"title":"Gramadach na gCim\u00e9arach - Talkpal","description":"Faigh m\u00e1istreacht ar bhunriachtanais ghramadach na Cim\u00e9ire, lena n-\u00e1ir\u00edtear an aib\u00edtir, f\u00f3ineola\u00edocht agus strucht\u00far abairt\u00ed len\u00e1r dtreoir chuimsitheach foghlama teanga.","robots":{"index":"index","follow":"follow","max-snippet":"max-snippet:-1","max-image-preview":"max-image-preview:large","max-video-preview":"max-video-preview:-1"},"canonical":"https:\/\/talkpal.ai\/ga\/gramadach-na-gcimearach\/","og_locale":"ga_IE","og_type":"article","og_title":"Gramadach na gCim\u00e9arach","og_description":"Nasclean\u00faint a dh\u00e9anamh ar Intricacies na Gramada\u00ed Cim\u00e9arach Cuireann Khmer, teanga n\u00e1isi\u00fanta na Camb\u00f3ide agus teanga mh\u00f3r Austroasiatic le traidisi\u00fan","og_url":"https:\/\/talkpal.ai\/ga\/gramadach-na-gcimearach\/","og_site_name":"Talkpal","article_publisher":"https:\/\/www.facebook.com\/profile.php?id=100090733639311","article_modified_time":"2025-12-30T14:41:36+00:00","og_image":[{"width":2880,"height":1620,"url":"https:\/\/talkpal.ai\/wp-content\/uploads\/2025\/02\/Progress-tab-16_9.png","type":"image\/png"}],"twitter_card":"summary_large_image","twitter_site":"@talkpalai","twitter_misc":{"Est. reading time":"4 minutes"},"schema":{"@context":"https:\/\/schema.org","@graph":[{"@type":"WebPage","@id":"https:\/\/talkpal.ai\/ga\/gramadach-na-gcimearach\/","url":"https:\/\/talkpal.ai\/ga\/gramadach-na-gcimearach\/","name":"Gramadach na gCim\u00e9arach - Talkpal","isPartOf":{"@id":"https:\/\/talkpal.ai\/ga\/#website"},"datePublished":"2025-11-12T11:25:16+00:00","dateModified":"2025-12-30T14:41:36+00:00","description":"Faigh m\u00e1istreacht ar bhunriachtanais ghramadach na Cim\u00e9ire, lena n-\u00e1ir\u00edtear an aib\u00edtir, f\u00f3ineola\u00edocht agus strucht\u00far abairt\u00ed len\u00e1r dtreoir chuimsitheach foghlama teanga.","breadcrumb":{"@id":"https:\/\/talkpal.ai\/ga\/gramadach-na-gcimearach\/#breadcrumb"},"inLanguage":"ga-IE","potentialAction":[{"@type":"ReadAction","target":["https:\/\/talkpal.ai\/ga\/gramadach-na-gcimearach\/"]}]},{"@type":"BreadcrumbList","@id":"https:\/\/talkpal.ai\/ga\/gramadach-na-gcimearach\/#breadcrumb","itemListElement":[{"@type":"ListItem","position":1,"name":"Homepage","item":"https:\/\/talkpal.ai\/ga\/"},{"@type":"ListItem","position":2,"name":"Gramadach na gCim\u00e9arach"}]},{"@type":"WebSite","@id":"https:\/\/talkpal.ai\/ga\/#website","url":"https:\/\/talkpal.ai\/ga\/","name":"Talkpal","description":"AI Language Learning","publisher":{"@id":"https:\/\/talkpal.ai\/ga\/#organization"},"alternateName":"Talkpal AI","potentialAction":[{"@type":"SearchAction","target":{"@type":"EntryPoint","urlTemplate":"https:\/\/talkpal.ai\/ga\/?s={search_term_string}"},"query-input":{"@type":"PropertyValueSpecification","valueRequired":true,"valueName":"search_term_string"}}],"inLanguage":"ga-IE"},{"@type":"Organization","@id":"https:\/\/talkpal.ai\/ga\/#organization","name":"Talkpal, Inc.","alternateName":"Talkpal AI","url":"https:\/\/talkpal.ai\/ga\/","logo":{"@type":"ImageObject","inLanguage":"ga-IE","@id":"https:\/\/talkpal.ai\/ga\/#\/schema\/logo\/image\/","url":"https:\/\/talkpal.ai\/wp-content\/uploads\/2024\/03\/Talkpal-Logo-Icon.png","contentUrl":"https:\/\/talkpal.ai\/wp-content\/uploads\/2024\/03\/Talkpal-Logo-Icon.png","width":2880,"height":2880,"caption":"Talkpal, Inc."},"image":{"@id":"https:\/\/talkpal.ai\/ga\/#\/schema\/logo\/image\/"},"sameAs":["https:\/\/www.facebook.com\/profile.php?id=100090733639311","https:\/\/x.com\/talkpalai","https:\/\/www.linkedin.com\/company\/talkpal\/","https:\/\/www.youtube.com\/@TalkPal\/","https:\/\/www.tiktok.com\/@talkpal","https:\/\/www.instagram.com\/talkpal_ai\/","https:\/\/www.crunchbase.com\/organization\/talkpal-9cde","https:\/\/www.g2.com\/products\/talkpal-for-business\/","https:\/\/www.trustpilot.com\/review\/talkpal.ai","https:\/\/www.capterra.com\/p\/10006800\/TalkPal\/"],"description":"Talkpal is a language learning web and mobile education app, powered by the latest AI technologies, that provides engaging experiences to its customers in many different languages to help them improve their language skills. Users can chat about unlimited amount of topics with the app and use other modes to practice their language learning.","email":"support@talkpal.ai","legalName":"Talkpal, Inc.","foundingDate":"2023-04-03","duns":"118989042","numberOfEmployees":{"@type":"QuantitativeValue","minValue":"11","maxValue":"50"},"publishingPrinciples":"https:\/\/talkpal.ai\/publishing-principles\/","actionableFeedbackPolicy":"https:\/\/talkpal.ai\/actionable-feedback-policy\/","correctionsPolicy":"https:\/\/talkpal.ai\/corrections-policy\/","ethicsPolicy":"https:\/\/talkpal.ai\/ethics-policy\/","diversityPolicy":"https:\/\/talkpal.ai\/diversity-policy\/","diversityStaffingReport":"https:\/\/talkpal.ai\/diversity-policy\/"}]}},"_links":{"self":[{"href":"https:\/\/talkpal.ai\/ga\/wp-json\/wp\/v2\/pages\/1476183","targetHints":{"allow":["GET"]}}],"collection":[{"href":"https:\/\/talkpal.ai\/ga\/wp-json\/wp\/v2\/pages"}],"about":[{"href":"https:\/\/talkpal.ai\/ga\/wp-json\/wp\/v2\/types\/page"}],"author":[{"embeddable":true,"href":"https:\/\/talkpal.ai\/ga\/wp-json\/wp\/v2\/users\/20"}],"replies":[{"embeddable":true,"href":"https:\/\/talkpal.ai\/ga\/wp-json\/wp\/v2\/comments?post=1476183"}],"version-history":[{"count":0,"href":"https:\/\/talkpal.ai\/ga\/wp-json\/wp\/v2\/pages\/1476183\/revisions"}],"wp:attachment":[{"href":"https:\/\/talkpal.ai\/ga\/wp-json\/wp\/v2\/media?parent=1476183"}],"curies":[{"name":"wp","href":"https:\/\/api.w.org\/{rel}","templated":true}]}}