{"id":1476174,"date":"2025-11-12T10:09:39","date_gmt":"2025-11-12T10:09:39","guid":{"rendered":"https:\/\/talkpal.ai\/cleachtai-gramadai-javanese\/"},"modified":"2025-12-30T14:37:00","modified_gmt":"2025-12-30T14:37:00","slug":"cleachtai-gramadai-javanese","status":"publish","type":"page","link":"https:\/\/talkpal.ai\/ga\/cleachtai-gramadai-javanese\/","title":{"rendered":"Cleachta\u00ed Gramada\u00ed Javanese"},"content":{"rendered":"\r\n\r\n\r\n<section class=\"languageChallengeSection\">\r\n    <div class=\"languageInfoWrapper\">\r\n        \r\n        <h1>Cleachta\u00ed Gramada\u00ed Javanese<\/h1>\r\n        <p>R\u00e9idh le tumadh isteach i ngramadach Javanese? Cabhr\u00f3idh cleachtadh c\u00fapla bun\u00fasach leat a bheith compordach leis an teanga uath\u00fail agus \u00e1lainn seo. Bain triail as na cleachta\u00ed seo chun do mhuin\u00edn a th\u00f3g\u00e1il agus spraoi a bheith agat ar an mbealach!<\/p>\r\n\r\n                            <a class=\"getStartedHidden\" href=\"https:\/\/app.talkpal.ai\/signup?lng=\">Tosaigh<\/a>\r\n        \r\n    <\/div>\r\n\r\n    <figure>\r\n    <img decoding=\"async\" width=\"768\" height=\"768\" src=\"https:\/\/talkpal.ai\/wp-content\/uploads\/2023\/06\/welsh-768x768.png\" class=\"languageImage no-lazy\" alt=\"Language learning for better cognitive abilities\" fetchpriority=\"high\" sizes=\"(max-width: 768px) 150px, 768px\" srcset=\"https:\/\/talkpal.ai\/wp-content\/uploads\/2023\/06\/welsh-768x768.png 768w, https:\/\/talkpal.ai\/wp-content\/uploads\/2023\/06\/welsh-300x300.png 300w\" \/>\r\n    \r\n\r\n    <\/figure>\r\n\r\n            <a class=\"getStartedVisible\" href=\"https:\/\/app.talkpal.ai\/signup?lng=\">Tosaigh<\/a>\r\n    \r\n<\/section><section class=\"promotionalBanner\">\r\n    <p class=\"promotionalText\">An bealach is \u00e9ifeachta\u00ed le teanga a fhoghlaim<\/p>\r\n    <a class=\"promotionalLink\" href=\"https:\/\/app.talkpal.ai\/signup?lng=\">Bain triail as Talkpal saor in aisce<\/a>\r\n<\/section>\n<div class=\"wp-block-group pageContainerStyle\"><div class=\"wp-block-group__inner-container is-layout-constrained wp-block-group-is-layout-constrained\">\n<h2 class=\"wp-block-heading\" id=\"h-javanese-grammar-topics\">Topaic\u00ed Gramada\u00ed I\u00e1vaigh<\/h2>\n\n\n\n<p><a href=\"https:\/\/talkpal.ai\/ga\/na-botuin-is-mo-le-seachaint-agus-teanga-nua-a-fhoghlaim-agat\/\">Is f\u00e9idir le teanga nua a fhoghlaim <\/a>a bheith ina iarracht dh\u00fashl\u00e1nach ach luachmhar. N\u00ed haon eisceacht \u00ed I\u00e1vais, teanga Austronesian a labhra\u00edtear go pr\u00edomha ar oile\u00e1n Java. Le gn\u00e9ithe uath\u00fala cos\u00fail le leibh\u00e9il urlabhra agus gream\u00fa <a href=\"https:\/\/talkpal.ai\/ga\/talkpal-don-oideachas\/\">,<\/a> \u00e9il\u00edonn foghlaim Javanese cur chuige c\u00f3rasach chun a <a href=\"https:\/\/talkpal.ai\/grammar\/\">gramadach<\/a> a thuiscint. Tugann an treoir seo breac-chuntas ar na pr\u00edomhr\u00e9ims\u00ed de <a href=\"https:\/\/talkpal.ai\/ga\/gramadach-na-hiavai\/\">ghramadach na hI\u00e1va\u00ed<\/a> i seicheamh loighci\u00fail <a href=\"https:\/\/talkpal.ai\/ga\/ai-chatbot-dfhoghlaim-teangacha\/\">d&#8217;fhoghlaim teanga<\/a>, ag tos\u00fa \u00f3 na bunghn\u00e9ithe ar n\u00f3s ainmfhocail agus ailt, agus ag dul ar aghaidh go r\u00e9ims\u00ed n\u00edos casta cos\u00fail le aimsir agus t\u00f3g\u00e1il abairte.<\/p>\n\n\n\n<h3 class=\"wp-block-heading\" id=\"h-1-nouns\">1. Ainmfhocail:<\/h3>\n\n\n\n<p>Cuir t\u00fas le do thuras teanga Javanese tr\u00ed na hainmfhocail a fhoghlaim. \u00c1ir\u00edtear leis seo tuiscint a fh\u00e1il ar na catag\u00f3ir\u00ed \u00e9ags\u00fala ainmfhocal, mar shampla ainmfhocail choitianta agus ainmfhocail chu\u00ed chomh maith leis an gcaoi a gcuirtear iolrachas in i\u00fal le hathdh\u00fabailt n\u00f3 cainn\u00edocht\u00f3ir\u00ed.<\/p>\n\n\n\n<h3 class=\"wp-block-heading\" id=\"h-2-articles\">2. Airteagail:<\/h3>\n\n\n\n<p>N\u00ed \u00fas\u00e1idtear ailt sa teanga I\u00e1v\u00e1nach mar at\u00e1 i <a href=\"https:\/\/talkpal.ai\/ai-english-speaking-practice\/\">mB\u00e9arla<\/a>. Tuiscint a fh\u00e1il ar conas cinnteacht a mharc\u00e1il leis an iarmh\u00edr chinnte -e n\u00f3 -ne agus le l\u00e9irithe ar n\u00f3s iki this agus iku at\u00e1 r\u00edth\u00e1bhachtach i dt\u00f3g\u00e1il abairte.<\/p>\n\n\n\n<h3 class=\"wp-block-heading\" id=\"h-3-adjectives\">3. Aidiachta\u00ed:<\/h3>\n\n\n\n<p>Is gn\u00e1ch go leanann aidiachta\u00ed san I\u00e1vais a n-ainmfhocail, at\u00e1 difri\u00fail \u00f3n mB\u00e9arla. Beidh ort foghlaim freisin conas compar\u00e1id a dh\u00e9anamh le luwih le haghaidh compar\u00e1ide agus paling le haghaidh superlative, agus conas reduplication n\u00f3 intensifiers cos\u00fail le banget a <a href=\"https:\/\/talkpal.ai\/locations\/language-courses-in-chur\/\">chur<\/a> in i\u00fal c\u00e9im.<\/p>\n\n\n\n<h3 class=\"wp-block-heading\" id=\"h-4-pronouns-determiners\">4. Forainmneacha \/ Cinntitheoir\u00ed:<\/h3>\n\n\n\n<p>T\u00e1 forainmneacha agus determiners riachtanach i Javanese; Cuirtear siad in ionad ainmfhocail agus sol\u00e1thra\u00edonn siad faisn\u00e9is faoi chainn\u00edocht, seilbh, agus go leor eile. T\u00e1 g\u00e1 lena n-\u00fas\u00e1id cheart ar fud leibh\u00e9il urlabhra mar ngoko, madya, agus krama le haghaidh cumars\u00e1ide \u00e9ifeachtach.<\/p>\n\n\n\n<h3 class=\"wp-block-heading\" id=\"h-5-verbs\">5. Briathra:<\/h3>\n\n\n\n<p>N\u00ed infhilleann briathra Javanese do dhuine n\u00f3 d&#8217;uimhir, ach taispe\u00e1nann siad guth agus d\u00edorth\u00fa le greamaithe. Tosaigh leis na patr\u00fain ghn\u00edomhacha agus \u00e9ighn\u00edomhacha cos\u00fail le N- agus di- agus de r\u00e9ir a ch\u00e9ile d\u00e9an ini\u00fachadh ar fhoirmeacha agus clitics eile mar tak- agus ke-.<\/p>\n\n\n\n<h3 class=\"wp-block-heading\" id=\"h-6-tenses\">6. Aimsir:<\/h3>\n\n\n\n<p>Tar \u00e9is duit m\u00e1istreacht a fh\u00e1il ar na foirmeacha briathartha, d\u00e9an n\u00edos doimhne ar an gcaoi a gcuireann Javanese am in i\u00fal le gn\u00e9 agus modh seachas aimsir. \u00c1ir\u00edtear leis seo tuiscint a fh\u00e1il ar mharc\u00f3ir\u00ed cos\u00fail le wis perfective, durung not yet, lagi progressive, agus arep n\u00f3 bakal future, agus conas a \u00fas\u00e1idtear iad i gcomhth\u00e9acsanna \u00e9ags\u00fala.<\/p>\n\n\n\n<h3 class=\"wp-block-heading\" id=\"h-7-tense-comparison\">7. Compar\u00e1id aimsire:<\/h3>\n\n\n\n<p>Cuid\u00edonn compar\u00e1id a dh\u00e9anamh idir nathanna gn\u00e9 agus <a href=\"https:\/\/talkpal.ai\/locations\/language-courses-in-ama\/\">ama<\/a> i Javanese le seicheamh na n-imeachta\u00ed a thuiscint. M\u00e1 chuirtear an briathar c\u00e9anna i gcompar\u00e1id le marc\u00f3ir\u00ed mar wis, lagi, agus bakal in \u00e9ineacht le haidiacail ama ar n\u00f3s <a href=\"https:\/\/talkpal.ai\/locations\/language-courses-in-saiki\/\">saiki<\/a> now, wingi inn\u00e9, agus sesuk am\u00e1rach beidh tuiscint n\u00edos fearr ar an teanga ar f\u00e1il.<\/p>\n\n\n\n<h3 class=\"wp-block-heading\" id=\"h-8-progressive\">8. For\u00e1sach:<\/h3>\n\n\n\n<p>\u00das\u00e1idtear an for\u00e1sach i Javanese chun gn\u00edomhartha lean\u00fanacha a chur in i\u00fal. D\u00e9antar \u00e9 tr\u00ed \u00fas\u00e1id a bhaint as an gc\u00e1ithn\u00edn lagi roimh an mbriathar, le coibh\u00e9is\u00ed foirmi\u00fala ar n\u00f3s nembe i gcl\u00e1ir n\u00edos airde.<\/p>\n\n\n\n<h3 class=\"wp-block-heading\" id=\"h-9-perfect-progressive\">9. For\u00e1sach Foirfe:<\/h3>\n\n\n\n<p>\u00das\u00e1idtear an bhr\u00ed seo chun gn\u00edomhartha a bh\u00ed ar si\u00fal suas go dt\u00ed pointe \u00e1irithe a chur in i\u00fal. Sa I\u00e1v\u00e1inis, cuirtear in i\u00fal go coitianta \u00e9 le wis m\u00f3ide fr\u00e1sa fad mar suwe long time agus an briathar ina dhiaidh sin, n\u00f3 le t\u00f3g\u00e1lacha ag baint \u00fas\u00e1ide as saka since agus nganti until.<\/p>\n\n\n\n<h3 class=\"wp-block-heading\" id=\"h-10-conditionals\">10. Coinn\u00edollacha:<\/h3>\n\n\n\n<p>L\u00e9ir\u00edonn coinn\u00edollacha c\u00e1sanna hipit\u00e9iseacha agus a dtortha\u00ed f\u00e9ideartha. Is cuid th\u00e1bhachtach de ghramadach Javanese iad agus d\u00e9antar iad a fhoirmi\u00fa le nasc\u00f3ir\u00ed cos\u00fail le yen n\u00f3 nek m\u00e1 \u00fas\u00e1ideann siad eilimint\u00ed cos\u00fail le mesthi chun tortha\u00ed ionchais a thaispe\u00e1int, le frithfh\u00edorais a chuirtear in i\u00fal ag baint \u00fas\u00e1ide as umpama n\u00f3 seandine.<\/p>\n\n\n\n<h3 class=\"wp-block-heading\" id=\"h-11-adverbs\">11. Adverbs:<\/h3>\n\n\n\n<p>Modhna\u00edonn adverbs i Javanese briathra, aidiachta\u00ed, n\u00f3 adverbs eile. Sol\u00e1thra\u00edonn siad faisn\u00e9is faoi bhealach, \u00e1it, am, c\u00e9im, agus go leor eile, agus is minic a \u00fas\u00e1ideann siad focail mar kanthi le haghaidh modh, saiki anois, kene anseo, agus banget n\u00f3 sanget le haghaidh c\u00e9ime.<\/p>\n\n\n\n<h3 class=\"wp-block-heading\" id=\"h-12-prepositions\">12. Prepositions:<\/h3>\n\n\n\n<p>Nascann r\u00e9amhfhocail agus fr\u00e1sa\u00ed le ch\u00e9ile. L\u00e9ir\u00edonn siad caidrimh ama, \u00e1ite, treo, agus n\u00edos m\u00f3, le m\u00edreanna coitianta lena n-\u00e1ir\u00edtear ing n\u00f3 ning ag n\u00f3 in, saka \u00f3, marang n\u00f3 menyang go, karo le, agus kanggo for.<\/p>\n\n\n\n<h3 class=\"wp-block-heading\" id=\"h-13-sentences\">13. Abairt\u00ed:<\/h3>\n\n\n\n<p>Ar deireadh, d\u00e9an cleachtadh ar abairt\u00ed a th\u00f3g\u00e1il. Is \u00e9ard a bheidh i gceist leis seo n\u00e1 na point\u00ed gramada\u00ed go l\u00e9ir a foghlaim\u00edodh roimhe seo a \u00fas\u00e1id i gcomhth\u00e9acs, lena n-\u00e1ir\u00edtear ord bun\u00fasach SVO, s\u00e9anadh le ora agus dudu, agus foirmeacha ceisteanna le apa, rud a chinnt\u00edonn tuiscint chuimsitheach ar an teanga I\u00e1vaigh.<\/p>\n<\/div><\/div>\n\r\n<section class=\"learnNavigationSection\">\r\n            \r\n        <a href=\"https:\/\/talkpal.ai\/ga\/foghlaim-javanese\/\">\r\n            <div class=\"learnNavigationWrapper\">\r\n                <div class=\"learnNavigationContent\">\r\n                    <img decoding=\"async\" src=\"https:\/\/talkpal.ai\/wp-content\/uploads\/2025\/11\/Javanese.png\" alt=\"Indonesian Flag\">\r\n                    <div>\r\n                        <h4>Maidir le Foghlaim Javanese<\/h4>\r\n                        <p>Faigh amach gach rud faoi Javanese Grammar.<\/p>\r\n                    <\/div>\r\n                <\/div>\r\n            <\/div>\r\n        <\/a>\r\n\r\n        \r\n        <a href=\"https:\/\/talkpal.ai\/ga\/gramadach-na-hiavai\/\">\r\n            <div class=\"learnNavigationWrapper\">\r\n                <div class=\"learnNavigationContent\">\r\n                    <img decoding=\"async\" src=\"https:\/\/talkpal.ai\/wp-content\/uploads\/2025\/11\/Javanese.png\" alt=\"Indonesian Flag\">\r\n                    <div>\r\n                        <h4>Ceachtanna Gramada\u00ed Javanese<\/h4>\r\n                        <p>Cleachtadh gramadach Javanese.<\/p>\r\n                    <\/div>\r\n                <\/div>\r\n            <\/div>\r\n        <\/a>\r\n\r\n            <\/section>","protected":false},"excerpt":{"rendered":"<p>Topaic\u00ed Gramada\u00ed I\u00e1vaigh Is f\u00e9idir le teanga nua a fhoghlaim a bheith ina iarracht dh\u00fashl\u00e1nach ach luachmhar. N\u00ed haon eisceacht \u00ed I\u00e1vais, teanga Austronesian a labhra\u00edtear go pr\u00edomha ar oile\u00e1n Java. Le gn\u00e9ithe uath\u00fala cos\u00fail le leibh\u00e9il urlabhra agus gream\u00fa , \u00e9il\u00edonn foghlaim Javanese cur chuige c\u00f3rasach chun a gramadach a thuiscint. Tugann an treoir [&hellip;]<\/p>\n","protected":false},"author":20,"featured_media":0,"parent":0,"menu_order":0,"comment_status":"closed","ping_status":"closed","template":"LearningContentPage.php","meta":{"_acf_changed":false,"footnotes":""},"class_list":["post-1476174","page","type-page","status-publish","hentry"],"acf":[],"yoast_head":"<!-- This site is optimized with the Yoast SEO Premium plugin v27.2 (Yoast SEO v27.2) - https:\/\/yoast.com\/product\/yoast-seo-premium-wordpress\/ -->\n<title>Cleachta\u00ed Gramada\u00ed Javanese - Talkpal<\/title>\n<meta name=\"description\" content=\"D\u00e9an m\u00e1istreacht ar ghramadach I\u00e1vais le cleachta\u00ed idirghn\u00edomhacha at\u00e1 deartha chun cabhr\u00fa leat ainmfhocail, briathra agus strucht\u00fair abairt\u00ed a chleachtadh.\" \/>\n<meta name=\"robots\" content=\"index, follow, max-snippet:-1, max-image-preview:large, max-video-preview:-1\" \/>\n<link rel=\"canonical\" href=\"https:\/\/talkpal.ai\/ga\/cleachtai-gramadai-javanese\/\" \/>\n<meta property=\"og:locale\" content=\"ga_IE\" \/>\n<meta property=\"og:type\" content=\"article\" \/>\n<meta property=\"og:title\" content=\"Cleachta\u00ed Gramada\u00ed Javanese\" \/>\n<meta property=\"og:description\" content=\"Topaic\u00ed Gramada\u00ed I\u00e1vaigh Is f\u00e9idir le teanga nua a fhoghlaim a bheith ina iarracht dh\u00fashl\u00e1nach ach luachmhar. N\u00ed haon eisceacht \u00ed I\u00e1vais, teanga\" \/>\n<meta property=\"og:url\" content=\"https:\/\/talkpal.ai\/ga\/cleachtai-gramadai-javanese\/\" \/>\n<meta property=\"og:site_name\" content=\"Talkpal\" \/>\n<meta property=\"article:publisher\" content=\"https:\/\/www.facebook.com\/profile.php?id=100090733639311\" \/>\n<meta property=\"article:modified_time\" content=\"2025-12-30T14:37:00+00:00\" \/>\n<meta property=\"og:image\" content=\"https:\/\/talkpal.ai\/wp-content\/uploads\/2025\/02\/Progress-tab-16_9.png\" \/>\n\t<meta property=\"og:image:width\" content=\"2880\" \/>\n\t<meta property=\"og:image:height\" content=\"1620\" \/>\n\t<meta property=\"og:image:type\" content=\"image\/png\" \/>\n<meta name=\"twitter:card\" content=\"summary_large_image\" \/>\n<meta name=\"twitter:site\" content=\"@talkpalai\" \/>\n<meta name=\"twitter:label1\" content=\"Est. reading time\" \/>\n\t<meta name=\"twitter:data1\" content=\"4 minutes\" \/>\n<script type=\"application\/ld+json\" class=\"yoast-schema-graph\">{\"@context\":\"https:\/\/schema.org\",\"@graph\":[{\"@type\":\"WebPage\",\"@id\":\"https:\/\/talkpal.ai\/ga\/cleachtai-gramadai-javanese\/\",\"url\":\"https:\/\/talkpal.ai\/ga\/cleachtai-gramadai-javanese\/\",\"name\":\"Cleachta\u00ed Gramada\u00ed Javanese - Talkpal\",\"isPartOf\":{\"@id\":\"https:\/\/talkpal.ai\/ga\/#website\"},\"datePublished\":\"2025-11-12T10:09:39+00:00\",\"dateModified\":\"2025-12-30T14:37:00+00:00\",\"description\":\"D\u00e9an m\u00e1istreacht ar ghramadach I\u00e1vais le cleachta\u00ed idirghn\u00edomhacha at\u00e1 deartha chun cabhr\u00fa leat ainmfhocail, briathra agus strucht\u00fair abairt\u00ed a chleachtadh.\",\"breadcrumb\":{\"@id\":\"https:\/\/talkpal.ai\/ga\/cleachtai-gramadai-javanese\/#breadcrumb\"},\"inLanguage\":\"ga-IE\",\"potentialAction\":[{\"@type\":\"ReadAction\",\"target\":[\"https:\/\/talkpal.ai\/ga\/cleachtai-gramadai-javanese\/\"]}]},{\"@type\":\"BreadcrumbList\",\"@id\":\"https:\/\/talkpal.ai\/ga\/cleachtai-gramadai-javanese\/#breadcrumb\",\"itemListElement\":[{\"@type\":\"ListItem\",\"position\":1,\"name\":\"Homepage\",\"item\":\"https:\/\/talkpal.ai\/ga\/\"},{\"@type\":\"ListItem\",\"position\":2,\"name\":\"Cleachta\u00ed Gramada\u00ed Javanese\"}]},{\"@type\":\"WebSite\",\"@id\":\"https:\/\/talkpal.ai\/ga\/#website\",\"url\":\"https:\/\/talkpal.ai\/ga\/\",\"name\":\"Talkpal\",\"description\":\"AI Language Learning\",\"publisher\":{\"@id\":\"https:\/\/talkpal.ai\/ga\/#organization\"},\"alternateName\":\"Talkpal AI\",\"potentialAction\":[{\"@type\":\"SearchAction\",\"target\":{\"@type\":\"EntryPoint\",\"urlTemplate\":\"https:\/\/talkpal.ai\/ga\/?s={search_term_string}\"},\"query-input\":{\"@type\":\"PropertyValueSpecification\",\"valueRequired\":true,\"valueName\":\"search_term_string\"}}],\"inLanguage\":\"ga-IE\"},{\"@type\":\"Organization\",\"@id\":\"https:\/\/talkpal.ai\/ga\/#organization\",\"name\":\"Talkpal, Inc.\",\"alternateName\":\"Talkpal AI\",\"url\":\"https:\/\/talkpal.ai\/ga\/\",\"logo\":{\"@type\":\"ImageObject\",\"inLanguage\":\"ga-IE\",\"@id\":\"https:\/\/talkpal.ai\/ga\/#\/schema\/logo\/image\/\",\"url\":\"https:\/\/talkpal.ai\/wp-content\/uploads\/2024\/03\/Talkpal-Logo-Icon.png\",\"contentUrl\":\"https:\/\/talkpal.ai\/wp-content\/uploads\/2024\/03\/Talkpal-Logo-Icon.png\",\"width\":2880,\"height\":2880,\"caption\":\"Talkpal, Inc.\"},\"image\":{\"@id\":\"https:\/\/talkpal.ai\/ga\/#\/schema\/logo\/image\/\"},\"sameAs\":[\"https:\/\/www.facebook.com\/profile.php?id=100090733639311\",\"https:\/\/x.com\/talkpalai\",\"https:\/\/www.linkedin.com\/company\/talkpal\/\",\"https:\/\/www.youtube.com\/@TalkPal\/\",\"https:\/\/www.tiktok.com\/@talkpal\",\"https:\/\/www.instagram.com\/talkpal_ai\/\",\"https:\/\/www.crunchbase.com\/organization\/talkpal-9cde\",\"https:\/\/www.g2.com\/products\/talkpal-for-business\/\",\"https:\/\/www.trustpilot.com\/review\/talkpal.ai\",\"https:\/\/www.capterra.com\/p\/10006800\/TalkPal\/\"],\"description\":\"Talkpal is a language learning web and mobile education app, powered by the latest AI technologies, that provides engaging experiences to its customers in many different languages to help them improve their language skills. Users can chat about unlimited amount of topics with the app and use other modes to practice their language learning.\",\"email\":\"support@talkpal.ai\",\"legalName\":\"Talkpal, Inc.\",\"foundingDate\":\"2023-04-03\",\"duns\":\"118989042\",\"numberOfEmployees\":{\"@type\":\"QuantitativeValue\",\"minValue\":\"11\",\"maxValue\":\"50\"},\"publishingPrinciples\":\"https:\/\/talkpal.ai\/publishing-principles\/\",\"actionableFeedbackPolicy\":\"https:\/\/talkpal.ai\/actionable-feedback-policy\/\",\"correctionsPolicy\":\"https:\/\/talkpal.ai\/corrections-policy\/\",\"ethicsPolicy\":\"https:\/\/talkpal.ai\/ethics-policy\/\",\"diversityPolicy\":\"https:\/\/talkpal.ai\/diversity-policy\/\",\"diversityStaffingReport\":\"https:\/\/talkpal.ai\/diversity-policy\/\"}]}<\/script>\n<!-- \/ Yoast SEO Premium plugin. -->","yoast_head_json":{"title":"Cleachta\u00ed Gramada\u00ed Javanese - Talkpal","description":"D\u00e9an m\u00e1istreacht ar ghramadach I\u00e1vais le cleachta\u00ed idirghn\u00edomhacha at\u00e1 deartha chun cabhr\u00fa leat ainmfhocail, briathra agus strucht\u00fair abairt\u00ed a chleachtadh.","robots":{"index":"index","follow":"follow","max-snippet":"max-snippet:-1","max-image-preview":"max-image-preview:large","max-video-preview":"max-video-preview:-1"},"canonical":"https:\/\/talkpal.ai\/ga\/cleachtai-gramadai-javanese\/","og_locale":"ga_IE","og_type":"article","og_title":"Cleachta\u00ed Gramada\u00ed Javanese","og_description":"Topaic\u00ed Gramada\u00ed I\u00e1vaigh Is f\u00e9idir le teanga nua a fhoghlaim a bheith ina iarracht dh\u00fashl\u00e1nach ach luachmhar. N\u00ed haon eisceacht \u00ed I\u00e1vais, teanga","og_url":"https:\/\/talkpal.ai\/ga\/cleachtai-gramadai-javanese\/","og_site_name":"Talkpal","article_publisher":"https:\/\/www.facebook.com\/profile.php?id=100090733639311","article_modified_time":"2025-12-30T14:37:00+00:00","og_image":[{"width":2880,"height":1620,"url":"https:\/\/talkpal.ai\/wp-content\/uploads\/2025\/02\/Progress-tab-16_9.png","type":"image\/png"}],"twitter_card":"summary_large_image","twitter_site":"@talkpalai","twitter_misc":{"Est. reading time":"4 minutes"},"schema":{"@context":"https:\/\/schema.org","@graph":[{"@type":"WebPage","@id":"https:\/\/talkpal.ai\/ga\/cleachtai-gramadai-javanese\/","url":"https:\/\/talkpal.ai\/ga\/cleachtai-gramadai-javanese\/","name":"Cleachta\u00ed Gramada\u00ed Javanese - Talkpal","isPartOf":{"@id":"https:\/\/talkpal.ai\/ga\/#website"},"datePublished":"2025-11-12T10:09:39+00:00","dateModified":"2025-12-30T14:37:00+00:00","description":"D\u00e9an m\u00e1istreacht ar ghramadach I\u00e1vais le cleachta\u00ed idirghn\u00edomhacha at\u00e1 deartha chun cabhr\u00fa leat ainmfhocail, briathra agus strucht\u00fair abairt\u00ed a chleachtadh.","breadcrumb":{"@id":"https:\/\/talkpal.ai\/ga\/cleachtai-gramadai-javanese\/#breadcrumb"},"inLanguage":"ga-IE","potentialAction":[{"@type":"ReadAction","target":["https:\/\/talkpal.ai\/ga\/cleachtai-gramadai-javanese\/"]}]},{"@type":"BreadcrumbList","@id":"https:\/\/talkpal.ai\/ga\/cleachtai-gramadai-javanese\/#breadcrumb","itemListElement":[{"@type":"ListItem","position":1,"name":"Homepage","item":"https:\/\/talkpal.ai\/ga\/"},{"@type":"ListItem","position":2,"name":"Cleachta\u00ed Gramada\u00ed Javanese"}]},{"@type":"WebSite","@id":"https:\/\/talkpal.ai\/ga\/#website","url":"https:\/\/talkpal.ai\/ga\/","name":"Talkpal","description":"AI Language Learning","publisher":{"@id":"https:\/\/talkpal.ai\/ga\/#organization"},"alternateName":"Talkpal AI","potentialAction":[{"@type":"SearchAction","target":{"@type":"EntryPoint","urlTemplate":"https:\/\/talkpal.ai\/ga\/?s={search_term_string}"},"query-input":{"@type":"PropertyValueSpecification","valueRequired":true,"valueName":"search_term_string"}}],"inLanguage":"ga-IE"},{"@type":"Organization","@id":"https:\/\/talkpal.ai\/ga\/#organization","name":"Talkpal, Inc.","alternateName":"Talkpal AI","url":"https:\/\/talkpal.ai\/ga\/","logo":{"@type":"ImageObject","inLanguage":"ga-IE","@id":"https:\/\/talkpal.ai\/ga\/#\/schema\/logo\/image\/","url":"https:\/\/talkpal.ai\/wp-content\/uploads\/2024\/03\/Talkpal-Logo-Icon.png","contentUrl":"https:\/\/talkpal.ai\/wp-content\/uploads\/2024\/03\/Talkpal-Logo-Icon.png","width":2880,"height":2880,"caption":"Talkpal, Inc."},"image":{"@id":"https:\/\/talkpal.ai\/ga\/#\/schema\/logo\/image\/"},"sameAs":["https:\/\/www.facebook.com\/profile.php?id=100090733639311","https:\/\/x.com\/talkpalai","https:\/\/www.linkedin.com\/company\/talkpal\/","https:\/\/www.youtube.com\/@TalkPal\/","https:\/\/www.tiktok.com\/@talkpal","https:\/\/www.instagram.com\/talkpal_ai\/","https:\/\/www.crunchbase.com\/organization\/talkpal-9cde","https:\/\/www.g2.com\/products\/talkpal-for-business\/","https:\/\/www.trustpilot.com\/review\/talkpal.ai","https:\/\/www.capterra.com\/p\/10006800\/TalkPal\/"],"description":"Talkpal is a language learning web and mobile education app, powered by the latest AI technologies, that provides engaging experiences to its customers in many different languages to help them improve their language skills. Users can chat about unlimited amount of topics with the app and use other modes to practice their language learning.","email":"support@talkpal.ai","legalName":"Talkpal, Inc.","foundingDate":"2023-04-03","duns":"118989042","numberOfEmployees":{"@type":"QuantitativeValue","minValue":"11","maxValue":"50"},"publishingPrinciples":"https:\/\/talkpal.ai\/publishing-principles\/","actionableFeedbackPolicy":"https:\/\/talkpal.ai\/actionable-feedback-policy\/","correctionsPolicy":"https:\/\/talkpal.ai\/corrections-policy\/","ethicsPolicy":"https:\/\/talkpal.ai\/ethics-policy\/","diversityPolicy":"https:\/\/talkpal.ai\/diversity-policy\/","diversityStaffingReport":"https:\/\/talkpal.ai\/diversity-policy\/"}]}},"_links":{"self":[{"href":"https:\/\/talkpal.ai\/ga\/wp-json\/wp\/v2\/pages\/1476174","targetHints":{"allow":["GET"]}}],"collection":[{"href":"https:\/\/talkpal.ai\/ga\/wp-json\/wp\/v2\/pages"}],"about":[{"href":"https:\/\/talkpal.ai\/ga\/wp-json\/wp\/v2\/types\/page"}],"author":[{"embeddable":true,"href":"https:\/\/talkpal.ai\/ga\/wp-json\/wp\/v2\/users\/20"}],"replies":[{"embeddable":true,"href":"https:\/\/talkpal.ai\/ga\/wp-json\/wp\/v2\/comments?post=1476174"}],"version-history":[{"count":0,"href":"https:\/\/talkpal.ai\/ga\/wp-json\/wp\/v2\/pages\/1476174\/revisions"}],"wp:attachment":[{"href":"https:\/\/talkpal.ai\/ga\/wp-json\/wp\/v2\/media?parent=1476174"}],"curies":[{"name":"wp","href":"https:\/\/api.w.org\/{rel}","templated":true}]}}