{"id":1476163,"date":"2025-11-12T10:09:38","date_gmt":"2025-11-12T10:09:38","guid":{"rendered":"https:\/\/talkpal.ai\/gramadach-na-hiavai\/"},"modified":"2025-12-30T15:02:31","modified_gmt":"2025-12-30T15:02:31","slug":"gramadach-na-hiavai","status":"publish","type":"page","link":"https:\/\/talkpal.ai\/ga\/gramadach-na-hiavai\/","title":{"rendered":"Gramadach na hI\u00e1va\u00ed"},"content":{"rendered":"\r\n\r\n\r\n<section class=\"languageChallengeSection\">\r\n    <div class=\"languageInfoWrapper\">\r\n        \r\n        <h1>Gramadach na hI\u00e1va\u00ed<\/h1>\r\n        <p>B&#039;fh\u00e9idir go bhfuil <a href=\"https:\/\/talkpal.ai\/grammar\/\">gramadach<\/a> Javanese d\u00fashl\u00e1nach ar dt\u00fas, ach d\u00e9anann a ghn\u00e9ithe uath\u00fala foghlaim na teanga ina eisp\u00e9ireas luachmhar. Tr\u00ed ini\u00fachadh a dh\u00e9anamh ar a aib\u00edtir, s\u00f3ch\u00e1in, agus rialacha gramada\u00ed, gheobhaidh t\u00fa l\u00e9argas ar thraidisi\u00fan saibhir teanga. Cuir t\u00fas le do thuras agus faigh amach \u00e1illeacht na hI\u00e1va!<\/p>\r\n\r\n                            <a class=\"getStartedHidden\" href=\"https:\/\/app.talkpal.ai\/signup?lng=\">Tosaigh<\/a>\r\n        \r\n    <\/div>\r\n\r\n    <figure>\r\n    <img decoding=\"async\" width=\"768\" height=\"768\" src=\"https:\/\/talkpal.ai\/wp-content\/uploads\/2023\/06\/welsh-768x768.png\" class=\"languageImage no-lazy\" alt=\"Language learning for better cognitive abilities\" fetchpriority=\"high\" sizes=\"(max-width: 768px) 150px, 768px\" srcset=\"https:\/\/talkpal.ai\/wp-content\/uploads\/2023\/06\/welsh-768x768.png 768w, https:\/\/talkpal.ai\/wp-content\/uploads\/2023\/06\/welsh-300x300.png 300w\" \/>\r\n    \r\n\r\n    <\/figure>\r\n\r\n            <a class=\"getStartedVisible\" href=\"https:\/\/app.talkpal.ai\/signup?lng=\">Tosaigh<\/a>\r\n    \r\n<\/section><section class=\"promotionalBanner\">\r\n    <p class=\"promotionalText\">An bealach is \u00e9ifeachta\u00ed le teanga a fhoghlaim<\/p>\r\n    <a class=\"promotionalLink\" href=\"https:\/\/app.talkpal.ai\/signup?lng=\">Bain triail as Talkpal saor in aisce<\/a>\r\n<\/section>\n<div class=\"wp-block-group pageContainerStyle\"><div class=\"wp-block-group__inner-container is-layout-constrained wp-block-group-is-layout-constrained\">\n<h2 class=\"wp-block-heading\" id=\"h-navigating-the-intricacies-of-javanese-grammar\">Nasclean\u00faint a dh\u00e9anamh ar Intricacies Gramadach Javanese<\/h2>\n\n\n\n<p><a href=\"https:\/\/talkpal.ai\/ga\/foghlaim-javanese\/\">Cuireann Javanese<\/a>, teanga Austronesian le stair shaibhir agus t\u00e1bhacht chult\u00fartha, eisp\u00e9ireas teangeola\u00edoch spreag\u00fail ar f\u00e1il d\u00f3ibh si\u00fad a bhfuil fonn orthu ini\u00fachadh a dh\u00e9anamh ar a c\u00f3ras gramada\u00ed uath\u00fail. De r\u00e9ir mar a th\u00e9ann t\u00fa isteach i r\u00e9imse na hI\u00e1va, n\u00ed hamh\u00e1in go saibhreoidh t\u00fa do repertoire teangeola\u00edoch ach glacfaidh t\u00fa le turas cult\u00fartha suimi\u00fail freisin. C\u00e9 go bhf\u00e9adfadh <a href=\"https:\/\/talkpal.ai\/grammar\/\">gramadach<\/a> Javanese a bheith casta ar dt\u00fas, d\u00e9anann s\u00e9 foghlaim na teanga n\u00edos inrochtana. San alt seo, d\u00e9anfaimid ini\u00fachadh ar shaol mealltach gramadach I\u00e1vaigh agus tabharfaimid leideanna <a href=\"https:\/\/talkpal.ai\/ga\/maidir\/\">maidir<\/a> le conas a chastachta\u00ed a mh\u00e1istir.<\/p>\n\n\n\n<h3 class=\"wp-block-heading\" id=\"h-1-javanese-alphabet-and-phonetics\">1. Aib\u00edtir agus Foghra\u00edocht Javanese<\/h3>\n\n\n\n<p>Scr\u00edobhtar I\u00e1vaigh inniu go coitianta leis an aib\u00edtir Laidineach, c\u00e9 go bhfuil script thraidisi\u00fanta ar a dtugtar Aksara Jawa n\u00f3 Hanacaraka freisin. Chun gramadach Javanese a fhoghlaim, t\u00e1 s\u00e9 r\u00edth\u00e1bhachtach eolas a <a href=\"https:\/\/talkpal.ai\/locations\/language-courses-in-chur\/\">chur<\/a> ar an ortagrafa\u00edocht nua-aimseartha bunaithe ar an Laidin agus, m\u00e1s mian leat, ar an script thraidisi\u00fanta. I measc na bpr\u00edomhghn\u00e9ithe foghra\u00edochta t\u00e1 an t-idirdheal\u00fa idir e \/\u0259\/ agus \u00e9 \/e\/, an velar nasal ng agus palatal <a href=\"https:\/\/talkpal.ai\/talkpal-new-years-discount\/\">ny<\/a>, agus stad glottal a d&#8217;fh\u00e9adfadh teacht chun cinn i roinnt can\u00faint\u00ed. T\u00f3gfaidh cleachtadh l\u00e9itheoireachta agus scr\u00edbhneoireachta sa d\u00e1 ch\u00f3ras bun\u00fas l\u00e1idir don ghramadach.<\/p>\n\n\n\n<h3 class=\"wp-block-heading\" id=\"h-2-nouns-and-pronouns-number-and-levels\">2. Ainmfhocail agus Forainmneacha: Uimhir agus Leibh\u00e9il<\/h3>\n\n\n\n<p>Gn\u00e9 amh\u00e1in suntasach den I\u00e1vais is ea an bealach a spreagann r\u00e9im\u00edreanna \u00e1irithe athruithe ar chonsain tosaigh focal. Is c\u00fais leis an r\u00e9im\u00edr briathartha nasal N- malartuithe mar p ag \u00e9ir\u00ed m, t ag \u00e9ir\u00ed n, k ag \u00e9ir\u00ed ng, agus s ag \u00e9ir\u00ed ny. T\u00e1 s\u00e9 r\u00edth\u00e1bhachtach tuiscint a fh\u00e1il ar cathain agus conas a tharla\u00edonn na malartuithe seo chun cumars\u00e1id chruinn a dh\u00e9anamh i Javanese. I measc na sampla\u00ed t\u00e1 pangan go mangan, tulis go nulis, gawe go nggawe, agus sapu go nyapu.<\/p>\n\n\n\n<h3 class=\"wp-block-heading\" id=\"h-3-nouns-and-pronouns-gender-and-cases\">3. Ainmfhocail agus Forainmneacha: Inscne agus C\u00e1sanna<\/h3>\n\n\n\n<p>N\u00edl inscne n\u00f3 c\u00e1s gramada\u00ed ag ainmfhocail Javanese. Is minic a bh\u00edonn iolrachas roghnach agus is f\u00e9idir \u00e9 a chur in i\u00fal tr\u00ed athdh\u00fabailt n\u00f3 c\u00e1ithn\u00edn\u00ed ar mhaithe le meas agus comhchoiteanna, mar shampla bocah-bocah do leana\u00ed agus para d&#8217;iolra meas\u00fail daoine. Athra\u00edonn forainmneacha de r\u00e9ir leibh\u00e9al cainte, at\u00e1 l\u00e1rnach sa Javanese: foirmeacha ngoko cos\u00fail le aku, kowe, dheweke agus foirmeacha krama cos\u00fail le <a href=\"https:\/\/talkpal.ai\/locations\/language-courses-in-kula\/\">kula<\/a>, panjenengan, piyambakipun. Is f\u00e9idir seilbh a mharc\u00e1il le enclitics ar n\u00f3s -ku, -mu, agus -e, agus i measc na dtaispe\u00e1nt\u00f3ir\u00ed t\u00e1 iki this agus iku that.<\/p>\n\n\n\n<h3 class=\"wp-block-heading\" id=\"h-4-verbs-structure-and-conjugation\">4. Briathra: Strucht\u00far agus Comhchuingi\u00fa<\/h3>\n\n\n\n<p>N\u00ed chomhchuing\u00edonn briathra Javanese le haghaidh duine n\u00f3 aimsire. Ina \u00e1it sin, cuirtear gn\u00e9, gi\u00famar, agus am in i\u00fal tr\u00ed ch\u00e1ithn\u00edn\u00ed agus c\u00fanta ar n\u00f3s wis cheana f\u00e9in, durung not yet, lagi ar si\u00fal, arep n\u00f3 bakal don todhcha\u00ed n\u00f3 d&#8217;intinn. L\u00e1imhse\u00e1iltear guth agus valency le moirfeola\u00edocht, lena n-\u00e1ir\u00edtear an r\u00e9im\u00edr sr\u00f3ine gn\u00edomhach N-, an di-\u00e9ighn\u00edomhach \u00e9ighn\u00edomhach, agus i gcomhth\u00e9acsanna n\u00edos foirmi\u00fala n\u00f3 liteartha ka-. Is f\u00e9idir le proclitics cos\u00fail le tak- gn\u00edomhaire c\u00e9ad duine a mharc\u00e1il i roinnt st\u00edleanna. Feabhs\u00f3idh m\u00e1istreacht ar na patr\u00fain seo do chumas cumars\u00e1id \u00e9ifeachtach a dh\u00e9anamh i Javanese.<\/p>\n\n\n\n<h3 class=\"wp-block-heading\" id=\"h-5-adjectives-agreement-and-placement\">5. Aidiachta\u00ed: Comhaont\u00fa agus Socr\u00fach\u00e1n<\/h3>\n\n\n\n<p>I ngramadach na hI\u00e1va, is gn\u00e1ch go leanann aidiachta\u00ed an t-ainmfhocal a mhodhna\u00edonn siad agus n\u00ed aonta\u00edonn siad i l\u00edon n\u00f3 inscne. Is minic a fhoirm\u00edtear br\u00edonna compar\u00e1ideacha agus superlative le luwih n\u00edos m\u00f3 agus paling an chuid is m\u00f3, go minic le saka n\u00e1 chun compar\u00e1id a mharc\u00e1il. Is f\u00e9idir le hathdh\u00fabailt n\u00f3 treisitheoir\u00ed cos\u00fail le banget an-nuance a chur leis.<\/p>\n\n\n\n<p><strong>Sampla\u00ed:<\/strong><\/p>\n\n\n\n<p><strong>&#8211; Tresna Gedhe (Gr\u00e1 M\u00f3r)<\/strong><\/p>\n\n\n\n<p><strong>&#8211; Bocah-Bocah Cilik (leana\u00ed beaga)<\/strong><\/p>\n\n\n\n<h3 class=\"wp-block-heading\" id=\"h-6-engaging-with-the-language\">6. Dul i ngleic leis an teanga<\/h3>\n\n\n\n<p>Is \u00e9 an bealach is \u00e9ifeachta\u00ed chun gramadach Javanese a thuiscint agus a inmhe\u00e1n\u00fa go hioml\u00e1n n\u00e1 dul i ngleic go comhsheasmhach leis an teanga. Tr\u00ed litr\u00edocht agus t\u00e9acsanna amhr\u00e1n Javanese a l\u00e9amh, f\u00e9achaint ar <a href=\"https:\/\/talkpal.ai\/culture\/what-is-the-language-used-in-wayang-kulit\/\">wayang kulit<\/a> n\u00f3 me\u00e1in chomhaimseartha Javanese, \u00e9isteacht le tembang macapat, agus cumars\u00e1id ghn\u00edomhach a dh\u00e9anamh le cainteoir\u00ed d\u00fachais ar chl\u00e1ir \u00e9ags\u00fala, treiseoidh t\u00fa do thuiscint ar an ngramadach agus leathn\u00f3idh t\u00fa do st\u00f3r focal.<\/p>\n\n\n\n<h3 class=\"wp-block-heading\" id=\"h-conclusion\">Concl\u00faid<\/h3>\n\n\n\n<p>C\u00e9 go bhf\u00e9adfadh gramadach Javanese a bheith intricate, is f\u00e9idir leat a bheith inni\u00fail sa teanga \u00e1lainn seo le d\u00fathracht, cleachtas agus d\u00edograis. Tr\u00ed dh\u00edri\u00fa ar na rialacha bun\u00fasacha agus dul i ngleic leis an teanga i gcomhth\u00e9acsanna \u00e9ags\u00fala, cuirfidh t\u00fa feabhas tapa ar do <a href=\"https:\/\/talkpal.ai\/ga\/gramadach\/\">scileanna gramada\u00ed<\/a> Javanese. Muga-muga success (\u00e1dh m\u00f3r) le do thuras teanga Javanese, agus taitneamh a bhaint as an domhan enigmatic ach mealltach de ghramadach Javanese!<\/p>\n<\/div><\/div>\n\r\n<section class=\"learnNavigationSection\">\r\n            \r\n        <a href=\"https:\/\/talkpal.ai\/ga\/foghlaim-javanese\/\">\r\n            <div class=\"learnNavigationWrapper\">\r\n                <div class=\"learnNavigationContent\">\r\n                    <img decoding=\"async\" src=\"https:\/\/talkpal.ai\/wp-content\/uploads\/2025\/11\/Javanese.png\" alt=\"Indonesian Flag\">\r\n                    <div>\r\n                        <h4>Maidir le Foghlaim Javanese<\/h4>\r\n                        <p>Faigh amach gach rud faoi Javanese Grammar.<\/p>\r\n                    <\/div>\r\n                <\/div>\r\n            <\/div>\r\n        <\/a>\r\n\r\n        \r\n        <a href=\"https:\/\/talkpal.ai\/ga\/cleachtai-gramadai-javanese\/\">\r\n            <div class=\"learnNavigationWrapper\">\r\n                <div class=\"learnNavigationContent\">\r\n                    <img decoding=\"async\" src=\"https:\/\/talkpal.ai\/wp-content\/uploads\/2025\/11\/Javanese.png\" alt=\"Indonesian Flag\">\r\n                    <div>\r\n                        <h4>Cleachtadh Gramada\u00ed Javanese<\/h4>\r\n                        <p>Cleachtadh gramadach Javanese.<\/p>\r\n                    <\/div>\r\n                <\/div>\r\n            <\/div>\r\n        <\/a>\r\n\r\n            <\/section>","protected":false},"excerpt":{"rendered":"<p>Nasclean\u00faint a dh\u00e9anamh ar Intricacies Gramadach Javanese Cuireann Javanese, teanga Austronesian le stair shaibhir agus t\u00e1bhacht chult\u00fartha, eisp\u00e9ireas teangeola\u00edoch spreag\u00fail ar f\u00e1il d\u00f3ibh si\u00fad a bhfuil fonn orthu ini\u00fachadh a dh\u00e9anamh ar a c\u00f3ras gramada\u00ed uath\u00fail. De r\u00e9ir mar a th\u00e9ann t\u00fa isteach i r\u00e9imse na hI\u00e1va, n\u00ed hamh\u00e1in go saibhreoidh t\u00fa do repertoire teangeola\u00edoch [&hellip;]<\/p>\n","protected":false},"author":20,"featured_media":0,"parent":0,"menu_order":0,"comment_status":"closed","ping_status":"closed","template":"LearningContentPage.php","meta":{"_acf_changed":false,"footnotes":""},"class_list":["post-1476163","page","type-page","status-publish","hentry"],"acf":[],"yoast_head":"<!-- This site is optimized with the Yoast SEO Premium plugin v27.2 (Yoast SEO v27.2) - https:\/\/yoast.com\/product\/yoast-seo-premium-wordpress\/ -->\n<title>Gramadach na hI\u00e1va\u00ed - Talkpal<\/title>\n<meta name=\"description\" content=\"Faigh m\u00e1istreacht ar rialacha gramada\u00ed agus strucht\u00fair abairt\u00ed I\u00e1vaise go tapa len\u00e1r dtreoir chuimsitheach at\u00e1 deartha le haghaidh foghlaim teanga \u00e9ifeachtach.\" \/>\n<meta name=\"robots\" content=\"index, follow, max-snippet:-1, max-image-preview:large, max-video-preview:-1\" \/>\n<link rel=\"canonical\" href=\"https:\/\/talkpal.ai\/ga\/gramadach-na-hiavai\/\" \/>\n<meta property=\"og:locale\" content=\"ga_IE\" \/>\n<meta property=\"og:type\" content=\"article\" \/>\n<meta property=\"og:title\" content=\"Gramadach na hI\u00e1va\u00ed\" \/>\n<meta property=\"og:description\" content=\"Nasclean\u00faint a dh\u00e9anamh ar Intricacies Gramadach Javanese Cuireann Javanese, teanga Austronesian le stair shaibhir agus t\u00e1bhacht chult\u00fartha, eisp\u00e9ireas\" \/>\n<meta property=\"og:url\" content=\"https:\/\/talkpal.ai\/ga\/gramadach-na-hiavai\/\" \/>\n<meta property=\"og:site_name\" content=\"Talkpal\" \/>\n<meta property=\"article:publisher\" content=\"https:\/\/www.facebook.com\/profile.php?id=100090733639311\" \/>\n<meta property=\"article:modified_time\" content=\"2025-12-30T15:02:31+00:00\" \/>\n<meta property=\"og:image\" content=\"https:\/\/talkpal.ai\/wp-content\/uploads\/2025\/02\/Progress-tab-16_9.png\" \/>\n\t<meta property=\"og:image:width\" content=\"2880\" \/>\n\t<meta property=\"og:image:height\" content=\"1620\" \/>\n\t<meta property=\"og:image:type\" content=\"image\/png\" \/>\n<meta name=\"twitter:card\" content=\"summary_large_image\" \/>\n<meta name=\"twitter:site\" content=\"@talkpalai\" \/>\n<meta name=\"twitter:label1\" content=\"Est. reading time\" \/>\n\t<meta name=\"twitter:data1\" content=\"4 minutes\" \/>\n<script type=\"application\/ld+json\" class=\"yoast-schema-graph\">{\"@context\":\"https:\/\/schema.org\",\"@graph\":[{\"@type\":\"WebPage\",\"@id\":\"https:\/\/talkpal.ai\/ga\/gramadach-na-hiavai\/\",\"url\":\"https:\/\/talkpal.ai\/ga\/gramadach-na-hiavai\/\",\"name\":\"Gramadach na hI\u00e1va\u00ed - Talkpal\",\"isPartOf\":{\"@id\":\"https:\/\/talkpal.ai\/ga\/#website\"},\"datePublished\":\"2025-11-12T10:09:38+00:00\",\"dateModified\":\"2025-12-30T15:02:31+00:00\",\"description\":\"Faigh m\u00e1istreacht ar rialacha gramada\u00ed agus strucht\u00fair abairt\u00ed I\u00e1vaise go tapa len\u00e1r dtreoir chuimsitheach at\u00e1 deartha le haghaidh foghlaim teanga \u00e9ifeachtach.\",\"breadcrumb\":{\"@id\":\"https:\/\/talkpal.ai\/ga\/gramadach-na-hiavai\/#breadcrumb\"},\"inLanguage\":\"ga-IE\",\"potentialAction\":[{\"@type\":\"ReadAction\",\"target\":[\"https:\/\/talkpal.ai\/ga\/gramadach-na-hiavai\/\"]}]},{\"@type\":\"BreadcrumbList\",\"@id\":\"https:\/\/talkpal.ai\/ga\/gramadach-na-hiavai\/#breadcrumb\",\"itemListElement\":[{\"@type\":\"ListItem\",\"position\":1,\"name\":\"Homepage\",\"item\":\"https:\/\/talkpal.ai\/ga\/\"},{\"@type\":\"ListItem\",\"position\":2,\"name\":\"Gramadach na hI\u00e1va\u00ed\"}]},{\"@type\":\"WebSite\",\"@id\":\"https:\/\/talkpal.ai\/ga\/#website\",\"url\":\"https:\/\/talkpal.ai\/ga\/\",\"name\":\"Talkpal\",\"description\":\"AI Language Learning\",\"publisher\":{\"@id\":\"https:\/\/talkpal.ai\/ga\/#organization\"},\"alternateName\":\"Talkpal AI\",\"potentialAction\":[{\"@type\":\"SearchAction\",\"target\":{\"@type\":\"EntryPoint\",\"urlTemplate\":\"https:\/\/talkpal.ai\/ga\/?s={search_term_string}\"},\"query-input\":{\"@type\":\"PropertyValueSpecification\",\"valueRequired\":true,\"valueName\":\"search_term_string\"}}],\"inLanguage\":\"ga-IE\"},{\"@type\":\"Organization\",\"@id\":\"https:\/\/talkpal.ai\/ga\/#organization\",\"name\":\"Talkpal, Inc.\",\"alternateName\":\"Talkpal AI\",\"url\":\"https:\/\/talkpal.ai\/ga\/\",\"logo\":{\"@type\":\"ImageObject\",\"inLanguage\":\"ga-IE\",\"@id\":\"https:\/\/talkpal.ai\/ga\/#\/schema\/logo\/image\/\",\"url\":\"https:\/\/talkpal.ai\/wp-content\/uploads\/2024\/03\/Talkpal-Logo-Icon.png\",\"contentUrl\":\"https:\/\/talkpal.ai\/wp-content\/uploads\/2024\/03\/Talkpal-Logo-Icon.png\",\"width\":2880,\"height\":2880,\"caption\":\"Talkpal, Inc.\"},\"image\":{\"@id\":\"https:\/\/talkpal.ai\/ga\/#\/schema\/logo\/image\/\"},\"sameAs\":[\"https:\/\/www.facebook.com\/profile.php?id=100090733639311\",\"https:\/\/x.com\/talkpalai\",\"https:\/\/www.linkedin.com\/company\/talkpal\/\",\"https:\/\/www.youtube.com\/@TalkPal\/\",\"https:\/\/www.tiktok.com\/@talkpal\",\"https:\/\/www.instagram.com\/talkpal_ai\/\",\"https:\/\/www.crunchbase.com\/organization\/talkpal-9cde\",\"https:\/\/www.g2.com\/products\/talkpal-for-business\/\",\"https:\/\/www.trustpilot.com\/review\/talkpal.ai\",\"https:\/\/www.capterra.com\/p\/10006800\/TalkPal\/\"],\"description\":\"Talkpal is a language learning web and mobile education app, powered by the latest AI technologies, that provides engaging experiences to its customers in many different languages to help them improve their language skills. Users can chat about unlimited amount of topics with the app and use other modes to practice their language learning.\",\"email\":\"support@talkpal.ai\",\"legalName\":\"Talkpal, Inc.\",\"foundingDate\":\"2023-04-03\",\"duns\":\"118989042\",\"numberOfEmployees\":{\"@type\":\"QuantitativeValue\",\"minValue\":\"11\",\"maxValue\":\"50\"},\"publishingPrinciples\":\"https:\/\/talkpal.ai\/publishing-principles\/\",\"actionableFeedbackPolicy\":\"https:\/\/talkpal.ai\/actionable-feedback-policy\/\",\"correctionsPolicy\":\"https:\/\/talkpal.ai\/corrections-policy\/\",\"ethicsPolicy\":\"https:\/\/talkpal.ai\/ethics-policy\/\",\"diversityPolicy\":\"https:\/\/talkpal.ai\/diversity-policy\/\",\"diversityStaffingReport\":\"https:\/\/talkpal.ai\/diversity-policy\/\"}]}<\/script>\n<!-- \/ Yoast SEO Premium plugin. -->","yoast_head_json":{"title":"Gramadach na hI\u00e1va\u00ed - Talkpal","description":"Faigh m\u00e1istreacht ar rialacha gramada\u00ed agus strucht\u00fair abairt\u00ed I\u00e1vaise go tapa len\u00e1r dtreoir chuimsitheach at\u00e1 deartha le haghaidh foghlaim teanga \u00e9ifeachtach.","robots":{"index":"index","follow":"follow","max-snippet":"max-snippet:-1","max-image-preview":"max-image-preview:large","max-video-preview":"max-video-preview:-1"},"canonical":"https:\/\/talkpal.ai\/ga\/gramadach-na-hiavai\/","og_locale":"ga_IE","og_type":"article","og_title":"Gramadach na hI\u00e1va\u00ed","og_description":"Nasclean\u00faint a dh\u00e9anamh ar Intricacies Gramadach Javanese Cuireann Javanese, teanga Austronesian le stair shaibhir agus t\u00e1bhacht chult\u00fartha, eisp\u00e9ireas","og_url":"https:\/\/talkpal.ai\/ga\/gramadach-na-hiavai\/","og_site_name":"Talkpal","article_publisher":"https:\/\/www.facebook.com\/profile.php?id=100090733639311","article_modified_time":"2025-12-30T15:02:31+00:00","og_image":[{"width":2880,"height":1620,"url":"https:\/\/talkpal.ai\/wp-content\/uploads\/2025\/02\/Progress-tab-16_9.png","type":"image\/png"}],"twitter_card":"summary_large_image","twitter_site":"@talkpalai","twitter_misc":{"Est. reading time":"4 minutes"},"schema":{"@context":"https:\/\/schema.org","@graph":[{"@type":"WebPage","@id":"https:\/\/talkpal.ai\/ga\/gramadach-na-hiavai\/","url":"https:\/\/talkpal.ai\/ga\/gramadach-na-hiavai\/","name":"Gramadach na hI\u00e1va\u00ed - Talkpal","isPartOf":{"@id":"https:\/\/talkpal.ai\/ga\/#website"},"datePublished":"2025-11-12T10:09:38+00:00","dateModified":"2025-12-30T15:02:31+00:00","description":"Faigh m\u00e1istreacht ar rialacha gramada\u00ed agus strucht\u00fair abairt\u00ed I\u00e1vaise go tapa len\u00e1r dtreoir chuimsitheach at\u00e1 deartha le haghaidh foghlaim teanga \u00e9ifeachtach.","breadcrumb":{"@id":"https:\/\/talkpal.ai\/ga\/gramadach-na-hiavai\/#breadcrumb"},"inLanguage":"ga-IE","potentialAction":[{"@type":"ReadAction","target":["https:\/\/talkpal.ai\/ga\/gramadach-na-hiavai\/"]}]},{"@type":"BreadcrumbList","@id":"https:\/\/talkpal.ai\/ga\/gramadach-na-hiavai\/#breadcrumb","itemListElement":[{"@type":"ListItem","position":1,"name":"Homepage","item":"https:\/\/talkpal.ai\/ga\/"},{"@type":"ListItem","position":2,"name":"Gramadach na hI\u00e1va\u00ed"}]},{"@type":"WebSite","@id":"https:\/\/talkpal.ai\/ga\/#website","url":"https:\/\/talkpal.ai\/ga\/","name":"Talkpal","description":"AI Language Learning","publisher":{"@id":"https:\/\/talkpal.ai\/ga\/#organization"},"alternateName":"Talkpal AI","potentialAction":[{"@type":"SearchAction","target":{"@type":"EntryPoint","urlTemplate":"https:\/\/talkpal.ai\/ga\/?s={search_term_string}"},"query-input":{"@type":"PropertyValueSpecification","valueRequired":true,"valueName":"search_term_string"}}],"inLanguage":"ga-IE"},{"@type":"Organization","@id":"https:\/\/talkpal.ai\/ga\/#organization","name":"Talkpal, Inc.","alternateName":"Talkpal AI","url":"https:\/\/talkpal.ai\/ga\/","logo":{"@type":"ImageObject","inLanguage":"ga-IE","@id":"https:\/\/talkpal.ai\/ga\/#\/schema\/logo\/image\/","url":"https:\/\/talkpal.ai\/wp-content\/uploads\/2024\/03\/Talkpal-Logo-Icon.png","contentUrl":"https:\/\/talkpal.ai\/wp-content\/uploads\/2024\/03\/Talkpal-Logo-Icon.png","width":2880,"height":2880,"caption":"Talkpal, Inc."},"image":{"@id":"https:\/\/talkpal.ai\/ga\/#\/schema\/logo\/image\/"},"sameAs":["https:\/\/www.facebook.com\/profile.php?id=100090733639311","https:\/\/x.com\/talkpalai","https:\/\/www.linkedin.com\/company\/talkpal\/","https:\/\/www.youtube.com\/@TalkPal\/","https:\/\/www.tiktok.com\/@talkpal","https:\/\/www.instagram.com\/talkpal_ai\/","https:\/\/www.crunchbase.com\/organization\/talkpal-9cde","https:\/\/www.g2.com\/products\/talkpal-for-business\/","https:\/\/www.trustpilot.com\/review\/talkpal.ai","https:\/\/www.capterra.com\/p\/10006800\/TalkPal\/"],"description":"Talkpal is a language learning web and mobile education app, powered by the latest AI technologies, that provides engaging experiences to its customers in many different languages to help them improve their language skills. Users can chat about unlimited amount of topics with the app and use other modes to practice their language learning.","email":"support@talkpal.ai","legalName":"Talkpal, Inc.","foundingDate":"2023-04-03","duns":"118989042","numberOfEmployees":{"@type":"QuantitativeValue","minValue":"11","maxValue":"50"},"publishingPrinciples":"https:\/\/talkpal.ai\/publishing-principles\/","actionableFeedbackPolicy":"https:\/\/talkpal.ai\/actionable-feedback-policy\/","correctionsPolicy":"https:\/\/talkpal.ai\/corrections-policy\/","ethicsPolicy":"https:\/\/talkpal.ai\/ethics-policy\/","diversityPolicy":"https:\/\/talkpal.ai\/diversity-policy\/","diversityStaffingReport":"https:\/\/talkpal.ai\/diversity-policy\/"}]}},"_links":{"self":[{"href":"https:\/\/talkpal.ai\/ga\/wp-json\/wp\/v2\/pages\/1476163","targetHints":{"allow":["GET"]}}],"collection":[{"href":"https:\/\/talkpal.ai\/ga\/wp-json\/wp\/v2\/pages"}],"about":[{"href":"https:\/\/talkpal.ai\/ga\/wp-json\/wp\/v2\/types\/page"}],"author":[{"embeddable":true,"href":"https:\/\/talkpal.ai\/ga\/wp-json\/wp\/v2\/users\/20"}],"replies":[{"embeddable":true,"href":"https:\/\/talkpal.ai\/ga\/wp-json\/wp\/v2\/comments?post=1476163"}],"version-history":[{"count":0,"href":"https:\/\/talkpal.ai\/ga\/wp-json\/wp\/v2\/pages\/1476163\/revisions"}],"wp:attachment":[{"href":"https:\/\/talkpal.ai\/ga\/wp-json\/wp\/v2\/media?parent=1476163"}],"curies":[{"name":"wp","href":"https:\/\/api.w.org\/{rel}","templated":true}]}}