{"id":1476143,"date":"2025-11-12T09:53:32","date_gmt":"2025-11-12T09:53:32","guid":{"rendered":"https:\/\/talkpal.ai\/gramadach-na-gaeilge\/"},"modified":"2025-12-30T14:51:16","modified_gmt":"2025-12-30T14:51:16","slug":"gramadach-na-gaeilge","status":"publish","type":"page","link":"https:\/\/talkpal.ai\/ga\/gramadach-na-gaeilge\/","title":{"rendered":"Gramadach na Gaeilge"},"content":{"rendered":"\r\n\r\n\r\n<section class=\"languageChallengeSection\">\r\n    <div class=\"languageInfoWrapper\">\r\n        \r\n        <h1>Gramadach na Gaeilge<\/h1>\r\n        <p>B&#039;fh\u00e9idir go bhfuil s\u00e9 d\u00fashl\u00e1nach ar ghramadach na Gaeilge ar dt\u00fas, ach is eisp\u00e9ireas luachmhar \u00e9 foghlaim na teanga. Tr\u00ed ini\u00fachadh a dh\u00e9anamh ar a aib\u00edtir, s\u00f3ch\u00e1in, agus rialacha gramada\u00ed, gheobhaidh t\u00fa l\u00e9argas ar thraidisi\u00fan saibhir teanga. Cuir t\u00fas le do thuras agus faigh amach \u00e1illeacht na Gaeilge!<\/p>\r\n\r\n                            <a class=\"getStartedHidden\" href=\"https:\/\/app.talkpal.ai\/signup?lng=\">Tosaigh<\/a>\r\n        \r\n    <\/div>\r\n\r\n    <figure>\r\n    <img decoding=\"async\" width=\"768\" height=\"768\" src=\"https:\/\/talkpal.ai\/wp-content\/uploads\/2023\/06\/welsh-768x768.png\" class=\"languageImage no-lazy\" alt=\"Language learning for better cognitive abilities\" fetchpriority=\"high\" sizes=\"(max-width: 768px) 150px, 768px\" srcset=\"https:\/\/talkpal.ai\/wp-content\/uploads\/2023\/06\/welsh-768x768.png 768w, https:\/\/talkpal.ai\/wp-content\/uploads\/2023\/06\/welsh-300x300.png 300w\" \/>\r\n    \r\n\r\n    <\/figure>\r\n\r\n            <a class=\"getStartedVisible\" href=\"https:\/\/app.talkpal.ai\/signup?lng=\">Tosaigh<\/a>\r\n    \r\n<\/section><section class=\"promotionalBanner\">\r\n    <p class=\"promotionalText\">An bealach is \u00e9ifeachta\u00ed le teanga a fhoghlaim<\/p>\r\n    <a class=\"promotionalLink\" href=\"https:\/\/app.talkpal.ai\/signup?lng=\">Bain triail as Talkpal saor in aisce<\/a>\r\n<\/section>\n<div class=\"wp-block-group pageContainerStyle\"><div class=\"wp-block-group__inner-container is-layout-constrained wp-block-group-is-layout-constrained\">\n<h2 class=\"wp-block-heading\" id=\"h-navigating-the-intricacies-of-irish-grammar\">Nasclean\u00faint a dh\u00e9anamh ar Intricacies Ghramadach na Gaeilge<\/h2>\n\n\n\n<p><a href=\"https:\/\/talkpal.ai\/ga\/foghlaim-gaeilge\/\">Cuireann an Ghaeilge<\/a>, teanga Cheilteach Goidelic a bhfuil t\u00e1bhacht shaibhir stairi\u00fail agus chult\u00fartha aici, eisp\u00e9ireas spreag\u00fail teangeola\u00edoch ar f\u00e1il d\u00f3ibh si\u00fad ar mian leo ini\u00fachadh a dh\u00e9anamh ar an gc\u00f3ras gramada\u00ed uath\u00fail. Agus t\u00fa ag dul isteach i r\u00e9imse na Gaeilge, n\u00ed hamh\u00e1in go saibhreoidh t\u00fa do repertoire teangeola\u00edoch ach glacfaidh t\u00fa le turas cult\u00fartha suimi\u00fail freisin. C\u00e9 go bhf\u00e9adfadh <a href=\"https:\/\/talkpal.ai\/irish-grammar\/\">gramadach na Gaeilge<\/a> a bheith casta ar dt\u00fas, b\u00edonn foghlaim na teanga n\u00edos inrochtana ag briseadh s\u00edos ina chro\u00ed-chomhph\u00e1irteanna. San alt seo, d\u00e9anfaimid ini\u00fachadh ar shaol mealltach ghramadach na Gaeilge agus tabharfaimid leideanna <a href=\"https:\/\/talkpal.ai\/ga\/maidir\/\">maidir<\/a> le conas m\u00e1istreacht a fh\u00e1il ar a casta.<\/p>\n\n\n\n<h3 class=\"wp-block-heading\" id=\"h-1-irish-alphabet-and-phonetics\">1. Aib\u00edtir na Gaeilge agus Foghra\u00edocht<\/h3>\n\n\n\n<p>Go <a href=\"https:\/\/talkpal.ai\/will-ai-kill-traditional-language-learning\/\">traidisi\u00fanta<\/a>, t\u00e1 18 litir san aib\u00edtir Ghaeilge, agus t\u00e1 litreacha breise le feice\u00e1il i bhfocail iasachta. \u00das\u00e1ideann an Ghaeilge an fada chun guta\u00ed fada a mharc\u00e1il agus d\u00e9anann s\u00ed idirdheal\u00fa idir consain leathana agus caol bunaithe ar ghuta\u00ed m\u00e1guaird. \u00das\u00e1ideann an c\u00f3ras scr\u00edbhneoireachta h chun lenition a <a href=\"https:\/\/talkpal.ai\/locations\/language-courses-in-chur\/\">chur<\/a> in i\u00fal, ag cruth\u00fa d\u00e9graif cos\u00fail le bh agus mh. Chun <a href=\"https:\/\/talkpal.ai\/grammar\/\">gramadach<\/a> na Gaeilge a fhoghlaim, t\u00e1 s\u00e9 r\u00edth\u00e1bhachtach eolas a chur ar an gc\u00f3ras scr\u00edbhneoireachta saini\u00fail seo tr\u00ed l\u00e9itheoireacht agus scr\u00edbhneoireacht a chleachtadh i nGaeilge.<\/p>\n\n\n\n<h3 class=\"wp-block-heading\" id=\"h-2-mutations-a-peculiar-irish-feature\">2. S\u00f3ch\u00e1in: Gn\u00e9 Aisteach \u00c9ireannach<\/h3>\n\n\n\n<p>Ceann de na gn\u00e9ithe is suntasa\u00ed de ghramadach na Gaeilge is ea leithead\u00falacht na s\u00f3ch\u00e1in tosaigh. Is iad an d\u00e1 phr\u00edomhchine\u00e1l n\u00e1 lenition, a chuireann h i ndiaidh consain \u00e1irithe, agus eclipsis, a chuireann consan roimh cheann eile. Baineann an Ghaeilge \u00fas\u00e1id as t-r\u00e9im\u00edr agus h-r\u00e9amhfhocal i gcomhth\u00e9acsanna ar <a href=\"https:\/\/talkpal.ai\/locations\/language-courses-in-leith\/\">leith<\/a> freisin. T\u00e1 s\u00e9 r\u00edth\u00e1bhachtach tuiscint a fh\u00e1il ar an gcaoi a dtarla\u00edonn na s\u00f3ch\u00e1in seo, mar shampla tar \u00e9is r\u00e9amhfhocail \u00e1irithe, sealbhacha, uimhreacha, agus an t-alt cinnte, chun cumars\u00e1id chruinn a dh\u00e9anamh sa Ghaeilge.<\/p>\n\n\n\n<h3 class=\"wp-block-heading\" id=\"h-3-nouns-and-pronouns-gender-and-cases\">3. Ainmfhocail agus Forainmneacha: Inscne agus C\u00e1sanna<\/h3>\n\n\n\n<p>T\u00e1 inscne ghramada\u00ed ag ainmfhocail Ghaeilge, firinscneach n\u00f3 baininscneach, agus crutha\u00edonn siad iolra tr\u00ed phatr\u00fain \u00e9ags\u00fala. T\u00e1 c\u00e1s t\u00e1bhachtach freisin, le feidhmeanna ainmneacha, ginideacha, vocative, agus dative le feice\u00e1il i gcomhth\u00e9acsanna \u00e9ags\u00fala. I measc na bhforainmneacha sa Ghaeilge t\u00e1 forainmneacha pearsanta, sealbhacha, emphatacha, l\u00e9iritheacha, ceisti\u00fala agus r\u00e9amhfhocail a chomhcheangla\u00edonn le r\u00e9amhfhocail shimpl\u00ed. M\u00e1 \u00e9ir\u00edonn t\u00fa eolach ar na forainmneacha seo agus ar a bhfoirmeacha, cuirfear feabhas suntasach ar do thuiscint ar ghramadach na Gaeilge.<\/p>\n\n\n\n<h3 class=\"wp-block-heading\" id=\"h-4-verbs-structure-and-conjugation\">4. Briathra: Strucht\u00far agus Comhchuingi\u00fa<\/h3>\n\n\n\n<p>Leanann briathra Gaeilge strucht\u00far saini\u00fail a chuims\u00edonn foirmeacha anail\u00edseacha agus sint\u00e9iseacha araon, le comhchuingi\u00fa ag athr\u00fa de r\u00e9ir aimsire, gi\u00famar agus duine. Is iad na haimsir riachtanacha an l\u00e1 at\u00e1 inniu ann, an t-am at\u00e1 thart agus an todhcha\u00ed, le heilimint\u00ed breise cos\u00fail le gi\u00famar choinn\u00edollach agus \u00e9igeantach, chomh maith le foirm uathrialach neamhphearsanta. Idirghn\u00edomha\u00edonn c\u00e1ithn\u00edn\u00ed cos\u00fail le an, n\u00ed, go, agus nach le briathra agus spreagann siad s\u00f3ch\u00e1in. T\u00e1 r\u00f3l l\u00e1rnach ag an mbriathar b\u00ed agus an copula, agus \u00fas\u00e1idtear an t-ainmfhocal briathartha go forleathan chun t\u00f3g\u00e1lacha for\u00e1sacha a fhoirmi\u00fa. M\u00e1 fhoghlaim\u00edonn t\u00fa an c\u00f3ras briathartha agus na briathra neamhrialta, feabhs\u00f3idh t\u00fa do chumas cumars\u00e1id \u00e9ifeachtach a dh\u00e9anamh sa Ghaeilge.<\/p>\n\n\n\n<h3 class=\"wp-block-heading\" id=\"h-5-adjectives-agreement-and-placement\">5. Aidiachta\u00ed: Comhaont\u00fa agus Socr\u00fach\u00e1n<\/h3>\n\n\n\n<p>I ngramadach na Gaeilge, is gn\u00e1ch go leanann aidiachta\u00ed an t-ainmfhocal a mhodhna\u00edonn siad agus aonta\u00edonn siad in inscne, uimhir, agus c\u00e1s. Is f\u00e9idir le haidiachta\u00ed lenite i ndiaidh ainmfhocail uatha baininscneach i gcomhth\u00e9acsanna \u00e1irithe, agus glacann go leor foircinn iolra. Is minic a fhoirm\u00edtear br\u00edonna compar\u00e1ideacha agus superlative le n\u00edos agus is, agus taispe\u00e1nann roinnt aidiachta\u00ed foirmeacha compar\u00e1ideacha agus superlative neamhrialta.<\/p>\n\n\n\n<p><strong>Sampla\u00ed:<\/strong><\/p>\n\n\n\n<p><strong>\u2013 gr\u00e1 m\u00f3r<\/strong><\/p>\n\n\n\n<p><strong>\u2013 P\u00e1ist\u00ed Beaga<\/strong><\/p>\n\n\n\n<h3 class=\"wp-block-heading\" id=\"h-6-engaging-with-the-language\">6. Dul i ngleic leis an teanga<\/h3>\n\n\n\n<p>Is \u00e9 an bealach is \u00e9ifeachta\u00ed chun gramadach na Gaeilge a thuiscint agus a inmhe\u00e1n\u00fa go hioml\u00e1n n\u00e1 dul i ngleic leis an teanga go comhsheasmhach. Tr\u00ed litr\u00edocht na h\u00c9ireann a l\u00e9amh, f\u00e9achaint ar scann\u00e1in n\u00f3 sraitheanna teilif\u00edse Gaeilge, agus cumars\u00e1id ghn\u00edomhach a dh\u00e9anamh le cainteoir\u00ed d\u00fachais, treiseoidh t\u00fa do thuiscint ar an ngramadach agus leathn\u00f3idh t\u00fa do st\u00f3r focal.<\/p>\n\n\n\n<h3 class=\"wp-block-heading\" id=\"h-conclusion\">Concl\u00faid<\/h3>\n\n\n\n<p>C\u00e9 go bhfuil gramadach na Gaeilge casta, is f\u00e9idir leat a bheith l\u00edofa sa teanga \u00e1lainn seo le d\u00fathracht, le cleachtadh agus le d\u00edograis. Tr\u00ed dh\u00edri\u00fa ar na bunrialacha agus dul i ngleic leis an teanga i gcomhth\u00e9acsanna \u00e9ags\u00fala, cuirfidh t\u00fa le do <a href=\"https:\/\/talkpal.ai\/ga\/gramadach\/\">scileanna gramada\u00ed<\/a> Gaeilge go tapa. \u00c1dh m\u00f3r (\u00e1dh m\u00f3r) le do thuras Gaeilge, agus bain sult as saol mealltach na gramada\u00ed Gaeilge a nochtadh!<\/p>\n<\/div><\/div>\n\r\n<section class=\"learnNavigationSection\">\r\n            \r\n        <a href=\"https:\/\/talkpal.ai\/ga\/foghlaim-gaeilge\/\">\r\n            <div class=\"learnNavigationWrapper\">\r\n                <div class=\"learnNavigationContent\">\r\n                    <img decoding=\"async\" src=\"https:\/\/talkpal.ai\/wp-content\/uploads\/2025\/11\/Irish.png\" alt=\"Irish Flag\">\r\n                    <div>\r\n                        <h4>Maidir le Foghlaim na Gaeilge<\/h4>\r\n                        <p>Faigh amach gach rud faoi Ghramadach na Gaeilge.<\/p>\r\n                    <\/div>\r\n                <\/div>\r\n            <\/div>\r\n        <\/a>\r\n\r\n        \r\n        <a href=\"https:\/\/talkpal.ai\/ga\/cleachtai-gramadai-na-gaeilge\/\">\r\n            <div class=\"learnNavigationWrapper\">\r\n                <div class=\"learnNavigationContent\">\r\n                    <img decoding=\"async\" src=\"https:\/\/talkpal.ai\/wp-content\/uploads\/2025\/11\/Irish.png\" alt=\"Irish Flag\">\r\n                    <div>\r\n                        <h4>Cleachtadh Gramada\u00ed na Gaeilge<\/h4>\r\n                        <p>Cleachtadh gramadach na Gaeilge.<\/p>\r\n                    <\/div>\r\n                <\/div>\r\n            <\/div>\r\n        <\/a>\r\n\r\n            <\/section>","protected":false},"excerpt":{"rendered":"<p>Nasclean\u00faint a dh\u00e9anamh ar Intricacies Ghramadach na Gaeilge Cuireann an Ghaeilge, teanga Cheilteach Goidelic a bhfuil t\u00e1bhacht shaibhir stairi\u00fail agus chult\u00fartha aici, eisp\u00e9ireas spreag\u00fail teangeola\u00edoch ar f\u00e1il d\u00f3ibh si\u00fad ar mian leo ini\u00fachadh a dh\u00e9anamh ar an gc\u00f3ras gramada\u00ed uath\u00fail. Agus t\u00fa ag dul isteach i r\u00e9imse na Gaeilge, n\u00ed hamh\u00e1in go saibhreoidh t\u00fa do [&hellip;]<\/p>\n","protected":false},"author":20,"featured_media":0,"parent":0,"menu_order":0,"comment_status":"closed","ping_status":"closed","template":"LearningContentPage.php","meta":{"_acf_changed":false,"footnotes":""},"class_list":["post-1476143","page","type-page","status-publish","hentry"],"acf":[],"yoast_head":"<!-- This site is optimized with the Yoast SEO Premium plugin v27.2 (Yoast SEO v27.2) - https:\/\/yoast.com\/product\/yoast-seo-premium-wordpress\/ -->\n<title>Gramadach na Gaeilge - Talkpal<\/title>\n<meta name=\"description\" content=\"M\u00e1istreacht a dh\u00e9anamh ar rialacha gramada\u00ed na Gaeilge gan str\u00f3 len\u00e1r dtreoir chuimsitheach agus uirlis\u00ed idirghn\u00edomhacha AI at\u00e1 deartha le haghaidh l\u00edofacht thapa.\" \/>\n<meta name=\"robots\" content=\"index, follow, max-snippet:-1, max-image-preview:large, max-video-preview:-1\" \/>\n<link rel=\"canonical\" href=\"https:\/\/talkpal.ai\/ga\/gramadach-na-gaeilge\/\" \/>\n<meta property=\"og:locale\" content=\"ga_IE\" \/>\n<meta property=\"og:type\" content=\"article\" \/>\n<meta property=\"og:title\" content=\"Gramadach na Gaeilge\" \/>\n<meta property=\"og:description\" content=\"Nasclean\u00faint a dh\u00e9anamh ar Intricacies Ghramadach na Gaeilge Cuireann an Ghaeilge, teanga Cheilteach Goidelic a bhfuil t\u00e1bhacht shaibhir stairi\u00fail agus\" \/>\n<meta property=\"og:url\" content=\"https:\/\/talkpal.ai\/ga\/gramadach-na-gaeilge\/\" \/>\n<meta property=\"og:site_name\" content=\"Talkpal\" \/>\n<meta property=\"article:publisher\" content=\"https:\/\/www.facebook.com\/profile.php?id=100090733639311\" \/>\n<meta property=\"article:modified_time\" content=\"2025-12-30T14:51:16+00:00\" \/>\n<meta property=\"og:image\" content=\"https:\/\/talkpal.ai\/wp-content\/uploads\/2025\/02\/Progress-tab-16_9.png\" \/>\n\t<meta property=\"og:image:width\" content=\"2880\" \/>\n\t<meta property=\"og:image:height\" content=\"1620\" \/>\n\t<meta property=\"og:image:type\" content=\"image\/png\" \/>\n<meta name=\"twitter:card\" content=\"summary_large_image\" \/>\n<meta name=\"twitter:site\" content=\"@talkpalai\" \/>\n<meta name=\"twitter:label1\" content=\"Est. reading time\" \/>\n\t<meta name=\"twitter:data1\" content=\"4 minutes\" \/>\n<script type=\"application\/ld+json\" class=\"yoast-schema-graph\">{\"@context\":\"https:\/\/schema.org\",\"@graph\":[{\"@type\":\"WebPage\",\"@id\":\"https:\/\/talkpal.ai\/ga\/gramadach-na-gaeilge\/\",\"url\":\"https:\/\/talkpal.ai\/ga\/gramadach-na-gaeilge\/\",\"name\":\"Gramadach na Gaeilge - Talkpal\",\"isPartOf\":{\"@id\":\"https:\/\/talkpal.ai\/ga\/#website\"},\"datePublished\":\"2025-11-12T09:53:32+00:00\",\"dateModified\":\"2025-12-30T14:51:16+00:00\",\"description\":\"M\u00e1istreacht a dh\u00e9anamh ar rialacha gramada\u00ed na Gaeilge gan str\u00f3 len\u00e1r dtreoir chuimsitheach agus uirlis\u00ed idirghn\u00edomhacha AI at\u00e1 deartha le haghaidh l\u00edofacht thapa.\",\"breadcrumb\":{\"@id\":\"https:\/\/talkpal.ai\/ga\/gramadach-na-gaeilge\/#breadcrumb\"},\"inLanguage\":\"ga-IE\",\"potentialAction\":[{\"@type\":\"ReadAction\",\"target\":[\"https:\/\/talkpal.ai\/ga\/gramadach-na-gaeilge\/\"]}]},{\"@type\":\"BreadcrumbList\",\"@id\":\"https:\/\/talkpal.ai\/ga\/gramadach-na-gaeilge\/#breadcrumb\",\"itemListElement\":[{\"@type\":\"ListItem\",\"position\":1,\"name\":\"Homepage\",\"item\":\"https:\/\/talkpal.ai\/ga\/\"},{\"@type\":\"ListItem\",\"position\":2,\"name\":\"Gramadach na Gaeilge\"}]},{\"@type\":\"WebSite\",\"@id\":\"https:\/\/talkpal.ai\/ga\/#website\",\"url\":\"https:\/\/talkpal.ai\/ga\/\",\"name\":\"Talkpal\",\"description\":\"AI Language Learning\",\"publisher\":{\"@id\":\"https:\/\/talkpal.ai\/ga\/#organization\"},\"alternateName\":\"Talkpal AI\",\"potentialAction\":[{\"@type\":\"SearchAction\",\"target\":{\"@type\":\"EntryPoint\",\"urlTemplate\":\"https:\/\/talkpal.ai\/ga\/?s={search_term_string}\"},\"query-input\":{\"@type\":\"PropertyValueSpecification\",\"valueRequired\":true,\"valueName\":\"search_term_string\"}}],\"inLanguage\":\"ga-IE\"},{\"@type\":\"Organization\",\"@id\":\"https:\/\/talkpal.ai\/ga\/#organization\",\"name\":\"Talkpal, Inc.\",\"alternateName\":\"Talkpal AI\",\"url\":\"https:\/\/talkpal.ai\/ga\/\",\"logo\":{\"@type\":\"ImageObject\",\"inLanguage\":\"ga-IE\",\"@id\":\"https:\/\/talkpal.ai\/ga\/#\/schema\/logo\/image\/\",\"url\":\"https:\/\/talkpal.ai\/wp-content\/uploads\/2024\/03\/Talkpal-Logo-Icon.png\",\"contentUrl\":\"https:\/\/talkpal.ai\/wp-content\/uploads\/2024\/03\/Talkpal-Logo-Icon.png\",\"width\":2880,\"height\":2880,\"caption\":\"Talkpal, Inc.\"},\"image\":{\"@id\":\"https:\/\/talkpal.ai\/ga\/#\/schema\/logo\/image\/\"},\"sameAs\":[\"https:\/\/www.facebook.com\/profile.php?id=100090733639311\",\"https:\/\/x.com\/talkpalai\",\"https:\/\/www.linkedin.com\/company\/talkpal\/\",\"https:\/\/www.youtube.com\/@TalkPal\/\",\"https:\/\/www.tiktok.com\/@talkpal\",\"https:\/\/www.instagram.com\/talkpal_ai\/\",\"https:\/\/www.crunchbase.com\/organization\/talkpal-9cde\",\"https:\/\/www.g2.com\/products\/talkpal-for-business\/\",\"https:\/\/www.trustpilot.com\/review\/talkpal.ai\",\"https:\/\/www.capterra.com\/p\/10006800\/TalkPal\/\"],\"description\":\"Talkpal is a language learning web and mobile education app, powered by the latest AI technologies, that provides engaging experiences to its customers in many different languages to help them improve their language skills. Users can chat about unlimited amount of topics with the app and use other modes to practice their language learning.\",\"email\":\"support@talkpal.ai\",\"legalName\":\"Talkpal, Inc.\",\"foundingDate\":\"2023-04-03\",\"duns\":\"118989042\",\"numberOfEmployees\":{\"@type\":\"QuantitativeValue\",\"minValue\":\"11\",\"maxValue\":\"50\"},\"publishingPrinciples\":\"https:\/\/talkpal.ai\/publishing-principles\/\",\"actionableFeedbackPolicy\":\"https:\/\/talkpal.ai\/actionable-feedback-policy\/\",\"correctionsPolicy\":\"https:\/\/talkpal.ai\/corrections-policy\/\",\"ethicsPolicy\":\"https:\/\/talkpal.ai\/ethics-policy\/\",\"diversityPolicy\":\"https:\/\/talkpal.ai\/diversity-policy\/\",\"diversityStaffingReport\":\"https:\/\/talkpal.ai\/diversity-policy\/\"}]}<\/script>\n<!-- \/ Yoast SEO Premium plugin. -->","yoast_head_json":{"title":"Gramadach na Gaeilge - Talkpal","description":"M\u00e1istreacht a dh\u00e9anamh ar rialacha gramada\u00ed na Gaeilge gan str\u00f3 len\u00e1r dtreoir chuimsitheach agus uirlis\u00ed idirghn\u00edomhacha AI at\u00e1 deartha le haghaidh l\u00edofacht thapa.","robots":{"index":"index","follow":"follow","max-snippet":"max-snippet:-1","max-image-preview":"max-image-preview:large","max-video-preview":"max-video-preview:-1"},"canonical":"https:\/\/talkpal.ai\/ga\/gramadach-na-gaeilge\/","og_locale":"ga_IE","og_type":"article","og_title":"Gramadach na Gaeilge","og_description":"Nasclean\u00faint a dh\u00e9anamh ar Intricacies Ghramadach na Gaeilge Cuireann an Ghaeilge, teanga Cheilteach Goidelic a bhfuil t\u00e1bhacht shaibhir stairi\u00fail agus","og_url":"https:\/\/talkpal.ai\/ga\/gramadach-na-gaeilge\/","og_site_name":"Talkpal","article_publisher":"https:\/\/www.facebook.com\/profile.php?id=100090733639311","article_modified_time":"2025-12-30T14:51:16+00:00","og_image":[{"width":2880,"height":1620,"url":"https:\/\/talkpal.ai\/wp-content\/uploads\/2025\/02\/Progress-tab-16_9.png","type":"image\/png"}],"twitter_card":"summary_large_image","twitter_site":"@talkpalai","twitter_misc":{"Est. reading time":"4 minutes"},"schema":{"@context":"https:\/\/schema.org","@graph":[{"@type":"WebPage","@id":"https:\/\/talkpal.ai\/ga\/gramadach-na-gaeilge\/","url":"https:\/\/talkpal.ai\/ga\/gramadach-na-gaeilge\/","name":"Gramadach na Gaeilge - Talkpal","isPartOf":{"@id":"https:\/\/talkpal.ai\/ga\/#website"},"datePublished":"2025-11-12T09:53:32+00:00","dateModified":"2025-12-30T14:51:16+00:00","description":"M\u00e1istreacht a dh\u00e9anamh ar rialacha gramada\u00ed na Gaeilge gan str\u00f3 len\u00e1r dtreoir chuimsitheach agus uirlis\u00ed idirghn\u00edomhacha AI at\u00e1 deartha le haghaidh l\u00edofacht thapa.","breadcrumb":{"@id":"https:\/\/talkpal.ai\/ga\/gramadach-na-gaeilge\/#breadcrumb"},"inLanguage":"ga-IE","potentialAction":[{"@type":"ReadAction","target":["https:\/\/talkpal.ai\/ga\/gramadach-na-gaeilge\/"]}]},{"@type":"BreadcrumbList","@id":"https:\/\/talkpal.ai\/ga\/gramadach-na-gaeilge\/#breadcrumb","itemListElement":[{"@type":"ListItem","position":1,"name":"Homepage","item":"https:\/\/talkpal.ai\/ga\/"},{"@type":"ListItem","position":2,"name":"Gramadach na Gaeilge"}]},{"@type":"WebSite","@id":"https:\/\/talkpal.ai\/ga\/#website","url":"https:\/\/talkpal.ai\/ga\/","name":"Talkpal","description":"AI Language Learning","publisher":{"@id":"https:\/\/talkpal.ai\/ga\/#organization"},"alternateName":"Talkpal AI","potentialAction":[{"@type":"SearchAction","target":{"@type":"EntryPoint","urlTemplate":"https:\/\/talkpal.ai\/ga\/?s={search_term_string}"},"query-input":{"@type":"PropertyValueSpecification","valueRequired":true,"valueName":"search_term_string"}}],"inLanguage":"ga-IE"},{"@type":"Organization","@id":"https:\/\/talkpal.ai\/ga\/#organization","name":"Talkpal, Inc.","alternateName":"Talkpal AI","url":"https:\/\/talkpal.ai\/ga\/","logo":{"@type":"ImageObject","inLanguage":"ga-IE","@id":"https:\/\/talkpal.ai\/ga\/#\/schema\/logo\/image\/","url":"https:\/\/talkpal.ai\/wp-content\/uploads\/2024\/03\/Talkpal-Logo-Icon.png","contentUrl":"https:\/\/talkpal.ai\/wp-content\/uploads\/2024\/03\/Talkpal-Logo-Icon.png","width":2880,"height":2880,"caption":"Talkpal, Inc."},"image":{"@id":"https:\/\/talkpal.ai\/ga\/#\/schema\/logo\/image\/"},"sameAs":["https:\/\/www.facebook.com\/profile.php?id=100090733639311","https:\/\/x.com\/talkpalai","https:\/\/www.linkedin.com\/company\/talkpal\/","https:\/\/www.youtube.com\/@TalkPal\/","https:\/\/www.tiktok.com\/@talkpal","https:\/\/www.instagram.com\/talkpal_ai\/","https:\/\/www.crunchbase.com\/organization\/talkpal-9cde","https:\/\/www.g2.com\/products\/talkpal-for-business\/","https:\/\/www.trustpilot.com\/review\/talkpal.ai","https:\/\/www.capterra.com\/p\/10006800\/TalkPal\/"],"description":"Talkpal is a language learning web and mobile education app, powered by the latest AI technologies, that provides engaging experiences to its customers in many different languages to help them improve their language skills. Users can chat about unlimited amount of topics with the app and use other modes to practice their language learning.","email":"support@talkpal.ai","legalName":"Talkpal, Inc.","foundingDate":"2023-04-03","duns":"118989042","numberOfEmployees":{"@type":"QuantitativeValue","minValue":"11","maxValue":"50"},"publishingPrinciples":"https:\/\/talkpal.ai\/publishing-principles\/","actionableFeedbackPolicy":"https:\/\/talkpal.ai\/actionable-feedback-policy\/","correctionsPolicy":"https:\/\/talkpal.ai\/corrections-policy\/","ethicsPolicy":"https:\/\/talkpal.ai\/ethics-policy\/","diversityPolicy":"https:\/\/talkpal.ai\/diversity-policy\/","diversityStaffingReport":"https:\/\/talkpal.ai\/diversity-policy\/"}]}},"_links":{"self":[{"href":"https:\/\/talkpal.ai\/ga\/wp-json\/wp\/v2\/pages\/1476143","targetHints":{"allow":["GET"]}}],"collection":[{"href":"https:\/\/talkpal.ai\/ga\/wp-json\/wp\/v2\/pages"}],"about":[{"href":"https:\/\/talkpal.ai\/ga\/wp-json\/wp\/v2\/types\/page"}],"author":[{"embeddable":true,"href":"https:\/\/talkpal.ai\/ga\/wp-json\/wp\/v2\/users\/20"}],"replies":[{"embeddable":true,"href":"https:\/\/talkpal.ai\/ga\/wp-json\/wp\/v2\/comments?post=1476143"}],"version-history":[{"count":0,"href":"https:\/\/talkpal.ai\/ga\/wp-json\/wp\/v2\/pages\/1476143\/revisions"}],"wp:attachment":[{"href":"https:\/\/talkpal.ai\/ga\/wp-json\/wp\/v2\/media?parent=1476143"}],"curies":[{"name":"wp","href":"https:\/\/api.w.org\/{rel}","templated":true}]}}