{"id":1476128,"date":"2025-11-12T09:38:09","date_gmt":"2025-11-12T09:38:09","guid":{"rendered":"https:\/\/talkpal.ai\/gramadach-guisearaitis\/"},"modified":"2025-12-30T15:11:32","modified_gmt":"2025-12-30T15:11:32","slug":"gramadach-guisearaitis","status":"publish","type":"page","link":"https:\/\/talkpal.ai\/ga\/gramadach-guisearaitis\/","title":{"rendered":"Gramadach G\u00faisear\u00e1itis"},"content":{"rendered":"\r\n\r\n\r\n<section class=\"languageChallengeSection\">\r\n    <div class=\"languageInfoWrapper\">\r\n        \r\n        <h1>Gramadach G\u00faisear\u00e1itis<\/h1>\r\n        <p>B&#039;fh\u00e9idir go bhfuil <a href=\"https:\/\/talkpal.ai\/grammar\/\">gramadach<\/a> Gujarati d\u00fashl\u00e1nach ar dt\u00fas, ach d\u00e9anann a ghn\u00e9ithe uath\u00fala foghlaim na teanga ina eisp\u00e9ireas luachmhar. Tr\u00ed ini\u00fachadh a dh\u00e9anamh ar a aib\u00edtir, s\u00f3ch\u00e1in, agus rialacha gramada\u00ed, gheobhaidh t\u00fa l\u00e9argas ar thraidisi\u00fan saibhir teanga. Cuir t\u00fas le do thuras agus faigh amach \u00e1illeacht Gujarati!<\/p>\r\n\r\n                            <a class=\"getStartedHidden\" href=\"https:\/\/app.talkpal.ai\/signup?lng=\">Tosaigh<\/a>\r\n        \r\n    <\/div>\r\n\r\n    <figure>\r\n    <img decoding=\"async\" width=\"768\" height=\"768\" src=\"https:\/\/talkpal.ai\/wp-content\/uploads\/2023\/06\/welsh-768x768.png\" class=\"languageImage no-lazy\" alt=\"Language learning for better cognitive abilities\" fetchpriority=\"high\" sizes=\"(max-width: 768px) 150px, 768px\" srcset=\"https:\/\/talkpal.ai\/wp-content\/uploads\/2023\/06\/welsh-768x768.png 768w, https:\/\/talkpal.ai\/wp-content\/uploads\/2023\/06\/welsh-300x300.png 300w\" \/>\r\n    \r\n\r\n    <\/figure>\r\n\r\n            <a class=\"getStartedVisible\" href=\"https:\/\/app.talkpal.ai\/signup?lng=\">Tosaigh<\/a>\r\n    \r\n<\/section><section class=\"promotionalBanner\">\r\n    <p class=\"promotionalText\">An bealach is \u00e9ifeachta\u00ed le teanga a fhoghlaim<\/p>\r\n    <a class=\"promotionalLink\" href=\"https:\/\/app.talkpal.ai\/signup?lng=\">Bain triail as Talkpal saor in aisce<\/a>\r\n<\/section>\n<div class=\"wp-block-group pageContainerStyle\"><div class=\"wp-block-group__inner-container is-layout-constrained wp-block-group-is-layout-constrained\">\n<h2 class=\"wp-block-heading\" id=\"h-navigating-the-intricacies-of-gujarati-grammar\">Nasclean\u00faint a dh\u00e9anamh ar Intricacies na Gramada\u00ed G\u00faisear\u00e1itis<\/h2>\n\n\n\n<p>Cuireann <a href=\"https:\/\/talkpal.ai\/ga\/foghlaim-gujarati\/\">Gujarati<\/a>, teanga Ind-Aryan le stair shaibhir agus t\u00e1bhacht chult\u00fartha, eisp\u00e9ireas teanga spreag\u00fail ar f\u00e1il d\u00f3ibh si\u00fad ar mian leo ini\u00fachadh a dh\u00e9anamh ar a c\u00f3ras gramada\u00ed uath\u00fail. Agus t\u00fa ag dul isteach i r\u00e9imse na G\u00faisear\u00e1itise, n\u00ed hamh\u00e1in go saibhreoidh t\u00fa do repertoire teanga ach glacfaidh t\u00fa le turas cult\u00fartha suimi\u00fail freisin. C\u00e9 go bhf\u00e9adfadh gramadach <a href=\"https:\/\/talkpal.ai\/learn-gujarati\/\">G\u00faisear\u00e1itis<\/a> a bheith casta ar dt\u00fas, d\u00e9anann briseadh s\u00edos ina chro\u00ed-chomhph\u00e1irteanna foghlaim na teanga n\u00edos inrochtana. San alt seo, d\u00e9anfaimid ini\u00fachadh ar shaol mealltach na gramada\u00ed G\u00faisear\u00e1itis agus tabharfaimid leideanna <a href=\"https:\/\/talkpal.ai\/ga\/maidir\/\">maidir<\/a> le conas a chastachta\u00ed a mh\u00e1istir.<\/p>\n\n\n\n<h3 class=\"wp-block-heading\" id=\"h-1-gujarati-alphabet-and-phonetics\">1. Aib\u00edtir agus Foghra\u00edocht G\u00faisear\u00e1itis<\/h3>\n\n\n\n<p>Is abugida \u00e9 an script G\u00faisear\u00e1itis a \u00fas\u00e1ideann sraith consan agus guta\u00ed le marcanna diacriticeacha ar a dtugtar matras, agus t\u00e1 guta d\u00fachasach ann a mhodhna\u00edtear n\u00f3 a chuirtear faoi chois i gcomhth\u00e9acs. Chun <a href=\"https:\/\/talkpal.ai\/gujarati-grammar\/\">gramadach G\u00faisear\u00e1itis<\/a> a fhoghlaim, t\u00e1 s\u00e9 r\u00edth\u00e1bhachtach eolas a <a href=\"https:\/\/talkpal.ai\/locations\/language-courses-in-chur\/\">chur<\/a> ar an gc\u00f3ras scr\u00edbhneoireachta saini\u00fail seo tr\u00ed l\u00e9amh agus scr\u00edbhneoireacht a chleachtadh i nG\u00faisear\u00e1itis.<\/p>\n\n\n\n<h3 class=\"wp-block-heading\" id=\"h-2-postpositions-and-case-markers-a-peculiar-gujarati-feature\">2. Postpositions agus Marc\u00f3ir\u00ed C\u00e1is: Gn\u00e9 Aisteach Gujarati<\/h3>\n\n\n\n<p>Ceann de na gn\u00e9ithe is suntasa\u00ed de ghramadach G\u00faisear\u00e1itis is ea an \u00fas\u00e1id a bhaint as postpositions agus c\u00e1smharc\u00f3ir\u00ed a leanann ainmfhocail chun caidrimh ghramada\u00ed a l\u00e9iri\u00fa. I measc na marc\u00f3ir\u00ed coitianta t\u00e1 an dative -ne, an ginideach -no\/-ni\/-nu a aonta\u00edonn leis an ainmfhocal seilbhithe, an uirlise -thi, an locative -ma, agus an ergative -e i go leor cl\u00e1sail transitive roimhe seo. T\u00e1 s\u00e9 r\u00edth\u00e1bhachtach tuiscint a fh\u00e1il ar cathain agus conas a tharla\u00edonn na marc\u00f3ir\u00ed seo chun cumars\u00e1id chruinn a dh\u00e9anamh i nG\u00faisear\u00e1itis.<\/p>\n\n\n\n<h3 class=\"wp-block-heading\" id=\"h-3-nouns-and-pronouns-gender-and-cases\">3. Ainmfhocail agus Forainmneacha: Inscne agus C\u00e1sanna<\/h3>\n\n\n\n<p>T\u00e1 inscne ghramada\u00ed ag ainmfhocail G\u00faisear\u00e1itis (firinscneach, baininscneach, n\u00f3 neodrach) agus leanann siad patr\u00fain \u00e9ags\u00fala foirmithe agus comhaontaithe iolra bunaithe ar a n-inscne agus a n-uimhir. I measc na bhforainmneacha i nG\u00faisear\u00e1itis t\u00e1 forainmneacha pearsanta, sealbhacha, machnamhacha, l\u00e9iritheacha agus ceisti\u00fala. M\u00e1 t\u00e1 t\u00fa eolach ar na forainmneacha seo agus a bhfoirmeacha, feabhs\u00f3idh s\u00e9 go m\u00f3r do thuiscint ar ghramadach G\u00faisear\u00e1itis.<\/p>\n\n\n\n<h3 class=\"wp-block-heading\" id=\"h-4-verbs-structure-and-conjugation\">4. Briathra: Strucht\u00far agus Comhchuingi\u00fa<\/h3>\n\n\n\n<p>Leanann briathra G\u00faisear\u00e1itis strucht\u00far saini\u00fail agus patr\u00fan comhchuingithe ag brath ar aimsir, gn\u00e9, gi\u00famar agus duine, le patr\u00fain chomhaontaithe a d&#8217;fh\u00e9adfadh a bheith \u00e9ags\u00fail de r\u00e9ir inscne agus uimhreacha i roinnt comhth\u00e9acsanna. Is iad na haimsir riachtanacha i nG\u00faisear\u00e1itis an l\u00e1 at\u00e1 inniu ann, san am at\u00e1 thart agus sa todhcha\u00ed, le heilimint\u00ed breise cos\u00fail le gn\u00e1thghn\u00e9ithe for\u00e1sacha, foirfeachta, agus gi\u00famar choinn\u00edollach agus \u00e9igeantach. Feabhs\u00f3idh foghlaim na rialacha comhchuingi\u00fa briathar do chumas cumars\u00e1id \u00e9ifeachtach a dh\u00e9anamh i nG\u00faisear\u00e1itis.<\/p>\n\n\n\n<h3 class=\"wp-block-heading\" id=\"h-5-adjectives-agreement-and-placement\">5. Aidiachta\u00ed: Comhaont\u00fa agus Socr\u00fach\u00e1n<\/h3>\n\n\n\n<p>I ngramadach G\u00faisear\u00e1itis, is gn\u00e1ch go mb\u00edonn aidiachta\u00ed roimh an ainmfhocal a mhodhna\u00edonn siad, agus aonta\u00edonn aidiachta\u00ed inaistrithe in inscne agus uimhir leis an ainmfhocal. T\u00e1 go leor aidiachta\u00ed indeclinable, agus is gn\u00e1ch go bhfoirm\u00edtear br\u00edonna compar\u00e1ideacha agus superlative leis na adverbs vadhaare (n\u00edos m\u00f3) agus savthi (an chuid is m\u00f3), at\u00e1 riachtanach chun foghlaim cumars\u00e1id n\u00edos n\u00e1d\u00fartha.<\/p>\n\n\n\n<p><strong>Sampla\u00ed:<\/strong><\/p>\n\n\n\n<p><strong>&#8211; \u0aae\u0acb\u0a9f\u0acb \u0aaa\u0acd\u0ab0\u0ac7\u0aae (gr\u00e1 m\u00f3r)<\/strong><\/p>\n\n\n\n<p><strong>&#8211; \u0aa8\u0abe\u0aa8\u0abe \u0aac\u0abe\u0ab3\u0a95\u0acb (p\u00e1ist\u00ed beaga)<\/strong><\/p>\n\n\n\n<h3 class=\"wp-block-heading\" id=\"h-6-engaging-with-the-language\">6. Dul i ngleic leis an teanga<\/h3>\n\n\n\n<p>Is \u00e9 an bealach is \u00e9ifeachta\u00ed chun gramadach G\u00faisear\u00e1itis a thuiscint agus a inmhe\u00e1n\u00fa go hioml\u00e1n n\u00e1 dul i ngleic go comhsheasmhach leis an teanga. Tr\u00ed litr\u00edocht G\u00faisear\u00e1itis a l\u00e9amh, f\u00e9achaint ar scann\u00e1in n\u00f3 sraitheanna teilif\u00edse G\u00faisear\u00e1itis, agus cumars\u00e1id ghn\u00edomhach a dh\u00e9anamh le cainteoir\u00ed d\u00fachais, treiseoidh t\u00fa do thuiscint ar an ngramadach agus leathn\u00f3idh t\u00fa do st\u00f3r focal.<\/p>\n\n\n\n<h3 class=\"wp-block-heading\" id=\"h-conclusion\">Concl\u00faid<\/h3>\n\n\n\n<p>C\u00e9 go bhf\u00e9adfadh gramadach G\u00faisear\u00e1itis a bheith casta, is f\u00e9idir leat a bheith inni\u00fail sa teanga \u00e1lainn seo le d\u00fathracht, cleachtas agus d\u00edograis. Tr\u00ed dh\u00edri\u00fa ar na rialacha bun\u00fasacha agus dul i ngleic leis an teanga i gcomhth\u00e9acsanna \u00e9ags\u00fala, feabhs\u00f3idh t\u00fa do <a href=\"https:\/\/talkpal.ai\/ga\/gramadach\/\">scileanna gramada\u00ed<\/a> G\u00faisear\u00e1itis go tapa. Shubhkamnao (dea-ghu\u00ed) le do thuras teanga G\u00faisear\u00e1itis, agus bain sult as domhan enigmatic ach mealltach gramada\u00ed G\u00faisear\u00e1itis a nochtadh!<\/p>\n<\/div><\/div>\n\r\n<section class=\"learnNavigationSection\">\r\n            \r\n        <a href=\"https:\/\/talkpal.ai\/ga\/foghlaim-gujarati\/\">\r\n            <div class=\"learnNavigationWrapper\">\r\n                <div class=\"learnNavigationContent\">\r\n                    <img decoding=\"async\" src=\"https:\/\/talkpal.ai\/wp-content\/uploads\/2025\/11\/Gujarati.png\" alt=\"Indian Simplified Flag\">\r\n                    <div>\r\n                        <h4>Maidir le Foghlaim Gujarati<\/h4>\r\n                        <p>Faigh amach gach rud faoi Ghramadach Gujarati.<\/p>\r\n                    <\/div>\r\n                <\/div>\r\n            <\/div>\r\n        <\/a>\r\n\r\n        \r\n        <a href=\"https:\/\/talkpal.ai\/ga\/cleachtai-gramadai-guisearaitis\/\">\r\n            <div class=\"learnNavigationWrapper\">\r\n                <div class=\"learnNavigationContent\">\r\n                    <img decoding=\"async\" src=\"https:\/\/talkpal.ai\/wp-content\/uploads\/2025\/11\/Gujarati.png\" alt=\"Indian Simplified Flag\">\r\n                    <div>\r\n                        <h4>Cleachtadh Gramada\u00ed G\u00faisear\u00e1itis<\/h4>\r\n                        <p>Cleachtadh gramadach Gujarati.<\/p>\r\n                    <\/div>\r\n                <\/div>\r\n            <\/div>\r\n        <\/a>\r\n\r\n            <\/section>","protected":false},"excerpt":{"rendered":"<p>Nasclean\u00faint a dh\u00e9anamh ar Intricacies na Gramada\u00ed G\u00faisear\u00e1itis Cuireann Gujarati, teanga Ind-Aryan le stair shaibhir agus t\u00e1bhacht chult\u00fartha, eisp\u00e9ireas teanga spreag\u00fail ar f\u00e1il d\u00f3ibh si\u00fad ar mian leo ini\u00fachadh a dh\u00e9anamh ar a c\u00f3ras gramada\u00ed uath\u00fail. Agus t\u00fa ag dul isteach i r\u00e9imse na G\u00faisear\u00e1itise, n\u00ed hamh\u00e1in go saibhreoidh t\u00fa do repertoire teanga ach glacfaidh [&hellip;]<\/p>\n","protected":false},"author":20,"featured_media":0,"parent":0,"menu_order":0,"comment_status":"closed","ping_status":"closed","template":"LearningContentPage.php","meta":{"_acf_changed":false,"footnotes":""},"class_list":["post-1476128","page","type-page","status-publish","hentry"],"acf":[],"yoast_head":"<!-- This site is optimized with the Yoast SEO Premium plugin v27.2 (Yoast SEO v27.2) - https:\/\/yoast.com\/product\/yoast-seo-premium-wordpress\/ -->\n<title>Gramadach G\u00faisear\u00e1itis - Talkpal<\/title>\n<meta name=\"description\" content=\"Faigh m\u00e1istreacht ar bhunriachtanais ghramadach na G\u00faisear\u00e1itise, lena n-\u00e1ir\u00edtear briathra agus ainmfhocail, chun do chumas foghlama teanga a fheabhs\u00fa go suntasach.\" \/>\n<meta name=\"robots\" content=\"index, follow, max-snippet:-1, max-image-preview:large, max-video-preview:-1\" \/>\n<link rel=\"canonical\" href=\"https:\/\/talkpal.ai\/ga\/gramadach-guisearaitis\/\" \/>\n<meta property=\"og:locale\" content=\"ga_IE\" \/>\n<meta property=\"og:type\" content=\"article\" \/>\n<meta property=\"og:title\" content=\"Gramadach G\u00faisear\u00e1itis\" \/>\n<meta property=\"og:description\" content=\"Nasclean\u00faint a dh\u00e9anamh ar Intricacies na Gramada\u00ed G\u00faisear\u00e1itis Cuireann Gujarati, teanga Ind-Aryan le stair shaibhir agus t\u00e1bhacht chult\u00fartha, eisp\u00e9ireas\" \/>\n<meta property=\"og:url\" content=\"https:\/\/talkpal.ai\/ga\/gramadach-guisearaitis\/\" \/>\n<meta property=\"og:site_name\" content=\"Talkpal\" \/>\n<meta property=\"article:publisher\" content=\"https:\/\/www.facebook.com\/profile.php?id=100090733639311\" \/>\n<meta property=\"article:modified_time\" content=\"2025-12-30T15:11:32+00:00\" \/>\n<meta property=\"og:image\" content=\"https:\/\/talkpal.ai\/wp-content\/uploads\/2025\/02\/Progress-tab-16_9.png\" \/>\n\t<meta property=\"og:image:width\" content=\"2880\" \/>\n\t<meta property=\"og:image:height\" content=\"1620\" \/>\n\t<meta property=\"og:image:type\" content=\"image\/png\" \/>\n<meta name=\"twitter:card\" content=\"summary_large_image\" \/>\n<meta name=\"twitter:site\" content=\"@talkpalai\" \/>\n<meta name=\"twitter:label1\" content=\"Est. reading time\" \/>\n\t<meta name=\"twitter:data1\" content=\"4 minutes\" \/>\n<script type=\"application\/ld+json\" class=\"yoast-schema-graph\">{\"@context\":\"https:\/\/schema.org\",\"@graph\":[{\"@type\":\"WebPage\",\"@id\":\"https:\/\/talkpal.ai\/ga\/gramadach-guisearaitis\/\",\"url\":\"https:\/\/talkpal.ai\/ga\/gramadach-guisearaitis\/\",\"name\":\"Gramadach G\u00faisear\u00e1itis - Talkpal\",\"isPartOf\":{\"@id\":\"https:\/\/talkpal.ai\/ga\/#website\"},\"datePublished\":\"2025-11-12T09:38:09+00:00\",\"dateModified\":\"2025-12-30T15:11:32+00:00\",\"description\":\"Faigh m\u00e1istreacht ar bhunriachtanais ghramadach na G\u00faisear\u00e1itise, lena n-\u00e1ir\u00edtear briathra agus ainmfhocail, chun do chumas foghlama teanga a fheabhs\u00fa go suntasach.\",\"breadcrumb\":{\"@id\":\"https:\/\/talkpal.ai\/ga\/gramadach-guisearaitis\/#breadcrumb\"},\"inLanguage\":\"ga-IE\",\"potentialAction\":[{\"@type\":\"ReadAction\",\"target\":[\"https:\/\/talkpal.ai\/ga\/gramadach-guisearaitis\/\"]}]},{\"@type\":\"BreadcrumbList\",\"@id\":\"https:\/\/talkpal.ai\/ga\/gramadach-guisearaitis\/#breadcrumb\",\"itemListElement\":[{\"@type\":\"ListItem\",\"position\":1,\"name\":\"Homepage\",\"item\":\"https:\/\/talkpal.ai\/ga\/\"},{\"@type\":\"ListItem\",\"position\":2,\"name\":\"Gramadach G\u00faisear\u00e1itis\"}]},{\"@type\":\"WebSite\",\"@id\":\"https:\/\/talkpal.ai\/ga\/#website\",\"url\":\"https:\/\/talkpal.ai\/ga\/\",\"name\":\"Talkpal\",\"description\":\"AI Language Learning\",\"publisher\":{\"@id\":\"https:\/\/talkpal.ai\/ga\/#organization\"},\"alternateName\":\"Talkpal AI\",\"potentialAction\":[{\"@type\":\"SearchAction\",\"target\":{\"@type\":\"EntryPoint\",\"urlTemplate\":\"https:\/\/talkpal.ai\/ga\/?s={search_term_string}\"},\"query-input\":{\"@type\":\"PropertyValueSpecification\",\"valueRequired\":true,\"valueName\":\"search_term_string\"}}],\"inLanguage\":\"ga-IE\"},{\"@type\":\"Organization\",\"@id\":\"https:\/\/talkpal.ai\/ga\/#organization\",\"name\":\"Talkpal, Inc.\",\"alternateName\":\"Talkpal AI\",\"url\":\"https:\/\/talkpal.ai\/ga\/\",\"logo\":{\"@type\":\"ImageObject\",\"inLanguage\":\"ga-IE\",\"@id\":\"https:\/\/talkpal.ai\/ga\/#\/schema\/logo\/image\/\",\"url\":\"https:\/\/talkpal.ai\/wp-content\/uploads\/2024\/03\/Talkpal-Logo-Icon.png\",\"contentUrl\":\"https:\/\/talkpal.ai\/wp-content\/uploads\/2024\/03\/Talkpal-Logo-Icon.png\",\"width\":2880,\"height\":2880,\"caption\":\"Talkpal, Inc.\"},\"image\":{\"@id\":\"https:\/\/talkpal.ai\/ga\/#\/schema\/logo\/image\/\"},\"sameAs\":[\"https:\/\/www.facebook.com\/profile.php?id=100090733639311\",\"https:\/\/x.com\/talkpalai\",\"https:\/\/www.linkedin.com\/company\/talkpal\/\",\"https:\/\/www.youtube.com\/@TalkPal\/\",\"https:\/\/www.tiktok.com\/@talkpal\",\"https:\/\/www.instagram.com\/talkpal_ai\/\",\"https:\/\/www.crunchbase.com\/organization\/talkpal-9cde\",\"https:\/\/www.g2.com\/products\/talkpal-for-business\/\",\"https:\/\/www.trustpilot.com\/review\/talkpal.ai\",\"https:\/\/www.capterra.com\/p\/10006800\/TalkPal\/\"],\"description\":\"Talkpal is a language learning web and mobile education app, powered by the latest AI technologies, that provides engaging experiences to its customers in many different languages to help them improve their language skills. Users can chat about unlimited amount of topics with the app and use other modes to practice their language learning.\",\"email\":\"support@talkpal.ai\",\"legalName\":\"Talkpal, Inc.\",\"foundingDate\":\"2023-04-03\",\"duns\":\"118989042\",\"numberOfEmployees\":{\"@type\":\"QuantitativeValue\",\"minValue\":\"11\",\"maxValue\":\"50\"},\"publishingPrinciples\":\"https:\/\/talkpal.ai\/publishing-principles\/\",\"actionableFeedbackPolicy\":\"https:\/\/talkpal.ai\/actionable-feedback-policy\/\",\"correctionsPolicy\":\"https:\/\/talkpal.ai\/corrections-policy\/\",\"ethicsPolicy\":\"https:\/\/talkpal.ai\/ethics-policy\/\",\"diversityPolicy\":\"https:\/\/talkpal.ai\/diversity-policy\/\",\"diversityStaffingReport\":\"https:\/\/talkpal.ai\/diversity-policy\/\"}]}<\/script>\n<!-- \/ Yoast SEO Premium plugin. -->","yoast_head_json":{"title":"Gramadach G\u00faisear\u00e1itis - Talkpal","description":"Faigh m\u00e1istreacht ar bhunriachtanais ghramadach na G\u00faisear\u00e1itise, lena n-\u00e1ir\u00edtear briathra agus ainmfhocail, chun do chumas foghlama teanga a fheabhs\u00fa go suntasach.","robots":{"index":"index","follow":"follow","max-snippet":"max-snippet:-1","max-image-preview":"max-image-preview:large","max-video-preview":"max-video-preview:-1"},"canonical":"https:\/\/talkpal.ai\/ga\/gramadach-guisearaitis\/","og_locale":"ga_IE","og_type":"article","og_title":"Gramadach G\u00faisear\u00e1itis","og_description":"Nasclean\u00faint a dh\u00e9anamh ar Intricacies na Gramada\u00ed G\u00faisear\u00e1itis Cuireann Gujarati, teanga Ind-Aryan le stair shaibhir agus t\u00e1bhacht chult\u00fartha, eisp\u00e9ireas","og_url":"https:\/\/talkpal.ai\/ga\/gramadach-guisearaitis\/","og_site_name":"Talkpal","article_publisher":"https:\/\/www.facebook.com\/profile.php?id=100090733639311","article_modified_time":"2025-12-30T15:11:32+00:00","og_image":[{"width":2880,"height":1620,"url":"https:\/\/talkpal.ai\/wp-content\/uploads\/2025\/02\/Progress-tab-16_9.png","type":"image\/png"}],"twitter_card":"summary_large_image","twitter_site":"@talkpalai","twitter_misc":{"Est. reading time":"4 minutes"},"schema":{"@context":"https:\/\/schema.org","@graph":[{"@type":"WebPage","@id":"https:\/\/talkpal.ai\/ga\/gramadach-guisearaitis\/","url":"https:\/\/talkpal.ai\/ga\/gramadach-guisearaitis\/","name":"Gramadach G\u00faisear\u00e1itis - Talkpal","isPartOf":{"@id":"https:\/\/talkpal.ai\/ga\/#website"},"datePublished":"2025-11-12T09:38:09+00:00","dateModified":"2025-12-30T15:11:32+00:00","description":"Faigh m\u00e1istreacht ar bhunriachtanais ghramadach na G\u00faisear\u00e1itise, lena n-\u00e1ir\u00edtear briathra agus ainmfhocail, chun do chumas foghlama teanga a fheabhs\u00fa go suntasach.","breadcrumb":{"@id":"https:\/\/talkpal.ai\/ga\/gramadach-guisearaitis\/#breadcrumb"},"inLanguage":"ga-IE","potentialAction":[{"@type":"ReadAction","target":["https:\/\/talkpal.ai\/ga\/gramadach-guisearaitis\/"]}]},{"@type":"BreadcrumbList","@id":"https:\/\/talkpal.ai\/ga\/gramadach-guisearaitis\/#breadcrumb","itemListElement":[{"@type":"ListItem","position":1,"name":"Homepage","item":"https:\/\/talkpal.ai\/ga\/"},{"@type":"ListItem","position":2,"name":"Gramadach G\u00faisear\u00e1itis"}]},{"@type":"WebSite","@id":"https:\/\/talkpal.ai\/ga\/#website","url":"https:\/\/talkpal.ai\/ga\/","name":"Talkpal","description":"AI Language Learning","publisher":{"@id":"https:\/\/talkpal.ai\/ga\/#organization"},"alternateName":"Talkpal AI","potentialAction":[{"@type":"SearchAction","target":{"@type":"EntryPoint","urlTemplate":"https:\/\/talkpal.ai\/ga\/?s={search_term_string}"},"query-input":{"@type":"PropertyValueSpecification","valueRequired":true,"valueName":"search_term_string"}}],"inLanguage":"ga-IE"},{"@type":"Organization","@id":"https:\/\/talkpal.ai\/ga\/#organization","name":"Talkpal, Inc.","alternateName":"Talkpal AI","url":"https:\/\/talkpal.ai\/ga\/","logo":{"@type":"ImageObject","inLanguage":"ga-IE","@id":"https:\/\/talkpal.ai\/ga\/#\/schema\/logo\/image\/","url":"https:\/\/talkpal.ai\/wp-content\/uploads\/2024\/03\/Talkpal-Logo-Icon.png","contentUrl":"https:\/\/talkpal.ai\/wp-content\/uploads\/2024\/03\/Talkpal-Logo-Icon.png","width":2880,"height":2880,"caption":"Talkpal, Inc."},"image":{"@id":"https:\/\/talkpal.ai\/ga\/#\/schema\/logo\/image\/"},"sameAs":["https:\/\/www.facebook.com\/profile.php?id=100090733639311","https:\/\/x.com\/talkpalai","https:\/\/www.linkedin.com\/company\/talkpal\/","https:\/\/www.youtube.com\/@TalkPal\/","https:\/\/www.tiktok.com\/@talkpal","https:\/\/www.instagram.com\/talkpal_ai\/","https:\/\/www.crunchbase.com\/organization\/talkpal-9cde","https:\/\/www.g2.com\/products\/talkpal-for-business\/","https:\/\/www.trustpilot.com\/review\/talkpal.ai","https:\/\/www.capterra.com\/p\/10006800\/TalkPal\/"],"description":"Talkpal is a language learning web and mobile education app, powered by the latest AI technologies, that provides engaging experiences to its customers in many different languages to help them improve their language skills. Users can chat about unlimited amount of topics with the app and use other modes to practice their language learning.","email":"support@talkpal.ai","legalName":"Talkpal, Inc.","foundingDate":"2023-04-03","duns":"118989042","numberOfEmployees":{"@type":"QuantitativeValue","minValue":"11","maxValue":"50"},"publishingPrinciples":"https:\/\/talkpal.ai\/publishing-principles\/","actionableFeedbackPolicy":"https:\/\/talkpal.ai\/actionable-feedback-policy\/","correctionsPolicy":"https:\/\/talkpal.ai\/corrections-policy\/","ethicsPolicy":"https:\/\/talkpal.ai\/ethics-policy\/","diversityPolicy":"https:\/\/talkpal.ai\/diversity-policy\/","diversityStaffingReport":"https:\/\/talkpal.ai\/diversity-policy\/"}]}},"_links":{"self":[{"href":"https:\/\/talkpal.ai\/ga\/wp-json\/wp\/v2\/pages\/1476128","targetHints":{"allow":["GET"]}}],"collection":[{"href":"https:\/\/talkpal.ai\/ga\/wp-json\/wp\/v2\/pages"}],"about":[{"href":"https:\/\/talkpal.ai\/ga\/wp-json\/wp\/v2\/types\/page"}],"author":[{"embeddable":true,"href":"https:\/\/talkpal.ai\/ga\/wp-json\/wp\/v2\/users\/20"}],"replies":[{"embeddable":true,"href":"https:\/\/talkpal.ai\/ga\/wp-json\/wp\/v2\/comments?post=1476128"}],"version-history":[{"count":0,"href":"https:\/\/talkpal.ai\/ga\/wp-json\/wp\/v2\/pages\/1476128\/revisions"}],"wp:attachment":[{"href":"https:\/\/talkpal.ai\/ga\/wp-json\/wp\/v2\/media?parent=1476128"}],"curies":[{"name":"wp","href":"https:\/\/api.w.org\/{rel}","templated":true}]}}