{"id":1476112,"date":"2025-11-11T17:01:21","date_gmt":"2025-11-11T17:01:21","guid":{"rendered":"https:\/\/talkpal.ai\/gramadach-seoirseach\/"},"modified":"2025-12-30T14:53:01","modified_gmt":"2025-12-30T14:53:01","slug":"gramadach-seoirseach","status":"publish","type":"page","link":"https:\/\/talkpal.ai\/ga\/gramadach-seoirseach\/","title":{"rendered":"Gramadach Seoirseach"},"content":{"rendered":"\r\n\r\n\r\n<section class=\"languageChallengeSection\">\r\n    <div class=\"languageInfoWrapper\">\r\n        \r\n        <h1>Gramadach Seoirseach<\/h1>\r\n        <p>B&#039;fh\u00e9idir go bhfuil <a href=\"https:\/\/talkpal.ai\/grammar\/\">gramadach<\/a> <a href=\"https:\/\/talkpal.ai\/learn-georgian\/\">Seoirseach<\/a> d\u00fashl\u00e1nach ar dt\u00fas, ach is eisp\u00e9ireas luachmhar \u00e9 foghlaim na teanga. Tr\u00ed ini\u00fachadh a dh\u00e9anamh ar a aib\u00edtir, s\u00f3ch\u00e1in, agus rialacha gramada\u00ed, gheobhaidh t\u00fa l\u00e9argas ar thraidisi\u00fan saibhir teanga. Tosaigh do thuras agus faigh amach \u00e1illeacht na Seoirsia!<\/p>\r\n\r\n                            <a class=\"getStartedHidden\" href=\"https:\/\/app.talkpal.ai\/signup?lng=\">Tosaigh<\/a>\r\n        \r\n    <\/div>\r\n\r\n    <figure>\r\n    <img decoding=\"async\" width=\"768\" height=\"768\" src=\"https:\/\/talkpal.ai\/wp-content\/uploads\/2023\/06\/welsh-768x768.png\" class=\"languageImage no-lazy\" alt=\"Language learning for better cognitive abilities\" fetchpriority=\"high\" sizes=\"(max-width: 768px) 150px, 768px\" srcset=\"https:\/\/talkpal.ai\/wp-content\/uploads\/2023\/06\/welsh-768x768.png 768w, https:\/\/talkpal.ai\/wp-content\/uploads\/2023\/06\/welsh-300x300.png 300w\" \/>\r\n    \r\n\r\n    <\/figure>\r\n\r\n            <a class=\"getStartedVisible\" href=\"https:\/\/app.talkpal.ai\/signup?lng=\">Tosaigh<\/a>\r\n    \r\n<\/section><section class=\"promotionalBanner\">\r\n    <p class=\"promotionalText\">An bealach is \u00e9ifeachta\u00ed le teanga a fhoghlaim<\/p>\r\n    <a class=\"promotionalLink\" href=\"https:\/\/app.talkpal.ai\/signup?lng=\">Bain triail as Talkpal saor in aisce<\/a>\r\n<\/section>\n<div class=\"wp-block-group pageContainerStyle\"><div class=\"wp-block-group__inner-container is-layout-constrained wp-block-group-is-layout-constrained\">\n<h2 class=\"wp-block-heading\" id=\"h-navigating-the-intricacies-of-georgian-grammar\">Nasclean\u00faint a dh\u00e9anamh ar Intricacies na Gramada\u00ed Seoirseach<\/h2>\n\n\n\n<p>Cuireann <a href=\"https:\/\/talkpal.ai\/ga\/foghlaim-seoirsis\/\">Seoirsias<\/a>, teanga Kartvelian le stair shaibhir agus t\u00e1bhacht chult\u00fartha, eisp\u00e9ireas teangeola\u00edoch spreag\u00fail ar f\u00e1il d\u00f3ibh si\u00fad ar mian leo ini\u00fachadh a dh\u00e9anamh ar a c\u00f3ras gramada\u00ed uath\u00fail. Agus t\u00fa ag dul isteach i r\u00e9imse na Seoirsia, n\u00ed hamh\u00e1in go saibhreoidh t\u00fa do repertoire teangeola\u00edoch ach glacfaidh t\u00fa le turas cult\u00fartha suimi\u00fail freisin. C\u00e9 go bhf\u00e9adfadh gramadach na Seoirsia a bheith casta ar dt\u00fas, d\u00e9anann s\u00e9 foghlaim na teanga n\u00edos inrochtana. San alt seo, d\u00e9anfaimid ini\u00fachadh ar shaol mealltach ghramadach na Seoirsia agus tabharfaimid leideanna <a href=\"https:\/\/talkpal.ai\/ga\/maidir\/\">maidir<\/a> le conas a chastachta\u00ed a mh\u00e1istir.<\/p>\n\n\n\n<h3 class=\"wp-block-heading\" id=\"h-1-georgian-alphabet-and-phonetics\">1. Aib\u00edtir Seoirseach agus Foghra\u00edocht<\/h3>\n\n\n\n<p>T\u00e1 33 litir san aib\u00edtir Seoirseach, ar a dtugtar Mkhedruli, agus t\u00e1 s\u00ed uath\u00fail don teanga. \u00das\u00e1ideann s\u00e9 carachtair shaini\u00fala ar n\u00f3s \u10e7, \u10ed, agus \u10e6. Chun gramadach Seoirseach a fhoghlaim, t\u00e1 s\u00e9 r\u00edth\u00e1bhachtach eolas a <a href=\"https:\/\/talkpal.ai\/locations\/language-courses-in-chur\/\">chur<\/a> ar an gc\u00f3ras scr\u00edbhneoireachta seo tr\u00ed l\u00e9amh agus scr\u00edbhneoireacht a chleachtadh sa tSeoirsis.<\/p>\n\n\n\n<h3 class=\"wp-block-heading\" id=\"h-2-ejective-consonants-and-consonant-clusters-a-peculiar-georgian-feature\">2. Consain Ejective agus Braisl\u00ed Consain: Gn\u00e9 Seoirseach Aisteach<\/h3>\n\n\n\n<p>Ceann de na gn\u00e9ithe is suntasa\u00ed den tSeoirsis is ea a chonsain ejective agus braisl\u00ed consain chasta. T\u00e1 ejectives cos\u00fail le p&#8217;, t&#8217;, k&#8217;, ts&#8217;, ch&#8217;, agus q&#8217; coitianta, agus ceada\u00edonn an tSeoirsis braisl\u00ed consain fada a d&#8217;fh\u00e9adfadh a bheith d\u00fashl\u00e1nach do dhaoine <a href=\"https:\/\/talkpal.ai\/talkpal-new-years-discount\/\">nua<\/a>. T\u00e1 s\u00e9 r\u00edth\u00e1bhachtach tuiscint a fh\u00e1il ar an gcaoi a n-oibr\u00edonn na fuaimeanna seo agus a gcuid fuaimni\u00fa a chleachtadh chun cumars\u00e1id chruinn sa tSeoirsis a dh\u00e9anamh.<\/p>\n\n\n\n<h3 class=\"wp-block-heading\" id=\"h-3-nouns-and-pronouns-gender-and-cases\">3. Ainmfhocail agus Forainmneacha: Inscne agus C\u00e1sanna<\/h3>\n\n\n\n<p>N\u00edl inscne ghramada\u00ed ag ainmfhocail Seoirseacha, rud a shimpli\u00edonn comhaont\u00fa, ach infhilleann siad le haghaidh c\u00e1s. I measc na gc\u00e1sanna coitianta t\u00e1 nominative, ergative, dative, genitive, instrumental, adverbial, and vocative. Is minic a fhoirm\u00edtear iolra\u00ed leis an iarmh\u00edr -eb- agus foircinn bhreise ag brath ar ch\u00e1s. I measc na bhforainmneacha sa tSeoirsis t\u00e1 forainmneacha pearsanta, sealbhacha, machnamhacha, l\u00e9iritheacha agus ceisti\u00fala, agus n\u00ed mharc\u00e1lann siad inscne. M\u00e1 \u00e9ir\u00edonn t\u00fa eolach ar na forainmneacha seo agus ar a bhfoirmeacha, feabhs\u00f3idh s\u00e9 go m\u00f3r do thuiscint ar ghramadach Seoirseach.<\/p>\n\n\n\n<h3 class=\"wp-block-heading\" id=\"h-4-verbs-structure-and-conjugation\">4. Briathra: Strucht\u00far agus Comhchuingi\u00fa<\/h3>\n\n\n\n<p>Leanann briathra Seoirseacha strucht\u00far saini\u00fail le comhaont\u00fa agus moirfeola\u00edocht chasta. T\u00e1 c\u00f3rais bhriathartha eagraithe i screeves, a chomhcheangla\u00edonn aimsir, gn\u00e9, agus gi\u00famar, go h\u00e1irithe an tsraith l\u00e1ithreach, aorist, agus foirfe. T\u00e1 gn\u00e9ithe cos\u00fail le preverbs, marc\u00f3ir\u00ed leaganacha, agus comhaont\u00fa polypersonal l\u00e1rnach i gcomhchuingi\u00fa. Feabhs\u00f3idh foghlaim na bpatr\u00fain seo, chomh maith le gi\u00famar coinn\u00edollach, \u00e9igeantach agus subjunctive, do chumas cumars\u00e1id a dh\u00e9anamh go h\u00e9ifeachtach i Seoirsis.<\/p>\n\n\n\n<h3 class=\"wp-block-heading\" id=\"h-5-adjectives-agreement-and-placement\">5. Aidiachta\u00ed: Comhaont\u00fa agus Socr\u00fach\u00e1n<\/h3>\n\n\n\n<p>n gramadach Seoirseach, is gn\u00e1ch go mb\u00edonn aidiachta\u00ed roimh an ainmfhocal a mhodhna\u00edonn siad agus n\u00ed mharc\u00e1lann siad inscne. N\u00ed ghlacann go leor aidiachta\u00ed an iarmh\u00edr iolra, c\u00e9 go bhf\u00e9adfadh siad iompar c\u00e1is a thaispe\u00e1int ag brath ar chine\u00e1l. Is gn\u00e1ch go nd\u00e9antar compar\u00e1id\u00ed agus superlatives a fhoirmi\u00fa go hanail\u00edseach le focail mar upro (n\u00edos m\u00f3) agus qvelaze (an chuid is m\u00f3), at\u00e1 riachtanach chun foghlaim cumars\u00e1id n\u00edos n\u00e1d\u00fartha.<\/p>\n\n\n\n<p><strong>Sampla\u00ed:<\/strong><\/p>\n\n\n\n<p><strong>&#8211; Didi Siqvaruli (Gr\u00e1 m\u00f3r)<\/strong><\/p>\n\n\n\n<p><strong>&#8211; Patara Bavshvebi (leana\u00ed beaga)<\/strong><\/p>\n\n\n\n<h3 class=\"wp-block-heading\" id=\"h-6-engaging-with-the-language\">6. Dul i ngleic leis an teanga<\/h3>\n\n\n\n<p>Is \u00e9 an bealach is \u00e9ifeachta\u00ed chun gramadach na Seoirsia a thuiscint agus a inmhe\u00e1n\u00fa go hioml\u00e1n n\u00e1 dul i ngleic leis an teanga go comhsheasmhach. Tr\u00ed litr\u00edocht na Seoirsia a l\u00e9amh, f\u00e9achaint ar scann\u00e1in n\u00f3 sraitheanna teilif\u00edse Seoirseacha, agus cumars\u00e1id ghn\u00edomhach a dh\u00e9anamh le cainteoir\u00ed d\u00fachais, treiseoidh t\u00fa do thuiscint ar an ngramadach agus leathn\u00f3idh t\u00fa do st\u00f3r focal.  <\/p>\n\n\n\n<h3 class=\"wp-block-heading\" id=\"h-conclusion\">Concl\u00faid<\/h3>\n\n\n\n<p>C\u00e9 go bhf\u00e9adfadh <a href=\"https:\/\/talkpal.ai\/georgian-grammar\/\">gramadach Seoirsis<\/a> a bheith casta, is f\u00e9idir leat a bheith inni\u00fail sa teanga \u00e1lainn seo le d\u00fathracht, cleachtas agus d\u00edograis. Tr\u00ed dh\u00edri\u00fa ar na rialacha bun\u00fasacha agus dul i ngleic leis an teanga i gcomhth\u00e9acsanna \u00e9ags\u00fala, cuirfidh t\u00fa feabhas tapa ar do <a href=\"https:\/\/talkpal.ai\/ga\/gramadach\/\">scileanna gramada\u00ed<\/a> Seoirseacha. \u10ec\u10d0\u10e0\u10db\u10d0\u10e2\u10d4\u10d1\u10d4\u10d1\u10d8 (\u00e1dh m\u00f3r) le do thuras teanga Seoirseach, agus bain taitneamh as domhan enigmatic ach mealltach gramada\u00ed Seoirseach a nochtadh!<\/p>\n<\/div><\/div>\n\r\n<section class=\"learnNavigationSection\">\r\n            \r\n        <a href=\"https:\/\/talkpal.ai\/ga\/foghlaim-an-bhreatnais\/\">\r\n            <div class=\"learnNavigationWrapper\">\r\n                <div class=\"learnNavigationContent\">\r\n                    <img decoding=\"async\" src=\"https:\/\/talkpal.ai\/wp-content\/uploads\/2025\/11\/Georgian.png\" alt=\"Georgian Flag\">\r\n                    <div>\r\n                        <h4>Maidir le Foghlaim Seoirseach<\/h4>\r\n                        <p>Faigh amach gach rud faoi Ghramadach na Seoirs\u00ed.<\/p>\r\n                    <\/div>\r\n                <\/div>\r\n            <\/div>\r\n        <\/a>\r\n\r\n        \r\n        <a href=\"https:\/\/talkpal.ai\/ga\/cleachtai-gramadai-na-breatnaise\/\">\r\n            <div class=\"learnNavigationWrapper\">\r\n                <div class=\"learnNavigationContent\">\r\n                    <img decoding=\"async\" src=\"https:\/\/talkpal.ai\/wp-content\/uploads\/2025\/11\/Georgian.png\" alt=\"Georgian Flag\">\r\n                    <div>\r\n                        <h4>Cleachtadh Gramada\u00ed Seoirseach<\/h4>\r\n                        <p>Cleachtadh gramadach Seoirseach.<\/p>\r\n                    <\/div>\r\n                <\/div>\r\n            <\/div>\r\n        <\/a>\r\n\r\n            <\/section>","protected":false},"excerpt":{"rendered":"<p>Nasclean\u00faint a dh\u00e9anamh ar Intricacies na Gramada\u00ed Seoirseach Cuireann Seoirsias, teanga Kartvelian le stair shaibhir agus t\u00e1bhacht chult\u00fartha, eisp\u00e9ireas teangeola\u00edoch spreag\u00fail ar f\u00e1il d\u00f3ibh si\u00fad ar mian leo ini\u00fachadh a dh\u00e9anamh ar a c\u00f3ras gramada\u00ed uath\u00fail. Agus t\u00fa ag dul isteach i r\u00e9imse na Seoirsia, n\u00ed hamh\u00e1in go saibhreoidh t\u00fa do repertoire teangeola\u00edoch ach glacfaidh [&hellip;]<\/p>\n","protected":false},"author":20,"featured_media":0,"parent":0,"menu_order":0,"comment_status":"closed","ping_status":"closed","template":"LearningContentPage.php","meta":{"_acf_changed":false,"footnotes":""},"class_list":["post-1476112","page","type-page","status-publish","hentry"],"acf":[],"yoast_head":"<!-- This site is optimized with the Yoast SEO Premium plugin v27.2 (Yoast SEO v27.2) - https:\/\/yoast.com\/product\/yoast-seo-premium-wordpress\/ -->\n<title>Gramadach Seoirseach - Talkpal<\/title>\n<meta name=\"description\" content=\"Faigh m\u00e1istreacht ar rialacha gramada\u00ed na Seoirsise agus ar an aib\u00edtir go tapa len\u00e1r dtreoir chuimsitheach agus len\u00e1r dteagasc\u00f3ir teanga AI.\" \/>\n<meta name=\"robots\" content=\"index, follow, max-snippet:-1, max-image-preview:large, max-video-preview:-1\" \/>\n<link rel=\"canonical\" href=\"https:\/\/talkpal.ai\/ga\/gramadach-seoirseach\/\" \/>\n<meta property=\"og:locale\" content=\"ga_IE\" \/>\n<meta property=\"og:type\" content=\"article\" \/>\n<meta property=\"og:title\" content=\"Gramadach Seoirseach\" \/>\n<meta property=\"og:description\" content=\"Nasclean\u00faint a dh\u00e9anamh ar Intricacies na Gramada\u00ed Seoirseach Cuireann Seoirsias, teanga Kartvelian le stair shaibhir agus t\u00e1bhacht chult\u00fartha, eisp\u00e9ireas\" \/>\n<meta property=\"og:url\" content=\"https:\/\/talkpal.ai\/ga\/gramadach-seoirseach\/\" \/>\n<meta property=\"og:site_name\" content=\"Talkpal\" \/>\n<meta property=\"article:publisher\" content=\"https:\/\/www.facebook.com\/profile.php?id=100090733639311\" \/>\n<meta property=\"article:modified_time\" content=\"2025-12-30T14:53:01+00:00\" \/>\n<meta property=\"og:image\" content=\"https:\/\/talkpal.ai\/wp-content\/uploads\/2025\/02\/Progress-tab-16_9.png\" \/>\n\t<meta property=\"og:image:width\" content=\"2880\" \/>\n\t<meta property=\"og:image:height\" content=\"1620\" \/>\n\t<meta property=\"og:image:type\" content=\"image\/png\" \/>\n<meta name=\"twitter:card\" content=\"summary_large_image\" \/>\n<meta name=\"twitter:site\" content=\"@talkpalai\" \/>\n<meta name=\"twitter:label1\" content=\"Est. reading time\" \/>\n\t<meta name=\"twitter:data1\" content=\"4 minutes\" \/>\n<script type=\"application\/ld+json\" class=\"yoast-schema-graph\">{\"@context\":\"https:\/\/schema.org\",\"@graph\":[{\"@type\":\"WebPage\",\"@id\":\"https:\/\/talkpal.ai\/ga\/gramadach-seoirseach\/\",\"url\":\"https:\/\/talkpal.ai\/ga\/gramadach-seoirseach\/\",\"name\":\"Gramadach Seoirseach - Talkpal\",\"isPartOf\":{\"@id\":\"https:\/\/talkpal.ai\/ga\/#website\"},\"datePublished\":\"2025-11-11T17:01:21+00:00\",\"dateModified\":\"2025-12-30T14:53:01+00:00\",\"description\":\"Faigh m\u00e1istreacht ar rialacha gramada\u00ed na Seoirsise agus ar an aib\u00edtir go tapa len\u00e1r dtreoir chuimsitheach agus len\u00e1r dteagasc\u00f3ir teanga AI.\",\"breadcrumb\":{\"@id\":\"https:\/\/talkpal.ai\/ga\/gramadach-seoirseach\/#breadcrumb\"},\"inLanguage\":\"ga-IE\",\"potentialAction\":[{\"@type\":\"ReadAction\",\"target\":[\"https:\/\/talkpal.ai\/ga\/gramadach-seoirseach\/\"]}]},{\"@type\":\"BreadcrumbList\",\"@id\":\"https:\/\/talkpal.ai\/ga\/gramadach-seoirseach\/#breadcrumb\",\"itemListElement\":[{\"@type\":\"ListItem\",\"position\":1,\"name\":\"Homepage\",\"item\":\"https:\/\/talkpal.ai\/ga\/\"},{\"@type\":\"ListItem\",\"position\":2,\"name\":\"Gramadach Seoirseach\"}]},{\"@type\":\"WebSite\",\"@id\":\"https:\/\/talkpal.ai\/ga\/#website\",\"url\":\"https:\/\/talkpal.ai\/ga\/\",\"name\":\"Talkpal\",\"description\":\"AI Language Learning\",\"publisher\":{\"@id\":\"https:\/\/talkpal.ai\/ga\/#organization\"},\"alternateName\":\"Talkpal AI\",\"potentialAction\":[{\"@type\":\"SearchAction\",\"target\":{\"@type\":\"EntryPoint\",\"urlTemplate\":\"https:\/\/talkpal.ai\/ga\/?s={search_term_string}\"},\"query-input\":{\"@type\":\"PropertyValueSpecification\",\"valueRequired\":true,\"valueName\":\"search_term_string\"}}],\"inLanguage\":\"ga-IE\"},{\"@type\":\"Organization\",\"@id\":\"https:\/\/talkpal.ai\/ga\/#organization\",\"name\":\"Talkpal, Inc.\",\"alternateName\":\"Talkpal AI\",\"url\":\"https:\/\/talkpal.ai\/ga\/\",\"logo\":{\"@type\":\"ImageObject\",\"inLanguage\":\"ga-IE\",\"@id\":\"https:\/\/talkpal.ai\/ga\/#\/schema\/logo\/image\/\",\"url\":\"https:\/\/talkpal.ai\/wp-content\/uploads\/2024\/03\/Talkpal-Logo-Icon.png\",\"contentUrl\":\"https:\/\/talkpal.ai\/wp-content\/uploads\/2024\/03\/Talkpal-Logo-Icon.png\",\"width\":2880,\"height\":2880,\"caption\":\"Talkpal, Inc.\"},\"image\":{\"@id\":\"https:\/\/talkpal.ai\/ga\/#\/schema\/logo\/image\/\"},\"sameAs\":[\"https:\/\/www.facebook.com\/profile.php?id=100090733639311\",\"https:\/\/x.com\/talkpalai\",\"https:\/\/www.linkedin.com\/company\/talkpal\/\",\"https:\/\/www.youtube.com\/@TalkPal\/\",\"https:\/\/www.tiktok.com\/@talkpal\",\"https:\/\/www.instagram.com\/talkpal_ai\/\",\"https:\/\/www.crunchbase.com\/organization\/talkpal-9cde\",\"https:\/\/www.g2.com\/products\/talkpal-for-business\/\",\"https:\/\/www.trustpilot.com\/review\/talkpal.ai\",\"https:\/\/www.capterra.com\/p\/10006800\/TalkPal\/\"],\"description\":\"Talkpal is a language learning web and mobile education app, powered by the latest AI technologies, that provides engaging experiences to its customers in many different languages to help them improve their language skills. Users can chat about unlimited amount of topics with the app and use other modes to practice their language learning.\",\"email\":\"support@talkpal.ai\",\"legalName\":\"Talkpal, Inc.\",\"foundingDate\":\"2023-04-03\",\"duns\":\"118989042\",\"numberOfEmployees\":{\"@type\":\"QuantitativeValue\",\"minValue\":\"11\",\"maxValue\":\"50\"},\"publishingPrinciples\":\"https:\/\/talkpal.ai\/publishing-principles\/\",\"actionableFeedbackPolicy\":\"https:\/\/talkpal.ai\/actionable-feedback-policy\/\",\"correctionsPolicy\":\"https:\/\/talkpal.ai\/corrections-policy\/\",\"ethicsPolicy\":\"https:\/\/talkpal.ai\/ethics-policy\/\",\"diversityPolicy\":\"https:\/\/talkpal.ai\/diversity-policy\/\",\"diversityStaffingReport\":\"https:\/\/talkpal.ai\/diversity-policy\/\"}]}<\/script>\n<!-- \/ Yoast SEO Premium plugin. -->","yoast_head_json":{"title":"Gramadach Seoirseach - Talkpal","description":"Faigh m\u00e1istreacht ar rialacha gramada\u00ed na Seoirsise agus ar an aib\u00edtir go tapa len\u00e1r dtreoir chuimsitheach agus len\u00e1r dteagasc\u00f3ir teanga AI.","robots":{"index":"index","follow":"follow","max-snippet":"max-snippet:-1","max-image-preview":"max-image-preview:large","max-video-preview":"max-video-preview:-1"},"canonical":"https:\/\/talkpal.ai\/ga\/gramadach-seoirseach\/","og_locale":"ga_IE","og_type":"article","og_title":"Gramadach Seoirseach","og_description":"Nasclean\u00faint a dh\u00e9anamh ar Intricacies na Gramada\u00ed Seoirseach Cuireann Seoirsias, teanga Kartvelian le stair shaibhir agus t\u00e1bhacht chult\u00fartha, eisp\u00e9ireas","og_url":"https:\/\/talkpal.ai\/ga\/gramadach-seoirseach\/","og_site_name":"Talkpal","article_publisher":"https:\/\/www.facebook.com\/profile.php?id=100090733639311","article_modified_time":"2025-12-30T14:53:01+00:00","og_image":[{"width":2880,"height":1620,"url":"https:\/\/talkpal.ai\/wp-content\/uploads\/2025\/02\/Progress-tab-16_9.png","type":"image\/png"}],"twitter_card":"summary_large_image","twitter_site":"@talkpalai","twitter_misc":{"Est. reading time":"4 minutes"},"schema":{"@context":"https:\/\/schema.org","@graph":[{"@type":"WebPage","@id":"https:\/\/talkpal.ai\/ga\/gramadach-seoirseach\/","url":"https:\/\/talkpal.ai\/ga\/gramadach-seoirseach\/","name":"Gramadach Seoirseach - Talkpal","isPartOf":{"@id":"https:\/\/talkpal.ai\/ga\/#website"},"datePublished":"2025-11-11T17:01:21+00:00","dateModified":"2025-12-30T14:53:01+00:00","description":"Faigh m\u00e1istreacht ar rialacha gramada\u00ed na Seoirsise agus ar an aib\u00edtir go tapa len\u00e1r dtreoir chuimsitheach agus len\u00e1r dteagasc\u00f3ir teanga AI.","breadcrumb":{"@id":"https:\/\/talkpal.ai\/ga\/gramadach-seoirseach\/#breadcrumb"},"inLanguage":"ga-IE","potentialAction":[{"@type":"ReadAction","target":["https:\/\/talkpal.ai\/ga\/gramadach-seoirseach\/"]}]},{"@type":"BreadcrumbList","@id":"https:\/\/talkpal.ai\/ga\/gramadach-seoirseach\/#breadcrumb","itemListElement":[{"@type":"ListItem","position":1,"name":"Homepage","item":"https:\/\/talkpal.ai\/ga\/"},{"@type":"ListItem","position":2,"name":"Gramadach Seoirseach"}]},{"@type":"WebSite","@id":"https:\/\/talkpal.ai\/ga\/#website","url":"https:\/\/talkpal.ai\/ga\/","name":"Talkpal","description":"AI Language Learning","publisher":{"@id":"https:\/\/talkpal.ai\/ga\/#organization"},"alternateName":"Talkpal AI","potentialAction":[{"@type":"SearchAction","target":{"@type":"EntryPoint","urlTemplate":"https:\/\/talkpal.ai\/ga\/?s={search_term_string}"},"query-input":{"@type":"PropertyValueSpecification","valueRequired":true,"valueName":"search_term_string"}}],"inLanguage":"ga-IE"},{"@type":"Organization","@id":"https:\/\/talkpal.ai\/ga\/#organization","name":"Talkpal, Inc.","alternateName":"Talkpal AI","url":"https:\/\/talkpal.ai\/ga\/","logo":{"@type":"ImageObject","inLanguage":"ga-IE","@id":"https:\/\/talkpal.ai\/ga\/#\/schema\/logo\/image\/","url":"https:\/\/talkpal.ai\/wp-content\/uploads\/2024\/03\/Talkpal-Logo-Icon.png","contentUrl":"https:\/\/talkpal.ai\/wp-content\/uploads\/2024\/03\/Talkpal-Logo-Icon.png","width":2880,"height":2880,"caption":"Talkpal, Inc."},"image":{"@id":"https:\/\/talkpal.ai\/ga\/#\/schema\/logo\/image\/"},"sameAs":["https:\/\/www.facebook.com\/profile.php?id=100090733639311","https:\/\/x.com\/talkpalai","https:\/\/www.linkedin.com\/company\/talkpal\/","https:\/\/www.youtube.com\/@TalkPal\/","https:\/\/www.tiktok.com\/@talkpal","https:\/\/www.instagram.com\/talkpal_ai\/","https:\/\/www.crunchbase.com\/organization\/talkpal-9cde","https:\/\/www.g2.com\/products\/talkpal-for-business\/","https:\/\/www.trustpilot.com\/review\/talkpal.ai","https:\/\/www.capterra.com\/p\/10006800\/TalkPal\/"],"description":"Talkpal is a language learning web and mobile education app, powered by the latest AI technologies, that provides engaging experiences to its customers in many different languages to help them improve their language skills. Users can chat about unlimited amount of topics with the app and use other modes to practice their language learning.","email":"support@talkpal.ai","legalName":"Talkpal, Inc.","foundingDate":"2023-04-03","duns":"118989042","numberOfEmployees":{"@type":"QuantitativeValue","minValue":"11","maxValue":"50"},"publishingPrinciples":"https:\/\/talkpal.ai\/publishing-principles\/","actionableFeedbackPolicy":"https:\/\/talkpal.ai\/actionable-feedback-policy\/","correctionsPolicy":"https:\/\/talkpal.ai\/corrections-policy\/","ethicsPolicy":"https:\/\/talkpal.ai\/ethics-policy\/","diversityPolicy":"https:\/\/talkpal.ai\/diversity-policy\/","diversityStaffingReport":"https:\/\/talkpal.ai\/diversity-policy\/"}]}},"_links":{"self":[{"href":"https:\/\/talkpal.ai\/ga\/wp-json\/wp\/v2\/pages\/1476112","targetHints":{"allow":["GET"]}}],"collection":[{"href":"https:\/\/talkpal.ai\/ga\/wp-json\/wp\/v2\/pages"}],"about":[{"href":"https:\/\/talkpal.ai\/ga\/wp-json\/wp\/v2\/types\/page"}],"author":[{"embeddable":true,"href":"https:\/\/talkpal.ai\/ga\/wp-json\/wp\/v2\/users\/20"}],"replies":[{"embeddable":true,"href":"https:\/\/talkpal.ai\/ga\/wp-json\/wp\/v2\/comments?post=1476112"}],"version-history":[{"count":0,"href":"https:\/\/talkpal.ai\/ga\/wp-json\/wp\/v2\/pages\/1476112\/revisions"}],"wp:attachment":[{"href":"https:\/\/talkpal.ai\/ga\/wp-json\/wp\/v2\/media?parent=1476112"}],"curies":[{"name":"wp","href":"https:\/\/api.w.org\/{rel}","templated":true}]}}