{"id":1475924,"date":"2025-11-11T15:33:17","date_gmt":"2025-11-11T15:33:17","guid":{"rendered":"https:\/\/talkpal.ai\/gramadach-na-mbascach\/"},"modified":"2025-12-30T15:33:02","modified_gmt":"2025-12-30T15:33:02","slug":"gramadach-na-mbascach","status":"publish","type":"page","link":"https:\/\/talkpal.ai\/ga\/gramadach-na-mbascach\/","title":{"rendered":"Gramadach na mBascach"},"content":{"rendered":"\r\n\r\n\r\n<section class=\"languageChallengeSection\">\r\n    <div class=\"languageInfoWrapper\">\r\n        \r\n        <h1>Gramadach na mBascach<\/h1>\r\n        <p>B&#039;fh\u00e9idir go bhfuil <a href=\"https:\/\/talkpal.ai\/grammar\/\">gramadach<\/a> na Bascaise d\u00fashl\u00e1nach ar dt\u00fas, ach is eisp\u00e9ireas luachmhar \u00e9 foghlaim na teanga. Tr\u00ed ini\u00fachadh a dh\u00e9anamh ar a aib\u00edtir, s\u00f3ch\u00e1in, agus rialacha gramada\u00ed, gheobhaidh t\u00fa l\u00e9argas ar thraidisi\u00fan saibhir teanga. Cuir t\u00fas le do thuras agus faigh amach \u00e1illeacht na Bascaise!<\/p>\r\n\r\n                            <a class=\"getStartedHidden\" href=\"https:\/\/app.talkpal.ai\/signup?lng=\">Tosaigh<\/a>\r\n        \r\n    <\/div>\r\n\r\n    <figure>\r\n    <img decoding=\"async\" width=\"768\" height=\"768\" src=\"https:\/\/talkpal.ai\/wp-content\/uploads\/2023\/06\/welsh-768x768.png\" class=\"languageImage no-lazy\" alt=\"Language learning for better cognitive abilities\" fetchpriority=\"high\" sizes=\"(max-width: 768px) 150px, 768px\" srcset=\"https:\/\/talkpal.ai\/wp-content\/uploads\/2023\/06\/welsh-768x768.png 768w, https:\/\/talkpal.ai\/wp-content\/uploads\/2023\/06\/welsh-300x300.png 300w\" \/>\r\n    \r\n\r\n    <\/figure>\r\n\r\n            <a class=\"getStartedVisible\" href=\"https:\/\/app.talkpal.ai\/signup?lng=\">Tosaigh<\/a>\r\n    \r\n<\/section><section class=\"promotionalBanner\">\r\n    <p class=\"promotionalText\">An bealach is \u00e9ifeachta\u00ed le teanga a fhoghlaim<\/p>\r\n    <a class=\"promotionalLink\" href=\"https:\/\/app.talkpal.ai\/signup?lng=\">Bain triail as Talkpal saor in aisce<\/a>\r\n<\/section>\n<div class=\"wp-block-group pageContainerStyle\"><div class=\"wp-block-group__inner-container is-layout-constrained wp-block-group-is-layout-constrained\">\n<h2 class=\"wp-block-heading\" id=\"h-navigating-the-intricacies-of-basque-grammar\">Nasclean\u00faint a dh\u00e9anamh ar Intricacies na Gramada\u00ed Bascach<\/h2>\n\n\n\n<p>Cuireann an <a href=\"https:\/\/talkpal.ai\/ga\/foghlaim-bascais\/\">Bhascaisis<\/a> eisp\u00e9ireas teangeola\u00edoch spreag\u00fail ar f\u00e1il d\u00f3ibh si\u00fad ar mian leo ini\u00fachadh a dh\u00e9anamh ar an gc\u00f3ras gramada\u00ed uath\u00fail. Agus t\u00fa ag dul isteach i r\u00e9imse na Bascaise, n\u00ed hamh\u00e1in go saibhreoidh t\u00fa do repertoire teangeola\u00edoch ach glacfaidh t\u00fa le turas cult\u00fartha suimi\u00fail freisin. C\u00e9 go bhf\u00e9adfadh gramadach na mBascach a bheith casta ar dt\u00fas, d\u00e9anann s\u00e9 foghlaim na teanga n\u00edos inrochtana. San alt seo, d\u00e9anfaimid ini\u00fachadh ar shaol mealltach ghramadach na mBascach agus tabharfaimid leideanna <a href=\"https:\/\/talkpal.ai\/ga\/maidir\/\">maidir<\/a> le conas a chastachta\u00ed a mh\u00e1istir.<\/p>\n\n\n\n<h3 class=\"wp-block-heading\" id=\"h-1-basque-alphabet-and-phonetics\">1. Aib\u00edtir na mBascach agus Foghra\u00edocht<\/h3>\n\n\n\n<p>T\u00e1 27 litir san aib\u00edtir Bhascais Chaighde\u00e1nach. I measc na ngn\u00e9ithe saini\u00fala t\u00e1 na d\u00e9ghraif &#8220;tx,&#8221; &#8220;tz,&#8221; agus &#8220;ts,&#8221; a l\u00e9ir\u00edonn fuaimeanna uath\u00fala, an litir &#8220;x&#8221; a fhuaimn\u00edtear cos\u00fail le &#8220;sh&#8221; <a href=\"https:\/\/talkpal.ai\/learn-english-with-ai\/\">B\u00e9arla<\/a>, agus an chodarsnacht idir &#8220;r&#8221; aonair agus d\u00fabailte &#8220;rr.&#8221; T\u00e1 roinnt litreacha mar &#8220;c,&#8221; &#8220;q,&#8221; &#8220;v,&#8221; &#8220;w,&#8221; agus &#8220;y&#8221; le feice\u00e1il go pr\u00edomha i bhfocail iasachta. Chun <a href=\"https:\/\/talkpal.ai\/basque-grammar\/\">gramadach na Bascaise<\/a> a fhoghlaim, t\u00e1 s\u00e9 r\u00edth\u00e1bhachtach eolas a <a href=\"https:\/\/talkpal.ai\/locations\/language-courses-in-chur\/\">chur<\/a> ar an gc\u00f3ras scr\u00edbhneoireachta seo tr\u00ed l\u00e9amh agus scr\u00edbhneoireacht a chleachtadh i mBascais.<\/p>\n\n\n\n<h3 class=\"wp-block-heading\" id=\"h-2-case-suffixes-and-ergativity-a-core-basque-feature\">2. Iarmh\u00edreanna C\u00e1is agus Ergativity: Gn\u00e9 L\u00e1rnach na mBascach<\/h3>\n\n\n\n<p>Ceann de na gn\u00e9ithe is suntasa\u00ed de ghramadach na mBascach is ea a ail\u00edni\u00fa ergative-absolutive agus a ch\u00f3ras saibhir iarmh\u00edreanna c\u00e1is. Glacann ainmfhocail agus fr\u00e1sa\u00ed ainmfhocail ioml\u00e1na foircinn a mharcann a r\u00f3l san abairt, mar shampla an absal\u00f3ideach (go minic nialas, n\u00f3 -a\/-ak leis an alt cinnte), ergative (-k n\u00f3 -ek), dative (-ri n\u00f3 -ei), ginideach (-ren), inessive (-n), allative (-ra), ablative (-tik), instrumental (-z), agus comitative (-ekin). T\u00e1 s\u00e9 r\u00edth\u00e1bhachtach tuiscint a fh\u00e1il ar cathain agus conas a \u00fas\u00e1idtear na foircinn seo, agus go gceangla\u00edonn siad leis an bhfocal deireanach den abairt ainmfhocal, chun cumars\u00e1id chruinn a dh\u00e9anamh sa Bhascais.<\/p>\n\n\n\n<h3 class=\"wp-block-heading\" id=\"h-3-nouns-and-pronouns-gender-and-cases\">3. Ainmfhocail agus Forainmneacha: Inscne agus C\u00e1sanna<\/h3>\n\n\n\n<p>N\u00edl inscne ghramada\u00ed ag ainmfhocail na mBascaise, rud a shimpli\u00edonn comhaont\u00fa, ach idirghn\u00edomha\u00edonn siad le c\u00f3ras c\u00e1is fairsing agus cinnteacht. Is gn\u00e1ch go gcuirtear uimhir agus cinnteacht in i\u00fal leis na hiarmh\u00edreanna alt -a (uatha cinnte) agus -ak (iolra cinnte n\u00f3 uatha \u00e9iginnte). I measc na bhforainmneacha sa Bhascais t\u00e1 forainmneacha pearsanta (ni, hi, zu, zu, zuek, gu, bera, haiek), sealbhacha (nire, zure, bere, gure, zuen, haien), machnamhach (bere burua), l\u00e9iritheach (hau, hori, hura), agus forainmneacha ceisti\u00fach\u00e1in (n\u00f3, zer, zein). M\u00e1 \u00e9ir\u00edonn t\u00fa eolach ar na forainmneacha seo agus ar a bhfoirmeacha ar fud na gc\u00e1sanna, feabhs\u00f3idh s\u00e9 go m\u00f3r do thuiscint ar ghramadach na mBascaise.<\/p>\n\n\n\n<h3 class=\"wp-block-heading\" id=\"h-4-verbs-structure-and-conjugation\">4. Briathra: Strucht\u00far agus Comhchuingi\u00fa<\/h3>\n\n\n\n<p>Braitheann briathra <a href=\"https:\/\/talkpal.ai\/learn-basque\/\">Bascais<\/a> go m\u00f3r ar ch\u00fant\u00f3ir\u00ed agus l\u00e9ir\u00edonn siad aont\u00fa leis an \u00e1bhar agus go minic le ruda\u00ed d\u00edreacha agus ind\u00edreacha. T\u00e1 go leor aimsir periphrastic, t\u00f3gtha le rannph\u00e1irtithe agus na c\u00fanta izan agus edun, agus t\u00e1 foirmeacha sint\u00e9iseacha ag sraith theoranta briathra freisin. Is iad na haimsir riachtanacha sa Bhascais an l\u00e1 at\u00e1 inniu ann, an t-am at\u00e1 thart agus an todhcha\u00ed, le heilimint\u00ed breise cos\u00fail le gi\u00famar coinn\u00edollach agus \u00e9igeantach. M\u00e1 fhoghlaim\u00edonn t\u00fa conas a oibr\u00edonn roghn\u00fa c\u00fanta, chomh maith le patr\u00fain chro\u00ed-chomhchuingithe, feabhs\u00f3idh s\u00e9 do chumas cumars\u00e1id \u00e9ifeachtach a dh\u00e9anamh i mBascais.<\/p>\n\n\n\n<h3 class=\"wp-block-heading\" id=\"h-5-adjectives-agreement-and-placement\">5. Aidiachta\u00ed: Comhaont\u00fa agus Socr\u00fach\u00e1n<\/h3>\n\n\n\n<p>I ngramadach na mBascaise, is gn\u00e1ch go leanann aidiachta\u00ed an t-ainmfhocal a mhodhna\u00edonn siad. N\u00ed athra\u00edonn aidiachta\u00ed f\u00e9in le haghaidh uimhir n\u00f3 inscne, ach t\u00e1 an determiner agus an iarmh\u00edr c\u00e1is don abairt ainmfhocal ioml\u00e1n le feice\u00e1il ar an eilimint dheireanach, go minic an aidiacht. Is minic a fhoirm\u00edtear compar\u00e1id\u00ed agus superlatives le -ago agus -en n\u00f3 -ena, at\u00e1 riachtanach chun foghlaim cumars\u00e1id n\u00edos n\u00e1d\u00fartha.<\/p>\n\n\n\n<p><strong>Sampla\u00ed:<\/strong><\/p>\n\n\n\n<p><strong>&#8211; Ume Txikiak (Leana\u00ed Beaga)<\/strong><\/p>\n\n\n\n<p><strong>&#8211; Maitasun Handi (Gr\u00e1 M\u00f3r)<\/strong><\/p>\n\n\n\n<h3 class=\"wp-block-heading\" id=\"h-6-engaging-with-the-language\">6. Dul i ngleic leis an teanga<\/h3>\n\n\n\n<p>Is \u00e9 an bealach is \u00e9ifeachta\u00ed chun gramadach na Bascaise a thuiscint agus a inmhe\u00e1n\u00fa go hioml\u00e1n n\u00e1 dul i ngleic go comhsheasmhach leis an teanga. Tr\u00ed litr\u00edocht na mBascach a l\u00e9amh, f\u00e9achaint ar scann\u00e1in n\u00f3 sraitheanna teilif\u00edse Bascais, \u00e9isteacht le raidi\u00f3 na mBascaise, agus cumars\u00e1id ghn\u00edomhach a dh\u00e9anamh le cainteoir\u00ed d\u00fachais, treiseoidh t\u00fa do thuiscint ar an ngramadach agus leathn\u00f3idh t\u00fa do st\u00f3r focal.<\/p>\n\n\n\n<h3 class=\"wp-block-heading\" id=\"h-conclusion\">Concl\u00faid<\/h3>\n\n\n\n<p>C\u00e9 go bhf\u00e9adfadh gramadach na Bascaise a bheith casta, is f\u00e9idir leat a bheith inni\u00fail sa teanga \u00e1lainn seo le d\u00fathracht, cleachtas agus d\u00edograis. Tr\u00ed dh\u00edri\u00fa ar na rialacha bun\u00fasacha agus dul i ngleic leis an teanga i gcomhth\u00e9acsanna \u00e9ags\u00fala, cuirfidh t\u00fa feabhas tapa ar do <a href=\"https:\/\/talkpal.ai\/ga\/gramadach\/\">scileanna gramada\u00ed<\/a> Bascaise. Zorte ar (\u00e1dh m\u00f3r) le do thuras i dteanga na mBascaise, agus bain sult as domhan enigmatic ach mealltach ghramadach na mBascach a nochtadh!<\/p>\n<\/div><\/div>\n\r\n<section class=\"learnNavigationSection\">\r\n            \r\n        <a href=\"https:\/\/talkpal.ai\/ga\/foghlaim-bascais\/\">\r\n            <div class=\"learnNavigationWrapper\">\r\n                <div class=\"learnNavigationContent\">\r\n                    <img decoding=\"async\" src=\"https:\/\/talkpal.ai\/wp-content\/uploads\/2025\/11\/Basque.png\" alt=\"Basque Flag\">\r\n                    <div>\r\n                        <h4>Maidir le Foghlaim na Bascaise<\/h4>\r\n                        <p>Faigh amach gach rud faoi Ghramadach na mBascaise.<\/p>\r\n                    <\/div>\r\n                <\/div>\r\n            <\/div>\r\n        <\/a>\r\n\r\n        \r\n        <a href=\"https:\/\/talkpal.ai\/ga\/cleachtai-gramadai-na-bascaise\/\">\r\n            <div class=\"learnNavigationWrapper\">\r\n                <div class=\"learnNavigationContent\">\r\n                    <img decoding=\"async\" src=\"https:\/\/talkpal.ai\/wp-content\/uploads\/2025\/11\/Basque.png\" alt=\"Basque Flag\">\r\n                    <div>\r\n                        <h4>Cleachtadh Gramada\u00ed na mBascach<\/h4>\r\n                        <p>Cleachtadh gramadach na Bascaise.<\/p>\r\n                    <\/div>\r\n                <\/div>\r\n            <\/div>\r\n        <\/a>\r\n\r\n            <\/section>\n<p><\/p>\n","protected":false},"excerpt":{"rendered":"<p>Nasclean\u00faint a dh\u00e9anamh ar Intricacies na Gramada\u00ed Bascach Cuireann an Bhascaisis eisp\u00e9ireas teangeola\u00edoch spreag\u00fail ar f\u00e1il d\u00f3ibh si\u00fad ar mian leo ini\u00fachadh a dh\u00e9anamh ar an gc\u00f3ras gramada\u00ed uath\u00fail. Agus t\u00fa ag dul isteach i r\u00e9imse na Bascaise, n\u00ed hamh\u00e1in go saibhreoidh t\u00fa do repertoire teangeola\u00edoch ach glacfaidh t\u00fa le turas cult\u00fartha suimi\u00fail freisin. C\u00e9 [&hellip;]<\/p>\n","protected":false},"author":20,"featured_media":0,"parent":0,"menu_order":0,"comment_status":"closed","ping_status":"closed","template":"LearningContentPage.php","meta":{"_acf_changed":false,"footnotes":""},"class_list":["post-1475924","page","type-page","status-publish","hentry"],"acf":[],"yoast_head":"<!-- This site is optimized with the Yoast SEO Premium plugin v27.2 (Yoast SEO v27.2) - https:\/\/yoast.com\/product\/yoast-seo-premium-wordpress\/ -->\n<title>Gramadach na mBascach - Talkpal<\/title>\n<meta name=\"description\" content=\"D\u00e9an m\u00e1istreacht ar ghramadach na Bascaise leis an treoir seo a chl\u00fada\u00edonn an aib\u00edtir, an fh\u00f3ineola\u00edocht, iarmh\u00edreanna c\u00e1s, agus rialacha r\u00e9imni\u00fa briathartha.\" \/>\n<meta name=\"robots\" content=\"index, follow, max-snippet:-1, max-image-preview:large, max-video-preview:-1\" \/>\n<link rel=\"canonical\" href=\"https:\/\/talkpal.ai\/ga\/gramadach-na-mbascach\/\" \/>\n<meta property=\"og:locale\" content=\"ga_IE\" \/>\n<meta property=\"og:type\" content=\"article\" \/>\n<meta property=\"og:title\" content=\"Gramadach na mBascach\" \/>\n<meta property=\"og:description\" content=\"Nasclean\u00faint a dh\u00e9anamh ar Intricacies na Gramada\u00ed Bascach Cuireann an Bhascaisis eisp\u00e9ireas teangeola\u00edoch spreag\u00fail ar f\u00e1il d\u00f3ibh si\u00fad ar mian leo\" \/>\n<meta property=\"og:url\" content=\"https:\/\/talkpal.ai\/ga\/gramadach-na-mbascach\/\" \/>\n<meta property=\"og:site_name\" content=\"Talkpal\" \/>\n<meta property=\"article:publisher\" content=\"https:\/\/www.facebook.com\/profile.php?id=100090733639311\" \/>\n<meta property=\"article:modified_time\" content=\"2025-12-30T15:33:02+00:00\" \/>\n<meta property=\"og:image\" content=\"https:\/\/talkpal.ai\/wp-content\/uploads\/2025\/02\/Progress-tab-16_9.png\" \/>\n\t<meta property=\"og:image:width\" content=\"2880\" \/>\n\t<meta property=\"og:image:height\" content=\"1620\" \/>\n\t<meta property=\"og:image:type\" content=\"image\/png\" \/>\n<meta name=\"twitter:card\" content=\"summary_large_image\" \/>\n<meta name=\"twitter:site\" content=\"@talkpalai\" \/>\n<meta name=\"twitter:label1\" content=\"Est. reading time\" \/>\n\t<meta name=\"twitter:data1\" content=\"4 minutes\" \/>\n<script type=\"application\/ld+json\" class=\"yoast-schema-graph\">{\"@context\":\"https:\/\/schema.org\",\"@graph\":[{\"@type\":\"WebPage\",\"@id\":\"https:\/\/talkpal.ai\/ga\/gramadach-na-mbascach\/\",\"url\":\"https:\/\/talkpal.ai\/ga\/gramadach-na-mbascach\/\",\"name\":\"Gramadach na mBascach - Talkpal\",\"isPartOf\":{\"@id\":\"https:\/\/talkpal.ai\/ga\/#website\"},\"datePublished\":\"2025-11-11T15:33:17+00:00\",\"dateModified\":\"2025-12-30T15:33:02+00:00\",\"description\":\"D\u00e9an m\u00e1istreacht ar ghramadach na Bascaise leis an treoir seo a chl\u00fada\u00edonn an aib\u00edtir, an fh\u00f3ineola\u00edocht, iarmh\u00edreanna c\u00e1s, agus rialacha r\u00e9imni\u00fa briathartha.\",\"breadcrumb\":{\"@id\":\"https:\/\/talkpal.ai\/ga\/gramadach-na-mbascach\/#breadcrumb\"},\"inLanguage\":\"ga-IE\",\"potentialAction\":[{\"@type\":\"ReadAction\",\"target\":[\"https:\/\/talkpal.ai\/ga\/gramadach-na-mbascach\/\"]}]},{\"@type\":\"BreadcrumbList\",\"@id\":\"https:\/\/talkpal.ai\/ga\/gramadach-na-mbascach\/#breadcrumb\",\"itemListElement\":[{\"@type\":\"ListItem\",\"position\":1,\"name\":\"Homepage\",\"item\":\"https:\/\/talkpal.ai\/ga\/\"},{\"@type\":\"ListItem\",\"position\":2,\"name\":\"Gramadach na mBascach\"}]},{\"@type\":\"WebSite\",\"@id\":\"https:\/\/talkpal.ai\/ga\/#website\",\"url\":\"https:\/\/talkpal.ai\/ga\/\",\"name\":\"Talkpal\",\"description\":\"AI Language Learning\",\"publisher\":{\"@id\":\"https:\/\/talkpal.ai\/ga\/#organization\"},\"alternateName\":\"Talkpal AI\",\"potentialAction\":[{\"@type\":\"SearchAction\",\"target\":{\"@type\":\"EntryPoint\",\"urlTemplate\":\"https:\/\/talkpal.ai\/ga\/?s={search_term_string}\"},\"query-input\":{\"@type\":\"PropertyValueSpecification\",\"valueRequired\":true,\"valueName\":\"search_term_string\"}}],\"inLanguage\":\"ga-IE\"},{\"@type\":\"Organization\",\"@id\":\"https:\/\/talkpal.ai\/ga\/#organization\",\"name\":\"Talkpal, Inc.\",\"alternateName\":\"Talkpal AI\",\"url\":\"https:\/\/talkpal.ai\/ga\/\",\"logo\":{\"@type\":\"ImageObject\",\"inLanguage\":\"ga-IE\",\"@id\":\"https:\/\/talkpal.ai\/ga\/#\/schema\/logo\/image\/\",\"url\":\"https:\/\/talkpal.ai\/wp-content\/uploads\/2024\/03\/Talkpal-Logo-Icon.png\",\"contentUrl\":\"https:\/\/talkpal.ai\/wp-content\/uploads\/2024\/03\/Talkpal-Logo-Icon.png\",\"width\":2880,\"height\":2880,\"caption\":\"Talkpal, Inc.\"},\"image\":{\"@id\":\"https:\/\/talkpal.ai\/ga\/#\/schema\/logo\/image\/\"},\"sameAs\":[\"https:\/\/www.facebook.com\/profile.php?id=100090733639311\",\"https:\/\/x.com\/talkpalai\",\"https:\/\/www.linkedin.com\/company\/talkpal\/\",\"https:\/\/www.youtube.com\/@TalkPal\/\",\"https:\/\/www.tiktok.com\/@talkpal\",\"https:\/\/www.instagram.com\/talkpal_ai\/\",\"https:\/\/www.crunchbase.com\/organization\/talkpal-9cde\",\"https:\/\/www.g2.com\/products\/talkpal-for-business\/\",\"https:\/\/www.trustpilot.com\/review\/talkpal.ai\",\"https:\/\/www.capterra.com\/p\/10006800\/TalkPal\/\"],\"description\":\"Talkpal is a language learning web and mobile education app, powered by the latest AI technologies, that provides engaging experiences to its customers in many different languages to help them improve their language skills. Users can chat about unlimited amount of topics with the app and use other modes to practice their language learning.\",\"email\":\"support@talkpal.ai\",\"legalName\":\"Talkpal, Inc.\",\"foundingDate\":\"2023-04-03\",\"duns\":\"118989042\",\"numberOfEmployees\":{\"@type\":\"QuantitativeValue\",\"minValue\":\"11\",\"maxValue\":\"50\"},\"publishingPrinciples\":\"https:\/\/talkpal.ai\/publishing-principles\/\",\"actionableFeedbackPolicy\":\"https:\/\/talkpal.ai\/actionable-feedback-policy\/\",\"correctionsPolicy\":\"https:\/\/talkpal.ai\/corrections-policy\/\",\"ethicsPolicy\":\"https:\/\/talkpal.ai\/ethics-policy\/\",\"diversityPolicy\":\"https:\/\/talkpal.ai\/diversity-policy\/\",\"diversityStaffingReport\":\"https:\/\/talkpal.ai\/diversity-policy\/\"}]}<\/script>\n<!-- \/ Yoast SEO Premium plugin. -->","yoast_head_json":{"title":"Gramadach na mBascach - Talkpal","description":"D\u00e9an m\u00e1istreacht ar ghramadach na Bascaise leis an treoir seo a chl\u00fada\u00edonn an aib\u00edtir, an fh\u00f3ineola\u00edocht, iarmh\u00edreanna c\u00e1s, agus rialacha r\u00e9imni\u00fa briathartha.","robots":{"index":"index","follow":"follow","max-snippet":"max-snippet:-1","max-image-preview":"max-image-preview:large","max-video-preview":"max-video-preview:-1"},"canonical":"https:\/\/talkpal.ai\/ga\/gramadach-na-mbascach\/","og_locale":"ga_IE","og_type":"article","og_title":"Gramadach na mBascach","og_description":"Nasclean\u00faint a dh\u00e9anamh ar Intricacies na Gramada\u00ed Bascach Cuireann an Bhascaisis eisp\u00e9ireas teangeola\u00edoch spreag\u00fail ar f\u00e1il d\u00f3ibh si\u00fad ar mian leo","og_url":"https:\/\/talkpal.ai\/ga\/gramadach-na-mbascach\/","og_site_name":"Talkpal","article_publisher":"https:\/\/www.facebook.com\/profile.php?id=100090733639311","article_modified_time":"2025-12-30T15:33:02+00:00","og_image":[{"width":2880,"height":1620,"url":"https:\/\/talkpal.ai\/wp-content\/uploads\/2025\/02\/Progress-tab-16_9.png","type":"image\/png"}],"twitter_card":"summary_large_image","twitter_site":"@talkpalai","twitter_misc":{"Est. reading time":"4 minutes"},"schema":{"@context":"https:\/\/schema.org","@graph":[{"@type":"WebPage","@id":"https:\/\/talkpal.ai\/ga\/gramadach-na-mbascach\/","url":"https:\/\/talkpal.ai\/ga\/gramadach-na-mbascach\/","name":"Gramadach na mBascach - Talkpal","isPartOf":{"@id":"https:\/\/talkpal.ai\/ga\/#website"},"datePublished":"2025-11-11T15:33:17+00:00","dateModified":"2025-12-30T15:33:02+00:00","description":"D\u00e9an m\u00e1istreacht ar ghramadach na Bascaise leis an treoir seo a chl\u00fada\u00edonn an aib\u00edtir, an fh\u00f3ineola\u00edocht, iarmh\u00edreanna c\u00e1s, agus rialacha r\u00e9imni\u00fa briathartha.","breadcrumb":{"@id":"https:\/\/talkpal.ai\/ga\/gramadach-na-mbascach\/#breadcrumb"},"inLanguage":"ga-IE","potentialAction":[{"@type":"ReadAction","target":["https:\/\/talkpal.ai\/ga\/gramadach-na-mbascach\/"]}]},{"@type":"BreadcrumbList","@id":"https:\/\/talkpal.ai\/ga\/gramadach-na-mbascach\/#breadcrumb","itemListElement":[{"@type":"ListItem","position":1,"name":"Homepage","item":"https:\/\/talkpal.ai\/ga\/"},{"@type":"ListItem","position":2,"name":"Gramadach na mBascach"}]},{"@type":"WebSite","@id":"https:\/\/talkpal.ai\/ga\/#website","url":"https:\/\/talkpal.ai\/ga\/","name":"Talkpal","description":"AI Language Learning","publisher":{"@id":"https:\/\/talkpal.ai\/ga\/#organization"},"alternateName":"Talkpal AI","potentialAction":[{"@type":"SearchAction","target":{"@type":"EntryPoint","urlTemplate":"https:\/\/talkpal.ai\/ga\/?s={search_term_string}"},"query-input":{"@type":"PropertyValueSpecification","valueRequired":true,"valueName":"search_term_string"}}],"inLanguage":"ga-IE"},{"@type":"Organization","@id":"https:\/\/talkpal.ai\/ga\/#organization","name":"Talkpal, Inc.","alternateName":"Talkpal AI","url":"https:\/\/talkpal.ai\/ga\/","logo":{"@type":"ImageObject","inLanguage":"ga-IE","@id":"https:\/\/talkpal.ai\/ga\/#\/schema\/logo\/image\/","url":"https:\/\/talkpal.ai\/wp-content\/uploads\/2024\/03\/Talkpal-Logo-Icon.png","contentUrl":"https:\/\/talkpal.ai\/wp-content\/uploads\/2024\/03\/Talkpal-Logo-Icon.png","width":2880,"height":2880,"caption":"Talkpal, Inc."},"image":{"@id":"https:\/\/talkpal.ai\/ga\/#\/schema\/logo\/image\/"},"sameAs":["https:\/\/www.facebook.com\/profile.php?id=100090733639311","https:\/\/x.com\/talkpalai","https:\/\/www.linkedin.com\/company\/talkpal\/","https:\/\/www.youtube.com\/@TalkPal\/","https:\/\/www.tiktok.com\/@talkpal","https:\/\/www.instagram.com\/talkpal_ai\/","https:\/\/www.crunchbase.com\/organization\/talkpal-9cde","https:\/\/www.g2.com\/products\/talkpal-for-business\/","https:\/\/www.trustpilot.com\/review\/talkpal.ai","https:\/\/www.capterra.com\/p\/10006800\/TalkPal\/"],"description":"Talkpal is a language learning web and mobile education app, powered by the latest AI technologies, that provides engaging experiences to its customers in many different languages to help them improve their language skills. Users can chat about unlimited amount of topics with the app and use other modes to practice their language learning.","email":"support@talkpal.ai","legalName":"Talkpal, Inc.","foundingDate":"2023-04-03","duns":"118989042","numberOfEmployees":{"@type":"QuantitativeValue","minValue":"11","maxValue":"50"},"publishingPrinciples":"https:\/\/talkpal.ai\/publishing-principles\/","actionableFeedbackPolicy":"https:\/\/talkpal.ai\/actionable-feedback-policy\/","correctionsPolicy":"https:\/\/talkpal.ai\/corrections-policy\/","ethicsPolicy":"https:\/\/talkpal.ai\/ethics-policy\/","diversityPolicy":"https:\/\/talkpal.ai\/diversity-policy\/","diversityStaffingReport":"https:\/\/talkpal.ai\/diversity-policy\/"}]}},"_links":{"self":[{"href":"https:\/\/talkpal.ai\/ga\/wp-json\/wp\/v2\/pages\/1475924","targetHints":{"allow":["GET"]}}],"collection":[{"href":"https:\/\/talkpal.ai\/ga\/wp-json\/wp\/v2\/pages"}],"about":[{"href":"https:\/\/talkpal.ai\/ga\/wp-json\/wp\/v2\/types\/page"}],"author":[{"embeddable":true,"href":"https:\/\/talkpal.ai\/ga\/wp-json\/wp\/v2\/users\/20"}],"replies":[{"embeddable":true,"href":"https:\/\/talkpal.ai\/ga\/wp-json\/wp\/v2\/comments?post=1475924"}],"version-history":[{"count":0,"href":"https:\/\/talkpal.ai\/ga\/wp-json\/wp\/v2\/pages\/1475924\/revisions"}],"wp:attachment":[{"href":"https:\/\/talkpal.ai\/ga\/wp-json\/wp\/v2\/media?parent=1475924"}],"curies":[{"name":"wp","href":"https:\/\/api.w.org\/{rel}","templated":true}]}}