{"id":1475903,"date":"2025-11-11T15:06:48","date_gmt":"2025-11-11T15:06:48","guid":{"rendered":"https:\/\/talkpal.ai\/cleachtai-gramadai-assamese\/"},"modified":"2025-12-30T15:26:19","modified_gmt":"2025-12-30T15:26:19","slug":"cleachtai-gramadai-assamese","status":"publish","type":"page","link":"https:\/\/talkpal.ai\/ga\/cleachtai-gramadai-assamese\/","title":{"rendered":"Cleachta\u00ed Gramada\u00ed Assamese"},"content":{"rendered":"\r\n\r\n\r\n<section class=\"languageChallengeSection\">\r\n    <div class=\"languageInfoWrapper\">\r\n        \r\n        <h1>Cleachta\u00ed Gramada\u00ed Assamese<\/h1>\r\n        <p>R\u00e9idh le tumadh isteach i ngramadach <a href=\"https:\/\/talkpal.ai\/learn-assamese\/\">Assamese<\/a>? Cabhr\u00f3idh cleachtadh c\u00fapla bun\u00fasach leat a bheith compordach leis an teanga uath\u00fail agus \u00e1lainn seo. Bain triail as na cleachta\u00ed seo chun do mhuin\u00edn a th\u00f3g\u00e1il agus spraoi a bheith agat ar an mbealach!<\/p>\r\n\r\n                            <a class=\"getStartedHidden\" href=\"https:\/\/app.talkpal.ai\/signup?lng=\">Tosaigh<\/a>\r\n        \r\n    <\/div>\r\n\r\n    <figure>\r\n    <img decoding=\"async\" width=\"768\" height=\"768\" src=\"https:\/\/talkpal.ai\/wp-content\/uploads\/2023\/06\/welsh-768x768.png\" class=\"languageImage no-lazy\" alt=\"Language learning for better cognitive abilities\" fetchpriority=\"high\" sizes=\"(max-width: 768px) 150px, 768px\" srcset=\"https:\/\/talkpal.ai\/wp-content\/uploads\/2023\/06\/welsh-768x768.png 768w, https:\/\/talkpal.ai\/wp-content\/uploads\/2023\/06\/welsh-300x300.png 300w\" \/>\r\n    \r\n\r\n    <\/figure>\r\n\r\n            <a class=\"getStartedVisible\" href=\"https:\/\/app.talkpal.ai\/signup?lng=\">Tosaigh<\/a>\r\n    \r\n<\/section><section class=\"promotionalBanner\">\r\n    <p class=\"promotionalText\">An bealach is \u00e9ifeachta\u00ed le teanga a fhoghlaim<\/p>\r\n    <a class=\"promotionalLink\" href=\"https:\/\/app.talkpal.ai\/signup?lng=\">Bain triail as Talkpal saor in aisce<\/a>\r\n<\/section>\n<div class=\"wp-block-group pageContainerStyle\"><div class=\"wp-block-group__inner-container is-layout-constrained wp-block-group-is-layout-constrained\">\n<h2 class=\"wp-block-heading\" id=\"h-assamese-grammar-topics\">Topaic\u00ed Gramada\u00ed Assamese<\/h2>\n\n\n\n<p><a href=\"https:\/\/talkpal.ai\/ga\/na-botuin-is-mo-le-seachaint-agus-teanga-nua-a-fhoghlaim-agat\/\">Is f\u00e9idir le teanga nua a fhoghlaim<\/a> a bheith ina iarracht dh\u00fashl\u00e1nach ach luachmhar. N\u00ed haon eisceacht \u00ed Assamese, teanga Ind-Aryan a labhra\u00edtear go pr\u00edomha in Assam agus i r\u00e9igi\u00fain chomharsanacha. Leis na gn\u00e9ithe agus na strucht\u00fair shaini\u00fala, baineann <a href=\"https:\/\/talkpal.ai\/ga\/talkpal-don-oideachas\/\">foghlaim<\/a> Assamese leas as cur chuige c\u00f3rasach chun a ghramadach a thuiscint. Tugann an treoir seo breac-chuntas ar na pr\u00edomhr\u00e9ims\u00ed de <a href=\"https:\/\/talkpal.ai\/ga\/gramadach-assamese\/\">ghramadach na hAst\u00e1ise<\/a> i seicheamh loighci\u00fail <a href=\"https:\/\/talkpal.ai\/ga\/ai-chatbot-dfhoghlaim-teangacha\/\">d&#8217;fhoghlaim teanga<\/a>, ag tos\u00fa \u00f3 na bunghn\u00e9ithe ar n\u00f3s ainmfhocail agus determiners, agus ag dul ar aghaidh go r\u00e9ims\u00ed n\u00edos casta cos\u00fail le aimsir agus t\u00f3g\u00e1il abairte.<\/p>\n\n\n\n<h3 class=\"wp-block-heading\" id=\"h-1-nouns\">1. Ainmfhocail:<\/h3>\n\n\n\n<p>Cuir t\u00fas le do thuras teanga Assamese tr\u00ed na hainmfhocail a fhoghlaim. \u00c1ir\u00edtear leis seo tuiscint a fh\u00e1il ar ainmfhocail choitianta agus d\u00edlse, ainmfhocail inchomhairimh agus neamh-inchomhairimh, conas a fhoirm\u00edtear iolra, agus r\u00f3l na n-aicmitheoir\u00ed uimhri\u00fala. N\u00edl inscne ghramada\u00ed ag an Assamese.<\/p>\n\n\n\n<h3 class=\"wp-block-heading\" id=\"h-2-articles\">2. Airteagail:<\/h3>\n\n\n\n<p>N\u00ed \u00fas\u00e1ideann Assamese ailt chinnte n\u00f3 \u00e9iginnte cos\u00fail leis <a href=\"https:\/\/talkpal.ai\/ai-english-speaking-practice\/\">an mB\u00e9arla<\/a>. Cuirtear cinnteacht agus \u00e9iginnteacht in i\u00fal tr\u00ed chomhth\u00e9acs, l\u00e9irithe, agus an uimhir a haon ag feidhmi\u00fa mar mharc\u00f3ir \u00e9iginnte. T\u00e1 tuiscint r\u00edth\u00e1bhachtach ar na patr\u00fain seo i dt\u00f3g\u00e1il abairte.<\/p>\n\n\n\n<h3 class=\"wp-block-heading\" id=\"h-3-adjectives\">3. Aidiachta\u00ed:<\/h3>\n\n\n\n<p>In Assamese, is gn\u00e1ch go mb\u00edonn aidiachta\u00ed roimh na hainmfhocail a mhodhna\u00edonn siad. Foghlaim conas a \u00fas\u00e1idtear aidiachta\u00ed i su\u00edomhanna tr\u00e9ithi\u00fala agus predicative, nach n-aonta\u00edonn siad le haghaidh inscne, agus conas compar\u00e1id\u00ed agus superlatives a fhoirmi\u00fa ag baint \u00fas\u00e1ide as c\u00e1ithn\u00edn\u00ed n\u00f3 t\u00f3g\u00e1lacha periphrastic.<\/p>\n\n\n\n<h3 class=\"wp-block-heading\" id=\"h-4-pronouns-determiners\">4. Forainmneacha \/ Cinntitheoir\u00ed:<\/h3>\n\n\n\n<p>T\u00e1 forainmneacha agus cinnteoir\u00ed riachtanach san Assamese. D\u00e9an staid\u00e9ar ar fhorainmneacha pearsanta, l\u00e9iritheacha, ceisti\u00fala agus sealbhacha, lena n-\u00e1ir\u00edtear idirdheal\u00fa uimhreacha agus leibh\u00e9il foirmi\u00falachta n\u00f3 on\u00f3racha. Foghlaim cinnteoir\u00ed <a href=\"https:\/\/talkpal.ai\/ga\/maidir\/\">maidir<\/a> le cainn\u00edocht agus \u00fas\u00e1id aicmitheoir\u00ed le huimhreacha.<\/p>\n\n\n\n<h3 class=\"wp-block-heading\" id=\"h-5-verbs\">5. Briathra:<\/h3>\n\n\n\n<p>Athra\u00edonn briathra Assamese foirm de r\u00e9ir aimsire, gn\u00e9, gi\u00famar, duine, agus uaireanta leibh\u00e9al oinigh. Tosaigh le foirmeacha bun\u00fasacha an lae inniu agus d\u00e9an ini\u00fachadh de r\u00e9ir a ch\u00e9ile ar an am at\u00e1 thart agus ar an todhcha\u00ed, chomh maith le foirmeacha neamh-teoranta cos\u00fail le rannph\u00e1irtithe agus ainmfhocail bhriathartha.<\/p>\n\n\n\n<h3 class=\"wp-block-heading\" id=\"h-6-tenses\">6. Aimsir:<\/h3>\n\n\n\n<p>Tar \u00e9is duit m\u00e1istreacht a dh\u00e9anamh ar na foirmeacha briathartha, d\u00e9an n\u00edos doimhne isteach san aimsir agus sa ghn\u00e9 Assamese. Tuiscint a fh\u00e1il ar an gcaoi a gcomhcheangla\u00edonn an t-am i l\u00e1thair, an t-am at\u00e1 thart agus an todhcha\u00ed le gn\u00e9ithe cos\u00fail le foirfeacht agus for\u00e1sach, agus conas a \u00fas\u00e1idtear iad i gcomhth\u00e9acsanna \u00e9ags\u00fala.<\/p>\n\n\n\n<h3 class=\"wp-block-heading\" id=\"h-7-tense-comparison\">7. Compar\u00e1id aimsire:<\/h3>\n\n\n\n<p>Cuid\u00edonn compar\u00e1id idir aimsir agus gn\u00e9ithe in Assamese le seicheamh agus nuance na n-imeachta\u00ed a thuiscint. M\u00e1 dh\u00e9antar compar\u00e1id idir an briathar c\u00e9anna thar aimsir agus gn\u00e9ithe, gheobhaidh t\u00fa tuiscint n\u00edos soil\u00e9ire ar \u00fas\u00e1id.<\/p>\n\n\n\n<h3 class=\"wp-block-heading\" id=\"h-8-progressive\">8. For\u00e1sach:<\/h3>\n\n\n\n<p>L\u00e9ir\u00edonn an ghn\u00e9 fhor\u00e1sach in Assamese gn\u00edomhartha lean\u00fanacha. Is gn\u00e1ch go bhfoirm\u00edtear \u00e9 le rannph\u00e1irt\u00edocht bhriathar mar aon le foirmeacha cu\u00ed den bhriathar a bheith.<\/p>\n\n\n\n<h3 class=\"wp-block-heading\" id=\"h-9-perfect-progressive\">9. For\u00e1sach Foirfe:<\/h3>\n\n\n\n<p>L\u00e9ir\u00edonn an ghn\u00e9 seo gn\u00edomhartha a bh\u00ed ar si\u00fal go dt\u00ed pointe ar <a href=\"https:\/\/talkpal.ai\/locations\/language-courses-in-leith\/\">leith<\/a>. In Assamese, d\u00e9antar \u00e9 a fhoirmi\u00fa ag baint \u00fas\u00e1ide as foirmeacha rannph\u00e1irteacha i gcomhcheangal le foirmeacha c\u00fanta den bhriathar a bheith chun lean\u00fanachas a l\u00e9iri\u00fa suas go dt\u00ed am tagartha.<\/p>\n\n\n\n<h3 class=\"wp-block-heading\" id=\"h-10-conditionals\">10. Coinn\u00edollacha:<\/h3>\n\n\n\n<p>L\u00e9ir\u00edonn coinn\u00edollacha c\u00e1sanna hipit\u00e9iseacha agus a dtortha\u00ed f\u00e9ideartha. Foghlaim t\u00f3g\u00e1lacha coinn\u00edollacha ag baint \u00fas\u00e1ide as comhcheangail cos\u00fail le m\u00e1s rud \u00e9 agus conas a th\u00e9ann aimsir agus gn\u00e9ithe \u00e9ags\u00fala i bhfeidhm ar bhr\u00ed agus ar bh\u00e9asa.<\/p>\n\n\n\n<h3 class=\"wp-block-heading\" id=\"h-11-adverbs\">11. Adverbs:<\/h3>\n\n\n\n<p>Modhna\u00edonn adverbs in Assamese briathra, aidiachta\u00ed, n\u00f3 adverbs eile. Cuirtear go leor br\u00edonna adverbial in i\u00fal freisin tr\u00ed fhr\u00e1sa\u00ed postpositional. Sol\u00e1thra\u00edonn siad faisn\u00e9is faoi bhealach, \u00e1it, am, c\u00e9im, agus go leor eile.<\/p>\n\n\n\n<h3 class=\"wp-block-heading\" id=\"h-12-prepositions\">12. Prepositions:<\/h3>\n\n\n\n<p>\u00das\u00e1ideann <a href=\"https:\/\/talkpal.ai\/culture\/how-do-you-use-postpositions-instead-of-prepositions-in-assamese-sentences\/\">Assamese postpositions<\/a> go pr\u00edomha a leanann an t-ainmfhocal seachas r\u00e9amhfhocail. Nascann na heilimint\u00ed seo focail agus fr\u00e1sa\u00ed agus l\u00e9ir\u00edonn siad caidrimh <a href=\"https:\/\/talkpal.ai\/locations\/language-courses-in-ama\/\">ama<\/a>, \u00e1ite, treo, seilbhe agus go leor eile.<\/p>\n\n\n\n<h3 class=\"wp-block-heading\" id=\"h-13-sentences\">13. Abairt\u00ed:<\/h3>\n\n\n\n<p>Ar deireadh, d\u00e9an cleachtadh ar abairt\u00ed a th\u00f3g\u00e1il. De ghn\u00e1th leanann Assamese ord Briathar Object Subject, \u00fas\u00e1ideann postpositions, agus t\u00e1 patr\u00fain socraithe aige le haghaidh s\u00e9anadh agus b\u00e9im. M\u00e1 chuirtear na point\u00ed gramada\u00ed go l\u00e9ir a foghlaim\u00edodh roimhe seo i bhfeidhm i gcomhth\u00e9acs, cinnteofar tuiscint chuimsitheach ar an teanga Assamese.<\/p>\n<\/div><\/div>\n\r\n<section class=\"learnNavigationSection\">\r\n            \r\n        <a href=\"https:\/\/talkpal.ai\/ga\/foghlaim-assamese\/\">\r\n            <div class=\"learnNavigationWrapper\">\r\n                <div class=\"learnNavigationContent\">\r\n                    <img decoding=\"async\" src=\"https:\/\/talkpal.ai\/wp-content\/uploads\/2025\/11\/Assamese.png\" alt=\"Indian Simplified Flag\">\r\n                    <div>\r\n                        <h4>Maidir le Foghlaim Assamese<\/h4>\r\n                        <p>Faigh amach gach rud faoi Assamese Grammar.<\/p>\r\n                    <\/div>\r\n                <\/div>\r\n            <\/div>\r\n        <\/a>\r\n\r\n        \r\n        <a href=\"https:\/\/talkpal.ai\/ga\/gramadach-assamese\/\">\r\n            <div class=\"learnNavigationWrapper\">\r\n                <div class=\"learnNavigationContent\">\r\n                    <img decoding=\"async\" src=\"https:\/\/talkpal.ai\/wp-content\/uploads\/2025\/11\/Assamese.png\" alt=\"Indian Simplified Flag\">\r\n                    <div>\r\n                        <h4>Ceachtanna Gramada\u00ed Assamese<\/h4>\r\n                        <p>Cleachtadh gramadach Assamese.<\/p>\r\n                    <\/div>\r\n                <\/div>\r\n            <\/div>\r\n        <\/a>\r\n\r\n            <\/section>","protected":false},"excerpt":{"rendered":"<p>Topaic\u00ed Gramada\u00ed Assamese Is f\u00e9idir le teanga nua a fhoghlaim a bheith ina iarracht dh\u00fashl\u00e1nach ach luachmhar. N\u00ed haon eisceacht \u00ed Assamese, teanga Ind-Aryan a labhra\u00edtear go pr\u00edomha in Assam agus i r\u00e9igi\u00fain chomharsanacha. Leis na gn\u00e9ithe agus na strucht\u00fair shaini\u00fala, baineann foghlaim Assamese leas as cur chuige c\u00f3rasach chun a ghramadach a thuiscint. Tugann [&hellip;]<\/p>\n","protected":false},"author":20,"featured_media":0,"parent":0,"menu_order":0,"comment_status":"closed","ping_status":"closed","template":"LearningContentPage.php","meta":{"_acf_changed":false,"footnotes":""},"class_list":["post-1475903","page","type-page","status-publish","hentry"],"acf":[],"yoast_head":"<!-- This site is optimized with the Yoast SEO Premium plugin v27.2 (Yoast SEO v27.2) - https:\/\/yoast.com\/product\/yoast-seo-premium-wordpress\/ -->\n<title>Cleachta\u00ed Gramada\u00ed Assamese - Talkpal<\/title>\n<meta name=\"description\" content=\"Faigh m\u00e1istreacht ar ghramadach na hAsaimise le cleachta\u00ed idirghn\u00edomhacha at\u00e1 deartha chun do chumas agus do scileanna teanga a fheabhs\u00fa go h\u00e9ifeachtach inniu.\" \/>\n<meta name=\"robots\" content=\"index, follow, max-snippet:-1, max-image-preview:large, max-video-preview:-1\" \/>\n<link rel=\"canonical\" href=\"https:\/\/talkpal.ai\/ga\/cleachtai-gramadai-assamese\/\" \/>\n<meta property=\"og:locale\" content=\"ga_IE\" \/>\n<meta property=\"og:type\" content=\"article\" \/>\n<meta property=\"og:title\" content=\"Cleachta\u00ed Gramada\u00ed Assamese\" \/>\n<meta property=\"og:description\" content=\"Topaic\u00ed Gramada\u00ed Assamese Is f\u00e9idir le teanga nua a fhoghlaim a bheith ina iarracht dh\u00fashl\u00e1nach ach luachmhar. N\u00ed haon eisceacht \u00ed Assamese, teanga\" \/>\n<meta property=\"og:url\" content=\"https:\/\/talkpal.ai\/ga\/cleachtai-gramadai-assamese\/\" \/>\n<meta property=\"og:site_name\" content=\"Talkpal\" \/>\n<meta property=\"article:publisher\" content=\"https:\/\/www.facebook.com\/profile.php?id=100090733639311\" \/>\n<meta property=\"article:modified_time\" content=\"2025-12-30T15:26:19+00:00\" \/>\n<meta property=\"og:image\" content=\"https:\/\/talkpal.ai\/wp-content\/uploads\/2025\/02\/Progress-tab-16_9.png\" \/>\n\t<meta property=\"og:image:width\" content=\"2880\" \/>\n\t<meta property=\"og:image:height\" content=\"1620\" \/>\n\t<meta property=\"og:image:type\" content=\"image\/png\" \/>\n<meta name=\"twitter:card\" content=\"summary_large_image\" \/>\n<meta name=\"twitter:site\" content=\"@talkpalai\" \/>\n<meta name=\"twitter:label1\" content=\"Est. reading time\" \/>\n\t<meta name=\"twitter:data1\" content=\"4 minutes\" \/>\n<script type=\"application\/ld+json\" class=\"yoast-schema-graph\">{\"@context\":\"https:\/\/schema.org\",\"@graph\":[{\"@type\":\"WebPage\",\"@id\":\"https:\/\/talkpal.ai\/ga\/cleachtai-gramadai-assamese\/\",\"url\":\"https:\/\/talkpal.ai\/ga\/cleachtai-gramadai-assamese\/\",\"name\":\"Cleachta\u00ed Gramada\u00ed Assamese - Talkpal\",\"isPartOf\":{\"@id\":\"https:\/\/talkpal.ai\/ga\/#website\"},\"datePublished\":\"2025-11-11T15:06:48+00:00\",\"dateModified\":\"2025-12-30T15:26:19+00:00\",\"description\":\"Faigh m\u00e1istreacht ar ghramadach na hAsaimise le cleachta\u00ed idirghn\u00edomhacha at\u00e1 deartha chun do chumas agus do scileanna teanga a fheabhs\u00fa go h\u00e9ifeachtach inniu.\",\"breadcrumb\":{\"@id\":\"https:\/\/talkpal.ai\/ga\/cleachtai-gramadai-assamese\/#breadcrumb\"},\"inLanguage\":\"ga-IE\",\"potentialAction\":[{\"@type\":\"ReadAction\",\"target\":[\"https:\/\/talkpal.ai\/ga\/cleachtai-gramadai-assamese\/\"]}]},{\"@type\":\"BreadcrumbList\",\"@id\":\"https:\/\/talkpal.ai\/ga\/cleachtai-gramadai-assamese\/#breadcrumb\",\"itemListElement\":[{\"@type\":\"ListItem\",\"position\":1,\"name\":\"Homepage\",\"item\":\"https:\/\/talkpal.ai\/ga\/\"},{\"@type\":\"ListItem\",\"position\":2,\"name\":\"Cleachta\u00ed Gramada\u00ed Assamese\"}]},{\"@type\":\"WebSite\",\"@id\":\"https:\/\/talkpal.ai\/ga\/#website\",\"url\":\"https:\/\/talkpal.ai\/ga\/\",\"name\":\"Talkpal\",\"description\":\"AI Language Learning\",\"publisher\":{\"@id\":\"https:\/\/talkpal.ai\/ga\/#organization\"},\"alternateName\":\"Talkpal AI\",\"potentialAction\":[{\"@type\":\"SearchAction\",\"target\":{\"@type\":\"EntryPoint\",\"urlTemplate\":\"https:\/\/talkpal.ai\/ga\/?s={search_term_string}\"},\"query-input\":{\"@type\":\"PropertyValueSpecification\",\"valueRequired\":true,\"valueName\":\"search_term_string\"}}],\"inLanguage\":\"ga-IE\"},{\"@type\":\"Organization\",\"@id\":\"https:\/\/talkpal.ai\/ga\/#organization\",\"name\":\"Talkpal, Inc.\",\"alternateName\":\"Talkpal AI\",\"url\":\"https:\/\/talkpal.ai\/ga\/\",\"logo\":{\"@type\":\"ImageObject\",\"inLanguage\":\"ga-IE\",\"@id\":\"https:\/\/talkpal.ai\/ga\/#\/schema\/logo\/image\/\",\"url\":\"https:\/\/talkpal.ai\/wp-content\/uploads\/2024\/03\/Talkpal-Logo-Icon.png\",\"contentUrl\":\"https:\/\/talkpal.ai\/wp-content\/uploads\/2024\/03\/Talkpal-Logo-Icon.png\",\"width\":2880,\"height\":2880,\"caption\":\"Talkpal, Inc.\"},\"image\":{\"@id\":\"https:\/\/talkpal.ai\/ga\/#\/schema\/logo\/image\/\"},\"sameAs\":[\"https:\/\/www.facebook.com\/profile.php?id=100090733639311\",\"https:\/\/x.com\/talkpalai\",\"https:\/\/www.linkedin.com\/company\/talkpal\/\",\"https:\/\/www.youtube.com\/@TalkPal\/\",\"https:\/\/www.tiktok.com\/@talkpal\",\"https:\/\/www.instagram.com\/talkpal_ai\/\",\"https:\/\/www.crunchbase.com\/organization\/talkpal-9cde\",\"https:\/\/www.g2.com\/products\/talkpal-for-business\/\",\"https:\/\/www.trustpilot.com\/review\/talkpal.ai\",\"https:\/\/www.capterra.com\/p\/10006800\/TalkPal\/\"],\"description\":\"Talkpal is a language learning web and mobile education app, powered by the latest AI technologies, that provides engaging experiences to its customers in many different languages to help them improve their language skills. Users can chat about unlimited amount of topics with the app and use other modes to practice their language learning.\",\"email\":\"support@talkpal.ai\",\"legalName\":\"Talkpal, Inc.\",\"foundingDate\":\"2023-04-03\",\"duns\":\"118989042\",\"numberOfEmployees\":{\"@type\":\"QuantitativeValue\",\"minValue\":\"11\",\"maxValue\":\"50\"},\"publishingPrinciples\":\"https:\/\/talkpal.ai\/publishing-principles\/\",\"actionableFeedbackPolicy\":\"https:\/\/talkpal.ai\/actionable-feedback-policy\/\",\"correctionsPolicy\":\"https:\/\/talkpal.ai\/corrections-policy\/\",\"ethicsPolicy\":\"https:\/\/talkpal.ai\/ethics-policy\/\",\"diversityPolicy\":\"https:\/\/talkpal.ai\/diversity-policy\/\",\"diversityStaffingReport\":\"https:\/\/talkpal.ai\/diversity-policy\/\"}]}<\/script>\n<!-- \/ Yoast SEO Premium plugin. -->","yoast_head_json":{"title":"Cleachta\u00ed Gramada\u00ed Assamese - Talkpal","description":"Faigh m\u00e1istreacht ar ghramadach na hAsaimise le cleachta\u00ed idirghn\u00edomhacha at\u00e1 deartha chun do chumas agus do scileanna teanga a fheabhs\u00fa go h\u00e9ifeachtach inniu.","robots":{"index":"index","follow":"follow","max-snippet":"max-snippet:-1","max-image-preview":"max-image-preview:large","max-video-preview":"max-video-preview:-1"},"canonical":"https:\/\/talkpal.ai\/ga\/cleachtai-gramadai-assamese\/","og_locale":"ga_IE","og_type":"article","og_title":"Cleachta\u00ed Gramada\u00ed Assamese","og_description":"Topaic\u00ed Gramada\u00ed Assamese Is f\u00e9idir le teanga nua a fhoghlaim a bheith ina iarracht dh\u00fashl\u00e1nach ach luachmhar. N\u00ed haon eisceacht \u00ed Assamese, teanga","og_url":"https:\/\/talkpal.ai\/ga\/cleachtai-gramadai-assamese\/","og_site_name":"Talkpal","article_publisher":"https:\/\/www.facebook.com\/profile.php?id=100090733639311","article_modified_time":"2025-12-30T15:26:19+00:00","og_image":[{"width":2880,"height":1620,"url":"https:\/\/talkpal.ai\/wp-content\/uploads\/2025\/02\/Progress-tab-16_9.png","type":"image\/png"}],"twitter_card":"summary_large_image","twitter_site":"@talkpalai","twitter_misc":{"Est. reading time":"4 minutes"},"schema":{"@context":"https:\/\/schema.org","@graph":[{"@type":"WebPage","@id":"https:\/\/talkpal.ai\/ga\/cleachtai-gramadai-assamese\/","url":"https:\/\/talkpal.ai\/ga\/cleachtai-gramadai-assamese\/","name":"Cleachta\u00ed Gramada\u00ed Assamese - Talkpal","isPartOf":{"@id":"https:\/\/talkpal.ai\/ga\/#website"},"datePublished":"2025-11-11T15:06:48+00:00","dateModified":"2025-12-30T15:26:19+00:00","description":"Faigh m\u00e1istreacht ar ghramadach na hAsaimise le cleachta\u00ed idirghn\u00edomhacha at\u00e1 deartha chun do chumas agus do scileanna teanga a fheabhs\u00fa go h\u00e9ifeachtach inniu.","breadcrumb":{"@id":"https:\/\/talkpal.ai\/ga\/cleachtai-gramadai-assamese\/#breadcrumb"},"inLanguage":"ga-IE","potentialAction":[{"@type":"ReadAction","target":["https:\/\/talkpal.ai\/ga\/cleachtai-gramadai-assamese\/"]}]},{"@type":"BreadcrumbList","@id":"https:\/\/talkpal.ai\/ga\/cleachtai-gramadai-assamese\/#breadcrumb","itemListElement":[{"@type":"ListItem","position":1,"name":"Homepage","item":"https:\/\/talkpal.ai\/ga\/"},{"@type":"ListItem","position":2,"name":"Cleachta\u00ed Gramada\u00ed Assamese"}]},{"@type":"WebSite","@id":"https:\/\/talkpal.ai\/ga\/#website","url":"https:\/\/talkpal.ai\/ga\/","name":"Talkpal","description":"AI Language Learning","publisher":{"@id":"https:\/\/talkpal.ai\/ga\/#organization"},"alternateName":"Talkpal AI","potentialAction":[{"@type":"SearchAction","target":{"@type":"EntryPoint","urlTemplate":"https:\/\/talkpal.ai\/ga\/?s={search_term_string}"},"query-input":{"@type":"PropertyValueSpecification","valueRequired":true,"valueName":"search_term_string"}}],"inLanguage":"ga-IE"},{"@type":"Organization","@id":"https:\/\/talkpal.ai\/ga\/#organization","name":"Talkpal, Inc.","alternateName":"Talkpal AI","url":"https:\/\/talkpal.ai\/ga\/","logo":{"@type":"ImageObject","inLanguage":"ga-IE","@id":"https:\/\/talkpal.ai\/ga\/#\/schema\/logo\/image\/","url":"https:\/\/talkpal.ai\/wp-content\/uploads\/2024\/03\/Talkpal-Logo-Icon.png","contentUrl":"https:\/\/talkpal.ai\/wp-content\/uploads\/2024\/03\/Talkpal-Logo-Icon.png","width":2880,"height":2880,"caption":"Talkpal, Inc."},"image":{"@id":"https:\/\/talkpal.ai\/ga\/#\/schema\/logo\/image\/"},"sameAs":["https:\/\/www.facebook.com\/profile.php?id=100090733639311","https:\/\/x.com\/talkpalai","https:\/\/www.linkedin.com\/company\/talkpal\/","https:\/\/www.youtube.com\/@TalkPal\/","https:\/\/www.tiktok.com\/@talkpal","https:\/\/www.instagram.com\/talkpal_ai\/","https:\/\/www.crunchbase.com\/organization\/talkpal-9cde","https:\/\/www.g2.com\/products\/talkpal-for-business\/","https:\/\/www.trustpilot.com\/review\/talkpal.ai","https:\/\/www.capterra.com\/p\/10006800\/TalkPal\/"],"description":"Talkpal is a language learning web and mobile education app, powered by the latest AI technologies, that provides engaging experiences to its customers in many different languages to help them improve their language skills. Users can chat about unlimited amount of topics with the app and use other modes to practice their language learning.","email":"support@talkpal.ai","legalName":"Talkpal, Inc.","foundingDate":"2023-04-03","duns":"118989042","numberOfEmployees":{"@type":"QuantitativeValue","minValue":"11","maxValue":"50"},"publishingPrinciples":"https:\/\/talkpal.ai\/publishing-principles\/","actionableFeedbackPolicy":"https:\/\/talkpal.ai\/actionable-feedback-policy\/","correctionsPolicy":"https:\/\/talkpal.ai\/corrections-policy\/","ethicsPolicy":"https:\/\/talkpal.ai\/ethics-policy\/","diversityPolicy":"https:\/\/talkpal.ai\/diversity-policy\/","diversityStaffingReport":"https:\/\/talkpal.ai\/diversity-policy\/"}]}},"_links":{"self":[{"href":"https:\/\/talkpal.ai\/ga\/wp-json\/wp\/v2\/pages\/1475903","targetHints":{"allow":["GET"]}}],"collection":[{"href":"https:\/\/talkpal.ai\/ga\/wp-json\/wp\/v2\/pages"}],"about":[{"href":"https:\/\/talkpal.ai\/ga\/wp-json\/wp\/v2\/types\/page"}],"author":[{"embeddable":true,"href":"https:\/\/talkpal.ai\/ga\/wp-json\/wp\/v2\/users\/20"}],"replies":[{"embeddable":true,"href":"https:\/\/talkpal.ai\/ga\/wp-json\/wp\/v2\/comments?post=1475903"}],"version-history":[{"count":0,"href":"https:\/\/talkpal.ai\/ga\/wp-json\/wp\/v2\/pages\/1475903\/revisions"}],"wp:attachment":[{"href":"https:\/\/talkpal.ai\/ga\/wp-json\/wp\/v2\/media?parent=1475903"}],"curies":[{"name":"wp","href":"https:\/\/api.w.org\/{rel}","templated":true}]}}