{"id":1475858,"date":"2025-11-11T12:01:19","date_gmt":"2025-11-11T12:01:19","guid":{"rendered":"https:\/\/talkpal.ai\/gramadach-na-halbaine\/"},"modified":"2025-12-30T15:37:30","modified_gmt":"2025-12-30T15:37:30","slug":"gramadach-na-halbaine","status":"publish","type":"page","link":"https:\/\/talkpal.ai\/ga\/gramadach-na-halbaine\/","title":{"rendered":"Gramadach na hAlb\u00e1ine"},"content":{"rendered":"\r\n\r\n\r\n<section class=\"languageChallengeSection\">\r\n    <div class=\"languageInfoWrapper\">\r\n        \r\n        <h1>Gramadach na hAlb\u00e1ine<\/h1>\r\n        <p>B&#039;fh\u00e9idir go bhfuil <a href=\"https:\/\/talkpal.ai\/grammar\/\">gramadach<\/a> na hAlb\u00e1ine d\u00fashl\u00e1nach ar dt\u00fas, ach is eisp\u00e9ireas luachmhar \u00e9 foghlaim na teanga. Tr\u00ed ini\u00fachadh a dh\u00e9anamh ar a aib\u00edtir, s\u00f3ch\u00e1in, agus rialacha gramada\u00ed, gheobhaidh t\u00fa l\u00e9argas ar thraidisi\u00fan saibhir teanga. Tosaigh do thuras agus faigh amach \u00e1illeacht na hAlb\u00e1inise!<\/p>\r\n\r\n                            <a class=\"getStartedHidden\" href=\"https:\/\/app.talkpal.ai\/signup?lng=\">Tosaigh<\/a>\r\n        \r\n    <\/div>\r\n\r\n    <figure>\r\n    <img decoding=\"async\" width=\"768\" height=\"768\" src=\"https:\/\/talkpal.ai\/wp-content\/uploads\/2023\/06\/welsh-768x768.png\" class=\"languageImage no-lazy\" alt=\"Language learning for better cognitive abilities\" fetchpriority=\"high\" sizes=\"(max-width: 768px) 150px, 768px\" srcset=\"https:\/\/talkpal.ai\/wp-content\/uploads\/2023\/06\/welsh-768x768.png 768w, https:\/\/talkpal.ai\/wp-content\/uploads\/2023\/06\/welsh-300x300.png 300w\" \/>\r\n    \r\n\r\n    <\/figure>\r\n\r\n            <a class=\"getStartedVisible\" href=\"https:\/\/app.talkpal.ai\/signup?lng=\">Tosaigh<\/a>\r\n    \r\n<\/section><section class=\"promotionalBanner\">\r\n    <p class=\"promotionalText\">An bealach is \u00e9ifeachta\u00ed le teanga a fhoghlaim<\/p>\r\n    <a class=\"promotionalLink\" href=\"https:\/\/app.talkpal.ai\/signup?lng=\">Bain triail as Talkpal saor in aisce<\/a>\r\n<\/section>\n<div class=\"wp-block-group pageContainerStyle\"><div class=\"wp-block-group__inner-container is-layout-constrained wp-block-group-is-layout-constrained\">\n<h2 class=\"wp-block-heading\" id=\"h-navigating-the-intricacies-of-albanian-grammar\">Nasclean\u00faint a dh\u00e9anamh ar Intricacies Gramadach na hAlb\u00e1ine<\/h2>\n\n\n\n<p>Cuireann <a href=\"https:\/\/talkpal.ai\/ga\/foghlaim-albainis\/\">Alb\u00e1inis<\/a>, teanga Ind-Eorpach le brainse ar <a href=\"https:\/\/talkpal.ai\/locations\/language-courses-in-leith\/\">leith<\/a> agus fr\u00e9amhacha cult\u00fartha doimhne, turas luachmhar ar f\u00e1il d&#8217;fhoghlaimeoir\u00ed a mheallann a c\u00f3ras gramada\u00ed agus fuaime uath\u00fail. De r\u00e9ir mar a dh\u00e9anann t\u00fa ini\u00fachadh ar an <a href=\"https:\/\/talkpal.ai\/learn-albanian\/\">Alb\u00e1inis<\/a>, leathn\u00f3idh t\u00fa do fhoireann uirlis\u00ed teanga agus nascfaidh t\u00fa le cult\u00far na hAlb\u00e1ine agus leis an domhan n\u00edos leithne ina labhra\u00edtear Alb\u00e1inis. Is f\u00e9idir le <a href=\"https:\/\/talkpal.ai\/grammar\/\">gramadach<\/a> na hAlb\u00e1ine breathn\u00fa casta ar dt\u00fas, ach d\u00e9anann briseadh isteach i gcodanna l\u00e1rnacha dul chun cinn simpl\u00ed. Seo th\u00edos treoir dh\u00edrithe ar na ruda\u00ed bun\u00fasacha, le leideanna chun cabhr\u00fa leat iad a mh\u00e1istir.<\/p>\n\n\n\n<h3 class=\"wp-block-heading\" id=\"h-1-albanian-alphabet-and-phonetics\">1. Aib\u00edtir Alb\u00e1inis agus foghra\u00edocht<\/h3>\n\n\n\n<p>T\u00e1 36 litir ag aib\u00edtir na hAlb\u00e1ine, lena n-\u00e1ir\u00edtear roinnt at\u00e1 scr\u00edofa mar dhigraif ach a chomhaireamh mar litreacha aonair, mar shampla dh, gj, ll, nj, rr, sh, th, xh, zh. \u00das\u00e1ideann s\u00e9 \u00e7 agus \u00eb freisin, agus l\u00e9ir\u00edonn an guta y fuaim chothrom\u00fa tosaigh gar. T\u00e1 br\u00ed leis an gcodarsnacht idir r agus rr, agus is stadanna palatal iad q agus gj at\u00e1 difri\u00fail \u00f3 k agus g. Is pr\u00edomhch\u00e9im \u00e9 dul i gcompord leis na fuaimeanna agus na litreacha seo tr\u00ed l\u00e9amh os ard agus cleachtadh \u00e9isteachta.<\/p>\n\n\n\n<h3 class=\"wp-block-heading\" id=\"h-2-definite-articles-and-linkers-a-distinctive-albanian-feature\">2. Ailt Chinnte agus Nasc\u00f3ir\u00ed: Gn\u00e9 Saini\u00fail Alb\u00e1nach<\/h3>\n\n\n\n<p>Sainmharc na hAlb\u00e1inise is ea an t-alt cinnte suffix, a ghabhann le hainmfhocail agus a athra\u00edonn de r\u00e9ir inscne agus uimhir. Gn\u00e9 shuntasach eile is ea an c\u00e1ithn\u00edn nasctha san abairt ainmfhocal, de ghn\u00e1th i n\u00f3 e sa neamhchinnte agus t\u00eb n\u00f3 s\u00eb i gcomhth\u00e9acsanna cinnte agus c\u00e1s, a \u00fas\u00e1idtear roimh aidiachta\u00ed agus roinnt modhn\u00f3ir\u00ed. T\u00e1 s\u00e9 r\u00edth\u00e1bhachtach tuiscint a fh\u00e1il ar chathain agus conas a bh\u00edonn cinnteacht agus an nascaire le feice\u00e1il chun cumars\u00e1id chruinn a dh\u00e9anamh san Alb\u00e1inis.<\/p>\n\n\n\n<h3 class=\"wp-block-heading\" id=\"h-3-nouns-and-pronouns-gender-and-cases\">3. Ainmfhocail agus Forainmneacha: Inscne agus C\u00e1sanna<\/h3>\n\n\n\n<p>T\u00e1 inscne ghramada\u00ed ag ainmfhocail Alb\u00e1inise (firinscneach n\u00f3 baininscneach) agus leanann siad patr\u00fain \u00e9ags\u00fala foirmithe iolra. Marc\u00e1lann an teanga caidrimh ch\u00e1is san abairt ainmfhocal, go <a href=\"https:\/\/talkpal.ai\/will-ai-kill-traditional-language-learning\/\">traidisi\u00fanta<\/a> c\u00faig ch\u00e1s sa teanga chaighde\u00e1nach. I measc na bhforainmneacha t\u00e1 foirmeacha pearsanta, sealbhacha, machnamhacha, l\u00e9iritheacha agus ceisti\u00fala, chomh maith le clitics r\u00e9ad a ghabhann leis an mbriathar. M\u00e1 t\u00e1 t\u00fa eolach ar na forainmneacha seo agus ar a socr\u00fach\u00e1n, feabhs\u00f3idh s\u00e9 go m\u00f3r do thuiscint ar ghramadach na hAlb\u00e1ine.<\/p>\n\n\n\n<h3 class=\"wp-block-heading\" id=\"h-4-verbs-structure-and-conjugation\">4. Briathra: Strucht\u00far agus Comhchuingi\u00fa<\/h3>\n\n\n\n<p>Leanann briathra Alb\u00e1inis strucht\u00far agus patr\u00fan comhchuingithe ar leith ag brath ar aimsir, gi\u00famar agus duine. I measc na n-aimsir riachtanacha t\u00e1 an t-am i l\u00e1thair, an t-am at\u00e1 caite simpl\u00ed, an neamhfhoirfe, agus an cumaisc foirfe, chomh maith leis an todhcha\u00ed a fhoirm\u00edtear le do t\u00eb m\u00f3ide an subjunctive. Baineann an Alb\u00e1inis \u00fas\u00e1id fhorleathan as an subjunctive freisin, agus cuims\u00edonn s\u00e9 gi\u00famar coinn\u00edollach agus \u00e9igeantach. Feabhs\u00f3idh foghlaim na rialacha comhchuingithe do bhriathra coitianta do chumas cumars\u00e1id \u00e9ifeachtach a dh\u00e9anamh san Alb\u00e1inis.<\/p>\n\n\n\n<h3 class=\"wp-block-heading\" id=\"h-5-adjectives-agreement-and-placement\">5. Aidiachta\u00ed: Comhaont\u00fa agus Socr\u00fach\u00e1n<\/h3>\n\n\n\n<p>I ngramadach na hAlb\u00e1ine, is gn\u00e1ch go leanann aidiachta\u00ed an t-ainmfhocal a mhodhna\u00edonn siad agus a aonta\u00edonn siad tr\u00ed ch\u00e1ithn\u00edn nasctha a thaispe\u00e1nann inscne agus uimhir. T\u00e1 patr\u00fain chompar\u00e1ideacha agus superlative neamhrialta ag roinnt aidiachta\u00ed, agus is minic a \u00fas\u00e1ideann compar\u00e1id\u00ed m\u00eb m\u00f3ide an aidiacht, agus cuireann superlatives an t-alt aontaithe. Cuid\u00edonn m\u00e1istreacht ar chomhaont\u00fa agus socr\u00fach\u00e1n leat fuaim n\u00e1d\u00fartha.<\/p>\n\n\n\n<p><strong>Sampla\u00ed:<\/strong><\/p>\n\n\n\n<p><strong>\u2013 dashuri e madhe (gr\u00e1 m\u00f3r)<\/strong><\/p>\n\n\n\n<p><strong>\u2013 F\u00ebmij\u00eb t\u00eb vegj\u00ebl (p\u00e1ist\u00ed beaga)<\/strong><\/p>\n\n\n\n<h3 class=\"wp-block-heading\" id=\"h-6-engaging-with-the-language\">6. Dul i ngleic leis an teanga<\/h3>\n\n\n\n<p>Is \u00e9 an bealach is \u00e9ifeachta\u00ed chun gramadach na hAlb\u00e1ine a thuiscint agus a inmhe\u00e1n\u00fa go hioml\u00e1n n\u00e1 dul i ngleic go comhsheasmhach leis an teanga. Tr\u00ed litr\u00edocht na hAlb\u00e1ine a l\u00e9amh, f\u00e9achaint ar scann\u00e1in n\u00f3 sraitheanna teilif\u00edse Alb\u00e1inise, nuacht agus podchraolta\u00ed a lean\u00faint, agus cumars\u00e1id ghn\u00edomhach a dh\u00e9anamh le cainteoir\u00ed d\u00fachais, treiseoidh t\u00fa do thuiscint ar an ngramadach agus leathn\u00f3idh t\u00fa do st\u00f3r focal.<\/p>\n\n\n\n<h3 class=\"wp-block-heading\" id=\"h-conclusion\">Concl\u00faid<\/h3>\n\n\n\n<p>C\u00e9 go bhf\u00e9adfadh gramadach na hAlb\u00e1ine a bheith casta, is f\u00e9idir leat a bheith inni\u00fail sa teanga \u00e1lainn seo le d\u00fathracht, cleachtas agus d\u00edograis. Tr\u00ed dh\u00edri\u00fa ar na rialacha bun\u00fasacha agus dul i ngleic leis an teanga i gcomhth\u00e9acsanna \u00e9ags\u00fala, feabhs\u00f3idh t\u00fa do <a href=\"https:\/\/talkpal.ai\/ga\/gramadach\/\">scileanna gramada\u00ed<\/a> Alb\u00e1inis go tapa. \u00c9irigh leat le do thuras teanga Alb\u00e1inis, agus bain taitneamh as domhan sainr\u00e1iteach agus mealltach gramadach na hAlb\u00e1ine a nochtadh.<\/p>\n<\/div><\/div>\n\r\n<section class=\"learnNavigationSection\">\r\n            \r\n        <a href=\"https:\/\/talkpal.ai\/ga\/foghlaim-albainis\/\">\r\n            <div class=\"learnNavigationWrapper\">\r\n                <div class=\"learnNavigationContent\">\r\n                    <img decoding=\"async\" src=\"https:\/\/talkpal.ai\/wp-content\/uploads\/2025\/11\/Albanian.png\" alt=\"Albanian Flag\">\r\n                    <div>\r\n                        <h4>Maidir le Foghlaim na hAlb\u00e1ine<\/h4>\r\n                        <p>Faigh amach gach rud faoi Ghramadach na hAlb\u00e1ine.<\/p>\r\n                    <\/div>\r\n                <\/div>\r\n            <\/div>\r\n        <\/a>\r\n\r\n        \r\n        <a href=\"https:\/\/talkpal.ai\/ga\/cleachtai-gramadai-albainis\/\">\r\n            <div class=\"learnNavigationWrapper\">\r\n                <div class=\"learnNavigationContent\">\r\n                    <img decoding=\"async\" src=\"https:\/\/talkpal.ai\/wp-content\/uploads\/2025\/11\/Albanian.png\" alt=\"Albanian Flag\">\r\n                    <div>\r\n                        <h4>Cleachtadh Gramada\u00ed na hAlb\u00e1ine<\/h4>\r\n                        <p>Cleachtadh gramadach na hAlb\u00e1inise.<\/p>\r\n                    <\/div>\r\n                <\/div>\r\n            <\/div>\r\n        <\/a>\r\n\r\n            <\/section>","protected":false},"excerpt":{"rendered":"<p>Nasclean\u00faint a dh\u00e9anamh ar Intricacies Gramadach na hAlb\u00e1ine Cuireann Alb\u00e1inis, teanga Ind-Eorpach le brainse ar leith agus fr\u00e9amhacha cult\u00fartha doimhne, turas luachmhar ar f\u00e1il d&#8217;fhoghlaimeoir\u00ed a mheallann a c\u00f3ras gramada\u00ed agus fuaime uath\u00fail. De r\u00e9ir mar a dh\u00e9anann t\u00fa ini\u00fachadh ar an Alb\u00e1inis, leathn\u00f3idh t\u00fa do fhoireann uirlis\u00ed teanga agus nascfaidh t\u00fa le cult\u00far na [&hellip;]<\/p>\n","protected":false},"author":20,"featured_media":0,"parent":0,"menu_order":0,"comment_status":"closed","ping_status":"closed","template":"LearningContentPage.php","meta":{"_acf_changed":false,"footnotes":""},"class_list":["post-1475858","page","type-page","status-publish","hentry"],"acf":[],"yoast_head":"<!-- This site is optimized with the Yoast SEO Premium plugin v27.2 (Yoast SEO v27.2) - https:\/\/yoast.com\/product\/yoast-seo-premium-wordpress\/ -->\n<title>Gramadach na hAlb\u00e1ine - Talkpal<\/title>\n<meta name=\"description\" content=\"Faigh m\u00e1istreacht ar bhunriachtanais ghramadach na hAlb\u00e1ine, lena n-\u00e1ir\u00edtear c\u00e1sanna agus briathra, le treoir foghlama teanga idirghn\u00edomhach AI Talkpal.\" \/>\n<meta name=\"robots\" content=\"index, follow, max-snippet:-1, max-image-preview:large, max-video-preview:-1\" \/>\n<link rel=\"canonical\" href=\"https:\/\/talkpal.ai\/ga\/gramadach-na-halbaine\/\" \/>\n<meta property=\"og:locale\" content=\"ga_IE\" \/>\n<meta property=\"og:type\" content=\"article\" \/>\n<meta property=\"og:title\" content=\"Gramadach na hAlb\u00e1ine\" \/>\n<meta property=\"og:description\" content=\"Nasclean\u00faint a dh\u00e9anamh ar Intricacies Gramadach na hAlb\u00e1ine Cuireann Alb\u00e1inis, teanga Ind-Eorpach le brainse ar leith agus fr\u00e9amhacha cult\u00fartha doimhne,\" \/>\n<meta property=\"og:url\" content=\"https:\/\/talkpal.ai\/ga\/gramadach-na-halbaine\/\" \/>\n<meta property=\"og:site_name\" content=\"Talkpal\" \/>\n<meta property=\"article:publisher\" content=\"https:\/\/www.facebook.com\/profile.php?id=100090733639311\" \/>\n<meta property=\"article:modified_time\" content=\"2025-12-30T15:37:30+00:00\" \/>\n<meta property=\"og:image\" content=\"https:\/\/talkpal.ai\/wp-content\/uploads\/2025\/02\/Progress-tab-16_9.png\" \/>\n\t<meta property=\"og:image:width\" content=\"2880\" \/>\n\t<meta property=\"og:image:height\" content=\"1620\" \/>\n\t<meta property=\"og:image:type\" content=\"image\/png\" \/>\n<meta name=\"twitter:card\" content=\"summary_large_image\" \/>\n<meta name=\"twitter:site\" content=\"@talkpalai\" \/>\n<meta name=\"twitter:label1\" content=\"Est. reading time\" \/>\n\t<meta name=\"twitter:data1\" content=\"4 minutes\" \/>\n<script type=\"application\/ld+json\" class=\"yoast-schema-graph\">{\"@context\":\"https:\/\/schema.org\",\"@graph\":[{\"@type\":\"WebPage\",\"@id\":\"https:\/\/talkpal.ai\/ga\/gramadach-na-halbaine\/\",\"url\":\"https:\/\/talkpal.ai\/ga\/gramadach-na-halbaine\/\",\"name\":\"Gramadach na hAlb\u00e1ine - Talkpal\",\"isPartOf\":{\"@id\":\"https:\/\/talkpal.ai\/ga\/#website\"},\"datePublished\":\"2025-11-11T12:01:19+00:00\",\"dateModified\":\"2025-12-30T15:37:30+00:00\",\"description\":\"Faigh m\u00e1istreacht ar bhunriachtanais ghramadach na hAlb\u00e1ine, lena n-\u00e1ir\u00edtear c\u00e1sanna agus briathra, le treoir foghlama teanga idirghn\u00edomhach AI Talkpal.\",\"breadcrumb\":{\"@id\":\"https:\/\/talkpal.ai\/ga\/gramadach-na-halbaine\/#breadcrumb\"},\"inLanguage\":\"ga-IE\",\"potentialAction\":[{\"@type\":\"ReadAction\",\"target\":[\"https:\/\/talkpal.ai\/ga\/gramadach-na-halbaine\/\"]}]},{\"@type\":\"BreadcrumbList\",\"@id\":\"https:\/\/talkpal.ai\/ga\/gramadach-na-halbaine\/#breadcrumb\",\"itemListElement\":[{\"@type\":\"ListItem\",\"position\":1,\"name\":\"Homepage\",\"item\":\"https:\/\/talkpal.ai\/ga\/\"},{\"@type\":\"ListItem\",\"position\":2,\"name\":\"Gramadach na hAlb\u00e1ine\"}]},{\"@type\":\"WebSite\",\"@id\":\"https:\/\/talkpal.ai\/ga\/#website\",\"url\":\"https:\/\/talkpal.ai\/ga\/\",\"name\":\"Talkpal\",\"description\":\"AI Language Learning\",\"publisher\":{\"@id\":\"https:\/\/talkpal.ai\/ga\/#organization\"},\"alternateName\":\"Talkpal AI\",\"potentialAction\":[{\"@type\":\"SearchAction\",\"target\":{\"@type\":\"EntryPoint\",\"urlTemplate\":\"https:\/\/talkpal.ai\/ga\/?s={search_term_string}\"},\"query-input\":{\"@type\":\"PropertyValueSpecification\",\"valueRequired\":true,\"valueName\":\"search_term_string\"}}],\"inLanguage\":\"ga-IE\"},{\"@type\":\"Organization\",\"@id\":\"https:\/\/talkpal.ai\/ga\/#organization\",\"name\":\"Talkpal, Inc.\",\"alternateName\":\"Talkpal AI\",\"url\":\"https:\/\/talkpal.ai\/ga\/\",\"logo\":{\"@type\":\"ImageObject\",\"inLanguage\":\"ga-IE\",\"@id\":\"https:\/\/talkpal.ai\/ga\/#\/schema\/logo\/image\/\",\"url\":\"https:\/\/talkpal.ai\/wp-content\/uploads\/2024\/03\/Talkpal-Logo-Icon.png\",\"contentUrl\":\"https:\/\/talkpal.ai\/wp-content\/uploads\/2024\/03\/Talkpal-Logo-Icon.png\",\"width\":2880,\"height\":2880,\"caption\":\"Talkpal, Inc.\"},\"image\":{\"@id\":\"https:\/\/talkpal.ai\/ga\/#\/schema\/logo\/image\/\"},\"sameAs\":[\"https:\/\/www.facebook.com\/profile.php?id=100090733639311\",\"https:\/\/x.com\/talkpalai\",\"https:\/\/www.linkedin.com\/company\/talkpal\/\",\"https:\/\/www.youtube.com\/@TalkPal\/\",\"https:\/\/www.tiktok.com\/@talkpal\",\"https:\/\/www.instagram.com\/talkpal_ai\/\",\"https:\/\/www.crunchbase.com\/organization\/talkpal-9cde\",\"https:\/\/www.g2.com\/products\/talkpal-for-business\/\",\"https:\/\/www.trustpilot.com\/review\/talkpal.ai\",\"https:\/\/www.capterra.com\/p\/10006800\/TalkPal\/\"],\"description\":\"Talkpal is a language learning web and mobile education app, powered by the latest AI technologies, that provides engaging experiences to its customers in many different languages to help them improve their language skills. Users can chat about unlimited amount of topics with the app and use other modes to practice their language learning.\",\"email\":\"support@talkpal.ai\",\"legalName\":\"Talkpal, Inc.\",\"foundingDate\":\"2023-04-03\",\"duns\":\"118989042\",\"numberOfEmployees\":{\"@type\":\"QuantitativeValue\",\"minValue\":\"11\",\"maxValue\":\"50\"},\"publishingPrinciples\":\"https:\/\/talkpal.ai\/publishing-principles\/\",\"actionableFeedbackPolicy\":\"https:\/\/talkpal.ai\/actionable-feedback-policy\/\",\"correctionsPolicy\":\"https:\/\/talkpal.ai\/corrections-policy\/\",\"ethicsPolicy\":\"https:\/\/talkpal.ai\/ethics-policy\/\",\"diversityPolicy\":\"https:\/\/talkpal.ai\/diversity-policy\/\",\"diversityStaffingReport\":\"https:\/\/talkpal.ai\/diversity-policy\/\"}]}<\/script>\n<!-- \/ Yoast SEO Premium plugin. -->","yoast_head_json":{"title":"Gramadach na hAlb\u00e1ine - Talkpal","description":"Faigh m\u00e1istreacht ar bhunriachtanais ghramadach na hAlb\u00e1ine, lena n-\u00e1ir\u00edtear c\u00e1sanna agus briathra, le treoir foghlama teanga idirghn\u00edomhach AI Talkpal.","robots":{"index":"index","follow":"follow","max-snippet":"max-snippet:-1","max-image-preview":"max-image-preview:large","max-video-preview":"max-video-preview:-1"},"canonical":"https:\/\/talkpal.ai\/ga\/gramadach-na-halbaine\/","og_locale":"ga_IE","og_type":"article","og_title":"Gramadach na hAlb\u00e1ine","og_description":"Nasclean\u00faint a dh\u00e9anamh ar Intricacies Gramadach na hAlb\u00e1ine Cuireann Alb\u00e1inis, teanga Ind-Eorpach le brainse ar leith agus fr\u00e9amhacha cult\u00fartha doimhne,","og_url":"https:\/\/talkpal.ai\/ga\/gramadach-na-halbaine\/","og_site_name":"Talkpal","article_publisher":"https:\/\/www.facebook.com\/profile.php?id=100090733639311","article_modified_time":"2025-12-30T15:37:30+00:00","og_image":[{"width":2880,"height":1620,"url":"https:\/\/talkpal.ai\/wp-content\/uploads\/2025\/02\/Progress-tab-16_9.png","type":"image\/png"}],"twitter_card":"summary_large_image","twitter_site":"@talkpalai","twitter_misc":{"Est. reading time":"4 minutes"},"schema":{"@context":"https:\/\/schema.org","@graph":[{"@type":"WebPage","@id":"https:\/\/talkpal.ai\/ga\/gramadach-na-halbaine\/","url":"https:\/\/talkpal.ai\/ga\/gramadach-na-halbaine\/","name":"Gramadach na hAlb\u00e1ine - Talkpal","isPartOf":{"@id":"https:\/\/talkpal.ai\/ga\/#website"},"datePublished":"2025-11-11T12:01:19+00:00","dateModified":"2025-12-30T15:37:30+00:00","description":"Faigh m\u00e1istreacht ar bhunriachtanais ghramadach na hAlb\u00e1ine, lena n-\u00e1ir\u00edtear c\u00e1sanna agus briathra, le treoir foghlama teanga idirghn\u00edomhach AI Talkpal.","breadcrumb":{"@id":"https:\/\/talkpal.ai\/ga\/gramadach-na-halbaine\/#breadcrumb"},"inLanguage":"ga-IE","potentialAction":[{"@type":"ReadAction","target":["https:\/\/talkpal.ai\/ga\/gramadach-na-halbaine\/"]}]},{"@type":"BreadcrumbList","@id":"https:\/\/talkpal.ai\/ga\/gramadach-na-halbaine\/#breadcrumb","itemListElement":[{"@type":"ListItem","position":1,"name":"Homepage","item":"https:\/\/talkpal.ai\/ga\/"},{"@type":"ListItem","position":2,"name":"Gramadach na hAlb\u00e1ine"}]},{"@type":"WebSite","@id":"https:\/\/talkpal.ai\/ga\/#website","url":"https:\/\/talkpal.ai\/ga\/","name":"Talkpal","description":"AI Language Learning","publisher":{"@id":"https:\/\/talkpal.ai\/ga\/#organization"},"alternateName":"Talkpal AI","potentialAction":[{"@type":"SearchAction","target":{"@type":"EntryPoint","urlTemplate":"https:\/\/talkpal.ai\/ga\/?s={search_term_string}"},"query-input":{"@type":"PropertyValueSpecification","valueRequired":true,"valueName":"search_term_string"}}],"inLanguage":"ga-IE"},{"@type":"Organization","@id":"https:\/\/talkpal.ai\/ga\/#organization","name":"Talkpal, Inc.","alternateName":"Talkpal AI","url":"https:\/\/talkpal.ai\/ga\/","logo":{"@type":"ImageObject","inLanguage":"ga-IE","@id":"https:\/\/talkpal.ai\/ga\/#\/schema\/logo\/image\/","url":"https:\/\/talkpal.ai\/wp-content\/uploads\/2024\/03\/Talkpal-Logo-Icon.png","contentUrl":"https:\/\/talkpal.ai\/wp-content\/uploads\/2024\/03\/Talkpal-Logo-Icon.png","width":2880,"height":2880,"caption":"Talkpal, Inc."},"image":{"@id":"https:\/\/talkpal.ai\/ga\/#\/schema\/logo\/image\/"},"sameAs":["https:\/\/www.facebook.com\/profile.php?id=100090733639311","https:\/\/x.com\/talkpalai","https:\/\/www.linkedin.com\/company\/talkpal\/","https:\/\/www.youtube.com\/@TalkPal\/","https:\/\/www.tiktok.com\/@talkpal","https:\/\/www.instagram.com\/talkpal_ai\/","https:\/\/www.crunchbase.com\/organization\/talkpal-9cde","https:\/\/www.g2.com\/products\/talkpal-for-business\/","https:\/\/www.trustpilot.com\/review\/talkpal.ai","https:\/\/www.capterra.com\/p\/10006800\/TalkPal\/"],"description":"Talkpal is a language learning web and mobile education app, powered by the latest AI technologies, that provides engaging experiences to its customers in many different languages to help them improve their language skills. Users can chat about unlimited amount of topics with the app and use other modes to practice their language learning.","email":"support@talkpal.ai","legalName":"Talkpal, Inc.","foundingDate":"2023-04-03","duns":"118989042","numberOfEmployees":{"@type":"QuantitativeValue","minValue":"11","maxValue":"50"},"publishingPrinciples":"https:\/\/talkpal.ai\/publishing-principles\/","actionableFeedbackPolicy":"https:\/\/talkpal.ai\/actionable-feedback-policy\/","correctionsPolicy":"https:\/\/talkpal.ai\/corrections-policy\/","ethicsPolicy":"https:\/\/talkpal.ai\/ethics-policy\/","diversityPolicy":"https:\/\/talkpal.ai\/diversity-policy\/","diversityStaffingReport":"https:\/\/talkpal.ai\/diversity-policy\/"}]}},"_links":{"self":[{"href":"https:\/\/talkpal.ai\/ga\/wp-json\/wp\/v2\/pages\/1475858","targetHints":{"allow":["GET"]}}],"collection":[{"href":"https:\/\/talkpal.ai\/ga\/wp-json\/wp\/v2\/pages"}],"about":[{"href":"https:\/\/talkpal.ai\/ga\/wp-json\/wp\/v2\/types\/page"}],"author":[{"embeddable":true,"href":"https:\/\/talkpal.ai\/ga\/wp-json\/wp\/v2\/users\/20"}],"replies":[{"embeddable":true,"href":"https:\/\/talkpal.ai\/ga\/wp-json\/wp\/v2\/comments?post=1475858"}],"version-history":[{"count":0,"href":"https:\/\/talkpal.ai\/ga\/wp-json\/wp\/v2\/pages\/1475858\/revisions"}],"wp:attachment":[{"href":"https:\/\/talkpal.ai\/ga\/wp-json\/wp\/v2\/media?parent=1475858"}],"curies":[{"name":"wp","href":"https:\/\/api.w.org\/{rel}","templated":true}]}}