{"id":1461996,"date":"2025-10-22T19:55:16","date_gmt":"2025-10-22T19:55:16","guid":{"rendered":"https:\/\/talkpal.ai\/lascaine-talkpal-do-mhuinteoiri\/"},"modified":"2026-01-22T14:59:50","modified_gmt":"2026-01-22T14:59:50","slug":"lascaine-talkpal-do-mhuinteoiri","status":"publish","type":"page","link":"https:\/\/talkpal.ai\/ga\/lascaine-talkpal-do-mhuinteoiri\/","title":{"rendered":"Lascaine Talkpal do mh\u00fainteoir\u00ed"},"content":{"rendered":"<section class=\"languageChallengeSection\">\r\n    <div class=\"languageInfoWrapper\">\r\n        \r\n        <h1>Lascaine Talkpal do mh\u00fainteoir\u00ed<\/h1>\r\n        <p>An m\u00fainteoir th\u00fa at\u00e1 ag iarraidh do scileanna teanga f\u00e9in a neart\u00fa? Cuireann Talkpal lascaine eisiach m\u00fainteoir\u00ed 79% ar f\u00e1il chun cabhr\u00fa leat foghlaim n\u00edos tap\u00fala agus n\u00edos cliste. D\u00edghlas\u00e1il na gn\u00e9ithe pr\u00e9imhe go l\u00e9ir, d\u00e9an f\u00edorchomhr\u00e1ite a chleachtadh le AI, agus t\u00f3g l\u00edofacht &#8211; ar leath an phraghais.<\/p>\r\n\r\n                    <a class=\"getStartedHidden\" href=\"https:\/\/app.talkpal.ai\/signup?discount=50\">\r\n                Faigh lascaine            <\/a>\r\n            <\/div>\r\n\r\n            <figure>\r\n            <img decoding=\"async\" class=\"no-lazy\" src=\"https:\/\/talkpal.ai\/wp-content\/uploads\/2026\/01\/curly-girl-with-phone-yellow-background.webp\" alt=\"\" fetchpriority=\"high\" \/>\r\n        <\/figure>\r\n        \r\n                    <a class=\"getStartedVisible\" href=\"https:\/\/app.talkpal.ai\/signup?discount=50\">\r\n                Faigh lascaine            <\/a>\r\n        <\/section><section class=\"featureSection\">\r\n    <div class=\"featureIntroduce\">\r\n        <a class=\"introduceLink\" href=\"https:\/\/app.talkpal.ai\/signup?lng=\">\r\n            <img decoding=\"async\" src=\"https:\/\/talkpal.ai\/wp-content\/themes\/talkpal\/assets\/img\/Sparkle.svg\" alt=\"\" \/>an ceann is \u00faire\r\n  AI<\/a>\r\n        <h3 class=\"featureTitle\">An difr\u00edocht talkpal<\/h3>\r\n    <\/div>\r\n            <div class=\"introduceWrapper\">\r\n                            <a class=\"introducCard\" href=\"https:\/\/app.talkpal.ai\/signup?lng=\">\r\n\r\n                    \r\n                                                <img decoding=\"async\" src=\"https:\/\/talkpal.ai\/wp-content\/uploads\/2025\/05\/Immersive_conversations.png\" alt=\"Immersive Conversation Screenshot\" \/>\r\n                        <h4 class=\"introduceTitle\">Oideachas Pearsantaithe<\/h4>\r\n                        <p class=\"cardText\">Foghlaim\u00edonn gach m\u00fainteoir go difri\u00fail &#8211; agus t\u00e1 gach turas foghlama uath\u00fail. \u00das\u00e1ideann Talkpal AI chun cinn chun anail\u00eds a dh\u00e9anamh ar an gcaoi a nd\u00e9anann na milli\u00fain foghlaimeoir\u00ed staid\u00e9ar ar theangacha agus a oireann do do st\u00edl, do spriocanna agus do sceideal pearsanta. An toradh: eisp\u00e9ireas pearsantaithe, \u00e9ifeachtach agus tarraingteach do mh\u00fainteoir\u00ed cos\u00fail leatsa.<\/p>\r\n                    \r\n                <\/a>\r\n                            <a class=\"introducCard\" href=\"https:\/\/app.talkpal.ai\/signup?lng=\">\r\n\r\n                    \r\n                                                <img decoding=\"async\" src=\"https:\/\/talkpal.ai\/wp-content\/uploads\/2025\/05\/Realtime_feedback.png\" alt=\"Feedback Screenshot\" \/>\r\n                        <h4 class=\"introduceTitle\">Teicneola\u00edocht Nua-Aoiseach<\/h4>\r\n                        <p class=\"cardText\">Is \u00e9 \u00e1r misean foghlaim teanga phearsantaithe a dh\u00e9anamh inrochtana d&#039;oideachas\u00f3ir\u00ed tr\u00ed AI ceannr\u00f3da\u00edoch a chomhcheangal le modhanna teagaisc cruthaithe. Le Talkpal, n\u00ed hamh\u00e1in go nglacann t\u00fa ceachtanna &#8211; leanann t\u00fa cos\u00e1n saincheaptha a oireann do luas, do roghanna agus do chusp\u00f3ir\u00ed.<\/p>\r\n                    \r\n                <\/a>\r\n                            <a class=\"introducCard\" href=\"https:\/\/app.talkpal.ai\/signup?lng=\">\r\n\r\n                    \r\n                                                <img decoding=\"async\" src=\"https:\/\/talkpal.ai\/wp-content\/uploads\/2025\/05\/Personalization.png\" alt=\"Personalization Screenshot\" \/>\r\n                        <h4 class=\"introduceTitle\">Foghlaim a Dh\u00e9anamh Spraoi<\/h4>\r\n                        <p class=\"cardText\">Creidimid gur ch\u00f3ir go mbeadh foghlaim teangacha spreag\u00fail agus taitneamhach. Sin \u00e9 an f\u00e1th go gcoinn\u00edonn Talkpal t\u00fa gafa agus spreagtha &#8211; mar sin motha\u00edonn do chleachtas mar bhriseadh fuinni\u00fail, n\u00ed mar chore. B\u00ed in \u00e9ineacht leis na m\u00edlte m\u00fainteoir\u00ed ag cur lena gcuid scileanna teanga f\u00e9in le Talkpal.<\/p>\r\n                    \r\n                <\/a>\r\n                            <\/div>\r\n                     <a class=\"featureSectionLink\" href=\"https:\/\/app.talkpal.ai\/signup?discount=50\">\r\n                Faigh lascaine            <\/a>\r\n                \r\n<\/section>\r\n\r\n\r\n<section class=\"smartFunSection\">\r\n            \r\n            <div class=\"smartFunCard\">\r\n                <div class=\"smartFunWrapper\"><img decoding=\"async\" src=\"https:\/\/talkpal.ai\/wp-content\/uploads\/2025\/05\/1.png\" alt=\"Learning Stats Screenshot\"><\/div>\r\n                <h3>Curtha in oiri\u00faint duit<\/h3>\r\n                <p>Seachadann Talkpal seisi\u00fain faoi thiom\u00e1int AI calabr\u00fa do do leibh\u00e9al agus do luas. T\u00e1 gach ceacht deartha timpeall ar do riachtanais aonair, ag cabhr\u00fa leat dul chun cinn seasta, intomhaiste a dh\u00e9anamh &#8211; fi\u00fa le sceideal gn\u00f3thach.<\/p>\r\n            <\/div>\r\n\r\n        \r\n            <div class=\"smartFunCard\">\r\n                <div class=\"smartFunWrapper\"><img decoding=\"async\" src=\"https:\/\/talkpal.ai\/wp-content\/uploads\/2025\/05\/2.png\" alt=\"Pronunciation Score Screenshot\"><\/div>\r\n                <h3>\u00c9ifeachtach &amp; \u00c9ifeachtach<\/h3>\r\n                <p>G\u00e9ar\u00fa do scileanna l\u00e9itheoireachta, \u00e9isteachta agus labhartha go h\u00e9ifeachtach. D\u00e9anann uirlis\u00ed Talkpal staid\u00e9ar \u00e9ifeachtach agus taitneamhach d&#8217;oideachas\u00f3ir\u00ed \u00f3 gach c\u00falra, le cleachtas sol\u00fabtha is f\u00e9idir leat a chur isteach in aon l\u00e1.<\/p>\r\n            <\/div>\r\n\r\n        \r\n            <div class=\"smartFunCard\">\r\n                <div class=\"smartFunWrapper\"><img decoding=\"async\" src=\"https:\/\/talkpal.ai\/wp-content\/uploads\/2025\/05\/3.png\" alt=\"Chat Topics Screenshot\"><\/div>\r\n                <h3>Coinnigh Rannph\u00e1irteach<\/h3>\r\n                <p>Fan comhsheasmhach le heilimint\u00ed gamified, d\u00fashl\u00e1in tarraingteacha, agus leideanna machnaimh. Le Talkpal, b\u00edonn cleachtadh teanga ina n\u00f3s laeth\u00fail spraoi &#8211; n\u00ed tasc eile ar do liosta le d\u00e9anamh.<\/p>\r\n            <\/div>\r\n\r\n        \r\n            <div class=\"smartFunCard\">\r\n                <div class=\"smartFunWrapper\"><img decoding=\"async\" src=\"https:\/\/talkpal.ai\/wp-content\/uploads\/2025\/05\/4.png\" alt=\"Dashboard Screenshot\"><\/div>\r\n                <h3>Bain sult as an bhfoghlaim<\/h3>\r\n                <p>N\u00ed g\u00e1 go mbeadh m\u00e1istreacht teanga nua tedious. Cuireann Talkpal cleachta\u00ed idirghn\u00edomhacha, carachtair bhr\u00edomhara, agus fi\u00fa comhr\u00e1ite AI greannmhara ar f\u00e1il &#8211; rud a fh\u00e1gann go bhfuil do thuras foghlama pearsanta taitneamhach agus spreag\u00fail.<\/p>\r\n            <\/div>\r\n\r\n            \r\n<\/section>\r\n\r\n<section class=\"promotionalBanner\">\r\n    <p class=\"promotionalText\">Talkpal do mh\u00fainteoir\u00ed &#8211; Tosaigh ag foghlaim le praghas lascainithe<\/p>\r\n                <a class=\"promotionalLink\" href=\"https:\/\/app.talkpal.ai\/signup?discount=50\">\r\n                Faigh lascaine            <\/a>\r\n            \r\n<\/section>","protected":false},"excerpt":{"rendered":"","protected":false},"author":20,"featured_media":0,"parent":0,"menu_order":0,"comment_status":"closed","ping_status":"closed","template":"LearningContentPage.php","meta":{"_acf_changed":false,"footnotes":""},"class_list":["post-1461996","page","type-page","status-publish","hentry"],"acf":[],"yoast_head":"<!-- This site is optimized with the Yoast SEO Premium plugin v27.2 (Yoast SEO v27.2) - https:\/\/yoast.com\/product\/yoast-seo-premium-wordpress\/ -->\n<title>Lascaine Talkpal do mh\u00fainteoir\u00ed - Talkpal<\/title>\n<meta name=\"description\" content=\"D\u00edghlas\u00e1il lascaine eisiach m\u00fainteoir\u00ed 79% ar Talkpal Premium agus m\u00e1istir teangacha n\u00edos tap\u00fala le ceachtanna AI pearsantaithe.\" \/>\n<meta name=\"robots\" content=\"index, follow, max-snippet:-1, max-image-preview:large, max-video-preview:-1\" \/>\n<link rel=\"canonical\" href=\"https:\/\/talkpal.ai\/ga\/lascaine-talkpal-do-mhuinteoiri\/\" \/>\n<meta property=\"og:locale\" content=\"ga_IE\" \/>\n<meta property=\"og:type\" content=\"article\" \/>\n<meta property=\"og:title\" content=\"Lascaine Talkpal do mh\u00fainteoir\u00ed\" \/>\n<meta property=\"og:url\" content=\"https:\/\/talkpal.ai\/ga\/lascaine-talkpal-do-mhuinteoiri\/\" \/>\n<meta property=\"og:site_name\" content=\"Talkpal\" \/>\n<meta property=\"article:publisher\" content=\"https:\/\/www.facebook.com\/profile.php?id=100090733639311\" \/>\n<meta property=\"article:modified_time\" content=\"2026-01-22T14:59:50+00:00\" \/>\n<meta property=\"og:image\" content=\"https:\/\/talkpal.ai\/wp-content\/uploads\/2025\/02\/Progress-tab-16_9.png\" \/>\n\t<meta property=\"og:image:width\" content=\"2880\" \/>\n\t<meta property=\"og:image:height\" content=\"1620\" \/>\n\t<meta property=\"og:image:type\" content=\"image\/png\" \/>\n<meta name=\"twitter:card\" content=\"summary_large_image\" \/>\n<meta name=\"twitter:site\" content=\"@talkpalai\" \/>\n<script type=\"application\/ld+json\" class=\"yoast-schema-graph\">{\"@context\":\"https:\/\/schema.org\",\"@graph\":[{\"@type\":\"WebPage\",\"@id\":\"https:\/\/talkpal.ai\/ga\/lascaine-talkpal-do-mhuinteoiri\/\",\"url\":\"https:\/\/talkpal.ai\/ga\/lascaine-talkpal-do-mhuinteoiri\/\",\"name\":\"Lascaine Talkpal do mh\u00fainteoir\u00ed - Talkpal\",\"isPartOf\":{\"@id\":\"https:\/\/talkpal.ai\/ga\/#website\"},\"datePublished\":\"2025-10-22T19:55:16+00:00\",\"dateModified\":\"2026-01-22T14:59:50+00:00\",\"description\":\"D\u00edghlas\u00e1il lascaine eisiach m\u00fainteoir\u00ed 79% ar Talkpal Premium agus m\u00e1istir teangacha n\u00edos tap\u00fala le ceachtanna AI pearsantaithe.\",\"breadcrumb\":{\"@id\":\"https:\/\/talkpal.ai\/ga\/lascaine-talkpal-do-mhuinteoiri\/#breadcrumb\"},\"inLanguage\":\"ga-IE\",\"potentialAction\":[{\"@type\":\"ReadAction\",\"target\":[\"https:\/\/talkpal.ai\/ga\/lascaine-talkpal-do-mhuinteoiri\/\"]}]},{\"@type\":\"BreadcrumbList\",\"@id\":\"https:\/\/talkpal.ai\/ga\/lascaine-talkpal-do-mhuinteoiri\/#breadcrumb\",\"itemListElement\":[{\"@type\":\"ListItem\",\"position\":1,\"name\":\"Homepage\",\"item\":\"https:\/\/talkpal.ai\/ga\/\"},{\"@type\":\"ListItem\",\"position\":2,\"name\":\"Lascaine Talkpal do mh\u00fainteoir\u00ed\"}]},{\"@type\":\"WebSite\",\"@id\":\"https:\/\/talkpal.ai\/ga\/#website\",\"url\":\"https:\/\/talkpal.ai\/ga\/\",\"name\":\"Talkpal\",\"description\":\"AI Language Learning\",\"publisher\":{\"@id\":\"https:\/\/talkpal.ai\/ga\/#organization\"},\"alternateName\":\"Talkpal AI\",\"potentialAction\":[{\"@type\":\"SearchAction\",\"target\":{\"@type\":\"EntryPoint\",\"urlTemplate\":\"https:\/\/talkpal.ai\/ga\/?s={search_term_string}\"},\"query-input\":{\"@type\":\"PropertyValueSpecification\",\"valueRequired\":true,\"valueName\":\"search_term_string\"}}],\"inLanguage\":\"ga-IE\"},{\"@type\":\"Organization\",\"@id\":\"https:\/\/talkpal.ai\/ga\/#organization\",\"name\":\"Talkpal, Inc.\",\"alternateName\":\"Talkpal AI\",\"url\":\"https:\/\/talkpal.ai\/ga\/\",\"logo\":{\"@type\":\"ImageObject\",\"inLanguage\":\"ga-IE\",\"@id\":\"https:\/\/talkpal.ai\/ga\/#\/schema\/logo\/image\/\",\"url\":\"https:\/\/talkpal.ai\/wp-content\/uploads\/2024\/03\/Talkpal-Logo-Icon.png\",\"contentUrl\":\"https:\/\/talkpal.ai\/wp-content\/uploads\/2024\/03\/Talkpal-Logo-Icon.png\",\"width\":2880,\"height\":2880,\"caption\":\"Talkpal, Inc.\"},\"image\":{\"@id\":\"https:\/\/talkpal.ai\/ga\/#\/schema\/logo\/image\/\"},\"sameAs\":[\"https:\/\/www.facebook.com\/profile.php?id=100090733639311\",\"https:\/\/x.com\/talkpalai\",\"https:\/\/www.linkedin.com\/company\/talkpal\/\",\"https:\/\/www.youtube.com\/@TalkPal\/\",\"https:\/\/www.tiktok.com\/@talkpal\",\"https:\/\/www.instagram.com\/talkpal_ai\/\",\"https:\/\/www.crunchbase.com\/organization\/talkpal-9cde\",\"https:\/\/www.g2.com\/products\/talkpal-for-business\/\",\"https:\/\/www.trustpilot.com\/review\/talkpal.ai\",\"https:\/\/www.capterra.com\/p\/10006800\/TalkPal\/\"],\"description\":\"Talkpal is a language learning web and mobile education app, powered by the latest AI technologies, that provides engaging experiences to its customers in many different languages to help them improve their language skills. Users can chat about unlimited amount of topics with the app and use other modes to practice their language learning.\",\"email\":\"support@talkpal.ai\",\"legalName\":\"Talkpal, Inc.\",\"foundingDate\":\"2023-04-03\",\"duns\":\"118989042\",\"numberOfEmployees\":{\"@type\":\"QuantitativeValue\",\"minValue\":\"11\",\"maxValue\":\"50\"},\"publishingPrinciples\":\"https:\/\/talkpal.ai\/publishing-principles\/\",\"actionableFeedbackPolicy\":\"https:\/\/talkpal.ai\/actionable-feedback-policy\/\",\"correctionsPolicy\":\"https:\/\/talkpal.ai\/corrections-policy\/\",\"ethicsPolicy\":\"https:\/\/talkpal.ai\/ethics-policy\/\",\"diversityPolicy\":\"https:\/\/talkpal.ai\/diversity-policy\/\",\"diversityStaffingReport\":\"https:\/\/talkpal.ai\/diversity-policy\/\"}]}<\/script>\n<!-- \/ Yoast SEO Premium plugin. -->","yoast_head_json":{"title":"Lascaine Talkpal do mh\u00fainteoir\u00ed - Talkpal","description":"D\u00edghlas\u00e1il lascaine eisiach m\u00fainteoir\u00ed 79% ar Talkpal Premium agus m\u00e1istir teangacha n\u00edos tap\u00fala le ceachtanna AI pearsantaithe.","robots":{"index":"index","follow":"follow","max-snippet":"max-snippet:-1","max-image-preview":"max-image-preview:large","max-video-preview":"max-video-preview:-1"},"canonical":"https:\/\/talkpal.ai\/ga\/lascaine-talkpal-do-mhuinteoiri\/","og_locale":"ga_IE","og_type":"article","og_title":"Lascaine Talkpal do mh\u00fainteoir\u00ed","og_url":"https:\/\/talkpal.ai\/ga\/lascaine-talkpal-do-mhuinteoiri\/","og_site_name":"Talkpal","article_publisher":"https:\/\/www.facebook.com\/profile.php?id=100090733639311","article_modified_time":"2026-01-22T14:59:50+00:00","og_image":[{"width":2880,"height":1620,"url":"https:\/\/talkpal.ai\/wp-content\/uploads\/2025\/02\/Progress-tab-16_9.png","type":"image\/png"}],"twitter_card":"summary_large_image","twitter_site":"@talkpalai","schema":{"@context":"https:\/\/schema.org","@graph":[{"@type":"WebPage","@id":"https:\/\/talkpal.ai\/ga\/lascaine-talkpal-do-mhuinteoiri\/","url":"https:\/\/talkpal.ai\/ga\/lascaine-talkpal-do-mhuinteoiri\/","name":"Lascaine Talkpal do mh\u00fainteoir\u00ed - Talkpal","isPartOf":{"@id":"https:\/\/talkpal.ai\/ga\/#website"},"datePublished":"2025-10-22T19:55:16+00:00","dateModified":"2026-01-22T14:59:50+00:00","description":"D\u00edghlas\u00e1il lascaine eisiach m\u00fainteoir\u00ed 79% ar Talkpal Premium agus m\u00e1istir teangacha n\u00edos tap\u00fala le ceachtanna AI pearsantaithe.","breadcrumb":{"@id":"https:\/\/talkpal.ai\/ga\/lascaine-talkpal-do-mhuinteoiri\/#breadcrumb"},"inLanguage":"ga-IE","potentialAction":[{"@type":"ReadAction","target":["https:\/\/talkpal.ai\/ga\/lascaine-talkpal-do-mhuinteoiri\/"]}]},{"@type":"BreadcrumbList","@id":"https:\/\/talkpal.ai\/ga\/lascaine-talkpal-do-mhuinteoiri\/#breadcrumb","itemListElement":[{"@type":"ListItem","position":1,"name":"Homepage","item":"https:\/\/talkpal.ai\/ga\/"},{"@type":"ListItem","position":2,"name":"Lascaine Talkpal do mh\u00fainteoir\u00ed"}]},{"@type":"WebSite","@id":"https:\/\/talkpal.ai\/ga\/#website","url":"https:\/\/talkpal.ai\/ga\/","name":"Talkpal","description":"AI Language Learning","publisher":{"@id":"https:\/\/talkpal.ai\/ga\/#organization"},"alternateName":"Talkpal AI","potentialAction":[{"@type":"SearchAction","target":{"@type":"EntryPoint","urlTemplate":"https:\/\/talkpal.ai\/ga\/?s={search_term_string}"},"query-input":{"@type":"PropertyValueSpecification","valueRequired":true,"valueName":"search_term_string"}}],"inLanguage":"ga-IE"},{"@type":"Organization","@id":"https:\/\/talkpal.ai\/ga\/#organization","name":"Talkpal, Inc.","alternateName":"Talkpal AI","url":"https:\/\/talkpal.ai\/ga\/","logo":{"@type":"ImageObject","inLanguage":"ga-IE","@id":"https:\/\/talkpal.ai\/ga\/#\/schema\/logo\/image\/","url":"https:\/\/talkpal.ai\/wp-content\/uploads\/2024\/03\/Talkpal-Logo-Icon.png","contentUrl":"https:\/\/talkpal.ai\/wp-content\/uploads\/2024\/03\/Talkpal-Logo-Icon.png","width":2880,"height":2880,"caption":"Talkpal, Inc."},"image":{"@id":"https:\/\/talkpal.ai\/ga\/#\/schema\/logo\/image\/"},"sameAs":["https:\/\/www.facebook.com\/profile.php?id=100090733639311","https:\/\/x.com\/talkpalai","https:\/\/www.linkedin.com\/company\/talkpal\/","https:\/\/www.youtube.com\/@TalkPal\/","https:\/\/www.tiktok.com\/@talkpal","https:\/\/www.instagram.com\/talkpal_ai\/","https:\/\/www.crunchbase.com\/organization\/talkpal-9cde","https:\/\/www.g2.com\/products\/talkpal-for-business\/","https:\/\/www.trustpilot.com\/review\/talkpal.ai","https:\/\/www.capterra.com\/p\/10006800\/TalkPal\/"],"description":"Talkpal is a language learning web and mobile education app, powered by the latest AI technologies, that provides engaging experiences to its customers in many different languages to help them improve their language skills. Users can chat about unlimited amount of topics with the app and use other modes to practice their language learning.","email":"support@talkpal.ai","legalName":"Talkpal, Inc.","foundingDate":"2023-04-03","duns":"118989042","numberOfEmployees":{"@type":"QuantitativeValue","minValue":"11","maxValue":"50"},"publishingPrinciples":"https:\/\/talkpal.ai\/publishing-principles\/","actionableFeedbackPolicy":"https:\/\/talkpal.ai\/actionable-feedback-policy\/","correctionsPolicy":"https:\/\/talkpal.ai\/corrections-policy\/","ethicsPolicy":"https:\/\/talkpal.ai\/ethics-policy\/","diversityPolicy":"https:\/\/talkpal.ai\/diversity-policy\/","diversityStaffingReport":"https:\/\/talkpal.ai\/diversity-policy\/"}]}},"_links":{"self":[{"href":"https:\/\/talkpal.ai\/ga\/wp-json\/wp\/v2\/pages\/1461996","targetHints":{"allow":["GET"]}}],"collection":[{"href":"https:\/\/talkpal.ai\/ga\/wp-json\/wp\/v2\/pages"}],"about":[{"href":"https:\/\/talkpal.ai\/ga\/wp-json\/wp\/v2\/types\/page"}],"author":[{"embeddable":true,"href":"https:\/\/talkpal.ai\/ga\/wp-json\/wp\/v2\/users\/20"}],"replies":[{"embeddable":true,"href":"https:\/\/talkpal.ai\/ga\/wp-json\/wp\/v2\/comments?post=1461996"}],"version-history":[{"count":0,"href":"https:\/\/talkpal.ai\/ga\/wp-json\/wp\/v2\/pages\/1461996\/revisions"}],"wp:attachment":[{"href":"https:\/\/talkpal.ai\/ga\/wp-json\/wp\/v2\/media?parent=1461996"}],"curies":[{"name":"wp","href":"https:\/\/api.w.org\/{rel}","templated":true}]}}