{"id":1461954,"date":"2025-10-22T12:21:47","date_gmt":"2025-10-22T12:21:47","guid":{"rendered":"https:\/\/talkpal.ai\/lascaine-talkpal-do-mhic-leinn\/"},"modified":"2026-01-22T14:57:27","modified_gmt":"2026-01-22T14:57:27","slug":"lascaine-talkpal-do-mhic-leinn","status":"publish","type":"page","link":"https:\/\/talkpal.ai\/ga\/lascaine-talkpal-do-mhic-leinn\/","title":{"rendered":"Lascaine Talkpal do mhic l\u00e9inn"},"content":{"rendered":"<section class=\"languageChallengeSection\">\r\n    <div class=\"languageInfoWrapper\">\r\n        \r\n        <h1>Lascaine Talkpal do mhic l\u00e9inn<\/h1>\r\n        <p>An mac l\u00e9inn th\u00fa at\u00e1 ag iarraidh feabhas a chur ar do chuid scileanna teanga? Cuireann Talkpal lascaine eisiach mac l\u00e9inn 79% ar f\u00e1il chun cabhr\u00fa leat foghlaim n\u00edos tap\u00fala agus n\u00edos cliste. Rochtain a fh\u00e1il ar na gn\u00e9ithe pr\u00e9imhe go l\u00e9ir, comhr\u00e1ite f\u00edor a chleachtadh le AI, agus l\u00edofacht a bhaint amach ar leath an phraghais.<\/p>\r\n\r\n                    <a class=\"getStartedHidden\" href=\"https:\/\/app.talkpal.ai\/signup?discount=50\">\r\n                Faigh lascaine            <\/a>\r\n            <\/div>\r\n\r\n            <figure>\r\n            <img decoding=\"async\" class=\"no-lazy\" src=\"https:\/\/talkpal.ai\/wp-content\/uploads\/2026\/01\/group-with-phone-in-circle.webp\" alt=\"\" fetchpriority=\"high\" \/>\r\n        <\/figure>\r\n        \r\n                    <a class=\"getStartedVisible\" href=\"https:\/\/app.talkpal.ai\/signup?discount=50\">\r\n                Faigh lascaine            <\/a>\r\n        <\/section><section class=\"featureSection\">\r\n    <div class=\"featureIntroduce\">\r\n        <a class=\"introduceLink\" href=\"https:\/\/app.talkpal.ai\/signup?lng=\">\r\n            <img decoding=\"async\" src=\"https:\/\/talkpal.ai\/wp-content\/themes\/talkpal\/assets\/img\/Sparkle.svg\" alt=\"\" \/>an ceann is \u00faire\r\n  AI<\/a>\r\n        <h3 class=\"featureTitle\">An difr\u00edocht talkpal<\/h3>\r\n    <\/div>\r\n            <div class=\"introduceWrapper\">\r\n                            <a class=\"introducCard\" href=\"https:\/\/app.talkpal.ai\/signup?lng=\">\r\n\r\n                    \r\n                                                <img decoding=\"async\" src=\"https:\/\/talkpal.ai\/wp-content\/uploads\/2025\/05\/Immersive_conversations.png\" alt=\"Immersive Conversation Screenshot\" \/>\r\n                        <h4 class=\"introduceTitle\">Oideachas Pearsantaithe<\/h4>\r\n                        <p class=\"cardText\">Foghlaim\u00edonn gach mac l\u00e9inn ar bhealach difri\u00fail, agus mar sin d\u00e9anann a dturas chun teanga nua a mh\u00e1istir. Ag Talkpal, \u00fas\u00e1idimid ardteicneola\u00edocht AI chun tuiscint a fh\u00e1il ar an gcaoi a bhfoghlaim\u00edonn na milli\u00fain mac l\u00e9inn teangacha gach l\u00e1. Cabhra\u00edonn s\u00e9 seo linn eisp\u00e9iris foghlama phearsantaithe, \u00e9ifeachtacha agus tarraingteacha a chruth\u00fa at\u00e1 deartha go sonrach do mhic l\u00e9inn cos\u00fail leatsa.<\/p>\r\n                    \r\n                <\/a>\r\n                            <a class=\"introducCard\" href=\"https:\/\/app.talkpal.ai\/signup?lng=\">\r\n\r\n                    \r\n                                                <img decoding=\"async\" src=\"https:\/\/talkpal.ai\/wp-content\/uploads\/2025\/05\/Realtime_feedback.png\" alt=\"Feedback Screenshot\" \/>\r\n                        <h4 class=\"introduceTitle\">Teicneola\u00edocht Nua-Aoiseach<\/h4>\r\n                        <p class=\"cardText\">Is \u00e9 \u00e1r misean foghlaim teanga phearsantaithe a dh\u00e9anamh inrochtana do gach scol\u00e1ire tr\u00ed na nu\u00e1la\u00edochta\u00ed is d\u00e9ana\u00ed in AI a chomhcheangal le modhanna oideachais cruthaithe. Le Talkpal, n\u00ed hamh\u00e1in go nglacann t\u00fa ceachtanna &#8211; taith\u00ed agat ar thuras saincheaptha a oireann do luas, do st\u00edl agus do spriocanna.<\/p>\r\n                    \r\n                <\/a>\r\n                            <a class=\"introducCard\" href=\"https:\/\/app.talkpal.ai\/signup?lng=\">\r\n\r\n                    \r\n                                                <img decoding=\"async\" src=\"https:\/\/talkpal.ai\/wp-content\/uploads\/2025\/05\/Personalization.png\" alt=\"Personalization Screenshot\" \/>\r\n                        <h4 class=\"introduceTitle\">Foghlaim a Dh\u00e9anamh Spraoi<\/h4>\r\n                        <p class=\"cardText\">Creidimid gur ch\u00f3ir go mbeadh foghlaim teanga spraoi agus spreag\u00fail. Sin \u00e9 an f\u00e1th go bhfuil Talkpal t\u00f3gtha chun mic l\u00e9inn a choinne\u00e1il gafa agus spreagtha &#8211; rud a fh\u00e1gann go mbraitheann an fhoghlaim n\u00edos l\u00fa cos\u00fail le staid\u00e9ar agus n\u00edos m\u00f3 cos\u00fail le heachtra spreag\u00fail. B\u00ed leis na m\u00edlte mac l\u00e9inn ar fud an domhain agus tosaigh ag m\u00e1istreacht ar do ch\u00e9ad teanga eile le Talkpal!<\/p>\r\n                    \r\n                <\/a>\r\n                            <\/div>\r\n                     <a class=\"featureSectionLink\" href=\"https:\/\/app.talkpal.ai\/signup?discount=50\">\r\n                Faigh lascaine            <\/a>\r\n                \r\n<\/section>\r\n\r\n\r\n<section class=\"smartFunSection\">\r\n            \r\n            <div class=\"smartFunCard\">\r\n                <div class=\"smartFunWrapper\"><img decoding=\"async\" src=\"https:\/\/talkpal.ai\/wp-content\/uploads\/2025\/05\/1.png\" alt=\"Learning Stats Screenshot\"><\/div>\r\n                <h3>Curtha in oiri\u00faint duit<\/h3>\r\n                <p>\u00das\u00e1ideann Talkpal teicneola\u00edocht AI-tiom\u00e1inte chun seisi\u00fain foghlama teanga phearsantaithe a shol\u00e1thar at\u00e1 oiri\u00fanaithe do leibh\u00e9al agus luas gach mac l\u00e9inn. T\u00e1 gach ceacht deartha chun freastal ar do riachtanais foghlama aonair agus chun cabhr\u00fa leat dul chun cinn seasta a dh\u00e9anamh.<\/p>\r\n            <\/div>\r\n\r\n        \r\n            <div class=\"smartFunCard\">\r\n                <div class=\"smartFunWrapper\"><img decoding=\"async\" src=\"https:\/\/talkpal.ai\/wp-content\/uploads\/2025\/05\/2.png\" alt=\"Pronunciation Score Screenshot\"><\/div>\r\n                <h3>\u00c9ifeachtach &amp; \u00c9ifeachtach<\/h3>\r\n                <p>Feabhas a chur ar do scileanna l\u00e9itheoireachta, \u00e9isteachta agus labhartha go h\u00e9ifeachtach le Talkpal. T\u00e1 \u00e1r n-uirlis\u00ed foghlama nu\u00e1lacha t\u00f3gtha chun staid\u00e9ar teanga a dh\u00e9anamh \u00e9ifeachtach agus taitneamhach do mhic l\u00e9inn de gach c\u00falra.<\/p>\r\n            <\/div>\r\n\r\n        \r\n            <div class=\"smartFunCard\">\r\n                <div class=\"smartFunWrapper\"><img decoding=\"async\" src=\"https:\/\/talkpal.ai\/wp-content\/uploads\/2025\/05\/3.png\" alt=\"Chat Topics Screenshot\"><\/div>\r\n                <h3>Coinnigh Rannph\u00e1irteach<\/h3>\r\n                <p>Comhcheangla\u00edonn an t-ard\u00e1n eilimint\u00ed gamified, d\u00fashl\u00e1in tarraingteacha, agus ceisteanna machnaimh chun mic l\u00e9inn a choinne\u00e1il spreagtha agus comhsheasmhach. Le Talkpal, is n\u00f3s laeth\u00fail spra\u00ed\u00fail \u00e9 foghlaim teanga &#8211; n\u00ed tasc.<\/p>\r\n            <\/div>\r\n\r\n        \r\n            <div class=\"smartFunCard\">\r\n                <div class=\"smartFunWrapper\"><img decoding=\"async\" src=\"https:\/\/talkpal.ai\/wp-content\/uploads\/2025\/05\/4.png\" alt=\"Dashboard Screenshot\"><\/div>\r\n                <h3>Bain sult as an bhfoghlaim<\/h3>\r\n                <p>N\u00ed g\u00e1 go mbraitheann m\u00e1istreacht teanga nua tedious. Cuireann Talkpal cleachta\u00ed idirghn\u00edomhacha, carachtair bhr\u00edomhara, agus fi\u00fa comhr\u00e1ite AI greannmhara ar f\u00e1il chun foghlaim a dh\u00e9anamh mar chuid taitneamhach agus spreag\u00fail de l\u00e1 gach mac l\u00e9inn.<\/p>\r\n            <\/div>\r\n\r\n            \r\n<\/section>\r\n\r\n<section class=\"promotionalBanner\">\r\n    <p class=\"promotionalText\">Talkpal do mhic l\u00e9inn &#8211; Tosaigh ag foghlaim le praghas lascainithe<\/p>\r\n                <a class=\"promotionalLink\" href=\"https:\/\/app.talkpal.ai\/signup?discount=50\">\r\n                Faigh lascaine            <\/a>\r\n            \r\n<\/section>","protected":false},"excerpt":{"rendered":"","protected":false},"author":10,"featured_media":0,"parent":0,"menu_order":0,"comment_status":"closed","ping_status":"closed","template":"LearningContentPage.php","meta":{"_acf_changed":false,"footnotes":""},"class_list":["post-1461954","page","type-page","status-publish","hentry"],"acf":[],"yoast_head":"<!-- This site is optimized with the Yoast SEO Premium plugin v27.2 (Yoast SEO v27.2) - https:\/\/yoast.com\/product\/yoast-seo-premium-wordpress\/ -->\n<title>Lascaine Talkpal do mhic l\u00e9inn - Talkpal<\/title>\n<meta name=\"description\" content=\"Faigh lascaine eisiach mac l\u00e9inn 79% ar Talkpal chun teangacha a fhoghlaim n\u00edos tap\u00fala le cleachtas comhr\u00e1 AI pearsantaithe.\" \/>\n<meta name=\"robots\" content=\"index, follow, max-snippet:-1, max-image-preview:large, max-video-preview:-1\" \/>\n<link rel=\"canonical\" href=\"https:\/\/talkpal.ai\/ga\/lascaine-talkpal-do-mhic-leinn\/\" \/>\n<meta property=\"og:locale\" content=\"ga_IE\" \/>\n<meta property=\"og:type\" content=\"article\" \/>\n<meta property=\"og:title\" content=\"Lascaine Talkpal do mhic l\u00e9inn\" \/>\n<meta property=\"og:url\" content=\"https:\/\/talkpal.ai\/ga\/lascaine-talkpal-do-mhic-leinn\/\" \/>\n<meta property=\"og:site_name\" content=\"Talkpal\" \/>\n<meta property=\"article:publisher\" content=\"https:\/\/www.facebook.com\/profile.php?id=100090733639311\" \/>\n<meta property=\"article:modified_time\" content=\"2026-01-22T14:57:27+00:00\" \/>\n<meta property=\"og:image\" content=\"https:\/\/talkpal.ai\/wp-content\/uploads\/2025\/02\/Progress-tab-16_9.png\" \/>\n\t<meta property=\"og:image:width\" content=\"2880\" \/>\n\t<meta property=\"og:image:height\" content=\"1620\" \/>\n\t<meta property=\"og:image:type\" content=\"image\/png\" \/>\n<meta name=\"twitter:card\" content=\"summary_large_image\" \/>\n<meta name=\"twitter:site\" content=\"@talkpalai\" \/>\n<script type=\"application\/ld+json\" class=\"yoast-schema-graph\">{\"@context\":\"https:\/\/schema.org\",\"@graph\":[{\"@type\":\"WebPage\",\"@id\":\"https:\/\/talkpal.ai\/ga\/lascaine-talkpal-do-mhic-leinn\/\",\"url\":\"https:\/\/talkpal.ai\/ga\/lascaine-talkpal-do-mhic-leinn\/\",\"name\":\"Lascaine Talkpal do mhic l\u00e9inn - Talkpal\",\"isPartOf\":{\"@id\":\"https:\/\/talkpal.ai\/ga\/#website\"},\"datePublished\":\"2025-10-22T12:21:47+00:00\",\"dateModified\":\"2026-01-22T14:57:27+00:00\",\"description\":\"Faigh lascaine eisiach mac l\u00e9inn 79% ar Talkpal chun teangacha a fhoghlaim n\u00edos tap\u00fala le cleachtas comhr\u00e1 AI pearsantaithe.\",\"breadcrumb\":{\"@id\":\"https:\/\/talkpal.ai\/ga\/lascaine-talkpal-do-mhic-leinn\/#breadcrumb\"},\"inLanguage\":\"ga-IE\",\"potentialAction\":[{\"@type\":\"ReadAction\",\"target\":[\"https:\/\/talkpal.ai\/ga\/lascaine-talkpal-do-mhic-leinn\/\"]}]},{\"@type\":\"BreadcrumbList\",\"@id\":\"https:\/\/talkpal.ai\/ga\/lascaine-talkpal-do-mhic-leinn\/#breadcrumb\",\"itemListElement\":[{\"@type\":\"ListItem\",\"position\":1,\"name\":\"Homepage\",\"item\":\"https:\/\/talkpal.ai\/ga\/\"},{\"@type\":\"ListItem\",\"position\":2,\"name\":\"Lascaine Talkpal do mhic l\u00e9inn\"}]},{\"@type\":\"WebSite\",\"@id\":\"https:\/\/talkpal.ai\/ga\/#website\",\"url\":\"https:\/\/talkpal.ai\/ga\/\",\"name\":\"Talkpal\",\"description\":\"AI Language Learning\",\"publisher\":{\"@id\":\"https:\/\/talkpal.ai\/ga\/#organization\"},\"alternateName\":\"Talkpal AI\",\"potentialAction\":[{\"@type\":\"SearchAction\",\"target\":{\"@type\":\"EntryPoint\",\"urlTemplate\":\"https:\/\/talkpal.ai\/ga\/?s={search_term_string}\"},\"query-input\":{\"@type\":\"PropertyValueSpecification\",\"valueRequired\":true,\"valueName\":\"search_term_string\"}}],\"inLanguage\":\"ga-IE\"},{\"@type\":\"Organization\",\"@id\":\"https:\/\/talkpal.ai\/ga\/#organization\",\"name\":\"Talkpal, Inc.\",\"alternateName\":\"Talkpal AI\",\"url\":\"https:\/\/talkpal.ai\/ga\/\",\"logo\":{\"@type\":\"ImageObject\",\"inLanguage\":\"ga-IE\",\"@id\":\"https:\/\/talkpal.ai\/ga\/#\/schema\/logo\/image\/\",\"url\":\"https:\/\/talkpal.ai\/wp-content\/uploads\/2024\/03\/Talkpal-Logo-Icon.png\",\"contentUrl\":\"https:\/\/talkpal.ai\/wp-content\/uploads\/2024\/03\/Talkpal-Logo-Icon.png\",\"width\":2880,\"height\":2880,\"caption\":\"Talkpal, Inc.\"},\"image\":{\"@id\":\"https:\/\/talkpal.ai\/ga\/#\/schema\/logo\/image\/\"},\"sameAs\":[\"https:\/\/www.facebook.com\/profile.php?id=100090733639311\",\"https:\/\/x.com\/talkpalai\",\"https:\/\/www.linkedin.com\/company\/talkpal\/\",\"https:\/\/www.youtube.com\/@TalkPal\/\",\"https:\/\/www.tiktok.com\/@talkpal\",\"https:\/\/www.instagram.com\/talkpal_ai\/\",\"https:\/\/www.crunchbase.com\/organization\/talkpal-9cde\",\"https:\/\/www.g2.com\/products\/talkpal-for-business\/\",\"https:\/\/www.trustpilot.com\/review\/talkpal.ai\",\"https:\/\/www.capterra.com\/p\/10006800\/TalkPal\/\"],\"description\":\"Talkpal is a language learning web and mobile education app, powered by the latest AI technologies, that provides engaging experiences to its customers in many different languages to help them improve their language skills. Users can chat about unlimited amount of topics with the app and use other modes to practice their language learning.\",\"email\":\"support@talkpal.ai\",\"legalName\":\"Talkpal, Inc.\",\"foundingDate\":\"2023-04-03\",\"duns\":\"118989042\",\"numberOfEmployees\":{\"@type\":\"QuantitativeValue\",\"minValue\":\"11\",\"maxValue\":\"50\"},\"publishingPrinciples\":\"https:\/\/talkpal.ai\/publishing-principles\/\",\"actionableFeedbackPolicy\":\"https:\/\/talkpal.ai\/actionable-feedback-policy\/\",\"correctionsPolicy\":\"https:\/\/talkpal.ai\/corrections-policy\/\",\"ethicsPolicy\":\"https:\/\/talkpal.ai\/ethics-policy\/\",\"diversityPolicy\":\"https:\/\/talkpal.ai\/diversity-policy\/\",\"diversityStaffingReport\":\"https:\/\/talkpal.ai\/diversity-policy\/\"}]}<\/script>\n<!-- \/ Yoast SEO Premium plugin. -->","yoast_head_json":{"title":"Lascaine Talkpal do mhic l\u00e9inn - Talkpal","description":"Faigh lascaine eisiach mac l\u00e9inn 79% ar Talkpal chun teangacha a fhoghlaim n\u00edos tap\u00fala le cleachtas comhr\u00e1 AI pearsantaithe.","robots":{"index":"index","follow":"follow","max-snippet":"max-snippet:-1","max-image-preview":"max-image-preview:large","max-video-preview":"max-video-preview:-1"},"canonical":"https:\/\/talkpal.ai\/ga\/lascaine-talkpal-do-mhic-leinn\/","og_locale":"ga_IE","og_type":"article","og_title":"Lascaine Talkpal do mhic l\u00e9inn","og_url":"https:\/\/talkpal.ai\/ga\/lascaine-talkpal-do-mhic-leinn\/","og_site_name":"Talkpal","article_publisher":"https:\/\/www.facebook.com\/profile.php?id=100090733639311","article_modified_time":"2026-01-22T14:57:27+00:00","og_image":[{"width":2880,"height":1620,"url":"https:\/\/talkpal.ai\/wp-content\/uploads\/2025\/02\/Progress-tab-16_9.png","type":"image\/png"}],"twitter_card":"summary_large_image","twitter_site":"@talkpalai","schema":{"@context":"https:\/\/schema.org","@graph":[{"@type":"WebPage","@id":"https:\/\/talkpal.ai\/ga\/lascaine-talkpal-do-mhic-leinn\/","url":"https:\/\/talkpal.ai\/ga\/lascaine-talkpal-do-mhic-leinn\/","name":"Lascaine Talkpal do mhic l\u00e9inn - Talkpal","isPartOf":{"@id":"https:\/\/talkpal.ai\/ga\/#website"},"datePublished":"2025-10-22T12:21:47+00:00","dateModified":"2026-01-22T14:57:27+00:00","description":"Faigh lascaine eisiach mac l\u00e9inn 79% ar Talkpal chun teangacha a fhoghlaim n\u00edos tap\u00fala le cleachtas comhr\u00e1 AI pearsantaithe.","breadcrumb":{"@id":"https:\/\/talkpal.ai\/ga\/lascaine-talkpal-do-mhic-leinn\/#breadcrumb"},"inLanguage":"ga-IE","potentialAction":[{"@type":"ReadAction","target":["https:\/\/talkpal.ai\/ga\/lascaine-talkpal-do-mhic-leinn\/"]}]},{"@type":"BreadcrumbList","@id":"https:\/\/talkpal.ai\/ga\/lascaine-talkpal-do-mhic-leinn\/#breadcrumb","itemListElement":[{"@type":"ListItem","position":1,"name":"Homepage","item":"https:\/\/talkpal.ai\/ga\/"},{"@type":"ListItem","position":2,"name":"Lascaine Talkpal do mhic l\u00e9inn"}]},{"@type":"WebSite","@id":"https:\/\/talkpal.ai\/ga\/#website","url":"https:\/\/talkpal.ai\/ga\/","name":"Talkpal","description":"AI Language Learning","publisher":{"@id":"https:\/\/talkpal.ai\/ga\/#organization"},"alternateName":"Talkpal AI","potentialAction":[{"@type":"SearchAction","target":{"@type":"EntryPoint","urlTemplate":"https:\/\/talkpal.ai\/ga\/?s={search_term_string}"},"query-input":{"@type":"PropertyValueSpecification","valueRequired":true,"valueName":"search_term_string"}}],"inLanguage":"ga-IE"},{"@type":"Organization","@id":"https:\/\/talkpal.ai\/ga\/#organization","name":"Talkpal, Inc.","alternateName":"Talkpal AI","url":"https:\/\/talkpal.ai\/ga\/","logo":{"@type":"ImageObject","inLanguage":"ga-IE","@id":"https:\/\/talkpal.ai\/ga\/#\/schema\/logo\/image\/","url":"https:\/\/talkpal.ai\/wp-content\/uploads\/2024\/03\/Talkpal-Logo-Icon.png","contentUrl":"https:\/\/talkpal.ai\/wp-content\/uploads\/2024\/03\/Talkpal-Logo-Icon.png","width":2880,"height":2880,"caption":"Talkpal, Inc."},"image":{"@id":"https:\/\/talkpal.ai\/ga\/#\/schema\/logo\/image\/"},"sameAs":["https:\/\/www.facebook.com\/profile.php?id=100090733639311","https:\/\/x.com\/talkpalai","https:\/\/www.linkedin.com\/company\/talkpal\/","https:\/\/www.youtube.com\/@TalkPal\/","https:\/\/www.tiktok.com\/@talkpal","https:\/\/www.instagram.com\/talkpal_ai\/","https:\/\/www.crunchbase.com\/organization\/talkpal-9cde","https:\/\/www.g2.com\/products\/talkpal-for-business\/","https:\/\/www.trustpilot.com\/review\/talkpal.ai","https:\/\/www.capterra.com\/p\/10006800\/TalkPal\/"],"description":"Talkpal is a language learning web and mobile education app, powered by the latest AI technologies, that provides engaging experiences to its customers in many different languages to help them improve their language skills. Users can chat about unlimited amount of topics with the app and use other modes to practice their language learning.","email":"support@talkpal.ai","legalName":"Talkpal, Inc.","foundingDate":"2023-04-03","duns":"118989042","numberOfEmployees":{"@type":"QuantitativeValue","minValue":"11","maxValue":"50"},"publishingPrinciples":"https:\/\/talkpal.ai\/publishing-principles\/","actionableFeedbackPolicy":"https:\/\/talkpal.ai\/actionable-feedback-policy\/","correctionsPolicy":"https:\/\/talkpal.ai\/corrections-policy\/","ethicsPolicy":"https:\/\/talkpal.ai\/ethics-policy\/","diversityPolicy":"https:\/\/talkpal.ai\/diversity-policy\/","diversityStaffingReport":"https:\/\/talkpal.ai\/diversity-policy\/"}]}},"_links":{"self":[{"href":"https:\/\/talkpal.ai\/ga\/wp-json\/wp\/v2\/pages\/1461954","targetHints":{"allow":["GET"]}}],"collection":[{"href":"https:\/\/talkpal.ai\/ga\/wp-json\/wp\/v2\/pages"}],"about":[{"href":"https:\/\/talkpal.ai\/ga\/wp-json\/wp\/v2\/types\/page"}],"author":[{"embeddable":true,"href":"https:\/\/talkpal.ai\/ga\/wp-json\/wp\/v2\/users\/10"}],"replies":[{"embeddable":true,"href":"https:\/\/talkpal.ai\/ga\/wp-json\/wp\/v2\/comments?post=1461954"}],"version-history":[{"count":0,"href":"https:\/\/talkpal.ai\/ga\/wp-json\/wp\/v2\/pages\/1461954\/revisions"}],"wp:attachment":[{"href":"https:\/\/talkpal.ai\/ga\/wp-json\/wp\/v2\/media?parent=1461954"}],"curies":[{"name":"wp","href":"https:\/\/api.w.org\/{rel}","templated":true}]}}