{"id":1448019,"date":"2023-06-21T14:29:48","date_gmt":"2023-06-21T14:29:48","guid":{"rendered":"https:\/\/talkpal.ai\/cleachtai-gramadai-na-hungaire\/"},"modified":"2025-12-17T16:06:58","modified_gmt":"2025-12-17T16:06:58","slug":"cleachtai-gramadai-na-hungaire","status":"publish","type":"page","link":"https:\/\/talkpal.ai\/ga\/cleachtai-gramadai-na-hungaire\/","title":{"rendered":"Cleachta\u00ed Gramada\u00ed na hUng\u00e1ire"},"content":{"rendered":"\r\n\r\n\r\n<section class=\"languageChallengeSection\">\r\n    <div class=\"languageInfoWrapper\">\r\n        \r\n        <h1>Cleachta\u00ed Gramada\u00ed na hUng\u00e1ire<\/h1>\r\n        <p>R\u00e9idh le do scileanna Ung\u00e1iris a neart\u00fa? Is bealach iontach \u00e9 cleachta\u00ed gramada\u00ed a chleachtadh chun ord focal, foircinn briathra, agus strucht\u00far uath\u00fail na hUng\u00e1irise a mh\u00e1istir. L\u00e9im isteach i ngramadach na hUng\u00e1ire inniu agus f\u00e9ach go bhf\u00e1sann do mhuin\u00edn agus do l\u00edofacht le gach cleachtadh!<\/p>\r\n\r\n                            <a class=\"getStartedHidden\" href=\"https:\/\/app.talkpal.ai\/signup?lng=\">Tosaigh<\/a>\r\n        \r\n    <\/div>\r\n\r\n    <figure>\r\n    <img decoding=\"async\" width=\"768\" height=\"768\" src=\"https:\/\/talkpal.ai\/wp-content\/uploads\/2023\/06\/hungarian-768x768.png\" class=\"languageImage no-lazy\" alt=\"Language learning strategies for advanced learners\" fetchpriority=\"high\" sizes=\"(max-width: 768px) 150px, 768px\" srcset=\"https:\/\/talkpal.ai\/wp-content\/uploads\/2023\/06\/hungarian-768x768.png 768w, https:\/\/talkpal.ai\/wp-content\/uploads\/2023\/06\/hungarian-300x300.png 300w\" \/>\r\n    \r\n\r\n    <\/figure>\r\n\r\n            <a class=\"getStartedVisible\" href=\"https:\/\/app.talkpal.ai\/signup?lng=\">Tosaigh<\/a>\r\n    \r\n<\/section>\r\n\r\n\r\n<!-- <section class=\"grammarSection\">\r\n    <div class=\"grammarLinks\">\r\n            <\/div>\r\n<\/section> -->\r\n\r\n\r\n\r\n\r\n<section class=\"promotionalBanner\">\r\n    <p class=\"promotionalText\">An bealach is \u00e9ifeachta\u00ed le teanga a fhoghlaim<\/p>\r\n    <a class=\"promotionalLink\" href=\"https:\/\/app.talkpal.ai\/signup?lng=\">Bain triail as Talkpal saor in aisce<\/a>\r\n<\/section>\n<div class=\"wp-block-group pageContainerStyle\"><div class=\"wp-block-group__inner-container is-layout-constrained wp-block-group-is-layout-constrained\">\n<h2 class=\"wp-block-heading\" id=\"h-hungarian-grammar-topics\">Topaic\u00ed Gramada\u00ed na hUng\u00e1ire<\/h2>\n\n\n\n<p>Is eisp\u00e9ireas corraitheach agus luachmhar \u00e9 teanga <a href=\"https:\/\/talkpal.ai\/talkpal-new-years-discount\/\">nua<\/a> a fhoghlaim. Mar sin f\u00e9in, is f\u00e9idir leis a bheith s\u00e1ch s\u00e1raitheach freisin, go h\u00e1irithe nuair a thagann s\u00e9 chun topaic\u00ed gramada\u00ed a thuiscint agus a mh\u00e1istir. T\u00e1 cur chuige dea-strucht\u00fartha <a href=\"https:\/\/talkpal.ai\/ga\/maidir\/\">maidir<\/a> le gramada\u00ed a fhoghlaim r\u00edth\u00e1bhachtach chun go n-\u00e9ireoidh le teanga nua a shealbh\u00fa. Sa treoir seo, t\u00e1 topaic\u00ed gramada\u00ed cnuasaithe againn i seicheamh a chabhr\u00f3idh leat an teanga a fhoghlaim n\u00edos \u00e9ifeachta\u00ed. Tr\u00ed na topaic\u00ed seo a thuiscint agus a mh\u00e1istir, beidh t\u00fa ar an mbealach chun a bheith inni\u00fail i do sprioctheanga.<\/p>\n\n\n\n<h3 class=\"wp-block-heading\" id=\"h-1-nouns-and-articles\">1. Ainmfhocail agus Airteagail<\/h3>\n\n\n\n<p>Cuir t\u00fas le do thuras foghlama teanga tr\u00ed thuiscint a fh\u00e1il ar bhunghn\u00e9ithe ainmfhocail agus ailt. Is focail iad ainmfhocail a l\u00e9ir\u00edonn daoine, \u00e1iteanna, ruda\u00ed, n\u00f3 smaointe. \u00das\u00e1idtear ailt chun saini\u00falacht ainmfhocail a l\u00e9iri\u00fa. Cabhr\u00f3idh foghlaim leat abairt\u00ed simpl\u00ed a fhoirmi\u00fa agus strucht\u00far na teanga a thuiscint.<\/p>\n\n\n\n<h3 class=\"wp-block-heading\" id=\"h-2-pronouns-determiners\">2. Forainmneacha \/ Cinnteoir\u00ed<\/h3>\n\n\n\n<p>Cuireann forainmneacha in ionad ainmfhocail in abairt agus cabhra\u00edonn siad le hathr\u00e1 a sheachaint, agus sol\u00e1thra\u00edonn cinnteoir\u00ed faisn\u00e9is faoi chainn\u00edocht n\u00f3 cinnteacht ainmfhocail. Feabhs\u00f3idh m\u00e1istreacht na n-\u00e1bhar seo do l\u00edofacht agus do thuiscint.<\/p>\n\n\n\n<h3 class=\"wp-block-heading\" id=\"h-3-adjectives-and-adverbs\">3. Aidiachta\u00ed agus Adverbs<\/h3>\n\n\n\n<p>D\u00e9anann aidiachta\u00ed cur s\u00edos ar ainmfhocail, agus d\u00e9anann adverba\u00ed briathra, aidiachta\u00ed n\u00f3 aidiachta\u00ed eile a mhodhn\u00fa. Tr\u00ed iad seo a fhoghlaim, is f\u00e9idir leat n\u00edos m\u00f3 sonra\u00ed agus soil\u00e9ireachta a <a href=\"https:\/\/talkpal.ai\/locations\/language-courses-in-chur\/\">chur<\/a> le d&#8217;abairt\u00ed, rud a fh\u00e1gann go bhfuil do chuid scileanna teanga n\u00edos l\u00e9irith\u00ed agus n\u00edos tarraingt\u00ed.<\/p>\n\n\n\n<h3 class=\"wp-block-heading\" id=\"h-4-verbs-tenses-and-tense-comparison\">4. Briathra, Aimsir agus Compar\u00e1id Aimsire<\/h3>\n\n\n\n<p>L\u00e9ir\u00edonn briathra gn\u00edomhartha n\u00f3 st\u00e1it bheith, agus l\u00e9ir\u00edonn aimsir an t-am a tharla\u00edonn gn\u00edomh. Is f\u00e9idir leat gn\u00edomhartha san am at\u00e1 caite, san am i l\u00e1thair agus sa todhcha\u00ed a phl\u00e9 go cruinn.<\/p>\n\n\n\n<h3 class=\"wp-block-heading\" id=\"h-5-progressive-and-perfect-progressive\">5. For\u00e1sach agus For\u00e1sach Foirfe<\/h3>\n\n\n\n<p>D\u00edr\u00edonn an aimsir fhor\u00e1sach ar ghn\u00edomhartha ar si\u00fal, agus cuireann an aimsir fhor\u00e1sach foirfe b\u00e9im ar fhad gn\u00edomha\u00edochta suas go pointe \u00e1irithe <a href=\"https:\/\/talkpal.ai\/locations\/language-courses-in-ama\/\">ama<\/a>. Feabhsa\u00edonn na haimsir seo do chumas smaointe agus smaointe casta a chur in i\u00fal sa teanga.<\/p>\n\n\n\n<h3 class=\"wp-block-heading\" id=\"h-6-conditionals\">6. Coinn\u00edollacha<\/h3>\n\n\n\n<p>D\u00e9anann coinn\u00edollacha cur s\u00edos ar ch\u00e1sanna hipit\u00e9iseacha n\u00f3 f\u00e9ideartha agus a n-iarmhairt\u00ed. Cuid\u00edonn m\u00e1istreacht coinn\u00edollacha leat smaointe n\u00edos nuanced agus n\u00edos mionsonraithe a chur in i\u00fal i do sprioctheanga.<\/p>\n\n\n\n<h3 class=\"wp-block-heading\" id=\"h-7-prepositions\">7. Prepositions<\/h3>\n\n\n\n<p>L\u00e9ir\u00edonn r\u00e9amhfhocail caidrimh idir focail in abairt, mar shampla su\u00edomh, treo, n\u00f3 am. T\u00e1 r\u00f3l suntasach ag na focail bheaga seo maidir le br\u00ed abairte a mh\u00fanl\u00fa.<\/p>\n\n\n\n<h3 class=\"wp-block-heading\" id=\"h-8-sentences\">8. Pianbhreitheanna<\/h3>\n\n\n\n<p>Mar fhocal scoir, t\u00e1 s\u00e9 riachtanach strucht\u00far abairt\u00ed a thuiscint agus a bheith in ann cine\u00e1lacha \u00e9ags\u00fala abairt\u00ed a th\u00f3g\u00e1il chun cumars\u00e1id shoil\u00e9ir agus \u00e9ifeachtach a dh\u00e9anamh in aon teanga. Foghlaim conas abairt\u00ed simpl\u00ed, cumaisc agus casta a fhoirmi\u00fa, agus cleachtadh a dh\u00e9anamh ag baint \u00fas\u00e1ide as strucht\u00fair abairt\u00ed \u00e9ags\u00fala chun do chuid smaointe a chur in i\u00fal go cruinn.<\/p>\n<\/div><\/div>\n\r\n<section class=\"learnNavigationSection\">\r\n            \r\n        <a href=\"https:\/\/talkpal.ai\/ga\/foghlaim-ungairis\/\">\r\n            <div class=\"learnNavigationWrapper\">\r\n                <div class=\"learnNavigationContent\">\r\n                    <img decoding=\"async\" src=\"https:\/\/talkpal.ai\/wp-content\/uploads\/2024\/08\/Hungarian.jpg\" alt=\"Hungarian Flag\">\r\n                    <div>\r\n                        <h4>Maidir le Foghlaim na hUng\u00e1ire<\/h4>\r\n                        <p>Faigh amach gach rud faoi ghramadach na hUng\u00e1ire.<\/p>\r\n                    <\/div>\r\n                <\/div>\r\n            <\/div>\r\n        <\/a>\r\n\r\n        \r\n        <a href=\"https:\/\/talkpal.ai\/ga\/gramadach-na-hungaire\/\">\r\n            <div class=\"learnNavigationWrapper\">\r\n                <div class=\"learnNavigationContent\">\r\n                    <img decoding=\"async\" src=\"https:\/\/talkpal.ai\/wp-content\/uploads\/2024\/08\/Hungarian.jpg\" alt=\"Hungarian Flag\">\r\n                    <div>\r\n                        <h4>Ceachtanna Gramada\u00ed na hUng\u00e1ire<\/h4>\r\n                        <p>Cleachtadh gramadach na hUng\u00e1ire.<\/p>\r\n                    <\/div>\r\n                <\/div>\r\n            <\/div>\r\n        <\/a>\r\n\r\n        \r\n        <a href=\"https:\/\/talkpal.ai\/vocabulary_language\/hungarian\/\">\r\n            <div class=\"learnNavigationWrapper\">\r\n                <div class=\"learnNavigationContent\">\r\n                    <img decoding=\"async\" src=\"https:\/\/talkpal.ai\/wp-content\/uploads\/2024\/08\/Hungarian.jpg\" alt=\"Hungarian Flag\">\r\n                    <div>\r\n                        <h4>St\u00f3r Focal na hUng\u00e1ire<\/h4>\r\n                        <p>Leathnaigh do st\u00f3r focal Ung\u00e1iris.<\/p>\r\n                    <\/div>\r\n                <\/div>\r\n            <\/div>\r\n        <\/a>\r\n\r\n            <\/section>","protected":false},"excerpt":{"rendered":"<p>Topaic\u00ed Gramada\u00ed na hUng\u00e1ire Is eisp\u00e9ireas corraitheach agus luachmhar \u00e9 teanga nua a fhoghlaim. Mar sin f\u00e9in, is f\u00e9idir leis a bheith s\u00e1ch s\u00e1raitheach freisin, go h\u00e1irithe nuair a thagann s\u00e9 chun topaic\u00ed gramada\u00ed a thuiscint agus a mh\u00e1istir. T\u00e1 cur chuige dea-strucht\u00fartha maidir le gramada\u00ed a fhoghlaim r\u00edth\u00e1bhachtach chun go n-\u00e9ireoidh le teanga nua [&hellip;]<\/p>\n","protected":false},"author":6,"featured_media":1444082,"parent":0,"menu_order":0,"comment_status":"closed","ping_status":"closed","template":"LearningContentPage.php","meta":{"_acf_changed":false,"footnotes":""},"class_list":["post-1448019","page","type-page","status-publish","has-post-thumbnail","hentry"],"acf":[],"yoast_head":"<!-- This site is optimized with the Yoast SEO Premium plugin v27.2 (Yoast SEO v27.2) - https:\/\/yoast.com\/product\/yoast-seo-premium-wordpress\/ -->\n<title>Cleachta\u00ed Gramada\u00ed na hUng\u00e1ire - Talkpal<\/title>\n<meta name=\"description\" content=\"Treisi\u00fa do scileanna gramada\u00ed Ung\u00e1iris go h\u00e9asca - comhl\u00e1naigh cleachta\u00ed praitici\u00fala, cleachtas idirghn\u00edomhach, agus faigh aiseolas pearsantaithe\" \/>\n<meta name=\"robots\" content=\"index, follow, max-snippet:-1, max-image-preview:large, max-video-preview:-1\" \/>\n<link rel=\"canonical\" href=\"https:\/\/talkpal.ai\/ga\/cleachtai-gramadai-na-hungaire\/\" \/>\n<meta property=\"og:locale\" content=\"ga_IE\" \/>\n<meta property=\"og:type\" content=\"article\" \/>\n<meta property=\"og:title\" content=\"Cleachta\u00ed Gramada\u00ed na hUng\u00e1ire\" \/>\n<meta property=\"og:description\" content=\"Topaic\u00ed Gramada\u00ed na hUng\u00e1ire Is eisp\u00e9ireas corraitheach agus luachmhar \u00e9 teanga nua a fhoghlaim. Mar sin f\u00e9in, is f\u00e9idir leis a bheith s\u00e1ch s\u00e1raitheach\" \/>\n<meta property=\"og:url\" content=\"https:\/\/talkpal.ai\/ga\/cleachtai-gramadai-na-hungaire\/\" \/>\n<meta property=\"og:site_name\" content=\"Talkpal\" \/>\n<meta property=\"article:publisher\" content=\"https:\/\/www.facebook.com\/profile.php?id=100090733639311\" \/>\n<meta property=\"article:modified_time\" content=\"2025-12-17T16:06:58+00:00\" \/>\n<meta property=\"og:image\" content=\"https:\/\/talkpal.ai\/wp-content\/uploads\/2023\/05\/Hungarian.png\" \/>\n\t<meta property=\"og:image:width\" content=\"512\" \/>\n\t<meta property=\"og:image:height\" content=\"512\" \/>\n\t<meta property=\"og:image:type\" content=\"image\/png\" \/>\n<meta name=\"twitter:card\" content=\"summary_large_image\" \/>\n<meta name=\"twitter:site\" content=\"@talkpalai\" \/>\n<meta name=\"twitter:label1\" content=\"Est. reading time\" \/>\n\t<meta name=\"twitter:data1\" content=\"3 minutes\" \/>\n<script type=\"application\/ld+json\" class=\"yoast-schema-graph\">{\"@context\":\"https:\/\/schema.org\",\"@graph\":[{\"@type\":\"WebPage\",\"@id\":\"https:\/\/talkpal.ai\/ga\/cleachtai-gramadai-na-hungaire\/\",\"url\":\"https:\/\/talkpal.ai\/ga\/cleachtai-gramadai-na-hungaire\/\",\"name\":\"Cleachta\u00ed Gramada\u00ed na hUng\u00e1ire - Talkpal\",\"isPartOf\":{\"@id\":\"https:\/\/talkpal.ai\/ga\/#website\"},\"primaryImageOfPage\":{\"@id\":\"https:\/\/talkpal.ai\/ga\/cleachtai-gramadai-na-hungaire\/#primaryimage\"},\"image\":{\"@id\":\"https:\/\/talkpal.ai\/ga\/cleachtai-gramadai-na-hungaire\/#primaryimage\"},\"thumbnailUrl\":\"https:\/\/talkpal.ai\/wp-content\/uploads\/2023\/05\/Hungarian.png\",\"datePublished\":\"2023-06-21T14:29:48+00:00\",\"dateModified\":\"2025-12-17T16:06:58+00:00\",\"description\":\"Treisi\u00fa do scileanna gramada\u00ed Ung\u00e1iris go h\u00e9asca - comhl\u00e1naigh cleachta\u00ed praitici\u00fala, cleachtas idirghn\u00edomhach, agus faigh aiseolas pearsantaithe\",\"breadcrumb\":{\"@id\":\"https:\/\/talkpal.ai\/ga\/cleachtai-gramadai-na-hungaire\/#breadcrumb\"},\"inLanguage\":\"ga-IE\",\"potentialAction\":[{\"@type\":\"ReadAction\",\"target\":[\"https:\/\/talkpal.ai\/ga\/cleachtai-gramadai-na-hungaire\/\"]}]},{\"@type\":\"ImageObject\",\"inLanguage\":\"ga-IE\",\"@id\":\"https:\/\/talkpal.ai\/ga\/cleachtai-gramadai-na-hungaire\/#primaryimage\",\"url\":\"https:\/\/talkpal.ai\/wp-content\/uploads\/2023\/05\/Hungarian.png\",\"contentUrl\":\"https:\/\/talkpal.ai\/wp-content\/uploads\/2023\/05\/Hungarian.png\",\"width\":512,\"height\":512,\"caption\":\"TalkPal Hungarian Flag\"},{\"@type\":\"BreadcrumbList\",\"@id\":\"https:\/\/talkpal.ai\/ga\/cleachtai-gramadai-na-hungaire\/#breadcrumb\",\"itemListElement\":[{\"@type\":\"ListItem\",\"position\":1,\"name\":\"Homepage\",\"item\":\"https:\/\/talkpal.ai\/ga\/\"},{\"@type\":\"ListItem\",\"position\":2,\"name\":\"Cleachta\u00ed Gramada\u00ed na hUng\u00e1ire\"}]},{\"@type\":\"WebSite\",\"@id\":\"https:\/\/talkpal.ai\/ga\/#website\",\"url\":\"https:\/\/talkpal.ai\/ga\/\",\"name\":\"Talkpal\",\"description\":\"AI Language Learning\",\"publisher\":{\"@id\":\"https:\/\/talkpal.ai\/ga\/#organization\"},\"alternateName\":\"Talkpal AI\",\"potentialAction\":[{\"@type\":\"SearchAction\",\"target\":{\"@type\":\"EntryPoint\",\"urlTemplate\":\"https:\/\/talkpal.ai\/ga\/?s={search_term_string}\"},\"query-input\":{\"@type\":\"PropertyValueSpecification\",\"valueRequired\":true,\"valueName\":\"search_term_string\"}}],\"inLanguage\":\"ga-IE\"},{\"@type\":\"Organization\",\"@id\":\"https:\/\/talkpal.ai\/ga\/#organization\",\"name\":\"Talkpal, Inc.\",\"alternateName\":\"Talkpal AI\",\"url\":\"https:\/\/talkpal.ai\/ga\/\",\"logo\":{\"@type\":\"ImageObject\",\"inLanguage\":\"ga-IE\",\"@id\":\"https:\/\/talkpal.ai\/ga\/#\/schema\/logo\/image\/\",\"url\":\"https:\/\/talkpal.ai\/wp-content\/uploads\/2024\/03\/Talkpal-Logo-Icon.png\",\"contentUrl\":\"https:\/\/talkpal.ai\/wp-content\/uploads\/2024\/03\/Talkpal-Logo-Icon.png\",\"width\":2880,\"height\":2880,\"caption\":\"Talkpal, Inc.\"},\"image\":{\"@id\":\"https:\/\/talkpal.ai\/ga\/#\/schema\/logo\/image\/\"},\"sameAs\":[\"https:\/\/www.facebook.com\/profile.php?id=100090733639311\",\"https:\/\/x.com\/talkpalai\",\"https:\/\/www.linkedin.com\/company\/talkpal\/\",\"https:\/\/www.youtube.com\/@TalkPal\/\",\"https:\/\/www.tiktok.com\/@talkpal\",\"https:\/\/www.instagram.com\/talkpal_ai\/\",\"https:\/\/www.crunchbase.com\/organization\/talkpal-9cde\",\"https:\/\/www.g2.com\/products\/talkpal-for-business\/\",\"https:\/\/www.trustpilot.com\/review\/talkpal.ai\",\"https:\/\/www.capterra.com\/p\/10006800\/TalkPal\/\"],\"description\":\"Talkpal is a language learning web and mobile education app, powered by the latest AI technologies, that provides engaging experiences to its customers in many different languages to help them improve their language skills. Users can chat about unlimited amount of topics with the app and use other modes to practice their language learning.\",\"email\":\"support@talkpal.ai\",\"legalName\":\"Talkpal, Inc.\",\"foundingDate\":\"2023-04-03\",\"duns\":\"118989042\",\"numberOfEmployees\":{\"@type\":\"QuantitativeValue\",\"minValue\":\"11\",\"maxValue\":\"50\"},\"publishingPrinciples\":\"https:\/\/talkpal.ai\/publishing-principles\/\",\"actionableFeedbackPolicy\":\"https:\/\/talkpal.ai\/actionable-feedback-policy\/\",\"correctionsPolicy\":\"https:\/\/talkpal.ai\/corrections-policy\/\",\"ethicsPolicy\":\"https:\/\/talkpal.ai\/ethics-policy\/\",\"diversityPolicy\":\"https:\/\/talkpal.ai\/diversity-policy\/\",\"diversityStaffingReport\":\"https:\/\/talkpal.ai\/diversity-policy\/\"}]}<\/script>\n<!-- \/ Yoast SEO Premium plugin. -->","yoast_head_json":{"title":"Cleachta\u00ed Gramada\u00ed na hUng\u00e1ire - Talkpal","description":"Treisi\u00fa do scileanna gramada\u00ed Ung\u00e1iris go h\u00e9asca - comhl\u00e1naigh cleachta\u00ed praitici\u00fala, cleachtas idirghn\u00edomhach, agus faigh aiseolas pearsantaithe","robots":{"index":"index","follow":"follow","max-snippet":"max-snippet:-1","max-image-preview":"max-image-preview:large","max-video-preview":"max-video-preview:-1"},"canonical":"https:\/\/talkpal.ai\/ga\/cleachtai-gramadai-na-hungaire\/","og_locale":"ga_IE","og_type":"article","og_title":"Cleachta\u00ed Gramada\u00ed na hUng\u00e1ire","og_description":"Topaic\u00ed Gramada\u00ed na hUng\u00e1ire Is eisp\u00e9ireas corraitheach agus luachmhar \u00e9 teanga nua a fhoghlaim. Mar sin f\u00e9in, is f\u00e9idir leis a bheith s\u00e1ch s\u00e1raitheach","og_url":"https:\/\/talkpal.ai\/ga\/cleachtai-gramadai-na-hungaire\/","og_site_name":"Talkpal","article_publisher":"https:\/\/www.facebook.com\/profile.php?id=100090733639311","article_modified_time":"2025-12-17T16:06:58+00:00","og_image":[{"width":512,"height":512,"url":"https:\/\/talkpal.ai\/wp-content\/uploads\/2023\/05\/Hungarian.png","type":"image\/png"}],"twitter_card":"summary_large_image","twitter_site":"@talkpalai","twitter_misc":{"Est. reading time":"3 minutes"},"schema":{"@context":"https:\/\/schema.org","@graph":[{"@type":"WebPage","@id":"https:\/\/talkpal.ai\/ga\/cleachtai-gramadai-na-hungaire\/","url":"https:\/\/talkpal.ai\/ga\/cleachtai-gramadai-na-hungaire\/","name":"Cleachta\u00ed Gramada\u00ed na hUng\u00e1ire - Talkpal","isPartOf":{"@id":"https:\/\/talkpal.ai\/ga\/#website"},"primaryImageOfPage":{"@id":"https:\/\/talkpal.ai\/ga\/cleachtai-gramadai-na-hungaire\/#primaryimage"},"image":{"@id":"https:\/\/talkpal.ai\/ga\/cleachtai-gramadai-na-hungaire\/#primaryimage"},"thumbnailUrl":"https:\/\/talkpal.ai\/wp-content\/uploads\/2023\/05\/Hungarian.png","datePublished":"2023-06-21T14:29:48+00:00","dateModified":"2025-12-17T16:06:58+00:00","description":"Treisi\u00fa do scileanna gramada\u00ed Ung\u00e1iris go h\u00e9asca - comhl\u00e1naigh cleachta\u00ed praitici\u00fala, cleachtas idirghn\u00edomhach, agus faigh aiseolas pearsantaithe","breadcrumb":{"@id":"https:\/\/talkpal.ai\/ga\/cleachtai-gramadai-na-hungaire\/#breadcrumb"},"inLanguage":"ga-IE","potentialAction":[{"@type":"ReadAction","target":["https:\/\/talkpal.ai\/ga\/cleachtai-gramadai-na-hungaire\/"]}]},{"@type":"ImageObject","inLanguage":"ga-IE","@id":"https:\/\/talkpal.ai\/ga\/cleachtai-gramadai-na-hungaire\/#primaryimage","url":"https:\/\/talkpal.ai\/wp-content\/uploads\/2023\/05\/Hungarian.png","contentUrl":"https:\/\/talkpal.ai\/wp-content\/uploads\/2023\/05\/Hungarian.png","width":512,"height":512,"caption":"TalkPal Hungarian Flag"},{"@type":"BreadcrumbList","@id":"https:\/\/talkpal.ai\/ga\/cleachtai-gramadai-na-hungaire\/#breadcrumb","itemListElement":[{"@type":"ListItem","position":1,"name":"Homepage","item":"https:\/\/talkpal.ai\/ga\/"},{"@type":"ListItem","position":2,"name":"Cleachta\u00ed Gramada\u00ed na hUng\u00e1ire"}]},{"@type":"WebSite","@id":"https:\/\/talkpal.ai\/ga\/#website","url":"https:\/\/talkpal.ai\/ga\/","name":"Talkpal","description":"AI Language Learning","publisher":{"@id":"https:\/\/talkpal.ai\/ga\/#organization"},"alternateName":"Talkpal AI","potentialAction":[{"@type":"SearchAction","target":{"@type":"EntryPoint","urlTemplate":"https:\/\/talkpal.ai\/ga\/?s={search_term_string}"},"query-input":{"@type":"PropertyValueSpecification","valueRequired":true,"valueName":"search_term_string"}}],"inLanguage":"ga-IE"},{"@type":"Organization","@id":"https:\/\/talkpal.ai\/ga\/#organization","name":"Talkpal, Inc.","alternateName":"Talkpal AI","url":"https:\/\/talkpal.ai\/ga\/","logo":{"@type":"ImageObject","inLanguage":"ga-IE","@id":"https:\/\/talkpal.ai\/ga\/#\/schema\/logo\/image\/","url":"https:\/\/talkpal.ai\/wp-content\/uploads\/2024\/03\/Talkpal-Logo-Icon.png","contentUrl":"https:\/\/talkpal.ai\/wp-content\/uploads\/2024\/03\/Talkpal-Logo-Icon.png","width":2880,"height":2880,"caption":"Talkpal, Inc."},"image":{"@id":"https:\/\/talkpal.ai\/ga\/#\/schema\/logo\/image\/"},"sameAs":["https:\/\/www.facebook.com\/profile.php?id=100090733639311","https:\/\/x.com\/talkpalai","https:\/\/www.linkedin.com\/company\/talkpal\/","https:\/\/www.youtube.com\/@TalkPal\/","https:\/\/www.tiktok.com\/@talkpal","https:\/\/www.instagram.com\/talkpal_ai\/","https:\/\/www.crunchbase.com\/organization\/talkpal-9cde","https:\/\/www.g2.com\/products\/talkpal-for-business\/","https:\/\/www.trustpilot.com\/review\/talkpal.ai","https:\/\/www.capterra.com\/p\/10006800\/TalkPal\/"],"description":"Talkpal is a language learning web and mobile education app, powered by the latest AI technologies, that provides engaging experiences to its customers in many different languages to help them improve their language skills. Users can chat about unlimited amount of topics with the app and use other modes to practice their language learning.","email":"support@talkpal.ai","legalName":"Talkpal, Inc.","foundingDate":"2023-04-03","duns":"118989042","numberOfEmployees":{"@type":"QuantitativeValue","minValue":"11","maxValue":"50"},"publishingPrinciples":"https:\/\/talkpal.ai\/publishing-principles\/","actionableFeedbackPolicy":"https:\/\/talkpal.ai\/actionable-feedback-policy\/","correctionsPolicy":"https:\/\/talkpal.ai\/corrections-policy\/","ethicsPolicy":"https:\/\/talkpal.ai\/ethics-policy\/","diversityPolicy":"https:\/\/talkpal.ai\/diversity-policy\/","diversityStaffingReport":"https:\/\/talkpal.ai\/diversity-policy\/"}]}},"_links":{"self":[{"href":"https:\/\/talkpal.ai\/ga\/wp-json\/wp\/v2\/pages\/1448019","targetHints":{"allow":["GET"]}}],"collection":[{"href":"https:\/\/talkpal.ai\/ga\/wp-json\/wp\/v2\/pages"}],"about":[{"href":"https:\/\/talkpal.ai\/ga\/wp-json\/wp\/v2\/types\/page"}],"author":[{"embeddable":true,"href":"https:\/\/talkpal.ai\/ga\/wp-json\/wp\/v2\/users\/6"}],"replies":[{"embeddable":true,"href":"https:\/\/talkpal.ai\/ga\/wp-json\/wp\/v2\/comments?post=1448019"}],"version-history":[{"count":0,"href":"https:\/\/talkpal.ai\/ga\/wp-json\/wp\/v2\/pages\/1448019\/revisions"}],"wp:featuredmedia":[{"embeddable":true,"href":"https:\/\/talkpal.ai\/ga\/wp-json\/wp\/v2\/media\/1444082"}],"wp:attachment":[{"href":"https:\/\/talkpal.ai\/ga\/wp-json\/wp\/v2\/media?parent=1448019"}],"curies":[{"name":"wp","href":"https:\/\/api.w.org\/{rel}","templated":true}]}}