{"id":1448015,"date":"2023-06-22T07:53:19","date_gmt":"2023-06-22T07:53:19","guid":{"rendered":"https:\/\/talkpal.ai\/cleachtai-gramadai-kannada\/"},"modified":"2025-12-17T15:10:27","modified_gmt":"2025-12-17T15:10:27","slug":"cleachtai-gramadai-kannada","status":"publish","type":"page","link":"https:\/\/talkpal.ai\/ga\/cleachtai-gramadai-kannada\/","title":{"rendered":"Cleachta\u00ed Gramada\u00ed Kannada"},"content":{"rendered":"\r\n\r\n\r\n<section class=\"languageChallengeSection\">\r\n    <div class=\"languageInfoWrapper\">\r\n        \r\n        <h1>Cleachta\u00ed Gramada\u00ed Kannada<\/h1>\r\n        <p>Fonn ort feabhas a <a href=\"https:\/\/talkpal.ai\/locations\/language-courses-in-chur\/\">chur<\/a> ar do scileanna <a href=\"https:\/\/talkpal.ai\/learn-kannada\/\">Kannada<\/a>? Is bealach iontach \u00e9 cleachta\u00ed gramada\u00ed a chleachtadh chun strucht\u00far abairte, foirmeacha briathartha, agus gn\u00e9ithe uath\u00fala na teanga Kannada a fhoghlaim. Tosaigh ag obair ar ghramadach Kannada inniu agus f\u00e9ach go bhf\u00e9adfadh do mhuin\u00edn agus do l\u00edofacht ag f\u00e1s le gach cleachtadh nua!<\/p>\r\n\r\n                            <a class=\"getStartedHidden\" href=\"https:\/\/app.talkpal.ai\/signup?lng=\">Tosaigh<\/a>\r\n        \r\n    <\/div>\r\n\r\n    <figure>\r\n    <img decoding=\"async\" width=\"768\" height=\"768\" src=\"https:\/\/talkpal.ai\/wp-content\/uploads\/2023\/06\/Kannada-768x768.png\" class=\"languageImage no-lazy\" alt=\"Language learning for increased mental flexibility\" fetchpriority=\"high\" sizes=\"(max-width: 768px) 150px, 768px\" srcset=\"https:\/\/talkpal.ai\/wp-content\/uploads\/2023\/06\/Kannada-768x768.png 768w, https:\/\/talkpal.ai\/wp-content\/uploads\/2023\/06\/Kannada-300x300.png 300w\" \/>\r\n    \r\n\r\n    <\/figure>\r\n\r\n            <a class=\"getStartedVisible\" href=\"https:\/\/app.talkpal.ai\/signup?lng=\">Tosaigh<\/a>\r\n    \r\n<\/section>\r\n\r\n\r\n<!-- <section class=\"grammarSection\">\r\n    <div class=\"grammarLinks\">\r\n            <\/div>\r\n<\/section> -->\r\n\r\n\r\n\r\n\r\n<section class=\"promotionalBanner\">\r\n    <p class=\"promotionalText\">An bealach is \u00e9ifeachta\u00ed le teanga a fhoghlaim<\/p>\r\n    <a class=\"promotionalLink\" href=\"https:\/\/app.talkpal.ai\/signup?lng=\">Bain triail as Talkpal saor in aisce<\/a>\r\n<\/section>\n<div class=\"wp-block-group pageContainerStyle\"><div class=\"wp-block-group__inner-container is-layout-constrained wp-block-group-is-layout-constrained\">\n<h2 class=\"wp-block-heading\" id=\"h-kannada-grammar-topics\">Topaic\u00ed Gramada\u00ed Kannada<\/h2>\n\n\n\n<p>Is teanga Dravidian \u00ed Kannada a labhra\u00edonn thart ar 44 milli\u00fan duine i st\u00e1t Indiach Karnataka den chuid is m\u00f3. T\u00e1 s\u00ed ar cheann de na 22 teanga sceidealta san India agus teanga oifigi\u00fail st\u00e1t Karnataka. N\u00ed hamh\u00e1in go bhfuil foghlaim Kannada riachtanach chun cult\u00far agus stair shaibhir Karnataka a thuiscint, ach cabhra\u00edonn s\u00e9 freisin le cumars\u00e1id \u00e9ifeachtach leis an bpobal \u00e1iti\u00fail. T\u00e1 s\u00e9 mar aidhm ag an alt seo cur chuige strucht\u00fartha a shol\u00e1thar <a href=\"https:\/\/talkpal.ai\/ga\/maidir\/\">maidir<\/a> le topaic\u00ed gramada\u00ed \u00e9ags\u00fala Kannada a fhoghlaim, rud a chabhr\u00f3idh leat bun\u00fas l\u00e1idir a th\u00f3g\u00e1il sa teanga.<\/p>\n\n\n\n<h3 class=\"wp-block-heading\" id=\"h-1-nouns\">1. Ainmfhocail<\/h3>\n\n\n\n<p>Mar bhloic th\u00f3g\u00e1la aon teanga, t\u00e1 ainmfhocail i Kannada riachtanach a fhoghlaim ar dt\u00fas. T\u00e1 foirmeacha difri\u00fala ag ainmfhocail Kannada bunaithe ar inscne, uimhir, agus c\u00e1s, a th\u00e9ann i bhfeidhm ar fhoirm an ainmfhocail. Tosaigh tr\u00ed thuiscint a fh\u00e1il ar choincheapa bun\u00fasacha na bhfoirmeacha ainmfhocail agus a n-\u00fas\u00e1id sa teanga.<\/p>\n\n\n\n<h3 class=\"wp-block-heading\" id=\"h-2-pronouns-determiners\">2. Forainmneacha \/ Cinnteoir\u00ed<\/h3>\n\n\n\n<p>Is focail iad forainmneacha a thagann in ionad ainmfhocail in abairt\u00ed, agus athra\u00edonn cinnteoir\u00ed ainmfhocail. Foghlaim faoi na cine\u00e1lacha \u00e9ags\u00fala forainmneacha agus cinnteoir\u00ed i Kannada, a n-\u00fas\u00e1id, agus conas a athra\u00edonn siad ag brath ar inscne, uimhir, agus c\u00e1s.<\/p>\n\n\n\n<h3 class=\"wp-block-heading\" id=\"h-3-articles\">3. Airteagail<\/h3>\n\n\n\n<p>N\u00edl ailt cos\u00fail leis an mB\u00e9arla ag Kannada, ach t\u00e1 focail den chine\u00e1l c\u00e9anna ann a chabhra\u00edonn le sainmh\u00edni\u00fa an ainmfhocail a shonr\u00fa. Cuir aithne ar na focail seo agus a n-\u00fas\u00e1id i Kannada.<\/p>\n\n\n\n<h3 class=\"wp-block-heading\" id=\"h-4-adjectives\">4. Aidiachta\u00ed<\/h3>\n\n\n\n<p>D\u00e9anann aidiachta\u00ed cur s\u00edos ar ainmfhocail agus tugann siad tuilleadh eolais f\u00fathu. Foghlaim conas aidiachta\u00ed a fhoirmi\u00fa agus a \u00fas\u00e1id i Kannada, chomh maith lena rialacha comhaontaithe le hainmfhocail.<\/p>\n\n\n\n<h3 class=\"wp-block-heading\" id=\"h-5-verbs\">5. Briathra<\/h3>\n\n\n\n<p>Is focail ghn\u00edomha\u00edochta iad briathra a l\u00e9ir\u00edonn cad at\u00e1 \u00e1 dh\u00e9anamh ag an \u00e1bhar. Foghlaim faoi na cine\u00e1lacha \u00e9ags\u00fala briathra i Kannada, a bhfoirmeacha, agus a rialacha comhchuingithe bunaithe ar aimsir, gn\u00e9, agus gi\u00famar.<\/p>\n\n\n\n<h3 class=\"wp-block-heading\" id=\"h-6-tenses\">6. Aimsir<\/h3>\n\n\n\n<p>Cuid\u00edonn aimsir\u00ed i Kannada le cur in i\u00fal nuair a tharla gn\u00edomh. D\u00e9an aithne ar na tr\u00ed phr\u00edomhaimsir \u2013 san am at\u00e1 caite, san am i l\u00e1thair, agus sa todhcha\u00ed \u2013 agus a bhfoirmeacha \u00e9ags\u00fala.<\/p>\n\n\n\n<h3 class=\"wp-block-heading\" id=\"h-7-tense-comparison\">7. Compar\u00e1id aimsire<\/h3>\n\n\n\n<p>Tuiscint a fh\u00e1il ar conas gn\u00edomhartha a chur i gcompar\u00e1id idir aimsir \u00e9ags\u00fala i Kannada. Cabhr\u00f3idh s\u00e9 seo leat abairt\u00ed n\u00edos casta a th\u00f3g\u00e1il agus do chuid smaointe a chur in i\u00fal n\u00edos cruinne.<\/p>\n\n\n\n<h3 class=\"wp-block-heading\" id=\"h-8-progressive-and-perfect-progressive\">8. For\u00e1sach agus For\u00e1sach Foirfe<\/h3>\n\n\n\n<p>L\u00e9ir\u00edonn na gn\u00e9ithe seo de bhriathra Kannada gn\u00edomhartha lean\u00fanacha n\u00f3 gn\u00edomhartha a bh\u00ed ar si\u00fal ach at\u00e1 cr\u00edochnaithe anois. Foghlaim conas briathra for\u00e1sacha agus for\u00e1sacha foirfe a fhoirmi\u00fa agus a \u00fas\u00e1id i Kannada.<\/p>\n\n\n\n<h3 class=\"wp-block-heading\" id=\"h-9-adverbs\">9. Adverbs<\/h3>\n\n\n\n<p>Sol\u00e1thra\u00edonn adverbs faisn\u00e9is bhreise faoi bhriathra, aidiachta\u00ed, n\u00f3 adverbs eile. Foghlaim na cine\u00e1lacha \u00e9ags\u00fala adverbs i Kannada agus a socr\u00fach\u00e1n in abairt\u00ed.<\/p>\n\n\n\n<h3 class=\"wp-block-heading\" id=\"h-10-conditionals\">10. Coinn\u00edollacha<\/h3>\n\n\n\n<p>Is abairt\u00ed iad coinn\u00edollacha a chuireann coinn\u00edoll in i\u00fal agus a thoradh f\u00e9ideartha. Foghlaim conas abairt\u00ed coinn\u00edollacha a fhoirmi\u00fa agus a \u00fas\u00e1id i Kannada ag baint \u00fas\u00e1ide as foirmeacha briathar agus comhcheangal cu\u00ed.<\/p>\n\n\n\n<h3 class=\"wp-block-heading\" id=\"h-11-prepositions\">11. Prepositions<\/h3>\n\n\n\n<p>Is focail iad r\u00e9amhfhocail a thaispe\u00e1nann gaol idir ainmfhocail n\u00f3 forainmneacha agus focail eile in abairt. Foghlaim na r\u00e9amhfhocail choitianta Kannada agus a n-\u00fas\u00e1id.<\/p>\n\n\n\n<h3 class=\"wp-block-heading\" id=\"h-12-sentences\">12. Pianbhreitheanna<\/h3>\n\n\n\n<p>Ar deireadh, d\u00e9an cleachtadh ar na topaic\u00ed gramada\u00ed go l\u00e9ir a d&#8217;fhoghlaim t\u00fa a chomhcheangal chun abairt\u00ed ioml\u00e1na a fhoirmi\u00fa i Kannada. Cabhr\u00f3idh s\u00e9 seo leat feabhas a chur ar d&#8217;inni\u00falacht teanga agus ar do scileanna cumars\u00e1ide forioml\u00e1na.<\/p>\n<\/div><\/div>\n\r\n<section class=\"learnNavigationSection\">\r\n            \r\n        <a href=\"https:\/\/talkpal.ai\/ga\/foghlaim-kannada\/\">\r\n            <div class=\"learnNavigationWrapper\">\r\n                <div class=\"learnNavigationContent\">\r\n                    <img decoding=\"async\" src=\"https:\/\/talkpal.ai\/wp-content\/uploads\/2024\/08\/Kannada.jpg\" alt=\"Indian Simplified Flag\">\r\n                    <div>\r\n                        <h4>Maidir le Foghlaim Kannada<\/h4>\r\n                        <p>Faigh amach gach rud faoi ghramadach Kannada.<\/p>\r\n                    <\/div>\r\n                <\/div>\r\n            <\/div>\r\n        <\/a>\r\n\r\n        \r\n        <a href=\"https:\/\/talkpal.ai\/ga\/gramadach-kannada\/\">\r\n            <div class=\"learnNavigationWrapper\">\r\n                <div class=\"learnNavigationContent\">\r\n                    <img decoding=\"async\" src=\"https:\/\/talkpal.ai\/wp-content\/uploads\/2024\/08\/Kannada.jpg\" alt=\"Indian Simplified Flag\">\r\n                    <div>\r\n                        <h4>Ceachtanna Gramada\u00ed Kannada<\/h4>\r\n                        <p>Cleachtadh gramadach Kannada.<\/p>\r\n                    <\/div>\r\n                <\/div>\r\n            <\/div>\r\n        <\/a>\r\n\r\n        \r\n        <a href=\"https:\/\/talkpal.ai\/vocabulary_language\/kannada\/\">\r\n            <div class=\"learnNavigationWrapper\">\r\n                <div class=\"learnNavigationContent\">\r\n                    <img decoding=\"async\" src=\"https:\/\/talkpal.ai\/wp-content\/uploads\/2024\/08\/Kannada.jpg\" alt=\"Indian Simplified Flag\">\r\n                    <div>\r\n                        <h4>St\u00f3r Focal Kannada<\/h4>\r\n                        <p>Leathnaigh do st\u00f3r focal Kannada.<\/p>\r\n                    <\/div>\r\n                <\/div>\r\n            <\/div>\r\n        <\/a>\r\n\r\n            <\/section>","protected":false},"excerpt":{"rendered":"<p>Topaic\u00ed Gramada\u00ed Kannada Is teanga Dravidian \u00ed Kannada a labhra\u00edonn thart ar 44 milli\u00fan duine i st\u00e1t Indiach Karnataka den chuid is m\u00f3. T\u00e1 s\u00ed ar cheann de na 22 teanga sceidealta san India agus teanga oifigi\u00fail st\u00e1t Karnataka. N\u00ed hamh\u00e1in go bhfuil foghlaim Kannada riachtanach chun cult\u00far agus stair shaibhir Karnataka a thuiscint, ach [&hellip;]<\/p>\n","protected":false},"author":6,"featured_media":1444107,"parent":0,"menu_order":0,"comment_status":"closed","ping_status":"closed","template":"LearningContentPage.php","meta":{"_acf_changed":false,"footnotes":""},"class_list":["post-1448015","page","type-page","status-publish","has-post-thumbnail","hentry"],"acf":[],"yoast_head":"<!-- This site is optimized with the Yoast SEO Premium plugin v27.2 (Yoast SEO v27.2) - https:\/\/yoast.com\/product\/yoast-seo-premium-wordpress\/ -->\n<title>Cleachta\u00ed Gramada\u00ed Kannada - Talkpal<\/title>\n<meta name=\"description\" content=\"Neartaigh do ghramadach Kannada - glac p\u00e1irt i gcleachta\u00ed idirghn\u00edomhacha, m\u00e1istreacht patr\u00fain abairte, agus feabhas a chur ar l\u00edofacht le teagasc\u00f3ir AI TalkPal.\" \/>\n<meta name=\"robots\" content=\"index, follow, max-snippet:-1, max-image-preview:large, max-video-preview:-1\" \/>\n<link rel=\"canonical\" href=\"https:\/\/talkpal.ai\/ga\/cleachtai-gramadai-kannada\/\" \/>\n<meta property=\"og:locale\" content=\"ga_IE\" \/>\n<meta property=\"og:type\" content=\"article\" \/>\n<meta property=\"og:title\" content=\"Cleachta\u00ed Gramada\u00ed Kannada\" \/>\n<meta property=\"og:description\" content=\"Topaic\u00ed Gramada\u00ed Kannada Is teanga Dravidian \u00ed Kannada a labhra\u00edonn thart ar 44 milli\u00fan duine i st\u00e1t Indiach Karnataka den chuid is m\u00f3. T\u00e1 s\u00ed ar cheann de\" \/>\n<meta property=\"og:url\" content=\"https:\/\/talkpal.ai\/ga\/cleachtai-gramadai-kannada\/\" \/>\n<meta property=\"og:site_name\" content=\"Talkpal\" \/>\n<meta property=\"article:publisher\" content=\"https:\/\/www.facebook.com\/profile.php?id=100090733639311\" \/>\n<meta property=\"article:modified_time\" content=\"2025-12-17T15:10:27+00:00\" \/>\n<meta property=\"og:image\" content=\"https:\/\/talkpal.ai\/wp-content\/uploads\/2023\/05\/Kannada-india.png\" \/>\n\t<meta property=\"og:image:width\" content=\"512\" \/>\n\t<meta property=\"og:image:height\" content=\"512\" \/>\n\t<meta property=\"og:image:type\" content=\"image\/png\" \/>\n<meta name=\"twitter:card\" content=\"summary_large_image\" \/>\n<meta name=\"twitter:site\" content=\"@talkpalai\" \/>\n<meta name=\"twitter:label1\" content=\"Est. reading time\" \/>\n\t<meta name=\"twitter:data1\" content=\"3 minutes\" \/>\n<script type=\"application\/ld+json\" class=\"yoast-schema-graph\">{\"@context\":\"https:\/\/schema.org\",\"@graph\":[{\"@type\":\"WebPage\",\"@id\":\"https:\/\/talkpal.ai\/ga\/cleachtai-gramadai-kannada\/\",\"url\":\"https:\/\/talkpal.ai\/ga\/cleachtai-gramadai-kannada\/\",\"name\":\"Cleachta\u00ed Gramada\u00ed Kannada - Talkpal\",\"isPartOf\":{\"@id\":\"https:\/\/talkpal.ai\/ga\/#website\"},\"primaryImageOfPage\":{\"@id\":\"https:\/\/talkpal.ai\/ga\/cleachtai-gramadai-kannada\/#primaryimage\"},\"image\":{\"@id\":\"https:\/\/talkpal.ai\/ga\/cleachtai-gramadai-kannada\/#primaryimage\"},\"thumbnailUrl\":\"https:\/\/talkpal.ai\/wp-content\/uploads\/2023\/05\/Kannada-india.png\",\"datePublished\":\"2023-06-22T07:53:19+00:00\",\"dateModified\":\"2025-12-17T15:10:27+00:00\",\"description\":\"Neartaigh do ghramadach Kannada - glac p\u00e1irt i gcleachta\u00ed idirghn\u00edomhacha, m\u00e1istreacht patr\u00fain abairte, agus feabhas a chur ar l\u00edofacht le teagasc\u00f3ir AI TalkPal.\",\"breadcrumb\":{\"@id\":\"https:\/\/talkpal.ai\/ga\/cleachtai-gramadai-kannada\/#breadcrumb\"},\"inLanguage\":\"ga-IE\",\"potentialAction\":[{\"@type\":\"ReadAction\",\"target\":[\"https:\/\/talkpal.ai\/ga\/cleachtai-gramadai-kannada\/\"]}]},{\"@type\":\"ImageObject\",\"inLanguage\":\"ga-IE\",\"@id\":\"https:\/\/talkpal.ai\/ga\/cleachtai-gramadai-kannada\/#primaryimage\",\"url\":\"https:\/\/talkpal.ai\/wp-content\/uploads\/2023\/05\/Kannada-india.png\",\"contentUrl\":\"https:\/\/talkpal.ai\/wp-content\/uploads\/2023\/05\/Kannada-india.png\",\"width\":512,\"height\":512,\"caption\":\"TalkPal Kannada Flag\"},{\"@type\":\"BreadcrumbList\",\"@id\":\"https:\/\/talkpal.ai\/ga\/cleachtai-gramadai-kannada\/#breadcrumb\",\"itemListElement\":[{\"@type\":\"ListItem\",\"position\":1,\"name\":\"Homepage\",\"item\":\"https:\/\/talkpal.ai\/ga\/\"},{\"@type\":\"ListItem\",\"position\":2,\"name\":\"Cleachta\u00ed Gramada\u00ed Kannada\"}]},{\"@type\":\"WebSite\",\"@id\":\"https:\/\/talkpal.ai\/ga\/#website\",\"url\":\"https:\/\/talkpal.ai\/ga\/\",\"name\":\"Talkpal\",\"description\":\"AI Language Learning\",\"publisher\":{\"@id\":\"https:\/\/talkpal.ai\/ga\/#organization\"},\"alternateName\":\"Talkpal AI\",\"potentialAction\":[{\"@type\":\"SearchAction\",\"target\":{\"@type\":\"EntryPoint\",\"urlTemplate\":\"https:\/\/talkpal.ai\/ga\/?s={search_term_string}\"},\"query-input\":{\"@type\":\"PropertyValueSpecification\",\"valueRequired\":true,\"valueName\":\"search_term_string\"}}],\"inLanguage\":\"ga-IE\"},{\"@type\":\"Organization\",\"@id\":\"https:\/\/talkpal.ai\/ga\/#organization\",\"name\":\"Talkpal, Inc.\",\"alternateName\":\"Talkpal AI\",\"url\":\"https:\/\/talkpal.ai\/ga\/\",\"logo\":{\"@type\":\"ImageObject\",\"inLanguage\":\"ga-IE\",\"@id\":\"https:\/\/talkpal.ai\/ga\/#\/schema\/logo\/image\/\",\"url\":\"https:\/\/talkpal.ai\/wp-content\/uploads\/2024\/03\/Talkpal-Logo-Icon.png\",\"contentUrl\":\"https:\/\/talkpal.ai\/wp-content\/uploads\/2024\/03\/Talkpal-Logo-Icon.png\",\"width\":2880,\"height\":2880,\"caption\":\"Talkpal, Inc.\"},\"image\":{\"@id\":\"https:\/\/talkpal.ai\/ga\/#\/schema\/logo\/image\/\"},\"sameAs\":[\"https:\/\/www.facebook.com\/profile.php?id=100090733639311\",\"https:\/\/x.com\/talkpalai\",\"https:\/\/www.linkedin.com\/company\/talkpal\/\",\"https:\/\/www.youtube.com\/@TalkPal\/\",\"https:\/\/www.tiktok.com\/@talkpal\",\"https:\/\/www.instagram.com\/talkpal_ai\/\",\"https:\/\/www.crunchbase.com\/organization\/talkpal-9cde\",\"https:\/\/www.g2.com\/products\/talkpal-for-business\/\",\"https:\/\/www.trustpilot.com\/review\/talkpal.ai\",\"https:\/\/www.capterra.com\/p\/10006800\/TalkPal\/\"],\"description\":\"Talkpal is a language learning web and mobile education app, powered by the latest AI technologies, that provides engaging experiences to its customers in many different languages to help them improve their language skills. Users can chat about unlimited amount of topics with the app and use other modes to practice their language learning.\",\"email\":\"support@talkpal.ai\",\"legalName\":\"Talkpal, Inc.\",\"foundingDate\":\"2023-04-03\",\"duns\":\"118989042\",\"numberOfEmployees\":{\"@type\":\"QuantitativeValue\",\"minValue\":\"11\",\"maxValue\":\"50\"},\"publishingPrinciples\":\"https:\/\/talkpal.ai\/publishing-principles\/\",\"actionableFeedbackPolicy\":\"https:\/\/talkpal.ai\/actionable-feedback-policy\/\",\"correctionsPolicy\":\"https:\/\/talkpal.ai\/corrections-policy\/\",\"ethicsPolicy\":\"https:\/\/talkpal.ai\/ethics-policy\/\",\"diversityPolicy\":\"https:\/\/talkpal.ai\/diversity-policy\/\",\"diversityStaffingReport\":\"https:\/\/talkpal.ai\/diversity-policy\/\"}]}<\/script>\n<!-- \/ Yoast SEO Premium plugin. -->","yoast_head_json":{"title":"Cleachta\u00ed Gramada\u00ed Kannada - Talkpal","description":"Neartaigh do ghramadach Kannada - glac p\u00e1irt i gcleachta\u00ed idirghn\u00edomhacha, m\u00e1istreacht patr\u00fain abairte, agus feabhas a chur ar l\u00edofacht le teagasc\u00f3ir AI TalkPal.","robots":{"index":"index","follow":"follow","max-snippet":"max-snippet:-1","max-image-preview":"max-image-preview:large","max-video-preview":"max-video-preview:-1"},"canonical":"https:\/\/talkpal.ai\/ga\/cleachtai-gramadai-kannada\/","og_locale":"ga_IE","og_type":"article","og_title":"Cleachta\u00ed Gramada\u00ed Kannada","og_description":"Topaic\u00ed Gramada\u00ed Kannada Is teanga Dravidian \u00ed Kannada a labhra\u00edonn thart ar 44 milli\u00fan duine i st\u00e1t Indiach Karnataka den chuid is m\u00f3. T\u00e1 s\u00ed ar cheann de","og_url":"https:\/\/talkpal.ai\/ga\/cleachtai-gramadai-kannada\/","og_site_name":"Talkpal","article_publisher":"https:\/\/www.facebook.com\/profile.php?id=100090733639311","article_modified_time":"2025-12-17T15:10:27+00:00","og_image":[{"width":512,"height":512,"url":"https:\/\/talkpal.ai\/wp-content\/uploads\/2023\/05\/Kannada-india.png","type":"image\/png"}],"twitter_card":"summary_large_image","twitter_site":"@talkpalai","twitter_misc":{"Est. reading time":"3 minutes"},"schema":{"@context":"https:\/\/schema.org","@graph":[{"@type":"WebPage","@id":"https:\/\/talkpal.ai\/ga\/cleachtai-gramadai-kannada\/","url":"https:\/\/talkpal.ai\/ga\/cleachtai-gramadai-kannada\/","name":"Cleachta\u00ed Gramada\u00ed Kannada - Talkpal","isPartOf":{"@id":"https:\/\/talkpal.ai\/ga\/#website"},"primaryImageOfPage":{"@id":"https:\/\/talkpal.ai\/ga\/cleachtai-gramadai-kannada\/#primaryimage"},"image":{"@id":"https:\/\/talkpal.ai\/ga\/cleachtai-gramadai-kannada\/#primaryimage"},"thumbnailUrl":"https:\/\/talkpal.ai\/wp-content\/uploads\/2023\/05\/Kannada-india.png","datePublished":"2023-06-22T07:53:19+00:00","dateModified":"2025-12-17T15:10:27+00:00","description":"Neartaigh do ghramadach Kannada - glac p\u00e1irt i gcleachta\u00ed idirghn\u00edomhacha, m\u00e1istreacht patr\u00fain abairte, agus feabhas a chur ar l\u00edofacht le teagasc\u00f3ir AI TalkPal.","breadcrumb":{"@id":"https:\/\/talkpal.ai\/ga\/cleachtai-gramadai-kannada\/#breadcrumb"},"inLanguage":"ga-IE","potentialAction":[{"@type":"ReadAction","target":["https:\/\/talkpal.ai\/ga\/cleachtai-gramadai-kannada\/"]}]},{"@type":"ImageObject","inLanguage":"ga-IE","@id":"https:\/\/talkpal.ai\/ga\/cleachtai-gramadai-kannada\/#primaryimage","url":"https:\/\/talkpal.ai\/wp-content\/uploads\/2023\/05\/Kannada-india.png","contentUrl":"https:\/\/talkpal.ai\/wp-content\/uploads\/2023\/05\/Kannada-india.png","width":512,"height":512,"caption":"TalkPal Kannada Flag"},{"@type":"BreadcrumbList","@id":"https:\/\/talkpal.ai\/ga\/cleachtai-gramadai-kannada\/#breadcrumb","itemListElement":[{"@type":"ListItem","position":1,"name":"Homepage","item":"https:\/\/talkpal.ai\/ga\/"},{"@type":"ListItem","position":2,"name":"Cleachta\u00ed Gramada\u00ed Kannada"}]},{"@type":"WebSite","@id":"https:\/\/talkpal.ai\/ga\/#website","url":"https:\/\/talkpal.ai\/ga\/","name":"Talkpal","description":"AI Language Learning","publisher":{"@id":"https:\/\/talkpal.ai\/ga\/#organization"},"alternateName":"Talkpal AI","potentialAction":[{"@type":"SearchAction","target":{"@type":"EntryPoint","urlTemplate":"https:\/\/talkpal.ai\/ga\/?s={search_term_string}"},"query-input":{"@type":"PropertyValueSpecification","valueRequired":true,"valueName":"search_term_string"}}],"inLanguage":"ga-IE"},{"@type":"Organization","@id":"https:\/\/talkpal.ai\/ga\/#organization","name":"Talkpal, Inc.","alternateName":"Talkpal AI","url":"https:\/\/talkpal.ai\/ga\/","logo":{"@type":"ImageObject","inLanguage":"ga-IE","@id":"https:\/\/talkpal.ai\/ga\/#\/schema\/logo\/image\/","url":"https:\/\/talkpal.ai\/wp-content\/uploads\/2024\/03\/Talkpal-Logo-Icon.png","contentUrl":"https:\/\/talkpal.ai\/wp-content\/uploads\/2024\/03\/Talkpal-Logo-Icon.png","width":2880,"height":2880,"caption":"Talkpal, Inc."},"image":{"@id":"https:\/\/talkpal.ai\/ga\/#\/schema\/logo\/image\/"},"sameAs":["https:\/\/www.facebook.com\/profile.php?id=100090733639311","https:\/\/x.com\/talkpalai","https:\/\/www.linkedin.com\/company\/talkpal\/","https:\/\/www.youtube.com\/@TalkPal\/","https:\/\/www.tiktok.com\/@talkpal","https:\/\/www.instagram.com\/talkpal_ai\/","https:\/\/www.crunchbase.com\/organization\/talkpal-9cde","https:\/\/www.g2.com\/products\/talkpal-for-business\/","https:\/\/www.trustpilot.com\/review\/talkpal.ai","https:\/\/www.capterra.com\/p\/10006800\/TalkPal\/"],"description":"Talkpal is a language learning web and mobile education app, powered by the latest AI technologies, that provides engaging experiences to its customers in many different languages to help them improve their language skills. Users can chat about unlimited amount of topics with the app and use other modes to practice their language learning.","email":"support@talkpal.ai","legalName":"Talkpal, Inc.","foundingDate":"2023-04-03","duns":"118989042","numberOfEmployees":{"@type":"QuantitativeValue","minValue":"11","maxValue":"50"},"publishingPrinciples":"https:\/\/talkpal.ai\/publishing-principles\/","actionableFeedbackPolicy":"https:\/\/talkpal.ai\/actionable-feedback-policy\/","correctionsPolicy":"https:\/\/talkpal.ai\/corrections-policy\/","ethicsPolicy":"https:\/\/talkpal.ai\/ethics-policy\/","diversityPolicy":"https:\/\/talkpal.ai\/diversity-policy\/","diversityStaffingReport":"https:\/\/talkpal.ai\/diversity-policy\/"}]}},"_links":{"self":[{"href":"https:\/\/talkpal.ai\/ga\/wp-json\/wp\/v2\/pages\/1448015","targetHints":{"allow":["GET"]}}],"collection":[{"href":"https:\/\/talkpal.ai\/ga\/wp-json\/wp\/v2\/pages"}],"about":[{"href":"https:\/\/talkpal.ai\/ga\/wp-json\/wp\/v2\/types\/page"}],"author":[{"embeddable":true,"href":"https:\/\/talkpal.ai\/ga\/wp-json\/wp\/v2\/users\/6"}],"replies":[{"embeddable":true,"href":"https:\/\/talkpal.ai\/ga\/wp-json\/wp\/v2\/comments?post=1448015"}],"version-history":[{"count":0,"href":"https:\/\/talkpal.ai\/ga\/wp-json\/wp\/v2\/pages\/1448015\/revisions"}],"wp:featuredmedia":[{"embeddable":true,"href":"https:\/\/talkpal.ai\/ga\/wp-json\/wp\/v2\/media\/1444107"}],"wp:attachment":[{"href":"https:\/\/talkpal.ai\/ga\/wp-json\/wp\/v2\/media?parent=1448015"}],"curies":[{"name":"wp","href":"https:\/\/api.w.org\/{rel}","templated":true}]}}