{"id":1448011,"date":"2023-06-21T14:50:44","date_gmt":"2023-06-21T14:50:44","guid":{"rendered":"https:\/\/talkpal.ai\/cleachtai-gramadai-na-hioslainne\/"},"modified":"2025-12-17T16:09:22","modified_gmt":"2025-12-17T16:09:22","slug":"cleachtai-gramadai-na-hioslainne","status":"publish","type":"page","link":"https:\/\/talkpal.ai\/ga\/cleachtai-gramadai-na-hioslainne\/","title":{"rendered":"Cleachta\u00ed Gramada\u00ed na h\u00cdoslainne"},"content":{"rendered":"\r\n\r\n\r\n<section class=\"languageChallengeSection\">\r\n    <div class=\"languageInfoWrapper\">\r\n        \r\n        <h1>Cleachta\u00ed Gramada\u00ed na h\u00cdoslainne<\/h1>\r\n        <p>R\u00e9idh le do scileanna <a href=\"https:\/\/talkpal.ai\/learn-icelandic\/\">\u00cdoslainnis<\/a> a neart\u00fa? Is bealach iontach \u00e9 cleachta\u00ed gramada\u00ed a chleachtadh chun strucht\u00far abairte, foirmeacha briathra, agus gn\u00e9ithe uath\u00fala na teanga \u00cdoslainnise a mh\u00e1istir. Tosaigh ag ini\u00fachadh gramadach na h\u00cdoslainne inniu agus f\u00e9ach ar do mhuin\u00edn agus do l\u00edofacht ag f\u00e1s le gach cleachtadh!\n\n<\/p>\r\n\r\n                            <a class=\"getStartedHidden\" href=\"https:\/\/app.talkpal.ai\/signup?lng=\">Tosaigh<\/a>\r\n        \r\n    <\/div>\r\n\r\n    <figure>\r\n    <img decoding=\"async\" width=\"768\" height=\"768\" src=\"https:\/\/talkpal.ai\/wp-content\/uploads\/2023\/06\/Icelandic-768x768.png\" class=\"languageImage no-lazy\" alt=\"Language learning for better job opportunities\" fetchpriority=\"high\" sizes=\"(max-width: 768px) 150px, 768px\" srcset=\"https:\/\/talkpal.ai\/wp-content\/uploads\/2023\/06\/Icelandic-768x768.png 768w, https:\/\/talkpal.ai\/wp-content\/uploads\/2023\/06\/Icelandic-300x300.png 300w\" \/>\r\n    \r\n\r\n    <\/figure>\r\n\r\n            <a class=\"getStartedVisible\" href=\"https:\/\/app.talkpal.ai\/signup?lng=\">Tosaigh<\/a>\r\n    \r\n<\/section>\r\n\r\n\r\n<!-- <section class=\"grammarSection\">\r\n    <div class=\"grammarLinks\">\r\n            <\/div>\r\n<\/section> -->\r\n\r\n\r\n\r\n\r\n<section class=\"promotionalBanner\">\r\n    <p class=\"promotionalText\">An bealach is \u00e9ifeachta\u00ed le teanga a fhoghlaim<\/p>\r\n    <a class=\"promotionalLink\" href=\"https:\/\/app.talkpal.ai\/signup?lng=\">Bain triail as Talkpal saor in aisce<\/a>\r\n<\/section>\n<div class=\"wp-block-group pageContainerStyle\"><div class=\"wp-block-group__inner-container is-layout-constrained wp-block-group-is-layout-constrained\">\n<h2 class=\"wp-block-heading\" id=\"h-icelandic-grammar-topics\">Topaic\u00ed Gramada\u00ed na h\u00cdoslainne<\/h2>\n\n\n\n<p>Is \u00ed an \u00cdoslainnis, teanga Ghearm\u00e1nach Thuaidh a labhra\u00edonn n\u00edos m\u00f3 n\u00e1 300,000 duine, teanga oifigi\u00fail na h\u00cdoslainne. T\u00e1 charm uath\u00fail ag an \u00cdoslainnis mar gheall ar a ghramadach casta agus a st\u00f3r focal saibhir, a mheallann foghlaimeoir\u00ed teanga \u00f3 gach cearn den domhan. T\u00e1 traidisi\u00fan l\u00e1idir liteartha ag an \u00cdoslainnis a th\u00e9ann siar go dt\u00ed Aois na Lochlannach. San alt seo, d\u00e9anfaimid ini\u00fachadh ar na pr\u00edomh\u00e1bhair ghramada\u00ed \u00cdoslainnise a chabhr\u00f3idh leat an teanga sp\u00e9isi\u00fail seo a thuiscint agus a mh\u00e1istir, \u00f3 na buneilimint\u00ed cos\u00fail le hainmfhocail agus briathra go strucht\u00fair n\u00edos casta cos\u00fail le coinn\u00edollacha agus r\u00e9amhfhocail.<\/p>\n\n\n\n<h3 class=\"wp-block-heading\" id=\"h-1-nouns\">1. Ainmfhocail<\/h3>\n\n\n\n<p>Tosaigh tr\u00ed bhun\u00fasacha ainmfhocail na h\u00cdoslainnise a fhoghlaim, a chuims\u00edonn daoine, \u00e1iteanna agus ruda\u00ed. T\u00e1 tr\u00ed inscne ghramada\u00ed ag an \u00cdoslainnis (firinscneach, baininscneach, agus neuter) agus ceithre ch\u00e1s (nominative, accusative, dative, and genitive). T\u00e1 tuiscint ar na gn\u00e9ithe seo riachtanach chun d\u00edochl\u00fa agus aont\u00fa le codanna eile den chaint i gceart.<\/p>\n\n\n\n<h3 class=\"wp-block-heading\" id=\"h-2-articles\">2. Airteagail<\/h3>\n\n\n\n<p>N\u00edl ailt \u00e9iginnte ag an \u00cdoslainnis, ach t\u00e1 ailt chinnte aici at\u00e1 ceangailte le deireadh ainmfhocail. Foghlaim conas an t-alt cinnte a fhoirmi\u00fa do gach inscne agus c\u00e1s, mar cabhr\u00f3idh s\u00e9 seo le h\u00fas\u00e1id cheart ainmfhocal.<\/p>\n\n\n\n<h3 class=\"wp-block-heading\" id=\"h-3-pronouns-determiners\">3. Forainmneacha \/ Cinnteoir\u00ed<\/h3>\n\n\n\n<p>T\u00e1 forainmneacha pearsanta, sealbhacha, machnamhacha agus l\u00e9iritheacha ag an \u00cdoslainnis, chomh maith le cainn\u00edocht\u00f3ir\u00ed agus cinnteoir\u00ed ceisti\u00fala. Cuir eolas ar na forainmneacha agus na cinnteoir\u00ed seo agus ar a gclaonadh faoi seach chun comhaont\u00fa agus \u00fas\u00e1id cheart a chinnti\u00fa in abairt\u00ed.<\/p>\n\n\n\n<h3 class=\"wp-block-heading\" id=\"h-4-adjectives\">4. Aidiachta\u00ed<\/h3>\n\n\n\n<p>Caithfidh aidiachta\u00ed san \u00cdoslainnis aont\u00fa in inscne, uimhir, agus c\u00e1s leis an ainmfhocal a mhodhna\u00edonn siad. Foghlaim na patr\u00fain \u00e9ags\u00fala d\u00edochlaithe d&#8217;aidiachta\u00ed agus conas a athra\u00edonn siad bunaithe ar inscne agus c\u00e1s an ainmfhocail.<\/p>\n\n\n\n<h3 class=\"wp-block-heading\" id=\"h-5-verbs\">5. Briathra<\/h3>\n\n\n\n<p>D\u00e9antar briathra \u00cdoslainnis a chomhchuingi\u00fa de r\u00e9ir aimsire, gi\u00famar agus guth. Tosaigh ag foghlaim na n-aimsir l\u00e1ithreach, san am at\u00e1 caite agus sa todhcha\u00ed, chomh maith leis na gi\u00famar t\u00e1scacha, subjunctive, agus imperative. Chomh maith leis sin, cuir eolas ar na patr\u00fain chomhchuingithe do bhriathra rialta agus neamhrialta.<\/p>\n\n\n\n<h3 class=\"wp-block-heading\" id=\"h-6-tense-comparison\">6. Compar\u00e1id aimsire<\/h3>\n\n\n\n<p>Tuiscint a fh\u00e1il ar an idirdheal\u00fa idir foirmeacha simpl\u00ed agus lean\u00fanacha gach aimsir. N\u00edl gn\u00e9 fhor\u00e1sach ag an \u00cdoslainnis cos\u00fail leis an mB\u00e9arla, mar sin foghlaim conas gn\u00edomhartha lean\u00fanacha a <a href=\"https:\/\/talkpal.ai\/locations\/language-courses-in-chur\/\">chur<\/a> in i\u00fal ag baint \u00fas\u00e1ide as strucht\u00fair eile.<\/p>\n\n\n\n<h3 class=\"wp-block-heading\" id=\"h-7-perfect-progressive\">7. For\u00e1sach Foirfe<\/h3>\n\n\n\n<p>N\u00edl coibh\u00e9is dh\u00edreach ag an \u00cdoslainnis leis an aimsir fhor\u00e1sach foirfe <a href=\"https:\/\/talkpal.ai\/learn-english-with-ai\/\">B\u00e9arla<\/a>. Mar sin f\u00e9in, is f\u00e9idir leat foghlaim conas smaointe den chine\u00e1l c\u00e9anna a chur in i\u00fal ag baint \u00fas\u00e1ide as t\u00f3g\u00e1lacha periphrastic le briathra c\u00fanta agus rannph\u00e1irtithe.<\/p>\n\n\n\n<h3 class=\"wp-block-heading\" id=\"h-8-adverbs\">8. Adverbs<\/h3>\n\n\n\n<p>Adverbs modify verbs, adjectives, and other adverbs. Foghlaim na cine\u00e1lacha \u00e9ags\u00fala adverbs san \u00cdoslainnis, chomh maith lena socr\u00fach\u00e1n in abairt\u00ed.<\/p>\n\n\n\n<h3 class=\"wp-block-heading\" id=\"h-9-prepositions\">9. Prepositions<\/h3>\n\n\n\n<p>L\u00e9ir\u00edonn r\u00e9amhfhocail an gaol idir ainmfhocal n\u00f3 forainm agus eilimint eile san abairt. D\u00e9an staid\u00e9ar ar na r\u00e9amhfhocail \u00cdoslainnise is coitianta agus a gc\u00e1sanna faoi seach chun iad a \u00fas\u00e1id i gceart.<\/p>\n\n\n\n<h3 class=\"wp-block-heading\" id=\"h-10-conditionals\">10. Coinn\u00edollacha<\/h3>\n\n\n\n<p>T\u00e1 tr\u00ed chine\u00e1l abairt\u00ed coinn\u00edollacha ag an \u00cdoslainnis: f\u00edor, neamhr\u00e9ad\u00fail, agus neamhr\u00e9ad\u00fail san am at\u00e1 caite. Tuiscint a fh\u00e1il ar strucht\u00far agus \u00fas\u00e1id na gcoinn\u00edollacha seo chun c\u00e1sanna hipit\u00e9iseacha agus a dtortha\u00ed f\u00e9ideartha a chur in i\u00fal.<\/p>\n\n\n\n<h3 class=\"wp-block-heading\" id=\"h-11-sentences\">11. Pianbhreitheanna<\/h3>\n\n\n\n<p>Ar deireadh, d\u00e9an cleachtadh ar chine\u00e1lacha \u00e9ags\u00fala abairt\u00ed \u00cdoslainnise a th\u00f3g\u00e1il, mar shampla dearbh\u00fa, ceisti\u00fach\u00e1in, imperative, agus exclamatory. Cabhr\u00f3idh s\u00e9 seo leat bun\u00fas l\u00e1idir a fhorbairt i gcomhr\u00e9ir na h\u00cdoslainnise agus inni\u00falacht teanga forioml\u00e1n.<\/p>\n<\/div><\/div>\n\r\n<section class=\"learnNavigationSection\">\r\n            \r\n        <a href=\"https:\/\/talkpal.ai\/ga\/foghlaim-ioslainnis\/\">\r\n            <div class=\"learnNavigationWrapper\">\r\n                <div class=\"learnNavigationContent\">\r\n                    <img decoding=\"async\" src=\"https:\/\/talkpal.ai\/wp-content\/uploads\/2024\/08\/Icelandic.jpg\" alt=\"Iceland Flag\">\r\n                    <div>\r\n                        <h4>Maidir le Foghlaim na h\u00cdoslainne<\/h4>\r\n                        <p>Faigh amach gach rud faoi ghramadach na h\u00cdoslainnise.<\/p>\r\n                    <\/div>\r\n                <\/div>\r\n            <\/div>\r\n        <\/a>\r\n\r\n        \r\n        <a href=\"https:\/\/talkpal.ai\/ga\/gramadach-na-hioslainne\/\">\r\n            <div class=\"learnNavigationWrapper\">\r\n                <div class=\"learnNavigationContent\">\r\n                    <img decoding=\"async\" src=\"https:\/\/talkpal.ai\/wp-content\/uploads\/2024\/08\/Icelandic.jpg\" alt=\"Iceland Flag\">\r\n                    <div>\r\n                        <h4>Ceachtanna Gramada\u00ed na h\u00cdoslainnis<\/h4>\r\n                        <p>Cleachtadh gramadach na h\u00cdoslainnise.<\/p>\r\n                    <\/div>\r\n                <\/div>\r\n            <\/div>\r\n        <\/a>\r\n\r\n        \r\n        <a href=\"https:\/\/talkpal.ai\/vocabulary_language\/icelandic\/\">\r\n            <div class=\"learnNavigationWrapper\">\r\n                <div class=\"learnNavigationContent\">\r\n                    <img decoding=\"async\" src=\"https:\/\/talkpal.ai\/wp-content\/uploads\/2024\/08\/Icelandic.jpg\" alt=\"Iceland Flag\">\r\n                    <div>\r\n                        <h4>St\u00f3r Focal na h\u00cdoslainnis<\/h4>\r\n                        <p>Leathnaigh do st\u00f3r focal \u00cdoslainnis.<\/p>\r\n                    <\/div>\r\n                <\/div>\r\n            <\/div>\r\n        <\/a>\r\n\r\n            <\/section>","protected":false},"excerpt":{"rendered":"<p>Topaic\u00ed Gramada\u00ed na h\u00cdoslainne Is \u00ed an \u00cdoslainnis, teanga Ghearm\u00e1nach Thuaidh a labhra\u00edonn n\u00edos m\u00f3 n\u00e1 300,000 duine, teanga oifigi\u00fail na h\u00cdoslainne. T\u00e1 charm uath\u00fail ag an \u00cdoslainnis mar gheall ar a ghramadach casta agus a st\u00f3r focal saibhir, a mheallann foghlaimeoir\u00ed teanga \u00f3 gach cearn den domhan. T\u00e1 traidisi\u00fan l\u00e1idir liteartha ag an \u00cdoslainnis [&hellip;]<\/p>\n","protected":false},"author":6,"featured_media":1444088,"parent":0,"menu_order":0,"comment_status":"closed","ping_status":"closed","template":"LearningContentPage.php","meta":{"_acf_changed":false,"footnotes":""},"class_list":["post-1448011","page","type-page","status-publish","has-post-thumbnail","hentry"],"acf":[],"yoast_head":"<!-- This site is optimized with the Yoast SEO Premium plugin v27.2 (Yoast SEO v27.2) - https:\/\/yoast.com\/product\/yoast-seo-premium-wordpress\/ -->\n<title>Cleachta\u00ed Gramada\u00ed na h\u00cdoslainne - Talkpal<\/title>\n<meta name=\"description\" content=\"Cleachtadh gramadach na h\u00cdoslainne go h\u00e9asca - neartaigh do chuid scileanna tr\u00ed chleachta\u00ed, cleachtas idirghn\u00edomhach, agus aiseolas l\u00e1ithreach le TalkPal AI.\" \/>\n<meta name=\"robots\" content=\"index, follow, max-snippet:-1, max-image-preview:large, max-video-preview:-1\" \/>\n<link rel=\"canonical\" href=\"https:\/\/talkpal.ai\/ga\/cleachtai-gramadai-na-hioslainne\/\" \/>\n<meta property=\"og:locale\" content=\"ga_IE\" \/>\n<meta property=\"og:type\" content=\"article\" \/>\n<meta property=\"og:title\" content=\"Cleachta\u00ed Gramada\u00ed na h\u00cdoslainne\" \/>\n<meta property=\"og:description\" content=\"Topaic\u00ed Gramada\u00ed na h\u00cdoslainne Is \u00ed an \u00cdoslainnis, teanga Ghearm\u00e1nach Thuaidh a labhra\u00edonn n\u00edos m\u00f3 n\u00e1 300,000 duine, teanga oifigi\u00fail na h\u00cdoslainne. T\u00e1\" \/>\n<meta property=\"og:url\" content=\"https:\/\/talkpal.ai\/ga\/cleachtai-gramadai-na-hioslainne\/\" \/>\n<meta property=\"og:site_name\" content=\"Talkpal\" \/>\n<meta property=\"article:publisher\" content=\"https:\/\/www.facebook.com\/profile.php?id=100090733639311\" \/>\n<meta property=\"article:modified_time\" content=\"2025-12-17T16:09:22+00:00\" \/>\n<meta property=\"og:image\" content=\"https:\/\/talkpal.ai\/wp-content\/uploads\/2023\/05\/iceland.png\" \/>\n\t<meta property=\"og:image:width\" content=\"512\" \/>\n\t<meta property=\"og:image:height\" content=\"512\" \/>\n\t<meta property=\"og:image:type\" content=\"image\/png\" \/>\n<meta name=\"twitter:card\" content=\"summary_large_image\" \/>\n<meta name=\"twitter:site\" content=\"@talkpalai\" \/>\n<meta name=\"twitter:label1\" content=\"Est. reading time\" \/>\n\t<meta name=\"twitter:data1\" content=\"3 minutes\" \/>\n<script type=\"application\/ld+json\" class=\"yoast-schema-graph\">{\"@context\":\"https:\/\/schema.org\",\"@graph\":[{\"@type\":\"WebPage\",\"@id\":\"https:\/\/talkpal.ai\/ga\/cleachtai-gramadai-na-hioslainne\/\",\"url\":\"https:\/\/talkpal.ai\/ga\/cleachtai-gramadai-na-hioslainne\/\",\"name\":\"Cleachta\u00ed Gramada\u00ed na h\u00cdoslainne - Talkpal\",\"isPartOf\":{\"@id\":\"https:\/\/talkpal.ai\/ga\/#website\"},\"primaryImageOfPage\":{\"@id\":\"https:\/\/talkpal.ai\/ga\/cleachtai-gramadai-na-hioslainne\/#primaryimage\"},\"image\":{\"@id\":\"https:\/\/talkpal.ai\/ga\/cleachtai-gramadai-na-hioslainne\/#primaryimage\"},\"thumbnailUrl\":\"https:\/\/talkpal.ai\/wp-content\/uploads\/2023\/05\/iceland.png\",\"datePublished\":\"2023-06-21T14:50:44+00:00\",\"dateModified\":\"2025-12-17T16:09:22+00:00\",\"description\":\"Cleachtadh gramadach na h\u00cdoslainne go h\u00e9asca - neartaigh do chuid scileanna tr\u00ed chleachta\u00ed, cleachtas idirghn\u00edomhach, agus aiseolas l\u00e1ithreach le TalkPal AI.\",\"breadcrumb\":{\"@id\":\"https:\/\/talkpal.ai\/ga\/cleachtai-gramadai-na-hioslainne\/#breadcrumb\"},\"inLanguage\":\"ga-IE\",\"potentialAction\":[{\"@type\":\"ReadAction\",\"target\":[\"https:\/\/talkpal.ai\/ga\/cleachtai-gramadai-na-hioslainne\/\"]}]},{\"@type\":\"ImageObject\",\"inLanguage\":\"ga-IE\",\"@id\":\"https:\/\/talkpal.ai\/ga\/cleachtai-gramadai-na-hioslainne\/#primaryimage\",\"url\":\"https:\/\/talkpal.ai\/wp-content\/uploads\/2023\/05\/iceland.png\",\"contentUrl\":\"https:\/\/talkpal.ai\/wp-content\/uploads\/2023\/05\/iceland.png\",\"width\":512,\"height\":512,\"caption\":\"TalkPal Iceland Flag\"},{\"@type\":\"BreadcrumbList\",\"@id\":\"https:\/\/talkpal.ai\/ga\/cleachtai-gramadai-na-hioslainne\/#breadcrumb\",\"itemListElement\":[{\"@type\":\"ListItem\",\"position\":1,\"name\":\"Homepage\",\"item\":\"https:\/\/talkpal.ai\/ga\/\"},{\"@type\":\"ListItem\",\"position\":2,\"name\":\"Cleachta\u00ed Gramada\u00ed na h\u00cdoslainne\"}]},{\"@type\":\"WebSite\",\"@id\":\"https:\/\/talkpal.ai\/ga\/#website\",\"url\":\"https:\/\/talkpal.ai\/ga\/\",\"name\":\"Talkpal\",\"description\":\"AI Language Learning\",\"publisher\":{\"@id\":\"https:\/\/talkpal.ai\/ga\/#organization\"},\"alternateName\":\"Talkpal AI\",\"potentialAction\":[{\"@type\":\"SearchAction\",\"target\":{\"@type\":\"EntryPoint\",\"urlTemplate\":\"https:\/\/talkpal.ai\/ga\/?s={search_term_string}\"},\"query-input\":{\"@type\":\"PropertyValueSpecification\",\"valueRequired\":true,\"valueName\":\"search_term_string\"}}],\"inLanguage\":\"ga-IE\"},{\"@type\":\"Organization\",\"@id\":\"https:\/\/talkpal.ai\/ga\/#organization\",\"name\":\"Talkpal, Inc.\",\"alternateName\":\"Talkpal AI\",\"url\":\"https:\/\/talkpal.ai\/ga\/\",\"logo\":{\"@type\":\"ImageObject\",\"inLanguage\":\"ga-IE\",\"@id\":\"https:\/\/talkpal.ai\/ga\/#\/schema\/logo\/image\/\",\"url\":\"https:\/\/talkpal.ai\/wp-content\/uploads\/2024\/03\/Talkpal-Logo-Icon.png\",\"contentUrl\":\"https:\/\/talkpal.ai\/wp-content\/uploads\/2024\/03\/Talkpal-Logo-Icon.png\",\"width\":2880,\"height\":2880,\"caption\":\"Talkpal, Inc.\"},\"image\":{\"@id\":\"https:\/\/talkpal.ai\/ga\/#\/schema\/logo\/image\/\"},\"sameAs\":[\"https:\/\/www.facebook.com\/profile.php?id=100090733639311\",\"https:\/\/x.com\/talkpalai\",\"https:\/\/www.linkedin.com\/company\/talkpal\/\",\"https:\/\/www.youtube.com\/@TalkPal\/\",\"https:\/\/www.tiktok.com\/@talkpal\",\"https:\/\/www.instagram.com\/talkpal_ai\/\",\"https:\/\/www.crunchbase.com\/organization\/talkpal-9cde\",\"https:\/\/www.g2.com\/products\/talkpal-for-business\/\",\"https:\/\/www.trustpilot.com\/review\/talkpal.ai\",\"https:\/\/www.capterra.com\/p\/10006800\/TalkPal\/\"],\"description\":\"Talkpal is a language learning web and mobile education app, powered by the latest AI technologies, that provides engaging experiences to its customers in many different languages to help them improve their language skills. Users can chat about unlimited amount of topics with the app and use other modes to practice their language learning.\",\"email\":\"support@talkpal.ai\",\"legalName\":\"Talkpal, Inc.\",\"foundingDate\":\"2023-04-03\",\"duns\":\"118989042\",\"numberOfEmployees\":{\"@type\":\"QuantitativeValue\",\"minValue\":\"11\",\"maxValue\":\"50\"},\"publishingPrinciples\":\"https:\/\/talkpal.ai\/publishing-principles\/\",\"actionableFeedbackPolicy\":\"https:\/\/talkpal.ai\/actionable-feedback-policy\/\",\"correctionsPolicy\":\"https:\/\/talkpal.ai\/corrections-policy\/\",\"ethicsPolicy\":\"https:\/\/talkpal.ai\/ethics-policy\/\",\"diversityPolicy\":\"https:\/\/talkpal.ai\/diversity-policy\/\",\"diversityStaffingReport\":\"https:\/\/talkpal.ai\/diversity-policy\/\"}]}<\/script>\n<!-- \/ Yoast SEO Premium plugin. -->","yoast_head_json":{"title":"Cleachta\u00ed Gramada\u00ed na h\u00cdoslainne - Talkpal","description":"Cleachtadh gramadach na h\u00cdoslainne go h\u00e9asca - neartaigh do chuid scileanna tr\u00ed chleachta\u00ed, cleachtas idirghn\u00edomhach, agus aiseolas l\u00e1ithreach le TalkPal AI.","robots":{"index":"index","follow":"follow","max-snippet":"max-snippet:-1","max-image-preview":"max-image-preview:large","max-video-preview":"max-video-preview:-1"},"canonical":"https:\/\/talkpal.ai\/ga\/cleachtai-gramadai-na-hioslainne\/","og_locale":"ga_IE","og_type":"article","og_title":"Cleachta\u00ed Gramada\u00ed na h\u00cdoslainne","og_description":"Topaic\u00ed Gramada\u00ed na h\u00cdoslainne Is \u00ed an \u00cdoslainnis, teanga Ghearm\u00e1nach Thuaidh a labhra\u00edonn n\u00edos m\u00f3 n\u00e1 300,000 duine, teanga oifigi\u00fail na h\u00cdoslainne. T\u00e1","og_url":"https:\/\/talkpal.ai\/ga\/cleachtai-gramadai-na-hioslainne\/","og_site_name":"Talkpal","article_publisher":"https:\/\/www.facebook.com\/profile.php?id=100090733639311","article_modified_time":"2025-12-17T16:09:22+00:00","og_image":[{"width":512,"height":512,"url":"https:\/\/talkpal.ai\/wp-content\/uploads\/2023\/05\/iceland.png","type":"image\/png"}],"twitter_card":"summary_large_image","twitter_site":"@talkpalai","twitter_misc":{"Est. reading time":"3 minutes"},"schema":{"@context":"https:\/\/schema.org","@graph":[{"@type":"WebPage","@id":"https:\/\/talkpal.ai\/ga\/cleachtai-gramadai-na-hioslainne\/","url":"https:\/\/talkpal.ai\/ga\/cleachtai-gramadai-na-hioslainne\/","name":"Cleachta\u00ed Gramada\u00ed na h\u00cdoslainne - Talkpal","isPartOf":{"@id":"https:\/\/talkpal.ai\/ga\/#website"},"primaryImageOfPage":{"@id":"https:\/\/talkpal.ai\/ga\/cleachtai-gramadai-na-hioslainne\/#primaryimage"},"image":{"@id":"https:\/\/talkpal.ai\/ga\/cleachtai-gramadai-na-hioslainne\/#primaryimage"},"thumbnailUrl":"https:\/\/talkpal.ai\/wp-content\/uploads\/2023\/05\/iceland.png","datePublished":"2023-06-21T14:50:44+00:00","dateModified":"2025-12-17T16:09:22+00:00","description":"Cleachtadh gramadach na h\u00cdoslainne go h\u00e9asca - neartaigh do chuid scileanna tr\u00ed chleachta\u00ed, cleachtas idirghn\u00edomhach, agus aiseolas l\u00e1ithreach le TalkPal AI.","breadcrumb":{"@id":"https:\/\/talkpal.ai\/ga\/cleachtai-gramadai-na-hioslainne\/#breadcrumb"},"inLanguage":"ga-IE","potentialAction":[{"@type":"ReadAction","target":["https:\/\/talkpal.ai\/ga\/cleachtai-gramadai-na-hioslainne\/"]}]},{"@type":"ImageObject","inLanguage":"ga-IE","@id":"https:\/\/talkpal.ai\/ga\/cleachtai-gramadai-na-hioslainne\/#primaryimage","url":"https:\/\/talkpal.ai\/wp-content\/uploads\/2023\/05\/iceland.png","contentUrl":"https:\/\/talkpal.ai\/wp-content\/uploads\/2023\/05\/iceland.png","width":512,"height":512,"caption":"TalkPal Iceland Flag"},{"@type":"BreadcrumbList","@id":"https:\/\/talkpal.ai\/ga\/cleachtai-gramadai-na-hioslainne\/#breadcrumb","itemListElement":[{"@type":"ListItem","position":1,"name":"Homepage","item":"https:\/\/talkpal.ai\/ga\/"},{"@type":"ListItem","position":2,"name":"Cleachta\u00ed Gramada\u00ed na h\u00cdoslainne"}]},{"@type":"WebSite","@id":"https:\/\/talkpal.ai\/ga\/#website","url":"https:\/\/talkpal.ai\/ga\/","name":"Talkpal","description":"AI Language Learning","publisher":{"@id":"https:\/\/talkpal.ai\/ga\/#organization"},"alternateName":"Talkpal AI","potentialAction":[{"@type":"SearchAction","target":{"@type":"EntryPoint","urlTemplate":"https:\/\/talkpal.ai\/ga\/?s={search_term_string}"},"query-input":{"@type":"PropertyValueSpecification","valueRequired":true,"valueName":"search_term_string"}}],"inLanguage":"ga-IE"},{"@type":"Organization","@id":"https:\/\/talkpal.ai\/ga\/#organization","name":"Talkpal, Inc.","alternateName":"Talkpal AI","url":"https:\/\/talkpal.ai\/ga\/","logo":{"@type":"ImageObject","inLanguage":"ga-IE","@id":"https:\/\/talkpal.ai\/ga\/#\/schema\/logo\/image\/","url":"https:\/\/talkpal.ai\/wp-content\/uploads\/2024\/03\/Talkpal-Logo-Icon.png","contentUrl":"https:\/\/talkpal.ai\/wp-content\/uploads\/2024\/03\/Talkpal-Logo-Icon.png","width":2880,"height":2880,"caption":"Talkpal, Inc."},"image":{"@id":"https:\/\/talkpal.ai\/ga\/#\/schema\/logo\/image\/"},"sameAs":["https:\/\/www.facebook.com\/profile.php?id=100090733639311","https:\/\/x.com\/talkpalai","https:\/\/www.linkedin.com\/company\/talkpal\/","https:\/\/www.youtube.com\/@TalkPal\/","https:\/\/www.tiktok.com\/@talkpal","https:\/\/www.instagram.com\/talkpal_ai\/","https:\/\/www.crunchbase.com\/organization\/talkpal-9cde","https:\/\/www.g2.com\/products\/talkpal-for-business\/","https:\/\/www.trustpilot.com\/review\/talkpal.ai","https:\/\/www.capterra.com\/p\/10006800\/TalkPal\/"],"description":"Talkpal is a language learning web and mobile education app, powered by the latest AI technologies, that provides engaging experiences to its customers in many different languages to help them improve their language skills. Users can chat about unlimited amount of topics with the app and use other modes to practice their language learning.","email":"support@talkpal.ai","legalName":"Talkpal, Inc.","foundingDate":"2023-04-03","duns":"118989042","numberOfEmployees":{"@type":"QuantitativeValue","minValue":"11","maxValue":"50"},"publishingPrinciples":"https:\/\/talkpal.ai\/publishing-principles\/","actionableFeedbackPolicy":"https:\/\/talkpal.ai\/actionable-feedback-policy\/","correctionsPolicy":"https:\/\/talkpal.ai\/corrections-policy\/","ethicsPolicy":"https:\/\/talkpal.ai\/ethics-policy\/","diversityPolicy":"https:\/\/talkpal.ai\/diversity-policy\/","diversityStaffingReport":"https:\/\/talkpal.ai\/diversity-policy\/"}]}},"_links":{"self":[{"href":"https:\/\/talkpal.ai\/ga\/wp-json\/wp\/v2\/pages\/1448011","targetHints":{"allow":["GET"]}}],"collection":[{"href":"https:\/\/talkpal.ai\/ga\/wp-json\/wp\/v2\/pages"}],"about":[{"href":"https:\/\/talkpal.ai\/ga\/wp-json\/wp\/v2\/types\/page"}],"author":[{"embeddable":true,"href":"https:\/\/talkpal.ai\/ga\/wp-json\/wp\/v2\/users\/6"}],"replies":[{"embeddable":true,"href":"https:\/\/talkpal.ai\/ga\/wp-json\/wp\/v2\/comments?post=1448011"}],"version-history":[{"count":0,"href":"https:\/\/talkpal.ai\/ga\/wp-json\/wp\/v2\/pages\/1448011\/revisions"}],"wp:featuredmedia":[{"embeddable":true,"href":"https:\/\/talkpal.ai\/ga\/wp-json\/wp\/v2\/media\/1444088"}],"wp:attachment":[{"href":"https:\/\/talkpal.ai\/ga\/wp-json\/wp\/v2\/media?parent=1448011"}],"curies":[{"name":"wp","href":"https:\/\/api.w.org\/{rel}","templated":true}]}}