{"id":1448007,"date":"2023-06-22T08:07:24","date_gmt":"2023-06-22T08:07:24","guid":{"rendered":"https:\/\/talkpal.ai\/cleachtai-gramadai-na-laitvise\/"},"modified":"2025-12-17T15:51:12","modified_gmt":"2025-12-17T15:51:12","slug":"cleachtai-gramadai-na-laitvise","status":"publish","type":"page","link":"https:\/\/talkpal.ai\/ga\/cleachtai-gramadai-na-laitvise\/","title":{"rendered":"Cleachta\u00ed Gramada\u00ed na Laitvise"},"content":{"rendered":"\r\n\r\n\r\n<section class=\"languageChallengeSection\">\r\n    <div class=\"languageInfoWrapper\">\r\n        \r\n        <h1>Cleachta\u00ed Gramada\u00ed na Laitvise<\/h1>\r\n        <p>Ar mhaith leat a bhraitheann n\u00edos muin\u00edn\u00ed ag baint \u00fas\u00e1ide as <a href=\"https:\/\/talkpal.ai\/learn-latvian\/\">Laitvis<\/a>? Is bealach iontach \u00e9 cleachta\u00ed gramada\u00ed a chleachtadh chun strucht\u00far abairte, foirmeacha briathra, agus patr\u00fain shaini\u00fala na Laitvia a mh\u00e1istir. Tosaigh ag ini\u00fachadh gramadach na Laitvia inniu agus feabhas a <a href=\"https:\/\/talkpal.ai\/locations\/language-courses-in-chur\/\">chur<\/a> ar do scileanna agus l\u00edofacht le gach cleachtadh!<\/p>\r\n\r\n                            <a class=\"getStartedHidden\" href=\"https:\/\/app.talkpal.ai\/signup?lng=\">Tosaigh<\/a>\r\n        \r\n    <\/div>\r\n\r\n    <figure>\r\n    <img decoding=\"async\" width=\"768\" height=\"768\" src=\"https:\/\/talkpal.ai\/wp-content\/uploads\/2023\/06\/latvian-768x768.png\" class=\"languageImage no-lazy\" alt=\"Language learning to access more cultures\" fetchpriority=\"high\" sizes=\"(max-width: 768px) 150px, 768px\" srcset=\"https:\/\/talkpal.ai\/wp-content\/uploads\/2023\/06\/latvian-768x768.png 768w, https:\/\/talkpal.ai\/wp-content\/uploads\/2023\/06\/latvian-300x300.png 300w\" \/>\r\n    \r\n\r\n    <\/figure>\r\n\r\n            <a class=\"getStartedVisible\" href=\"https:\/\/app.talkpal.ai\/signup?lng=\">Tosaigh<\/a>\r\n    \r\n<\/section>\r\n\r\n\r\n<!-- <section class=\"grammarSection\">\r\n    <div class=\"grammarLinks\">\r\n            <\/div>\r\n<\/section> -->\r\n\r\n\r\n\r\n\r\n<section class=\"promotionalBanner\">\r\n    <p class=\"promotionalText\">An bealach is \u00e9ifeachta\u00ed le teanga a fhoghlaim<\/p>\r\n    <a class=\"promotionalLink\" href=\"https:\/\/app.talkpal.ai\/signup?lng=\">Bain triail as Talkpal saor in aisce<\/a>\r\n<\/section>\n<div class=\"wp-block-group pageContainerStyle\"><div class=\"wp-block-group__inner-container is-layout-constrained wp-block-group-is-layout-constrained\">\n<h2 class=\"wp-block-heading\" id=\"h-latvian-grammar-topics\">Topaic\u00ed Gramada\u00ed na Laitvia<\/h2>\n\n\n\n<p>Is eisp\u00e9ireas spreag\u00fail agus luachmhar \u00e9 teanga <a href=\"https:\/\/talkpal.ai\/talkpal-new-years-discount\/\">nua<\/a> a fhoghlaim, agus n\u00ed haon eisceacht \u00ed an Laitvis. Mar theanga oifigi\u00fail na Laitvia agus mar cheann de na teangacha Baltacha, t\u00e1 a strucht\u00far gramada\u00ed uath\u00fail f\u00e9in agus rialacha ag an Laitvis a leagann amach \u00ed \u00f3 theangacha Eorpacha eile. Chun an Laitvis a fhoghlaim go h\u00e9ifeachtach, t\u00e1 s\u00e9 t\u00e1bhachtach topaic\u00ed gramada\u00ed \u00e9ags\u00fala a thuiscint agus a mh\u00e1istreacht i seicheamh loighci\u00fail. Tabharfaidh an treoir seo forbhreathn\u00fa ar phr\u00edomh\u00e1bhair ghramada\u00ed na Laitvia, lena n-\u00e1ir\u00edtear aims\u00ed, briathra, ainmfhocail, ailt, forainmneacha, cinntitheoir\u00ed, aidiachta\u00ed, adverbs, coinn\u00edollacha, r\u00e9amhfhocail, agus strucht\u00far abairte, chun cabhr\u00fa leat bun\u00fas l\u00e1idir a th\u00f3g\u00e1il sa teanga.<\/p>\n\n\n\n<h3 class=\"wp-block-heading\" id=\"h-1-nouns-and-articles\">1. Ainmfhocail agus Airteagail:<\/h3>\n\n\n\n<p>Sa Laitvis, t\u00e1 dh\u00e1 inscne ag ainmfhocail: firinscneach agus baininscneach. T\u00e1 seacht gc\u00e1s acu freisin, a chinneann feidhm an ainmfhocail in abairt. N\u00edl ailt i l\u00e1thair sa Laitvis, mar sin t\u00e1 s\u00e9 r\u00edth\u00e1bhachtach tuiscint a fh\u00e1il ar na hinscne ainmfhocail agus na c\u00e1sanna chun cumars\u00e1id cheart a dh\u00e9anamh.<\/p>\n\n\n\n<h3 class=\"wp-block-heading\" id=\"h-2-adjectives\">2. Aidiachta\u00ed:<\/h3>\n\n\n\n<p>Aonta\u00edonn aidiachta\u00ed sa Laitvis leis na hainmfhocail a mhodhna\u00edonn siad in inscne, uimhir, agus c\u00e1s. T\u00e1 d\u00edograisi\u00fa aidiachta foghlama t\u00e1bhachtach chun cur s\u00edos agus compar\u00e1id\u00ed cruinne a fhoirmi\u00fa.<\/p>\n\n\n\n<h3 class=\"wp-block-heading\" id=\"h-3-pronouns-and-determiners\">3. Forainmneacha agus Cinntitheoir\u00ed:<\/h3>\n\n\n\n<p>Tagann forainmneacha in ionad ainmfhocail in abairt\u00ed, agus sonra\u00edonn n\u00f3 cainn\u00edochta\u00edonn cinnteoir\u00ed ainmfhocail. Is gn\u00e9ithe riachtanacha de ghramadach na Laitvia iad araon agus ba ch\u00f3ir iad a fhoghlaim go luath chun abairt\u00ed cruinne a fhoirmi\u00fa.<\/p>\n\n\n\n<h3 class=\"wp-block-heading\" id=\"h-4-verbs-and-tenses\">4. Briathra agus Aimsir:<\/h3>\n\n\n\n<p>T\u00e1 tr\u00ed aimsir ag briathra Laitvia: am at\u00e1 caite, i l\u00e1thair agus sa todhcha\u00ed. T\u00e1 s\u00e9 riachtanach tuiscint a fh\u00e1il ar conas briathra a chomhcheangal sna haimsir seo chun gn\u00edomhartha agus imeachta\u00ed a chur in i\u00fal. Ina theannta sin, t\u00e1 tr\u00ed ghi\u00famar ag briathra: t\u00e1scach, imperative, agus subjunctive.<\/p>\n\n\n\n<h3 class=\"wp-block-heading\" id=\"h-5-progressive-and-perfect-progressive\">5. For\u00e1sach agus For\u00e1sach Foirfe:<\/h3>\n\n\n\n<p>L\u00e9ir\u00edonn na gn\u00e9ithe seo gn\u00edomhartha lean\u00fanacha n\u00f3 lean\u00fanacha. Cabhr\u00f3idh foghlaim ort cur s\u00edos a dh\u00e9anamh ar ghn\u00edomhartha at\u00e1 ar si\u00fal n\u00f3 a bh\u00ed ar si\u00fal thar thr\u00e9imhse <a href=\"https:\/\/talkpal.ai\/locations\/language-courses-in-ama\/\">ama<\/a>.<\/p>\n\n\n\n<h3 class=\"wp-block-heading\" id=\"h-6-tense-comparison\">6. Compar\u00e1id aimsire:<\/h3>\n\n\n\n<p>T\u00e1 s\u00e9 riachtanach tuiscint a fh\u00e1il ar an gcaoi a mbaineann aimsir\u00ed lena ch\u00e9ile chun gn\u00edomhartha agus imeachta\u00ed a chur in i\u00fal go cruinn i bhfr\u00e1ma\u00ed ama \u00e9ags\u00fala.<\/p>\n\n\n\n<h3 class=\"wp-block-heading\" id=\"h-7-adverbs\">7. Adverbs:<\/h3>\n\n\n\n<p>Adrodhna\u00edonn adverbs briathra, aidiachta\u00ed, n\u00f3 aidiachta\u00ed eile, ag sol\u00e1thar faisn\u00e9ise breise faoin ngn\u00edomh n\u00f3 faoin gc\u00e1il\u00edocht at\u00e1 \u00e1 cur s\u00edos air. T\u00e1 siad riachtanach chun mionsonra\u00ed agus nuance a chur le d&#8217;abairt\u00ed.<\/p>\n\n\n\n<h3 class=\"wp-block-heading\" id=\"h-8-prepositions\">8. Prepositions:<\/h3>\n\n\n\n<p>L\u00e9ir\u00edonn r\u00e9amhfhocail an gaol idir focail in abairt, mar shampla su\u00edomh, treo, n\u00f3 am. T\u00e1 m\u00e1istreacht r\u00e9amhfhocail r\u00edth\u00e1bhachtach chun abairt\u00ed comhlean\u00fanacha agus br\u00ed a th\u00f3g\u00e1il.<\/p>\n\n\n\n<h3 class=\"wp-block-heading\" id=\"h-9-conditionals\">9. Coinn\u00edollacha:<\/h3>\n\n\n\n<p>L\u00e9ir\u00edonn abairt\u00ed coinn\u00edollacha c\u00e1sanna hipit\u00e9iseacha agus a dtortha\u00ed f\u00e9ideartha. T\u00e1 s\u00e9 riachtanach foghlaim conas coinn\u00edollacha a fhoirmi\u00fa agus a \u00fas\u00e1id chun smaointe agus f\u00e9idearthachta\u00ed casta a chur in i\u00fal.<\/p>\n\n\n\n<h3 class=\"wp-block-heading\" id=\"h-10-sentences\">10. Abairt\u00ed:<\/h3>\n\n\n\n<p>T\u00e1 s\u00e9 r\u00edth\u00e1bhachtach strucht\u00far abairt\u00ed Laitviais, ord focal, agus ponca\u00edocht a thuiscint chun r\u00e1itis, ceisteanna agus orduithe soil\u00e9ire agus cruinne a fhoirmi\u00fa. Tr\u00ed mh\u00e1istreacht a dh\u00e9anamh ar na topaic\u00ed gramada\u00ed go l\u00e9ir at\u00e1 leagtha amach thuas, beidh t\u00fa ar do bhealach chun a bheith inni\u00fail sa Laitvis.<\/p>\n<\/div><\/div>\n\r\n<section class=\"learnNavigationSection\">\r\n            \r\n        <a href=\"https:\/\/talkpal.ai\/ga\/foghlaim-laitvis\/\">\r\n            <div class=\"learnNavigationWrapper\">\r\n                <div class=\"learnNavigationContent\">\r\n                    <img decoding=\"async\" src=\"https:\/\/talkpal.ai\/wp-content\/uploads\/2024\/08\/Latvian.jpg\" alt=\"Latvian Flag\">\r\n                    <div>\r\n                        <h4>Maidir le Foghlaim na Laitvia<\/h4>\r\n                        <p>Faigh amach gach rud faoi ghramadach na Laitvia.<\/p>\r\n                    <\/div>\r\n                <\/div>\r\n            <\/div>\r\n        <\/a>\r\n\r\n        \r\n        <a href=\"https:\/\/talkpal.ai\/ga\/gramadach-na-laitvia\/\">\r\n            <div class=\"learnNavigationWrapper\">\r\n                <div class=\"learnNavigationContent\">\r\n                    <img decoding=\"async\" src=\"https:\/\/talkpal.ai\/wp-content\/uploads\/2024\/08\/Latvian.jpg\" alt=\"Latvian Flag\">\r\n                    <div>\r\n                        <h4>Ceachtanna Gramada\u00ed na Laitvia<\/h4>\r\n                        <p>Cleachtadh gramadach na Laitvia.<\/p>\r\n                    <\/div>\r\n                <\/div>\r\n            <\/div>\r\n        <\/a>\r\n\r\n        \r\n        <a href=\"https:\/\/talkpal.ai\/vocabulary_language\/latvian\/\">\r\n            <div class=\"learnNavigationWrapper\">\r\n                <div class=\"learnNavigationContent\">\r\n                    <img decoding=\"async\" src=\"https:\/\/talkpal.ai\/wp-content\/uploads\/2024\/08\/Latvian.jpg\" alt=\"Latvian Flag\">\r\n                    <div>\r\n                        <h4>St\u00f3r Focal na Laitvise<\/h4>\r\n                        <p>Leathnaigh do st\u00f3r focal Laitvis.<\/p>\r\n                    <\/div>\r\n                <\/div>\r\n            <\/div>\r\n        <\/a>\r\n\r\n            <\/section>","protected":false},"excerpt":{"rendered":"<p>Topaic\u00ed Gramada\u00ed na Laitvia Is eisp\u00e9ireas spreag\u00fail agus luachmhar \u00e9 teanga nua a fhoghlaim, agus n\u00ed haon eisceacht \u00ed an Laitvis. Mar theanga oifigi\u00fail na Laitvia agus mar cheann de na teangacha Baltacha, t\u00e1 a strucht\u00far gramada\u00ed uath\u00fail f\u00e9in agus rialacha ag an Laitvis a leagann amach \u00ed \u00f3 theangacha Eorpacha eile. Chun an Laitvis [&hellip;]<\/p>\n","protected":false},"author":6,"featured_media":1444113,"parent":0,"menu_order":0,"comment_status":"closed","ping_status":"closed","template":"LearningContentPage.php","meta":{"_acf_changed":false,"footnotes":""},"class_list":["post-1448007","page","type-page","status-publish","has-post-thumbnail","hentry"],"acf":[],"yoast_head":"<!-- This site is optimized with the Yoast SEO Premium plugin v27.2 (Yoast SEO v27.2) - https:\/\/yoast.com\/product\/yoast-seo-premium-wordpress\/ -->\n<title>Cleachta\u00ed Gramada\u00ed na Laitvise - Talkpal<\/title>\n<meta name=\"description\" content=\"D\u00e9an do ghramadach Laitvis a gh\u00e9ar\u00fa tr\u00ed chleachta\u00ed TalkPal tarraingteacha - feabhas a chur ar chruinneas agus scileanna a threisi\u00fa go h\u00e9ifeachtach le ceachtanna AI idirghn\u00edomhacha.\" \/>\n<meta name=\"robots\" content=\"index, follow, max-snippet:-1, max-image-preview:large, max-video-preview:-1\" \/>\n<link rel=\"canonical\" href=\"https:\/\/talkpal.ai\/ga\/cleachtai-gramadai-na-laitvise\/\" \/>\n<meta property=\"og:locale\" content=\"ga_IE\" \/>\n<meta property=\"og:type\" content=\"article\" \/>\n<meta property=\"og:title\" content=\"Cleachta\u00ed Gramada\u00ed na Laitvise\" \/>\n<meta property=\"og:description\" content=\"Topaic\u00ed Gramada\u00ed na Laitvia Is eisp\u00e9ireas spreag\u00fail agus luachmhar \u00e9 teanga nua a fhoghlaim, agus n\u00ed haon eisceacht \u00ed an Laitvis. Mar theanga oifigi\u00fail na\" \/>\n<meta property=\"og:url\" content=\"https:\/\/talkpal.ai\/ga\/cleachtai-gramadai-na-laitvise\/\" \/>\n<meta property=\"og:site_name\" content=\"Talkpal\" \/>\n<meta property=\"article:publisher\" content=\"https:\/\/www.facebook.com\/profile.php?id=100090733639311\" \/>\n<meta property=\"article:modified_time\" content=\"2025-12-17T15:51:12+00:00\" \/>\n<meta property=\"og:image\" content=\"https:\/\/talkpal.ai\/wp-content\/uploads\/2023\/05\/latvia.png\" \/>\n\t<meta property=\"og:image:width\" content=\"512\" \/>\n\t<meta property=\"og:image:height\" content=\"512\" \/>\n\t<meta property=\"og:image:type\" content=\"image\/png\" \/>\n<meta name=\"twitter:card\" content=\"summary_large_image\" \/>\n<meta name=\"twitter:site\" content=\"@talkpalai\" \/>\n<meta name=\"twitter:label1\" content=\"Est. reading time\" \/>\n\t<meta name=\"twitter:data1\" content=\"3 minutes\" \/>\n<script type=\"application\/ld+json\" class=\"yoast-schema-graph\">{\"@context\":\"https:\/\/schema.org\",\"@graph\":[{\"@type\":\"WebPage\",\"@id\":\"https:\/\/talkpal.ai\/ga\/cleachtai-gramadai-na-laitvise\/\",\"url\":\"https:\/\/talkpal.ai\/ga\/cleachtai-gramadai-na-laitvise\/\",\"name\":\"Cleachta\u00ed Gramada\u00ed na Laitvise - Talkpal\",\"isPartOf\":{\"@id\":\"https:\/\/talkpal.ai\/ga\/#website\"},\"primaryImageOfPage\":{\"@id\":\"https:\/\/talkpal.ai\/ga\/cleachtai-gramadai-na-laitvise\/#primaryimage\"},\"image\":{\"@id\":\"https:\/\/talkpal.ai\/ga\/cleachtai-gramadai-na-laitvise\/#primaryimage\"},\"thumbnailUrl\":\"https:\/\/talkpal.ai\/wp-content\/uploads\/2023\/05\/latvia.png\",\"datePublished\":\"2023-06-22T08:07:24+00:00\",\"dateModified\":\"2025-12-17T15:51:12+00:00\",\"description\":\"D\u00e9an do ghramadach Laitvis a gh\u00e9ar\u00fa tr\u00ed chleachta\u00ed TalkPal tarraingteacha - feabhas a chur ar chruinneas agus scileanna a threisi\u00fa go h\u00e9ifeachtach le ceachtanna AI idirghn\u00edomhacha.\",\"breadcrumb\":{\"@id\":\"https:\/\/talkpal.ai\/ga\/cleachtai-gramadai-na-laitvise\/#breadcrumb\"},\"inLanguage\":\"ga-IE\",\"potentialAction\":[{\"@type\":\"ReadAction\",\"target\":[\"https:\/\/talkpal.ai\/ga\/cleachtai-gramadai-na-laitvise\/\"]}]},{\"@type\":\"ImageObject\",\"inLanguage\":\"ga-IE\",\"@id\":\"https:\/\/talkpal.ai\/ga\/cleachtai-gramadai-na-laitvise\/#primaryimage\",\"url\":\"https:\/\/talkpal.ai\/wp-content\/uploads\/2023\/05\/latvia.png\",\"contentUrl\":\"https:\/\/talkpal.ai\/wp-content\/uploads\/2023\/05\/latvia.png\",\"width\":512,\"height\":512,\"caption\":\"TalkPal Latvia Flag\"},{\"@type\":\"BreadcrumbList\",\"@id\":\"https:\/\/talkpal.ai\/ga\/cleachtai-gramadai-na-laitvise\/#breadcrumb\",\"itemListElement\":[{\"@type\":\"ListItem\",\"position\":1,\"name\":\"Homepage\",\"item\":\"https:\/\/talkpal.ai\/ga\/\"},{\"@type\":\"ListItem\",\"position\":2,\"name\":\"Cleachta\u00ed Gramada\u00ed na Laitvise\"}]},{\"@type\":\"WebSite\",\"@id\":\"https:\/\/talkpal.ai\/ga\/#website\",\"url\":\"https:\/\/talkpal.ai\/ga\/\",\"name\":\"Talkpal\",\"description\":\"AI Language Learning\",\"publisher\":{\"@id\":\"https:\/\/talkpal.ai\/ga\/#organization\"},\"alternateName\":\"Talkpal AI\",\"potentialAction\":[{\"@type\":\"SearchAction\",\"target\":{\"@type\":\"EntryPoint\",\"urlTemplate\":\"https:\/\/talkpal.ai\/ga\/?s={search_term_string}\"},\"query-input\":{\"@type\":\"PropertyValueSpecification\",\"valueRequired\":true,\"valueName\":\"search_term_string\"}}],\"inLanguage\":\"ga-IE\"},{\"@type\":\"Organization\",\"@id\":\"https:\/\/talkpal.ai\/ga\/#organization\",\"name\":\"Talkpal, Inc.\",\"alternateName\":\"Talkpal AI\",\"url\":\"https:\/\/talkpal.ai\/ga\/\",\"logo\":{\"@type\":\"ImageObject\",\"inLanguage\":\"ga-IE\",\"@id\":\"https:\/\/talkpal.ai\/ga\/#\/schema\/logo\/image\/\",\"url\":\"https:\/\/talkpal.ai\/wp-content\/uploads\/2024\/03\/Talkpal-Logo-Icon.png\",\"contentUrl\":\"https:\/\/talkpal.ai\/wp-content\/uploads\/2024\/03\/Talkpal-Logo-Icon.png\",\"width\":2880,\"height\":2880,\"caption\":\"Talkpal, Inc.\"},\"image\":{\"@id\":\"https:\/\/talkpal.ai\/ga\/#\/schema\/logo\/image\/\"},\"sameAs\":[\"https:\/\/www.facebook.com\/profile.php?id=100090733639311\",\"https:\/\/x.com\/talkpalai\",\"https:\/\/www.linkedin.com\/company\/talkpal\/\",\"https:\/\/www.youtube.com\/@TalkPal\/\",\"https:\/\/www.tiktok.com\/@talkpal\",\"https:\/\/www.instagram.com\/talkpal_ai\/\",\"https:\/\/www.crunchbase.com\/organization\/talkpal-9cde\",\"https:\/\/www.g2.com\/products\/talkpal-for-business\/\",\"https:\/\/www.trustpilot.com\/review\/talkpal.ai\",\"https:\/\/www.capterra.com\/p\/10006800\/TalkPal\/\"],\"description\":\"Talkpal is a language learning web and mobile education app, powered by the latest AI technologies, that provides engaging experiences to its customers in many different languages to help them improve their language skills. Users can chat about unlimited amount of topics with the app and use other modes to practice their language learning.\",\"email\":\"support@talkpal.ai\",\"legalName\":\"Talkpal, Inc.\",\"foundingDate\":\"2023-04-03\",\"duns\":\"118989042\",\"numberOfEmployees\":{\"@type\":\"QuantitativeValue\",\"minValue\":\"11\",\"maxValue\":\"50\"},\"publishingPrinciples\":\"https:\/\/talkpal.ai\/publishing-principles\/\",\"actionableFeedbackPolicy\":\"https:\/\/talkpal.ai\/actionable-feedback-policy\/\",\"correctionsPolicy\":\"https:\/\/talkpal.ai\/corrections-policy\/\",\"ethicsPolicy\":\"https:\/\/talkpal.ai\/ethics-policy\/\",\"diversityPolicy\":\"https:\/\/talkpal.ai\/diversity-policy\/\",\"diversityStaffingReport\":\"https:\/\/talkpal.ai\/diversity-policy\/\"}]}<\/script>\n<!-- \/ Yoast SEO Premium plugin. -->","yoast_head_json":{"title":"Cleachta\u00ed Gramada\u00ed na Laitvise - Talkpal","description":"D\u00e9an do ghramadach Laitvis a gh\u00e9ar\u00fa tr\u00ed chleachta\u00ed TalkPal tarraingteacha - feabhas a chur ar chruinneas agus scileanna a threisi\u00fa go h\u00e9ifeachtach le ceachtanna AI idirghn\u00edomhacha.","robots":{"index":"index","follow":"follow","max-snippet":"max-snippet:-1","max-image-preview":"max-image-preview:large","max-video-preview":"max-video-preview:-1"},"canonical":"https:\/\/talkpal.ai\/ga\/cleachtai-gramadai-na-laitvise\/","og_locale":"ga_IE","og_type":"article","og_title":"Cleachta\u00ed Gramada\u00ed na Laitvise","og_description":"Topaic\u00ed Gramada\u00ed na Laitvia Is eisp\u00e9ireas spreag\u00fail agus luachmhar \u00e9 teanga nua a fhoghlaim, agus n\u00ed haon eisceacht \u00ed an Laitvis. Mar theanga oifigi\u00fail na","og_url":"https:\/\/talkpal.ai\/ga\/cleachtai-gramadai-na-laitvise\/","og_site_name":"Talkpal","article_publisher":"https:\/\/www.facebook.com\/profile.php?id=100090733639311","article_modified_time":"2025-12-17T15:51:12+00:00","og_image":[{"width":512,"height":512,"url":"https:\/\/talkpal.ai\/wp-content\/uploads\/2023\/05\/latvia.png","type":"image\/png"}],"twitter_card":"summary_large_image","twitter_site":"@talkpalai","twitter_misc":{"Est. reading time":"3 minutes"},"schema":{"@context":"https:\/\/schema.org","@graph":[{"@type":"WebPage","@id":"https:\/\/talkpal.ai\/ga\/cleachtai-gramadai-na-laitvise\/","url":"https:\/\/talkpal.ai\/ga\/cleachtai-gramadai-na-laitvise\/","name":"Cleachta\u00ed Gramada\u00ed na Laitvise - Talkpal","isPartOf":{"@id":"https:\/\/talkpal.ai\/ga\/#website"},"primaryImageOfPage":{"@id":"https:\/\/talkpal.ai\/ga\/cleachtai-gramadai-na-laitvise\/#primaryimage"},"image":{"@id":"https:\/\/talkpal.ai\/ga\/cleachtai-gramadai-na-laitvise\/#primaryimage"},"thumbnailUrl":"https:\/\/talkpal.ai\/wp-content\/uploads\/2023\/05\/latvia.png","datePublished":"2023-06-22T08:07:24+00:00","dateModified":"2025-12-17T15:51:12+00:00","description":"D\u00e9an do ghramadach Laitvis a gh\u00e9ar\u00fa tr\u00ed chleachta\u00ed TalkPal tarraingteacha - feabhas a chur ar chruinneas agus scileanna a threisi\u00fa go h\u00e9ifeachtach le ceachtanna AI idirghn\u00edomhacha.","breadcrumb":{"@id":"https:\/\/talkpal.ai\/ga\/cleachtai-gramadai-na-laitvise\/#breadcrumb"},"inLanguage":"ga-IE","potentialAction":[{"@type":"ReadAction","target":["https:\/\/talkpal.ai\/ga\/cleachtai-gramadai-na-laitvise\/"]}]},{"@type":"ImageObject","inLanguage":"ga-IE","@id":"https:\/\/talkpal.ai\/ga\/cleachtai-gramadai-na-laitvise\/#primaryimage","url":"https:\/\/talkpal.ai\/wp-content\/uploads\/2023\/05\/latvia.png","contentUrl":"https:\/\/talkpal.ai\/wp-content\/uploads\/2023\/05\/latvia.png","width":512,"height":512,"caption":"TalkPal Latvia Flag"},{"@type":"BreadcrumbList","@id":"https:\/\/talkpal.ai\/ga\/cleachtai-gramadai-na-laitvise\/#breadcrumb","itemListElement":[{"@type":"ListItem","position":1,"name":"Homepage","item":"https:\/\/talkpal.ai\/ga\/"},{"@type":"ListItem","position":2,"name":"Cleachta\u00ed Gramada\u00ed na Laitvise"}]},{"@type":"WebSite","@id":"https:\/\/talkpal.ai\/ga\/#website","url":"https:\/\/talkpal.ai\/ga\/","name":"Talkpal","description":"AI Language Learning","publisher":{"@id":"https:\/\/talkpal.ai\/ga\/#organization"},"alternateName":"Talkpal AI","potentialAction":[{"@type":"SearchAction","target":{"@type":"EntryPoint","urlTemplate":"https:\/\/talkpal.ai\/ga\/?s={search_term_string}"},"query-input":{"@type":"PropertyValueSpecification","valueRequired":true,"valueName":"search_term_string"}}],"inLanguage":"ga-IE"},{"@type":"Organization","@id":"https:\/\/talkpal.ai\/ga\/#organization","name":"Talkpal, Inc.","alternateName":"Talkpal AI","url":"https:\/\/talkpal.ai\/ga\/","logo":{"@type":"ImageObject","inLanguage":"ga-IE","@id":"https:\/\/talkpal.ai\/ga\/#\/schema\/logo\/image\/","url":"https:\/\/talkpal.ai\/wp-content\/uploads\/2024\/03\/Talkpal-Logo-Icon.png","contentUrl":"https:\/\/talkpal.ai\/wp-content\/uploads\/2024\/03\/Talkpal-Logo-Icon.png","width":2880,"height":2880,"caption":"Talkpal, Inc."},"image":{"@id":"https:\/\/talkpal.ai\/ga\/#\/schema\/logo\/image\/"},"sameAs":["https:\/\/www.facebook.com\/profile.php?id=100090733639311","https:\/\/x.com\/talkpalai","https:\/\/www.linkedin.com\/company\/talkpal\/","https:\/\/www.youtube.com\/@TalkPal\/","https:\/\/www.tiktok.com\/@talkpal","https:\/\/www.instagram.com\/talkpal_ai\/","https:\/\/www.crunchbase.com\/organization\/talkpal-9cde","https:\/\/www.g2.com\/products\/talkpal-for-business\/","https:\/\/www.trustpilot.com\/review\/talkpal.ai","https:\/\/www.capterra.com\/p\/10006800\/TalkPal\/"],"description":"Talkpal is a language learning web and mobile education app, powered by the latest AI technologies, that provides engaging experiences to its customers in many different languages to help them improve their language skills. Users can chat about unlimited amount of topics with the app and use other modes to practice their language learning.","email":"support@talkpal.ai","legalName":"Talkpal, Inc.","foundingDate":"2023-04-03","duns":"118989042","numberOfEmployees":{"@type":"QuantitativeValue","minValue":"11","maxValue":"50"},"publishingPrinciples":"https:\/\/talkpal.ai\/publishing-principles\/","actionableFeedbackPolicy":"https:\/\/talkpal.ai\/actionable-feedback-policy\/","correctionsPolicy":"https:\/\/talkpal.ai\/corrections-policy\/","ethicsPolicy":"https:\/\/talkpal.ai\/ethics-policy\/","diversityPolicy":"https:\/\/talkpal.ai\/diversity-policy\/","diversityStaffingReport":"https:\/\/talkpal.ai\/diversity-policy\/"}]}},"_links":{"self":[{"href":"https:\/\/talkpal.ai\/ga\/wp-json\/wp\/v2\/pages\/1448007","targetHints":{"allow":["GET"]}}],"collection":[{"href":"https:\/\/talkpal.ai\/ga\/wp-json\/wp\/v2\/pages"}],"about":[{"href":"https:\/\/talkpal.ai\/ga\/wp-json\/wp\/v2\/types\/page"}],"author":[{"embeddable":true,"href":"https:\/\/talkpal.ai\/ga\/wp-json\/wp\/v2\/users\/6"}],"replies":[{"embeddable":true,"href":"https:\/\/talkpal.ai\/ga\/wp-json\/wp\/v2\/comments?post=1448007"}],"version-history":[{"count":0,"href":"https:\/\/talkpal.ai\/ga\/wp-json\/wp\/v2\/pages\/1448007\/revisions"}],"wp:featuredmedia":[{"embeddable":true,"href":"https:\/\/talkpal.ai\/ga\/wp-json\/wp\/v2\/media\/1444113"}],"wp:attachment":[{"href":"https:\/\/talkpal.ai\/ga\/wp-json\/wp\/v2\/media?parent=1448007"}],"curies":[{"name":"wp","href":"https:\/\/api.w.org\/{rel}","templated":true}]}}