{"id":1448002,"date":"2023-06-22T07:25:42","date_gmt":"2023-06-22T07:25:42","guid":{"rendered":"https:\/\/talkpal.ai\/cleachtai-gramadai-indineisis\/"},"modified":"2025-12-17T15:09:00","modified_gmt":"2025-12-17T15:09:00","slug":"cleachtai-gramadai-indineisis","status":"publish","type":"page","link":"https:\/\/talkpal.ai\/ga\/cleachtai-gramadai-indineisis\/","title":{"rendered":"Cleachta\u00ed Gramada\u00ed Indin\u00e9isis"},"content":{"rendered":"\r\n\r\n\r\n<section class=\"languageChallengeSection\">\r\n    <div class=\"languageInfoWrapper\">\r\n        \r\n        <h1>Cleachta\u00ed Gramada\u00ed Indin\u00e9isis<\/h1>\r\n        <p>Ag iarraidh do mhuin\u00edn san <a href=\"https:\/\/talkpal.ai\/learn-indonesian\/\">Indin\u00e9isis<\/a> a threisi\u00fa? Is bealach iontach iad cleachta\u00ed gramada\u00ed chun strucht\u00far abairte, foirmeacha briathra, agus pr\u00edomhphatr\u00fain a mh\u00e1istir a chabhr\u00f3idh leat cumars\u00e1id n\u00edos n\u00e1d\u00fartha. Tosaigh ag cleachtadh gramada\u00ed Indin\u00e9isis inniu agus f\u00e9ach ar do scileanna agus do thuiscint ag f\u00e1s le gach seisi\u00fan!<\/p>\r\n\r\n                            <a class=\"getStartedHidden\" href=\"https:\/\/app.talkpal.ai\/signup?lng=\">Tosaigh<\/a>\r\n        \r\n    <\/div>\r\n\r\n    <figure>\r\n    <img decoding=\"async\" width=\"768\" height=\"768\" src=\"https:\/\/talkpal.ai\/wp-content\/uploads\/2023\/06\/indonesia-768x768.png\" class=\"languageImage no-lazy\" alt=\"Language learning for personal achievement\" fetchpriority=\"high\" sizes=\"(max-width: 768px) 150px, 768px\" srcset=\"https:\/\/talkpal.ai\/wp-content\/uploads\/2023\/06\/indonesia-768x768.png 768w, https:\/\/talkpal.ai\/wp-content\/uploads\/2023\/06\/indonesia-300x300.png 300w\" \/>\r\n    \r\n\r\n    <\/figure>\r\n\r\n            <a class=\"getStartedVisible\" href=\"https:\/\/app.talkpal.ai\/signup?lng=\">Tosaigh<\/a>\r\n    \r\n<\/section>\r\n\r\n\r\n<!-- <section class=\"grammarSection\">\r\n    <div class=\"grammarLinks\">\r\n            <\/div>\r\n<\/section> -->\r\n\r\n\r\n\r\n\r\n<section class=\"promotionalBanner\">\r\n    <p class=\"promotionalText\">An bealach is \u00e9ifeachta\u00ed le teanga a fhoghlaim<\/p>\r\n    <a class=\"promotionalLink\" href=\"https:\/\/app.talkpal.ai\/signup?lng=\">Bain triail as Talkpal saor in aisce<\/a>\r\n<\/section>\n<div class=\"wp-block-group pageContainerStyle\"><div class=\"wp-block-group__inner-container is-layout-constrained wp-block-group-is-layout-constrained\">\n<h2 class=\"wp-block-heading\" id=\"h-indonesian-grammar-topics\">Topaic\u00ed Gramada\u00ed Indin\u00e9isis<\/h2>\n\n\n\n<p>Is \u00ed an Indin\u00e9isis teanga oifigi\u00fail na hIndin\u00e9ise agus feidhm\u00edonn s\u00ed mar theanga aontaithe i dt\u00edr ina bhfuil os cionn 700 teanga labhartha. Mar chl\u00e1r caighde\u00e1naithe den Mhalaeis, is teanga Austronesian \u00ed le c\u00f3ras gramada\u00ed at\u00e1 \u00e9asca le foghlaim. Agus t\u00fa ag foghlaim Indin\u00e9isis, t\u00e1 s\u00e9 riachtanach a rialacha gramada\u00ed agus a strucht\u00far gramada\u00ed a thuiscint le haghaidh cumars\u00e1ide \u00e9ifeachtach. Sa treoir seo, d\u00edreoidh muid ar an seicheamh a bhaineann le topaic\u00ed gramada\u00ed \u00e9ags\u00fala Indin\u00e9isis a fhoghlaim, mar shampla aimsir\u00ed, briathra, ainmfhocail, ailt, forainmneacha, aidiachta\u00ed, adverbs, coinn\u00edollacha, r\u00e9amhfhocail, agus strucht\u00far abairte.<\/p>\n\n\n\n<h3 class=\"wp-block-heading\" id=\"h-1-nouns\">1. Ainmfhocail<\/h3>\n\n\n\n<p>Tosaigh ag foghlaim ainmfhocail Indin\u00e9isis, mar is iad na bloic th\u00f3g\u00e1la is simpl\u00ed den teanga iad. N\u00edl ainmfhocail Indin\u00e9isis inscne n\u00e1 iolrach, rud a fh\u00e1gann go bhfuil siad \u00e9asca a thuiscint. Cuir eolas ar ainmfhocail choitianta agus a n-\u00fas\u00e1id i gcomhth\u00e9acs.<\/p>\n\n\n\n<h3 class=\"wp-block-heading\" id=\"h-2-pronouns-determiners\">2. Forainmneacha \/ Cinnteoir\u00ed<\/h3>\n\n\n\n<p>Tar \u00e9is ainmfhocail a thuiscint, foghlaim forainmneacha agus cinntitheoir\u00ed. T\u00e1 forainmneacha pearsanta \u00e9ags\u00fala agus cinnteoir\u00ed sealbhacha ag an Indin\u00e9isis a fhreagra\u00edonn do choibh\u00e9is\u00ed <a href=\"https:\/\/talkpal.ai\/learn-english-with-ai\/\">B\u00e9arla<\/a>. Cleachtadh iad a \u00fas\u00e1id i gcomhth\u00e9acsanna \u00e9ags\u00fala chun do bhun\u00fas a th\u00f3g\u00e1il i dt\u00f3g\u00e1il abairt\u00ed.<\/p>\n\n\n\n<h3 class=\"wp-block-heading\" id=\"h-3-adjectives\">3. Aidiachta\u00ed<\/h3>\n\n\n\n<p>T\u00e1 aidiachta\u00ed riachtanach chun cur s\u00edos a dh\u00e9anamh ar ainmfhocail san Indin\u00e9isis agus idirdheal\u00fa a dh\u00e9anamh orthu. Foghlaim conas aidiachta\u00ed a \u00fas\u00e1id in abairt\u00ed simpl\u00ed agus tuiscint a fh\u00e1il ar a socr\u00fach\u00e1n i nd\u00e1il le hainmfhocail.<\/p>\n\n\n\n<h3 class=\"wp-block-heading\" id=\"h-4-verbs\">4. Briathra<\/h3>\n\n\n\n<p>N\u00edl briathra Indin\u00e9isis comhchuingithe, rud a fh\u00e1gann go bhfuil siad r\u00e9as\u00fanta n\u00edos \u00e9asca le foghlaim i gcompar\u00e1id le teangacha eile. Staid\u00e9ar a dh\u00e9anamh ar na foirmeacha bun\u00fasacha briathar agus a n-\u00fas\u00e1id in abairt\u00ed.<\/p>\n\n\n\n<h3 class=\"wp-block-heading\" id=\"h-5-tenses\">5. Aimsir<\/h3>\n\n\n\n<p>N\u00edl aon choibh\u00e9is dh\u00edreach ag an Indin\u00e9isis le aimsir Bh\u00e9arla. Ina \u00e1it sin, cuirtear an t-am in i\u00fal tr\u00ed chomhth\u00e9acs n\u00f3 tr\u00ed fhocail shonracha a \u00fas\u00e1id. Foghlaim conas imeachta\u00ed san am at\u00e1 caite, sa l\u00e1 at\u00e1 inniu ann agus sa todhcha\u00ed a <a href=\"https:\/\/talkpal.ai\/locations\/language-courses-in-chur\/\">chur<\/a> in i\u00fal san Indin\u00e9isis ag baint \u00fas\u00e1ide as adverbs agus fr\u00e1sa\u00ed \u00e9ags\u00fala.<\/p>\n\n\n\n<h3 class=\"wp-block-heading\" id=\"h-6-tense-comparison-progressive-perfect-progressive\">6. Compar\u00e1id Teannasach, For\u00e1sach, For\u00e1sach Foirfe<\/h3>\n\n\n\n<p>\u00d3s rud \u00e9 nach bhfuil c\u00f3ras aimsire ag an Indin\u00e9isis, t\u00e1 s\u00e9 r\u00edth\u00e1bhachtach tuiscint a fh\u00e1il ar choincheap na compar\u00e1ide aimsithe, for\u00e1sach agus for\u00e1sach foirfe. Foghlaim conas na gn\u00e9ithe seo a chur in i\u00fal ag baint \u00fas\u00e1ide as focail agus fr\u00e1sa\u00ed \u00e9ags\u00fala.<\/p>\n\n\n\n<h3 class=\"wp-block-heading\" id=\"h-7-adverbs\">7. Adverbs<\/h3>\n\n\n\n<p>Ionchorpraigh adverbs i do st\u00f3r focal Indin\u00e9isis chun n\u00edos m\u00f3 sonra\u00ed agus doimhneacht a chur le d&#8217;abairt\u00ed. Foghlaim na rialacha a riala\u00edonn socr\u00fach\u00e1n agus \u00fas\u00e1id adverb.<\/p>\n\n\n\n<h3 class=\"wp-block-heading\" id=\"h-8-prepositions\">8. Prepositions<\/h3>\n\n\n\n<p>\u00das\u00e1idtear r\u00e9amhfhocail chun caidreamh idir focail in abairt a chur in i\u00fal. Foghlaim na r\u00e9amhfhocail choitianta Indin\u00e9isis agus a n-\u00fas\u00e1id i gcomhth\u00e9acsanna \u00e9ags\u00fala.<\/p>\n\n\n\n<h3 class=\"wp-block-heading\" id=\"h-9-conditionals\">9. Coinn\u00edollacha<\/h3>\n\n\n\n<p>Staid\u00e9ar a dh\u00e9anamh ar abairt\u00ed coinn\u00edollacha in Indin\u00e9isis, a chuireann c\u00e1sanna hipit\u00e9iseacha agus a n-iarmhairt\u00ed in i\u00fal. Foghlaim conas cl\u00e1sail &#8220;if&#8221; agus strucht\u00fair choinn\u00edollacha eile a fhoirmi\u00fa agus a \u00fas\u00e1id.<\/p>\n\n\n\n<h3 class=\"wp-block-heading\" id=\"h-10-sentences\">10. Pianbhreitheanna<\/h3>\n\n\n\n<p>Ar deireadh, d\u00e9an cleachtadh ar abairt\u00ed a th\u00f3g\u00e1il ag baint \u00fas\u00e1ide as na rialacha gramada\u00ed agus na topaic\u00ed a chl\u00fada\u00edtear thuas. Cuir eolas ar na cine\u00e1lacha \u00e9ags\u00fala abairt\u00ed Indin\u00e9isis, mar shampla dearbhaithe, ceisti\u00fach\u00e1in, imperative, agus exclamatory, chun do scileanna cumars\u00e1ide forioml\u00e1na sa teanga a fheabhs\u00fa.<\/p>\n<\/div><\/div>\n\r\n<section class=\"learnNavigationSection\">\r\n            \r\n        <a href=\"https:\/\/talkpal.ai\/ga\/foghlaim-indineisis\/\">\r\n            <div class=\"learnNavigationWrapper\">\r\n                <div class=\"learnNavigationContent\">\r\n                    <img decoding=\"async\" src=\"https:\/\/talkpal.ai\/wp-content\/uploads\/2024\/08\/Indonesian.jpg\" alt=\"Indonesian Flag\">\r\n                    <div>\r\n                        <h4>Maidir le Foghlaim Indin\u00e9isis<\/h4>\r\n                        <p>Faigh amach gach rud faoi ghramadach na hIndin\u00e9ise.<\/p>\r\n                    <\/div>\r\n                <\/div>\r\n            <\/div>\r\n        <\/a>\r\n\r\n        \r\n        <a href=\"https:\/\/talkpal.ai\/ga\/gramadach-na-hindineise\/\">\r\n            <div class=\"learnNavigationWrapper\">\r\n                <div class=\"learnNavigationContent\">\r\n                    <img decoding=\"async\" src=\"https:\/\/talkpal.ai\/wp-content\/uploads\/2024\/08\/Indonesian.jpg\" alt=\"Indonesian Flag\">\r\n                    <div>\r\n                        <h4>Ceachtanna Gramada\u00ed Indin\u00e9isis<\/h4>\r\n                        <p>Cleachtadh gramadach na hIndin\u00e9ise.<\/p>\r\n                    <\/div>\r\n                <\/div>\r\n            <\/div>\r\n        <\/a>\r\n\r\n        \r\n        <a href=\"https:\/\/talkpal.ai\/vocabulary_language\/indonesian\/\">\r\n            <div class=\"learnNavigationWrapper\">\r\n                <div class=\"learnNavigationContent\">\r\n                    <img decoding=\"async\" src=\"https:\/\/talkpal.ai\/wp-content\/uploads\/2024\/08\/Indonesian.jpg\" alt=\"Indonesian Flag\">\r\n                    <div>\r\n                        <h4>St\u00f3r Focal Indin\u00e9isis<\/h4>\r\n                        <p>Leathnaigh do st\u00f3r focal Indin\u00e9isis.<\/p>\r\n                    <\/div>\r\n                <\/div>\r\n            <\/div>\r\n        <\/a>\r\n\r\n            <\/section>","protected":false},"excerpt":{"rendered":"<p>Topaic\u00ed Gramada\u00ed Indin\u00e9isis Is \u00ed an Indin\u00e9isis teanga oifigi\u00fail na hIndin\u00e9ise agus feidhm\u00edonn s\u00ed mar theanga aontaithe i dt\u00edr ina bhfuil os cionn 700 teanga labhartha. Mar chl\u00e1r caighde\u00e1naithe den Mhalaeis, is teanga Austronesian \u00ed le c\u00f3ras gramada\u00ed at\u00e1 \u00e9asca le foghlaim. Agus t\u00fa ag foghlaim Indin\u00e9isis, t\u00e1 s\u00e9 riachtanach a rialacha gramada\u00ed agus a [&hellip;]<\/p>\n","protected":false},"author":6,"featured_media":1444094,"parent":0,"menu_order":0,"comment_status":"closed","ping_status":"closed","template":"LearningContentPage.php","meta":{"_acf_changed":false,"footnotes":""},"class_list":["post-1448002","page","type-page","status-publish","has-post-thumbnail","hentry"],"acf":[],"yoast_head":"<!-- This site is optimized with the Yoast SEO Premium plugin v27.2 (Yoast SEO v27.2) - https:\/\/yoast.com\/product\/yoast-seo-premium-wordpress\/ -->\n<title>Cleachta\u00ed Gramada\u00ed Indin\u00e9isis - Talkpal<\/title>\n<meta name=\"description\" content=\"Feabhas a chur ar do ghramadach Indin\u00e9isis - cleachtadh le cleachta\u00ed simpl\u00ed, sampla\u00ed idirghn\u00edomhacha, agus aiseolas soil\u00e9ir ag baint \u00fas\u00e1ide as TalkPal AI.\" \/>\n<meta name=\"robots\" content=\"index, follow, max-snippet:-1, max-image-preview:large, max-video-preview:-1\" \/>\n<link rel=\"canonical\" href=\"https:\/\/talkpal.ai\/ga\/cleachtai-gramadai-indineisis\/\" \/>\n<meta property=\"og:locale\" content=\"ga_IE\" \/>\n<meta property=\"og:type\" content=\"article\" \/>\n<meta property=\"og:title\" content=\"Cleachta\u00ed Gramada\u00ed Indin\u00e9isis\" \/>\n<meta property=\"og:description\" content=\"Topaic\u00ed Gramada\u00ed Indin\u00e9isis Is \u00ed an Indin\u00e9isis teanga oifigi\u00fail na hIndin\u00e9ise agus feidhm\u00edonn s\u00ed mar theanga aontaithe i dt\u00edr ina bhfuil os cionn 700\" \/>\n<meta property=\"og:url\" content=\"https:\/\/talkpal.ai\/ga\/cleachtai-gramadai-indineisis\/\" \/>\n<meta property=\"og:site_name\" content=\"Talkpal\" \/>\n<meta property=\"article:publisher\" content=\"https:\/\/www.facebook.com\/profile.php?id=100090733639311\" \/>\n<meta property=\"article:modified_time\" content=\"2025-12-17T15:09:00+00:00\" \/>\n<meta property=\"og:image\" content=\"https:\/\/talkpal.ai\/wp-content\/uploads\/2023\/05\/indonesia.png\" \/>\n\t<meta property=\"og:image:width\" content=\"512\" \/>\n\t<meta property=\"og:image:height\" content=\"512\" \/>\n\t<meta property=\"og:image:type\" content=\"image\/png\" \/>\n<meta name=\"twitter:card\" content=\"summary_large_image\" \/>\n<meta name=\"twitter:site\" content=\"@talkpalai\" \/>\n<meta name=\"twitter:label1\" content=\"Est. reading time\" \/>\n\t<meta name=\"twitter:data1\" content=\"3 minutes\" \/>\n<script type=\"application\/ld+json\" class=\"yoast-schema-graph\">{\"@context\":\"https:\/\/schema.org\",\"@graph\":[{\"@type\":\"WebPage\",\"@id\":\"https:\/\/talkpal.ai\/ga\/cleachtai-gramadai-indineisis\/\",\"url\":\"https:\/\/talkpal.ai\/ga\/cleachtai-gramadai-indineisis\/\",\"name\":\"Cleachta\u00ed Gramada\u00ed Indin\u00e9isis - Talkpal\",\"isPartOf\":{\"@id\":\"https:\/\/talkpal.ai\/ga\/#website\"},\"primaryImageOfPage\":{\"@id\":\"https:\/\/talkpal.ai\/ga\/cleachtai-gramadai-indineisis\/#primaryimage\"},\"image\":{\"@id\":\"https:\/\/talkpal.ai\/ga\/cleachtai-gramadai-indineisis\/#primaryimage\"},\"thumbnailUrl\":\"https:\/\/talkpal.ai\/wp-content\/uploads\/2023\/05\/indonesia.png\",\"datePublished\":\"2023-06-22T07:25:42+00:00\",\"dateModified\":\"2025-12-17T15:09:00+00:00\",\"description\":\"Feabhas a chur ar do ghramadach Indin\u00e9isis - cleachtadh le cleachta\u00ed simpl\u00ed, sampla\u00ed idirghn\u00edomhacha, agus aiseolas soil\u00e9ir ag baint \u00fas\u00e1ide as TalkPal AI.\",\"breadcrumb\":{\"@id\":\"https:\/\/talkpal.ai\/ga\/cleachtai-gramadai-indineisis\/#breadcrumb\"},\"inLanguage\":\"ga-IE\",\"potentialAction\":[{\"@type\":\"ReadAction\",\"target\":[\"https:\/\/talkpal.ai\/ga\/cleachtai-gramadai-indineisis\/\"]}]},{\"@type\":\"ImageObject\",\"inLanguage\":\"ga-IE\",\"@id\":\"https:\/\/talkpal.ai\/ga\/cleachtai-gramadai-indineisis\/#primaryimage\",\"url\":\"https:\/\/talkpal.ai\/wp-content\/uploads\/2023\/05\/indonesia.png\",\"contentUrl\":\"https:\/\/talkpal.ai\/wp-content\/uploads\/2023\/05\/indonesia.png\",\"width\":512,\"height\":512,\"caption\":\"TalkPal Indonesia Flag\"},{\"@type\":\"BreadcrumbList\",\"@id\":\"https:\/\/talkpal.ai\/ga\/cleachtai-gramadai-indineisis\/#breadcrumb\",\"itemListElement\":[{\"@type\":\"ListItem\",\"position\":1,\"name\":\"Homepage\",\"item\":\"https:\/\/talkpal.ai\/ga\/\"},{\"@type\":\"ListItem\",\"position\":2,\"name\":\"Cleachta\u00ed Gramada\u00ed Indin\u00e9isis\"}]},{\"@type\":\"WebSite\",\"@id\":\"https:\/\/talkpal.ai\/ga\/#website\",\"url\":\"https:\/\/talkpal.ai\/ga\/\",\"name\":\"Talkpal\",\"description\":\"AI Language Learning\",\"publisher\":{\"@id\":\"https:\/\/talkpal.ai\/ga\/#organization\"},\"alternateName\":\"Talkpal AI\",\"potentialAction\":[{\"@type\":\"SearchAction\",\"target\":{\"@type\":\"EntryPoint\",\"urlTemplate\":\"https:\/\/talkpal.ai\/ga\/?s={search_term_string}\"},\"query-input\":{\"@type\":\"PropertyValueSpecification\",\"valueRequired\":true,\"valueName\":\"search_term_string\"}}],\"inLanguage\":\"ga-IE\"},{\"@type\":\"Organization\",\"@id\":\"https:\/\/talkpal.ai\/ga\/#organization\",\"name\":\"Talkpal, Inc.\",\"alternateName\":\"Talkpal AI\",\"url\":\"https:\/\/talkpal.ai\/ga\/\",\"logo\":{\"@type\":\"ImageObject\",\"inLanguage\":\"ga-IE\",\"@id\":\"https:\/\/talkpal.ai\/ga\/#\/schema\/logo\/image\/\",\"url\":\"https:\/\/talkpal.ai\/wp-content\/uploads\/2024\/03\/Talkpal-Logo-Icon.png\",\"contentUrl\":\"https:\/\/talkpal.ai\/wp-content\/uploads\/2024\/03\/Talkpal-Logo-Icon.png\",\"width\":2880,\"height\":2880,\"caption\":\"Talkpal, Inc.\"},\"image\":{\"@id\":\"https:\/\/talkpal.ai\/ga\/#\/schema\/logo\/image\/\"},\"sameAs\":[\"https:\/\/www.facebook.com\/profile.php?id=100090733639311\",\"https:\/\/x.com\/talkpalai\",\"https:\/\/www.linkedin.com\/company\/talkpal\/\",\"https:\/\/www.youtube.com\/@TalkPal\/\",\"https:\/\/www.tiktok.com\/@talkpal\",\"https:\/\/www.instagram.com\/talkpal_ai\/\",\"https:\/\/www.crunchbase.com\/organization\/talkpal-9cde\",\"https:\/\/www.g2.com\/products\/talkpal-for-business\/\",\"https:\/\/www.trustpilot.com\/review\/talkpal.ai\",\"https:\/\/www.capterra.com\/p\/10006800\/TalkPal\/\"],\"description\":\"Talkpal is a language learning web and mobile education app, powered by the latest AI technologies, that provides engaging experiences to its customers in many different languages to help them improve their language skills. Users can chat about unlimited amount of topics with the app and use other modes to practice their language learning.\",\"email\":\"support@talkpal.ai\",\"legalName\":\"Talkpal, Inc.\",\"foundingDate\":\"2023-04-03\",\"duns\":\"118989042\",\"numberOfEmployees\":{\"@type\":\"QuantitativeValue\",\"minValue\":\"11\",\"maxValue\":\"50\"},\"publishingPrinciples\":\"https:\/\/talkpal.ai\/publishing-principles\/\",\"actionableFeedbackPolicy\":\"https:\/\/talkpal.ai\/actionable-feedback-policy\/\",\"correctionsPolicy\":\"https:\/\/talkpal.ai\/corrections-policy\/\",\"ethicsPolicy\":\"https:\/\/talkpal.ai\/ethics-policy\/\",\"diversityPolicy\":\"https:\/\/talkpal.ai\/diversity-policy\/\",\"diversityStaffingReport\":\"https:\/\/talkpal.ai\/diversity-policy\/\"}]}<\/script>\n<!-- \/ Yoast SEO Premium plugin. -->","yoast_head_json":{"title":"Cleachta\u00ed Gramada\u00ed Indin\u00e9isis - Talkpal","description":"Feabhas a chur ar do ghramadach Indin\u00e9isis - cleachtadh le cleachta\u00ed simpl\u00ed, sampla\u00ed idirghn\u00edomhacha, agus aiseolas soil\u00e9ir ag baint \u00fas\u00e1ide as TalkPal AI.","robots":{"index":"index","follow":"follow","max-snippet":"max-snippet:-1","max-image-preview":"max-image-preview:large","max-video-preview":"max-video-preview:-1"},"canonical":"https:\/\/talkpal.ai\/ga\/cleachtai-gramadai-indineisis\/","og_locale":"ga_IE","og_type":"article","og_title":"Cleachta\u00ed Gramada\u00ed Indin\u00e9isis","og_description":"Topaic\u00ed Gramada\u00ed Indin\u00e9isis Is \u00ed an Indin\u00e9isis teanga oifigi\u00fail na hIndin\u00e9ise agus feidhm\u00edonn s\u00ed mar theanga aontaithe i dt\u00edr ina bhfuil os cionn 700","og_url":"https:\/\/talkpal.ai\/ga\/cleachtai-gramadai-indineisis\/","og_site_name":"Talkpal","article_publisher":"https:\/\/www.facebook.com\/profile.php?id=100090733639311","article_modified_time":"2025-12-17T15:09:00+00:00","og_image":[{"width":512,"height":512,"url":"https:\/\/talkpal.ai\/wp-content\/uploads\/2023\/05\/indonesia.png","type":"image\/png"}],"twitter_card":"summary_large_image","twitter_site":"@talkpalai","twitter_misc":{"Est. reading time":"3 minutes"},"schema":{"@context":"https:\/\/schema.org","@graph":[{"@type":"WebPage","@id":"https:\/\/talkpal.ai\/ga\/cleachtai-gramadai-indineisis\/","url":"https:\/\/talkpal.ai\/ga\/cleachtai-gramadai-indineisis\/","name":"Cleachta\u00ed Gramada\u00ed Indin\u00e9isis - Talkpal","isPartOf":{"@id":"https:\/\/talkpal.ai\/ga\/#website"},"primaryImageOfPage":{"@id":"https:\/\/talkpal.ai\/ga\/cleachtai-gramadai-indineisis\/#primaryimage"},"image":{"@id":"https:\/\/talkpal.ai\/ga\/cleachtai-gramadai-indineisis\/#primaryimage"},"thumbnailUrl":"https:\/\/talkpal.ai\/wp-content\/uploads\/2023\/05\/indonesia.png","datePublished":"2023-06-22T07:25:42+00:00","dateModified":"2025-12-17T15:09:00+00:00","description":"Feabhas a chur ar do ghramadach Indin\u00e9isis - cleachtadh le cleachta\u00ed simpl\u00ed, sampla\u00ed idirghn\u00edomhacha, agus aiseolas soil\u00e9ir ag baint \u00fas\u00e1ide as TalkPal AI.","breadcrumb":{"@id":"https:\/\/talkpal.ai\/ga\/cleachtai-gramadai-indineisis\/#breadcrumb"},"inLanguage":"ga-IE","potentialAction":[{"@type":"ReadAction","target":["https:\/\/talkpal.ai\/ga\/cleachtai-gramadai-indineisis\/"]}]},{"@type":"ImageObject","inLanguage":"ga-IE","@id":"https:\/\/talkpal.ai\/ga\/cleachtai-gramadai-indineisis\/#primaryimage","url":"https:\/\/talkpal.ai\/wp-content\/uploads\/2023\/05\/indonesia.png","contentUrl":"https:\/\/talkpal.ai\/wp-content\/uploads\/2023\/05\/indonesia.png","width":512,"height":512,"caption":"TalkPal Indonesia Flag"},{"@type":"BreadcrumbList","@id":"https:\/\/talkpal.ai\/ga\/cleachtai-gramadai-indineisis\/#breadcrumb","itemListElement":[{"@type":"ListItem","position":1,"name":"Homepage","item":"https:\/\/talkpal.ai\/ga\/"},{"@type":"ListItem","position":2,"name":"Cleachta\u00ed Gramada\u00ed Indin\u00e9isis"}]},{"@type":"WebSite","@id":"https:\/\/talkpal.ai\/ga\/#website","url":"https:\/\/talkpal.ai\/ga\/","name":"Talkpal","description":"AI Language Learning","publisher":{"@id":"https:\/\/talkpal.ai\/ga\/#organization"},"alternateName":"Talkpal AI","potentialAction":[{"@type":"SearchAction","target":{"@type":"EntryPoint","urlTemplate":"https:\/\/talkpal.ai\/ga\/?s={search_term_string}"},"query-input":{"@type":"PropertyValueSpecification","valueRequired":true,"valueName":"search_term_string"}}],"inLanguage":"ga-IE"},{"@type":"Organization","@id":"https:\/\/talkpal.ai\/ga\/#organization","name":"Talkpal, Inc.","alternateName":"Talkpal AI","url":"https:\/\/talkpal.ai\/ga\/","logo":{"@type":"ImageObject","inLanguage":"ga-IE","@id":"https:\/\/talkpal.ai\/ga\/#\/schema\/logo\/image\/","url":"https:\/\/talkpal.ai\/wp-content\/uploads\/2024\/03\/Talkpal-Logo-Icon.png","contentUrl":"https:\/\/talkpal.ai\/wp-content\/uploads\/2024\/03\/Talkpal-Logo-Icon.png","width":2880,"height":2880,"caption":"Talkpal, Inc."},"image":{"@id":"https:\/\/talkpal.ai\/ga\/#\/schema\/logo\/image\/"},"sameAs":["https:\/\/www.facebook.com\/profile.php?id=100090733639311","https:\/\/x.com\/talkpalai","https:\/\/www.linkedin.com\/company\/talkpal\/","https:\/\/www.youtube.com\/@TalkPal\/","https:\/\/www.tiktok.com\/@talkpal","https:\/\/www.instagram.com\/talkpal_ai\/","https:\/\/www.crunchbase.com\/organization\/talkpal-9cde","https:\/\/www.g2.com\/products\/talkpal-for-business\/","https:\/\/www.trustpilot.com\/review\/talkpal.ai","https:\/\/www.capterra.com\/p\/10006800\/TalkPal\/"],"description":"Talkpal is a language learning web and mobile education app, powered by the latest AI technologies, that provides engaging experiences to its customers in many different languages to help them improve their language skills. Users can chat about unlimited amount of topics with the app and use other modes to practice their language learning.","email":"support@talkpal.ai","legalName":"Talkpal, Inc.","foundingDate":"2023-04-03","duns":"118989042","numberOfEmployees":{"@type":"QuantitativeValue","minValue":"11","maxValue":"50"},"publishingPrinciples":"https:\/\/talkpal.ai\/publishing-principles\/","actionableFeedbackPolicy":"https:\/\/talkpal.ai\/actionable-feedback-policy\/","correctionsPolicy":"https:\/\/talkpal.ai\/corrections-policy\/","ethicsPolicy":"https:\/\/talkpal.ai\/ethics-policy\/","diversityPolicy":"https:\/\/talkpal.ai\/diversity-policy\/","diversityStaffingReport":"https:\/\/talkpal.ai\/diversity-policy\/"}]}},"_links":{"self":[{"href":"https:\/\/talkpal.ai\/ga\/wp-json\/wp\/v2\/pages\/1448002","targetHints":{"allow":["GET"]}}],"collection":[{"href":"https:\/\/talkpal.ai\/ga\/wp-json\/wp\/v2\/pages"}],"about":[{"href":"https:\/\/talkpal.ai\/ga\/wp-json\/wp\/v2\/types\/page"}],"author":[{"embeddable":true,"href":"https:\/\/talkpal.ai\/ga\/wp-json\/wp\/v2\/users\/6"}],"replies":[{"embeddable":true,"href":"https:\/\/talkpal.ai\/ga\/wp-json\/wp\/v2\/comments?post=1448002"}],"version-history":[{"count":0,"href":"https:\/\/talkpal.ai\/ga\/wp-json\/wp\/v2\/pages\/1448002\/revisions"}],"wp:featuredmedia":[{"embeddable":true,"href":"https:\/\/talkpal.ai\/ga\/wp-json\/wp\/v2\/media\/1444094"}],"wp:attachment":[{"href":"https:\/\/talkpal.ai\/ga\/wp-json\/wp\/v2\/media?parent=1448002"}],"curies":[{"name":"wp","href":"https:\/\/api.w.org\/{rel}","templated":true}]}}