{"id":1447999,"date":"2023-06-22T08:01:09","date_gmt":"2023-06-22T08:01:09","guid":{"rendered":"https:\/\/talkpal.ai\/cleachtai-gramadai-casaicise\/"},"modified":"2025-12-17T14:56:06","modified_gmt":"2025-12-17T14:56:06","slug":"cleachtai-gramadai-casaicise","status":"publish","type":"page","link":"https:\/\/talkpal.ai\/ga\/cleachtai-gramadai-casaicise\/","title":{"rendered":"Cleachta\u00ed Gramada\u00ed Casaicise"},"content":{"rendered":"\r\n\r\n\r\n<section class=\"languageChallengeSection\">\r\n    <div class=\"languageInfoWrapper\">\r\n        \r\n        <h1>Cleachta\u00ed Gramada\u00ed Casaicise<\/h1>\r\n        <p>R\u00e9idh le do mhuin\u00edn a th\u00f3g\u00e1il i <a href=\"https:\/\/talkpal.ai\/learn-kazakh\/\">Kazakh<\/a>? Is bealach iontach \u00e9 d\u00edri\u00fa ar chleachta\u00ed gramada\u00ed chun strucht\u00far abairte, foirmeacha briathra, agus patr\u00fain teanga riachtanacha a mh\u00e1istir. Tosaigh ag cleachtadh gramada\u00ed Kazakh inniu agus f\u00e9ach f\u00edor-dhul chun cinn agus t\u00fa ag neart\u00fa do thuiscint c\u00e9im ar ch\u00e9im!<\/p>\r\n\r\n                            <a class=\"getStartedHidden\" href=\"https:\/\/app.talkpal.ai\/signup?lng=\">Tosaigh<\/a>\r\n        \r\n    <\/div>\r\n\r\n    <figure>\r\n    <img decoding=\"async\" width=\"768\" height=\"768\" src=\"https:\/\/talkpal.ai\/wp-content\/uploads\/2023\/06\/Khazak-768x768.png\" class=\"languageImage no-lazy\" alt=\"Language learning for increased negotiation skills\" fetchpriority=\"high\" sizes=\"(max-width: 768px) 150px, 768px\" srcset=\"https:\/\/talkpal.ai\/wp-content\/uploads\/2023\/06\/Khazak-768x768.png 768w, https:\/\/talkpal.ai\/wp-content\/uploads\/2023\/06\/Khazak-300x300.png 300w\" \/>\r\n    \r\n\r\n    <\/figure>\r\n\r\n            <a class=\"getStartedVisible\" href=\"https:\/\/app.talkpal.ai\/signup?lng=\">Tosaigh<\/a>\r\n    \r\n<\/section>\r\n\r\n\r\n<!-- <section class=\"grammarSection\">\r\n    <div class=\"grammarLinks\">\r\n            <\/div>\r\n<\/section> -->\r\n\r\n\r\n\r\n\r\n<section class=\"promotionalBanner\">\r\n    <p class=\"promotionalText\">An bealach is \u00e9ifeachta\u00ed le teanga a fhoghlaim<\/p>\r\n    <a class=\"promotionalLink\" href=\"https:\/\/app.talkpal.ai\/signup?lng=\">Bain triail as Talkpal saor in aisce<\/a>\r\n<\/section>\n<div class=\"wp-block-group pageContainerStyle\"><div class=\"wp-block-group__inner-container is-layout-constrained wp-block-group-is-layout-constrained\">\n<h2 class=\"wp-block-heading\" id=\"h-kazakh-grammar-topics\">Topaic\u00ed Gramada\u00ed Kazakh<\/h2>\n\n\n\n<p>Is f\u00e9idir le teanga <a href=\"https:\/\/talkpal.ai\/talkpal-new-years-discount\/\">nua<\/a> a fhoghlaim a bheith ina eisp\u00e9ireas d\u00fashl\u00e1nach ach luachmhar a oscla\u00edonn deiseanna d&#8217;fh\u00e1s pearsanta agus gairmi\u00fail. Ceann de na teangacha at\u00e1 ag \u00e9ir\u00ed n\u00edos coitianta i measc foghlaimeoir\u00ed teanga is ea an Kazakh, teanga <a href=\"https:\/\/talkpal.ai\/learn-turkish\/\">Tuircis<\/a> a labhra\u00edonn na milli\u00fain daoine sa Chasacst\u00e1in agus sna r\u00e9igi\u00fain m\u00e1guaird. T\u00e1 <a href=\"https:\/\/talkpal.ai\/grammar\/\">gramadach<\/a> na Casacst\u00e1ine uath\u00fail, le strucht\u00far saibhir agus eilimint\u00ed \u00e9ags\u00fala a \u00e9il\u00edonn cur chuige foghlama c\u00f3rasach. Sa treoir seo, pl\u00e9ifimid roinnt \u00e1bhar gramada\u00ed riachtanacha Kazakh, lena n-\u00e1ir\u00edtear aimsir, ainmfhocail, briathra, ailt, forainmneacha, aidiachta\u00ed, aidiachta\u00ed, adverbs, coinn\u00edollacha, r\u00e9amhfhocail, agus strucht\u00fair abairte. Tr\u00ed thuiscint a fh\u00e1il ar an seicheamh a bhaineann le foghlaim na n-\u00e1bhar seo, is f\u00e9idir leat dul chun cinn a dh\u00e9anamh go h\u00e9ifeachtach i do thuras chun m\u00e1istreacht a dh\u00e9anamh ar an teanga Kazakh.<\/p>\n\n\n\n<h3 class=\"wp-block-heading\" id=\"h-1-nouns\">1. Ainmfhocail:<\/h3>\n\n\n\n<p>Tosa\u00edonn bun\u00fas aon teanga le foghlaim a hainmfhocail. I Kazakh, n\u00ed bhfuil inscne ag ainmfhocail, ach t\u00e1 c\u00e1sanna acu. T\u00e1 s\u00e9 r\u00edth\u00e1bhachtach tuiscint a fh\u00e1il ar na c\u00e1sanna \u00e9ags\u00fala agus ar a bhfeidhmeanna chun st\u00f3r focal a th\u00f3g\u00e1il agus abairt\u00ed bun\u00fasacha a fhoirmi\u00fa.<\/p>\n\n\n\n<h3 class=\"wp-block-heading\" id=\"h-2-articles\">2. Airteagail:<\/h3>\n\n\n\n<p>N\u00edl ailt i l\u00e1thair sa teanga Kazakh, rud a fh\u00e1gann go bhfuil s\u00e9 n\u00edos \u00e9asca d&#8217;fhoghlaimeoir\u00ed d\u00edri\u00fa ar ghn\u00e9ithe gramada\u00ed eile.<\/p>\n\n\n\n<h3 class=\"wp-block-heading\" id=\"h-3-pronouns-determiners\">3. Forainmneacha \/ Cinntitheoir\u00ed:<\/h3>\n\n\n\n<p>T\u00e1 siad seo riachtanach chun ainmfhocail a athshol\u00e1thar agus a gcainn\u00edocht n\u00f3 a bhf\u00e9ini\u00falacht a shonr\u00fa. Cuideoidh forainmneacha agus cinnteoir\u00ed a fhoghlaim leat abairt\u00ed n\u00edos casta a chruth\u00fa agus do l\u00edofacht fhorioml\u00e1n a fheabhs\u00fa.<\/p>\n\n\n\n<h3 class=\"wp-block-heading\" id=\"h-4-verbs\">4. Briathra:<\/h3>\n\n\n\n<p>Is iad briathra cn\u00e1mh droma aon teanga, agus t\u00e1 s\u00e9 r\u00edth\u00e1bhachtach a bpatr\u00fain chomhchuingithe a fhoghlaim. I Kazakh, d\u00e9antar briathra a chomhchuingi\u00fa bunaithe ar aimsir, gi\u00famar agus guth. Cuirfidh t\u00fa t\u00fa f\u00e9in i dtaith\u00ed ar na conjugations seo ar do chumas gn\u00edomhartha agus imeachta\u00ed a <a href=\"https:\/\/talkpal.ai\/locations\/language-courses-in-chur\/\">chur<\/a> in i\u00fal go cruinn.<\/p>\n\n\n\n<h3 class=\"wp-block-heading\" id=\"h-5-tenses\">5. Aimsir:<\/h3>\n\n\n\n<p>T\u00e1 roinnt aimsir\u00ed ag an Kazakh, lena n-\u00e1ir\u00edtear am at\u00e1 caite, l\u00e1ithreacht agus todhcha\u00ed. T\u00e1 s\u00e9 riachtanach foghlaim conas na haimsir\u00ed seo a fhoirmi\u00fa agus a \u00fas\u00e1id i gceart chun am na ngn\u00edomhartha agus na n-imeachta\u00ed a chur in i\u00fal.<\/p>\n\n\n\n<h3 class=\"wp-block-heading\" id=\"h-6-tense-comparison\">6. Compar\u00e1id aimsire:<\/h3>\n\n\n\n<p>M\u00e1 thuigeann t\u00fa an difr\u00edocht idir aimsir agus an chaoi a n-idirghn\u00edomha\u00edonn siad lena ch\u00e9ile, doimhneoidh t\u00fa do thuiscint ar ghramadach na Casacst\u00e1ine.<\/p>\n\n\n\n<h3 class=\"wp-block-heading\" id=\"h-7-progressive\">7. For\u00e1sach:<\/h3>\n\n\n\n<p>L\u00e9ir\u00edonn an ghn\u00e9 seo gn\u00edomhartha lean\u00fanacha. Cuideoidh foghlaim na foirme for\u00e1sach i Kazakh leat gn\u00edomhartha at\u00e1 ag tarl\u00fa faoi l\u00e1thair n\u00f3 a bh\u00ed ag tarl\u00fa ag pointe \u00e1irithe <a href=\"https:\/\/talkpal.ai\/locations\/language-courses-in-ama\/\">ama<\/a> a chur in i\u00fal.<\/p>\n\n\n\n<h3 class=\"wp-block-heading\" id=\"h-8-perfect-progressive\">8. For\u00e1sach Foirfe:<\/h3>\n\n\n\n<p>Comhcheangla\u00edonn an for\u00e1sach foirfe na gn\u00e9ithe foirfe agus for\u00e1sacha chun gn\u00edomh a thosaigh san am at\u00e1 thart agus at\u00e1 f\u00f3s ar si\u00fal. Feabhs\u00f3idh m\u00e1istreacht an ghn\u00e9 seo do chumas smaointe casta a chur in i\u00fal i Kazakh.<\/p>\n\n\n\n<h3 class=\"wp-block-heading\" id=\"h-9-adjectives\">9. Aidiachta\u00ed:<\/h3>\n\n\n\n<p>D\u00e9anann aidiachta\u00ed cur s\u00edos ar thr\u00e9ithe agus ar ghn\u00e9ithe ainmfhocail. Foghlaim conas aidiachta\u00ed a \u00fas\u00e1id i gceart i Kazakh saibhreoidh s\u00e9 do st\u00f3r focal agus cuirfidh s\u00e9 ar do chumas cur s\u00edos n\u00edos mionsonraithe a shol\u00e1thar.<\/p>\n\n\n\n<h3 class=\"wp-block-heading\" id=\"h-10-adverbs\">10. Adverbs:<\/h3>\n\n\n\n<p>Adverbs modify verbs, adjectives, and other adverbs. Feabhs\u00f3idh eolas a fh\u00e1il ar adverbs Kazakh agus a n-\u00fas\u00e1id do chumas gn\u00edomhartha agus imeachta\u00ed a chur in i\u00fal n\u00edos cruinne.<\/p>\n\n\n\n<h3 class=\"wp-block-heading\" id=\"h-11-conditionals\">11. Coinn\u00edollacha:<\/h3>\n\n\n\n<p>\u00das\u00e1idtear coinn\u00edollacha chun c\u00e1sanna hipit\u00e9iseacha agus a n-iarmhairt\u00ed f\u00e9ideartha a chur in i\u00fal. Cabhr\u00f3idh m\u00e1istreacht ar \u00fas\u00e1id coinn\u00edollacha i Kazakh leat smaointe casta agus c\u00e1sanna hipit\u00e9iseacha a chur in i\u00fal.<\/p>\n\n\n\n<h3 class=\"wp-block-heading\" id=\"h-12-prepositions\">12. Prepositions:<\/h3>\n\n\n\n<p>L\u00e9ir\u00edonn r\u00e9amhfhocail an gaol idir ainmfhocail in abairt. Ligfidh foghlaim r\u00e9amhfhocail Kazakh agus a bhfeidhmeanna duit abairt\u00ed n\u00edos casta a th\u00f3g\u00e1il.<\/p>\n\n\n\n<h3 class=\"wp-block-heading\" id=\"h-13-sentences\">13. Abairt\u00ed:<\/h3>\n\n\n\n<p>Mar fhocal scoir, t\u00e1 tuiscint a fh\u00e1il ar strucht\u00fair abairt\u00ed agus ar na rialacha <a href=\"https:\/\/talkpal.ai\/ga\/maidir\/\">maidir<\/a> le heilimint\u00ed gramada\u00ed \u00e9ags\u00fala a chomhcheangal riachtanach chun m\u00e1istreacht a fh\u00e1il ar an teanga Kazakh. Cuirfidh an t-eolas seo ar do chumas cumars\u00e1id a dh\u00e9anamh go h\u00e9ifeachtach agus go cruinn i gc\u00e1sanna \u00e9ags\u00fala.<\/p>\n<\/div><\/div>\n\r\n<section class=\"learnNavigationSection\">\r\n            \r\n        <a href=\"https:\/\/talkpal.ai\/ga\/foghlaim-casaicis\/\">\r\n            <div class=\"learnNavigationWrapper\">\r\n                <div class=\"learnNavigationContent\">\r\n                    <img decoding=\"async\" src=\"https:\/\/talkpal.ai\/wp-content\/uploads\/2024\/08\/Kazakh.jpg\" alt=\"Kazakh Flag\">\r\n                    <div>\r\n                        <h4>Maidir le Foghlaim Kazakh<\/h4>\r\n                        <p>Faigh amach gach rud faoi ghramadach na Casacst\u00e1ine.<\/p>\r\n                    <\/div>\r\n                <\/div>\r\n            <\/div>\r\n        <\/a>\r\n\r\n        \r\n        <a href=\"https:\/\/talkpal.ai\/ga\/gramadach-na-casacstaine\/\">\r\n            <div class=\"learnNavigationWrapper\">\r\n                <div class=\"learnNavigationContent\">\r\n                    <img decoding=\"async\" src=\"https:\/\/talkpal.ai\/wp-content\/uploads\/2024\/08\/Kazakh.jpg\" alt=\"Kazakh Flag\">\r\n                    <div>\r\n                        <h4>Ceachtanna Gramada\u00ed Kazakh<\/h4>\r\n                        <p>Cleachtadh gramadach na Casacst\u00e1ine.<\/p>\r\n                    <\/div>\r\n                <\/div>\r\n            <\/div>\r\n        <\/a>\r\n\r\n        \r\n        <a href=\"https:\/\/talkpal.ai\/vocabulary_language\/kazakh\/\">\r\n            <div class=\"learnNavigationWrapper\">\r\n                <div class=\"learnNavigationContent\">\r\n                    <img decoding=\"async\" src=\"https:\/\/talkpal.ai\/wp-content\/uploads\/2024\/08\/Kazakh.jpg\" alt=\"Kazakh Flag\">\r\n                    <div>\r\n                        <h4>St\u00f3r Focal na Casacst\u00e1ine<\/h4>\r\n                        <p>Leathnaigh do st\u00f3r focal Kazakh.<\/p>\r\n                    <\/div>\r\n                <\/div>\r\n            <\/div>\r\n        <\/a>\r\n\r\n            <\/section>","protected":false},"excerpt":{"rendered":"<p>Topaic\u00ed Gramada\u00ed Kazakh Is f\u00e9idir le teanga nua a fhoghlaim a bheith ina eisp\u00e9ireas d\u00fashl\u00e1nach ach luachmhar a oscla\u00edonn deiseanna d&#8217;fh\u00e1s pearsanta agus gairmi\u00fail. Ceann de na teangacha at\u00e1 ag \u00e9ir\u00ed n\u00edos coitianta i measc foghlaimeoir\u00ed teanga is ea an Kazakh, teanga Tuircis a labhra\u00edonn na milli\u00fain daoine sa Chasacst\u00e1in agus sna r\u00e9igi\u00fain m\u00e1guaird. T\u00e1 [&hellip;]<\/p>\n","protected":false},"author":6,"featured_media":1444100,"parent":0,"menu_order":0,"comment_status":"closed","ping_status":"closed","template":"LearningContentPage.php","meta":{"_acf_changed":false,"footnotes":""},"class_list":["post-1447999","page","type-page","status-publish","has-post-thumbnail","hentry"],"acf":[],"yoast_head":"<!-- This site is optimized with the Yoast SEO Premium plugin v27.2 (Yoast SEO v27.2) - https:\/\/yoast.com\/product\/yoast-seo-premium-wordpress\/ -->\n<title>Cleachta\u00ed Gramada\u00ed Casaicise - Talkpal<\/title>\n<meta name=\"description\" content=\"Treisi\u00fa do scileanna gramada\u00ed Kazakh go h\u00e9ifeachtach - feabhas a chur ar chruinneas, cleachta\u00ed idirghn\u00edomhacha a chleachtadh, agus \u00fas\u00e1id foirfe!\" \/>\n<meta name=\"robots\" content=\"index, follow, max-snippet:-1, max-image-preview:large, max-video-preview:-1\" \/>\n<link rel=\"canonical\" href=\"https:\/\/talkpal.ai\/ga\/cleachtai-gramadai-casaicise\/\" \/>\n<meta property=\"og:locale\" content=\"ga_IE\" \/>\n<meta property=\"og:type\" content=\"article\" \/>\n<meta property=\"og:title\" content=\"Cleachta\u00ed Gramada\u00ed Casaicise\" \/>\n<meta property=\"og:description\" content=\"Topaic\u00ed Gramada\u00ed Kazakh Is f\u00e9idir le teanga nua a fhoghlaim a bheith ina eisp\u00e9ireas d\u00fashl\u00e1nach ach luachmhar a oscla\u00edonn deiseanna d&#039;fh\u00e1s pearsanta agus\" \/>\n<meta property=\"og:url\" content=\"https:\/\/talkpal.ai\/ga\/cleachtai-gramadai-casaicise\/\" \/>\n<meta property=\"og:site_name\" content=\"Talkpal\" \/>\n<meta property=\"article:publisher\" content=\"https:\/\/www.facebook.com\/profile.php?id=100090733639311\" \/>\n<meta property=\"article:modified_time\" content=\"2025-12-17T14:56:06+00:00\" \/>\n<meta property=\"og:image\" content=\"https:\/\/talkpal.ai\/wp-content\/uploads\/2023\/05\/kazakhstan.png\" \/>\n\t<meta property=\"og:image:width\" content=\"512\" \/>\n\t<meta property=\"og:image:height\" content=\"512\" \/>\n\t<meta property=\"og:image:type\" content=\"image\/png\" \/>\n<meta name=\"twitter:card\" content=\"summary_large_image\" \/>\n<meta name=\"twitter:site\" content=\"@talkpalai\" \/>\n<meta name=\"twitter:label1\" content=\"Est. reading time\" \/>\n\t<meta name=\"twitter:data1\" content=\"4 minutes\" \/>\n<script type=\"application\/ld+json\" class=\"yoast-schema-graph\">{\"@context\":\"https:\/\/schema.org\",\"@graph\":[{\"@type\":\"WebPage\",\"@id\":\"https:\/\/talkpal.ai\/ga\/cleachtai-gramadai-casaicise\/\",\"url\":\"https:\/\/talkpal.ai\/ga\/cleachtai-gramadai-casaicise\/\",\"name\":\"Cleachta\u00ed Gramada\u00ed Casaicise - Talkpal\",\"isPartOf\":{\"@id\":\"https:\/\/talkpal.ai\/ga\/#website\"},\"primaryImageOfPage\":{\"@id\":\"https:\/\/talkpal.ai\/ga\/cleachtai-gramadai-casaicise\/#primaryimage\"},\"image\":{\"@id\":\"https:\/\/talkpal.ai\/ga\/cleachtai-gramadai-casaicise\/#primaryimage\"},\"thumbnailUrl\":\"https:\/\/talkpal.ai\/wp-content\/uploads\/2023\/05\/kazakhstan.png\",\"datePublished\":\"2023-06-22T08:01:09+00:00\",\"dateModified\":\"2025-12-17T14:56:06+00:00\",\"description\":\"Treisi\u00fa do scileanna gramada\u00ed Kazakh go h\u00e9ifeachtach - feabhas a chur ar chruinneas, cleachta\u00ed idirghn\u00edomhacha a chleachtadh, agus \u00fas\u00e1id foirfe!\",\"breadcrumb\":{\"@id\":\"https:\/\/talkpal.ai\/ga\/cleachtai-gramadai-casaicise\/#breadcrumb\"},\"inLanguage\":\"ga-IE\",\"potentialAction\":[{\"@type\":\"ReadAction\",\"target\":[\"https:\/\/talkpal.ai\/ga\/cleachtai-gramadai-casaicise\/\"]}]},{\"@type\":\"ImageObject\",\"inLanguage\":\"ga-IE\",\"@id\":\"https:\/\/talkpal.ai\/ga\/cleachtai-gramadai-casaicise\/#primaryimage\",\"url\":\"https:\/\/talkpal.ai\/wp-content\/uploads\/2023\/05\/kazakhstan.png\",\"contentUrl\":\"https:\/\/talkpal.ai\/wp-content\/uploads\/2023\/05\/kazakhstan.png\",\"width\":512,\"height\":512,\"caption\":\"TalkPal Kazakhstan Flag\"},{\"@type\":\"BreadcrumbList\",\"@id\":\"https:\/\/talkpal.ai\/ga\/cleachtai-gramadai-casaicise\/#breadcrumb\",\"itemListElement\":[{\"@type\":\"ListItem\",\"position\":1,\"name\":\"Homepage\",\"item\":\"https:\/\/talkpal.ai\/ga\/\"},{\"@type\":\"ListItem\",\"position\":2,\"name\":\"Cleachta\u00ed Gramada\u00ed Casaicise\"}]},{\"@type\":\"WebSite\",\"@id\":\"https:\/\/talkpal.ai\/ga\/#website\",\"url\":\"https:\/\/talkpal.ai\/ga\/\",\"name\":\"Talkpal\",\"description\":\"AI Language Learning\",\"publisher\":{\"@id\":\"https:\/\/talkpal.ai\/ga\/#organization\"},\"alternateName\":\"Talkpal AI\",\"potentialAction\":[{\"@type\":\"SearchAction\",\"target\":{\"@type\":\"EntryPoint\",\"urlTemplate\":\"https:\/\/talkpal.ai\/ga\/?s={search_term_string}\"},\"query-input\":{\"@type\":\"PropertyValueSpecification\",\"valueRequired\":true,\"valueName\":\"search_term_string\"}}],\"inLanguage\":\"ga-IE\"},{\"@type\":\"Organization\",\"@id\":\"https:\/\/talkpal.ai\/ga\/#organization\",\"name\":\"Talkpal, Inc.\",\"alternateName\":\"Talkpal AI\",\"url\":\"https:\/\/talkpal.ai\/ga\/\",\"logo\":{\"@type\":\"ImageObject\",\"inLanguage\":\"ga-IE\",\"@id\":\"https:\/\/talkpal.ai\/ga\/#\/schema\/logo\/image\/\",\"url\":\"https:\/\/talkpal.ai\/wp-content\/uploads\/2024\/03\/Talkpal-Logo-Icon.png\",\"contentUrl\":\"https:\/\/talkpal.ai\/wp-content\/uploads\/2024\/03\/Talkpal-Logo-Icon.png\",\"width\":2880,\"height\":2880,\"caption\":\"Talkpal, Inc.\"},\"image\":{\"@id\":\"https:\/\/talkpal.ai\/ga\/#\/schema\/logo\/image\/\"},\"sameAs\":[\"https:\/\/www.facebook.com\/profile.php?id=100090733639311\",\"https:\/\/x.com\/talkpalai\",\"https:\/\/www.linkedin.com\/company\/talkpal\/\",\"https:\/\/www.youtube.com\/@TalkPal\/\",\"https:\/\/www.tiktok.com\/@talkpal\",\"https:\/\/www.instagram.com\/talkpal_ai\/\",\"https:\/\/www.crunchbase.com\/organization\/talkpal-9cde\",\"https:\/\/www.g2.com\/products\/talkpal-for-business\/\",\"https:\/\/www.trustpilot.com\/review\/talkpal.ai\",\"https:\/\/www.capterra.com\/p\/10006800\/TalkPal\/\"],\"description\":\"Talkpal is a language learning web and mobile education app, powered by the latest AI technologies, that provides engaging experiences to its customers in many different languages to help them improve their language skills. Users can chat about unlimited amount of topics with the app and use other modes to practice their language learning.\",\"email\":\"support@talkpal.ai\",\"legalName\":\"Talkpal, Inc.\",\"foundingDate\":\"2023-04-03\",\"duns\":\"118989042\",\"numberOfEmployees\":{\"@type\":\"QuantitativeValue\",\"minValue\":\"11\",\"maxValue\":\"50\"},\"publishingPrinciples\":\"https:\/\/talkpal.ai\/publishing-principles\/\",\"actionableFeedbackPolicy\":\"https:\/\/talkpal.ai\/actionable-feedback-policy\/\",\"correctionsPolicy\":\"https:\/\/talkpal.ai\/corrections-policy\/\",\"ethicsPolicy\":\"https:\/\/talkpal.ai\/ethics-policy\/\",\"diversityPolicy\":\"https:\/\/talkpal.ai\/diversity-policy\/\",\"diversityStaffingReport\":\"https:\/\/talkpal.ai\/diversity-policy\/\"}]}<\/script>\n<!-- \/ Yoast SEO Premium plugin. -->","yoast_head_json":{"title":"Cleachta\u00ed Gramada\u00ed Casaicise - Talkpal","description":"Treisi\u00fa do scileanna gramada\u00ed Kazakh go h\u00e9ifeachtach - feabhas a chur ar chruinneas, cleachta\u00ed idirghn\u00edomhacha a chleachtadh, agus \u00fas\u00e1id foirfe!","robots":{"index":"index","follow":"follow","max-snippet":"max-snippet:-1","max-image-preview":"max-image-preview:large","max-video-preview":"max-video-preview:-1"},"canonical":"https:\/\/talkpal.ai\/ga\/cleachtai-gramadai-casaicise\/","og_locale":"ga_IE","og_type":"article","og_title":"Cleachta\u00ed Gramada\u00ed Casaicise","og_description":"Topaic\u00ed Gramada\u00ed Kazakh Is f\u00e9idir le teanga nua a fhoghlaim a bheith ina eisp\u00e9ireas d\u00fashl\u00e1nach ach luachmhar a oscla\u00edonn deiseanna d'fh\u00e1s pearsanta agus","og_url":"https:\/\/talkpal.ai\/ga\/cleachtai-gramadai-casaicise\/","og_site_name":"Talkpal","article_publisher":"https:\/\/www.facebook.com\/profile.php?id=100090733639311","article_modified_time":"2025-12-17T14:56:06+00:00","og_image":[{"width":512,"height":512,"url":"https:\/\/talkpal.ai\/wp-content\/uploads\/2023\/05\/kazakhstan.png","type":"image\/png"}],"twitter_card":"summary_large_image","twitter_site":"@talkpalai","twitter_misc":{"Est. reading time":"4 minutes"},"schema":{"@context":"https:\/\/schema.org","@graph":[{"@type":"WebPage","@id":"https:\/\/talkpal.ai\/ga\/cleachtai-gramadai-casaicise\/","url":"https:\/\/talkpal.ai\/ga\/cleachtai-gramadai-casaicise\/","name":"Cleachta\u00ed Gramada\u00ed Casaicise - Talkpal","isPartOf":{"@id":"https:\/\/talkpal.ai\/ga\/#website"},"primaryImageOfPage":{"@id":"https:\/\/talkpal.ai\/ga\/cleachtai-gramadai-casaicise\/#primaryimage"},"image":{"@id":"https:\/\/talkpal.ai\/ga\/cleachtai-gramadai-casaicise\/#primaryimage"},"thumbnailUrl":"https:\/\/talkpal.ai\/wp-content\/uploads\/2023\/05\/kazakhstan.png","datePublished":"2023-06-22T08:01:09+00:00","dateModified":"2025-12-17T14:56:06+00:00","description":"Treisi\u00fa do scileanna gramada\u00ed Kazakh go h\u00e9ifeachtach - feabhas a chur ar chruinneas, cleachta\u00ed idirghn\u00edomhacha a chleachtadh, agus \u00fas\u00e1id foirfe!","breadcrumb":{"@id":"https:\/\/talkpal.ai\/ga\/cleachtai-gramadai-casaicise\/#breadcrumb"},"inLanguage":"ga-IE","potentialAction":[{"@type":"ReadAction","target":["https:\/\/talkpal.ai\/ga\/cleachtai-gramadai-casaicise\/"]}]},{"@type":"ImageObject","inLanguage":"ga-IE","@id":"https:\/\/talkpal.ai\/ga\/cleachtai-gramadai-casaicise\/#primaryimage","url":"https:\/\/talkpal.ai\/wp-content\/uploads\/2023\/05\/kazakhstan.png","contentUrl":"https:\/\/talkpal.ai\/wp-content\/uploads\/2023\/05\/kazakhstan.png","width":512,"height":512,"caption":"TalkPal Kazakhstan Flag"},{"@type":"BreadcrumbList","@id":"https:\/\/talkpal.ai\/ga\/cleachtai-gramadai-casaicise\/#breadcrumb","itemListElement":[{"@type":"ListItem","position":1,"name":"Homepage","item":"https:\/\/talkpal.ai\/ga\/"},{"@type":"ListItem","position":2,"name":"Cleachta\u00ed Gramada\u00ed Casaicise"}]},{"@type":"WebSite","@id":"https:\/\/talkpal.ai\/ga\/#website","url":"https:\/\/talkpal.ai\/ga\/","name":"Talkpal","description":"AI Language Learning","publisher":{"@id":"https:\/\/talkpal.ai\/ga\/#organization"},"alternateName":"Talkpal AI","potentialAction":[{"@type":"SearchAction","target":{"@type":"EntryPoint","urlTemplate":"https:\/\/talkpal.ai\/ga\/?s={search_term_string}"},"query-input":{"@type":"PropertyValueSpecification","valueRequired":true,"valueName":"search_term_string"}}],"inLanguage":"ga-IE"},{"@type":"Organization","@id":"https:\/\/talkpal.ai\/ga\/#organization","name":"Talkpal, Inc.","alternateName":"Talkpal AI","url":"https:\/\/talkpal.ai\/ga\/","logo":{"@type":"ImageObject","inLanguage":"ga-IE","@id":"https:\/\/talkpal.ai\/ga\/#\/schema\/logo\/image\/","url":"https:\/\/talkpal.ai\/wp-content\/uploads\/2024\/03\/Talkpal-Logo-Icon.png","contentUrl":"https:\/\/talkpal.ai\/wp-content\/uploads\/2024\/03\/Talkpal-Logo-Icon.png","width":2880,"height":2880,"caption":"Talkpal, Inc."},"image":{"@id":"https:\/\/talkpal.ai\/ga\/#\/schema\/logo\/image\/"},"sameAs":["https:\/\/www.facebook.com\/profile.php?id=100090733639311","https:\/\/x.com\/talkpalai","https:\/\/www.linkedin.com\/company\/talkpal\/","https:\/\/www.youtube.com\/@TalkPal\/","https:\/\/www.tiktok.com\/@talkpal","https:\/\/www.instagram.com\/talkpal_ai\/","https:\/\/www.crunchbase.com\/organization\/talkpal-9cde","https:\/\/www.g2.com\/products\/talkpal-for-business\/","https:\/\/www.trustpilot.com\/review\/talkpal.ai","https:\/\/www.capterra.com\/p\/10006800\/TalkPal\/"],"description":"Talkpal is a language learning web and mobile education app, powered by the latest AI technologies, that provides engaging experiences to its customers in many different languages to help them improve their language skills. Users can chat about unlimited amount of topics with the app and use other modes to practice their language learning.","email":"support@talkpal.ai","legalName":"Talkpal, Inc.","foundingDate":"2023-04-03","duns":"118989042","numberOfEmployees":{"@type":"QuantitativeValue","minValue":"11","maxValue":"50"},"publishingPrinciples":"https:\/\/talkpal.ai\/publishing-principles\/","actionableFeedbackPolicy":"https:\/\/talkpal.ai\/actionable-feedback-policy\/","correctionsPolicy":"https:\/\/talkpal.ai\/corrections-policy\/","ethicsPolicy":"https:\/\/talkpal.ai\/ethics-policy\/","diversityPolicy":"https:\/\/talkpal.ai\/diversity-policy\/","diversityStaffingReport":"https:\/\/talkpal.ai\/diversity-policy\/"}]}},"_links":{"self":[{"href":"https:\/\/talkpal.ai\/ga\/wp-json\/wp\/v2\/pages\/1447999","targetHints":{"allow":["GET"]}}],"collection":[{"href":"https:\/\/talkpal.ai\/ga\/wp-json\/wp\/v2\/pages"}],"about":[{"href":"https:\/\/talkpal.ai\/ga\/wp-json\/wp\/v2\/types\/page"}],"author":[{"embeddable":true,"href":"https:\/\/talkpal.ai\/ga\/wp-json\/wp\/v2\/users\/6"}],"replies":[{"embeddable":true,"href":"https:\/\/talkpal.ai\/ga\/wp-json\/wp\/v2\/comments?post=1447999"}],"version-history":[{"count":0,"href":"https:\/\/talkpal.ai\/ga\/wp-json\/wp\/v2\/pages\/1447999\/revisions"}],"wp:featuredmedia":[{"embeddable":true,"href":"https:\/\/talkpal.ai\/ga\/wp-json\/wp\/v2\/media\/1444100"}],"wp:attachment":[{"href":"https:\/\/talkpal.ai\/ga\/wp-json\/wp\/v2\/media?parent=1447999"}],"curies":[{"name":"wp","href":"https:\/\/api.w.org\/{rel}","templated":true}]}}