{"id":1447995,"date":"2023-06-22T08:29:59","date_gmt":"2023-06-22T08:29:59","guid":{"rendered":"https:\/\/talkpal.ai\/cleachtai-gramadai-malaeise\/"},"modified":"2025-12-17T15:23:05","modified_gmt":"2025-12-17T15:23:05","slug":"cleachtai-gramadai-malaeise","status":"publish","type":"page","link":"https:\/\/talkpal.ai\/ga\/cleachtai-gramadai-malaeise\/","title":{"rendered":"Cleachta\u00ed Gramada\u00ed Malaeise"},"content":{"rendered":"\r\n\r\n\r\n<section class=\"languageChallengeSection\">\r\n    <div class=\"languageInfoWrapper\">\r\n        \r\n        <h1>Cleachta\u00ed Gramada\u00ed Malaeise<\/h1>\r\n        <p>R\u00e9idh le bheith n\u00edos comporda\u00ed leis an <a href=\"https:\/\/talkpal.ai\/learn-malay\/\">Malaeis<\/a>? Is bealach iontach \u00e9 cleachta\u00ed gramada\u00ed a chleachtadh chun strucht\u00far abairte, foirmeacha briathra, agus gn\u00e9ithe uath\u00fala na teanga a mh\u00e1istir. Tosaigh ag ini\u00fachadh <a href=\"https:\/\/talkpal.ai\/ga\/cleachtai-gramadai-na-hisiltire\/\">gramada\u00ed na<\/a> Malaeis inniu agus f\u00e9ach ar do scileanna agus do mhuin\u00edn ag f\u00e1s le gach cleachtadh!<\/p>\r\n\r\n                            <a class=\"getStartedHidden\" href=\"https:\/\/app.talkpal.ai\/signup?lng=\">Tosaigh<\/a>\r\n        \r\n    <\/div>\r\n\r\n    <figure>\r\n    <img decoding=\"async\" width=\"768\" height=\"768\" src=\"https:\/\/talkpal.ai\/wp-content\/uploads\/2023\/06\/malay-768x768.png\" class=\"languageImage no-lazy\" alt=\"Language learning for personal accomplishments\" fetchpriority=\"high\" sizes=\"(max-width: 768px) 150px, 768px\" srcset=\"https:\/\/talkpal.ai\/wp-content\/uploads\/2023\/06\/malay-768x768.png 768w, https:\/\/talkpal.ai\/wp-content\/uploads\/2023\/06\/malay-300x300.png 300w\" \/>\r\n    \r\n\r\n    <\/figure>\r\n\r\n            <a class=\"getStartedVisible\" href=\"https:\/\/app.talkpal.ai\/signup?lng=\">Tosaigh<\/a>\r\n    \r\n<\/section>\r\n\r\n\r\n<!-- <section class=\"grammarSection\">\r\n    <div class=\"grammarLinks\">\r\n            <\/div>\r\n<\/section> -->\r\n\r\n\r\n\r\n\r\n<section class=\"promotionalBanner\">\r\n    <p class=\"promotionalText\">An bealach is \u00e9ifeachta\u00ed le teanga a fhoghlaim<\/p>\r\n    <a class=\"promotionalLink\" href=\"https:\/\/app.talkpal.ai\/signup?lng=\">Bain triail as Talkpal saor in aisce<\/a>\r\n<\/section>\n<div class=\"wp-block-group pageContainerStyle\"><div class=\"wp-block-group__inner-container is-layout-constrained wp-block-group-is-layout-constrained\">\n<h2 class=\"wp-block-heading\" id=\"h-malay-grammar-topics\">Topaic\u00ed Gramada\u00ed na Malaeis<\/h2>\n\n\n\n<p>Is f\u00e9idir le foghlaim na teanga Malaeis a bheith ina eisp\u00e9ireas saibhir, ag oscailt deiseanna chun oidhreacht chult\u00fartha shaibhir na Malaeisia, na hIndin\u00e9ise, agus t\u00edortha comharsanacha a thuiscint. Baineann an teanga leis an teaghlach Austronesian agus t\u00e1 s\u00ed \u00e1 labhairt ag na milli\u00fain daoine ar fud Oirdheisceart na h\u00c1ise. T\u00e1 a ghramadach r\u00e9as\u00fanta simpl\u00ed i gcompar\u00e1id le go leor teangacha Eorpacha, rud a fh\u00e1gann gur rogha tarraingteach \u00ed d&#8217;fhoghlaimeoir\u00ed teanga. Sula dt\u00e9ann t\u00fa isteach sna gn\u00e9ithe \u00e9ags\u00fala de ghramadach na Malaeise, t\u00e1 s\u00e9 riachtanach dul i dtaith\u00ed ar na bloic th\u00f3g\u00e1la bhun\u00fasacha a dh\u00e9anann suas an teanga. Sa treoir seo, d\u00e9anfaimid ini\u00fachadh ar na topaic\u00ed seo i seicheamh a chabhr\u00f3idh leat an teanga a fhoghlaim go h\u00e9ifeachtach.<\/p>\n\n\n\n<h3 class=\"wp-block-heading\" id=\"h-1-nouns\">1. Ainmfhocail:<\/h3>\n\n\n\n<p>Tosaigh le foghlaim ainmfhocail Malaeise, na focail a l\u00e9ir\u00edonn daoine, \u00e1iteanna, ruda\u00ed agus smaointe. Sa Mhalaeis, n\u00edl foirmeacha inscne n\u00f3 iolra ag ainmfhocail mar at\u00e1 i go leor teangacha eile, rud a fh\u00e1gann go bhfuil siad n\u00edos simpl\u00ed le foghlaim. D\u00edrigh ar do st\u00f3r focal a th\u00f3g\u00e1il tr\u00ed ainmfhocail choitianta agus a gcuid br\u00edonna a ghlanmheabhair.<\/p>\n\n\n\n<h3 class=\"wp-block-heading\" id=\"h-2-pronouns-determiners\">2. Forainmneacha \/ Cinntitheoir\u00ed:<\/h3>\n\n\n\n<p>Ar aghaidh, foghlaim forainmneacha agus cinnteoir\u00ed Malaeise, a \u00fas\u00e1idtear chun tagairt a dh\u00e9anamh d&#8217;ainmfhocail. Cuireann forainmneacha in ionad ainmfhocail in abairt\u00ed, agus sol\u00e1thra\u00edonn cinnteoir\u00ed faisn\u00e9is faoin ainmfhocal, mar shampla cainn\u00edocht n\u00f3 seilbh. Cuir eolas ort f\u00e9in ar fhorainmneacha pearsanta (m.sh., saya do &#8220;I&#8221; agus kamu do &#8220;t\u00fa&#8221;) agus cinnteoir\u00ed sealbhacha (m.sh., ini do &#8220;seo&#8221; agus <a href=\"https:\/\/talkpal.ai\/locations\/language-courses-in-itu\/\">itu<\/a> do &#8220;sin&#8221;).<\/p>\n\n\n\n<h3 class=\"wp-block-heading\" id=\"h-3-articles\">3. Airteagail:<\/h3>\n\n\n\n<p>Murab ionann agus an <a href=\"https:\/\/talkpal.ai\/learn-english-with-ai\/\">B\u00e9arla<\/a>, n\u00edl ailt chinnte n\u00f3 \u00e9iginnte ag an Malaeis (m.sh., &#8220;the&#8221; n\u00f3 &#8220;a\/an&#8221;). Mar sin f\u00e9in, t\u00e1 s\u00e9 f\u00f3s riachtanach tuiscint a fh\u00e1il ar an gcaoi a l\u00e9ir\u00edonn an teanga saini\u00falacht agus ginear\u00e1ltacht in abairt\u00ed.<\/p>\n\n\n\n<h3 class=\"wp-block-heading\" id=\"h-4-verbs\">4. Briathra:<\/h3>\n\n\n\n<p>T\u00e1 briathra r\u00edth\u00e1bhachtach sa Mhalaeis, mar go gcuireann siad gn\u00edomhartha, st\u00e1it n\u00f3 tarl\u00fa in i\u00fal. Foghlaim na foirmeacha bun\u00fasacha briathar agus conas iad a chomhcheangal de r\u00e9ir aimsir, duine agus uimhreacha.<\/p>\n\n\n\n<h3 class=\"wp-block-heading\" id=\"h-5-tenses\">5. Aimsir:<\/h3>\n\n\n\n<p>T\u00e1 n\u00edos l\u00fa aimsir\u00ed ag an Malaeis n\u00e1 an B\u00e9arla, le b\u00e9im phr\u00edomh\u00fail ar ghn\u00edomhartha san am at\u00e1 caite, san am i l\u00e1thair agus sa todhcha\u00ed. Foghlaim conas am a <a href=\"https:\/\/talkpal.ai\/locations\/language-courses-in-chur\/\">chur<\/a> in i\u00fal sa Mhalaeis tr\u00ed thuiscint a fh\u00e1il ar na difr\u00edochta\u00ed idir aimsir shimpl\u00ed, for\u00e1sach agus foirfe.<\/p>\n\n\n\n<h3 class=\"wp-block-heading\" id=\"h-6-adjectives\">6. Aidiachta\u00ed:<\/h3>\n\n\n\n<p>D\u00e9anann aidiachta\u00ed cur s\u00edos ar ainmfhocail n\u00f3 iad a mhodhn\u00fa, ag sol\u00e1thar faisn\u00e9ise breise faoina dtr\u00e9ithe n\u00f3 a dtr\u00e9ithe. Foghlaim aidiachta\u00ed coitianta na Malaeise agus conas a athra\u00edonn siad in abairt\u00ed de r\u00e9ir an ainmfhocail a mhodhna\u00edonn siad.<\/p>\n\n\n\n<h3 class=\"wp-block-heading\" id=\"h-7-adverbs\">7. Adverbs:<\/h3>\n\n\n\n<p>Modhna\u00edonn adverbs briathra, aidiachta\u00ed, n\u00f3 adverbs eile, ag sol\u00e1thar faisn\u00e9ise faoi am, modh, \u00e1it, n\u00f3 c\u00e9im. Staid\u00e9ar a dh\u00e9anamh ar adverbs coitianta Malaeis agus a socr\u00fach\u00e1n in abairt\u00ed.<\/p>\n\n\n\n<h3 class=\"wp-block-heading\" id=\"h-8-prepositions\">8. Prepositions:<\/h3>\n\n\n\n<p>\u00das\u00e1idtear r\u00e9amhfhocail chun ainmfhocail, forainmneacha n\u00f3 fr\u00e1sa\u00ed a nascadh le focail eile in abairt, ag taispe\u00e1int caidrimh ar n\u00f3s su\u00edomh, treo, n\u00f3 am. Foghlaim r\u00e9amhfhocail choitianta Malaeis agus conas a fheidhm\u00edonn siad in abairt\u00ed.<\/p>\n\n\n\n<h3 class=\"wp-block-heading\" id=\"h-9-conditionals\">9. Coinn\u00edollacha:<\/h3>\n\n\n\n<p>L\u00e9ir\u00edonn abairt\u00ed coinn\u00edollacha c\u00e1sanna n\u00f3 coinn\u00edollacha hipit\u00e9iseacha agus a dtortha\u00ed f\u00e9ideartha. Foghlaim conas abairt\u00ed coinn\u00edollacha a fhoirmi\u00fa sa Mhalaeis ag baint \u00fas\u00e1ide as na foirmeacha briathar agus na comhcheangail chu\u00ed.<\/p>\n\n\n\n<h3 class=\"wp-block-heading\" id=\"h-10-sentences\">10. Abairt\u00ed:<\/h3>\n\n\n\n<p>Ar deireadh, d\u00e9an cleachtadh ar abairt\u00ed Malaeis a th\u00f3g\u00e1il tr\u00ed ainmfhocail, forainmneacha, briathra, aidiachta\u00ed, adverbs, agus r\u00e9amhfhocail a chomhcheangal. Tuiscint a fh\u00e1il ar strucht\u00far bun\u00fasach na habairt\u00ed, mar shampla \u00e1bhar-briathar-rud, agus cleachtadh a dh\u00e9anamh ar abairt\u00ed casta a chruth\u00fa ag baint \u00fas\u00e1ide as comhcheangal agus cl\u00e1sail choibhneasta.<\/p>\n\n\n\n<p>Tr\u00edd an seicheamh seo a lean\u00faint agus am a chaitheamh chun gach \u00e1bhar a chleachtadh, t\u00f3gfaidh t\u00fa bun\u00fas l\u00e1idir i ngramadach na Malaeis agus beidh t\u00fa ar an mbealach chun a bheith i do chainteoir l\u00edofa ar an teanga.<\/p>\n<\/div><\/div>\n\r\n<section class=\"learnNavigationSection\">\r\n            \r\n        <a href=\"https:\/\/talkpal.ai\/ga\/foghlaim-malaeis\/\">\r\n            <div class=\"learnNavigationWrapper\">\r\n                <div class=\"learnNavigationContent\">\r\n                    <img decoding=\"async\" src=\"https:\/\/talkpal.ai\/wp-content\/uploads\/2024\/08\/Malay.jpg\" alt=\"Malaysian Flag\">\r\n                    <div>\r\n                        <h4>Maidir le Foghlaim na Malaeis<\/h4>\r\n                        <p>Faigh amach gach rud faoi ghramadach na Malaeise.<\/p>\r\n                    <\/div>\r\n                <\/div>\r\n            <\/div>\r\n        <\/a>\r\n\r\n        \r\n        <a href=\"https:\/\/talkpal.ai\/ga\/gramadach-na-malaeis\/\">\r\n            <div class=\"learnNavigationWrapper\">\r\n                <div class=\"learnNavigationContent\">\r\n                    <img decoding=\"async\" src=\"https:\/\/talkpal.ai\/wp-content\/uploads\/2024\/08\/Malay.jpg\" alt=\"Malaysian Flag\">\r\n                    <div>\r\n                        <h4>Ceachtanna Gramada\u00ed na Malaeis<\/h4>\r\n                        <p>Cleachtadh gramadach na Malaeise.<\/p>\r\n                    <\/div>\r\n                <\/div>\r\n            <\/div>\r\n        <\/a>\r\n\r\n        \r\n        <a href=\"https:\/\/talkpal.ai\/vocabulary_language\/malay\/\">\r\n            <div class=\"learnNavigationWrapper\">\r\n                <div class=\"learnNavigationContent\">\r\n                    <img decoding=\"async\" src=\"https:\/\/talkpal.ai\/wp-content\/uploads\/2024\/08\/Malay.jpg\" alt=\"Malaysian Flag\">\r\n                    <div>\r\n                        <h4>St\u00f3r Focal na Malaeis<\/h4>\r\n                        <p>Leathnaigh do st\u00f3r focal Malaeise.<\/p>\r\n                    <\/div>\r\n                <\/div>\r\n            <\/div>\r\n        <\/a>\r\n\r\n            <\/section>","protected":false},"excerpt":{"rendered":"<p>Topaic\u00ed Gramada\u00ed na Malaeis Is f\u00e9idir le foghlaim na teanga Malaeis a bheith ina eisp\u00e9ireas saibhir, ag oscailt deiseanna chun oidhreacht chult\u00fartha shaibhir na Malaeisia, na hIndin\u00e9ise, agus t\u00edortha comharsanacha a thuiscint. Baineann an teanga leis an teaghlach Austronesian agus t\u00e1 s\u00ed \u00e1 labhairt ag na milli\u00fain daoine ar fud Oirdheisceart na h\u00c1ise. T\u00e1 a [&hellip;]<\/p>\n","protected":false},"author":6,"featured_media":1444112,"parent":0,"menu_order":0,"comment_status":"closed","ping_status":"closed","template":"LearningContentPage.php","meta":{"_acf_changed":false,"footnotes":""},"class_list":["post-1447995","page","type-page","status-publish","has-post-thumbnail","hentry"],"acf":[],"yoast_head":"<!-- This site is optimized with the Yoast SEO Premium plugin v27.2 (Yoast SEO v27.2) - https:\/\/yoast.com\/product\/yoast-seo-premium-wordpress\/ -->\n<title>Cleachta\u00ed Gramada\u00ed Malaeise - Talkpal<\/title>\n<meta name=\"description\" content=\"Feabhas a chur ar do scileanna teanga le Cleachta\u00ed Gramada\u00ed na Malaeise. Foghlaim na buneilimint\u00ed chun tuiscint n\u00edos fearr a fh\u00e1il ar an teanga Malaeis.\" \/>\n<meta name=\"robots\" content=\"index, follow, max-snippet:-1, max-image-preview:large, max-video-preview:-1\" \/>\n<link rel=\"canonical\" href=\"https:\/\/talkpal.ai\/ga\/cleachtai-gramadai-malaeise\/\" \/>\n<meta property=\"og:locale\" content=\"ga_IE\" \/>\n<meta property=\"og:type\" content=\"article\" \/>\n<meta property=\"og:title\" content=\"Cleachta\u00ed Gramada\u00ed Malaeise\" \/>\n<meta property=\"og:description\" content=\"Topaic\u00ed Gramada\u00ed na Malaeis Is f\u00e9idir le foghlaim na teanga Malaeis a bheith ina eisp\u00e9ireas saibhir, ag oscailt deiseanna chun oidhreacht chult\u00fartha\" \/>\n<meta property=\"og:url\" content=\"https:\/\/talkpal.ai\/ga\/cleachtai-gramadai-malaeise\/\" \/>\n<meta property=\"og:site_name\" content=\"Talkpal\" \/>\n<meta property=\"article:publisher\" content=\"https:\/\/www.facebook.com\/profile.php?id=100090733639311\" \/>\n<meta property=\"article:modified_time\" content=\"2025-12-17T15:23:05+00:00\" \/>\n<meta property=\"og:image\" content=\"https:\/\/talkpal.ai\/wp-content\/uploads\/2023\/05\/malaysia.png\" \/>\n\t<meta property=\"og:image:width\" content=\"512\" \/>\n\t<meta property=\"og:image:height\" content=\"512\" \/>\n\t<meta property=\"og:image:type\" content=\"image\/png\" \/>\n<meta name=\"twitter:card\" content=\"summary_large_image\" \/>\n<meta name=\"twitter:site\" content=\"@talkpalai\" \/>\n<meta name=\"twitter:label1\" content=\"Est. reading time\" \/>\n\t<meta name=\"twitter:data1\" content=\"3 minutes\" \/>\n<script type=\"application\/ld+json\" class=\"yoast-schema-graph\">{\"@context\":\"https:\/\/schema.org\",\"@graph\":[{\"@type\":\"WebPage\",\"@id\":\"https:\/\/talkpal.ai\/ga\/cleachtai-gramadai-malaeise\/\",\"url\":\"https:\/\/talkpal.ai\/ga\/cleachtai-gramadai-malaeise\/\",\"name\":\"Cleachta\u00ed Gramada\u00ed Malaeise - Talkpal\",\"isPartOf\":{\"@id\":\"https:\/\/talkpal.ai\/ga\/#website\"},\"primaryImageOfPage\":{\"@id\":\"https:\/\/talkpal.ai\/ga\/cleachtai-gramadai-malaeise\/#primaryimage\"},\"image\":{\"@id\":\"https:\/\/talkpal.ai\/ga\/cleachtai-gramadai-malaeise\/#primaryimage\"},\"thumbnailUrl\":\"https:\/\/talkpal.ai\/wp-content\/uploads\/2023\/05\/malaysia.png\",\"datePublished\":\"2023-06-22T08:29:59+00:00\",\"dateModified\":\"2025-12-17T15:23:05+00:00\",\"description\":\"Feabhas a chur ar do scileanna teanga le Cleachta\u00ed Gramada\u00ed na Malaeise. Foghlaim na buneilimint\u00ed chun tuiscint n\u00edos fearr a fh\u00e1il ar an teanga Malaeis.\",\"breadcrumb\":{\"@id\":\"https:\/\/talkpal.ai\/ga\/cleachtai-gramadai-malaeise\/#breadcrumb\"},\"inLanguage\":\"ga-IE\",\"potentialAction\":[{\"@type\":\"ReadAction\",\"target\":[\"https:\/\/talkpal.ai\/ga\/cleachtai-gramadai-malaeise\/\"]}]},{\"@type\":\"ImageObject\",\"inLanguage\":\"ga-IE\",\"@id\":\"https:\/\/talkpal.ai\/ga\/cleachtai-gramadai-malaeise\/#primaryimage\",\"url\":\"https:\/\/talkpal.ai\/wp-content\/uploads\/2023\/05\/malaysia.png\",\"contentUrl\":\"https:\/\/talkpal.ai\/wp-content\/uploads\/2023\/05\/malaysia.png\",\"width\":512,\"height\":512,\"caption\":\"TalkPal Malaysia Flag\"},{\"@type\":\"BreadcrumbList\",\"@id\":\"https:\/\/talkpal.ai\/ga\/cleachtai-gramadai-malaeise\/#breadcrumb\",\"itemListElement\":[{\"@type\":\"ListItem\",\"position\":1,\"name\":\"Homepage\",\"item\":\"https:\/\/talkpal.ai\/ga\/\"},{\"@type\":\"ListItem\",\"position\":2,\"name\":\"Cleachta\u00ed Gramada\u00ed Malaeise\"}]},{\"@type\":\"WebSite\",\"@id\":\"https:\/\/talkpal.ai\/ga\/#website\",\"url\":\"https:\/\/talkpal.ai\/ga\/\",\"name\":\"Talkpal\",\"description\":\"AI Language Learning\",\"publisher\":{\"@id\":\"https:\/\/talkpal.ai\/ga\/#organization\"},\"alternateName\":\"Talkpal AI\",\"potentialAction\":[{\"@type\":\"SearchAction\",\"target\":{\"@type\":\"EntryPoint\",\"urlTemplate\":\"https:\/\/talkpal.ai\/ga\/?s={search_term_string}\"},\"query-input\":{\"@type\":\"PropertyValueSpecification\",\"valueRequired\":true,\"valueName\":\"search_term_string\"}}],\"inLanguage\":\"ga-IE\"},{\"@type\":\"Organization\",\"@id\":\"https:\/\/talkpal.ai\/ga\/#organization\",\"name\":\"Talkpal, Inc.\",\"alternateName\":\"Talkpal AI\",\"url\":\"https:\/\/talkpal.ai\/ga\/\",\"logo\":{\"@type\":\"ImageObject\",\"inLanguage\":\"ga-IE\",\"@id\":\"https:\/\/talkpal.ai\/ga\/#\/schema\/logo\/image\/\",\"url\":\"https:\/\/talkpal.ai\/wp-content\/uploads\/2024\/03\/Talkpal-Logo-Icon.png\",\"contentUrl\":\"https:\/\/talkpal.ai\/wp-content\/uploads\/2024\/03\/Talkpal-Logo-Icon.png\",\"width\":2880,\"height\":2880,\"caption\":\"Talkpal, Inc.\"},\"image\":{\"@id\":\"https:\/\/talkpal.ai\/ga\/#\/schema\/logo\/image\/\"},\"sameAs\":[\"https:\/\/www.facebook.com\/profile.php?id=100090733639311\",\"https:\/\/x.com\/talkpalai\",\"https:\/\/www.linkedin.com\/company\/talkpal\/\",\"https:\/\/www.youtube.com\/@TalkPal\/\",\"https:\/\/www.tiktok.com\/@talkpal\",\"https:\/\/www.instagram.com\/talkpal_ai\/\",\"https:\/\/www.crunchbase.com\/organization\/talkpal-9cde\",\"https:\/\/www.g2.com\/products\/talkpal-for-business\/\",\"https:\/\/www.trustpilot.com\/review\/talkpal.ai\",\"https:\/\/www.capterra.com\/p\/10006800\/TalkPal\/\"],\"description\":\"Talkpal is a language learning web and mobile education app, powered by the latest AI technologies, that provides engaging experiences to its customers in many different languages to help them improve their language skills. Users can chat about unlimited amount of topics with the app and use other modes to practice their language learning.\",\"email\":\"support@talkpal.ai\",\"legalName\":\"Talkpal, Inc.\",\"foundingDate\":\"2023-04-03\",\"duns\":\"118989042\",\"numberOfEmployees\":{\"@type\":\"QuantitativeValue\",\"minValue\":\"11\",\"maxValue\":\"50\"},\"publishingPrinciples\":\"https:\/\/talkpal.ai\/publishing-principles\/\",\"actionableFeedbackPolicy\":\"https:\/\/talkpal.ai\/actionable-feedback-policy\/\",\"correctionsPolicy\":\"https:\/\/talkpal.ai\/corrections-policy\/\",\"ethicsPolicy\":\"https:\/\/talkpal.ai\/ethics-policy\/\",\"diversityPolicy\":\"https:\/\/talkpal.ai\/diversity-policy\/\",\"diversityStaffingReport\":\"https:\/\/talkpal.ai\/diversity-policy\/\"}]}<\/script>\n<!-- \/ Yoast SEO Premium plugin. -->","yoast_head_json":{"title":"Cleachta\u00ed Gramada\u00ed Malaeise - Talkpal","description":"Feabhas a chur ar do scileanna teanga le Cleachta\u00ed Gramada\u00ed na Malaeise. Foghlaim na buneilimint\u00ed chun tuiscint n\u00edos fearr a fh\u00e1il ar an teanga Malaeis.","robots":{"index":"index","follow":"follow","max-snippet":"max-snippet:-1","max-image-preview":"max-image-preview:large","max-video-preview":"max-video-preview:-1"},"canonical":"https:\/\/talkpal.ai\/ga\/cleachtai-gramadai-malaeise\/","og_locale":"ga_IE","og_type":"article","og_title":"Cleachta\u00ed Gramada\u00ed Malaeise","og_description":"Topaic\u00ed Gramada\u00ed na Malaeis Is f\u00e9idir le foghlaim na teanga Malaeis a bheith ina eisp\u00e9ireas saibhir, ag oscailt deiseanna chun oidhreacht chult\u00fartha","og_url":"https:\/\/talkpal.ai\/ga\/cleachtai-gramadai-malaeise\/","og_site_name":"Talkpal","article_publisher":"https:\/\/www.facebook.com\/profile.php?id=100090733639311","article_modified_time":"2025-12-17T15:23:05+00:00","og_image":[{"width":512,"height":512,"url":"https:\/\/talkpal.ai\/wp-content\/uploads\/2023\/05\/malaysia.png","type":"image\/png"}],"twitter_card":"summary_large_image","twitter_site":"@talkpalai","twitter_misc":{"Est. reading time":"3 minutes"},"schema":{"@context":"https:\/\/schema.org","@graph":[{"@type":"WebPage","@id":"https:\/\/talkpal.ai\/ga\/cleachtai-gramadai-malaeise\/","url":"https:\/\/talkpal.ai\/ga\/cleachtai-gramadai-malaeise\/","name":"Cleachta\u00ed Gramada\u00ed Malaeise - Talkpal","isPartOf":{"@id":"https:\/\/talkpal.ai\/ga\/#website"},"primaryImageOfPage":{"@id":"https:\/\/talkpal.ai\/ga\/cleachtai-gramadai-malaeise\/#primaryimage"},"image":{"@id":"https:\/\/talkpal.ai\/ga\/cleachtai-gramadai-malaeise\/#primaryimage"},"thumbnailUrl":"https:\/\/talkpal.ai\/wp-content\/uploads\/2023\/05\/malaysia.png","datePublished":"2023-06-22T08:29:59+00:00","dateModified":"2025-12-17T15:23:05+00:00","description":"Feabhas a chur ar do scileanna teanga le Cleachta\u00ed Gramada\u00ed na Malaeise. Foghlaim na buneilimint\u00ed chun tuiscint n\u00edos fearr a fh\u00e1il ar an teanga Malaeis.","breadcrumb":{"@id":"https:\/\/talkpal.ai\/ga\/cleachtai-gramadai-malaeise\/#breadcrumb"},"inLanguage":"ga-IE","potentialAction":[{"@type":"ReadAction","target":["https:\/\/talkpal.ai\/ga\/cleachtai-gramadai-malaeise\/"]}]},{"@type":"ImageObject","inLanguage":"ga-IE","@id":"https:\/\/talkpal.ai\/ga\/cleachtai-gramadai-malaeise\/#primaryimage","url":"https:\/\/talkpal.ai\/wp-content\/uploads\/2023\/05\/malaysia.png","contentUrl":"https:\/\/talkpal.ai\/wp-content\/uploads\/2023\/05\/malaysia.png","width":512,"height":512,"caption":"TalkPal Malaysia Flag"},{"@type":"BreadcrumbList","@id":"https:\/\/talkpal.ai\/ga\/cleachtai-gramadai-malaeise\/#breadcrumb","itemListElement":[{"@type":"ListItem","position":1,"name":"Homepage","item":"https:\/\/talkpal.ai\/ga\/"},{"@type":"ListItem","position":2,"name":"Cleachta\u00ed Gramada\u00ed Malaeise"}]},{"@type":"WebSite","@id":"https:\/\/talkpal.ai\/ga\/#website","url":"https:\/\/talkpal.ai\/ga\/","name":"Talkpal","description":"AI Language Learning","publisher":{"@id":"https:\/\/talkpal.ai\/ga\/#organization"},"alternateName":"Talkpal AI","potentialAction":[{"@type":"SearchAction","target":{"@type":"EntryPoint","urlTemplate":"https:\/\/talkpal.ai\/ga\/?s={search_term_string}"},"query-input":{"@type":"PropertyValueSpecification","valueRequired":true,"valueName":"search_term_string"}}],"inLanguage":"ga-IE"},{"@type":"Organization","@id":"https:\/\/talkpal.ai\/ga\/#organization","name":"Talkpal, Inc.","alternateName":"Talkpal AI","url":"https:\/\/talkpal.ai\/ga\/","logo":{"@type":"ImageObject","inLanguage":"ga-IE","@id":"https:\/\/talkpal.ai\/ga\/#\/schema\/logo\/image\/","url":"https:\/\/talkpal.ai\/wp-content\/uploads\/2024\/03\/Talkpal-Logo-Icon.png","contentUrl":"https:\/\/talkpal.ai\/wp-content\/uploads\/2024\/03\/Talkpal-Logo-Icon.png","width":2880,"height":2880,"caption":"Talkpal, Inc."},"image":{"@id":"https:\/\/talkpal.ai\/ga\/#\/schema\/logo\/image\/"},"sameAs":["https:\/\/www.facebook.com\/profile.php?id=100090733639311","https:\/\/x.com\/talkpalai","https:\/\/www.linkedin.com\/company\/talkpal\/","https:\/\/www.youtube.com\/@TalkPal\/","https:\/\/www.tiktok.com\/@talkpal","https:\/\/www.instagram.com\/talkpal_ai\/","https:\/\/www.crunchbase.com\/organization\/talkpal-9cde","https:\/\/www.g2.com\/products\/talkpal-for-business\/","https:\/\/www.trustpilot.com\/review\/talkpal.ai","https:\/\/www.capterra.com\/p\/10006800\/TalkPal\/"],"description":"Talkpal is a language learning web and mobile education app, powered by the latest AI technologies, that provides engaging experiences to its customers in many different languages to help them improve their language skills. Users can chat about unlimited amount of topics with the app and use other modes to practice their language learning.","email":"support@talkpal.ai","legalName":"Talkpal, Inc.","foundingDate":"2023-04-03","duns":"118989042","numberOfEmployees":{"@type":"QuantitativeValue","minValue":"11","maxValue":"50"},"publishingPrinciples":"https:\/\/talkpal.ai\/publishing-principles\/","actionableFeedbackPolicy":"https:\/\/talkpal.ai\/actionable-feedback-policy\/","correctionsPolicy":"https:\/\/talkpal.ai\/corrections-policy\/","ethicsPolicy":"https:\/\/talkpal.ai\/ethics-policy\/","diversityPolicy":"https:\/\/talkpal.ai\/diversity-policy\/","diversityStaffingReport":"https:\/\/talkpal.ai\/diversity-policy\/"}]}},"_links":{"self":[{"href":"https:\/\/talkpal.ai\/ga\/wp-json\/wp\/v2\/pages\/1447995","targetHints":{"allow":["GET"]}}],"collection":[{"href":"https:\/\/talkpal.ai\/ga\/wp-json\/wp\/v2\/pages"}],"about":[{"href":"https:\/\/talkpal.ai\/ga\/wp-json\/wp\/v2\/types\/page"}],"author":[{"embeddable":true,"href":"https:\/\/talkpal.ai\/ga\/wp-json\/wp\/v2\/users\/6"}],"replies":[{"embeddable":true,"href":"https:\/\/talkpal.ai\/ga\/wp-json\/wp\/v2\/comments?post=1447995"}],"version-history":[{"count":0,"href":"https:\/\/talkpal.ai\/ga\/wp-json\/wp\/v2\/pages\/1447995\/revisions"}],"wp:featuredmedia":[{"embeddable":true,"href":"https:\/\/talkpal.ai\/ga\/wp-json\/wp\/v2\/media\/1444112"}],"wp:attachment":[{"href":"https:\/\/talkpal.ai\/ga\/wp-json\/wp\/v2\/media?parent=1447995"}],"curies":[{"name":"wp","href":"https:\/\/api.w.org\/{rel}","templated":true}]}}