{"id":1447991,"date":"2023-06-22T08:12:52","date_gmt":"2023-06-22T08:12:52","guid":{"rendered":"https:\/\/talkpal.ai\/cleachtai-gramadai-na-liotuainise\/"},"modified":"2025-12-17T15:53:34","modified_gmt":"2025-12-17T15:53:34","slug":"cleachtai-gramadai-na-liotuainise","status":"publish","type":"page","link":"https:\/\/talkpal.ai\/ga\/cleachtai-gramadai-na-liotuainise\/","title":{"rendered":"Cleachta\u00ed Gramada\u00ed na Liotu\u00e1inise"},"content":{"rendered":"\r\n\r\n\r\n<section class=\"languageChallengeSection\">\r\n    <div class=\"languageInfoWrapper\">\r\n        \r\n        <h1>Cleachta\u00ed Gramada\u00ed na Liotu\u00e1inise<\/h1>\r\n        <p>R\u00e9idh le do <a href=\"https:\/\/talkpal.ai\/learn-lithuanian\/\">Liotu\u00e1inis<\/a> a th\u00f3g\u00e1il go dt\u00ed an ch\u00e9ad leibh\u00e9al eile? Is bealach iontach \u00e9 cleachta\u00ed gramada\u00ed a chleachtadh chun m\u00e1istreacht a dh\u00e9anamh ar strucht\u00far abairte, foirmeacha briathra, agus patr\u00fain uath\u00fala na teanga Liotu\u00e1inise. Tosaigh ag ini\u00fachadh <a href=\"https:\/\/talkpal.ai\/grammar\/\">gramadach<\/a> na Liotu\u00e1ine inniu agus f\u00e9ach ar do scileanna agus do mhuin\u00edn ag f\u00e1s le gach cleachtadh!<\/p>\r\n\r\n                            <a class=\"getStartedHidden\" href=\"https:\/\/app.talkpal.ai\/signup?lng=\">Tosaigh<\/a>\r\n        \r\n    <\/div>\r\n\r\n    <figure>\r\n    <img decoding=\"async\" width=\"768\" height=\"768\" src=\"https:\/\/talkpal.ai\/wp-content\/uploads\/2023\/06\/lithuenian-768x768.png\" class=\"languageImage no-lazy\" alt=\"Language learning for boosting creativity\" fetchpriority=\"high\" sizes=\"(max-width: 768px) 150px, 768px\" srcset=\"https:\/\/talkpal.ai\/wp-content\/uploads\/2023\/06\/lithuenian-768x768.png 768w, https:\/\/talkpal.ai\/wp-content\/uploads\/2023\/06\/lithuenian-300x300.png 300w\" \/>\r\n    \r\n\r\n    <\/figure>\r\n\r\n            <a class=\"getStartedVisible\" href=\"https:\/\/app.talkpal.ai\/signup?lng=\">Tosaigh<\/a>\r\n    \r\n<\/section>\r\n\r\n\r\n<!-- <section class=\"grammarSection\">\r\n    <div class=\"grammarLinks\">\r\n            <\/div>\r\n<\/section> -->\r\n\r\n\r\n\r\n\r\n<section class=\"promotionalBanner\">\r\n    <p class=\"promotionalText\">An bealach is \u00e9ifeachta\u00ed le teanga a fhoghlaim<\/p>\r\n    <a class=\"promotionalLink\" href=\"https:\/\/app.talkpal.ai\/signup?lng=\">Bain triail as Talkpal saor in aisce<\/a>\r\n<\/section>\n<div class=\"wp-block-group pageContainerStyle\"><div class=\"wp-block-group__inner-container is-layout-constrained wp-block-group-is-layout-constrained\">\n<h2 class=\"wp-block-heading\" id=\"h-lithuanian-grammar-topics\">Topaic\u00ed Gramada\u00ed na Liotu\u00e1ine<\/h2>\n\n\n\n<p>N\u00ed hamh\u00e1in gur eisp\u00e9ireas uath\u00fail agus luachmhar \u00e9 an teanga Liotu\u00e1inis a fhoghlaim, ach oscla\u00edonn s\u00e9 domhan ioml\u00e1n <a href=\"https:\/\/talkpal.ai\/talkpal-new-years-discount\/\">nua<\/a> de thaisc\u00e9ala\u00edocht chult\u00fartha freisin. T\u00e1 go leor gn\u00e9ithe de na teangacha \u00e1rsa Ind-Eorpacha coinnithe ag an Liotu\u00e1inis, mar theanga Bhailt, rud a fh\u00e1gann gur teanga th\u00e1bhachtach \u00ed do staid\u00e9ar stairi\u00fail agus teangeola\u00edoch. D&#8217;fh\u00e9adfadh gramadach na Liotu\u00e1inise a bheith casta, ach d\u00e9anfaidh s\u00e9 do thuras n\u00edos rian\u00fala agus n\u00edos taitneamha\u00ed \u00e9 a bhriseadh s\u00edos i dtopaic\u00ed n\u00edos l\u00fa agus iad a fhoghlaim i seicheamh loighci\u00fail. Sa treoir seo, cuirfimid topaic\u00ed <a href=\"https:\/\/talkpal.ai\/ga\/cleachtai-gramadai-na-hisiltire\/\">gramada\u00ed na<\/a> Liotu\u00e1ine i l\u00e1thair san ord ba ch\u00f3ir duit iad a fhoghlaim, ag sol\u00e1thar forbhreathn\u00fa gairid ar gach \u00e1bhar.<\/p>\n\n\n\n<h3 class=\"wp-block-heading\" id=\"h-1-nouns\">1. Ainmfhocail:<\/h3>\n\n\n\n<p>Is iad ainmfhocail chn\u00e1mh droma fhormh\u00f3r na n-abairt\u00ed, mar sin tosaigh ag foghlaim an ch\u00f3rais d\u00edochlaonadh ainmfhocal sa Liotu\u00e1inis. T\u00e1 c\u00faig chlaonadh ainmfhocail ann, gach ceann acu lena shraith foircinn f\u00e9in do na foirmeacha uatha agus iolra. Tabhair aird ar inscne na n-ainmfhocail, mar beidh tionchar aige seo ar na foircinn a \u00fas\u00e1idtear i gclaonadh.<\/p>\n\n\n\n<h3 class=\"wp-block-heading\" id=\"h-2-articles\">2. Airteagail:<\/h3>\n\n\n\n<p>Murab ionann agus an <a href=\"https:\/\/talkpal.ai\/learn-english-with-ai\/\">B\u00e9arla<\/a>, n\u00edl ailt chinnte n\u00f3 \u00e9iginnte ag an Liotu\u00e1inis, mar sin beidh comhph\u00e1irt ghramada\u00ed amh\u00e1in n\u00edos l\u00fa agat le bheith buartha faoi!<\/p>\n\n\n\n<h3 class=\"wp-block-heading\" id=\"h-3-adjectives\">3. Aidiachta\u00ed:<\/h3>\n\n\n\n<p>Aonta\u00edonn aidiachta\u00ed le hainmfhocail in inscne, c\u00e1s agus uimhir. Foghlaim na foircinn aidiachta \u00e9ags\u00fala agus conas a athra\u00edonn siad ag brath ar an ainmfhocal a mhodhna\u00edonn siad.<\/p>\n\n\n\n<h3 class=\"wp-block-heading\" id=\"h-4-pronouns-determiners\">4. Forainmneacha \/ Cinntitheoir\u00ed:<\/h3>\n\n\n\n<p>Mar a tharla\u00edonn i dteangacha eile, cuid\u00edonn forainmneacha agus cinnteoir\u00ed le soil\u00e9ireacht agus saini\u00falacht a shol\u00e1thar in abairt\u00ed. Foghlaim na cine\u00e1lacha \u00e9ags\u00fala forainmneacha agus cinntitheoir\u00ed, agus a bhfoirmeacha agus a n-\u00fas\u00e1id\u00ed \u00e9ags\u00fala sa Liotu\u00e1inis.<\/p>\n\n\n\n<h3 class=\"wp-block-heading\" id=\"h-5-verbs\">5. Briathra:<\/h3>\n\n\n\n<p>T\u00e1 briathra riachtanach chun gn\u00edomhartha agus st\u00e1it a <a href=\"https:\/\/talkpal.ai\/locations\/language-courses-in-chur\/\">chur<\/a> in i\u00fal. Tosaigh leis an aimsir l\u00e1ithreach, agus ansin bog ar aghaidh go dt\u00ed aimsir an t-am at\u00e1 thart agus sa todhcha\u00ed. Tabhair aird ar na patr\u00fain comhchuingithe, chomh maith le briathra neamhrialta.<\/p>\n\n\n\n<h3 class=\"wp-block-heading\" id=\"h-6-tense-comparison\">6. Compar\u00e1id aimsire:<\/h3>\n\n\n\n<p>Tar \u00e9is m\u00e1istreacht a dh\u00e9anamh ar na aimsir\u00ed bun\u00fasacha, foghlaim conas iad a chur i gcompar\u00e1id agus nuances a n-\u00fas\u00e1ide a thuiscint. \u00c1ir\u00edtear leis seo tuiscint a fh\u00e1il ar na difr\u00edochta\u00ed idir aimsir shimpl\u00ed agus aimsir chumaisc, chomh maith leis an aimsir fhor\u00e1sach foirfe.<\/p>\n\n\n\n<h3 class=\"wp-block-heading\" id=\"h-7-progressive-and-perfect-progressive\">7. For\u00e1sach agus For\u00e1sach Foirfe:<\/h3>\n\n\n\n<p>N\u00edl foirmeacha for\u00e1sacha ar <a href=\"https:\/\/talkpal.ai\/locations\/language-courses-in-leith\/\">leith<\/a> ag an Liotu\u00e1inis cos\u00fail leis an mB\u00e9arla, ach is f\u00e9idir leat gn\u00edomhartha lean\u00fanacha agus cr\u00edochnaithe a chur in i\u00fal ag baint \u00fas\u00e1ide as t\u00f3g\u00e1lacha sonracha. Foghlaim na t\u00f3g\u00e1lacha seo agus conas iad a \u00fas\u00e1id go h\u00e9ifeachtach.<\/p>\n\n\n\n<h3 class=\"wp-block-heading\" id=\"h-8-adverbs\">8. Adverbs:<\/h3>\n\n\n\n<p>Adhiachta\u00ed a mhodhna\u00edonn ainmfhocail, agus modhna\u00edonn aidiachta\u00ed briathra, aidiachta\u00ed, n\u00f3 aidiachta\u00ed eile. Foghlaim na cine\u00e1lacha \u00e9ags\u00fala adverbs agus a socr\u00fach\u00e1n in abairt\u00ed.<\/p>\n\n\n\n<h3 class=\"wp-block-heading\" id=\"h-9-prepositions\">9. Prepositions:<\/h3>\n\n\n\n<p>L\u00e9ir\u00edonn r\u00e9amhfhocail an gaol idir focail in abairt. Foghlaim na r\u00e9amhfhocail \u00e9ags\u00fala agus a n-\u00fas\u00e1id i gcomhth\u00e9acsanna \u00e9ags\u00fala.<\/p>\n\n\n\n<h3 class=\"wp-block-heading\" id=\"h-10-conditionals\">10. Coinn\u00edollacha:<\/h3>\n\n\n\n<p>L\u00e9ir\u00edonn coinn\u00edollacha c\u00e1sanna hipit\u00e9iseacha n\u00f3 neamhr\u00e9adacha. Foghlaim na cine\u00e1lacha \u00e9ags\u00fala coinn\u00edollacha agus a dt\u00f3g\u00e1lacha faoi seach sa Liotu\u00e1inis.<\/p>\n\n\n\n<h3 class=\"wp-block-heading\" id=\"h-11-sentences\">11. Abairt\u00ed:<\/h3>\n\n\n\n<p>Mar fhocal scoir, tabhair gach rud le ch\u00e9ile tr\u00ed fhoghlaim faoi strucht\u00far abairt\u00ed sa Liotu\u00e1inis. Tuiscint a fh\u00e1il ar ord bun\u00fasach na bhfocal agus conas is f\u00e9idir \u00e9 a chur in oiri\u00faint le haghaidh b\u00e9ime n\u00f3 soil\u00e9ireachta. Cleachtadh abairt\u00ed a chruth\u00fa ag baint \u00fas\u00e1ide as na comhph\u00e1irteanna gramada\u00ed go l\u00e9ir a d&#8217;fhoghlaim t\u00fa go dt\u00ed seo.<\/p>\n\n\n\n<p>Tr\u00ed an seicheamh topaic\u00ed seo a lean\u00faint, forbr\u00f3idh t\u00fa tuiscint l\u00e1idir ar ghramadach na Liotu\u00e1ine agus beidh t\u00fa ar an mbealach chun l\u00edofacht sa teanga.<\/p>\n<\/div><\/div>\n\r\n<section class=\"learnNavigationSection\">\r\n            \r\n        <a href=\"https:\/\/talkpal.ai\/ga\/foghlaim-liotuainis\/\">\r\n            <div class=\"learnNavigationWrapper\">\r\n                <div class=\"learnNavigationContent\">\r\n                    <img decoding=\"async\" src=\"https:\/\/talkpal.ai\/wp-content\/uploads\/2024\/08\/Lithuanian.jpg\" alt=\"Lithuanian Flag\">\r\n                    <div>\r\n                        <h4>Maidir le Foghlaim na Liotu\u00e1ine<\/h4>\r\n                        <p>Faigh amach gach rud faoi ghramadach na Liotu\u00e1inise.<\/p>\r\n                    <\/div>\r\n                <\/div>\r\n            <\/div>\r\n        <\/a>\r\n\r\n        \r\n        <a href=\"https:\/\/talkpal.ai\/ga\/gramadach-na-liotuaine\/\">\r\n            <div class=\"learnNavigationWrapper\">\r\n                <div class=\"learnNavigationContent\">\r\n                    <img decoding=\"async\" src=\"https:\/\/talkpal.ai\/wp-content\/uploads\/2024\/08\/Lithuanian.jpg\" alt=\"Lithuanian Flag\">\r\n                    <div>\r\n                        <h4>Ceachtanna Gramada\u00ed na Liotu\u00e1ine<\/h4>\r\n                        <p>Cleachtadh gramadach na Liotu\u00e1inise.<\/p>\r\n                    <\/div>\r\n                <\/div>\r\n            <\/div>\r\n        <\/a>\r\n\r\n        \r\n        <a href=\"https:\/\/talkpal.ai\/vocabulary_language\/lithuanian\/\">\r\n            <div class=\"learnNavigationWrapper\">\r\n                <div class=\"learnNavigationContent\">\r\n                    <img decoding=\"async\" src=\"https:\/\/talkpal.ai\/wp-content\/uploads\/2024\/08\/Lithuanian.jpg\" alt=\"Lithuanian Flag\">\r\n                    <div>\r\n                        <h4>St\u00f3r Focal na Liotu\u00e1ine<\/h4>\r\n                        <p>Leathnaigh do st\u00f3r focal Liotu\u00e1inis.<\/p>\r\n                    <\/div>\r\n                <\/div>\r\n            <\/div>\r\n        <\/a>\r\n\r\n            <\/section>","protected":false},"excerpt":{"rendered":"<p>Topaic\u00ed Gramada\u00ed na Liotu\u00e1ine N\u00ed hamh\u00e1in gur eisp\u00e9ireas uath\u00fail agus luachmhar \u00e9 an teanga Liotu\u00e1inis a fhoghlaim, ach oscla\u00edonn s\u00e9 domhan ioml\u00e1n nua de thaisc\u00e9ala\u00edocht chult\u00fartha freisin. T\u00e1 go leor gn\u00e9ithe de na teangacha \u00e1rsa Ind-Eorpacha coinnithe ag an Liotu\u00e1inis, mar theanga Bhailt, rud a fh\u00e1gann gur teanga th\u00e1bhachtach \u00ed do staid\u00e9ar stairi\u00fail agus teangeola\u00edoch. [&hellip;]<\/p>\n","protected":false},"author":6,"featured_media":1444106,"parent":0,"menu_order":0,"comment_status":"closed","ping_status":"closed","template":"LearningContentPage.php","meta":{"_acf_changed":false,"footnotes":""},"class_list":["post-1447991","page","type-page","status-publish","has-post-thumbnail","hentry"],"acf":[],"yoast_head":"<!-- This site is optimized with the Yoast SEO Premium plugin v27.2 (Yoast SEO v27.2) - https:\/\/yoast.com\/product\/yoast-seo-premium-wordpress\/ -->\n<title>Cleachta\u00ed Gramada\u00ed na Liotu\u00e1inise - Talkpal<\/title>\n<meta name=\"description\" content=\"M\u00e1istreacht a dh\u00e9anamh ar intricacies na teanga le cleachta\u00ed gramada\u00ed Liotu\u00e1inis tarraingteacha a chuireann le do inni\u00falacht.\" \/>\n<meta name=\"robots\" content=\"index, follow, max-snippet:-1, max-image-preview:large, max-video-preview:-1\" \/>\n<link rel=\"canonical\" href=\"https:\/\/talkpal.ai\/ga\/cleachtai-gramadai-na-liotuainise\/\" \/>\n<meta property=\"og:locale\" content=\"ga_IE\" \/>\n<meta property=\"og:type\" content=\"article\" \/>\n<meta property=\"og:title\" content=\"Cleachta\u00ed Gramada\u00ed na Liotu\u00e1inise\" \/>\n<meta property=\"og:description\" content=\"Topaic\u00ed Gramada\u00ed na Liotu\u00e1ine N\u00ed hamh\u00e1in gur eisp\u00e9ireas uath\u00fail agus luachmhar \u00e9 an teanga Liotu\u00e1inis a fhoghlaim, ach oscla\u00edonn s\u00e9 domhan ioml\u00e1n nua de\" \/>\n<meta property=\"og:url\" content=\"https:\/\/talkpal.ai\/ga\/cleachtai-gramadai-na-liotuainise\/\" \/>\n<meta property=\"og:site_name\" content=\"Talkpal\" \/>\n<meta property=\"article:publisher\" content=\"https:\/\/www.facebook.com\/profile.php?id=100090733639311\" \/>\n<meta property=\"article:modified_time\" content=\"2025-12-17T15:53:34+00:00\" \/>\n<meta property=\"og:image\" content=\"https:\/\/talkpal.ai\/wp-content\/uploads\/2023\/05\/Lithuanian.png\" \/>\n\t<meta property=\"og:image:width\" content=\"512\" \/>\n\t<meta property=\"og:image:height\" content=\"512\" \/>\n\t<meta property=\"og:image:type\" content=\"image\/png\" \/>\n<meta name=\"twitter:card\" content=\"summary_large_image\" \/>\n<meta name=\"twitter:site\" content=\"@talkpalai\" \/>\n<meta name=\"twitter:label1\" content=\"Est. reading time\" \/>\n\t<meta name=\"twitter:data1\" content=\"3 minutes\" \/>\n<script type=\"application\/ld+json\" class=\"yoast-schema-graph\">{\"@context\":\"https:\/\/schema.org\",\"@graph\":[{\"@type\":\"WebPage\",\"@id\":\"https:\/\/talkpal.ai\/ga\/cleachtai-gramadai-na-liotuainise\/\",\"url\":\"https:\/\/talkpal.ai\/ga\/cleachtai-gramadai-na-liotuainise\/\",\"name\":\"Cleachta\u00ed Gramada\u00ed na Liotu\u00e1inise - Talkpal\",\"isPartOf\":{\"@id\":\"https:\/\/talkpal.ai\/ga\/#website\"},\"primaryImageOfPage\":{\"@id\":\"https:\/\/talkpal.ai\/ga\/cleachtai-gramadai-na-liotuainise\/#primaryimage\"},\"image\":{\"@id\":\"https:\/\/talkpal.ai\/ga\/cleachtai-gramadai-na-liotuainise\/#primaryimage\"},\"thumbnailUrl\":\"https:\/\/talkpal.ai\/wp-content\/uploads\/2023\/05\/Lithuanian.png\",\"datePublished\":\"2023-06-22T08:12:52+00:00\",\"dateModified\":\"2025-12-17T15:53:34+00:00\",\"description\":\"M\u00e1istreacht a dh\u00e9anamh ar intricacies na teanga le cleachta\u00ed gramada\u00ed Liotu\u00e1inis tarraingteacha a chuireann le do inni\u00falacht.\",\"breadcrumb\":{\"@id\":\"https:\/\/talkpal.ai\/ga\/cleachtai-gramadai-na-liotuainise\/#breadcrumb\"},\"inLanguage\":\"ga-IE\",\"potentialAction\":[{\"@type\":\"ReadAction\",\"target\":[\"https:\/\/talkpal.ai\/ga\/cleachtai-gramadai-na-liotuainise\/\"]}]},{\"@type\":\"ImageObject\",\"inLanguage\":\"ga-IE\",\"@id\":\"https:\/\/talkpal.ai\/ga\/cleachtai-gramadai-na-liotuainise\/#primaryimage\",\"url\":\"https:\/\/talkpal.ai\/wp-content\/uploads\/2023\/05\/Lithuanian.png\",\"contentUrl\":\"https:\/\/talkpal.ai\/wp-content\/uploads\/2023\/05\/Lithuanian.png\",\"width\":512,\"height\":512,\"caption\":\"TalkPal Lithuanian Flag\"},{\"@type\":\"BreadcrumbList\",\"@id\":\"https:\/\/talkpal.ai\/ga\/cleachtai-gramadai-na-liotuainise\/#breadcrumb\",\"itemListElement\":[{\"@type\":\"ListItem\",\"position\":1,\"name\":\"Homepage\",\"item\":\"https:\/\/talkpal.ai\/ga\/\"},{\"@type\":\"ListItem\",\"position\":2,\"name\":\"Cleachta\u00ed Gramada\u00ed na Liotu\u00e1inise\"}]},{\"@type\":\"WebSite\",\"@id\":\"https:\/\/talkpal.ai\/ga\/#website\",\"url\":\"https:\/\/talkpal.ai\/ga\/\",\"name\":\"Talkpal\",\"description\":\"AI Language Learning\",\"publisher\":{\"@id\":\"https:\/\/talkpal.ai\/ga\/#organization\"},\"alternateName\":\"Talkpal AI\",\"potentialAction\":[{\"@type\":\"SearchAction\",\"target\":{\"@type\":\"EntryPoint\",\"urlTemplate\":\"https:\/\/talkpal.ai\/ga\/?s={search_term_string}\"},\"query-input\":{\"@type\":\"PropertyValueSpecification\",\"valueRequired\":true,\"valueName\":\"search_term_string\"}}],\"inLanguage\":\"ga-IE\"},{\"@type\":\"Organization\",\"@id\":\"https:\/\/talkpal.ai\/ga\/#organization\",\"name\":\"Talkpal, Inc.\",\"alternateName\":\"Talkpal AI\",\"url\":\"https:\/\/talkpal.ai\/ga\/\",\"logo\":{\"@type\":\"ImageObject\",\"inLanguage\":\"ga-IE\",\"@id\":\"https:\/\/talkpal.ai\/ga\/#\/schema\/logo\/image\/\",\"url\":\"https:\/\/talkpal.ai\/wp-content\/uploads\/2024\/03\/Talkpal-Logo-Icon.png\",\"contentUrl\":\"https:\/\/talkpal.ai\/wp-content\/uploads\/2024\/03\/Talkpal-Logo-Icon.png\",\"width\":2880,\"height\":2880,\"caption\":\"Talkpal, Inc.\"},\"image\":{\"@id\":\"https:\/\/talkpal.ai\/ga\/#\/schema\/logo\/image\/\"},\"sameAs\":[\"https:\/\/www.facebook.com\/profile.php?id=100090733639311\",\"https:\/\/x.com\/talkpalai\",\"https:\/\/www.linkedin.com\/company\/talkpal\/\",\"https:\/\/www.youtube.com\/@TalkPal\/\",\"https:\/\/www.tiktok.com\/@talkpal\",\"https:\/\/www.instagram.com\/talkpal_ai\/\",\"https:\/\/www.crunchbase.com\/organization\/talkpal-9cde\",\"https:\/\/www.g2.com\/products\/talkpal-for-business\/\",\"https:\/\/www.trustpilot.com\/review\/talkpal.ai\",\"https:\/\/www.capterra.com\/p\/10006800\/TalkPal\/\"],\"description\":\"Talkpal is a language learning web and mobile education app, powered by the latest AI technologies, that provides engaging experiences to its customers in many different languages to help them improve their language skills. Users can chat about unlimited amount of topics with the app and use other modes to practice their language learning.\",\"email\":\"support@talkpal.ai\",\"legalName\":\"Talkpal, Inc.\",\"foundingDate\":\"2023-04-03\",\"duns\":\"118989042\",\"numberOfEmployees\":{\"@type\":\"QuantitativeValue\",\"minValue\":\"11\",\"maxValue\":\"50\"},\"publishingPrinciples\":\"https:\/\/talkpal.ai\/publishing-principles\/\",\"actionableFeedbackPolicy\":\"https:\/\/talkpal.ai\/actionable-feedback-policy\/\",\"correctionsPolicy\":\"https:\/\/talkpal.ai\/corrections-policy\/\",\"ethicsPolicy\":\"https:\/\/talkpal.ai\/ethics-policy\/\",\"diversityPolicy\":\"https:\/\/talkpal.ai\/diversity-policy\/\",\"diversityStaffingReport\":\"https:\/\/talkpal.ai\/diversity-policy\/\"}]}<\/script>\n<!-- \/ Yoast SEO Premium plugin. -->","yoast_head_json":{"title":"Cleachta\u00ed Gramada\u00ed na Liotu\u00e1inise - Talkpal","description":"M\u00e1istreacht a dh\u00e9anamh ar intricacies na teanga le cleachta\u00ed gramada\u00ed Liotu\u00e1inis tarraingteacha a chuireann le do inni\u00falacht.","robots":{"index":"index","follow":"follow","max-snippet":"max-snippet:-1","max-image-preview":"max-image-preview:large","max-video-preview":"max-video-preview:-1"},"canonical":"https:\/\/talkpal.ai\/ga\/cleachtai-gramadai-na-liotuainise\/","og_locale":"ga_IE","og_type":"article","og_title":"Cleachta\u00ed Gramada\u00ed na Liotu\u00e1inise","og_description":"Topaic\u00ed Gramada\u00ed na Liotu\u00e1ine N\u00ed hamh\u00e1in gur eisp\u00e9ireas uath\u00fail agus luachmhar \u00e9 an teanga Liotu\u00e1inis a fhoghlaim, ach oscla\u00edonn s\u00e9 domhan ioml\u00e1n nua de","og_url":"https:\/\/talkpal.ai\/ga\/cleachtai-gramadai-na-liotuainise\/","og_site_name":"Talkpal","article_publisher":"https:\/\/www.facebook.com\/profile.php?id=100090733639311","article_modified_time":"2025-12-17T15:53:34+00:00","og_image":[{"width":512,"height":512,"url":"https:\/\/talkpal.ai\/wp-content\/uploads\/2023\/05\/Lithuanian.png","type":"image\/png"}],"twitter_card":"summary_large_image","twitter_site":"@talkpalai","twitter_misc":{"Est. reading time":"3 minutes"},"schema":{"@context":"https:\/\/schema.org","@graph":[{"@type":"WebPage","@id":"https:\/\/talkpal.ai\/ga\/cleachtai-gramadai-na-liotuainise\/","url":"https:\/\/talkpal.ai\/ga\/cleachtai-gramadai-na-liotuainise\/","name":"Cleachta\u00ed Gramada\u00ed na Liotu\u00e1inise - Talkpal","isPartOf":{"@id":"https:\/\/talkpal.ai\/ga\/#website"},"primaryImageOfPage":{"@id":"https:\/\/talkpal.ai\/ga\/cleachtai-gramadai-na-liotuainise\/#primaryimage"},"image":{"@id":"https:\/\/talkpal.ai\/ga\/cleachtai-gramadai-na-liotuainise\/#primaryimage"},"thumbnailUrl":"https:\/\/talkpal.ai\/wp-content\/uploads\/2023\/05\/Lithuanian.png","datePublished":"2023-06-22T08:12:52+00:00","dateModified":"2025-12-17T15:53:34+00:00","description":"M\u00e1istreacht a dh\u00e9anamh ar intricacies na teanga le cleachta\u00ed gramada\u00ed Liotu\u00e1inis tarraingteacha a chuireann le do inni\u00falacht.","breadcrumb":{"@id":"https:\/\/talkpal.ai\/ga\/cleachtai-gramadai-na-liotuainise\/#breadcrumb"},"inLanguage":"ga-IE","potentialAction":[{"@type":"ReadAction","target":["https:\/\/talkpal.ai\/ga\/cleachtai-gramadai-na-liotuainise\/"]}]},{"@type":"ImageObject","inLanguage":"ga-IE","@id":"https:\/\/talkpal.ai\/ga\/cleachtai-gramadai-na-liotuainise\/#primaryimage","url":"https:\/\/talkpal.ai\/wp-content\/uploads\/2023\/05\/Lithuanian.png","contentUrl":"https:\/\/talkpal.ai\/wp-content\/uploads\/2023\/05\/Lithuanian.png","width":512,"height":512,"caption":"TalkPal Lithuanian Flag"},{"@type":"BreadcrumbList","@id":"https:\/\/talkpal.ai\/ga\/cleachtai-gramadai-na-liotuainise\/#breadcrumb","itemListElement":[{"@type":"ListItem","position":1,"name":"Homepage","item":"https:\/\/talkpal.ai\/ga\/"},{"@type":"ListItem","position":2,"name":"Cleachta\u00ed Gramada\u00ed na Liotu\u00e1inise"}]},{"@type":"WebSite","@id":"https:\/\/talkpal.ai\/ga\/#website","url":"https:\/\/talkpal.ai\/ga\/","name":"Talkpal","description":"AI Language Learning","publisher":{"@id":"https:\/\/talkpal.ai\/ga\/#organization"},"alternateName":"Talkpal AI","potentialAction":[{"@type":"SearchAction","target":{"@type":"EntryPoint","urlTemplate":"https:\/\/talkpal.ai\/ga\/?s={search_term_string}"},"query-input":{"@type":"PropertyValueSpecification","valueRequired":true,"valueName":"search_term_string"}}],"inLanguage":"ga-IE"},{"@type":"Organization","@id":"https:\/\/talkpal.ai\/ga\/#organization","name":"Talkpal, Inc.","alternateName":"Talkpal AI","url":"https:\/\/talkpal.ai\/ga\/","logo":{"@type":"ImageObject","inLanguage":"ga-IE","@id":"https:\/\/talkpal.ai\/ga\/#\/schema\/logo\/image\/","url":"https:\/\/talkpal.ai\/wp-content\/uploads\/2024\/03\/Talkpal-Logo-Icon.png","contentUrl":"https:\/\/talkpal.ai\/wp-content\/uploads\/2024\/03\/Talkpal-Logo-Icon.png","width":2880,"height":2880,"caption":"Talkpal, Inc."},"image":{"@id":"https:\/\/talkpal.ai\/ga\/#\/schema\/logo\/image\/"},"sameAs":["https:\/\/www.facebook.com\/profile.php?id=100090733639311","https:\/\/x.com\/talkpalai","https:\/\/www.linkedin.com\/company\/talkpal\/","https:\/\/www.youtube.com\/@TalkPal\/","https:\/\/www.tiktok.com\/@talkpal","https:\/\/www.instagram.com\/talkpal_ai\/","https:\/\/www.crunchbase.com\/organization\/talkpal-9cde","https:\/\/www.g2.com\/products\/talkpal-for-business\/","https:\/\/www.trustpilot.com\/review\/talkpal.ai","https:\/\/www.capterra.com\/p\/10006800\/TalkPal\/"],"description":"Talkpal is a language learning web and mobile education app, powered by the latest AI technologies, that provides engaging experiences to its customers in many different languages to help them improve their language skills. Users can chat about unlimited amount of topics with the app and use other modes to practice their language learning.","email":"support@talkpal.ai","legalName":"Talkpal, Inc.","foundingDate":"2023-04-03","duns":"118989042","numberOfEmployees":{"@type":"QuantitativeValue","minValue":"11","maxValue":"50"},"publishingPrinciples":"https:\/\/talkpal.ai\/publishing-principles\/","actionableFeedbackPolicy":"https:\/\/talkpal.ai\/actionable-feedback-policy\/","correctionsPolicy":"https:\/\/talkpal.ai\/corrections-policy\/","ethicsPolicy":"https:\/\/talkpal.ai\/ethics-policy\/","diversityPolicy":"https:\/\/talkpal.ai\/diversity-policy\/","diversityStaffingReport":"https:\/\/talkpal.ai\/diversity-policy\/"}]}},"_links":{"self":[{"href":"https:\/\/talkpal.ai\/ga\/wp-json\/wp\/v2\/pages\/1447991","targetHints":{"allow":["GET"]}}],"collection":[{"href":"https:\/\/talkpal.ai\/ga\/wp-json\/wp\/v2\/pages"}],"about":[{"href":"https:\/\/talkpal.ai\/ga\/wp-json\/wp\/v2\/types\/page"}],"author":[{"embeddable":true,"href":"https:\/\/talkpal.ai\/ga\/wp-json\/wp\/v2\/users\/6"}],"replies":[{"embeddable":true,"href":"https:\/\/talkpal.ai\/ga\/wp-json\/wp\/v2\/comments?post=1447991"}],"version-history":[{"count":0,"href":"https:\/\/talkpal.ai\/ga\/wp-json\/wp\/v2\/pages\/1447991\/revisions"}],"wp:featuredmedia":[{"embeddable":true,"href":"https:\/\/talkpal.ai\/ga\/wp-json\/wp\/v2\/media\/1444106"}],"wp:attachment":[{"href":"https:\/\/talkpal.ai\/ga\/wp-json\/wp\/v2\/media?parent=1447991"}],"curies":[{"name":"wp","href":"https:\/\/api.w.org\/{rel}","templated":true}]}}