{"id":1447982,"date":"2023-06-22T08:24:14","date_gmt":"2023-06-22T08:24:14","guid":{"rendered":"https:\/\/talkpal.ai\/cleachtai-gramadai-na-macadoinise\/"},"modified":"2025-12-17T16:01:33","modified_gmt":"2025-12-17T16:01:33","slug":"cleachtai-gramadai-na-macadoinise","status":"publish","type":"page","link":"https:\/\/talkpal.ai\/ga\/cleachtai-gramadai-na-macadoinise\/","title":{"rendered":"Cleachta\u00ed Gramada\u00ed na Macad\u00f3inise"},"content":{"rendered":"\r\n\r\n\r\n<section class=\"languageChallengeSection\">\r\n    <div class=\"languageInfoWrapper\">\r\n        \r\n        <h1>Cleachta\u00ed Gramada\u00ed na Macad\u00f3inise<\/h1>\r\n        <p>Ag iarraidh muin\u00edn a th\u00f3g\u00e1il sa Mhacad\u00f3inis? Is bealach iontach \u00e9 cleachta\u00ed gramada\u00ed a chleachtadh chun strucht\u00far abairte, foirmeacha briathra, agus gn\u00e9ithe uath\u00fala na teanga Macad\u00f3ine a thuiscint. Tosaigh ag ini\u00fachadh gramadach na Macad\u00f3ine inniu agus f\u00e9ach go bhf\u00e1sann do scileanna agus do l\u00edofacht le gach cleachtadh!<\/p>\r\n\r\n                            <a class=\"getStartedHidden\" href=\"https:\/\/app.talkpal.ai\/signup?lng=\">Tosaigh<\/a>\r\n        \r\n    <\/div>\r\n\r\n    <figure>\r\n    <img decoding=\"async\" width=\"768\" height=\"768\" src=\"https:\/\/talkpal.ai\/wp-content\/uploads\/2023\/06\/macedonian-768x768.png\" class=\"languageImage no-lazy\" alt=\"Language learning through conversational practice\" fetchpriority=\"high\" sizes=\"(max-width: 768px) 150px, 768px\" srcset=\"https:\/\/talkpal.ai\/wp-content\/uploads\/2023\/06\/macedonian-768x768.png 768w, https:\/\/talkpal.ai\/wp-content\/uploads\/2023\/06\/macedonian-300x300.png 300w\" \/>\r\n    \r\n\r\n    <\/figure>\r\n\r\n            <a class=\"getStartedVisible\" href=\"https:\/\/app.talkpal.ai\/signup?lng=\">Tosaigh<\/a>\r\n    \r\n<\/section>\r\n\r\n\r\n<!-- <section class=\"grammarSection\">\r\n    <div class=\"grammarLinks\">\r\n            <\/div>\r\n<\/section> -->\r\n\r\n\r\n\r\n\r\n<section class=\"promotionalBanner\">\r\n    <p class=\"promotionalText\">An bealach is \u00e9ifeachta\u00ed le teanga a fhoghlaim<\/p>\r\n    <a class=\"promotionalLink\" href=\"https:\/\/app.talkpal.ai\/signup?lng=\">Bain triail as Talkpal saor in aisce<\/a>\r\n<\/section>\n<div class=\"wp-block-group pageContainerStyle\"><div class=\"wp-block-group__inner-container is-layout-constrained wp-block-group-is-layout-constrained\">\n<h2 class=\"wp-block-heading\" id=\"h-macedonian-grammar-topics\">Topaic\u00ed Gramada\u00ed Macad\u00f3ine<\/h2>\n\n\n\n<header id=\"main-header\" data-height-onload=\"80\" data-height-loaded=\"true\" data-fixed-height-onload=\"80\">\n<p>Is \u00ed an <a href=\"https:\/\/talkpal.ai\/learn-macedonian\/\">Macad\u00f3inis<\/a> teanga oifigi\u00fail na Macad\u00f3ine Thuaidh. T\u00e1 s\u00e9 \u00e1 labhairt ag os cionn dh\u00e1 mhilli\u00fan duine ar fud an domhain agus cuireann s\u00e9 eisp\u00e9ireas teanga uath\u00fail ar f\u00e1il mar gheall ar a rialacha gramada\u00ed sonracha agus a st\u00f3r focal saibhir. Tabharfaidh an treoir seo forbhreathn\u00fa duit ar na topaic\u00ed gramada\u00ed riachtanacha Macad\u00f3ine, eagraithe i seicheamh a \u00e9asc\u00f3idh do phr\u00f3iseas foghlama. \u00d3 aimsir go strucht\u00fair abairte, cl\u00fad\u00f3idh muid an t-eolas riachtanach go l\u00e9ir chun cabhr\u00fa leat t\u00fas a <a href=\"https:\/\/talkpal.ai\/locations\/language-courses-in-chur\/\">chur<\/a> le do thuras chun m\u00e1istreacht a fh\u00e1il ar an teanga Macad\u00f3ine.<\/p>\n<h3>1. Ainmfhocail:<\/h3>\n<p>Cos\u00fail le teangacha Slavacha eile, t\u00e1 tr\u00ed inscne ag ainmfhocail na Macad\u00f3ine (firinscneach, baininscneach, agus neuter) agus t\u00e1 siad infhillte don ch\u00e1s agus don uimhir. T\u00e1 s\u00e9 r\u00edth\u00e1bhachtach an inscne agus na infhillt\u00ed cearta a fhoghlaim chun abairt\u00ed gramada\u00ed cearta a fhoirmi\u00fa.<\/p>\n<h3>2. Airteagail:<\/h3>\n<p>n\u00edl ach alt cinnte amh\u00e1in ag an teanga Macad\u00f3ine, a athra\u00edonn de r\u00e9ir inscne agus c\u00e1is. N\u00edl aon ailt \u00e9iginnte sa Mhacad\u00f3inis, ach is f\u00e9idir an uimhir &#8220;one&#8221; a \u00fas\u00e1id mar an gc\u00e9anna.<\/p>\n<h3>3. Aidiachta\u00ed:<\/h3>\n<p>Aonta\u00edonn aidiachta\u00ed sa Macad\u00f3inis leis na hainmfhocail a mhodhna\u00edonn siad in inscne, uimhir, agus c\u00e1s. T\u00e1 foirmeacha fada agus gearra acu, a \u00fas\u00e1idtear i gcomhth\u00e9acsanna \u00e9ags\u00fala.<\/p>\n<h3>4. Forainmneacha \/ Cinntitheoir\u00ed:<\/h3>\n<p>T\u00e1 forainmneacha agus cinnteoir\u00ed \u00e9ags\u00fala ag an Macad\u00f3inis, at\u00e1 riachtanach chun abairt\u00ed a fhoirmi\u00fa. Cuireann siad ainmfhocail in ionad n\u00f3 modhna\u00edonn siad agus aonta\u00edonn siad leo in inscne, uimhir, agus c\u00e1s.<\/p>\n<h3>5. Briathra:<\/h3>\n<p>T\u00e1 briathra l\u00e1rnach i ngramadach na Macad\u00f3ine. D\u00e9anann siad comhcheangal le haghaidh duine agus uimhir agus t\u00e1 aimsir\u00ed \u00e9ags\u00fala, gn\u00e9ithe agus gi\u00famar \u00e9ags\u00fala acu.<\/p>\n<h3>6. Aimsir:<\/h3>\n<p>T\u00e1 tr\u00ed aimsir bhun\u00fasacha ag an Macad\u00f3inis &#8211; am at\u00e1 caite, an l\u00e1 at\u00e1 inniu ann agus an todhcha\u00ed. Crutha\u00edtear iad ag baint \u00fas\u00e1ide as comhchuingithe briathra agus briathra c\u00fanta \u00e9ags\u00fala. T\u00e1 s\u00e9 riachtanach tuiscint a fh\u00e1il ar fhoirmi\u00fa agus ar \u00fas\u00e1id gach aimsir chun gn\u00edomhartha agus imeachta\u00ed a chur in i\u00fal go cruinn.<\/p>\n<h3>7. Compar\u00e1id aimsire:<\/h3>\n<p>T\u00e1 s\u00e9 riachtanach gn\u00edomhartha agus imeachta\u00ed a chur i gcompar\u00e1id in aimsir \u00e9ags\u00fala chun br\u00ed a chur in i\u00fal. Sa Mhacad\u00f3inis, baintear an chompar\u00e1id seo amach tr\u00ed fhoirmeacha briathartha agus briathra c\u00fanta ar <a href=\"https:\/\/talkpal.ai\/locations\/language-courses-in-leith\/\">leith<\/a> a \u00fas\u00e1id.<\/p>\n<h3>8. For\u00e1sach:<\/h3>\n<p>\u00das\u00e1idtear an ghn\u00e9 fhor\u00e1sach sa Mhacad\u00f3inis chun gn\u00edomhartha lean\u00fanacha a chur in i\u00fal. D\u00e9antar \u00e9 a fhoirmi\u00fa ag baint \u00fas\u00e1ide as aimsir l\u00e1ithreach an bhriathar &#8220;to be&#8221; agus rannph\u00e1irt\u00ed gn\u00edomhach l\u00e1ithreach an phr\u00edomhbhriathair.<\/p>\n<h3>9. For\u00e1sach Foirfe:<\/h3>\n<p>Comhcheangla\u00edonn an ghn\u00e9 seo na gn\u00e9ithe for\u00e1sacha agus foirfe chun cur s\u00edos a dh\u00e9anamh ar ghn\u00edomhartha a bh\u00ed ar si\u00fal san am at\u00e1 thart agus a bhfuil nasc acu leis an am i l\u00e1thair. D\u00e9antar \u00e9 a fhoirmi\u00fa ag baint \u00fas\u00e1ide as aimsir l\u00e1ithreach an bhriathar &#8220;to be&#8221; agus rannph\u00e1irt\u00ed gn\u00edomhach an phr\u00edomhbhriathar.<\/p>\n<h3>10. Adverbs:<\/h3>\n<p>\u00das\u00e1idtear aibriathra sa Mhacad\u00f3inis chun briathra, aidiachta\u00ed n\u00f3 aidiachta\u00ed eile a mhodhn\u00fa. De ghn\u00e1th n\u00ed athra\u00edonn siad a bhfoirm agus is f\u00e9idir iad a aithint go h\u00e9asca \u00f3na gcr\u00edoch tipici\u00fail.<\/p>\n<h3>11. Coinn\u00edollacha:<\/h3>\n<p>T\u00e1 tr\u00ed chine\u00e1l coinn\u00edollacha ag an Macad\u00f3inis &#8211; f\u00edor, neamhr\u00e9ad\u00fail, agus f\u00e9ideartha. \u00das\u00e1idtear iad chun c\u00e1sanna hipit\u00e9iseacha agus a n-iarmhairt\u00ed a chur in i\u00fal.<\/p>\n<h3>12. Prepositions:<\/h3>\n<p>T\u00e1 r\u00e9amhfhocail sa Mhacad\u00f3inis riachtanach chun fr\u00e1sa\u00ed agus abairt\u00ed a fhoirmi\u00fa. L\u00e9ir\u00edonn siad caidrimh \u00e9ags\u00fala idir focail, mar shampla su\u00edomh, treo, am, n\u00f3 c\u00fais.<\/p>\n<h3>13. Abairt\u00ed:<\/h3>\n<p>T\u00e1 s\u00e9 r\u00edth\u00e1bhachtach strucht\u00far abairt\u00ed Macad\u00f3ine a thuiscint le haghaidh cumars\u00e1ide \u00e9ifeachtach. Is gn\u00e1ch go leanann abairt\u00ed Macad\u00f3ine an t-ord focal \u00e1bhar-briathar-r\u00e9ad (SVO), ach is f\u00e9idir le h\u00e9ags\u00falachta\u00ed tarl\u00fa ag brath ar an mb\u00e9im agus ar an gcomhth\u00e9acs.<\/p>\n<\/header>\n\n\n\n<footer> <\/footer>\n<\/div><\/div>\n\r\n<section class=\"learnNavigationSection\">\r\n            \r\n        <a href=\"https:\/\/talkpal.ai\/ga\/foghlaim-macadoinis\/\">\r\n            <div class=\"learnNavigationWrapper\">\r\n                <div class=\"learnNavigationContent\">\r\n                    <img decoding=\"async\" src=\"https:\/\/talkpal.ai\/wp-content\/uploads\/2024\/08\/Macedonian.jpg\" alt=\"Macedonian Flag\">\r\n                    <div>\r\n                        <h4>Maidir le Foghlaim Macad\u00f3ine<\/h4>\r\n                        <p>Faigh amach gach rud faoi ghramadach na Macad\u00f3ine.<\/p>\r\n                    <\/div>\r\n                <\/div>\r\n            <\/div>\r\n        <\/a>\r\n\r\n        \r\n        <a href=\"https:\/\/talkpal.ai\/ga\/gramadach-na-macadoine\/\">\r\n            <div class=\"learnNavigationWrapper\">\r\n                <div class=\"learnNavigationContent\">\r\n                    <img decoding=\"async\" src=\"https:\/\/talkpal.ai\/wp-content\/uploads\/2024\/08\/Macedonian.jpg\" alt=\"Macedonian Flag\">\r\n                    <div>\r\n                        <h4>Ceachtanna Gramada\u00ed Macad\u00f3ine<\/h4>\r\n                        <p>Cleachtadh gramadach na Macad\u00f3ine.<\/p>\r\n                    <\/div>\r\n                <\/div>\r\n            <\/div>\r\n        <\/a>\r\n\r\n        \r\n        <a href=\"https:\/\/talkpal.ai\/vocabulary_language\/macedonian\/\">\r\n            <div class=\"learnNavigationWrapper\">\r\n                <div class=\"learnNavigationContent\">\r\n                    <img decoding=\"async\" src=\"https:\/\/talkpal.ai\/wp-content\/uploads\/2024\/08\/Macedonian.jpg\" alt=\"Macedonian Flag\">\r\n                    <div>\r\n                        <h4>St\u00f3r focal Macad\u00f3ine<\/h4>\r\n                        <p>Leathnaigh do st\u00f3r focal Macad\u00f3ine.<\/p>\r\n                    <\/div>\r\n                <\/div>\r\n            <\/div>\r\n        <\/a>\r\n\r\n            <\/section>","protected":false},"excerpt":{"rendered":"<p>Topaic\u00ed Gramada\u00ed Macad\u00f3ine Is \u00ed an Macad\u00f3inis teanga oifigi\u00fail na Macad\u00f3ine Thuaidh. T\u00e1 s\u00e9 \u00e1 labhairt ag os cionn dh\u00e1 mhilli\u00fan duine ar fud an domhain agus cuireann s\u00e9 eisp\u00e9ireas teanga uath\u00fail ar f\u00e1il mar gheall ar a rialacha gramada\u00ed sonracha agus a st\u00f3r focal saibhir. Tabharfaidh an treoir seo forbhreathn\u00fa duit ar na topaic\u00ed [&hellip;]<\/p>\n","protected":false},"author":6,"featured_media":1444095,"parent":0,"menu_order":0,"comment_status":"closed","ping_status":"closed","template":"LearningContentPage.php","meta":{"_acf_changed":false,"footnotes":""},"class_list":["post-1447982","page","type-page","status-publish","has-post-thumbnail","hentry"],"acf":[],"yoast_head":"<!-- This site is optimized with the Yoast SEO Premium plugin v27.2 (Yoast SEO v27.2) - https:\/\/yoast.com\/product\/yoast-seo-premium-wordpress\/ -->\n<title>Cleachta\u00ed Gramada\u00ed na Macad\u00f3inise - Talkpal<\/title>\n<meta name=\"description\" content=\"M\u00e1istir ar ghramadach Macad\u00f3ine le cleachta\u00ed idirghn\u00edomhacha gramada\u00ed Macad\u00f3ine \u00f3 TalkPal, do theagasc\u00f3ir teanga faoi thiom\u00e1int AI.\" \/>\n<meta name=\"robots\" content=\"index, follow, max-snippet:-1, max-image-preview:large, max-video-preview:-1\" \/>\n<link rel=\"canonical\" href=\"https:\/\/talkpal.ai\/ga\/cleachtai-gramadai-na-macadoinise\/\" \/>\n<meta property=\"og:locale\" content=\"ga_IE\" \/>\n<meta property=\"og:type\" content=\"article\" \/>\n<meta property=\"og:title\" content=\"Cleachta\u00ed Gramada\u00ed na Macad\u00f3inise\" \/>\n<meta property=\"og:description\" content=\"Topaic\u00ed Gramada\u00ed Macad\u00f3ine Is \u00ed an Macad\u00f3inis teanga oifigi\u00fail na Macad\u00f3ine Thuaidh. T\u00e1 s\u00e9 \u00e1 labhairt ag os cionn dh\u00e1 mhilli\u00fan duine ar fud an domhain\" \/>\n<meta property=\"og:url\" content=\"https:\/\/talkpal.ai\/ga\/cleachtai-gramadai-na-macadoinise\/\" \/>\n<meta property=\"og:site_name\" content=\"Talkpal\" \/>\n<meta property=\"article:publisher\" content=\"https:\/\/www.facebook.com\/profile.php?id=100090733639311\" \/>\n<meta property=\"article:modified_time\" content=\"2025-12-17T16:01:33+00:00\" \/>\n<meta property=\"og:image\" content=\"https:\/\/talkpal.ai\/wp-content\/uploads\/2023\/05\/republic-of-macedonia.png\" \/>\n\t<meta property=\"og:image:width\" content=\"512\" \/>\n\t<meta property=\"og:image:height\" content=\"512\" \/>\n\t<meta property=\"og:image:type\" content=\"image\/png\" \/>\n<meta name=\"twitter:card\" content=\"summary_large_image\" \/>\n<meta name=\"twitter:site\" content=\"@talkpalai\" \/>\n<meta name=\"twitter:label1\" content=\"Est. reading time\" \/>\n\t<meta name=\"twitter:data1\" content=\"3 minutes\" \/>\n<script type=\"application\/ld+json\" class=\"yoast-schema-graph\">{\"@context\":\"https:\/\/schema.org\",\"@graph\":[{\"@type\":\"WebPage\",\"@id\":\"https:\/\/talkpal.ai\/ga\/cleachtai-gramadai-na-macadoinise\/\",\"url\":\"https:\/\/talkpal.ai\/ga\/cleachtai-gramadai-na-macadoinise\/\",\"name\":\"Cleachta\u00ed Gramada\u00ed na Macad\u00f3inise - Talkpal\",\"isPartOf\":{\"@id\":\"https:\/\/talkpal.ai\/ga\/#website\"},\"primaryImageOfPage\":{\"@id\":\"https:\/\/talkpal.ai\/ga\/cleachtai-gramadai-na-macadoinise\/#primaryimage\"},\"image\":{\"@id\":\"https:\/\/talkpal.ai\/ga\/cleachtai-gramadai-na-macadoinise\/#primaryimage\"},\"thumbnailUrl\":\"https:\/\/talkpal.ai\/wp-content\/uploads\/2023\/05\/republic-of-macedonia.png\",\"datePublished\":\"2023-06-22T08:24:14+00:00\",\"dateModified\":\"2025-12-17T16:01:33+00:00\",\"description\":\"M\u00e1istir ar ghramadach Macad\u00f3ine le cleachta\u00ed idirghn\u00edomhacha gramada\u00ed Macad\u00f3ine \u00f3 TalkPal, do theagasc\u00f3ir teanga faoi thiom\u00e1int AI.\",\"breadcrumb\":{\"@id\":\"https:\/\/talkpal.ai\/ga\/cleachtai-gramadai-na-macadoinise\/#breadcrumb\"},\"inLanguage\":\"ga-IE\",\"potentialAction\":[{\"@type\":\"ReadAction\",\"target\":[\"https:\/\/talkpal.ai\/ga\/cleachtai-gramadai-na-macadoinise\/\"]}]},{\"@type\":\"ImageObject\",\"inLanguage\":\"ga-IE\",\"@id\":\"https:\/\/talkpal.ai\/ga\/cleachtai-gramadai-na-macadoinise\/#primaryimage\",\"url\":\"https:\/\/talkpal.ai\/wp-content\/uploads\/2023\/05\/republic-of-macedonia.png\",\"contentUrl\":\"https:\/\/talkpal.ai\/wp-content\/uploads\/2023\/05\/republic-of-macedonia.png\",\"width\":512,\"height\":512,\"caption\":\"TalkPal Republic of Macedonia Flag\"},{\"@type\":\"BreadcrumbList\",\"@id\":\"https:\/\/talkpal.ai\/ga\/cleachtai-gramadai-na-macadoinise\/#breadcrumb\",\"itemListElement\":[{\"@type\":\"ListItem\",\"position\":1,\"name\":\"Homepage\",\"item\":\"https:\/\/talkpal.ai\/ga\/\"},{\"@type\":\"ListItem\",\"position\":2,\"name\":\"Cleachta\u00ed Gramada\u00ed na Macad\u00f3inise\"}]},{\"@type\":\"WebSite\",\"@id\":\"https:\/\/talkpal.ai\/ga\/#website\",\"url\":\"https:\/\/talkpal.ai\/ga\/\",\"name\":\"Talkpal\",\"description\":\"AI Language Learning\",\"publisher\":{\"@id\":\"https:\/\/talkpal.ai\/ga\/#organization\"},\"alternateName\":\"Talkpal AI\",\"potentialAction\":[{\"@type\":\"SearchAction\",\"target\":{\"@type\":\"EntryPoint\",\"urlTemplate\":\"https:\/\/talkpal.ai\/ga\/?s={search_term_string}\"},\"query-input\":{\"@type\":\"PropertyValueSpecification\",\"valueRequired\":true,\"valueName\":\"search_term_string\"}}],\"inLanguage\":\"ga-IE\"},{\"@type\":\"Organization\",\"@id\":\"https:\/\/talkpal.ai\/ga\/#organization\",\"name\":\"Talkpal, Inc.\",\"alternateName\":\"Talkpal AI\",\"url\":\"https:\/\/talkpal.ai\/ga\/\",\"logo\":{\"@type\":\"ImageObject\",\"inLanguage\":\"ga-IE\",\"@id\":\"https:\/\/talkpal.ai\/ga\/#\/schema\/logo\/image\/\",\"url\":\"https:\/\/talkpal.ai\/wp-content\/uploads\/2024\/03\/Talkpal-Logo-Icon.png\",\"contentUrl\":\"https:\/\/talkpal.ai\/wp-content\/uploads\/2024\/03\/Talkpal-Logo-Icon.png\",\"width\":2880,\"height\":2880,\"caption\":\"Talkpal, Inc.\"},\"image\":{\"@id\":\"https:\/\/talkpal.ai\/ga\/#\/schema\/logo\/image\/\"},\"sameAs\":[\"https:\/\/www.facebook.com\/profile.php?id=100090733639311\",\"https:\/\/x.com\/talkpalai\",\"https:\/\/www.linkedin.com\/company\/talkpal\/\",\"https:\/\/www.youtube.com\/@TalkPal\/\",\"https:\/\/www.tiktok.com\/@talkpal\",\"https:\/\/www.instagram.com\/talkpal_ai\/\",\"https:\/\/www.crunchbase.com\/organization\/talkpal-9cde\",\"https:\/\/www.g2.com\/products\/talkpal-for-business\/\",\"https:\/\/www.trustpilot.com\/review\/talkpal.ai\",\"https:\/\/www.capterra.com\/p\/10006800\/TalkPal\/\"],\"description\":\"Talkpal is a language learning web and mobile education app, powered by the latest AI technologies, that provides engaging experiences to its customers in many different languages to help them improve their language skills. Users can chat about unlimited amount of topics with the app and use other modes to practice their language learning.\",\"email\":\"support@talkpal.ai\",\"legalName\":\"Talkpal, Inc.\",\"foundingDate\":\"2023-04-03\",\"duns\":\"118989042\",\"numberOfEmployees\":{\"@type\":\"QuantitativeValue\",\"minValue\":\"11\",\"maxValue\":\"50\"},\"publishingPrinciples\":\"https:\/\/talkpal.ai\/publishing-principles\/\",\"actionableFeedbackPolicy\":\"https:\/\/talkpal.ai\/actionable-feedback-policy\/\",\"correctionsPolicy\":\"https:\/\/talkpal.ai\/corrections-policy\/\",\"ethicsPolicy\":\"https:\/\/talkpal.ai\/ethics-policy\/\",\"diversityPolicy\":\"https:\/\/talkpal.ai\/diversity-policy\/\",\"diversityStaffingReport\":\"https:\/\/talkpal.ai\/diversity-policy\/\"}]}<\/script>\n<!-- \/ Yoast SEO Premium plugin. -->","yoast_head_json":{"title":"Cleachta\u00ed Gramada\u00ed na Macad\u00f3inise - Talkpal","description":"M\u00e1istir ar ghramadach Macad\u00f3ine le cleachta\u00ed idirghn\u00edomhacha gramada\u00ed Macad\u00f3ine \u00f3 TalkPal, do theagasc\u00f3ir teanga faoi thiom\u00e1int AI.","robots":{"index":"index","follow":"follow","max-snippet":"max-snippet:-1","max-image-preview":"max-image-preview:large","max-video-preview":"max-video-preview:-1"},"canonical":"https:\/\/talkpal.ai\/ga\/cleachtai-gramadai-na-macadoinise\/","og_locale":"ga_IE","og_type":"article","og_title":"Cleachta\u00ed Gramada\u00ed na Macad\u00f3inise","og_description":"Topaic\u00ed Gramada\u00ed Macad\u00f3ine Is \u00ed an Macad\u00f3inis teanga oifigi\u00fail na Macad\u00f3ine Thuaidh. T\u00e1 s\u00e9 \u00e1 labhairt ag os cionn dh\u00e1 mhilli\u00fan duine ar fud an domhain","og_url":"https:\/\/talkpal.ai\/ga\/cleachtai-gramadai-na-macadoinise\/","og_site_name":"Talkpal","article_publisher":"https:\/\/www.facebook.com\/profile.php?id=100090733639311","article_modified_time":"2025-12-17T16:01:33+00:00","og_image":[{"width":512,"height":512,"url":"https:\/\/talkpal.ai\/wp-content\/uploads\/2023\/05\/republic-of-macedonia.png","type":"image\/png"}],"twitter_card":"summary_large_image","twitter_site":"@talkpalai","twitter_misc":{"Est. reading time":"3 minutes"},"schema":{"@context":"https:\/\/schema.org","@graph":[{"@type":"WebPage","@id":"https:\/\/talkpal.ai\/ga\/cleachtai-gramadai-na-macadoinise\/","url":"https:\/\/talkpal.ai\/ga\/cleachtai-gramadai-na-macadoinise\/","name":"Cleachta\u00ed Gramada\u00ed na Macad\u00f3inise - Talkpal","isPartOf":{"@id":"https:\/\/talkpal.ai\/ga\/#website"},"primaryImageOfPage":{"@id":"https:\/\/talkpal.ai\/ga\/cleachtai-gramadai-na-macadoinise\/#primaryimage"},"image":{"@id":"https:\/\/talkpal.ai\/ga\/cleachtai-gramadai-na-macadoinise\/#primaryimage"},"thumbnailUrl":"https:\/\/talkpal.ai\/wp-content\/uploads\/2023\/05\/republic-of-macedonia.png","datePublished":"2023-06-22T08:24:14+00:00","dateModified":"2025-12-17T16:01:33+00:00","description":"M\u00e1istir ar ghramadach Macad\u00f3ine le cleachta\u00ed idirghn\u00edomhacha gramada\u00ed Macad\u00f3ine \u00f3 TalkPal, do theagasc\u00f3ir teanga faoi thiom\u00e1int AI.","breadcrumb":{"@id":"https:\/\/talkpal.ai\/ga\/cleachtai-gramadai-na-macadoinise\/#breadcrumb"},"inLanguage":"ga-IE","potentialAction":[{"@type":"ReadAction","target":["https:\/\/talkpal.ai\/ga\/cleachtai-gramadai-na-macadoinise\/"]}]},{"@type":"ImageObject","inLanguage":"ga-IE","@id":"https:\/\/talkpal.ai\/ga\/cleachtai-gramadai-na-macadoinise\/#primaryimage","url":"https:\/\/talkpal.ai\/wp-content\/uploads\/2023\/05\/republic-of-macedonia.png","contentUrl":"https:\/\/talkpal.ai\/wp-content\/uploads\/2023\/05\/republic-of-macedonia.png","width":512,"height":512,"caption":"TalkPal Republic of Macedonia Flag"},{"@type":"BreadcrumbList","@id":"https:\/\/talkpal.ai\/ga\/cleachtai-gramadai-na-macadoinise\/#breadcrumb","itemListElement":[{"@type":"ListItem","position":1,"name":"Homepage","item":"https:\/\/talkpal.ai\/ga\/"},{"@type":"ListItem","position":2,"name":"Cleachta\u00ed Gramada\u00ed na Macad\u00f3inise"}]},{"@type":"WebSite","@id":"https:\/\/talkpal.ai\/ga\/#website","url":"https:\/\/talkpal.ai\/ga\/","name":"Talkpal","description":"AI Language Learning","publisher":{"@id":"https:\/\/talkpal.ai\/ga\/#organization"},"alternateName":"Talkpal AI","potentialAction":[{"@type":"SearchAction","target":{"@type":"EntryPoint","urlTemplate":"https:\/\/talkpal.ai\/ga\/?s={search_term_string}"},"query-input":{"@type":"PropertyValueSpecification","valueRequired":true,"valueName":"search_term_string"}}],"inLanguage":"ga-IE"},{"@type":"Organization","@id":"https:\/\/talkpal.ai\/ga\/#organization","name":"Talkpal, Inc.","alternateName":"Talkpal AI","url":"https:\/\/talkpal.ai\/ga\/","logo":{"@type":"ImageObject","inLanguage":"ga-IE","@id":"https:\/\/talkpal.ai\/ga\/#\/schema\/logo\/image\/","url":"https:\/\/talkpal.ai\/wp-content\/uploads\/2024\/03\/Talkpal-Logo-Icon.png","contentUrl":"https:\/\/talkpal.ai\/wp-content\/uploads\/2024\/03\/Talkpal-Logo-Icon.png","width":2880,"height":2880,"caption":"Talkpal, Inc."},"image":{"@id":"https:\/\/talkpal.ai\/ga\/#\/schema\/logo\/image\/"},"sameAs":["https:\/\/www.facebook.com\/profile.php?id=100090733639311","https:\/\/x.com\/talkpalai","https:\/\/www.linkedin.com\/company\/talkpal\/","https:\/\/www.youtube.com\/@TalkPal\/","https:\/\/www.tiktok.com\/@talkpal","https:\/\/www.instagram.com\/talkpal_ai\/","https:\/\/www.crunchbase.com\/organization\/talkpal-9cde","https:\/\/www.g2.com\/products\/talkpal-for-business\/","https:\/\/www.trustpilot.com\/review\/talkpal.ai","https:\/\/www.capterra.com\/p\/10006800\/TalkPal\/"],"description":"Talkpal is a language learning web and mobile education app, powered by the latest AI technologies, that provides engaging experiences to its customers in many different languages to help them improve their language skills. Users can chat about unlimited amount of topics with the app and use other modes to practice their language learning.","email":"support@talkpal.ai","legalName":"Talkpal, Inc.","foundingDate":"2023-04-03","duns":"118989042","numberOfEmployees":{"@type":"QuantitativeValue","minValue":"11","maxValue":"50"},"publishingPrinciples":"https:\/\/talkpal.ai\/publishing-principles\/","actionableFeedbackPolicy":"https:\/\/talkpal.ai\/actionable-feedback-policy\/","correctionsPolicy":"https:\/\/talkpal.ai\/corrections-policy\/","ethicsPolicy":"https:\/\/talkpal.ai\/ethics-policy\/","diversityPolicy":"https:\/\/talkpal.ai\/diversity-policy\/","diversityStaffingReport":"https:\/\/talkpal.ai\/diversity-policy\/"}]}},"_links":{"self":[{"href":"https:\/\/talkpal.ai\/ga\/wp-json\/wp\/v2\/pages\/1447982","targetHints":{"allow":["GET"]}}],"collection":[{"href":"https:\/\/talkpal.ai\/ga\/wp-json\/wp\/v2\/pages"}],"about":[{"href":"https:\/\/talkpal.ai\/ga\/wp-json\/wp\/v2\/types\/page"}],"author":[{"embeddable":true,"href":"https:\/\/talkpal.ai\/ga\/wp-json\/wp\/v2\/users\/6"}],"replies":[{"embeddable":true,"href":"https:\/\/talkpal.ai\/ga\/wp-json\/wp\/v2\/comments?post=1447982"}],"version-history":[{"count":0,"href":"https:\/\/talkpal.ai\/ga\/wp-json\/wp\/v2\/pages\/1447982\/revisions"}],"wp:featuredmedia":[{"embeddable":true,"href":"https:\/\/talkpal.ai\/ga\/wp-json\/wp\/v2\/media\/1444095"}],"wp:attachment":[{"href":"https:\/\/talkpal.ai\/ga\/wp-json\/wp\/v2\/media?parent=1447982"}],"curies":[{"name":"wp","href":"https:\/\/api.w.org\/{rel}","templated":true}]}}