{"id":1447979,"date":"2023-06-22T08:43:13","date_gmt":"2023-06-22T08:43:13","guid":{"rendered":"https:\/\/talkpal.ai\/cleachtai-gramadai-na-maorach\/"},"modified":"2025-12-17T14:34:25","modified_gmt":"2025-12-17T14:34:25","slug":"cleachtai-gramadai-na-maorach","status":"publish","type":"page","link":"https:\/\/talkpal.ai\/ga\/cleachtai-gramadai-na-maorach\/","title":{"rendered":"Cleachta\u00ed Gramada\u00ed na Maorach"},"content":{"rendered":"\r\n\r\n\r\n<section class=\"languageChallengeSection\">\r\n    <div class=\"languageInfoWrapper\">\r\n        \r\n        <h1>Cleachta\u00ed Gramada\u00ed na Maorach<\/h1>\r\n        <p>Ar mhaith leat do scileanna <a href=\"https:\/\/talkpal.ai\/culture\/how-do-i-start-learning-te-reo-maori-as-a-beginner\/\">te reo M\u0101ori<\/a> a neart\u00fa? Is bealach iontach \u00e9 cleachta\u00ed gramada\u00ed a chleachtadh chun strucht\u00far abairte, foirmeacha briathra, agus pr\u00edomhphatr\u00fain na teanga a thuiscint. Tosaigh ag ini\u00fachadh gramada\u00ed M\u0101ori inniu agus f\u00e9ach ar do mhuin\u00edn agus do chumas ag f\u00e1s le gach cleachtadh <a href=\"https:\/\/talkpal.ai\/talkpal-new-years-discount\/\">nua<\/a>!<\/p>\r\n\r\n                            <a class=\"getStartedHidden\" href=\"https:\/\/app.talkpal.ai\/signup?lng=\">Tosaigh<\/a>\r\n        \r\n    <\/div>\r\n\r\n    <figure>\r\n    <img decoding=\"async\" width=\"768\" height=\"768\" src=\"https:\/\/talkpal.ai\/wp-content\/uploads\/2023\/06\/maori-768x768.png\" class=\"languageImage no-lazy\" alt=\"Language learning for social and professional settings\" fetchpriority=\"high\" sizes=\"(max-width: 768px) 150px, 768px\" srcset=\"https:\/\/talkpal.ai\/wp-content\/uploads\/2023\/06\/maori-768x768.png 768w, https:\/\/talkpal.ai\/wp-content\/uploads\/2023\/06\/maori-300x300.png 300w\" \/>\r\n    \r\n\r\n    <\/figure>\r\n\r\n            <a class=\"getStartedVisible\" href=\"https:\/\/app.talkpal.ai\/signup?lng=\">Tosaigh<\/a>\r\n    \r\n<\/section>\r\n\r\n\r\n<!-- <section class=\"grammarSection\">\r\n    <div class=\"grammarLinks\">\r\n            <\/div>\r\n<\/section> -->\r\n\r\n\r\n\r\n\r\n<section class=\"promotionalBanner\">\r\n    <p class=\"promotionalText\">An bealach is \u00e9ifeachta\u00ed le teanga a fhoghlaim<\/p>\r\n    <a class=\"promotionalLink\" href=\"https:\/\/app.talkpal.ai\/signup?lng=\">Bain triail as Talkpal saor in aisce<\/a>\r\n<\/section>\n<div class=\"wp-block-group pageContainerStyle\"><div class=\"wp-block-group__inner-container is-layout-constrained wp-block-group-is-layout-constrained\">\n<h2 class=\"wp-block-heading\" id=\"h-maori-grammar-topics\">Topaic\u00ed Gramada\u00ed Maori<\/h2>\n\n\n\n<p>Is teanga Pholain\u00e9iseach Thoir \u00ed an teanga <a href=\"https:\/\/talkpal.ai\/learn-maori\/\">Maori<\/a>, ar a dtugtar te reo M\u0101ori, \u00f3 dh\u00fachas don Nua-Sh\u00e9alainn. Mar theanga oifigi\u00fail na t\u00edre, t\u00e1 oidhreacht shaibhir chult\u00fartha agus gn\u00e9ithe uath\u00fala teanga aici. T\u00e1 <a href=\"https:\/\/talkpal.ai\/grammar\/\">gramadach<\/a> Maori a fhoghlaim riachtanach chun tuiscint agus cumars\u00e1id \u00e9ifeachtach a dh\u00e9anamh sa teanga. Sol\u00e1thra\u00edonn an treoir seo forbhreathn\u00fa ar \u00e1bhair ghramada\u00ed r\u00edth\u00e1bhachtacha Maori, eagraithe i seicheamh at\u00e1 deartha chun do phr\u00f3iseas foghlama a \u00e9asc\u00fa. \u00d3 aimsir agus briathra go haidiachta\u00ed agus r\u00e9amhfhocail, cabhr\u00f3idh an treoir seo leat na heilimint\u00ed bun\u00fasacha de ghramadach Maori a thuiscint agus dul ar do thuras foghlama teanga.<\/p>\n\n\n\n<h3 class=\"wp-block-heading\" id=\"h-1-tenses\">1. Aimsir:<\/h3>\n\n\n\n<p>I Maori, t\u00e1 dh\u00e1 phr\u00edomhaimsir ann \u2013 am at\u00e1 caite agus neamh-am at\u00e1 caite. L\u00e9ir\u00edonn an aimsir chaite gn\u00edomhartha n\u00f3 imeachta\u00ed a tharla cheana f\u00e9in, agus cuims\u00edonn an aimsir neamh-chaite gn\u00edomhartha l\u00e1ithreacha agus sa todhcha\u00ed. T\u00e1 s\u00e9 r\u00edth\u00e1bhachtach na haimsir\u00ed seo a thuiscint chun abairt\u00ed a fhoirmi\u00fa agus br\u00ed a <a href=\"https:\/\/talkpal.ai\/locations\/language-courses-in-chur\/\">chur<\/a> in i\u00fal go cruinn.<\/p>\n\n\n\n<h3 class=\"wp-block-heading\" id=\"h-2-tense-comparison\">2. Compar\u00e1id aimsire:<\/h3>\n\n\n\n<p>Nuair a dh\u00e9antar compar\u00e1id idir aimsir\u00ed i Maori, t\u00e1 s\u00e9 riachtanach tuiscint a fh\u00e1il ar conas abairt\u00ed a fhoirmi\u00fa ag baint \u00fas\u00e1ide as na haimsir\u00ed \u00e9ags\u00fala agus compar\u00e1id\u00ed cu\u00ed a dh\u00e9anamh eatarthu. Cabhr\u00f3idh an t-eolas seo leat gn\u00edomhartha agus imeachta\u00ed a chur in i\u00fal i gcomhth\u00e9acsanna <a href=\"https:\/\/talkpal.ai\/locations\/language-courses-in-ama\/\">ama<\/a> \u00e9ags\u00fala.<\/p>\n\n\n\n<h3 class=\"wp-block-heading\" id=\"h-3-progressive\">3. For\u00e1sach:<\/h3>\n\n\n\n<p>L\u00e9ir\u00edonn an ghn\u00e9 fhor\u00e1sach i Maori gn\u00edomhartha lean\u00fanacha n\u00f3 lean\u00fanacha. Cuirfidh foghlaim conas an ghn\u00e9 fhor\u00e1sach a \u00fas\u00e1id ar do chumas cur s\u00edos a dh\u00e9anamh ar ghn\u00edomhartha at\u00e1 ag tarl\u00fa i l\u00e1thair na huaire, ag cur doimhneacht le do chumars\u00e1id.<\/p>\n\n\n\n<h3 class=\"wp-block-heading\" id=\"h-4-perfect-progressive\">4. For\u00e1sach Foirfe:<\/h3>\n\n\n\n<p>Comhcheangla\u00edonn an ghn\u00e9 fhor\u00e1sach foirfe gn\u00e9ithe den ghn\u00e9ithe foirfe agus for\u00e1sacha, rud a l\u00e9ir\u00edonn gn\u00edomhartha a bh\u00ed ar si\u00fal ach at\u00e1 cr\u00edochnaithe anois. Cuideoidh m\u00e1istreacht ar an ngn\u00e9 seo leat smaointe agus c\u00e1sanna n\u00edos casta a chur in i\u00fal.<\/p>\n\n\n\n<h3 class=\"wp-block-heading\" id=\"h-5-verbs\">5. Briathra:<\/h3>\n\n\n\n<p>T\u00e1 briathra r\u00edth\u00e1bhachtach chun abairt\u00ed a th\u00f3g\u00e1il agus gn\u00edomhartha n\u00f3 st\u00e1it a chur in i\u00fal i Maori. T\u00e1 s\u00e9 riachtanach dul i dtaith\u00ed ar chomhchuingi\u00fa briathra, briathra coitianta, agus a n-\u00fas\u00e1id chun cumars\u00e1id \u00e9ifeachtach a dh\u00e9anamh.<\/p>\n\n\n\n<h3 class=\"wp-block-heading\" id=\"h-6-nouns\">6. Ainmfhocail:<\/h3>\n\n\n\n<p>Is iad ainmfhocail bun\u00fas aon teanga, a l\u00e9ir\u00edonn daoine, \u00e1iteanna, ruda\u00ed, n\u00f3 smaointe. Cabhr\u00f3idh foghlaim ainmfhocail Maori leat do st\u00f3r focal a th\u00f3g\u00e1il agus feabhas a chur ar do thuiscint fhorioml\u00e1n ar an teanga.<\/p>\n\n\n\n<h3 class=\"wp-block-heading\" id=\"h-7-articles\">7. Airteagail:<\/h3>\n\n\n\n<p>\u00das\u00e1ideann Maori ailt chun sainmh\u00edni\u00fa n\u00f3 \u00e9iginnteacht ainmfhocal a shonr\u00fa. Cabhr\u00f3idh tuiscint a fh\u00e1il ar \u00fas\u00e1id alt leat abairt\u00ed a th\u00f3g\u00e1il le soil\u00e9ireacht agus cruinneas.<\/p>\n\n\n\n<h3 class=\"wp-block-heading\" id=\"h-8-pronouns-determiners\">8. Forainmneacha \/ Cinntitheoir\u00ed:<\/h3>\n\n\n\n<p>T\u00e1 r\u00f3l r\u00edth\u00e1bhachtach ag forainmneacha agus cinnteoir\u00ed i ngramadach na Maori, ag cuidi\u00fa le hainmfhocal a aithint n\u00f3 a shonr\u00fa. Cuir eolas ar fhorainmneacha agus cinnteoir\u00ed \u00e9ags\u00fala chun do scileanna teanga a fheabhs\u00fa.<\/p>\n\n\n\n<h3 class=\"wp-block-heading\" id=\"h-9-adjectives\">9. Aidiachta\u00ed:<\/h3>\n\n\n\n<p>Sol\u00e1thra\u00edonn aidiachta\u00ed cur s\u00edos, c\u00e1il\u00edochta\u00ed, n\u00f3 tr\u00e9ithe d&#8217;ainmfhocail. Cuirfidh foghlaim aidiachta\u00ed Maori ar do chumas smaointe n\u00edos mionsonraithe agus n\u00edos nuanced a chur in i\u00fal.<\/p>\n\n\n\n<h3 class=\"wp-block-heading\" id=\"h-10-adverbs\">10. Adverbs:<\/h3>\n\n\n\n<p>Modhna\u00edonn adverbs briathra, aidiachta\u00ed n\u00f3 adverbs eile, ag sol\u00e1thar faisn\u00e9ise breise faoi ghn\u00edomhartha n\u00f3 c\u00e1il\u00edochta\u00ed. Cabhr\u00f3idh m\u00e1istreacht adverbs Maori leat br\u00ed a chur in i\u00fal n\u00edos \u00e9ifeachta\u00ed agus \u00e9ags\u00falacht a chur le d&#8217;abairt\u00ed.<\/p>\n\n\n\n<h3 class=\"wp-block-heading\" id=\"h-11-conditionals\">11. Coinn\u00edollacha:<\/h3>\n\n\n\n<p>\u00das\u00e1idtear coinn\u00edollacha chun c\u00e1sanna hipit\u00e9iseacha n\u00f3 iarmhairt\u00ed a chur in i\u00fal i Maori. Cuideoidh tuiscint a fh\u00e1il ar fhoirmeacha coinn\u00edollacha leat smaointe agus f\u00e9idearthachta\u00ed casta a chur in i\u00fal.<\/p>\n\n\n\n<h3 class=\"wp-block-heading\" id=\"h-12-prepositions\">12. Prepositions:<\/h3>\n\n\n\n<p>T\u00e1 r\u00e9amhfhocail riachtanach chun caidrimh idir focail a l\u00e9iri\u00fa, mar shampla su\u00edomh, treo, n\u00f3 am. Cabhr\u00f3idh foghlaim r\u00e9amhfhocail Maori leat abairt\u00ed n\u00edos casta agus n\u00edos br\u00ed a th\u00f3g\u00e1il.<\/p>\n\n\n\n<h3 class=\"wp-block-heading\" id=\"h-13-sentences\">13. Abairt\u00ed:<\/h3>\n\n\n\n<p>Ar deireadh, t\u00e1 s\u00e9 r\u00edth\u00e1bhachtach strucht\u00far abairt\u00ed agus ord focal a thuiscint do chumars\u00e1id \u00e9ifeachtach i Maori. D\u00e9an eolas ar phatr\u00fain abairt\u00ed \u00e9ags\u00fala agus d\u00e9an cleachtadh ar abairt\u00ed a th\u00f3g\u00e1il ag baint \u00fas\u00e1ide as na topaic\u00ed gramada\u00ed a chl\u00fada\u00edtear sa treoir seo.<\/p>\n<\/div><\/div>\n\r\n<section class=\"learnNavigationSection\">\r\n            \r\n        <a href=\"https:\/\/talkpal.ai\/ga\/foghlaim-maori\/\">\r\n            <div class=\"learnNavigationWrapper\">\r\n                <div class=\"learnNavigationContent\">\r\n                    <img decoding=\"async\" src=\"https:\/\/talkpal.ai\/wp-content\/uploads\/2024\/08\/Maori.jpg\" alt=\"New Zealand Flag\">\r\n                    <div>\r\n                        <h4>Ceachtanna Gramada\u00ed Maori<\/h4>\r\n                        <p>Faigh amach gach rud faoi ghramadach na Maori.<\/p>\r\n                    <\/div>\r\n                <\/div>\r\n            <\/div>\r\n        <\/a>\r\n\r\n        \r\n        <a href=\"https:\/\/talkpal.ai\/ga\/gramadach-maori\/\">\r\n            <div class=\"learnNavigationWrapper\">\r\n                <div class=\"learnNavigationContent\">\r\n                    <img decoding=\"async\" src=\"https:\/\/talkpal.ai\/wp-content\/uploads\/2024\/08\/Maori.jpg\" alt=\"New Zealand Flag\">\r\n                    <div>\r\n                        <h4>Ceachtanna Gramada\u00ed Maori<\/h4>\r\n                        <p>Cleachtadh gramadach Maori.<\/p>\r\n                    <\/div>\r\n                <\/div>\r\n            <\/div>\r\n        <\/a>\r\n\r\n        \r\n        <a href=\"https:\/\/talkpal.ai\/vocabulary_language\/maori\/\">\r\n            <div class=\"learnNavigationWrapper\">\r\n                <div class=\"learnNavigationContent\">\r\n                    <img decoding=\"async\" src=\"https:\/\/talkpal.ai\/wp-content\/uploads\/2024\/08\/Maori.jpg\" alt=\"New Zealand Flag\">\r\n                    <div>\r\n                        <h4>St\u00f3r Focal Maori<\/h4>\r\n                        <p>Leathnaigh do st\u00f3r focal Maori.<\/p>\r\n                    <\/div>\r\n                <\/div>\r\n            <\/div>\r\n        <\/a>\r\n\r\n            <\/section>","protected":false},"excerpt":{"rendered":"<p>Topaic\u00ed Gramada\u00ed Maori Is teanga Pholain\u00e9iseach Thoir \u00ed an teanga Maori, ar a dtugtar te reo M\u0101ori, \u00f3 dh\u00fachas don Nua-Sh\u00e9alainn. Mar theanga oifigi\u00fail na t\u00edre, t\u00e1 oidhreacht shaibhir chult\u00fartha agus gn\u00e9ithe uath\u00fala teanga aici. T\u00e1 gramadach Maori a fhoghlaim riachtanach chun tuiscint agus cumars\u00e1id \u00e9ifeachtach a dh\u00e9anamh sa teanga. Sol\u00e1thra\u00edonn an treoir seo forbhreathn\u00fa [&hellip;]<\/p>\n","protected":false},"author":6,"featured_media":1444131,"parent":0,"menu_order":0,"comment_status":"closed","ping_status":"closed","template":"LearningContentPage.php","meta":{"_acf_changed":false,"footnotes":""},"class_list":["post-1447979","page","type-page","status-publish","has-post-thumbnail","hentry"],"acf":[],"yoast_head":"<!-- This site is optimized with the Yoast SEO Premium plugin v27.2 (Yoast SEO v27.2) - https:\/\/yoast.com\/product\/yoast-seo-premium-wordpress\/ -->\n<title>Cleachta\u00ed Gramada\u00ed na Maorach - Talkpal<\/title>\n<meta name=\"description\" content=\"Feabhas a chur ar do chuid scileanna teanga le Cleachta\u00ed Gramada\u00ed Maori at\u00e1 deartha chun do thuiscint agus l\u00edofacht sa Mh\u00e1orach a threisi\u00fa.\" \/>\n<meta name=\"robots\" content=\"index, follow, max-snippet:-1, max-image-preview:large, max-video-preview:-1\" \/>\n<link rel=\"canonical\" href=\"https:\/\/talkpal.ai\/ga\/cleachtai-gramadai-na-maorach\/\" \/>\n<meta property=\"og:locale\" content=\"ga_IE\" \/>\n<meta property=\"og:type\" content=\"article\" \/>\n<meta property=\"og:title\" content=\"Cleachta\u00ed Gramada\u00ed na Maorach\" \/>\n<meta property=\"og:description\" content=\"Topaic\u00ed Gramada\u00ed Maori Is teanga Pholain\u00e9iseach Thoir \u00ed an teanga Maori, ar a dtugtar te reo M\u0101ori, \u00f3 dh\u00fachas don Nua-Sh\u00e9alainn. Mar theanga oifigi\u00fail na\" \/>\n<meta property=\"og:url\" content=\"https:\/\/talkpal.ai\/ga\/cleachtai-gramadai-na-maorach\/\" \/>\n<meta property=\"og:site_name\" content=\"Talkpal\" \/>\n<meta property=\"article:publisher\" content=\"https:\/\/www.facebook.com\/profile.php?id=100090733639311\" \/>\n<meta property=\"article:modified_time\" content=\"2025-12-17T14:34:25+00:00\" \/>\n<meta property=\"og:image\" content=\"https:\/\/talkpal.ai\/wp-content\/uploads\/2023\/05\/Maori-new-zealand.png\" \/>\n\t<meta property=\"og:image:width\" content=\"512\" \/>\n\t<meta property=\"og:image:height\" content=\"512\" \/>\n\t<meta property=\"og:image:type\" content=\"image\/png\" \/>\n<meta name=\"twitter:card\" content=\"summary_large_image\" \/>\n<meta name=\"twitter:site\" content=\"@talkpalai\" \/>\n<meta name=\"twitter:label1\" content=\"Est. reading time\" \/>\n\t<meta name=\"twitter:data1\" content=\"4 minutes\" \/>\n<script type=\"application\/ld+json\" class=\"yoast-schema-graph\">{\"@context\":\"https:\/\/schema.org\",\"@graph\":[{\"@type\":\"WebPage\",\"@id\":\"https:\/\/talkpal.ai\/ga\/cleachtai-gramadai-na-maorach\/\",\"url\":\"https:\/\/talkpal.ai\/ga\/cleachtai-gramadai-na-maorach\/\",\"name\":\"Cleachta\u00ed Gramada\u00ed na Maorach - Talkpal\",\"isPartOf\":{\"@id\":\"https:\/\/talkpal.ai\/ga\/#website\"},\"primaryImageOfPage\":{\"@id\":\"https:\/\/talkpal.ai\/ga\/cleachtai-gramadai-na-maorach\/#primaryimage\"},\"image\":{\"@id\":\"https:\/\/talkpal.ai\/ga\/cleachtai-gramadai-na-maorach\/#primaryimage\"},\"thumbnailUrl\":\"https:\/\/talkpal.ai\/wp-content\/uploads\/2023\/05\/Maori-new-zealand.png\",\"datePublished\":\"2023-06-22T08:43:13+00:00\",\"dateModified\":\"2025-12-17T14:34:25+00:00\",\"description\":\"Feabhas a chur ar do chuid scileanna teanga le Cleachta\u00ed Gramada\u00ed Maori at\u00e1 deartha chun do thuiscint agus l\u00edofacht sa Mh\u00e1orach a threisi\u00fa.\",\"breadcrumb\":{\"@id\":\"https:\/\/talkpal.ai\/ga\/cleachtai-gramadai-na-maorach\/#breadcrumb\"},\"inLanguage\":\"ga-IE\",\"potentialAction\":[{\"@type\":\"ReadAction\",\"target\":[\"https:\/\/talkpal.ai\/ga\/cleachtai-gramadai-na-maorach\/\"]}]},{\"@type\":\"ImageObject\",\"inLanguage\":\"ga-IE\",\"@id\":\"https:\/\/talkpal.ai\/ga\/cleachtai-gramadai-na-maorach\/#primaryimage\",\"url\":\"https:\/\/talkpal.ai\/wp-content\/uploads\/2023\/05\/Maori-new-zealand.png\",\"contentUrl\":\"https:\/\/talkpal.ai\/wp-content\/uploads\/2023\/05\/Maori-new-zealand.png\",\"width\":512,\"height\":512,\"caption\":\"TalkPal Maori Flag\"},{\"@type\":\"BreadcrumbList\",\"@id\":\"https:\/\/talkpal.ai\/ga\/cleachtai-gramadai-na-maorach\/#breadcrumb\",\"itemListElement\":[{\"@type\":\"ListItem\",\"position\":1,\"name\":\"Homepage\",\"item\":\"https:\/\/talkpal.ai\/ga\/\"},{\"@type\":\"ListItem\",\"position\":2,\"name\":\"Cleachta\u00ed Gramada\u00ed na Maorach\"}]},{\"@type\":\"WebSite\",\"@id\":\"https:\/\/talkpal.ai\/ga\/#website\",\"url\":\"https:\/\/talkpal.ai\/ga\/\",\"name\":\"Talkpal\",\"description\":\"AI Language Learning\",\"publisher\":{\"@id\":\"https:\/\/talkpal.ai\/ga\/#organization\"},\"alternateName\":\"Talkpal AI\",\"potentialAction\":[{\"@type\":\"SearchAction\",\"target\":{\"@type\":\"EntryPoint\",\"urlTemplate\":\"https:\/\/talkpal.ai\/ga\/?s={search_term_string}\"},\"query-input\":{\"@type\":\"PropertyValueSpecification\",\"valueRequired\":true,\"valueName\":\"search_term_string\"}}],\"inLanguage\":\"ga-IE\"},{\"@type\":\"Organization\",\"@id\":\"https:\/\/talkpal.ai\/ga\/#organization\",\"name\":\"Talkpal, Inc.\",\"alternateName\":\"Talkpal AI\",\"url\":\"https:\/\/talkpal.ai\/ga\/\",\"logo\":{\"@type\":\"ImageObject\",\"inLanguage\":\"ga-IE\",\"@id\":\"https:\/\/talkpal.ai\/ga\/#\/schema\/logo\/image\/\",\"url\":\"https:\/\/talkpal.ai\/wp-content\/uploads\/2024\/03\/Talkpal-Logo-Icon.png\",\"contentUrl\":\"https:\/\/talkpal.ai\/wp-content\/uploads\/2024\/03\/Talkpal-Logo-Icon.png\",\"width\":2880,\"height\":2880,\"caption\":\"Talkpal, Inc.\"},\"image\":{\"@id\":\"https:\/\/talkpal.ai\/ga\/#\/schema\/logo\/image\/\"},\"sameAs\":[\"https:\/\/www.facebook.com\/profile.php?id=100090733639311\",\"https:\/\/x.com\/talkpalai\",\"https:\/\/www.linkedin.com\/company\/talkpal\/\",\"https:\/\/www.youtube.com\/@TalkPal\/\",\"https:\/\/www.tiktok.com\/@talkpal\",\"https:\/\/www.instagram.com\/talkpal_ai\/\",\"https:\/\/www.crunchbase.com\/organization\/talkpal-9cde\",\"https:\/\/www.g2.com\/products\/talkpal-for-business\/\",\"https:\/\/www.trustpilot.com\/review\/talkpal.ai\",\"https:\/\/www.capterra.com\/p\/10006800\/TalkPal\/\"],\"description\":\"Talkpal is a language learning web and mobile education app, powered by the latest AI technologies, that provides engaging experiences to its customers in many different languages to help them improve their language skills. Users can chat about unlimited amount of topics with the app and use other modes to practice their language learning.\",\"email\":\"support@talkpal.ai\",\"legalName\":\"Talkpal, Inc.\",\"foundingDate\":\"2023-04-03\",\"duns\":\"118989042\",\"numberOfEmployees\":{\"@type\":\"QuantitativeValue\",\"minValue\":\"11\",\"maxValue\":\"50\"},\"publishingPrinciples\":\"https:\/\/talkpal.ai\/publishing-principles\/\",\"actionableFeedbackPolicy\":\"https:\/\/talkpal.ai\/actionable-feedback-policy\/\",\"correctionsPolicy\":\"https:\/\/talkpal.ai\/corrections-policy\/\",\"ethicsPolicy\":\"https:\/\/talkpal.ai\/ethics-policy\/\",\"diversityPolicy\":\"https:\/\/talkpal.ai\/diversity-policy\/\",\"diversityStaffingReport\":\"https:\/\/talkpal.ai\/diversity-policy\/\"}]}<\/script>\n<!-- \/ Yoast SEO Premium plugin. -->","yoast_head_json":{"title":"Cleachta\u00ed Gramada\u00ed na Maorach - Talkpal","description":"Feabhas a chur ar do chuid scileanna teanga le Cleachta\u00ed Gramada\u00ed Maori at\u00e1 deartha chun do thuiscint agus l\u00edofacht sa Mh\u00e1orach a threisi\u00fa.","robots":{"index":"index","follow":"follow","max-snippet":"max-snippet:-1","max-image-preview":"max-image-preview:large","max-video-preview":"max-video-preview:-1"},"canonical":"https:\/\/talkpal.ai\/ga\/cleachtai-gramadai-na-maorach\/","og_locale":"ga_IE","og_type":"article","og_title":"Cleachta\u00ed Gramada\u00ed na Maorach","og_description":"Topaic\u00ed Gramada\u00ed Maori Is teanga Pholain\u00e9iseach Thoir \u00ed an teanga Maori, ar a dtugtar te reo M\u0101ori, \u00f3 dh\u00fachas don Nua-Sh\u00e9alainn. Mar theanga oifigi\u00fail na","og_url":"https:\/\/talkpal.ai\/ga\/cleachtai-gramadai-na-maorach\/","og_site_name":"Talkpal","article_publisher":"https:\/\/www.facebook.com\/profile.php?id=100090733639311","article_modified_time":"2025-12-17T14:34:25+00:00","og_image":[{"width":512,"height":512,"url":"https:\/\/talkpal.ai\/wp-content\/uploads\/2023\/05\/Maori-new-zealand.png","type":"image\/png"}],"twitter_card":"summary_large_image","twitter_site":"@talkpalai","twitter_misc":{"Est. reading time":"4 minutes"},"schema":{"@context":"https:\/\/schema.org","@graph":[{"@type":"WebPage","@id":"https:\/\/talkpal.ai\/ga\/cleachtai-gramadai-na-maorach\/","url":"https:\/\/talkpal.ai\/ga\/cleachtai-gramadai-na-maorach\/","name":"Cleachta\u00ed Gramada\u00ed na Maorach - Talkpal","isPartOf":{"@id":"https:\/\/talkpal.ai\/ga\/#website"},"primaryImageOfPage":{"@id":"https:\/\/talkpal.ai\/ga\/cleachtai-gramadai-na-maorach\/#primaryimage"},"image":{"@id":"https:\/\/talkpal.ai\/ga\/cleachtai-gramadai-na-maorach\/#primaryimage"},"thumbnailUrl":"https:\/\/talkpal.ai\/wp-content\/uploads\/2023\/05\/Maori-new-zealand.png","datePublished":"2023-06-22T08:43:13+00:00","dateModified":"2025-12-17T14:34:25+00:00","description":"Feabhas a chur ar do chuid scileanna teanga le Cleachta\u00ed Gramada\u00ed Maori at\u00e1 deartha chun do thuiscint agus l\u00edofacht sa Mh\u00e1orach a threisi\u00fa.","breadcrumb":{"@id":"https:\/\/talkpal.ai\/ga\/cleachtai-gramadai-na-maorach\/#breadcrumb"},"inLanguage":"ga-IE","potentialAction":[{"@type":"ReadAction","target":["https:\/\/talkpal.ai\/ga\/cleachtai-gramadai-na-maorach\/"]}]},{"@type":"ImageObject","inLanguage":"ga-IE","@id":"https:\/\/talkpal.ai\/ga\/cleachtai-gramadai-na-maorach\/#primaryimage","url":"https:\/\/talkpal.ai\/wp-content\/uploads\/2023\/05\/Maori-new-zealand.png","contentUrl":"https:\/\/talkpal.ai\/wp-content\/uploads\/2023\/05\/Maori-new-zealand.png","width":512,"height":512,"caption":"TalkPal Maori Flag"},{"@type":"BreadcrumbList","@id":"https:\/\/talkpal.ai\/ga\/cleachtai-gramadai-na-maorach\/#breadcrumb","itemListElement":[{"@type":"ListItem","position":1,"name":"Homepage","item":"https:\/\/talkpal.ai\/ga\/"},{"@type":"ListItem","position":2,"name":"Cleachta\u00ed Gramada\u00ed na Maorach"}]},{"@type":"WebSite","@id":"https:\/\/talkpal.ai\/ga\/#website","url":"https:\/\/talkpal.ai\/ga\/","name":"Talkpal","description":"AI Language Learning","publisher":{"@id":"https:\/\/talkpal.ai\/ga\/#organization"},"alternateName":"Talkpal AI","potentialAction":[{"@type":"SearchAction","target":{"@type":"EntryPoint","urlTemplate":"https:\/\/talkpal.ai\/ga\/?s={search_term_string}"},"query-input":{"@type":"PropertyValueSpecification","valueRequired":true,"valueName":"search_term_string"}}],"inLanguage":"ga-IE"},{"@type":"Organization","@id":"https:\/\/talkpal.ai\/ga\/#organization","name":"Talkpal, Inc.","alternateName":"Talkpal AI","url":"https:\/\/talkpal.ai\/ga\/","logo":{"@type":"ImageObject","inLanguage":"ga-IE","@id":"https:\/\/talkpal.ai\/ga\/#\/schema\/logo\/image\/","url":"https:\/\/talkpal.ai\/wp-content\/uploads\/2024\/03\/Talkpal-Logo-Icon.png","contentUrl":"https:\/\/talkpal.ai\/wp-content\/uploads\/2024\/03\/Talkpal-Logo-Icon.png","width":2880,"height":2880,"caption":"Talkpal, Inc."},"image":{"@id":"https:\/\/talkpal.ai\/ga\/#\/schema\/logo\/image\/"},"sameAs":["https:\/\/www.facebook.com\/profile.php?id=100090733639311","https:\/\/x.com\/talkpalai","https:\/\/www.linkedin.com\/company\/talkpal\/","https:\/\/www.youtube.com\/@TalkPal\/","https:\/\/www.tiktok.com\/@talkpal","https:\/\/www.instagram.com\/talkpal_ai\/","https:\/\/www.crunchbase.com\/organization\/talkpal-9cde","https:\/\/www.g2.com\/products\/talkpal-for-business\/","https:\/\/www.trustpilot.com\/review\/talkpal.ai","https:\/\/www.capterra.com\/p\/10006800\/TalkPal\/"],"description":"Talkpal is a language learning web and mobile education app, powered by the latest AI technologies, that provides engaging experiences to its customers in many different languages to help them improve their language skills. Users can chat about unlimited amount of topics with the app and use other modes to practice their language learning.","email":"support@talkpal.ai","legalName":"Talkpal, Inc.","foundingDate":"2023-04-03","duns":"118989042","numberOfEmployees":{"@type":"QuantitativeValue","minValue":"11","maxValue":"50"},"publishingPrinciples":"https:\/\/talkpal.ai\/publishing-principles\/","actionableFeedbackPolicy":"https:\/\/talkpal.ai\/actionable-feedback-policy\/","correctionsPolicy":"https:\/\/talkpal.ai\/corrections-policy\/","ethicsPolicy":"https:\/\/talkpal.ai\/ethics-policy\/","diversityPolicy":"https:\/\/talkpal.ai\/diversity-policy\/","diversityStaffingReport":"https:\/\/talkpal.ai\/diversity-policy\/"}]}},"_links":{"self":[{"href":"https:\/\/talkpal.ai\/ga\/wp-json\/wp\/v2\/pages\/1447979","targetHints":{"allow":["GET"]}}],"collection":[{"href":"https:\/\/talkpal.ai\/ga\/wp-json\/wp\/v2\/pages"}],"about":[{"href":"https:\/\/talkpal.ai\/ga\/wp-json\/wp\/v2\/types\/page"}],"author":[{"embeddable":true,"href":"https:\/\/talkpal.ai\/ga\/wp-json\/wp\/v2\/users\/6"}],"replies":[{"embeddable":true,"href":"https:\/\/talkpal.ai\/ga\/wp-json\/wp\/v2\/comments?post=1447979"}],"version-history":[{"count":0,"href":"https:\/\/talkpal.ai\/ga\/wp-json\/wp\/v2\/pages\/1447979\/revisions"}],"wp:featuredmedia":[{"embeddable":true,"href":"https:\/\/talkpal.ai\/ga\/wp-json\/wp\/v2\/media\/1444131"}],"wp:attachment":[{"href":"https:\/\/talkpal.ai\/ga\/wp-json\/wp\/v2\/media?parent=1447979"}],"curies":[{"name":"wp","href":"https:\/\/api.w.org\/{rel}","templated":true}]}}