{"id":1447975,"date":"2023-06-27T08:51:37","date_gmt":"2023-06-27T08:51:37","guid":{"rendered":"https:\/\/talkpal.ai\/cleachtai-gramadai-peirsis\/"},"modified":"2025-12-17T15:26:02","modified_gmt":"2025-12-17T15:26:02","slug":"cleachtai-gramadai-peirsis","status":"publish","type":"page","link":"https:\/\/talkpal.ai\/ga\/cleachtai-gramadai-peirsis\/","title":{"rendered":"Cleachta\u00ed Gramada\u00ed Peirsis"},"content":{"rendered":"\r\n\r\n\r\n<section class=\"languageChallengeSection\">\r\n    <div class=\"languageInfoWrapper\">\r\n        \r\n        <h1>Cleachta\u00ed Gramada\u00ed Peirsis<\/h1>\r\n        <p>R\u00e9idh le do scileanna <a href=\"https:\/\/talkpal.ai\/learn-persian\/\">Peirsis<\/a> a threisi\u00fa? Is bealach iontach \u00e9 cleachta\u00ed gramada\u00ed chun strucht\u00far abairte, foirmeacha briathra, agus pr\u00edomhphatr\u00fain na teanga Peirsis a mh\u00e1istir. Tosaigh ag obair ar ghramadach Peirsis inniu agus f\u00e9ach ar do thuiscint agus do mhuin\u00edn ag f\u00e1s le gach cleachtadh <a href=\"https:\/\/talkpal.ai\/talkpal-new-years-discount\/\">nua<\/a>!<\/p>\r\n\r\n                            <a class=\"getStartedHidden\" href=\"https:\/\/app.talkpal.ai\/signup?lng=\">Tosaigh<\/a>\r\n        \r\n    <\/div>\r\n\r\n    <figure>\r\n    <img decoding=\"async\" width=\"768\" height=\"768\" src=\"https:\/\/talkpal.ai\/wp-content\/uploads\/2023\/06\/persian-768x768.png\" class=\"languageImage no-lazy\" alt=\"Language learning to comprehend global news\" fetchpriority=\"high\" sizes=\"(max-width: 768px) 150px, 768px\" srcset=\"https:\/\/talkpal.ai\/wp-content\/uploads\/2023\/06\/persian-768x768.png 768w, https:\/\/talkpal.ai\/wp-content\/uploads\/2023\/06\/persian-300x300.png 300w\" \/>\r\n    \r\n\r\n    <\/figure>\r\n\r\n            <a class=\"getStartedVisible\" href=\"https:\/\/app.talkpal.ai\/signup?lng=\">Tosaigh<\/a>\r\n    \r\n<\/section>\r\n\r\n\r\n<!-- <section class=\"grammarSection\">\r\n    <div class=\"grammarLinks\">\r\n            <\/div>\r\n<\/section> -->\r\n\r\n\r\n\r\n\r\n<section class=\"promotionalBanner\">\r\n    <p class=\"promotionalText\">An bealach is \u00e9ifeachta\u00ed le teanga a fhoghlaim<\/p>\r\n    <a class=\"promotionalLink\" href=\"https:\/\/app.talkpal.ai\/signup?lng=\">Bain triail as Talkpal saor in aisce<\/a>\r\n<\/section>\n<div class=\"wp-block-group pageContainerStyle\"><div class=\"wp-block-group__inner-container is-layout-constrained wp-block-group-is-layout-constrained\">\n<h2 class=\"wp-block-heading\" id=\"h-persian-grammar-topics\">Topaic\u00ed Gramada\u00ed Peirsis<\/h2>\n\n\n\n<p>Is f\u00e9idir le <a href=\"https:\/\/talkpal.ai\/ga\/foghlaim-peirsis\/\">foghlaim Peirsis<\/a>, ar a dtugtar Farsi freisin, a bheith ina thuras spreag\u00fail agus luachmhar, ag oscailt deiseanna nua chun cult\u00far agus stair shaibhir na hIar\u00e1ine agus r\u00e9igi\u00fain eile ina labhra\u00edtear Peirsis a thuiscint. Mar fhoghlaimeoir, t\u00e1 m\u00e1istreacht a fh\u00e1il ar ghn\u00e9ithe \u00e9ags\u00fala de ghramadach na Peirse riachtanach chun bun\u00fas l\u00e1idir a th\u00f3g\u00e1il sa teanga. Sa treoir seo, d\u00e9anfaimid ini\u00fachadh ar ghn\u00e9ithe \u00e9ags\u00fala de ghramadach na Peirsis, lena n-\u00e1ir\u00edtear aimsir\u00ed, briathra, ainmfhocail, ailt, agus eilimint\u00ed riachtanacha eile, chun cabhr\u00fa leat do phr\u00f3iseas foghlama a strucht\u00far\u00fa ar bhealach c\u00f3rasach agus \u00e9ifeachtach.<\/p>\n\n\n\n<h3 class=\"wp-block-heading\" id=\"h-1-nouns\">1. Ainmfhocail:<\/h3>\n\n\n\n<p>Tosaigh tr\u00ed bhun\u00fas na n-ainmfhocal Peirsis a fhoghlaim, lena n-\u00e1ir\u00edtear a n-inscne (t\u00e1 gach ainmfhocal Peirsis neodrach \u00f3 thaobh inscne de), foirmeacha uatha agus iolra, agus \u00fas\u00e1id &#8220;ezafe&#8221; chun seilbh agus caidrimh idir ainmfhocail a thaispe\u00e1int.<\/p>\n\n\n\n<h3 class=\"wp-block-heading\" id=\"h-2-pronouns-determiners\">2. Forainmneacha \/ Cinntitheoir\u00ed:<\/h3>\n\n\n\n<p>Nuair a bheidh t\u00fa eolach ar ainmfhocail, bog ar aghaidh go dt\u00ed forainmneacha agus cinnteoir\u00ed a fhoghlaim. Cabhr\u00f3idh s\u00e9 seo leat tuiscint a fh\u00e1il ar conas tagairt a dh\u00e9anamh do dhaoine agus do ruda\u00ed i bPeirsis agus l\u00e9irithe, sealbh\u00f3ir\u00ed agus cainn\u00edocht\u00f3ir\u00ed a \u00fas\u00e1id.<\/p>\n\n\n\n<h3 class=\"wp-block-heading\" id=\"h-3-adjectives\">3. Aidiachta\u00ed:<\/h3>\n\n\n\n<p>Foghlaim conas cur s\u00edos a dh\u00e9anamh ar ainmfhocail ag baint \u00fas\u00e1ide as aidiachta\u00ed, lena n-\u00e1ir\u00edtear a socr\u00fach\u00e1n in abairt agus conas a aonta\u00edonn siad leis na hainmfhocail a mhodhna\u00edonn siad.<\/p>\n\n\n\n<h3 class=\"wp-block-heading\" id=\"h-4-verbs\">4. Briathra:<\/h3>\n\n\n\n<p>Is iad briathra cn\u00e1mh droma aon teanga, agus n\u00ed haon eisceacht \u00e9 an Peirsis. Tosaigh le tuiscint a fh\u00e1il ar strucht\u00far briathar na Peirse agus ar an aimsir l\u00e1ithreach shimpl\u00ed, sula dt\u00e9ann t\u00fa ar aghaidh go dt\u00ed aimsir agus gi\u00famar eile.<\/p>\n\n\n\n<h3 class=\"wp-block-heading\" id=\"h-5-tense-comparison\">5. Compar\u00e1id Aimsire:<\/h3>\n\n\n\n<p>Tar \u00e9is bun\u00fasacha briathra agus an aimsir l\u00e1ithreach shimpl\u00ed a fhoghlaim, d\u00e9an compar\u00e1id idir aimsir \u00e9ags\u00fala agus d\u00e9an compar\u00e1id idir aimsir \u00e9ags\u00fala chun tuiscint a fh\u00e1il ar an gcaoi a n-\u00fas\u00e1idtear iad sa Pheirsis. Cuims\u00edonn s\u00e9 seo aimsir san am at\u00e1 caite, sa todhcha\u00ed agus aimsir choinn\u00edollach.<\/p>\n\n\n\n<h3 class=\"wp-block-heading\" id=\"h-6-progressive-and-perfect-progressive\">6. For\u00e1sach agus For\u00e1sach Foirfe:<\/h3>\n\n\n\n<p>Foghlaim na gn\u00e9ithe for\u00e1sacha agus foirfe for\u00e1sacha de bhriathra Peirsis chun gn\u00edomhartha lean\u00fanacha n\u00f3 cr\u00edochnaithe a <a href=\"https:\/\/talkpal.ai\/locations\/language-courses-in-chur\/\">chur<\/a> in i\u00fal.<\/p>\n\n\n\n<h3 class=\"wp-block-heading\" id=\"h-7-adverbs\">7. Adverbs:<\/h3>\n\n\n\n<p>T\u00e1 adverbs riachtanach chun nuance agus comhth\u00e9acs a chur le d&#8217;abairt\u00ed Peirsis. Foghlaim a socr\u00fach\u00e1n agus conas a mhodhna\u00edonn siad briathra, aidiachta\u00ed, agus aidiachta\u00ed eile.<\/p>\n\n\n\n<h3 class=\"wp-block-heading\" id=\"h-8-conditionals\">8. Coinn\u00edollacha:<\/h3>\n\n\n\n<p>Tuiscint a fh\u00e1il ar conas c\u00e1sanna agus iarmhairt\u00ed hipit\u00e9iseacha a chur in i\u00fal tr\u00ed abairt\u00ed coinn\u00edollacha Peirsis a fhoghlaim.<\/p>\n\n\n\n<h3 class=\"wp-block-heading\" id=\"h-9-prepositions\">9. Prepositions:<\/h3>\n\n\n\n<p>T\u00e1 r\u00e9amhfhocail riachtanach chun caidrimh idir focail agus fr\u00e1sa\u00ed in abairt a thaispe\u00e1int. Foghlaim na r\u00e9amhfhocail Peirsis is coitianta agus conas iad a \u00fas\u00e1id i gceart.<\/p>\n\n\n\n<h3 class=\"wp-block-heading\" id=\"h-10-sentences\">10. Abairt\u00ed:<\/h3>\n\n\n\n<p>Ar deireadh, d\u00e9an cleachtadh ar na heilimint\u00ed go l\u00e9ir de ghramadach na Peirse a chur le ch\u00e9ile tr\u00ed abairt\u00ed ioml\u00e1na a fhoirmi\u00fa. D\u00edrigh ar strucht\u00fair abairt\u00ed \u00e9ags\u00fala, lena n-\u00e1ir\u00edtear abairt\u00ed simpl\u00ed, cumaisc agus casta, chomh maith le ceisteanna agus r\u00e1itis riachtanacha.<\/p>\n\n\n\n<p>Tr\u00ed an seicheamh seo d&#8217;\u00e1bhair ghramada\u00ed Peirsis a fhoghlaim, t\u00f3gfaidh t\u00fa bun\u00fas l\u00e1idir sa teanga a ligfidh duit cumars\u00e1id \u00e9ifeachtach a dh\u00e9anamh agus \u00e1illeacht litr\u00edocht agus chult\u00far na Peirse a thuiscint.<\/p>\n<\/div><\/div>\n\r\n<section class=\"learnNavigationSection\">\r\n            \r\n        <a href=\"https:\/\/talkpal.ai\/ga\/foghlaim-peirsis\/\">\r\n            <div class=\"learnNavigationWrapper\">\r\n                <div class=\"learnNavigationContent\">\r\n                    <img decoding=\"async\" src=\"https:\/\/talkpal.ai\/wp-content\/uploads\/2024\/08\/Persian.jpg\" alt=\"Persian Flag\">\r\n                    <div>\r\n                        <h4>Maidir le Foghlaim Peirsis<\/h4>\r\n                        <p>Faigh amach gach rud faoi ghramadach na Peirse.<\/p>\r\n                    <\/div>\r\n                <\/div>\r\n            <\/div>\r\n        <\/a>\r\n\r\n        \r\n        <a href=\"https:\/\/talkpal.ai\/ga\/gramadach-na-peirse\/\">\r\n            <div class=\"learnNavigationWrapper\">\r\n                <div class=\"learnNavigationContent\">\r\n                    <img decoding=\"async\" src=\"https:\/\/talkpal.ai\/wp-content\/uploads\/2024\/08\/Persian.jpg\" alt=\"Persian Flag\">\r\n                    <div>\r\n                        <h4>Ceachtanna Gramada\u00ed Peirsis<\/h4>\r\n                        <p>Cleachtadh gramadach Peirsis.<\/p>\r\n                    <\/div>\r\n                <\/div>\r\n            <\/div>\r\n        <\/a>\r\n\r\n        \r\n        <a href=\"https:\/\/talkpal.ai\/vocabulary_language\/persian\/\">\r\n            <div class=\"learnNavigationWrapper\">\r\n                <div class=\"learnNavigationContent\">\r\n                    <img decoding=\"async\" src=\"https:\/\/talkpal.ai\/wp-content\/uploads\/2024\/08\/Persian.jpg\" alt=\"Persian Flag\">\r\n                    <div>\r\n                        <h4>St\u00f3r Focal Peirsis<\/h4>\r\n                        <p>Leathnaigh do st\u00f3r focal Peirsis.<\/p>\r\n                    <\/div>\r\n                <\/div>\r\n            <\/div>\r\n        <\/a>\r\n\r\n            <\/section>","protected":false},"excerpt":{"rendered":"<p>Topaic\u00ed Gramada\u00ed Peirsis Is f\u00e9idir le foghlaim Peirsis, ar a dtugtar Farsi freisin, a bheith ina thuras spreag\u00fail agus luachmhar, ag oscailt deiseanna nua chun cult\u00far agus stair shaibhir na hIar\u00e1ine agus r\u00e9igi\u00fain eile ina labhra\u00edtear Peirsis a thuiscint. Mar fhoghlaimeoir, t\u00e1 m\u00e1istreacht a fh\u00e1il ar ghn\u00e9ithe \u00e9ags\u00fala de ghramadach na Peirse riachtanach chun bun\u00fas [&hellip;]<\/p>\n","protected":false},"author":6,"featured_media":1444124,"parent":0,"menu_order":0,"comment_status":"closed","ping_status":"closed","template":"LearningContentPage.php","meta":{"_acf_changed":false,"footnotes":""},"class_list":["post-1447975","page","type-page","status-publish","has-post-thumbnail","hentry"],"acf":[],"yoast_head":"<!-- This site is optimized with the Yoast SEO Premium plugin v27.2 (Yoast SEO v27.2) - https:\/\/yoast.com\/product\/yoast-seo-premium-wordpress\/ -->\n<title>Cleachta\u00ed Gramada\u00ed Peirsis - Talkpal<\/title>\n<meta name=\"description\" content=\"M\u00e1istreacht Cleachta\u00ed Gramada\u00ed Peirsis chun do scileanna teanga a neart\u00fa agus cult\u00far na r\u00e9igi\u00fan ina labhra\u00edtear Peirsis a ini\u00fachadh.\" \/>\n<meta name=\"robots\" content=\"index, follow, max-snippet:-1, max-image-preview:large, max-video-preview:-1\" \/>\n<link rel=\"canonical\" href=\"https:\/\/talkpal.ai\/ga\/cleachtai-gramadai-peirsis\/\" \/>\n<meta property=\"og:locale\" content=\"ga_IE\" \/>\n<meta property=\"og:type\" content=\"article\" \/>\n<meta property=\"og:title\" content=\"Cleachta\u00ed Gramada\u00ed Peirsis\" \/>\n<meta property=\"og:description\" content=\"Topaic\u00ed Gramada\u00ed Peirsis Is f\u00e9idir le foghlaim Peirsis, ar a dtugtar Farsi freisin, a bheith ina thuras spreag\u00fail agus luachmhar, ag oscailt deiseanna nua\" \/>\n<meta property=\"og:url\" content=\"https:\/\/talkpal.ai\/ga\/cleachtai-gramadai-peirsis\/\" \/>\n<meta property=\"og:site_name\" content=\"Talkpal\" \/>\n<meta property=\"article:publisher\" content=\"https:\/\/www.facebook.com\/profile.php?id=100090733639311\" \/>\n<meta property=\"article:modified_time\" content=\"2025-12-17T15:26:02+00:00\" \/>\n<meta property=\"og:image\" content=\"https:\/\/talkpal.ai\/wp-content\/uploads\/2023\/05\/Persian-iran.png\" \/>\n\t<meta property=\"og:image:width\" content=\"512\" \/>\n\t<meta property=\"og:image:height\" content=\"512\" \/>\n\t<meta property=\"og:image:type\" content=\"image\/png\" \/>\n<meta name=\"twitter:card\" content=\"summary_large_image\" \/>\n<meta name=\"twitter:site\" content=\"@talkpalai\" \/>\n<meta name=\"twitter:label1\" content=\"Est. reading time\" \/>\n\t<meta name=\"twitter:data1\" content=\"3 minutes\" \/>\n<script type=\"application\/ld+json\" class=\"yoast-schema-graph\">{\"@context\":\"https:\/\/schema.org\",\"@graph\":[{\"@type\":\"WebPage\",\"@id\":\"https:\/\/talkpal.ai\/ga\/cleachtai-gramadai-peirsis\/\",\"url\":\"https:\/\/talkpal.ai\/ga\/cleachtai-gramadai-peirsis\/\",\"name\":\"Cleachta\u00ed Gramada\u00ed Peirsis - Talkpal\",\"isPartOf\":{\"@id\":\"https:\/\/talkpal.ai\/ga\/#website\"},\"primaryImageOfPage\":{\"@id\":\"https:\/\/talkpal.ai\/ga\/cleachtai-gramadai-peirsis\/#primaryimage\"},\"image\":{\"@id\":\"https:\/\/talkpal.ai\/ga\/cleachtai-gramadai-peirsis\/#primaryimage\"},\"thumbnailUrl\":\"https:\/\/talkpal.ai\/wp-content\/uploads\/2023\/05\/Persian-iran.png\",\"datePublished\":\"2023-06-27T08:51:37+00:00\",\"dateModified\":\"2025-12-17T15:26:02+00:00\",\"description\":\"M\u00e1istreacht Cleachta\u00ed Gramada\u00ed Peirsis chun do scileanna teanga a neart\u00fa agus cult\u00far na r\u00e9igi\u00fan ina labhra\u00edtear Peirsis a ini\u00fachadh.\",\"breadcrumb\":{\"@id\":\"https:\/\/talkpal.ai\/ga\/cleachtai-gramadai-peirsis\/#breadcrumb\"},\"inLanguage\":\"ga-IE\",\"potentialAction\":[{\"@type\":\"ReadAction\",\"target\":[\"https:\/\/talkpal.ai\/ga\/cleachtai-gramadai-peirsis\/\"]}]},{\"@type\":\"ImageObject\",\"inLanguage\":\"ga-IE\",\"@id\":\"https:\/\/talkpal.ai\/ga\/cleachtai-gramadai-peirsis\/#primaryimage\",\"url\":\"https:\/\/talkpal.ai\/wp-content\/uploads\/2023\/05\/Persian-iran.png\",\"contentUrl\":\"https:\/\/talkpal.ai\/wp-content\/uploads\/2023\/05\/Persian-iran.png\",\"width\":512,\"height\":512,\"caption\":\"TalkPal Persian - Iran Flag\"},{\"@type\":\"BreadcrumbList\",\"@id\":\"https:\/\/talkpal.ai\/ga\/cleachtai-gramadai-peirsis\/#breadcrumb\",\"itemListElement\":[{\"@type\":\"ListItem\",\"position\":1,\"name\":\"Homepage\",\"item\":\"https:\/\/talkpal.ai\/ga\/\"},{\"@type\":\"ListItem\",\"position\":2,\"name\":\"Cleachta\u00ed Gramada\u00ed Peirsis\"}]},{\"@type\":\"WebSite\",\"@id\":\"https:\/\/talkpal.ai\/ga\/#website\",\"url\":\"https:\/\/talkpal.ai\/ga\/\",\"name\":\"Talkpal\",\"description\":\"AI Language Learning\",\"publisher\":{\"@id\":\"https:\/\/talkpal.ai\/ga\/#organization\"},\"alternateName\":\"Talkpal AI\",\"potentialAction\":[{\"@type\":\"SearchAction\",\"target\":{\"@type\":\"EntryPoint\",\"urlTemplate\":\"https:\/\/talkpal.ai\/ga\/?s={search_term_string}\"},\"query-input\":{\"@type\":\"PropertyValueSpecification\",\"valueRequired\":true,\"valueName\":\"search_term_string\"}}],\"inLanguage\":\"ga-IE\"},{\"@type\":\"Organization\",\"@id\":\"https:\/\/talkpal.ai\/ga\/#organization\",\"name\":\"Talkpal, Inc.\",\"alternateName\":\"Talkpal AI\",\"url\":\"https:\/\/talkpal.ai\/ga\/\",\"logo\":{\"@type\":\"ImageObject\",\"inLanguage\":\"ga-IE\",\"@id\":\"https:\/\/talkpal.ai\/ga\/#\/schema\/logo\/image\/\",\"url\":\"https:\/\/talkpal.ai\/wp-content\/uploads\/2024\/03\/Talkpal-Logo-Icon.png\",\"contentUrl\":\"https:\/\/talkpal.ai\/wp-content\/uploads\/2024\/03\/Talkpal-Logo-Icon.png\",\"width\":2880,\"height\":2880,\"caption\":\"Talkpal, Inc.\"},\"image\":{\"@id\":\"https:\/\/talkpal.ai\/ga\/#\/schema\/logo\/image\/\"},\"sameAs\":[\"https:\/\/www.facebook.com\/profile.php?id=100090733639311\",\"https:\/\/x.com\/talkpalai\",\"https:\/\/www.linkedin.com\/company\/talkpal\/\",\"https:\/\/www.youtube.com\/@TalkPal\/\",\"https:\/\/www.tiktok.com\/@talkpal\",\"https:\/\/www.instagram.com\/talkpal_ai\/\",\"https:\/\/www.crunchbase.com\/organization\/talkpal-9cde\",\"https:\/\/www.g2.com\/products\/talkpal-for-business\/\",\"https:\/\/www.trustpilot.com\/review\/talkpal.ai\",\"https:\/\/www.capterra.com\/p\/10006800\/TalkPal\/\"],\"description\":\"Talkpal is a language learning web and mobile education app, powered by the latest AI technologies, that provides engaging experiences to its customers in many different languages to help them improve their language skills. Users can chat about unlimited amount of topics with the app and use other modes to practice their language learning.\",\"email\":\"support@talkpal.ai\",\"legalName\":\"Talkpal, Inc.\",\"foundingDate\":\"2023-04-03\",\"duns\":\"118989042\",\"numberOfEmployees\":{\"@type\":\"QuantitativeValue\",\"minValue\":\"11\",\"maxValue\":\"50\"},\"publishingPrinciples\":\"https:\/\/talkpal.ai\/publishing-principles\/\",\"actionableFeedbackPolicy\":\"https:\/\/talkpal.ai\/actionable-feedback-policy\/\",\"correctionsPolicy\":\"https:\/\/talkpal.ai\/corrections-policy\/\",\"ethicsPolicy\":\"https:\/\/talkpal.ai\/ethics-policy\/\",\"diversityPolicy\":\"https:\/\/talkpal.ai\/diversity-policy\/\",\"diversityStaffingReport\":\"https:\/\/talkpal.ai\/diversity-policy\/\"}]}<\/script>\n<!-- \/ Yoast SEO Premium plugin. -->","yoast_head_json":{"title":"Cleachta\u00ed Gramada\u00ed Peirsis - Talkpal","description":"M\u00e1istreacht Cleachta\u00ed Gramada\u00ed Peirsis chun do scileanna teanga a neart\u00fa agus cult\u00far na r\u00e9igi\u00fan ina labhra\u00edtear Peirsis a ini\u00fachadh.","robots":{"index":"index","follow":"follow","max-snippet":"max-snippet:-1","max-image-preview":"max-image-preview:large","max-video-preview":"max-video-preview:-1"},"canonical":"https:\/\/talkpal.ai\/ga\/cleachtai-gramadai-peirsis\/","og_locale":"ga_IE","og_type":"article","og_title":"Cleachta\u00ed Gramada\u00ed Peirsis","og_description":"Topaic\u00ed Gramada\u00ed Peirsis Is f\u00e9idir le foghlaim Peirsis, ar a dtugtar Farsi freisin, a bheith ina thuras spreag\u00fail agus luachmhar, ag oscailt deiseanna nua","og_url":"https:\/\/talkpal.ai\/ga\/cleachtai-gramadai-peirsis\/","og_site_name":"Talkpal","article_publisher":"https:\/\/www.facebook.com\/profile.php?id=100090733639311","article_modified_time":"2025-12-17T15:26:02+00:00","og_image":[{"width":512,"height":512,"url":"https:\/\/talkpal.ai\/wp-content\/uploads\/2023\/05\/Persian-iran.png","type":"image\/png"}],"twitter_card":"summary_large_image","twitter_site":"@talkpalai","twitter_misc":{"Est. reading time":"3 minutes"},"schema":{"@context":"https:\/\/schema.org","@graph":[{"@type":"WebPage","@id":"https:\/\/talkpal.ai\/ga\/cleachtai-gramadai-peirsis\/","url":"https:\/\/talkpal.ai\/ga\/cleachtai-gramadai-peirsis\/","name":"Cleachta\u00ed Gramada\u00ed Peirsis - Talkpal","isPartOf":{"@id":"https:\/\/talkpal.ai\/ga\/#website"},"primaryImageOfPage":{"@id":"https:\/\/talkpal.ai\/ga\/cleachtai-gramadai-peirsis\/#primaryimage"},"image":{"@id":"https:\/\/talkpal.ai\/ga\/cleachtai-gramadai-peirsis\/#primaryimage"},"thumbnailUrl":"https:\/\/talkpal.ai\/wp-content\/uploads\/2023\/05\/Persian-iran.png","datePublished":"2023-06-27T08:51:37+00:00","dateModified":"2025-12-17T15:26:02+00:00","description":"M\u00e1istreacht Cleachta\u00ed Gramada\u00ed Peirsis chun do scileanna teanga a neart\u00fa agus cult\u00far na r\u00e9igi\u00fan ina labhra\u00edtear Peirsis a ini\u00fachadh.","breadcrumb":{"@id":"https:\/\/talkpal.ai\/ga\/cleachtai-gramadai-peirsis\/#breadcrumb"},"inLanguage":"ga-IE","potentialAction":[{"@type":"ReadAction","target":["https:\/\/talkpal.ai\/ga\/cleachtai-gramadai-peirsis\/"]}]},{"@type":"ImageObject","inLanguage":"ga-IE","@id":"https:\/\/talkpal.ai\/ga\/cleachtai-gramadai-peirsis\/#primaryimage","url":"https:\/\/talkpal.ai\/wp-content\/uploads\/2023\/05\/Persian-iran.png","contentUrl":"https:\/\/talkpal.ai\/wp-content\/uploads\/2023\/05\/Persian-iran.png","width":512,"height":512,"caption":"TalkPal Persian - Iran Flag"},{"@type":"BreadcrumbList","@id":"https:\/\/talkpal.ai\/ga\/cleachtai-gramadai-peirsis\/#breadcrumb","itemListElement":[{"@type":"ListItem","position":1,"name":"Homepage","item":"https:\/\/talkpal.ai\/ga\/"},{"@type":"ListItem","position":2,"name":"Cleachta\u00ed Gramada\u00ed Peirsis"}]},{"@type":"WebSite","@id":"https:\/\/talkpal.ai\/ga\/#website","url":"https:\/\/talkpal.ai\/ga\/","name":"Talkpal","description":"AI Language Learning","publisher":{"@id":"https:\/\/talkpal.ai\/ga\/#organization"},"alternateName":"Talkpal AI","potentialAction":[{"@type":"SearchAction","target":{"@type":"EntryPoint","urlTemplate":"https:\/\/talkpal.ai\/ga\/?s={search_term_string}"},"query-input":{"@type":"PropertyValueSpecification","valueRequired":true,"valueName":"search_term_string"}}],"inLanguage":"ga-IE"},{"@type":"Organization","@id":"https:\/\/talkpal.ai\/ga\/#organization","name":"Talkpal, Inc.","alternateName":"Talkpal AI","url":"https:\/\/talkpal.ai\/ga\/","logo":{"@type":"ImageObject","inLanguage":"ga-IE","@id":"https:\/\/talkpal.ai\/ga\/#\/schema\/logo\/image\/","url":"https:\/\/talkpal.ai\/wp-content\/uploads\/2024\/03\/Talkpal-Logo-Icon.png","contentUrl":"https:\/\/talkpal.ai\/wp-content\/uploads\/2024\/03\/Talkpal-Logo-Icon.png","width":2880,"height":2880,"caption":"Talkpal, Inc."},"image":{"@id":"https:\/\/talkpal.ai\/ga\/#\/schema\/logo\/image\/"},"sameAs":["https:\/\/www.facebook.com\/profile.php?id=100090733639311","https:\/\/x.com\/talkpalai","https:\/\/www.linkedin.com\/company\/talkpal\/","https:\/\/www.youtube.com\/@TalkPal\/","https:\/\/www.tiktok.com\/@talkpal","https:\/\/www.instagram.com\/talkpal_ai\/","https:\/\/www.crunchbase.com\/organization\/talkpal-9cde","https:\/\/www.g2.com\/products\/talkpal-for-business\/","https:\/\/www.trustpilot.com\/review\/talkpal.ai","https:\/\/www.capterra.com\/p\/10006800\/TalkPal\/"],"description":"Talkpal is a language learning web and mobile education app, powered by the latest AI technologies, that provides engaging experiences to its customers in many different languages to help them improve their language skills. Users can chat about unlimited amount of topics with the app and use other modes to practice their language learning.","email":"support@talkpal.ai","legalName":"Talkpal, Inc.","foundingDate":"2023-04-03","duns":"118989042","numberOfEmployees":{"@type":"QuantitativeValue","minValue":"11","maxValue":"50"},"publishingPrinciples":"https:\/\/talkpal.ai\/publishing-principles\/","actionableFeedbackPolicy":"https:\/\/talkpal.ai\/actionable-feedback-policy\/","correctionsPolicy":"https:\/\/talkpal.ai\/corrections-policy\/","ethicsPolicy":"https:\/\/talkpal.ai\/ethics-policy\/","diversityPolicy":"https:\/\/talkpal.ai\/diversity-policy\/","diversityStaffingReport":"https:\/\/talkpal.ai\/diversity-policy\/"}]}},"_links":{"self":[{"href":"https:\/\/talkpal.ai\/ga\/wp-json\/wp\/v2\/pages\/1447975","targetHints":{"allow":["GET"]}}],"collection":[{"href":"https:\/\/talkpal.ai\/ga\/wp-json\/wp\/v2\/pages"}],"about":[{"href":"https:\/\/talkpal.ai\/ga\/wp-json\/wp\/v2\/types\/page"}],"author":[{"embeddable":true,"href":"https:\/\/talkpal.ai\/ga\/wp-json\/wp\/v2\/users\/6"}],"replies":[{"embeddable":true,"href":"https:\/\/talkpal.ai\/ga\/wp-json\/wp\/v2\/comments?post=1447975"}],"version-history":[{"count":0,"href":"https:\/\/talkpal.ai\/ga\/wp-json\/wp\/v2\/pages\/1447975\/revisions"}],"wp:featuredmedia":[{"embeddable":true,"href":"https:\/\/talkpal.ai\/ga\/wp-json\/wp\/v2\/media\/1444124"}],"wp:attachment":[{"href":"https:\/\/talkpal.ai\/ga\/wp-json\/wp\/v2\/media?parent=1447975"}],"curies":[{"name":"wp","href":"https:\/\/api.w.org\/{rel}","templated":true}]}}