{"id":1447971,"date":"2023-06-22T08:52:21","date_gmt":"2023-06-22T08:52:21","guid":{"rendered":"https:\/\/talkpal.ai\/cleachtai-gramadai-neipeal\/"},"modified":"2025-12-17T14:36:12","modified_gmt":"2025-12-17T14:36:12","slug":"cleachtai-gramadai-neipeal","status":"publish","type":"page","link":"https:\/\/talkpal.ai\/ga\/cleachtai-gramadai-neipeal\/","title":{"rendered":"Cleachta\u00ed Gramada\u00ed Neipeal"},"content":{"rendered":"\r\n\r\n\r\n<section class=\"languageChallengeSection\">\r\n    <div class=\"languageInfoWrapper\">\r\n        \r\n        <h1>Cleachta\u00ed Gramada\u00ed Neipeal<\/h1>\r\n        <p>Ag iarraidh a bheith n\u00edos muin\u00edneach i Neipeal? Is bealach iontach \u00e9 cleachta\u00ed gramada\u00ed a chleachtadh chun strucht\u00far abairte, foirmeacha briathra, agus patr\u00fain uath\u00fala na teanga a thuiscint. Tosaigh ag obair ar ghramadach Neipeal inniu agus f\u00e9ach ar do scileanna agus l\u00edofacht ag f\u00e1s le gach cleachtadh!<\/p>\r\n\r\n                            <a class=\"getStartedHidden\" href=\"https:\/\/app.talkpal.ai\/signup?lng=\">Tosaigh<\/a>\r\n        \r\n    <\/div>\r\n\r\n    <figure>\r\n    <img decoding=\"async\" width=\"768\" height=\"768\" src=\"https:\/\/talkpal.ai\/wp-content\/uploads\/2023\/06\/nepali-768x768.png\" class=\"languageImage no-lazy\" alt=\"Practical language learning for real-life application\" fetchpriority=\"high\" sizes=\"(max-width: 768px) 150px, 768px\" srcset=\"https:\/\/talkpal.ai\/wp-content\/uploads\/2023\/06\/nepali-768x768.png 768w, https:\/\/talkpal.ai\/wp-content\/uploads\/2023\/06\/nepali-300x300.png 300w\" \/>\r\n    \r\n\r\n    <\/figure>\r\n\r\n            <a class=\"getStartedVisible\" href=\"https:\/\/app.talkpal.ai\/signup?lng=\">Tosaigh<\/a>\r\n    \r\n<\/section>\r\n\r\n\r\n<!-- <section class=\"grammarSection\">\r\n    <div class=\"grammarLinks\">\r\n            <\/div>\r\n<\/section> -->\r\n\r\n\r\n\r\n\r\n<section class=\"promotionalBanner\">\r\n    <p class=\"promotionalText\">An bealach is \u00e9ifeachta\u00ed le teanga a fhoghlaim<\/p>\r\n    <a class=\"promotionalLink\" href=\"https:\/\/app.talkpal.ai\/signup?lng=\">Bain triail as Talkpal saor in aisce<\/a>\r\n<\/section>\n<div class=\"wp-block-group pageContainerStyle\"><div class=\"wp-block-group__inner-container is-layout-constrained wp-block-group-is-layout-constrained\">\n<h2 class=\"wp-block-heading\" id=\"h-nepali-grammar-topics\">Topaic\u00ed Gramada\u00ed Neipeal<\/h2>\n\n\n\n<p>Is f\u00e9idir le foghlaim na teanga <a href=\"https:\/\/talkpal.ai\/learn-nepali\/\">Nepali<\/a> a bheith ina eisp\u00e9ireas suimi\u00fail agus luachmhar d&#8217;aon duine ar sp\u00e9is leo tumadh isteach i gcult\u00far agus stair shaibhir Neipeal. Mar is amhlaidh le haon teanga, t\u00e1 m\u00e1istreacht ar ghramadach Neipeal r\u00edth\u00e1bhachtach do chumars\u00e1id \u00e9ifeachtach. Treor\u00f3idh an t-alt seo t\u00fa tr\u00ed na topaic\u00ed gramada\u00ed Neipeal, cnuasaithe i seicheamh a \u00e9asc\u00f3idh do thuras foghlama teanga. \u00d3 aimsir go strucht\u00fair abairte, tabharfaidh an treoir seo forbhreathn\u00fa duit ar choincheapa gramada\u00ed t\u00e1bhachtacha a leagfaidh bun\u00fas l\u00e1idir do do scileanna teanga Neipeal.<\/p>\n\n\n\n<h3 class=\"wp-block-heading\" id=\"h-1-tenses\">1. Aimsir:<\/h3>\n\n\n\n<p>T\u00e1 aimsir a thuiscint riachtanach i bhfoghlaim aon teanga, mar go gcuid\u00edonn siad le ham gn\u00edomha\u00edochta n\u00f3 imeachta. I Neipeal, t\u00e1 tr\u00ed phr\u00edomhaimsir ann: am at\u00e1 caite, l\u00e1ithreacht agus todhcha\u00ed. T\u00e1 a shraith f\u00e9in de rialacha comhchuingithe briathar ag gach aimsir, ar ch\u00f3ir duit dul i dtaith\u00ed orthu chun cur s\u00edos cruinn a dh\u00e9anamh ar ghn\u00edomhartha i bhfr\u00e1ma\u00ed <a href=\"https:\/\/talkpal.ai\/locations\/language-courses-in-ama\/\">ama<\/a> \u00e9ags\u00fala.<\/p>\n\n\n\n<h3 class=\"wp-block-heading\" id=\"h-2-tense-comparison\">2. Compar\u00e1id aimsire:<\/h3>\n\n\n\n<p>Is gn\u00e9 r\u00edth\u00e1bhachtach de mh\u00e1istir na teanga \u00e9 compar\u00e1id a dh\u00e9anamh idir aimsir\u00ed i Neipeal. Is \u00e9ard at\u00e1 i gceist leis seo n\u00e1 tuiscint a fh\u00e1il ar an gcaoi a mbaineann aimsir\u00ed \u00e9ags\u00fala lena ch\u00e9ile agus conas iad a \u00fas\u00e1id i gcomhar le haghaidh cumars\u00e1ide soil\u00e9ir. Cabhr\u00f3idh s\u00e9 seo leat mearbhall a sheachaint agus imeachta\u00ed a tharla\u00edonn san am at\u00e1 thart, san am i l\u00e1thair n\u00f3 sa todhcha\u00ed.<\/p>\n\n\n\n<h3 class=\"wp-block-heading\" id=\"h-3-progressive\">3. For\u00e1sach:<\/h3>\n\n\n\n<p>L\u00e9ir\u00edonn an ghn\u00e9 fhor\u00e1sach i ngramadach Neipeal gn\u00edomhartha lean\u00fanacha. T\u00e1 s\u00e9 t\u00e1bhachtach an fhoirm fhor\u00e1sach briathra a fhoghlaim chun gn\u00edomhartha at\u00e1 ag tarl\u00fa faoi l\u00e1thair n\u00f3 a bh\u00ed ag tarl\u00fa ag pointe \u00e1irithe ama a <a href=\"https:\/\/talkpal.ai\/locations\/language-courses-in-chur\/\">chur<\/a> in i\u00fal. Cabhr\u00f3idh s\u00e9 seo leat comhr\u00e1ite n\u00edos dinimici\u00fala agus tarraingt\u00ed a chruth\u00fa i Neipeal.<\/p>\n\n\n\n<h3 class=\"wp-block-heading\" id=\"h-4-perfect-progressive\">4. For\u00e1sach Foirfe:<\/h3>\n\n\n\n<p>Comhcheangla\u00edonn an aimsir seo coincheapa na n-aimsir\u00ed foirfe agus for\u00e1sacha. \u00das\u00e1idtear an aimsir fhor\u00e1sach foirfe chun cur s\u00edos a dh\u00e9anamh ar ghn\u00edomh a thosaigh san am at\u00e1 thart agus a lean suas go dt\u00ed pointe eile san am at\u00e1 thart. Cuirfidh m\u00e1istreacht ar an aimsir seo ar do chumas faisn\u00e9is mhionsonraithe a shol\u00e1thar faoi ghn\u00edomhartha san am at\u00e1 thart agus a r\u00e9.<\/p>\n\n\n\n<h3 class=\"wp-block-heading\" id=\"h-5-verbs\">5. Briathra:<\/h3>\n\n\n\n<p>Is iad briathra cn\u00e1mh droma aon teanga, agus n\u00ed haon eisceacht \u00e9 Neipeal. Chun Nepali a labhairt agus a thuiscint go h\u00e9ifeachtach, t\u00e1 s\u00e9 riachtanach na cine\u00e1lacha \u00e9ags\u00fala briathra, a gcomhchuingithe, agus an chaoi a bhfeidhm\u00edonn siad in abairt\u00ed a fhoghlaim.<\/p>\n\n\n\n<h3 class=\"wp-block-heading\" id=\"h-6-nouns\">6. Ainmfhocail:<\/h3>\n\n\n\n<p>T\u00e1 tuiscint l\u00e1idir ar ainmfhocail Neipeal riachtanach chun st\u00f3r focal l\u00e1idir a th\u00f3g\u00e1il. Cabhr\u00f3idh foghlaim faoi ainmfhocail choitianta agus d\u00edlse, chomh maith le hainmfhocail inchomhairte agus gan \u00e1ireamh, leat na codanna riachtanacha seo den chaint a aithint agus a \u00fas\u00e1id i gceart i do chomhr\u00e1ite.<\/p>\n\n\n\n<h3 class=\"wp-block-heading\" id=\"h-7-articles\">7. Airteagail:<\/h3>\n\n\n\n<p>I Neipeal, n\u00edl ailt chomh feice\u00e1lach agus at\u00e1 i mB\u00e9arla, ach t\u00e1 s\u00e9 riachtanach f\u00f3s a n-\u00fas\u00e1id a fhoghlaim. Cabhr\u00f3idh m\u00e1istreacht ar \u00fas\u00e1id alt leat ruda\u00ed, daoine agus coincheapa a aithint agus cur s\u00edos a dh\u00e9anamh orthu go cruinn i do chomhr\u00e1ite.<\/p>\n\n\n\n<h3 class=\"wp-block-heading\" id=\"h-8-pronouns-determiners\">8. Forainmneacha \/ Cinntitheoir\u00ed:<\/h3>\n\n\n\n<p>T\u00e1 s\u00e9 r\u00edth\u00e1bhachtach dul i dtaith\u00ed ar fhorainmneacha agus cinnteoir\u00ed Nepali le haghaidh cumars\u00e1ide soil\u00e9ir agus gonta. Cuid\u00edonn na codanna cainte seo le hainmfhocail a athshol\u00e1thar n\u00f3 a shonr\u00fa in abairt\u00ed, rud a fh\u00e1gann go bhfuil do chomhr\u00e1ite n\u00edos \u00e9ifeachta\u00ed agus n\u00edos n\u00e1d\u00fartha.<\/p>\n\n\n\n<h3 class=\"wp-block-heading\" id=\"h-9-adjectives\">9. Aidiachta\u00ed:<\/h3>\n\n\n\n<p>T\u00e1 aidiachta\u00ed riachtanach chun doimhneacht agus mionsonra\u00ed a chur le do chomhr\u00e1ite Neipeal. Tr\u00ed fhoghlaim conas aidiachta\u00ed a \u00fas\u00e1id i gceart, ligfidh t\u00fa duit cur s\u00edos cruinn a dh\u00e9anamh ar dhaoine, \u00e1iteanna agus ruda\u00ed, rud a fh\u00e1gfaidh go bhfuil do chuid cainte n\u00edos tarraingt\u00ed agus n\u00edos faisn\u00e9isea\u00ed.<\/p>\n\n\n\n<h3 class=\"wp-block-heading\" id=\"h-10-adverbs\">10. Adverbs<\/h3>\n\n\n\n<p>: I Neipeal, t\u00e1 r\u00f3l r\u00edth\u00e1bhachtach ag adverbs <a href=\"https:\/\/talkpal.ai\/ga\/maidir\/\">maidir<\/a> le briathra, aidiachta\u00ed n\u00f3 adverbs eile a mhodhn\u00fa. Cuirfidh tuiscint ar conas adverbs a \u00fas\u00e1id ar do chumas faisn\u00e9is bhreise a shol\u00e1thar faoi ghn\u00edomhartha, st\u00e1it n\u00f3 c\u00e1il\u00edochta\u00ed i do chomhr\u00e1ite.<\/p>\n\n\n\n<h3 class=\"wp-block-heading\" id=\"h-11-conditionals\">11. Coinn\u00edollacha:<\/h3>\n\n\n\n<p>Ligfidh m\u00e1istreacht a dh\u00e9anamh ar choinn\u00edollacha Nepal duit c\u00e1sanna hipit\u00e9iseacha agus a n-iarmhairt\u00ed a chur in i\u00fal. T\u00e1 s\u00e9 seo t\u00e1bhachtach chun d\u00edosp\u00f3ireachta\u00ed casta, nuanced a chruth\u00fa sa teanga.<\/p>\n\n\n\n<h3 class=\"wp-block-heading\" id=\"h-12-prepositions\">12. Prepositions:<\/h3>\n\n\n\n<p>T\u00e1 r\u00e9amhfhocail riachtanach chun caidrimh idir focail in abairt a l\u00e9iri\u00fa. Cuideoidh foghlaim an \u00fas\u00e1id cheart r\u00e9amhfhocail leat abairt\u00ed soil\u00e9ire agus comhlean\u00fanacha a chruth\u00fa i Neipeal.<\/p>\n\n\n\n<h3 class=\"wp-block-heading\" id=\"h-13-sentences\">13. Abairt\u00ed:<\/h3>\n\n\n\n<p>Ar deireadh, t\u00e1 s\u00e9 r\u00edth\u00e1bhachtach strucht\u00far agus cine\u00e1lacha abairt\u00ed Nepali a thuiscint do chumars\u00e1id \u00e9ifeachtach. Cuir eolas ort f\u00e9in le habairt\u00ed simpl\u00ed, cumaisc agus casta, agus foghlaim conas iad a th\u00f3g\u00e1il i gceart chun do chuid smaointe agus smaointe a chur in i\u00fal sa teanga.<\/p>\n<\/div><\/div>\n\r\n<section class=\"learnNavigationSection\">\r\n            \r\n        <a href=\"https:\/\/talkpal.ai\/ga\/foghlaim-neipeal\/\">\r\n            <div class=\"learnNavigationWrapper\">\r\n                <div class=\"learnNavigationContent\">\r\n                    <img decoding=\"async\" src=\"https:\/\/talkpal.ai\/wp-content\/uploads\/2024\/08\/Nepali.jpg\" alt=\"Nepali Flag\">\r\n                    <div>\r\n                        <h4>Maidir le Foghlaim Nepali<\/h4>\r\n                        <p>Faigh amach gach rud faoi ghramadach Neipeal.<\/p>\r\n                    <\/div>\r\n                <\/div>\r\n            <\/div>\r\n        <\/a>\r\n\r\n        \r\n        <a href=\"https:\/\/talkpal.ai\/ga\/gramadach-neipeal\/\">\r\n            <div class=\"learnNavigationWrapper\">\r\n                <div class=\"learnNavigationContent\">\r\n                    <img decoding=\"async\" src=\"https:\/\/talkpal.ai\/wp-content\/uploads\/2024\/08\/Nepali.jpg\" alt=\"Nepali Flag\">\r\n                    <div>\r\n                        <h4>Ceachtanna Gramada\u00ed Neipeal<\/h4>\r\n                        <p>Cleachtadh Gramadach Neipeal.<\/p>\r\n                    <\/div>\r\n                <\/div>\r\n            <\/div>\r\n        <\/a>\r\n\r\n        \r\n        <a href=\"https:\/\/talkpal.ai\/vocabulary_language\/nepali\/\">\r\n            <div class=\"learnNavigationWrapper\">\r\n                <div class=\"learnNavigationContent\">\r\n                    <img decoding=\"async\" src=\"https:\/\/talkpal.ai\/wp-content\/uploads\/2024\/08\/Nepali.jpg\" alt=\"Nepali Flag\">\r\n                    <div>\r\n                        <h4>St\u00f3r Focal Neipeal<\/h4>\r\n                        <p>Leathnaigh do st\u00f3r focal Neipeal.<\/p>\r\n                    <\/div>\r\n                <\/div>\r\n            <\/div>\r\n        <\/a>\r\n\r\n            <\/section>","protected":false},"excerpt":{"rendered":"<p>Topaic\u00ed Gramada\u00ed Neipeal Is f\u00e9idir le foghlaim na teanga Nepali a bheith ina eisp\u00e9ireas suimi\u00fail agus luachmhar d&#8217;aon duine ar sp\u00e9is leo tumadh isteach i gcult\u00far agus stair shaibhir Neipeal. Mar is amhlaidh le haon teanga, t\u00e1 m\u00e1istreacht ar ghramadach Neipeal r\u00edth\u00e1bhachtach do chumars\u00e1id \u00e9ifeachtach. Treor\u00f3idh an t-alt seo t\u00fa tr\u00ed na topaic\u00ed gramada\u00ed Neipeal, [&hellip;]<\/p>\n","protected":false},"author":6,"featured_media":1444142,"parent":0,"menu_order":0,"comment_status":"closed","ping_status":"closed","template":"LearningContentPage.php","meta":{"_acf_changed":false,"footnotes":""},"class_list":["post-1447971","page","type-page","status-publish","has-post-thumbnail","hentry"],"acf":[],"yoast_head":"<!-- This site is optimized with the Yoast SEO Premium plugin v27.2 (Yoast SEO v27.2) - https:\/\/yoast.com\/product\/yoast-seo-premium-wordpress\/ -->\n<title>Cleachta\u00ed Gramada\u00ed Neipeal - Talkpal<\/title>\n<meta name=\"description\" content=\"M\u00e1istir Cleachta\u00ed Gramada\u00ed Nepal le haghaidh cumars\u00e1ide \u00e9ifeachtach. D\u00e9an ini\u00fachadh ar aimsir\u00ed agus ar strucht\u00fair abairt\u00ed le haghaidh l\u00edofachta teanga.\" \/>\n<meta name=\"robots\" content=\"index, follow, max-snippet:-1, max-image-preview:large, max-video-preview:-1\" \/>\n<link rel=\"canonical\" href=\"https:\/\/talkpal.ai\/ga\/cleachtai-gramadai-neipeal\/\" \/>\n<meta property=\"og:locale\" content=\"ga_IE\" \/>\n<meta property=\"og:type\" content=\"article\" \/>\n<meta property=\"og:title\" content=\"Cleachta\u00ed Gramada\u00ed Neipeal\" \/>\n<meta property=\"og:description\" content=\"Topaic\u00ed Gramada\u00ed Neipeal Is f\u00e9idir le foghlaim na teanga Nepali a bheith ina eisp\u00e9ireas suimi\u00fail agus luachmhar d&#039;aon duine ar sp\u00e9is leo tumadh isteach i\" \/>\n<meta property=\"og:url\" content=\"https:\/\/talkpal.ai\/ga\/cleachtai-gramadai-neipeal\/\" \/>\n<meta property=\"og:site_name\" content=\"Talkpal\" \/>\n<meta property=\"article:publisher\" content=\"https:\/\/www.facebook.com\/profile.php?id=100090733639311\" \/>\n<meta property=\"article:modified_time\" content=\"2025-12-17T14:36:12+00:00\" \/>\n<meta property=\"og:image\" content=\"https:\/\/talkpal.ai\/wp-content\/uploads\/2023\/05\/nepal.png\" \/>\n\t<meta property=\"og:image:width\" content=\"512\" \/>\n\t<meta property=\"og:image:height\" content=\"512\" \/>\n\t<meta property=\"og:image:type\" content=\"image\/png\" \/>\n<meta name=\"twitter:card\" content=\"summary_large_image\" \/>\n<meta name=\"twitter:site\" content=\"@talkpalai\" \/>\n<meta name=\"twitter:label1\" content=\"Est. reading time\" \/>\n\t<meta name=\"twitter:data1\" content=\"4 minutes\" \/>\n<script type=\"application\/ld+json\" class=\"yoast-schema-graph\">{\"@context\":\"https:\/\/schema.org\",\"@graph\":[{\"@type\":\"WebPage\",\"@id\":\"https:\/\/talkpal.ai\/ga\/cleachtai-gramadai-neipeal\/\",\"url\":\"https:\/\/talkpal.ai\/ga\/cleachtai-gramadai-neipeal\/\",\"name\":\"Cleachta\u00ed Gramada\u00ed Neipeal - Talkpal\",\"isPartOf\":{\"@id\":\"https:\/\/talkpal.ai\/ga\/#website\"},\"primaryImageOfPage\":{\"@id\":\"https:\/\/talkpal.ai\/ga\/cleachtai-gramadai-neipeal\/#primaryimage\"},\"image\":{\"@id\":\"https:\/\/talkpal.ai\/ga\/cleachtai-gramadai-neipeal\/#primaryimage\"},\"thumbnailUrl\":\"https:\/\/talkpal.ai\/wp-content\/uploads\/2023\/05\/nepal.png\",\"datePublished\":\"2023-06-22T08:52:21+00:00\",\"dateModified\":\"2025-12-17T14:36:12+00:00\",\"description\":\"M\u00e1istir Cleachta\u00ed Gramada\u00ed Nepal le haghaidh cumars\u00e1ide \u00e9ifeachtach. D\u00e9an ini\u00fachadh ar aimsir\u00ed agus ar strucht\u00fair abairt\u00ed le haghaidh l\u00edofachta teanga.\",\"breadcrumb\":{\"@id\":\"https:\/\/talkpal.ai\/ga\/cleachtai-gramadai-neipeal\/#breadcrumb\"},\"inLanguage\":\"ga-IE\",\"potentialAction\":[{\"@type\":\"ReadAction\",\"target\":[\"https:\/\/talkpal.ai\/ga\/cleachtai-gramadai-neipeal\/\"]}]},{\"@type\":\"ImageObject\",\"inLanguage\":\"ga-IE\",\"@id\":\"https:\/\/talkpal.ai\/ga\/cleachtai-gramadai-neipeal\/#primaryimage\",\"url\":\"https:\/\/talkpal.ai\/wp-content\/uploads\/2023\/05\/nepal.png\",\"contentUrl\":\"https:\/\/talkpal.ai\/wp-content\/uploads\/2023\/05\/nepal.png\",\"width\":512,\"height\":512,\"caption\":\"TalkPal Nepal Flag\"},{\"@type\":\"BreadcrumbList\",\"@id\":\"https:\/\/talkpal.ai\/ga\/cleachtai-gramadai-neipeal\/#breadcrumb\",\"itemListElement\":[{\"@type\":\"ListItem\",\"position\":1,\"name\":\"Homepage\",\"item\":\"https:\/\/talkpal.ai\/ga\/\"},{\"@type\":\"ListItem\",\"position\":2,\"name\":\"Cleachta\u00ed Gramada\u00ed Neipeal\"}]},{\"@type\":\"WebSite\",\"@id\":\"https:\/\/talkpal.ai\/ga\/#website\",\"url\":\"https:\/\/talkpal.ai\/ga\/\",\"name\":\"Talkpal\",\"description\":\"AI Language Learning\",\"publisher\":{\"@id\":\"https:\/\/talkpal.ai\/ga\/#organization\"},\"alternateName\":\"Talkpal AI\",\"potentialAction\":[{\"@type\":\"SearchAction\",\"target\":{\"@type\":\"EntryPoint\",\"urlTemplate\":\"https:\/\/talkpal.ai\/ga\/?s={search_term_string}\"},\"query-input\":{\"@type\":\"PropertyValueSpecification\",\"valueRequired\":true,\"valueName\":\"search_term_string\"}}],\"inLanguage\":\"ga-IE\"},{\"@type\":\"Organization\",\"@id\":\"https:\/\/talkpal.ai\/ga\/#organization\",\"name\":\"Talkpal, Inc.\",\"alternateName\":\"Talkpal AI\",\"url\":\"https:\/\/talkpal.ai\/ga\/\",\"logo\":{\"@type\":\"ImageObject\",\"inLanguage\":\"ga-IE\",\"@id\":\"https:\/\/talkpal.ai\/ga\/#\/schema\/logo\/image\/\",\"url\":\"https:\/\/talkpal.ai\/wp-content\/uploads\/2024\/03\/Talkpal-Logo-Icon.png\",\"contentUrl\":\"https:\/\/talkpal.ai\/wp-content\/uploads\/2024\/03\/Talkpal-Logo-Icon.png\",\"width\":2880,\"height\":2880,\"caption\":\"Talkpal, Inc.\"},\"image\":{\"@id\":\"https:\/\/talkpal.ai\/ga\/#\/schema\/logo\/image\/\"},\"sameAs\":[\"https:\/\/www.facebook.com\/profile.php?id=100090733639311\",\"https:\/\/x.com\/talkpalai\",\"https:\/\/www.linkedin.com\/company\/talkpal\/\",\"https:\/\/www.youtube.com\/@TalkPal\/\",\"https:\/\/www.tiktok.com\/@talkpal\",\"https:\/\/www.instagram.com\/talkpal_ai\/\",\"https:\/\/www.crunchbase.com\/organization\/talkpal-9cde\",\"https:\/\/www.g2.com\/products\/talkpal-for-business\/\",\"https:\/\/www.trustpilot.com\/review\/talkpal.ai\",\"https:\/\/www.capterra.com\/p\/10006800\/TalkPal\/\"],\"description\":\"Talkpal is a language learning web and mobile education app, powered by the latest AI technologies, that provides engaging experiences to its customers in many different languages to help them improve their language skills. Users can chat about unlimited amount of topics with the app and use other modes to practice their language learning.\",\"email\":\"support@talkpal.ai\",\"legalName\":\"Talkpal, Inc.\",\"foundingDate\":\"2023-04-03\",\"duns\":\"118989042\",\"numberOfEmployees\":{\"@type\":\"QuantitativeValue\",\"minValue\":\"11\",\"maxValue\":\"50\"},\"publishingPrinciples\":\"https:\/\/talkpal.ai\/publishing-principles\/\",\"actionableFeedbackPolicy\":\"https:\/\/talkpal.ai\/actionable-feedback-policy\/\",\"correctionsPolicy\":\"https:\/\/talkpal.ai\/corrections-policy\/\",\"ethicsPolicy\":\"https:\/\/talkpal.ai\/ethics-policy\/\",\"diversityPolicy\":\"https:\/\/talkpal.ai\/diversity-policy\/\",\"diversityStaffingReport\":\"https:\/\/talkpal.ai\/diversity-policy\/\"}]}<\/script>\n<!-- \/ Yoast SEO Premium plugin. -->","yoast_head_json":{"title":"Cleachta\u00ed Gramada\u00ed Neipeal - Talkpal","description":"M\u00e1istir Cleachta\u00ed Gramada\u00ed Nepal le haghaidh cumars\u00e1ide \u00e9ifeachtach. D\u00e9an ini\u00fachadh ar aimsir\u00ed agus ar strucht\u00fair abairt\u00ed le haghaidh l\u00edofachta teanga.","robots":{"index":"index","follow":"follow","max-snippet":"max-snippet:-1","max-image-preview":"max-image-preview:large","max-video-preview":"max-video-preview:-1"},"canonical":"https:\/\/talkpal.ai\/ga\/cleachtai-gramadai-neipeal\/","og_locale":"ga_IE","og_type":"article","og_title":"Cleachta\u00ed Gramada\u00ed Neipeal","og_description":"Topaic\u00ed Gramada\u00ed Neipeal Is f\u00e9idir le foghlaim na teanga Nepali a bheith ina eisp\u00e9ireas suimi\u00fail agus luachmhar d'aon duine ar sp\u00e9is leo tumadh isteach i","og_url":"https:\/\/talkpal.ai\/ga\/cleachtai-gramadai-neipeal\/","og_site_name":"Talkpal","article_publisher":"https:\/\/www.facebook.com\/profile.php?id=100090733639311","article_modified_time":"2025-12-17T14:36:12+00:00","og_image":[{"width":512,"height":512,"url":"https:\/\/talkpal.ai\/wp-content\/uploads\/2023\/05\/nepal.png","type":"image\/png"}],"twitter_card":"summary_large_image","twitter_site":"@talkpalai","twitter_misc":{"Est. reading time":"4 minutes"},"schema":{"@context":"https:\/\/schema.org","@graph":[{"@type":"WebPage","@id":"https:\/\/talkpal.ai\/ga\/cleachtai-gramadai-neipeal\/","url":"https:\/\/talkpal.ai\/ga\/cleachtai-gramadai-neipeal\/","name":"Cleachta\u00ed Gramada\u00ed Neipeal - Talkpal","isPartOf":{"@id":"https:\/\/talkpal.ai\/ga\/#website"},"primaryImageOfPage":{"@id":"https:\/\/talkpal.ai\/ga\/cleachtai-gramadai-neipeal\/#primaryimage"},"image":{"@id":"https:\/\/talkpal.ai\/ga\/cleachtai-gramadai-neipeal\/#primaryimage"},"thumbnailUrl":"https:\/\/talkpal.ai\/wp-content\/uploads\/2023\/05\/nepal.png","datePublished":"2023-06-22T08:52:21+00:00","dateModified":"2025-12-17T14:36:12+00:00","description":"M\u00e1istir Cleachta\u00ed Gramada\u00ed Nepal le haghaidh cumars\u00e1ide \u00e9ifeachtach. D\u00e9an ini\u00fachadh ar aimsir\u00ed agus ar strucht\u00fair abairt\u00ed le haghaidh l\u00edofachta teanga.","breadcrumb":{"@id":"https:\/\/talkpal.ai\/ga\/cleachtai-gramadai-neipeal\/#breadcrumb"},"inLanguage":"ga-IE","potentialAction":[{"@type":"ReadAction","target":["https:\/\/talkpal.ai\/ga\/cleachtai-gramadai-neipeal\/"]}]},{"@type":"ImageObject","inLanguage":"ga-IE","@id":"https:\/\/talkpal.ai\/ga\/cleachtai-gramadai-neipeal\/#primaryimage","url":"https:\/\/talkpal.ai\/wp-content\/uploads\/2023\/05\/nepal.png","contentUrl":"https:\/\/talkpal.ai\/wp-content\/uploads\/2023\/05\/nepal.png","width":512,"height":512,"caption":"TalkPal Nepal Flag"},{"@type":"BreadcrumbList","@id":"https:\/\/talkpal.ai\/ga\/cleachtai-gramadai-neipeal\/#breadcrumb","itemListElement":[{"@type":"ListItem","position":1,"name":"Homepage","item":"https:\/\/talkpal.ai\/ga\/"},{"@type":"ListItem","position":2,"name":"Cleachta\u00ed Gramada\u00ed Neipeal"}]},{"@type":"WebSite","@id":"https:\/\/talkpal.ai\/ga\/#website","url":"https:\/\/talkpal.ai\/ga\/","name":"Talkpal","description":"AI Language Learning","publisher":{"@id":"https:\/\/talkpal.ai\/ga\/#organization"},"alternateName":"Talkpal AI","potentialAction":[{"@type":"SearchAction","target":{"@type":"EntryPoint","urlTemplate":"https:\/\/talkpal.ai\/ga\/?s={search_term_string}"},"query-input":{"@type":"PropertyValueSpecification","valueRequired":true,"valueName":"search_term_string"}}],"inLanguage":"ga-IE"},{"@type":"Organization","@id":"https:\/\/talkpal.ai\/ga\/#organization","name":"Talkpal, Inc.","alternateName":"Talkpal AI","url":"https:\/\/talkpal.ai\/ga\/","logo":{"@type":"ImageObject","inLanguage":"ga-IE","@id":"https:\/\/talkpal.ai\/ga\/#\/schema\/logo\/image\/","url":"https:\/\/talkpal.ai\/wp-content\/uploads\/2024\/03\/Talkpal-Logo-Icon.png","contentUrl":"https:\/\/talkpal.ai\/wp-content\/uploads\/2024\/03\/Talkpal-Logo-Icon.png","width":2880,"height":2880,"caption":"Talkpal, Inc."},"image":{"@id":"https:\/\/talkpal.ai\/ga\/#\/schema\/logo\/image\/"},"sameAs":["https:\/\/www.facebook.com\/profile.php?id=100090733639311","https:\/\/x.com\/talkpalai","https:\/\/www.linkedin.com\/company\/talkpal\/","https:\/\/www.youtube.com\/@TalkPal\/","https:\/\/www.tiktok.com\/@talkpal","https:\/\/www.instagram.com\/talkpal_ai\/","https:\/\/www.crunchbase.com\/organization\/talkpal-9cde","https:\/\/www.g2.com\/products\/talkpal-for-business\/","https:\/\/www.trustpilot.com\/review\/talkpal.ai","https:\/\/www.capterra.com\/p\/10006800\/TalkPal\/"],"description":"Talkpal is a language learning web and mobile education app, powered by the latest AI technologies, that provides engaging experiences to its customers in many different languages to help them improve their language skills. Users can chat about unlimited amount of topics with the app and use other modes to practice their language learning.","email":"support@talkpal.ai","legalName":"Talkpal, Inc.","foundingDate":"2023-04-03","duns":"118989042","numberOfEmployees":{"@type":"QuantitativeValue","minValue":"11","maxValue":"50"},"publishingPrinciples":"https:\/\/talkpal.ai\/publishing-principles\/","actionableFeedbackPolicy":"https:\/\/talkpal.ai\/actionable-feedback-policy\/","correctionsPolicy":"https:\/\/talkpal.ai\/corrections-policy\/","ethicsPolicy":"https:\/\/talkpal.ai\/ethics-policy\/","diversityPolicy":"https:\/\/talkpal.ai\/diversity-policy\/","diversityStaffingReport":"https:\/\/talkpal.ai\/diversity-policy\/"}]}},"_links":{"self":[{"href":"https:\/\/talkpal.ai\/ga\/wp-json\/wp\/v2\/pages\/1447971","targetHints":{"allow":["GET"]}}],"collection":[{"href":"https:\/\/talkpal.ai\/ga\/wp-json\/wp\/v2\/pages"}],"about":[{"href":"https:\/\/talkpal.ai\/ga\/wp-json\/wp\/v2\/types\/page"}],"author":[{"embeddable":true,"href":"https:\/\/talkpal.ai\/ga\/wp-json\/wp\/v2\/users\/6"}],"replies":[{"embeddable":true,"href":"https:\/\/talkpal.ai\/ga\/wp-json\/wp\/v2\/comments?post=1447971"}],"version-history":[{"count":0,"href":"https:\/\/talkpal.ai\/ga\/wp-json\/wp\/v2\/pages\/1447971\/revisions"}],"wp:featuredmedia":[{"embeddable":true,"href":"https:\/\/talkpal.ai\/ga\/wp-json\/wp\/v2\/media\/1444142"}],"wp:attachment":[{"href":"https:\/\/talkpal.ai\/ga\/wp-json\/wp\/v2\/media?parent=1447971"}],"curies":[{"name":"wp","href":"https:\/\/api.w.org\/{rel}","templated":true}]}}