{"id":1447967,"date":"2023-06-27T09:07:34","date_gmt":"2023-06-27T09:07:34","guid":{"rendered":"https:\/\/talkpal.ai\/cleachtai-gramadai-na-polainnise\/"},"modified":"2025-12-17T09:54:40","modified_gmt":"2025-12-17T09:54:40","slug":"cleachtai-gramadai-na-polainnise","status":"publish","type":"page","link":"https:\/\/talkpal.ai\/ga\/cleachtai-gramadai-na-polainnise\/","title":{"rendered":"Cleachta\u00ed Gramada\u00ed na Polainnise"},"content":{"rendered":"\r\n\r\n\r\n<section class=\"languageChallengeSection\">\r\n    <div class=\"languageInfoWrapper\">\r\n        \r\n        <h1>Cleachta\u00ed Gramada\u00ed na Polainnise<\/h1>\r\n        <p>R\u00e9idh le do scileanna Polainnise a gh\u00e9ar\u00fa? Is bealach iontach \u00e9 cleachta\u00ed gramada\u00ed a chleachtadh chun strucht\u00far abairte, conjugations briathra, agus patr\u00fain uath\u00fala na Polainnise a mh\u00e1istir. Tosaigh ag obair ar ghramadach na Polainne inniu agus f\u00e9ach conas a fheabhsa\u00edonn do mhuin\u00edn agus do l\u00edofacht le gach cleachtadh!\n\n<\/p>\r\n\r\n                            <a class=\"getStartedHidden\" href=\"https:\/\/app.talkpal.ai\/signup?lng=\">Tosaigh<\/a>\r\n        \r\n    <\/div>\r\n\r\n    <figure>\r\n    <img decoding=\"async\" width=\"768\" height=\"768\" src=\"https:\/\/talkpal.ai\/wp-content\/uploads\/2023\/06\/polish-768x768.png\" class=\"languageImage no-lazy\" alt=\"Practical tips on language learning techniques\" fetchpriority=\"high\" sizes=\"(max-width: 768px) 150px, 768px\" srcset=\"https:\/\/talkpal.ai\/wp-content\/uploads\/2023\/06\/polish-768x768.png 768w, https:\/\/talkpal.ai\/wp-content\/uploads\/2023\/06\/polish-300x300.png 300w\" \/>\r\n    \r\n\r\n    <\/figure>\r\n\r\n            <a class=\"getStartedVisible\" href=\"https:\/\/app.talkpal.ai\/signup?lng=\">Tosaigh<\/a>\r\n    \r\n<\/section>\r\n\r\n\r\n<!-- <section class=\"grammarSection\">\r\n    <div class=\"grammarLinks\">\r\n            <\/div>\r\n<\/section> -->\r\n\r\n\r\n\r\n\r\n<section class=\"promotionalBanner\">\r\n    <p class=\"promotionalText\">An bealach is \u00e9ifeachta\u00ed le teanga a fhoghlaim<\/p>\r\n    <a class=\"promotionalLink\" href=\"https:\/\/app.talkpal.ai\/signup?lng=\">Bain triail as Talkpal saor in aisce<\/a>\r\n<\/section>\n<div class=\"wp-block-group pageContainerStyle\"><div class=\"wp-block-group__inner-container is-layout-constrained wp-block-group-is-layout-constrained\">\n<h2 class=\"wp-block-heading\" id=\"h-polish-grammar-topics\">Topaic\u00ed Gramada\u00ed na Polainne<\/h2>\n\n\n\n<p>Is \u00ed an Pholainnis, teanga dh\u00fachais na Slava\u00ed Thiar, teanga dh\u00fachais na Polainne agus \u00e1 labhairt ag na milli\u00fain daoine ar fud an domhain. Leis an gc\u00f3ras gramada\u00ed casta agus a fhuaimni\u00fa uath\u00fail, is f\u00e9idir le foghlaim na Polainnise a bheith d\u00fashl\u00e1nach go leor, ach luachmhar freisin. Chun tuiscint agus m\u00e1istreacht mhaith a bhaint amach ar an teanga, t\u00e1 s\u00e9 riachtanach a rialacha gramada\u00ed a fhoghlaim i seicheamh strucht\u00fartha agus loighci\u00fail. Sa treoir seo, d\u00e9anfaimid ini\u00fachadh ar na pr\u00edomh\u00e1bhair ghramada\u00ed sa Pholainnis, mar shampla aimsir, briathra, ainmfhocail, ailt, forainmneacha, aidiachta\u00ed, adverbs, coinn\u00edollacha, r\u00e9amhfhocail, agus strucht\u00fair abairte. Tr\u00edd an seicheamh seo a lean\u00faint, beidh t\u00fa in ann do chuid scileanna Polainnise a th\u00f3g\u00e1il de r\u00e9ir a ch\u00e9ile agus cumars\u00e1id \u00e9ifeachtach a dh\u00e9anamh.<\/p>\n\n\n\n<h3 class=\"wp-block-heading\" id=\"h-1-nouns\">1. Ainmfhocail:<\/h3>\n\n\n\n<p>Sa Pholainnis, roinntear ainmfhocail i dtr\u00ed inscne: firinscneach, baininscneach, agus neuter. T\u00e1 seacht gc\u00e1s acu freisin: nominative, genitive, dative, accusative, instrumental, locative, and vocative. T\u00e1 s\u00e9 r\u00edth\u00e1bhachtach an c\u00f3ras inscne agus c\u00e1is a fhoghlaim chun strucht\u00fair abairt\u00ed a thuiscint agus foirmeacha cearta eilimint\u00ed gramada\u00ed eile a \u00fas\u00e1id, mar shampla aidiachta\u00ed agus forainmneacha.<\/p>\n\n\n\n<h3 class=\"wp-block-heading\" id=\"h-2-pronouns-determiners\">2. Forainmneacha \/ Cinntitheoir\u00ed:<\/h3>\n\n\n\n<p>Aonta\u00edonn forainmneacha agus cinnteoir\u00ed Polainnise le hainmfhocail in inscne, uimhir, agus c\u00e1s. Cuims\u00edonn siad forainmneacha pearsanta, sealbhacha, l\u00e9iritheacha, ceisti\u00fach\u00e1in agus coibhneasta. Cuid\u00edonn m\u00e1istreacht ar \u00fas\u00e1id forainmneacha agus cinnteoir\u00ed le habairt\u00ed n\u00edos casta a th\u00f3g\u00e1il agus caidrimh \u00e9ags\u00fala idir focail a <a href=\"https:\/\/talkpal.ai\/locations\/language-courses-in-chur\/\">chur<\/a> in i\u00fal.<\/p>\n\n\n\n<h3 class=\"wp-block-heading\" id=\"h-3-adjectives\">3. Aidiachta\u00ed:<\/h3>\n\n\n\n<p>Aonta\u00edonn aidiachta\u00ed sa Pholainnis le hainmfhocail in inscne, uimhir, agus c\u00e1s. T\u00e1 foirmeacha \u00e9ags\u00fala acu bunaithe ar na facht\u00f3ir\u00ed seo, mar sin t\u00e1 s\u00e9 riachtanach na patr\u00fain d\u00edochlaithe d&#8217;aidiachta\u00ed a fhoghlaim chun fr\u00e1sa\u00ed tuairisci\u00fala a \u00fas\u00e1id agus a thuiscint i gceart.<\/p>\n\n\n\n<h3 class=\"wp-block-heading\" id=\"h-4-verbs\">4. Briathra:<\/h3>\n\n\n\n<p>Is \u00e9ard at\u00e1 i gc\u00f3ras briathar na Polainne n\u00e1 tr\u00ed aimsir: am at\u00e1 caite, i l\u00e1thair agus sa todhcha\u00ed. T\u00e1 foirmeacha \u00e9ags\u00fala ag briathra freisin bunaithe ar ghn\u00e9 (foirfe n\u00f3 neamhfhoirfe) agus patr\u00fain chomhchuingithe. T\u00e1 foghlaim na bunghn\u00e9ithe de chomhchuingi\u00fa briathar agus gn\u00e9 bun\u00fasach chun gn\u00edomhartha, imeachta\u00ed agus st\u00e1it a chur in i\u00fal i bhfr\u00e1ma\u00ed <a href=\"https:\/\/talkpal.ai\/locations\/language-courses-in-ama\/\">ama<\/a> \u00e9ags\u00fala.<\/p>\n\n\n\n<h3 class=\"wp-block-heading\" id=\"h-5-tense-comparison\">5. Compar\u00e1id Aimsire:<\/h3>\n\n\n\n<p>Ligeann tuiscint a fh\u00e1il ar na difr\u00edochta\u00ed agus na cos\u00falachta\u00ed idir na tr\u00ed aimsir sa Pholainnis caidrimh ama a chur in i\u00fal go cruinn. \u00c1ir\u00edtear leis seo foirmi\u00fa agus \u00fas\u00e1id foirmeacha for\u00e1sacha simpl\u00ed, for\u00e1sacha agus foirfe.<\/p>\n\n\n\n<h3 class=\"wp-block-heading\" id=\"h-6-adverbs\">6. Adverbs:<\/h3>\n\n\n\n<p>Sol\u00e1thra\u00edonn adverbs sa Pholainnis faisn\u00e9is bhreise faoi bhriathra, aidiachta\u00ed, n\u00f3 aidiachta\u00ed eile. De ghn\u00e1th n\u00ed athra\u00edonn siad a bhfoirm, rud a fh\u00e1gann go bhfuil siad r\u00e9as\u00fanta \u00e9asca le foghlaim. M\u00e1 t\u00e1 a fhios agat conas adverbs a \u00fas\u00e1id i gceart, feabhsa\u00edonn s\u00e9 l\u00e9iri\u00fa do theanga.<\/p>\n\n\n\n<h3 class=\"wp-block-heading\" id=\"h-7-prepositions\">7. Prepositions:<\/h3>\n\n\n\n<p>Riala\u00edonn r\u00e9amhfhocail na Polainne c\u00e1sanna sonracha agus l\u00e9ir\u00edonn siad caidrimh idir focail in abairt. T\u00e1 s\u00e9 r\u00edth\u00e1bhachtach \u00fas\u00e1id cheart r\u00e9amhfhocail agus na gc\u00e1sanna comhfhreagracha a fhoghlaim chun abairt\u00ed n\u00edos casta a th\u00f3g\u00e1il agus caidrimh \u00e9ags\u00fala idir focail a chur in i\u00fal.<\/p>\n\n\n\n<h3 class=\"wp-block-heading\" id=\"h-8-conditionals\">8. Coinn\u00edollacha:<\/h3>\n\n\n\n<p>L\u00e9ir\u00edonn abairt\u00ed coinn\u00edollacha sa Pholainnis c\u00e1sanna hipit\u00e9iseacha agus a n-iarmhairt\u00ed. De ghn\u00e1th b\u00edonn dh\u00e1 chl\u00e1sal iontu: an coinn\u00edoll (if-clause) agus an toradh (pr\u00edomhchl\u00e1sal). Ligeann foghlaim foirmi\u00fa agus \u00fas\u00e1id coinn\u00edollacha duit c\u00e1sanna hipit\u00e9iseacha agus a n-iarmhairt\u00ed a chur in i\u00fal go cruinn.<\/p>\n\n\n\n<h3 class=\"wp-block-heading\" id=\"h-9-sentences\">9. Abairt\u00ed:<\/h3>\n\n\n\n<p>Chun cumars\u00e1id \u00e9ifeachtach a dh\u00e9anamh i bPolainnis, t\u00e1 s\u00e9 riachtanach na strucht\u00fair bhun\u00fasacha abairt\u00ed a thuiscint, lena n-\u00e1ir\u00edtear abairt\u00ed dearbhaitheacha, ceisti\u00fala, imperative, agus exclamatory. Cuid\u00edonn m\u00e1istreacht strucht\u00fair abairt\u00ed le smaointe a chur in i\u00fal, ceisteanna a chur, orduithe a thabhairt, agus moth\u00fach\u00e1in a chur in i\u00fal i bPolainnis.<\/p>\n<\/div><\/div>\n\r\n<section class=\"learnNavigationSection\">\r\n            \r\n        <a href=\"https:\/\/talkpal.ai\/ga\/foghlaim-polainnis\/\">\r\n            <div class=\"learnNavigationWrapper\">\r\n                <div class=\"learnNavigationContent\">\r\n                    <img decoding=\"async\" src=\"https:\/\/talkpal.ai\/wp-content\/uploads\/2024\/08\/Polish.jpg\" alt=\"Polish Flag\">\r\n                    <div>\r\n                        <h4>Maidir le Foghlaim na Polainne<\/h4>\r\n                        <p>Faigh amach gach rud faoi ghramadach na Polainne.<\/p>\r\n                    <\/div>\r\n                <\/div>\r\n            <\/div>\r\n        <\/a>\r\n\r\n        \r\n        <a href=\"https:\/\/talkpal.ai\/ga\/gramadach-na-polainne\/\">\r\n            <div class=\"learnNavigationWrapper\">\r\n                <div class=\"learnNavigationContent\">\r\n                    <img decoding=\"async\" src=\"https:\/\/talkpal.ai\/wp-content\/uploads\/2024\/08\/Polish.jpg\" alt=\"Polish Flag\">\r\n                    <div>\r\n                        <h4>Ceachtanna Gramada\u00ed Polainnise<\/h4>\r\n                        <p>Cleachtadh gramadach na Polainne.<\/p>\r\n                    <\/div>\r\n                <\/div>\r\n            <\/div>\r\n        <\/a>\r\n\r\n        \r\n        <a href=\"https:\/\/talkpal.ai\/vocabulary_language\/polish\/\">\r\n            <div class=\"learnNavigationWrapper\">\r\n                <div class=\"learnNavigationContent\">\r\n                    <img decoding=\"async\" src=\"https:\/\/talkpal.ai\/wp-content\/uploads\/2024\/08\/Polish.jpg\" alt=\"Polish Flag\">\r\n                    <div>\r\n                        <h4>St\u00f3r focal na Polainne<\/h4>\r\n                        <p>Leathnaigh do st\u00f3r focal Polainnis.<\/p>\r\n                    <\/div>\r\n                <\/div>\r\n            <\/div>\r\n        <\/a>\r\n\r\n            <\/section>","protected":false},"excerpt":{"rendered":"<p>Topaic\u00ed Gramada\u00ed na Polainne Is \u00ed an Pholainnis, teanga dh\u00fachais na Slava\u00ed Thiar, teanga dh\u00fachais na Polainne agus \u00e1 labhairt ag na milli\u00fain daoine ar fud an domhain. Leis an gc\u00f3ras gramada\u00ed casta agus a fhuaimni\u00fa uath\u00fail, is f\u00e9idir le foghlaim na Polainnise a bheith d\u00fashl\u00e1nach go leor, ach luachmhar freisin. Chun tuiscint agus m\u00e1istreacht [&hellip;]<\/p>\n","protected":false},"author":6,"featured_media":1444130,"parent":0,"menu_order":0,"comment_status":"closed","ping_status":"closed","template":"LearningContentPage.php","meta":{"_acf_changed":false,"footnotes":""},"class_list":["post-1447967","page","type-page","status-publish","has-post-thumbnail","hentry"],"acf":[],"yoast_head":"<!-- This site is optimized with the Yoast SEO Premium plugin v27.2 (Yoast SEO v27.2) - https:\/\/yoast.com\/product\/yoast-seo-premium-wordpress\/ -->\n<title>Cleachta\u00ed Gramada\u00ed na Polainnise - Talkpal<\/title>\n<meta name=\"description\" content=\"M\u00e1istir gramadach na Polainne le cleachta\u00ed idirghn\u00edomhacha at\u00e1 deartha do gach leibh\u00e9al. D\u00e9an do chuid scileanna teanga a chleachtadh agus a fheabhs\u00fa!\" \/>\n<meta name=\"robots\" content=\"index, follow, max-snippet:-1, max-image-preview:large, max-video-preview:-1\" \/>\n<link rel=\"canonical\" href=\"https:\/\/talkpal.ai\/ga\/cleachtai-gramadai-na-polainnise\/\" \/>\n<meta property=\"og:locale\" content=\"ga_IE\" \/>\n<meta property=\"og:type\" content=\"article\" \/>\n<meta property=\"og:title\" content=\"Cleachta\u00ed Gramada\u00ed na Polainnise\" \/>\n<meta property=\"og:description\" content=\"Topaic\u00ed Gramada\u00ed na Polainne Is \u00ed an Pholainnis, teanga dh\u00fachais na Slava\u00ed Thiar, teanga dh\u00fachais na Polainne agus \u00e1 labhairt ag na milli\u00fain daoine ar fud\" \/>\n<meta property=\"og:url\" content=\"https:\/\/talkpal.ai\/ga\/cleachtai-gramadai-na-polainnise\/\" \/>\n<meta property=\"og:site_name\" content=\"Talkpal\" \/>\n<meta property=\"article:publisher\" content=\"https:\/\/www.facebook.com\/profile.php?id=100090733639311\" \/>\n<meta property=\"article:modified_time\" content=\"2025-12-17T09:54:40+00:00\" \/>\n<meta property=\"og:image\" content=\"https:\/\/talkpal.ai\/wp-content\/uploads\/2023\/05\/poland.png\" \/>\n\t<meta property=\"og:image:width\" content=\"512\" \/>\n\t<meta property=\"og:image:height\" content=\"512\" \/>\n\t<meta property=\"og:image:type\" content=\"image\/png\" \/>\n<meta name=\"twitter:card\" content=\"summary_large_image\" \/>\n<meta name=\"twitter:site\" content=\"@talkpalai\" \/>\n<meta name=\"twitter:label1\" content=\"Est. reading time\" \/>\n\t<meta name=\"twitter:data1\" content=\"3 minutes\" \/>\n<script type=\"application\/ld+json\" class=\"yoast-schema-graph\">{\"@context\":\"https:\/\/schema.org\",\"@graph\":[{\"@type\":\"WebPage\",\"@id\":\"https:\/\/talkpal.ai\/ga\/cleachtai-gramadai-na-polainnise\/\",\"url\":\"https:\/\/talkpal.ai\/ga\/cleachtai-gramadai-na-polainnise\/\",\"name\":\"Cleachta\u00ed Gramada\u00ed na Polainnise - Talkpal\",\"isPartOf\":{\"@id\":\"https:\/\/talkpal.ai\/ga\/#website\"},\"primaryImageOfPage\":{\"@id\":\"https:\/\/talkpal.ai\/ga\/cleachtai-gramadai-na-polainnise\/#primaryimage\"},\"image\":{\"@id\":\"https:\/\/talkpal.ai\/ga\/cleachtai-gramadai-na-polainnise\/#primaryimage\"},\"thumbnailUrl\":\"https:\/\/talkpal.ai\/wp-content\/uploads\/2023\/05\/poland.png\",\"datePublished\":\"2023-06-27T09:07:34+00:00\",\"dateModified\":\"2025-12-17T09:54:40+00:00\",\"description\":\"M\u00e1istir gramadach na Polainne le cleachta\u00ed idirghn\u00edomhacha at\u00e1 deartha do gach leibh\u00e9al. D\u00e9an do chuid scileanna teanga a chleachtadh agus a fheabhs\u00fa!\",\"breadcrumb\":{\"@id\":\"https:\/\/talkpal.ai\/ga\/cleachtai-gramadai-na-polainnise\/#breadcrumb\"},\"inLanguage\":\"ga-IE\",\"potentialAction\":[{\"@type\":\"ReadAction\",\"target\":[\"https:\/\/talkpal.ai\/ga\/cleachtai-gramadai-na-polainnise\/\"]}]},{\"@type\":\"ImageObject\",\"inLanguage\":\"ga-IE\",\"@id\":\"https:\/\/talkpal.ai\/ga\/cleachtai-gramadai-na-polainnise\/#primaryimage\",\"url\":\"https:\/\/talkpal.ai\/wp-content\/uploads\/2023\/05\/poland.png\",\"contentUrl\":\"https:\/\/talkpal.ai\/wp-content\/uploads\/2023\/05\/poland.png\",\"width\":512,\"height\":512,\"caption\":\"TalkPal Poland Flag\"},{\"@type\":\"BreadcrumbList\",\"@id\":\"https:\/\/talkpal.ai\/ga\/cleachtai-gramadai-na-polainnise\/#breadcrumb\",\"itemListElement\":[{\"@type\":\"ListItem\",\"position\":1,\"name\":\"Homepage\",\"item\":\"https:\/\/talkpal.ai\/ga\/\"},{\"@type\":\"ListItem\",\"position\":2,\"name\":\"Cleachta\u00ed Gramada\u00ed na Polainnise\"}]},{\"@type\":\"WebSite\",\"@id\":\"https:\/\/talkpal.ai\/ga\/#website\",\"url\":\"https:\/\/talkpal.ai\/ga\/\",\"name\":\"Talkpal\",\"description\":\"AI Language Learning\",\"publisher\":{\"@id\":\"https:\/\/talkpal.ai\/ga\/#organization\"},\"alternateName\":\"Talkpal AI\",\"potentialAction\":[{\"@type\":\"SearchAction\",\"target\":{\"@type\":\"EntryPoint\",\"urlTemplate\":\"https:\/\/talkpal.ai\/ga\/?s={search_term_string}\"},\"query-input\":{\"@type\":\"PropertyValueSpecification\",\"valueRequired\":true,\"valueName\":\"search_term_string\"}}],\"inLanguage\":\"ga-IE\"},{\"@type\":\"Organization\",\"@id\":\"https:\/\/talkpal.ai\/ga\/#organization\",\"name\":\"Talkpal, Inc.\",\"alternateName\":\"Talkpal AI\",\"url\":\"https:\/\/talkpal.ai\/ga\/\",\"logo\":{\"@type\":\"ImageObject\",\"inLanguage\":\"ga-IE\",\"@id\":\"https:\/\/talkpal.ai\/ga\/#\/schema\/logo\/image\/\",\"url\":\"https:\/\/talkpal.ai\/wp-content\/uploads\/2024\/03\/Talkpal-Logo-Icon.png\",\"contentUrl\":\"https:\/\/talkpal.ai\/wp-content\/uploads\/2024\/03\/Talkpal-Logo-Icon.png\",\"width\":2880,\"height\":2880,\"caption\":\"Talkpal, Inc.\"},\"image\":{\"@id\":\"https:\/\/talkpal.ai\/ga\/#\/schema\/logo\/image\/\"},\"sameAs\":[\"https:\/\/www.facebook.com\/profile.php?id=100090733639311\",\"https:\/\/x.com\/talkpalai\",\"https:\/\/www.linkedin.com\/company\/talkpal\/\",\"https:\/\/www.youtube.com\/@TalkPal\/\",\"https:\/\/www.tiktok.com\/@talkpal\",\"https:\/\/www.instagram.com\/talkpal_ai\/\",\"https:\/\/www.crunchbase.com\/organization\/talkpal-9cde\",\"https:\/\/www.g2.com\/products\/talkpal-for-business\/\",\"https:\/\/www.trustpilot.com\/review\/talkpal.ai\",\"https:\/\/www.capterra.com\/p\/10006800\/TalkPal\/\"],\"description\":\"Talkpal is a language learning web and mobile education app, powered by the latest AI technologies, that provides engaging experiences to its customers in many different languages to help them improve their language skills. Users can chat about unlimited amount of topics with the app and use other modes to practice their language learning.\",\"email\":\"support@talkpal.ai\",\"legalName\":\"Talkpal, Inc.\",\"foundingDate\":\"2023-04-03\",\"duns\":\"118989042\",\"numberOfEmployees\":{\"@type\":\"QuantitativeValue\",\"minValue\":\"11\",\"maxValue\":\"50\"},\"publishingPrinciples\":\"https:\/\/talkpal.ai\/publishing-principles\/\",\"actionableFeedbackPolicy\":\"https:\/\/talkpal.ai\/actionable-feedback-policy\/\",\"correctionsPolicy\":\"https:\/\/talkpal.ai\/corrections-policy\/\",\"ethicsPolicy\":\"https:\/\/talkpal.ai\/ethics-policy\/\",\"diversityPolicy\":\"https:\/\/talkpal.ai\/diversity-policy\/\",\"diversityStaffingReport\":\"https:\/\/talkpal.ai\/diversity-policy\/\"}]}<\/script>\n<!-- \/ Yoast SEO Premium plugin. -->","yoast_head_json":{"title":"Cleachta\u00ed Gramada\u00ed na Polainnise - Talkpal","description":"M\u00e1istir gramadach na Polainne le cleachta\u00ed idirghn\u00edomhacha at\u00e1 deartha do gach leibh\u00e9al. D\u00e9an do chuid scileanna teanga a chleachtadh agus a fheabhs\u00fa!","robots":{"index":"index","follow":"follow","max-snippet":"max-snippet:-1","max-image-preview":"max-image-preview:large","max-video-preview":"max-video-preview:-1"},"canonical":"https:\/\/talkpal.ai\/ga\/cleachtai-gramadai-na-polainnise\/","og_locale":"ga_IE","og_type":"article","og_title":"Cleachta\u00ed Gramada\u00ed na Polainnise","og_description":"Topaic\u00ed Gramada\u00ed na Polainne Is \u00ed an Pholainnis, teanga dh\u00fachais na Slava\u00ed Thiar, teanga dh\u00fachais na Polainne agus \u00e1 labhairt ag na milli\u00fain daoine ar fud","og_url":"https:\/\/talkpal.ai\/ga\/cleachtai-gramadai-na-polainnise\/","og_site_name":"Talkpal","article_publisher":"https:\/\/www.facebook.com\/profile.php?id=100090733639311","article_modified_time":"2025-12-17T09:54:40+00:00","og_image":[{"width":512,"height":512,"url":"https:\/\/talkpal.ai\/wp-content\/uploads\/2023\/05\/poland.png","type":"image\/png"}],"twitter_card":"summary_large_image","twitter_site":"@talkpalai","twitter_misc":{"Est. reading time":"3 minutes"},"schema":{"@context":"https:\/\/schema.org","@graph":[{"@type":"WebPage","@id":"https:\/\/talkpal.ai\/ga\/cleachtai-gramadai-na-polainnise\/","url":"https:\/\/talkpal.ai\/ga\/cleachtai-gramadai-na-polainnise\/","name":"Cleachta\u00ed Gramada\u00ed na Polainnise - Talkpal","isPartOf":{"@id":"https:\/\/talkpal.ai\/ga\/#website"},"primaryImageOfPage":{"@id":"https:\/\/talkpal.ai\/ga\/cleachtai-gramadai-na-polainnise\/#primaryimage"},"image":{"@id":"https:\/\/talkpal.ai\/ga\/cleachtai-gramadai-na-polainnise\/#primaryimage"},"thumbnailUrl":"https:\/\/talkpal.ai\/wp-content\/uploads\/2023\/05\/poland.png","datePublished":"2023-06-27T09:07:34+00:00","dateModified":"2025-12-17T09:54:40+00:00","description":"M\u00e1istir gramadach na Polainne le cleachta\u00ed idirghn\u00edomhacha at\u00e1 deartha do gach leibh\u00e9al. D\u00e9an do chuid scileanna teanga a chleachtadh agus a fheabhs\u00fa!","breadcrumb":{"@id":"https:\/\/talkpal.ai\/ga\/cleachtai-gramadai-na-polainnise\/#breadcrumb"},"inLanguage":"ga-IE","potentialAction":[{"@type":"ReadAction","target":["https:\/\/talkpal.ai\/ga\/cleachtai-gramadai-na-polainnise\/"]}]},{"@type":"ImageObject","inLanguage":"ga-IE","@id":"https:\/\/talkpal.ai\/ga\/cleachtai-gramadai-na-polainnise\/#primaryimage","url":"https:\/\/talkpal.ai\/wp-content\/uploads\/2023\/05\/poland.png","contentUrl":"https:\/\/talkpal.ai\/wp-content\/uploads\/2023\/05\/poland.png","width":512,"height":512,"caption":"TalkPal Poland Flag"},{"@type":"BreadcrumbList","@id":"https:\/\/talkpal.ai\/ga\/cleachtai-gramadai-na-polainnise\/#breadcrumb","itemListElement":[{"@type":"ListItem","position":1,"name":"Homepage","item":"https:\/\/talkpal.ai\/ga\/"},{"@type":"ListItem","position":2,"name":"Cleachta\u00ed Gramada\u00ed na Polainnise"}]},{"@type":"WebSite","@id":"https:\/\/talkpal.ai\/ga\/#website","url":"https:\/\/talkpal.ai\/ga\/","name":"Talkpal","description":"AI Language Learning","publisher":{"@id":"https:\/\/talkpal.ai\/ga\/#organization"},"alternateName":"Talkpal AI","potentialAction":[{"@type":"SearchAction","target":{"@type":"EntryPoint","urlTemplate":"https:\/\/talkpal.ai\/ga\/?s={search_term_string}"},"query-input":{"@type":"PropertyValueSpecification","valueRequired":true,"valueName":"search_term_string"}}],"inLanguage":"ga-IE"},{"@type":"Organization","@id":"https:\/\/talkpal.ai\/ga\/#organization","name":"Talkpal, Inc.","alternateName":"Talkpal AI","url":"https:\/\/talkpal.ai\/ga\/","logo":{"@type":"ImageObject","inLanguage":"ga-IE","@id":"https:\/\/talkpal.ai\/ga\/#\/schema\/logo\/image\/","url":"https:\/\/talkpal.ai\/wp-content\/uploads\/2024\/03\/Talkpal-Logo-Icon.png","contentUrl":"https:\/\/talkpal.ai\/wp-content\/uploads\/2024\/03\/Talkpal-Logo-Icon.png","width":2880,"height":2880,"caption":"Talkpal, Inc."},"image":{"@id":"https:\/\/talkpal.ai\/ga\/#\/schema\/logo\/image\/"},"sameAs":["https:\/\/www.facebook.com\/profile.php?id=100090733639311","https:\/\/x.com\/talkpalai","https:\/\/www.linkedin.com\/company\/talkpal\/","https:\/\/www.youtube.com\/@TalkPal\/","https:\/\/www.tiktok.com\/@talkpal","https:\/\/www.instagram.com\/talkpal_ai\/","https:\/\/www.crunchbase.com\/organization\/talkpal-9cde","https:\/\/www.g2.com\/products\/talkpal-for-business\/","https:\/\/www.trustpilot.com\/review\/talkpal.ai","https:\/\/www.capterra.com\/p\/10006800\/TalkPal\/"],"description":"Talkpal is a language learning web and mobile education app, powered by the latest AI technologies, that provides engaging experiences to its customers in many different languages to help them improve their language skills. Users can chat about unlimited amount of topics with the app and use other modes to practice their language learning.","email":"support@talkpal.ai","legalName":"Talkpal, Inc.","foundingDate":"2023-04-03","duns":"118989042","numberOfEmployees":{"@type":"QuantitativeValue","minValue":"11","maxValue":"50"},"publishingPrinciples":"https:\/\/talkpal.ai\/publishing-principles\/","actionableFeedbackPolicy":"https:\/\/talkpal.ai\/actionable-feedback-policy\/","correctionsPolicy":"https:\/\/talkpal.ai\/corrections-policy\/","ethicsPolicy":"https:\/\/talkpal.ai\/ethics-policy\/","diversityPolicy":"https:\/\/talkpal.ai\/diversity-policy\/","diversityStaffingReport":"https:\/\/talkpal.ai\/diversity-policy\/"}]}},"_links":{"self":[{"href":"https:\/\/talkpal.ai\/ga\/wp-json\/wp\/v2\/pages\/1447967","targetHints":{"allow":["GET"]}}],"collection":[{"href":"https:\/\/talkpal.ai\/ga\/wp-json\/wp\/v2\/pages"}],"about":[{"href":"https:\/\/talkpal.ai\/ga\/wp-json\/wp\/v2\/types\/page"}],"author":[{"embeddable":true,"href":"https:\/\/talkpal.ai\/ga\/wp-json\/wp\/v2\/users\/6"}],"replies":[{"embeddable":true,"href":"https:\/\/talkpal.ai\/ga\/wp-json\/wp\/v2\/comments?post=1447967"}],"version-history":[{"count":0,"href":"https:\/\/talkpal.ai\/ga\/wp-json\/wp\/v2\/pages\/1447967\/revisions"}],"wp:featuredmedia":[{"embeddable":true,"href":"https:\/\/talkpal.ai\/ga\/wp-json\/wp\/v2\/media\/1444130"}],"wp:attachment":[{"href":"https:\/\/talkpal.ai\/ga\/wp-json\/wp\/v2\/media?parent=1447967"}],"curies":[{"name":"wp","href":"https:\/\/api.w.org\/{rel}","templated":true}]}}