{"id":1447962,"date":"2023-06-27T08:41:59","date_gmt":"2023-06-27T08:41:59","guid":{"rendered":"https:\/\/talkpal.ai\/cleachtai-gramadai-na-hiorua\/"},"modified":"2025-12-17T14:38:34","modified_gmt":"2025-12-17T14:38:34","slug":"cleachtai-gramadai-na-hiorua","status":"publish","type":"page","link":"https:\/\/talkpal.ai\/ga\/cleachtai-gramadai-na-hiorua\/","title":{"rendered":"Cleachta\u00ed Gramada\u00ed na hIorua"},"content":{"rendered":"\r\n\r\n\r\n<section class=\"languageChallengeSection\">\r\n    <div class=\"languageInfoWrapper\">\r\n        \r\n        <h1>Cleachta\u00ed Gramada\u00ed na hIorua<\/h1>\r\n        <p>Ar mhaith leat a bheith n\u00edos muin\u00edneach san <a href=\"https:\/\/talkpal.ai\/learn-norwegian\/\">Ioruais<\/a>? Is bealach iontach \u00e9 cleachta\u00ed gramada\u00ed a chleachtadh chun m\u00e1istreacht a dh\u00e9anamh ar strucht\u00far abairte, foirmeacha briathra, agus patr\u00fain uath\u00fala teanga na hIorua. Tosaigh ag obair ar ghramadach na hIorua inniu agus f\u00e9ach ar do scileanna agus l\u00edofacht ag f\u00e1s le gach cleachtadh!\n\n<\/p>\r\n\r\n                            <a class=\"getStartedHidden\" href=\"https:\/\/app.talkpal.ai\/signup?lng=\">Tosaigh<\/a>\r\n        \r\n    <\/div>\r\n\r\n    <figure>\r\n    <img decoding=\"async\" width=\"768\" height=\"768\" src=\"https:\/\/talkpal.ai\/wp-content\/uploads\/2023\/06\/norwegian-768x768.png\" class=\"languageImage no-lazy\" alt=\"Language learning for extensive vocabulary\" fetchpriority=\"high\" sizes=\"(max-width: 768px) 150px, 768px\" srcset=\"https:\/\/talkpal.ai\/wp-content\/uploads\/2023\/06\/norwegian-768x768.png 768w, https:\/\/talkpal.ai\/wp-content\/uploads\/2023\/06\/norwegian-300x300.png 300w\" \/>\r\n    \r\n\r\n    <\/figure>\r\n\r\n            <a class=\"getStartedVisible\" href=\"https:\/\/app.talkpal.ai\/signup?lng=\">Tosaigh<\/a>\r\n    \r\n<\/section>\r\n\r\n\r\n<!-- <section class=\"grammarSection\">\r\n    <div class=\"grammarLinks\">\r\n            <\/div>\r\n<\/section> -->\r\n\r\n\r\n\r\n\r\n<section class=\"promotionalBanner\">\r\n    <p class=\"promotionalText\">An bealach is \u00e9ifeachta\u00ed le teanga a fhoghlaim<\/p>\r\n    <a class=\"promotionalLink\" href=\"https:\/\/app.talkpal.ai\/signup?lng=\">Bain triail as Talkpal saor in aisce<\/a>\r\n<\/section>\n<div class=\"wp-block-group pageContainerStyle\"><div class=\"wp-block-group__inner-container is-layout-constrained wp-block-group-is-layout-constrained\">\n<h2 class=\"wp-block-heading\" id=\"h-norwegian-grammar-topics\">Topaic\u00ed Gramada\u00ed na hIorua<\/h2>\n\n\n\n<p>Is f\u00e9idir le foghlaim na hIoruais a bheith ina eisp\u00e9ireas spreag\u00fail agus luachmhar, mar oscla\u00edonn s\u00e9 doirse do stair chult\u00fartha saibhir, t\u00edrdhreacha iontacha, agus sl\u00ed mhaireacht\u00e1la uath\u00fail san Iorua. Mar theanga Ghearm\u00e1nach Thuaidh, t\u00e1 go leor cos\u00falachta\u00ed idir an Ioruais agus na teangacha comharsanacha, an tSualainnis agus an <a href=\"https:\/\/talkpal.ai\/learn-danish\/\">Danmhairgis<\/a>. Mar sin f\u00e9in, t\u00e1 a ghramadach, a fhuaimni\u00fa agus a st\u00f3r focal f\u00e9in br\u00f3d\u00fail as. Chun dul i ngleic leis an teanga \u00e1lainn seo, t\u00e1 s\u00e9 riachtanach <a href=\"https:\/\/talkpal.ai\/grammar\/\">gramadach<\/a> na hIorua agus a comhph\u00e1irteanna \u00e9ags\u00fala a thuiscint. Sa treoir seo, d\u00e9anfaimid ini\u00fachadh ar na pr\u00edomhghn\u00e9ithe de ghramadach na hIorua, lena n-\u00e1ir\u00edtear aimsir, briathra, ainmfhocail, ailt, forainmneacha, aidiachta\u00ed, adverbs, coinn\u00edollacha, r\u00e9amhfhocail agus abairt\u00ed, chun cabhr\u00fa leat bun\u00fas l\u00e1idir a th\u00f3g\u00e1il do do thuras foghlama teanga.<\/p>\n\n\n\n<h3 class=\"wp-block-heading\" id=\"h-1-tenses\">1. Aimsir:<\/h3>\n\n\n\n<p>Mar phointe tosaigh, d\u00edrigh ar aimsir na hIorua a thuiscint. T\u00e1 tr\u00ed phr\u00edomhaimsir ag an Ioruais: an l\u00e1 at\u00e1 inniu ann, an t-am at\u00e1 caite, agus an todhcha\u00ed, at\u00e1 r\u00edth\u00e1bhachtach chun gn\u00edomhartha agus imeachta\u00ed a <a href=\"https:\/\/talkpal.ai\/locations\/language-courses-in-chur\/\">chur<\/a> in i\u00fal ag point\u00ed \u00e9ags\u00fala <a href=\"https:\/\/talkpal.ai\/locations\/language-courses-in-ama\/\">ama<\/a>. Cuir eolas ort f\u00e9in ar an mbealach a nd\u00e9antar briathra a chomhcheangal agus conas a athra\u00edonn siad in aimsir \u00e9ags\u00fala.<\/p>\n\n\n\n<h3 class=\"wp-block-heading\" id=\"h-2-tense-comparison\">2. Compar\u00e1id aimsire:<\/h3>\n\n\n\n<p>Nuair a bheidh tuiscint agat ar na aimsir\u00ed bun\u00fasacha, d\u00e9an ini\u00fachadh ar an gcaoi a gcuireann siad i gcompar\u00e1id lena ch\u00e9ile. Cabhr\u00f3idh s\u00e9 seo leat nuances br\u00ed a thuiscint agus feabhas a chur ar do scileanna tuisceana agus cumars\u00e1ide.<\/p>\n\n\n\n<h3 class=\"wp-block-heading\" id=\"h-3-verbs\">3. Briathra:<\/h3>\n\n\n\n<p>T\u00e1 briathra na hIorua r\u00edth\u00e1bhachtach chun abairt\u00ed a th\u00f3g\u00e1il agus br\u00ed a chur in i\u00fal. Foghlaim faoi na cine\u00e1lacha \u00e9ags\u00fala briathra agus conas a idirghn\u00edomha\u00edonn siad le h\u00e1bhair agus ruda\u00ed in abairt. Ina theannta sin, tuiscint a fh\u00e1il ar choincheap na mbriathra modal agus ar an gcaoi a l\u00e9ir\u00edonn siad riachtanas, f\u00e9idearthacht agus oibleag\u00e1id.<\/p>\n\n\n\n<h3 class=\"wp-block-heading\" id=\"h-4-nouns\">4. Ainmfhocail:<\/h3>\n\n\n\n<p>Aicm\u00edtear ainmfhocail na hIorua i dtr\u00ed inscne: firinscneach, baininscneach, agus neuter. B\u00edonn tionchar aige seo ar an mbealach a n-\u00fas\u00e1idtear ailt, aidiachta\u00ed agus forainmneacha leo. Foghlaim na rialacha <a href=\"https:\/\/talkpal.ai\/ga\/maidir\/\">maidir<\/a> le foirmi\u00fa iolra agus na foirmeacha cinnte agus \u00e9iginnte d&#8217;ainmfhocail.<\/p>\n\n\n\n<h3 class=\"wp-block-heading\" id=\"h-5-articles\">5. Airteagail:<\/h3>\n\n\n\n<p>Is focail ghearra iad ailt a ghabhann le hainmfhocail agus a l\u00e9ir\u00edonn a n-inscne agus a n-uimhir. T\u00e1 ailt chinnte agus \u00e9iginnte ag an Ioruais, at\u00e1 r\u00edth\u00e1bhachtach chun abairt\u00ed a fhoirmi\u00fa i gceart.<\/p>\n\n\n\n<h3 class=\"wp-block-heading\" id=\"h-6-pronouns-determiners\">6. Forainmneacha \/ Cinntitheoir\u00ed:<\/h3>\n\n\n\n<p>These words replace or modify nouns, and they must agree in gender and number with the noun they refer to. Staid\u00e9ar a dh\u00e9anamh ar na cine\u00e1lacha \u00e9ags\u00fala forainmneacha agus cinntitheoir\u00ed, lena n-\u00e1ir\u00edtear forainmneacha pearsanta, sealbhacha, l\u00e9iritheacha agus coibhneasta.<\/p>\n\n\n\n<h3 class=\"wp-block-heading\" id=\"h-7-adjectives\">7. Aidiachta\u00ed:<\/h3>\n\n\n\n<p>D\u00e9anann aidiachta\u00ed cur s\u00edos ar ainmfhocail agus forainmneacha n\u00f3 iad a mhodhn\u00fa. Foghlaim conas aidiachta\u00ed a \u00fas\u00e1id i gceart tr\u00ed thuiscint a fh\u00e1il ar a rialacha comhaontaithe le hinscne agus l\u00edon na n-ainmfhocal a mhodhna\u00edonn siad.<\/p>\n\n\n\n<h3 class=\"wp-block-heading\" id=\"h-8-adverbs\">8. Adverbs:<\/h3>\n\n\n\n<p>Modhna\u00edonn adverbs briathra, aidiachta\u00ed n\u00f3 adverbs eile, ag sol\u00e1thar faisn\u00e9ise breise faoi ghn\u00edomhartha n\u00f3 c\u00e1il\u00edochta\u00ed. Foghlaim na cine\u00e1lacha \u00e9ags\u00fala adverbs agus conas iad a \u00fas\u00e1id go h\u00e9ifeachtach i do chuid abairt\u00ed.<\/p>\n\n\n\n<h3 class=\"wp-block-heading\" id=\"h-9-conditionals\">9. Coinn\u00edollacha:<\/h3>\n\n\n\n<p>\u00das\u00e1idtear coinn\u00edollacha chun c\u00e1sanna hipit\u00e9iseacha agus a n-iarmhairt\u00ed a chur in i\u00fal. D\u00e9an staid\u00e9ar ar na cine\u00e1lacha \u00e9ags\u00fala coinn\u00edollacha agus conas iad a fhoirmi\u00fa ag baint \u00fas\u00e1ide as na foirmeacha briathar agus na comhcheangail cheart.<\/p>\n\n\n\n<h3 class=\"wp-block-heading\" id=\"h-10-prepositions\">10. Prepositions:<\/h3>\n\n\n\n<p>Is focail ghearra iad r\u00e9amhfhocail a l\u00e9ir\u00edonn caidreamh idir ainmfhocail, forainmneacha, agus focail eile in abairt. T\u00e1 m\u00e1istreacht ar \u00fas\u00e1id r\u00e9amhfhocail r\u00edth\u00e1bhachtach chun abairt\u00ed cruinne a thuiscint agus a fhoirmi\u00fa san Ioruais.<\/p>\n\n\n\n<h3 class=\"wp-block-heading\" id=\"h-11-sentences\">11. Abairt\u00ed:<\/h3>\n\n\n\n<p>Ar deireadh, d\u00e9an cleachtadh ar abairt\u00ed a th\u00f3g\u00e1il san Ioruais tr\u00ed do chuid eolais ar bhriathra, ainmfhocail, ailt, forainmneacha, aidiachta\u00ed, adverbs, coinn\u00edollacha, agus r\u00e9amhfhocail a chomhcheangal. Triail a bhaint as strucht\u00fair abairt\u00ed \u00e9ags\u00fala agus cleachtadh a dh\u00e9anamh ar cheisteanna, r\u00e1itis agus orduithe a fhoirmi\u00fa chun a bheith inni\u00fail sa teanga.<\/p>\n<\/div><\/div>\n\r\n<section class=\"learnNavigationSection\">\r\n            \r\n        <a href=\"https:\/\/talkpal.ai\/ga\/foghlaim-ioruais\/\">\r\n            <div class=\"learnNavigationWrapper\">\r\n                <div class=\"learnNavigationContent\">\r\n                    <img decoding=\"async\" src=\"https:\/\/talkpal.ai\/wp-content\/uploads\/2024\/08\/Norwegian.jpg\" alt=\"Norwegian Flag\">\r\n                    <div>\r\n                        <h4>Maidir le Foghlaim na hIorua<\/h4>\r\n                        <p>Faigh amach gach rud faoi ghramadach na hIorua.<\/p>\r\n                    <\/div>\r\n                <\/div>\r\n            <\/div>\r\n        <\/a>\r\n\r\n        \r\n        <a href=\"https:\/\/talkpal.ai\/ga\/gramadach-na-hiorua\/\">\r\n            <div class=\"learnNavigationWrapper\">\r\n                <div class=\"learnNavigationContent\">\r\n                    <img decoding=\"async\" src=\"https:\/\/talkpal.ai\/wp-content\/uploads\/2024\/08\/Norwegian.jpg\" alt=\"Norwegian Flag\">\r\n                    <div>\r\n                        <h4>Ceachtanna Gramada\u00ed na hIoruais<\/h4>\r\n                        <p>Cleachtadh gramadach na hIoruaise.<\/p>\r\n                    <\/div>\r\n                <\/div>\r\n            <\/div>\r\n        <\/a>\r\n\r\n        \r\n        <a href=\"https:\/\/talkpal.ai\/vocabulary_language\/norwegian\/\">\r\n            <div class=\"learnNavigationWrapper\">\r\n                <div class=\"learnNavigationContent\">\r\n                    <img decoding=\"async\" src=\"https:\/\/talkpal.ai\/wp-content\/uploads\/2024\/08\/Norwegian.jpg\" alt=\"Norwegian Flag\">\r\n                    <div>\r\n                        <h4>St\u00f3r Focal na hIorua<\/h4>\r\n                        <p>Leathnaigh do st\u00f3r focal Ioruais.<\/p>\r\n                    <\/div>\r\n                <\/div>\r\n            <\/div>\r\n        <\/a>\r\n\r\n            <\/section>","protected":false},"excerpt":{"rendered":"<p>Topaic\u00ed Gramada\u00ed na hIorua Is f\u00e9idir le foghlaim na hIoruais a bheith ina eisp\u00e9ireas spreag\u00fail agus luachmhar, mar oscla\u00edonn s\u00e9 doirse do stair chult\u00fartha saibhir, t\u00edrdhreacha iontacha, agus sl\u00ed mhaireacht\u00e1la uath\u00fail san Iorua. Mar theanga Ghearm\u00e1nach Thuaidh, t\u00e1 go leor cos\u00falachta\u00ed idir an Ioruais agus na teangacha comharsanacha, an tSualainnis agus an Danmhairgis. Mar sin [&hellip;]<\/p>\n","protected":false},"author":6,"featured_media":1444118,"parent":0,"menu_order":0,"comment_status":"closed","ping_status":"closed","template":"LearningContentPage.php","meta":{"_acf_changed":false,"footnotes":""},"class_list":["post-1447962","page","type-page","status-publish","has-post-thumbnail","hentry"],"acf":[],"yoast_head":"<!-- This site is optimized with the Yoast SEO Premium plugin v27.2 (Yoast SEO v27.2) - https:\/\/yoast.com\/product\/yoast-seo-premium-wordpress\/ -->\n<title>Cleachta\u00ed Gramada\u00ed na hIorua - Talkpal<\/title>\n<meta name=\"description\" content=\"Feabhsaigh do chuid scileanna le cleachta\u00ed gramada\u00ed tarraingteacha na hIorua. Foirfe d&#039;fhoghlaimeoir\u00ed ag gach leibh\u00e9al chun cleachtadh \u00e9ifeachtach a dh\u00e9anamh.\" \/>\n<meta name=\"robots\" content=\"index, follow, max-snippet:-1, max-image-preview:large, max-video-preview:-1\" \/>\n<link rel=\"canonical\" href=\"https:\/\/talkpal.ai\/ga\/cleachtai-gramadai-na-hiorua\/\" \/>\n<meta property=\"og:locale\" content=\"ga_IE\" \/>\n<meta property=\"og:type\" content=\"article\" \/>\n<meta property=\"og:title\" content=\"Cleachta\u00ed Gramada\u00ed na hIorua\" \/>\n<meta property=\"og:description\" content=\"Topaic\u00ed Gramada\u00ed na hIorua Is f\u00e9idir le foghlaim na hIoruais a bheith ina eisp\u00e9ireas spreag\u00fail agus luachmhar, mar oscla\u00edonn s\u00e9 doirse do stair chult\u00fartha\" \/>\n<meta property=\"og:url\" content=\"https:\/\/talkpal.ai\/ga\/cleachtai-gramadai-na-hiorua\/\" \/>\n<meta property=\"og:site_name\" content=\"Talkpal\" \/>\n<meta property=\"article:publisher\" content=\"https:\/\/www.facebook.com\/profile.php?id=100090733639311\" \/>\n<meta property=\"article:modified_time\" content=\"2025-12-17T14:38:34+00:00\" \/>\n<meta property=\"og:image\" content=\"https:\/\/talkpal.ai\/wp-content\/uploads\/2023\/05\/norway.png\" \/>\n\t<meta property=\"og:image:width\" content=\"512\" \/>\n\t<meta property=\"og:image:height\" content=\"512\" \/>\n\t<meta property=\"og:image:type\" content=\"image\/png\" \/>\n<meta name=\"twitter:card\" content=\"summary_large_image\" \/>\n<meta name=\"twitter:site\" content=\"@talkpalai\" \/>\n<meta name=\"twitter:label1\" content=\"Est. reading time\" \/>\n\t<meta name=\"twitter:data1\" content=\"4 minutes\" \/>\n<script type=\"application\/ld+json\" class=\"yoast-schema-graph\">{\"@context\":\"https:\/\/schema.org\",\"@graph\":[{\"@type\":\"WebPage\",\"@id\":\"https:\/\/talkpal.ai\/ga\/cleachtai-gramadai-na-hiorua\/\",\"url\":\"https:\/\/talkpal.ai\/ga\/cleachtai-gramadai-na-hiorua\/\",\"name\":\"Cleachta\u00ed Gramada\u00ed na hIorua - Talkpal\",\"isPartOf\":{\"@id\":\"https:\/\/talkpal.ai\/ga\/#website\"},\"primaryImageOfPage\":{\"@id\":\"https:\/\/talkpal.ai\/ga\/cleachtai-gramadai-na-hiorua\/#primaryimage\"},\"image\":{\"@id\":\"https:\/\/talkpal.ai\/ga\/cleachtai-gramadai-na-hiorua\/#primaryimage\"},\"thumbnailUrl\":\"https:\/\/talkpal.ai\/wp-content\/uploads\/2023\/05\/norway.png\",\"datePublished\":\"2023-06-27T08:41:59+00:00\",\"dateModified\":\"2025-12-17T14:38:34+00:00\",\"description\":\"Feabhsaigh do chuid scileanna le cleachta\u00ed gramada\u00ed tarraingteacha na hIorua. Foirfe d'fhoghlaimeoir\u00ed ag gach leibh\u00e9al chun cleachtadh \u00e9ifeachtach a dh\u00e9anamh.\",\"breadcrumb\":{\"@id\":\"https:\/\/talkpal.ai\/ga\/cleachtai-gramadai-na-hiorua\/#breadcrumb\"},\"inLanguage\":\"ga-IE\",\"potentialAction\":[{\"@type\":\"ReadAction\",\"target\":[\"https:\/\/talkpal.ai\/ga\/cleachtai-gramadai-na-hiorua\/\"]}]},{\"@type\":\"ImageObject\",\"inLanguage\":\"ga-IE\",\"@id\":\"https:\/\/talkpal.ai\/ga\/cleachtai-gramadai-na-hiorua\/#primaryimage\",\"url\":\"https:\/\/talkpal.ai\/wp-content\/uploads\/2023\/05\/norway.png\",\"contentUrl\":\"https:\/\/talkpal.ai\/wp-content\/uploads\/2023\/05\/norway.png\",\"width\":512,\"height\":512,\"caption\":\"TalkPal Norway\u00a0 Flag\"},{\"@type\":\"BreadcrumbList\",\"@id\":\"https:\/\/talkpal.ai\/ga\/cleachtai-gramadai-na-hiorua\/#breadcrumb\",\"itemListElement\":[{\"@type\":\"ListItem\",\"position\":1,\"name\":\"Homepage\",\"item\":\"https:\/\/talkpal.ai\/ga\/\"},{\"@type\":\"ListItem\",\"position\":2,\"name\":\"Cleachta\u00ed Gramada\u00ed na hIorua\"}]},{\"@type\":\"WebSite\",\"@id\":\"https:\/\/talkpal.ai\/ga\/#website\",\"url\":\"https:\/\/talkpal.ai\/ga\/\",\"name\":\"Talkpal\",\"description\":\"AI Language Learning\",\"publisher\":{\"@id\":\"https:\/\/talkpal.ai\/ga\/#organization\"},\"alternateName\":\"Talkpal AI\",\"potentialAction\":[{\"@type\":\"SearchAction\",\"target\":{\"@type\":\"EntryPoint\",\"urlTemplate\":\"https:\/\/talkpal.ai\/ga\/?s={search_term_string}\"},\"query-input\":{\"@type\":\"PropertyValueSpecification\",\"valueRequired\":true,\"valueName\":\"search_term_string\"}}],\"inLanguage\":\"ga-IE\"},{\"@type\":\"Organization\",\"@id\":\"https:\/\/talkpal.ai\/ga\/#organization\",\"name\":\"Talkpal, Inc.\",\"alternateName\":\"Talkpal AI\",\"url\":\"https:\/\/talkpal.ai\/ga\/\",\"logo\":{\"@type\":\"ImageObject\",\"inLanguage\":\"ga-IE\",\"@id\":\"https:\/\/talkpal.ai\/ga\/#\/schema\/logo\/image\/\",\"url\":\"https:\/\/talkpal.ai\/wp-content\/uploads\/2024\/03\/Talkpal-Logo-Icon.png\",\"contentUrl\":\"https:\/\/talkpal.ai\/wp-content\/uploads\/2024\/03\/Talkpal-Logo-Icon.png\",\"width\":2880,\"height\":2880,\"caption\":\"Talkpal, Inc.\"},\"image\":{\"@id\":\"https:\/\/talkpal.ai\/ga\/#\/schema\/logo\/image\/\"},\"sameAs\":[\"https:\/\/www.facebook.com\/profile.php?id=100090733639311\",\"https:\/\/x.com\/talkpalai\",\"https:\/\/www.linkedin.com\/company\/talkpal\/\",\"https:\/\/www.youtube.com\/@TalkPal\/\",\"https:\/\/www.tiktok.com\/@talkpal\",\"https:\/\/www.instagram.com\/talkpal_ai\/\",\"https:\/\/www.crunchbase.com\/organization\/talkpal-9cde\",\"https:\/\/www.g2.com\/products\/talkpal-for-business\/\",\"https:\/\/www.trustpilot.com\/review\/talkpal.ai\",\"https:\/\/www.capterra.com\/p\/10006800\/TalkPal\/\"],\"description\":\"Talkpal is a language learning web and mobile education app, powered by the latest AI technologies, that provides engaging experiences to its customers in many different languages to help them improve their language skills. Users can chat about unlimited amount of topics with the app and use other modes to practice their language learning.\",\"email\":\"support@talkpal.ai\",\"legalName\":\"Talkpal, Inc.\",\"foundingDate\":\"2023-04-03\",\"duns\":\"118989042\",\"numberOfEmployees\":{\"@type\":\"QuantitativeValue\",\"minValue\":\"11\",\"maxValue\":\"50\"},\"publishingPrinciples\":\"https:\/\/talkpal.ai\/publishing-principles\/\",\"actionableFeedbackPolicy\":\"https:\/\/talkpal.ai\/actionable-feedback-policy\/\",\"correctionsPolicy\":\"https:\/\/talkpal.ai\/corrections-policy\/\",\"ethicsPolicy\":\"https:\/\/talkpal.ai\/ethics-policy\/\",\"diversityPolicy\":\"https:\/\/talkpal.ai\/diversity-policy\/\",\"diversityStaffingReport\":\"https:\/\/talkpal.ai\/diversity-policy\/\"}]}<\/script>\n<!-- \/ Yoast SEO Premium plugin. -->","yoast_head_json":{"title":"Cleachta\u00ed Gramada\u00ed na hIorua - Talkpal","description":"Feabhsaigh do chuid scileanna le cleachta\u00ed gramada\u00ed tarraingteacha na hIorua. Foirfe d'fhoghlaimeoir\u00ed ag gach leibh\u00e9al chun cleachtadh \u00e9ifeachtach a dh\u00e9anamh.","robots":{"index":"index","follow":"follow","max-snippet":"max-snippet:-1","max-image-preview":"max-image-preview:large","max-video-preview":"max-video-preview:-1"},"canonical":"https:\/\/talkpal.ai\/ga\/cleachtai-gramadai-na-hiorua\/","og_locale":"ga_IE","og_type":"article","og_title":"Cleachta\u00ed Gramada\u00ed na hIorua","og_description":"Topaic\u00ed Gramada\u00ed na hIorua Is f\u00e9idir le foghlaim na hIoruais a bheith ina eisp\u00e9ireas spreag\u00fail agus luachmhar, mar oscla\u00edonn s\u00e9 doirse do stair chult\u00fartha","og_url":"https:\/\/talkpal.ai\/ga\/cleachtai-gramadai-na-hiorua\/","og_site_name":"Talkpal","article_publisher":"https:\/\/www.facebook.com\/profile.php?id=100090733639311","article_modified_time":"2025-12-17T14:38:34+00:00","og_image":[{"width":512,"height":512,"url":"https:\/\/talkpal.ai\/wp-content\/uploads\/2023\/05\/norway.png","type":"image\/png"}],"twitter_card":"summary_large_image","twitter_site":"@talkpalai","twitter_misc":{"Est. reading time":"4 minutes"},"schema":{"@context":"https:\/\/schema.org","@graph":[{"@type":"WebPage","@id":"https:\/\/talkpal.ai\/ga\/cleachtai-gramadai-na-hiorua\/","url":"https:\/\/talkpal.ai\/ga\/cleachtai-gramadai-na-hiorua\/","name":"Cleachta\u00ed Gramada\u00ed na hIorua - Talkpal","isPartOf":{"@id":"https:\/\/talkpal.ai\/ga\/#website"},"primaryImageOfPage":{"@id":"https:\/\/talkpal.ai\/ga\/cleachtai-gramadai-na-hiorua\/#primaryimage"},"image":{"@id":"https:\/\/talkpal.ai\/ga\/cleachtai-gramadai-na-hiorua\/#primaryimage"},"thumbnailUrl":"https:\/\/talkpal.ai\/wp-content\/uploads\/2023\/05\/norway.png","datePublished":"2023-06-27T08:41:59+00:00","dateModified":"2025-12-17T14:38:34+00:00","description":"Feabhsaigh do chuid scileanna le cleachta\u00ed gramada\u00ed tarraingteacha na hIorua. Foirfe d'fhoghlaimeoir\u00ed ag gach leibh\u00e9al chun cleachtadh \u00e9ifeachtach a dh\u00e9anamh.","breadcrumb":{"@id":"https:\/\/talkpal.ai\/ga\/cleachtai-gramadai-na-hiorua\/#breadcrumb"},"inLanguage":"ga-IE","potentialAction":[{"@type":"ReadAction","target":["https:\/\/talkpal.ai\/ga\/cleachtai-gramadai-na-hiorua\/"]}]},{"@type":"ImageObject","inLanguage":"ga-IE","@id":"https:\/\/talkpal.ai\/ga\/cleachtai-gramadai-na-hiorua\/#primaryimage","url":"https:\/\/talkpal.ai\/wp-content\/uploads\/2023\/05\/norway.png","contentUrl":"https:\/\/talkpal.ai\/wp-content\/uploads\/2023\/05\/norway.png","width":512,"height":512,"caption":"TalkPal Norway\u00a0 Flag"},{"@type":"BreadcrumbList","@id":"https:\/\/talkpal.ai\/ga\/cleachtai-gramadai-na-hiorua\/#breadcrumb","itemListElement":[{"@type":"ListItem","position":1,"name":"Homepage","item":"https:\/\/talkpal.ai\/ga\/"},{"@type":"ListItem","position":2,"name":"Cleachta\u00ed Gramada\u00ed na hIorua"}]},{"@type":"WebSite","@id":"https:\/\/talkpal.ai\/ga\/#website","url":"https:\/\/talkpal.ai\/ga\/","name":"Talkpal","description":"AI Language Learning","publisher":{"@id":"https:\/\/talkpal.ai\/ga\/#organization"},"alternateName":"Talkpal AI","potentialAction":[{"@type":"SearchAction","target":{"@type":"EntryPoint","urlTemplate":"https:\/\/talkpal.ai\/ga\/?s={search_term_string}"},"query-input":{"@type":"PropertyValueSpecification","valueRequired":true,"valueName":"search_term_string"}}],"inLanguage":"ga-IE"},{"@type":"Organization","@id":"https:\/\/talkpal.ai\/ga\/#organization","name":"Talkpal, Inc.","alternateName":"Talkpal AI","url":"https:\/\/talkpal.ai\/ga\/","logo":{"@type":"ImageObject","inLanguage":"ga-IE","@id":"https:\/\/talkpal.ai\/ga\/#\/schema\/logo\/image\/","url":"https:\/\/talkpal.ai\/wp-content\/uploads\/2024\/03\/Talkpal-Logo-Icon.png","contentUrl":"https:\/\/talkpal.ai\/wp-content\/uploads\/2024\/03\/Talkpal-Logo-Icon.png","width":2880,"height":2880,"caption":"Talkpal, Inc."},"image":{"@id":"https:\/\/talkpal.ai\/ga\/#\/schema\/logo\/image\/"},"sameAs":["https:\/\/www.facebook.com\/profile.php?id=100090733639311","https:\/\/x.com\/talkpalai","https:\/\/www.linkedin.com\/company\/talkpal\/","https:\/\/www.youtube.com\/@TalkPal\/","https:\/\/www.tiktok.com\/@talkpal","https:\/\/www.instagram.com\/talkpal_ai\/","https:\/\/www.crunchbase.com\/organization\/talkpal-9cde","https:\/\/www.g2.com\/products\/talkpal-for-business\/","https:\/\/www.trustpilot.com\/review\/talkpal.ai","https:\/\/www.capterra.com\/p\/10006800\/TalkPal\/"],"description":"Talkpal is a language learning web and mobile education app, powered by the latest AI technologies, that provides engaging experiences to its customers in many different languages to help them improve their language skills. Users can chat about unlimited amount of topics with the app and use other modes to practice their language learning.","email":"support@talkpal.ai","legalName":"Talkpal, Inc.","foundingDate":"2023-04-03","duns":"118989042","numberOfEmployees":{"@type":"QuantitativeValue","minValue":"11","maxValue":"50"},"publishingPrinciples":"https:\/\/talkpal.ai\/publishing-principles\/","actionableFeedbackPolicy":"https:\/\/talkpal.ai\/actionable-feedback-policy\/","correctionsPolicy":"https:\/\/talkpal.ai\/corrections-policy\/","ethicsPolicy":"https:\/\/talkpal.ai\/ethics-policy\/","diversityPolicy":"https:\/\/talkpal.ai\/diversity-policy\/","diversityStaffingReport":"https:\/\/talkpal.ai\/diversity-policy\/"}]}},"_links":{"self":[{"href":"https:\/\/talkpal.ai\/ga\/wp-json\/wp\/v2\/pages\/1447962","targetHints":{"allow":["GET"]}}],"collection":[{"href":"https:\/\/talkpal.ai\/ga\/wp-json\/wp\/v2\/pages"}],"about":[{"href":"https:\/\/talkpal.ai\/ga\/wp-json\/wp\/v2\/types\/page"}],"author":[{"embeddable":true,"href":"https:\/\/talkpal.ai\/ga\/wp-json\/wp\/v2\/users\/6"}],"replies":[{"embeddable":true,"href":"https:\/\/talkpal.ai\/ga\/wp-json\/wp\/v2\/comments?post=1447962"}],"version-history":[{"count":0,"href":"https:\/\/talkpal.ai\/ga\/wp-json\/wp\/v2\/pages\/1447962\/revisions"}],"wp:featuredmedia":[{"embeddable":true,"href":"https:\/\/talkpal.ai\/ga\/wp-json\/wp\/v2\/media\/1444118"}],"wp:attachment":[{"href":"https:\/\/talkpal.ai\/ga\/wp-json\/wp\/v2\/media?parent=1447962"}],"curies":[{"name":"wp","href":"https:\/\/api.w.org\/{rel}","templated":true}]}}