{"id":1447959,"date":"2023-06-28T09:53:38","date_gmt":"2023-06-28T09:53:38","guid":{"rendered":"https:\/\/talkpal.ai\/cleachtai-gramadai-na-romaine\/"},"modified":"2025-12-17T09:38:46","modified_gmt":"2025-12-17T09:38:46","slug":"cleachtai-gramadai-na-romaine","status":"publish","type":"page","link":"https:\/\/talkpal.ai\/ga\/cleachtai-gramadai-na-romaine\/","title":{"rendered":"Cleachta\u00ed Gramada\u00ed na R\u00f3m\u00e1ine"},"content":{"rendered":"\r\n\r\n\r\n<section class=\"languageChallengeSection\">\r\n    <div class=\"languageInfoWrapper\">\r\n        \r\n        <h1>Cleachta\u00ed Gramada\u00ed na R\u00f3m\u00e1ine<\/h1>\r\n        <p>Ar mhaith leat feabhas a <a href=\"https:\/\/talkpal.ai\/locations\/language-courses-in-chur\/\">chur<\/a> ar do scileanna <a href=\"https:\/\/talkpal.ai\/learn-romanian\/\">R\u00f3m\u00e1inis<\/a>? Is bealach cinnte \u00e9 cleachta\u00ed gramada\u00ed a chleachtadh chun strucht\u00far abairte, conjugations briathra, agus gn\u00e9ithe uath\u00fala na teanga R\u00f3m\u00e1ine a mh\u00e1istir. Tosaigh ag obair ar ghramadach na R\u00f3m\u00e1ine inniu agus f\u00e9ach ar do mhuin\u00edn agus do l\u00edofacht ag f\u00e1s le gach cleachtadh!\n\n<\/p>\r\n\r\n                            <a class=\"getStartedHidden\" href=\"https:\/\/app.talkpal.ai\/signup?lng=\">Tosaigh<\/a>\r\n        \r\n    <\/div>\r\n\r\n    <figure>\r\n    <img decoding=\"async\" width=\"768\" height=\"768\" src=\"https:\/\/talkpal.ai\/wp-content\/uploads\/2023\/06\/romanian-768x768.png\" class=\"languageImage no-lazy\" alt=\"Language learning for intellectual challenge\" fetchpriority=\"high\" sizes=\"(max-width: 768px) 150px, 768px\" srcset=\"https:\/\/talkpal.ai\/wp-content\/uploads\/2023\/06\/romanian-768x768.png 768w, https:\/\/talkpal.ai\/wp-content\/uploads\/2023\/06\/romanian-300x300.png 300w\" \/>\r\n    \r\n\r\n    <\/figure>\r\n\r\n            <a class=\"getStartedVisible\" href=\"https:\/\/app.talkpal.ai\/signup?lng=\">Tosaigh<\/a>\r\n    \r\n<\/section>\r\n\r\n\r\n<!-- <section class=\"grammarSection\">\r\n    <div class=\"grammarLinks\">\r\n            <\/div>\r\n<\/section> -->\r\n\r\n\r\n\r\n\r\n<section class=\"promotionalBanner\">\r\n    <p class=\"promotionalText\">An bealach is \u00e9ifeachta\u00ed le teanga a fhoghlaim<\/p>\r\n    <a class=\"promotionalLink\" href=\"https:\/\/app.talkpal.ai\/signup?lng=\">Bain triail as Talkpal saor in aisce<\/a>\r\n<\/section>\n<div class=\"wp-block-group pageContainerStyle\"><div class=\"wp-block-group__inner-container is-layout-constrained wp-block-group-is-layout-constrained\">\n<h2 class=\"wp-block-heading\" id=\"h-romanian-grammar-topics\">Topaic\u00ed Gramada\u00ed na R\u00f3m\u00e1ine<\/h2>\n\n\n\n<p>Is iarracht luachmhar \u00e9 foghlaim na R\u00f3m\u00e1ine, a thugann l\u00e9argas ar chult\u00far agus stair shaibhir. C\u00e9 go bhfuil <a href=\"https:\/\/talkpal.ai\/grammar\/\">gramadach<\/a> na R\u00f3m\u00e1ine casta, is f\u00e9idir le cur chuige c\u00f3rasach \u00e9 a dh\u00e9anamh sol\u00e1imhsithe. Is \u00ed an eochair n\u00e1 a strucht\u00far agus a rialacha a thuiscint, ag tos\u00fa le buneilimint\u00ed agus ag bogadh de r\u00e9ir a ch\u00e9ile i dtreo topaic\u00ed chun cinn. Sol\u00e1thra\u00edonn an treoir seo an seicheamh is fearr chun gramadach na R\u00f3m\u00e1ine a fhoghlaim, le f\u00f3cas ar aimsir, briathra, ainmfhocail, ailt, forainmneacha \/ cinntitheoir\u00ed, aidiachta\u00ed, adverbs, coinn\u00edollacha, r\u00e9amhfhocail, agus t\u00f3g\u00e1il abairte.<\/p>\n\n\n\n<h3 class=\"wp-block-heading\" id=\"h-1-nouns\">1. Ainmfhocail:<\/h3>\n\n\n\n<p>Tosaigh ag foghlaim ainmfhocail R\u00f3m\u00e1inis, a bhfuil inscne agus c\u00e1sanna acu. Cuid\u00edonn eolas a chur ar na foirmeacha ainmfhocail le bunghn\u00e9ithe na teanga a thuiscint.<\/p>\n\n\n\n<h3 class=\"wp-block-heading\" id=\"h-2-articles\">2. Airteagail:<\/h3>\n\n\n\n<p>Ina dhiaidh sin, foghlaim faoi ailt, a \u00fas\u00e1idtear le hainmfhocail. T\u00e1 ailt chinnte agus \u00e9iginnte ag an R\u00f3m\u00e1inis a aonta\u00edonn le hinscne, uimhir, agus c\u00e1s an ainmfhocail.<\/p>\n\n\n\n<h3 class=\"wp-block-heading\" id=\"h-3-adjectives\">3. Aidiachta\u00ed:<\/h3>\n\n\n\n<p>Aonta\u00edonn aidiachta\u00ed sa R\u00f3m\u00e1inis le hinscne, uimhir, agus c\u00e1s leis an ainmfhocal a mhodhna\u00edonn siad. Cabhr\u00f3idh foghlaim an \u00e1bhair seo le st\u00f3r focal agus t\u00f3g\u00e1il abairt\u00ed a fheabhs\u00fa.<\/p>\n\n\n\n<h3 class=\"wp-block-heading\" id=\"h-4-pronouns-determiners\">4. Forainmneacha \/ Cinntitheoir\u00ed:<\/h3>\n\n\n\n<p>Ionada\u00edonn siad sin ainmfhocail n\u00f3 a ghabhann leo. Cuideoidh foghlaim ort athr\u00e1 a sheachaint agus do chuid abairt\u00ed a dh\u00e9anamh n\u00edos \u00e9ags\u00fala.<\/p>\n\n\n\n<h3 class=\"wp-block-heading\" id=\"h-5-verbs\">5. Briathra:<\/h3>\n\n\n\n<p>T\u00e1 briathra i gcro\u00edl\u00e1r na n-abairt\u00ed. L\u00e9ir\u00edonn siad gn\u00edomhartha n\u00f3 st\u00e1it bheith. D\u00e9antar briathra na R\u00f3m\u00e1ine a chomhchuingi\u00fa de r\u00e9ir gi\u00famar, aimsir, duine, agus uimhir.<\/p>\n\n\n\n<h3 class=\"wp-block-heading\" id=\"h-6-tenses\">6. Aimsir:<\/h3>\n\n\n\n<p>T\u00e1 roinnt aimsir\u00ed ag an R\u00f3m\u00e1inis chun gn\u00edomhartha san am at\u00e1 caite, san am i l\u00e1thair agus sa todhcha\u00ed a chur in i\u00fal. Cuideoidh foghlaim in ord &#8211; l\u00e1ithreacht, san am at\u00e1 thart agus sa todhcha\u00ed &#8211; leat fr\u00e1ma\u00ed <a href=\"https:\/\/talkpal.ai\/locations\/language-courses-in-ama\/\">ama<\/a> \u00e9ags\u00fala a thuiscint agus a chur in i\u00fal.<\/p>\n\n\n\n<h3 class=\"wp-block-heading\" id=\"h-7-tense-comparison\">7. Compar\u00e1id aimsire:<\/h3>\n\n\n\n<p>T\u00e1 s\u00e9 r\u00edth\u00e1bhachtach tuiscint a fh\u00e1il ar an gcaoi a nd\u00e9antar compar\u00e1id idir aimsir \u00e9ags\u00fala agus iad a chodarsnacht i gceart. Cabhr\u00f3idh an ch\u00e9im seo le feabhas a chur ar d&#8217;\u00fas\u00e1id briathartha.<\/p>\n\n\n\n<h3 class=\"wp-block-heading\" id=\"h-8-progressive-and-perfect-progressive\">8. For\u00e1sach agus For\u00e1sach Foirfe:<\/h3>\n\n\n\n<p>Is foirmeacha briathar n\u00edos airde iad seo a ligeann duit gn\u00edomhartha lean\u00fanacha n\u00f3 cr\u00edochnaithe a chur in i\u00fal.<\/p>\n\n\n\n<h3 class=\"wp-block-heading\" id=\"h-9-adverbs\">9. Adverbs:<\/h3>\n\n\n\n<p>Adverbs modify verbs, adjectives, or other adverbs. Cuireann siad mionsonra\u00ed le d&#8217;abairt\u00ed, rud a chuireann ar do chumas modh, \u00e1it, am, minic\u00edocht, c\u00e9im, agus n\u00edos m\u00f3 a chur in i\u00fal.<\/p>\n\n\n\n<h3 class=\"wp-block-heading\" id=\"h-10-conditionals\">10. Coinn\u00edollacha:<\/h3>\n\n\n\n<p>L\u00e9ir\u00edonn coinn\u00edollacha c\u00e1sanna hipit\u00e9iseacha agus a dtortha\u00ed f\u00e9ideartha. T\u00e1 siad riachtanach chun smaointe casta a chur in i\u00fal.<\/p>\n\n\n\n<h3 class=\"wp-block-heading\" id=\"h-11-prepositions\">11. Prepositions:<\/h3>\n\n\n\n<p>Nascann r\u00e9amhfhocail agus fr\u00e1sa\u00ed focail, ag sol\u00e1thar comhth\u00e9acs. L\u00e9ir\u00edonn siad su\u00edomh, treo, am, agus caidrimh eile.<\/p>\n\n\n\n<h3 class=\"wp-block-heading\" id=\"h-12-sentences\">12. Abairt\u00ed:<\/h3>\n\n\n\n<p>Mar fhocal scoir, m\u00e1 thuigeann t\u00fa conas a thagann na heilimint\u00ed seo go l\u00e9ir le ch\u00e9ile chun abairt\u00ed a fhoirmi\u00fa, daingneoidh t\u00fa do thuiscint ar ghramadach na R\u00f3m\u00e1ine. Is \u00e9ard at\u00e1 i gceist leis an gc\u00e9im dheireanach seo n\u00e1 foghlaim faoi strucht\u00far abairte, cine\u00e1lacha abairt\u00ed, agus ponca\u00edocht.<\/p>\n<\/div><\/div>\n\r\n<section class=\"learnNavigationSection\">\r\n            \r\n        <a href=\"https:\/\/talkpal.ai\/ga\/foghlaim-romainis\/\">\r\n            <div class=\"learnNavigationWrapper\">\r\n                <div class=\"learnNavigationContent\">\r\n                    <img decoding=\"async\" src=\"https:\/\/talkpal.ai\/wp-content\/uploads\/2024\/08\/Romanian.jpg\" alt=\"Romanian Flag\">\r\n                    <div>\r\n                        <h4>Maidir le Foghlaim na R\u00f3m\u00e1ine<\/h4>\r\n                        <p>Faigh amach gach rud faoi ghramadach na R\u00f3m\u00e1ine.<\/p>\r\n                    <\/div>\r\n                <\/div>\r\n            <\/div>\r\n        <\/a>\r\n\r\n        \r\n        <a href=\"https:\/\/talkpal.ai\/ga\/gramadach-na-romaine\/\">\r\n            <div class=\"learnNavigationWrapper\">\r\n                <div class=\"learnNavigationContent\">\r\n                    <img decoding=\"async\" src=\"https:\/\/talkpal.ai\/wp-content\/uploads\/2024\/08\/Romanian.jpg\" alt=\"Romanian Flag\">\r\n                    <div>\r\n                        <h4>Ceachtanna Gramada\u00ed na R\u00f3m\u00e1ine<\/h4>\r\n                        <p>Cleachtadh gramadach na R\u00f3m\u00e1ine.<\/p>\r\n                    <\/div>\r\n                <\/div>\r\n            <\/div>\r\n        <\/a>\r\n\r\n        \r\n        <a href=\"https:\/\/talkpal.ai\/vocabulary_language\/romanian\/\">\r\n            <div class=\"learnNavigationWrapper\">\r\n                <div class=\"learnNavigationContent\">\r\n                    <img decoding=\"async\" src=\"https:\/\/talkpal.ai\/wp-content\/uploads\/2024\/08\/Romanian.jpg\" alt=\"Romanian Flag\">\r\n                    <div>\r\n                        <h4>St\u00f3r Focal na R\u00f3m\u00e1ine<\/h4>\r\n                        <p>Leathnaigh do st\u00f3r focal R\u00f3m\u00e1inis.<\/p>\r\n                    <\/div>\r\n                <\/div>\r\n            <\/div>\r\n        <\/a>\r\n\r\n            <\/section>","protected":false},"excerpt":{"rendered":"<p>Topaic\u00ed Gramada\u00ed na R\u00f3m\u00e1ine Is iarracht luachmhar \u00e9 foghlaim na R\u00f3m\u00e1ine, a thugann l\u00e9argas ar chult\u00far agus stair shaibhir. C\u00e9 go bhfuil gramadach na R\u00f3m\u00e1ine casta, is f\u00e9idir le cur chuige c\u00f3rasach \u00e9 a dh\u00e9anamh sol\u00e1imhsithe. Is \u00ed an eochair n\u00e1 a strucht\u00far agus a rialacha a thuiscint, ag tos\u00fa le buneilimint\u00ed agus ag bogadh [&hellip;]<\/p>\n","protected":false},"author":6,"featured_media":1444136,"parent":0,"menu_order":0,"comment_status":"closed","ping_status":"closed","template":"LearningContentPage.php","meta":{"_acf_changed":false,"footnotes":""},"class_list":["post-1447959","page","type-page","status-publish","has-post-thumbnail","hentry"],"acf":[],"yoast_head":"<!-- This site is optimized with the Yoast SEO Premium plugin v27.2 (Yoast SEO v27.2) - https:\/\/yoast.com\/product\/yoast-seo-premium-wordpress\/ -->\n<title>Cleachta\u00ed Gramada\u00ed na R\u00f3m\u00e1ine - Talkpal<\/title>\n<meta name=\"description\" content=\"M\u00e1istir ar ghramadach na R\u00f3m\u00e1ine le cleachta\u00ed spriocdh\u00edrithe. D\u00e9anann \u00e1r gcleachta\u00ed gramada\u00ed R\u00f3m\u00e1inis foghlaim c\u00f3rasach agus \u00e9ifeachtach.\" \/>\n<meta name=\"robots\" content=\"index, follow, max-snippet:-1, max-image-preview:large, max-video-preview:-1\" \/>\n<link rel=\"canonical\" href=\"https:\/\/talkpal.ai\/ga\/cleachtai-gramadai-na-romaine\/\" \/>\n<meta property=\"og:locale\" content=\"ga_IE\" \/>\n<meta property=\"og:type\" content=\"article\" \/>\n<meta property=\"og:title\" content=\"Cleachta\u00ed Gramada\u00ed na R\u00f3m\u00e1ine\" \/>\n<meta property=\"og:description\" content=\"Topaic\u00ed Gramada\u00ed na R\u00f3m\u00e1ine Is iarracht luachmhar \u00e9 foghlaim na R\u00f3m\u00e1ine, a thugann l\u00e9argas ar chult\u00far agus stair shaibhir. C\u00e9 go bhfuil gramadach na\" \/>\n<meta property=\"og:url\" content=\"https:\/\/talkpal.ai\/ga\/cleachtai-gramadai-na-romaine\/\" \/>\n<meta property=\"og:site_name\" content=\"Talkpal\" \/>\n<meta property=\"article:publisher\" content=\"https:\/\/www.facebook.com\/profile.php?id=100090733639311\" \/>\n<meta property=\"article:modified_time\" content=\"2025-12-17T09:38:46+00:00\" \/>\n<meta property=\"og:image\" content=\"https:\/\/talkpal.ai\/wp-content\/uploads\/2023\/05\/romania.png\" \/>\n\t<meta property=\"og:image:width\" content=\"512\" \/>\n\t<meta property=\"og:image:height\" content=\"512\" \/>\n\t<meta property=\"og:image:type\" content=\"image\/png\" \/>\n<meta name=\"twitter:card\" content=\"summary_large_image\" \/>\n<meta name=\"twitter:site\" content=\"@talkpalai\" \/>\n<meta name=\"twitter:label1\" content=\"Est. reading time\" \/>\n\t<meta name=\"twitter:data1\" content=\"3 minutes\" \/>\n<script type=\"application\/ld+json\" class=\"yoast-schema-graph\">{\"@context\":\"https:\/\/schema.org\",\"@graph\":[{\"@type\":\"WebPage\",\"@id\":\"https:\/\/talkpal.ai\/ga\/cleachtai-gramadai-na-romaine\/\",\"url\":\"https:\/\/talkpal.ai\/ga\/cleachtai-gramadai-na-romaine\/\",\"name\":\"Cleachta\u00ed Gramada\u00ed na R\u00f3m\u00e1ine - Talkpal\",\"isPartOf\":{\"@id\":\"https:\/\/talkpal.ai\/ga\/#website\"},\"primaryImageOfPage\":{\"@id\":\"https:\/\/talkpal.ai\/ga\/cleachtai-gramadai-na-romaine\/#primaryimage\"},\"image\":{\"@id\":\"https:\/\/talkpal.ai\/ga\/cleachtai-gramadai-na-romaine\/#primaryimage\"},\"thumbnailUrl\":\"https:\/\/talkpal.ai\/wp-content\/uploads\/2023\/05\/romania.png\",\"datePublished\":\"2023-06-28T09:53:38+00:00\",\"dateModified\":\"2025-12-17T09:38:46+00:00\",\"description\":\"M\u00e1istir ar ghramadach na R\u00f3m\u00e1ine le cleachta\u00ed spriocdh\u00edrithe. D\u00e9anann \u00e1r gcleachta\u00ed gramada\u00ed R\u00f3m\u00e1inis foghlaim c\u00f3rasach agus \u00e9ifeachtach.\",\"breadcrumb\":{\"@id\":\"https:\/\/talkpal.ai\/ga\/cleachtai-gramadai-na-romaine\/#breadcrumb\"},\"inLanguage\":\"ga-IE\",\"potentialAction\":[{\"@type\":\"ReadAction\",\"target\":[\"https:\/\/talkpal.ai\/ga\/cleachtai-gramadai-na-romaine\/\"]}]},{\"@type\":\"ImageObject\",\"inLanguage\":\"ga-IE\",\"@id\":\"https:\/\/talkpal.ai\/ga\/cleachtai-gramadai-na-romaine\/#primaryimage\",\"url\":\"https:\/\/talkpal.ai\/wp-content\/uploads\/2023\/05\/romania.png\",\"contentUrl\":\"https:\/\/talkpal.ai\/wp-content\/uploads\/2023\/05\/romania.png\",\"width\":512,\"height\":512,\"caption\":\"TalkPal Romania Flag\"},{\"@type\":\"BreadcrumbList\",\"@id\":\"https:\/\/talkpal.ai\/ga\/cleachtai-gramadai-na-romaine\/#breadcrumb\",\"itemListElement\":[{\"@type\":\"ListItem\",\"position\":1,\"name\":\"Homepage\",\"item\":\"https:\/\/talkpal.ai\/ga\/\"},{\"@type\":\"ListItem\",\"position\":2,\"name\":\"Cleachta\u00ed Gramada\u00ed na R\u00f3m\u00e1ine\"}]},{\"@type\":\"WebSite\",\"@id\":\"https:\/\/talkpal.ai\/ga\/#website\",\"url\":\"https:\/\/talkpal.ai\/ga\/\",\"name\":\"Talkpal\",\"description\":\"AI Language Learning\",\"publisher\":{\"@id\":\"https:\/\/talkpal.ai\/ga\/#organization\"},\"alternateName\":\"Talkpal AI\",\"potentialAction\":[{\"@type\":\"SearchAction\",\"target\":{\"@type\":\"EntryPoint\",\"urlTemplate\":\"https:\/\/talkpal.ai\/ga\/?s={search_term_string}\"},\"query-input\":{\"@type\":\"PropertyValueSpecification\",\"valueRequired\":true,\"valueName\":\"search_term_string\"}}],\"inLanguage\":\"ga-IE\"},{\"@type\":\"Organization\",\"@id\":\"https:\/\/talkpal.ai\/ga\/#organization\",\"name\":\"Talkpal, Inc.\",\"alternateName\":\"Talkpal AI\",\"url\":\"https:\/\/talkpal.ai\/ga\/\",\"logo\":{\"@type\":\"ImageObject\",\"inLanguage\":\"ga-IE\",\"@id\":\"https:\/\/talkpal.ai\/ga\/#\/schema\/logo\/image\/\",\"url\":\"https:\/\/talkpal.ai\/wp-content\/uploads\/2024\/03\/Talkpal-Logo-Icon.png\",\"contentUrl\":\"https:\/\/talkpal.ai\/wp-content\/uploads\/2024\/03\/Talkpal-Logo-Icon.png\",\"width\":2880,\"height\":2880,\"caption\":\"Talkpal, Inc.\"},\"image\":{\"@id\":\"https:\/\/talkpal.ai\/ga\/#\/schema\/logo\/image\/\"},\"sameAs\":[\"https:\/\/www.facebook.com\/profile.php?id=100090733639311\",\"https:\/\/x.com\/talkpalai\",\"https:\/\/www.linkedin.com\/company\/talkpal\/\",\"https:\/\/www.youtube.com\/@TalkPal\/\",\"https:\/\/www.tiktok.com\/@talkpal\",\"https:\/\/www.instagram.com\/talkpal_ai\/\",\"https:\/\/www.crunchbase.com\/organization\/talkpal-9cde\",\"https:\/\/www.g2.com\/products\/talkpal-for-business\/\",\"https:\/\/www.trustpilot.com\/review\/talkpal.ai\",\"https:\/\/www.capterra.com\/p\/10006800\/TalkPal\/\"],\"description\":\"Talkpal is a language learning web and mobile education app, powered by the latest AI technologies, that provides engaging experiences to its customers in many different languages to help them improve their language skills. Users can chat about unlimited amount of topics with the app and use other modes to practice their language learning.\",\"email\":\"support@talkpal.ai\",\"legalName\":\"Talkpal, Inc.\",\"foundingDate\":\"2023-04-03\",\"duns\":\"118989042\",\"numberOfEmployees\":{\"@type\":\"QuantitativeValue\",\"minValue\":\"11\",\"maxValue\":\"50\"},\"publishingPrinciples\":\"https:\/\/talkpal.ai\/publishing-principles\/\",\"actionableFeedbackPolicy\":\"https:\/\/talkpal.ai\/actionable-feedback-policy\/\",\"correctionsPolicy\":\"https:\/\/talkpal.ai\/corrections-policy\/\",\"ethicsPolicy\":\"https:\/\/talkpal.ai\/ethics-policy\/\",\"diversityPolicy\":\"https:\/\/talkpal.ai\/diversity-policy\/\",\"diversityStaffingReport\":\"https:\/\/talkpal.ai\/diversity-policy\/\"}]}<\/script>\n<!-- \/ Yoast SEO Premium plugin. -->","yoast_head_json":{"title":"Cleachta\u00ed Gramada\u00ed na R\u00f3m\u00e1ine - Talkpal","description":"M\u00e1istir ar ghramadach na R\u00f3m\u00e1ine le cleachta\u00ed spriocdh\u00edrithe. D\u00e9anann \u00e1r gcleachta\u00ed gramada\u00ed R\u00f3m\u00e1inis foghlaim c\u00f3rasach agus \u00e9ifeachtach.","robots":{"index":"index","follow":"follow","max-snippet":"max-snippet:-1","max-image-preview":"max-image-preview:large","max-video-preview":"max-video-preview:-1"},"canonical":"https:\/\/talkpal.ai\/ga\/cleachtai-gramadai-na-romaine\/","og_locale":"ga_IE","og_type":"article","og_title":"Cleachta\u00ed Gramada\u00ed na R\u00f3m\u00e1ine","og_description":"Topaic\u00ed Gramada\u00ed na R\u00f3m\u00e1ine Is iarracht luachmhar \u00e9 foghlaim na R\u00f3m\u00e1ine, a thugann l\u00e9argas ar chult\u00far agus stair shaibhir. C\u00e9 go bhfuil gramadach na","og_url":"https:\/\/talkpal.ai\/ga\/cleachtai-gramadai-na-romaine\/","og_site_name":"Talkpal","article_publisher":"https:\/\/www.facebook.com\/profile.php?id=100090733639311","article_modified_time":"2025-12-17T09:38:46+00:00","og_image":[{"width":512,"height":512,"url":"https:\/\/talkpal.ai\/wp-content\/uploads\/2023\/05\/romania.png","type":"image\/png"}],"twitter_card":"summary_large_image","twitter_site":"@talkpalai","twitter_misc":{"Est. reading time":"3 minutes"},"schema":{"@context":"https:\/\/schema.org","@graph":[{"@type":"WebPage","@id":"https:\/\/talkpal.ai\/ga\/cleachtai-gramadai-na-romaine\/","url":"https:\/\/talkpal.ai\/ga\/cleachtai-gramadai-na-romaine\/","name":"Cleachta\u00ed Gramada\u00ed na R\u00f3m\u00e1ine - Talkpal","isPartOf":{"@id":"https:\/\/talkpal.ai\/ga\/#website"},"primaryImageOfPage":{"@id":"https:\/\/talkpal.ai\/ga\/cleachtai-gramadai-na-romaine\/#primaryimage"},"image":{"@id":"https:\/\/talkpal.ai\/ga\/cleachtai-gramadai-na-romaine\/#primaryimage"},"thumbnailUrl":"https:\/\/talkpal.ai\/wp-content\/uploads\/2023\/05\/romania.png","datePublished":"2023-06-28T09:53:38+00:00","dateModified":"2025-12-17T09:38:46+00:00","description":"M\u00e1istir ar ghramadach na R\u00f3m\u00e1ine le cleachta\u00ed spriocdh\u00edrithe. D\u00e9anann \u00e1r gcleachta\u00ed gramada\u00ed R\u00f3m\u00e1inis foghlaim c\u00f3rasach agus \u00e9ifeachtach.","breadcrumb":{"@id":"https:\/\/talkpal.ai\/ga\/cleachtai-gramadai-na-romaine\/#breadcrumb"},"inLanguage":"ga-IE","potentialAction":[{"@type":"ReadAction","target":["https:\/\/talkpal.ai\/ga\/cleachtai-gramadai-na-romaine\/"]}]},{"@type":"ImageObject","inLanguage":"ga-IE","@id":"https:\/\/talkpal.ai\/ga\/cleachtai-gramadai-na-romaine\/#primaryimage","url":"https:\/\/talkpal.ai\/wp-content\/uploads\/2023\/05\/romania.png","contentUrl":"https:\/\/talkpal.ai\/wp-content\/uploads\/2023\/05\/romania.png","width":512,"height":512,"caption":"TalkPal Romania Flag"},{"@type":"BreadcrumbList","@id":"https:\/\/talkpal.ai\/ga\/cleachtai-gramadai-na-romaine\/#breadcrumb","itemListElement":[{"@type":"ListItem","position":1,"name":"Homepage","item":"https:\/\/talkpal.ai\/ga\/"},{"@type":"ListItem","position":2,"name":"Cleachta\u00ed Gramada\u00ed na R\u00f3m\u00e1ine"}]},{"@type":"WebSite","@id":"https:\/\/talkpal.ai\/ga\/#website","url":"https:\/\/talkpal.ai\/ga\/","name":"Talkpal","description":"AI Language Learning","publisher":{"@id":"https:\/\/talkpal.ai\/ga\/#organization"},"alternateName":"Talkpal AI","potentialAction":[{"@type":"SearchAction","target":{"@type":"EntryPoint","urlTemplate":"https:\/\/talkpal.ai\/ga\/?s={search_term_string}"},"query-input":{"@type":"PropertyValueSpecification","valueRequired":true,"valueName":"search_term_string"}}],"inLanguage":"ga-IE"},{"@type":"Organization","@id":"https:\/\/talkpal.ai\/ga\/#organization","name":"Talkpal, Inc.","alternateName":"Talkpal AI","url":"https:\/\/talkpal.ai\/ga\/","logo":{"@type":"ImageObject","inLanguage":"ga-IE","@id":"https:\/\/talkpal.ai\/ga\/#\/schema\/logo\/image\/","url":"https:\/\/talkpal.ai\/wp-content\/uploads\/2024\/03\/Talkpal-Logo-Icon.png","contentUrl":"https:\/\/talkpal.ai\/wp-content\/uploads\/2024\/03\/Talkpal-Logo-Icon.png","width":2880,"height":2880,"caption":"Talkpal, Inc."},"image":{"@id":"https:\/\/talkpal.ai\/ga\/#\/schema\/logo\/image\/"},"sameAs":["https:\/\/www.facebook.com\/profile.php?id=100090733639311","https:\/\/x.com\/talkpalai","https:\/\/www.linkedin.com\/company\/talkpal\/","https:\/\/www.youtube.com\/@TalkPal\/","https:\/\/www.tiktok.com\/@talkpal","https:\/\/www.instagram.com\/talkpal_ai\/","https:\/\/www.crunchbase.com\/organization\/talkpal-9cde","https:\/\/www.g2.com\/products\/talkpal-for-business\/","https:\/\/www.trustpilot.com\/review\/talkpal.ai","https:\/\/www.capterra.com\/p\/10006800\/TalkPal\/"],"description":"Talkpal is a language learning web and mobile education app, powered by the latest AI technologies, that provides engaging experiences to its customers in many different languages to help them improve their language skills. Users can chat about unlimited amount of topics with the app and use other modes to practice their language learning.","email":"support@talkpal.ai","legalName":"Talkpal, Inc.","foundingDate":"2023-04-03","duns":"118989042","numberOfEmployees":{"@type":"QuantitativeValue","minValue":"11","maxValue":"50"},"publishingPrinciples":"https:\/\/talkpal.ai\/publishing-principles\/","actionableFeedbackPolicy":"https:\/\/talkpal.ai\/actionable-feedback-policy\/","correctionsPolicy":"https:\/\/talkpal.ai\/corrections-policy\/","ethicsPolicy":"https:\/\/talkpal.ai\/ethics-policy\/","diversityPolicy":"https:\/\/talkpal.ai\/diversity-policy\/","diversityStaffingReport":"https:\/\/talkpal.ai\/diversity-policy\/"}]}},"_links":{"self":[{"href":"https:\/\/talkpal.ai\/ga\/wp-json\/wp\/v2\/pages\/1447959","targetHints":{"allow":["GET"]}}],"collection":[{"href":"https:\/\/talkpal.ai\/ga\/wp-json\/wp\/v2\/pages"}],"about":[{"href":"https:\/\/talkpal.ai\/ga\/wp-json\/wp\/v2\/types\/page"}],"author":[{"embeddable":true,"href":"https:\/\/talkpal.ai\/ga\/wp-json\/wp\/v2\/users\/6"}],"replies":[{"embeddable":true,"href":"https:\/\/talkpal.ai\/ga\/wp-json\/wp\/v2\/comments?post=1447959"}],"version-history":[{"count":0,"href":"https:\/\/talkpal.ai\/ga\/wp-json\/wp\/v2\/pages\/1447959\/revisions"}],"wp:featuredmedia":[{"embeddable":true,"href":"https:\/\/talkpal.ai\/ga\/wp-json\/wp\/v2\/media\/1444136"}],"wp:attachment":[{"href":"https:\/\/talkpal.ai\/ga\/wp-json\/wp\/v2\/media?parent=1447959"}],"curies":[{"name":"wp","href":"https:\/\/api.w.org\/{rel}","templated":true}]}}