{"id":1447947,"date":"2023-06-28T14:00:55","date_gmt":"2023-06-28T14:00:55","guid":{"rendered":"https:\/\/talkpal.ai\/cleachtai-gramadai-svahailis\/"},"modified":"2025-12-17T09:59:42","modified_gmt":"2025-12-17T09:59:42","slug":"cleachtai-gramadai-svahailis","status":"publish","type":"page","link":"https:\/\/talkpal.ai\/ga\/cleachtai-gramadai-svahailis\/","title":{"rendered":"Cleachta\u00ed Gramada\u00ed Svaha\u00edlis"},"content":{"rendered":"\r\n\r\n\r\n<section class=\"languageChallengeSection\">\r\n    <div class=\"languageInfoWrapper\">\r\n        \r\n        <h1>Cleachta\u00ed Gramada\u00ed Svaha\u00edlis<\/h1>\r\n        <p>R\u00e9idh le do scileanna <a href=\"https:\/\/talkpal.ai\/learn-swahili\/\">Svaha\u00edlis<\/a> a neart\u00fa? Is iad cleachta\u00ed gramada\u00ed d\u00edrithe an bealach iontach chun strucht\u00far abairte, patr\u00fain briathra, agus foirmeacha focal riachtanacha a thuiscint. L\u00e9im isteach i gcleachtas gramada\u00ed Svaha\u00edlis chun muin\u00edn a th\u00f3g\u00e1il, do st\u00f3r focal a leathn\u00fa, agus gach comhr\u00e1 a dh\u00e9anamh n\u00edos n\u00e1d\u00fartha. Tosaigh ag cleachtadh inniu agus f\u00e9ach c\u00e9 chomh tapa agus a fheabhsa\u00edonn do Svaha\u00edlis!<\/p>\r\n\r\n                            <a class=\"getStartedHidden\" href=\"https:\/\/app.talkpal.ai\/signup?lng=\">Tosaigh<\/a>\r\n        \r\n    <\/div>\r\n\r\n    <figure>\r\n    <img decoding=\"async\" width=\"768\" height=\"768\" src=\"https:\/\/talkpal.ai\/wp-content\/uploads\/2023\/06\/Swahili-768x768.png\" class=\"languageImage no-lazy\" alt=\"Secrets to master language learning\" fetchpriority=\"high\" sizes=\"(max-width: 768px) 150px, 768px\" srcset=\"https:\/\/talkpal.ai\/wp-content\/uploads\/2023\/06\/Swahili-768x768.png 768w, https:\/\/talkpal.ai\/wp-content\/uploads\/2023\/06\/Swahili-300x300.png 300w\" \/>\r\n    \r\n\r\n    <\/figure>\r\n\r\n            <a class=\"getStartedVisible\" href=\"https:\/\/app.talkpal.ai\/signup?lng=\">Tosaigh<\/a>\r\n    \r\n<\/section>\r\n\r\n\r\n<!-- <section class=\"grammarSection\">\r\n    <div class=\"grammarLinks\">\r\n            <\/div>\r\n<\/section> -->\r\n\r\n\r\n\r\n\r\n<section class=\"promotionalBanner\">\r\n    <p class=\"promotionalText\">An bealach is \u00e9ifeachta\u00ed le teanga a fhoghlaim<\/p>\r\n    <a class=\"promotionalLink\" href=\"https:\/\/app.talkpal.ai\/signup?lng=\">Bain triail as Talkpal saor in aisce<\/a>\r\n<\/section>\n<div class=\"wp-block-group pageContainerStyle\"><div class=\"wp-block-group__inner-container is-layout-constrained wp-block-group-is-layout-constrained\">\n<h2 class=\"wp-block-heading\" id=\"h-swahili-grammar-topics\">Topaic\u00ed Gramada\u00ed Svaha\u00edlis<\/h2>\n\n\n\n<p>Is turas spreag\u00fail \u00e9 Foghlaim na Svaha\u00edlis isteach i gceann de na teangacha is m\u00f3 a labhra\u00edtear san Afraic. Is teanga Bantu \u00ed, a labhra\u00edtear go pr\u00edomha in Oirthear na hAfraice, le thart ar 50-100 milli\u00fan cainteoir ar fud an domhain. T\u00e1 <a href=\"https:\/\/talkpal.ai\/grammar\/\">gramadach<\/a> na Svaha\u00edlis saini\u00fail agus tugann s\u00e9 peirspict\u00edocht sp\u00e9isi\u00fail ar strucht\u00far teanga. Chun Svaha\u00edlis a fhoghlaim go h\u00e9ifeacht\u00fail, t\u00e1 s\u00e9 r\u00edth\u00e1bhachtach cur chuige strucht\u00fartha a lean\u00faint, ag d\u00edri\u00fa ar phr\u00edomh\u00e1bhair ghramada\u00ed cos\u00fail le aimsir\u00ed, briathra, ainmfhocail, ailt, forainmneacha \/ cinntitheoir\u00ed, aidiachta\u00ed, adverbs, coinn\u00edollacha, r\u00e9amhfhocail, agus t\u00f3g\u00e1il abairt\u00ed. T\u00e1 gach ceann de na comhph\u00e1irteanna seo l\u00e1rnach chun an teanga a thuiscint agus a mh\u00e1istir.<\/p>\n\n\n\n<h3 class=\"wp-block-heading\" id=\"h-1-nouns\">1. Ainmfhocail:<\/h3>\n\n\n\n<p>Tosaigh le foghlaim ainmfhocail Svaha\u00edlis. I Svaha\u00edlis, d\u00e9antar ainmfhocail a aicmi\u00fa de r\u00e9ir aicm\u00ed ainmfhocail, a th\u00e9ann i bhfeidhm ar fhoirm aidiacht, forainmneacha agus briathra a bhaineann leo. Is \u00e9 tuiscint na ranganna ainmfhocail seo an bun\u00fas chun gn\u00e9ithe eile de ghramadach na Svaha\u00edlis a fhoghlaim.<\/p>\n\n\n\n<h3 class=\"wp-block-heading\" id=\"h-2-articles\">2. Airteagail:<\/h3>\n\n\n\n<p>Nuair a bheidh tuiscint agat ar ainmfhocail, bog go dt\u00ed ailt. I Svaha\u00edlis, n\u00edl aon ailt chinnte n\u00f3 \u00e9iginnte cos\u00fail le &#8220;a,&#8221; &#8220;an,&#8221; n\u00f3 &#8220;an.&#8221; Mar sin f\u00e9in, t\u00e1 r\u00f3l den chine\u00e1l c\u00e9anna ag an gc\u00f3ras aicme ainmfhocail, mar sin t\u00e1 s\u00e9 t\u00e1bhachtach m\u00e1istreacht a dh\u00e9anamh air.<\/p>\n\n\n\n<h3 class=\"wp-block-heading\" id=\"h-3-pronouns-determiners\">3. Forainmneacha \/ Cinntitheoir\u00ed:<\/h3>\n\n\n\n<p>Athra\u00edonn forainmneacha agus cinnteoir\u00ed sa tSvaha\u00edlis bunaithe ar aicme ainmfhocail an ainmfhocail a bhfuil siad ag tagairt d\u00f3. Cuideoidh foghlaim na n-athruithe seo le habairt\u00ed ioml\u00e1na a th\u00f3g\u00e1il.<\/p>\n\n\n\n<h3 class=\"wp-block-heading\" id=\"h-4-adjectives\">4. Aidiachta\u00ed:<\/h3>\n\n\n\n<p>Aonta\u00edonn aidiachta\u00ed Svaha\u00edlis leis an ainmfhocal a thuairisc\u00edonn siad. Cialla\u00edonn s\u00e9 seo go n-athra\u00edonn an aidiacht a fhoirm chun aicme an ainmfhocail a mheaitse\u00e1il. M\u00e1 thuigeann t\u00fa seo, feabhs\u00f3idh t\u00fa do th\u00f3g\u00e1il abairte.<\/p>\n\n\n\n<h3 class=\"wp-block-heading\" id=\"h-5-verbs\">5. Briathra:<\/h3>\n\n\n\n<p>T\u00e1 briathra Svaha\u00edlis riachtanach chun gn\u00edomhartha agus st\u00e1it a <a href=\"https:\/\/talkpal.ai\/locations\/language-courses-in-chur\/\">chur<\/a> in i\u00fal. B\u00edonn faisn\u00e9is teannas, gn\u00e9, agus gi\u00famar acu freisin. T\u00e1 s\u00e9 r\u00edth\u00e1bhachtach rialacha comhchuingithe briathar a bheith ar eolas agat do chumars\u00e1id \u00e9ifeachtach.<\/p>\n\n\n\n<h3 class=\"wp-block-heading\" id=\"h-6-tenses\">6. Aimsir:<\/h3>\n\n\n\n<p>T\u00e1 tuiscint ar aimsir r\u00edth\u00e1bhachtach chun imeachta\u00ed a tharla\u00edonn ag amanna \u00e9ags\u00fala a chur in i\u00fal. T\u00e1 aimsir dhifri\u00fala ag an Svaha\u00edlis d&#8217;imeachta\u00ed san am at\u00e1 caite, san am i l\u00e1thair agus sa todhcha\u00ed.<\/p>\n\n\n\n<h3 class=\"wp-block-heading\" id=\"h-7-tense-comparison\">7. Compar\u00e1id aimsire:<\/h3>\n\n\n\n<p>Tar \u00e9is duit na aimsir\u00ed bun\u00fasacha a thuiscint, caithfidh t\u00fa foghlaim conas iad a chur i gcompar\u00e1id. Cabhr\u00f3idh s\u00e9 seo leat smaointe agus c\u00e1sanna casta a chur in i\u00fal.<\/p>\n\n\n\n<h3 class=\"wp-block-heading\" id=\"h-8-progressive-and-perfect-progressive\">8. For\u00e1sach agus For\u00e1sach Foirfe:<\/h3>\n\n\n\n<p>L\u00e9ir\u00edonn na gn\u00e9ithe seo de na haimsir\u00ed gn\u00edomhartha lean\u00fanacha n\u00f3 gn\u00edomhartha at\u00e1 cr\u00edochnaithe. M\u00e1 thuigeann t\u00fa iad seo, saibhreoidh t\u00fa do chumais l\u00e9irithe i Svaha\u00edlis.<\/p>\n\n\n\n<h3 class=\"wp-block-heading\" id=\"h-9-adverbs\">9. Adverbs:<\/h3>\n\n\n\n<p>Adverbs modify verbs, adjectives, and other adverbs. Sol\u00e1thra\u00edonn siad faisn\u00e9is bhreise faoi ghn\u00edomhartha, c\u00e1il\u00edochta\u00ed, n\u00f3 imthosca eile.<\/p>\n\n\n\n<h3 class=\"wp-block-heading\" id=\"h-10-conditionals\">10. Coinn\u00edollacha:<\/h3>\n\n\n\n<p>L\u00e9ir\u00edonn coinn\u00edollacha c\u00e1sanna hipit\u00e9iseacha n\u00f3 sple\u00e1chais idir imeachta\u00ed. T\u00e1 siad \u00fas\u00e1ideach le haghaidh ardchumars\u00e1ide i Svaha\u00edlis.<\/p>\n\n\n\n<h3 class=\"wp-block-heading\" id=\"h-11-prepositions\">11. Prepositions:<\/h3>\n\n\n\n<p>Ligfidh r\u00e9amhfhocail duit caidrimh idir codanna \u00e9ags\u00fala den abairt a chur in i\u00fal, mar shampla su\u00edomh, treo, am, c\u00fais, srl.<\/p>\n\n\n\n<h3 class=\"wp-block-heading\" id=\"h-12-sentences\">12. Abairt\u00ed:<\/h3>\n\n\n\n<p>Mar fhocal scoir, is \u00e9 tuiscint a fh\u00e1il ar conas abairt\u00ed a th\u00f3g\u00e1il ag baint \u00fas\u00e1ide as na codanna foghlamtha go l\u00e9ir den urlabhra buaicphointe do thuras foghlama Svaha\u00edlis. Is \u00e9ard at\u00e1 i gceist leis n\u00e1 focail agus fr\u00e1sa\u00ed a shocr\u00fa chun smaointe ioml\u00e1na a chruth\u00fa.<\/p>\n<\/div><\/div>\n\r\n<section class=\"learnNavigationSection\">\r\n            \r\n        <a href=\"https:\/\/talkpal.ai\/ga\/foghlaim-svahailis\/\">\r\n            <div class=\"learnNavigationWrapper\">\r\n                <div class=\"learnNavigationContent\">\r\n                    <img decoding=\"async\" src=\"https:\/\/talkpal.ai\/wp-content\/uploads\/2024\/08\/Swahili.jpg\" alt=\"Kenya and Tanzania Flags\">\r\n                    <div>\r\n                        <h4>Maidir le Foghlaim Svaha\u00edlis<\/h4>\r\n                        <p>Faigh amach gach rud faoi ghramadach na Svaha\u00edlise.<\/p>\r\n                    <\/div>\r\n                <\/div>\r\n            <\/div>\r\n        <\/a>\r\n\r\n        \r\n        <a href=\"https:\/\/talkpal.ai\/ga\/gramadach-svahailis\/\">\r\n            <div class=\"learnNavigationWrapper\">\r\n                <div class=\"learnNavigationContent\">\r\n                    <img decoding=\"async\" src=\"https:\/\/talkpal.ai\/wp-content\/uploads\/2024\/08\/Swahili.jpg\" alt=\"Kenya and Tanzania Flags\">\r\n                    <div>\r\n                        <h4>Ceachtanna Gramada\u00ed Svaha\u00edlis<\/h4>\r\n                        <p>Cleachtadh gramadach Svaha\u00edlis.<\/p>\r\n                    <\/div>\r\n                <\/div>\r\n            <\/div>\r\n        <\/a>\r\n\r\n        \r\n        <a href=\"https:\/\/talkpal.ai\/vocabulary_language\/swahili\/\">\r\n            <div class=\"learnNavigationWrapper\">\r\n                <div class=\"learnNavigationContent\">\r\n                    <img decoding=\"async\" src=\"https:\/\/talkpal.ai\/wp-content\/uploads\/2024\/08\/Swahili.jpg\" alt=\"Kenya and Tanzania Flags\">\r\n                    <div>\r\n                        <h4>St\u00f3r Focal Svaha\u00edlis<\/h4>\r\n                        <p>Leathnaigh do st\u00f3r focal Svaha\u00edlis.<\/p>\r\n                    <\/div>\r\n                <\/div>\r\n            <\/div>\r\n        <\/a>\r\n\r\n            <\/section>","protected":false},"excerpt":{"rendered":"<p>Topaic\u00ed Gramada\u00ed Svaha\u00edlis Is turas spreag\u00fail \u00e9 Foghlaim na Svaha\u00edlis isteach i gceann de na teangacha is m\u00f3 a labhra\u00edtear san Afraic. Is teanga Bantu \u00ed, a labhra\u00edtear go pr\u00edomha in Oirthear na hAfraice, le thart ar 50-100 milli\u00fan cainteoir ar fud an domhain. T\u00e1 gramadach na Svaha\u00edlis saini\u00fail agus tugann s\u00e9 peirspict\u00edocht sp\u00e9isi\u00fail ar [&hellip;]<\/p>\n","protected":false},"author":6,"featured_media":1444709,"parent":0,"menu_order":0,"comment_status":"closed","ping_status":"closed","template":"LearningContentPage.php","meta":{"_acf_changed":false,"footnotes":""},"class_list":["post-1447947","page","type-page","status-publish","has-post-thumbnail","hentry"],"acf":[],"yoast_head":"<!-- This site is optimized with the Yoast SEO Premium plugin v27.2 (Yoast SEO v27.2) - https:\/\/yoast.com\/product\/yoast-seo-premium-wordpress\/ -->\n<title>Cleachta\u00ed Gramada\u00ed Svaha\u00edlis - Talkpal<\/title>\n<meta name=\"description\" content=\"D\u00e9an ini\u00fachadh ar chleachta\u00ed gramada\u00ed tarraingteacha Svaha\u00edlis chun do scileanna teanga a fheabhs\u00fa agus do thuiscint ar an Svaha\u00edlis a fheabhs\u00fa.\" \/>\n<meta name=\"robots\" content=\"index, follow, max-snippet:-1, max-image-preview:large, max-video-preview:-1\" \/>\n<link rel=\"canonical\" href=\"https:\/\/talkpal.ai\/ga\/cleachtai-gramadai-svahailis\/\" \/>\n<meta property=\"og:locale\" content=\"ga_IE\" \/>\n<meta property=\"og:type\" content=\"article\" \/>\n<meta property=\"og:title\" content=\"Cleachta\u00ed Gramada\u00ed Svaha\u00edlis\" \/>\n<meta property=\"og:description\" content=\"Topaic\u00ed Gramada\u00ed Svaha\u00edlis Is turas spreag\u00fail \u00e9 Foghlaim na Svaha\u00edlis isteach i gceann de na teangacha is m\u00f3 a labhra\u00edtear san Afraic. Is teanga Bantu \u00ed,\" \/>\n<meta property=\"og:url\" content=\"https:\/\/talkpal.ai\/ga\/cleachtai-gramadai-svahailis\/\" \/>\n<meta property=\"og:site_name\" content=\"Talkpal\" \/>\n<meta property=\"article:publisher\" content=\"https:\/\/www.facebook.com\/profile.php?id=100090733639311\" \/>\n<meta property=\"article:modified_time\" content=\"2025-12-17T09:59:42+00:00\" \/>\n<meta property=\"og:image\" content=\"https:\/\/talkpal.ai\/wp-content\/uploads\/2023\/05\/Swahili-tanzania.png\" \/>\n\t<meta property=\"og:image:width\" content=\"512\" \/>\n\t<meta property=\"og:image:height\" content=\"512\" \/>\n\t<meta property=\"og:image:type\" content=\"image\/png\" \/>\n<meta name=\"twitter:card\" content=\"summary_large_image\" \/>\n<meta name=\"twitter:site\" content=\"@talkpalai\" \/>\n<meta name=\"twitter:label1\" content=\"Est. reading time\" \/>\n\t<meta name=\"twitter:data1\" content=\"3 minutes\" \/>\n<script type=\"application\/ld+json\" class=\"yoast-schema-graph\">{\"@context\":\"https:\/\/schema.org\",\"@graph\":[{\"@type\":\"WebPage\",\"@id\":\"https:\/\/talkpal.ai\/ga\/cleachtai-gramadai-svahailis\/\",\"url\":\"https:\/\/talkpal.ai\/ga\/cleachtai-gramadai-svahailis\/\",\"name\":\"Cleachta\u00ed Gramada\u00ed Svaha\u00edlis - Talkpal\",\"isPartOf\":{\"@id\":\"https:\/\/talkpal.ai\/ga\/#website\"},\"primaryImageOfPage\":{\"@id\":\"https:\/\/talkpal.ai\/ga\/cleachtai-gramadai-svahailis\/#primaryimage\"},\"image\":{\"@id\":\"https:\/\/talkpal.ai\/ga\/cleachtai-gramadai-svahailis\/#primaryimage\"},\"thumbnailUrl\":\"https:\/\/talkpal.ai\/wp-content\/uploads\/2023\/05\/Swahili-tanzania.png\",\"datePublished\":\"2023-06-28T14:00:55+00:00\",\"dateModified\":\"2025-12-17T09:59:42+00:00\",\"description\":\"D\u00e9an ini\u00fachadh ar chleachta\u00ed gramada\u00ed tarraingteacha Svaha\u00edlis chun do scileanna teanga a fheabhs\u00fa agus do thuiscint ar an Svaha\u00edlis a fheabhs\u00fa.\",\"breadcrumb\":{\"@id\":\"https:\/\/talkpal.ai\/ga\/cleachtai-gramadai-svahailis\/#breadcrumb\"},\"inLanguage\":\"ga-IE\",\"potentialAction\":[{\"@type\":\"ReadAction\",\"target\":[\"https:\/\/talkpal.ai\/ga\/cleachtai-gramadai-svahailis\/\"]}]},{\"@type\":\"ImageObject\",\"inLanguage\":\"ga-IE\",\"@id\":\"https:\/\/talkpal.ai\/ga\/cleachtai-gramadai-svahailis\/#primaryimage\",\"url\":\"https:\/\/talkpal.ai\/wp-content\/uploads\/2023\/05\/Swahili-tanzania.png\",\"contentUrl\":\"https:\/\/talkpal.ai\/wp-content\/uploads\/2023\/05\/Swahili-tanzania.png\",\"width\":512,\"height\":512,\"caption\":\"TalkPal SwahiliFlag\"},{\"@type\":\"BreadcrumbList\",\"@id\":\"https:\/\/talkpal.ai\/ga\/cleachtai-gramadai-svahailis\/#breadcrumb\",\"itemListElement\":[{\"@type\":\"ListItem\",\"position\":1,\"name\":\"Homepage\",\"item\":\"https:\/\/talkpal.ai\/ga\/\"},{\"@type\":\"ListItem\",\"position\":2,\"name\":\"Cleachta\u00ed Gramada\u00ed Svaha\u00edlis\"}]},{\"@type\":\"WebSite\",\"@id\":\"https:\/\/talkpal.ai\/ga\/#website\",\"url\":\"https:\/\/talkpal.ai\/ga\/\",\"name\":\"Talkpal\",\"description\":\"AI Language Learning\",\"publisher\":{\"@id\":\"https:\/\/talkpal.ai\/ga\/#organization\"},\"alternateName\":\"Talkpal AI\",\"potentialAction\":[{\"@type\":\"SearchAction\",\"target\":{\"@type\":\"EntryPoint\",\"urlTemplate\":\"https:\/\/talkpal.ai\/ga\/?s={search_term_string}\"},\"query-input\":{\"@type\":\"PropertyValueSpecification\",\"valueRequired\":true,\"valueName\":\"search_term_string\"}}],\"inLanguage\":\"ga-IE\"},{\"@type\":\"Organization\",\"@id\":\"https:\/\/talkpal.ai\/ga\/#organization\",\"name\":\"Talkpal, Inc.\",\"alternateName\":\"Talkpal AI\",\"url\":\"https:\/\/talkpal.ai\/ga\/\",\"logo\":{\"@type\":\"ImageObject\",\"inLanguage\":\"ga-IE\",\"@id\":\"https:\/\/talkpal.ai\/ga\/#\/schema\/logo\/image\/\",\"url\":\"https:\/\/talkpal.ai\/wp-content\/uploads\/2024\/03\/Talkpal-Logo-Icon.png\",\"contentUrl\":\"https:\/\/talkpal.ai\/wp-content\/uploads\/2024\/03\/Talkpal-Logo-Icon.png\",\"width\":2880,\"height\":2880,\"caption\":\"Talkpal, Inc.\"},\"image\":{\"@id\":\"https:\/\/talkpal.ai\/ga\/#\/schema\/logo\/image\/\"},\"sameAs\":[\"https:\/\/www.facebook.com\/profile.php?id=100090733639311\",\"https:\/\/x.com\/talkpalai\",\"https:\/\/www.linkedin.com\/company\/talkpal\/\",\"https:\/\/www.youtube.com\/@TalkPal\/\",\"https:\/\/www.tiktok.com\/@talkpal\",\"https:\/\/www.instagram.com\/talkpal_ai\/\",\"https:\/\/www.crunchbase.com\/organization\/talkpal-9cde\",\"https:\/\/www.g2.com\/products\/talkpal-for-business\/\",\"https:\/\/www.trustpilot.com\/review\/talkpal.ai\",\"https:\/\/www.capterra.com\/p\/10006800\/TalkPal\/\"],\"description\":\"Talkpal is a language learning web and mobile education app, powered by the latest AI technologies, that provides engaging experiences to its customers in many different languages to help them improve their language skills. Users can chat about unlimited amount of topics with the app and use other modes to practice their language learning.\",\"email\":\"support@talkpal.ai\",\"legalName\":\"Talkpal, Inc.\",\"foundingDate\":\"2023-04-03\",\"duns\":\"118989042\",\"numberOfEmployees\":{\"@type\":\"QuantitativeValue\",\"minValue\":\"11\",\"maxValue\":\"50\"},\"publishingPrinciples\":\"https:\/\/talkpal.ai\/publishing-principles\/\",\"actionableFeedbackPolicy\":\"https:\/\/talkpal.ai\/actionable-feedback-policy\/\",\"correctionsPolicy\":\"https:\/\/talkpal.ai\/corrections-policy\/\",\"ethicsPolicy\":\"https:\/\/talkpal.ai\/ethics-policy\/\",\"diversityPolicy\":\"https:\/\/talkpal.ai\/diversity-policy\/\",\"diversityStaffingReport\":\"https:\/\/talkpal.ai\/diversity-policy\/\"}]}<\/script>\n<!-- \/ Yoast SEO Premium plugin. -->","yoast_head_json":{"title":"Cleachta\u00ed Gramada\u00ed Svaha\u00edlis - Talkpal","description":"D\u00e9an ini\u00fachadh ar chleachta\u00ed gramada\u00ed tarraingteacha Svaha\u00edlis chun do scileanna teanga a fheabhs\u00fa agus do thuiscint ar an Svaha\u00edlis a fheabhs\u00fa.","robots":{"index":"index","follow":"follow","max-snippet":"max-snippet:-1","max-image-preview":"max-image-preview:large","max-video-preview":"max-video-preview:-1"},"canonical":"https:\/\/talkpal.ai\/ga\/cleachtai-gramadai-svahailis\/","og_locale":"ga_IE","og_type":"article","og_title":"Cleachta\u00ed Gramada\u00ed Svaha\u00edlis","og_description":"Topaic\u00ed Gramada\u00ed Svaha\u00edlis Is turas spreag\u00fail \u00e9 Foghlaim na Svaha\u00edlis isteach i gceann de na teangacha is m\u00f3 a labhra\u00edtear san Afraic. Is teanga Bantu \u00ed,","og_url":"https:\/\/talkpal.ai\/ga\/cleachtai-gramadai-svahailis\/","og_site_name":"Talkpal","article_publisher":"https:\/\/www.facebook.com\/profile.php?id=100090733639311","article_modified_time":"2025-12-17T09:59:42+00:00","og_image":[{"width":512,"height":512,"url":"https:\/\/talkpal.ai\/wp-content\/uploads\/2023\/05\/Swahili-tanzania.png","type":"image\/png"}],"twitter_card":"summary_large_image","twitter_site":"@talkpalai","twitter_misc":{"Est. reading time":"3 minutes"},"schema":{"@context":"https:\/\/schema.org","@graph":[{"@type":"WebPage","@id":"https:\/\/talkpal.ai\/ga\/cleachtai-gramadai-svahailis\/","url":"https:\/\/talkpal.ai\/ga\/cleachtai-gramadai-svahailis\/","name":"Cleachta\u00ed Gramada\u00ed Svaha\u00edlis - Talkpal","isPartOf":{"@id":"https:\/\/talkpal.ai\/ga\/#website"},"primaryImageOfPage":{"@id":"https:\/\/talkpal.ai\/ga\/cleachtai-gramadai-svahailis\/#primaryimage"},"image":{"@id":"https:\/\/talkpal.ai\/ga\/cleachtai-gramadai-svahailis\/#primaryimage"},"thumbnailUrl":"https:\/\/talkpal.ai\/wp-content\/uploads\/2023\/05\/Swahili-tanzania.png","datePublished":"2023-06-28T14:00:55+00:00","dateModified":"2025-12-17T09:59:42+00:00","description":"D\u00e9an ini\u00fachadh ar chleachta\u00ed gramada\u00ed tarraingteacha Svaha\u00edlis chun do scileanna teanga a fheabhs\u00fa agus do thuiscint ar an Svaha\u00edlis a fheabhs\u00fa.","breadcrumb":{"@id":"https:\/\/talkpal.ai\/ga\/cleachtai-gramadai-svahailis\/#breadcrumb"},"inLanguage":"ga-IE","potentialAction":[{"@type":"ReadAction","target":["https:\/\/talkpal.ai\/ga\/cleachtai-gramadai-svahailis\/"]}]},{"@type":"ImageObject","inLanguage":"ga-IE","@id":"https:\/\/talkpal.ai\/ga\/cleachtai-gramadai-svahailis\/#primaryimage","url":"https:\/\/talkpal.ai\/wp-content\/uploads\/2023\/05\/Swahili-tanzania.png","contentUrl":"https:\/\/talkpal.ai\/wp-content\/uploads\/2023\/05\/Swahili-tanzania.png","width":512,"height":512,"caption":"TalkPal SwahiliFlag"},{"@type":"BreadcrumbList","@id":"https:\/\/talkpal.ai\/ga\/cleachtai-gramadai-svahailis\/#breadcrumb","itemListElement":[{"@type":"ListItem","position":1,"name":"Homepage","item":"https:\/\/talkpal.ai\/ga\/"},{"@type":"ListItem","position":2,"name":"Cleachta\u00ed Gramada\u00ed Svaha\u00edlis"}]},{"@type":"WebSite","@id":"https:\/\/talkpal.ai\/ga\/#website","url":"https:\/\/talkpal.ai\/ga\/","name":"Talkpal","description":"AI Language Learning","publisher":{"@id":"https:\/\/talkpal.ai\/ga\/#organization"},"alternateName":"Talkpal AI","potentialAction":[{"@type":"SearchAction","target":{"@type":"EntryPoint","urlTemplate":"https:\/\/talkpal.ai\/ga\/?s={search_term_string}"},"query-input":{"@type":"PropertyValueSpecification","valueRequired":true,"valueName":"search_term_string"}}],"inLanguage":"ga-IE"},{"@type":"Organization","@id":"https:\/\/talkpal.ai\/ga\/#organization","name":"Talkpal, Inc.","alternateName":"Talkpal AI","url":"https:\/\/talkpal.ai\/ga\/","logo":{"@type":"ImageObject","inLanguage":"ga-IE","@id":"https:\/\/talkpal.ai\/ga\/#\/schema\/logo\/image\/","url":"https:\/\/talkpal.ai\/wp-content\/uploads\/2024\/03\/Talkpal-Logo-Icon.png","contentUrl":"https:\/\/talkpal.ai\/wp-content\/uploads\/2024\/03\/Talkpal-Logo-Icon.png","width":2880,"height":2880,"caption":"Talkpal, Inc."},"image":{"@id":"https:\/\/talkpal.ai\/ga\/#\/schema\/logo\/image\/"},"sameAs":["https:\/\/www.facebook.com\/profile.php?id=100090733639311","https:\/\/x.com\/talkpalai","https:\/\/www.linkedin.com\/company\/talkpal\/","https:\/\/www.youtube.com\/@TalkPal\/","https:\/\/www.tiktok.com\/@talkpal","https:\/\/www.instagram.com\/talkpal_ai\/","https:\/\/www.crunchbase.com\/organization\/talkpal-9cde","https:\/\/www.g2.com\/products\/talkpal-for-business\/","https:\/\/www.trustpilot.com\/review\/talkpal.ai","https:\/\/www.capterra.com\/p\/10006800\/TalkPal\/"],"description":"Talkpal is a language learning web and mobile education app, powered by the latest AI technologies, that provides engaging experiences to its customers in many different languages to help them improve their language skills. Users can chat about unlimited amount of topics with the app and use other modes to practice their language learning.","email":"support@talkpal.ai","legalName":"Talkpal, Inc.","foundingDate":"2023-04-03","duns":"118989042","numberOfEmployees":{"@type":"QuantitativeValue","minValue":"11","maxValue":"50"},"publishingPrinciples":"https:\/\/talkpal.ai\/publishing-principles\/","actionableFeedbackPolicy":"https:\/\/talkpal.ai\/actionable-feedback-policy\/","correctionsPolicy":"https:\/\/talkpal.ai\/corrections-policy\/","ethicsPolicy":"https:\/\/talkpal.ai\/ethics-policy\/","diversityPolicy":"https:\/\/talkpal.ai\/diversity-policy\/","diversityStaffingReport":"https:\/\/talkpal.ai\/diversity-policy\/"}]}},"_links":{"self":[{"href":"https:\/\/talkpal.ai\/ga\/wp-json\/wp\/v2\/pages\/1447947","targetHints":{"allow":["GET"]}}],"collection":[{"href":"https:\/\/talkpal.ai\/ga\/wp-json\/wp\/v2\/pages"}],"about":[{"href":"https:\/\/talkpal.ai\/ga\/wp-json\/wp\/v2\/types\/page"}],"author":[{"embeddable":true,"href":"https:\/\/talkpal.ai\/ga\/wp-json\/wp\/v2\/users\/6"}],"replies":[{"embeddable":true,"href":"https:\/\/talkpal.ai\/ga\/wp-json\/wp\/v2\/comments?post=1447947"}],"version-history":[{"count":0,"href":"https:\/\/talkpal.ai\/ga\/wp-json\/wp\/v2\/pages\/1447947\/revisions"}],"wp:featuredmedia":[{"embeddable":true,"href":"https:\/\/talkpal.ai\/ga\/wp-json\/wp\/v2\/media\/1444709"}],"wp:attachment":[{"href":"https:\/\/talkpal.ai\/ga\/wp-json\/wp\/v2\/media?parent=1447947"}],"curies":[{"name":"wp","href":"https:\/\/api.w.org\/{rel}","templated":true}]}}