{"id":1446957,"date":"2023-07-05T11:05:37","date_gmt":"2023-07-05T11:05:37","guid":{"rendered":"https:\/\/talkpal.ai\/cleachtai-gramadai-vitneaimis\/"},"modified":"2025-12-17T14:56:56","modified_gmt":"2025-12-17T14:56:56","slug":"cleachtai-gramadai-vitneaimis","status":"publish","type":"page","link":"https:\/\/talkpal.ai\/ga\/cleachtai-gramadai-vitneaimis\/","title":{"rendered":"Cleachta\u00ed Gramada\u00ed V\u00edtneaimis"},"content":{"rendered":"\r\n\r\n\r\n<section class=\"languageChallengeSection\">\r\n    <div class=\"languageInfoWrapper\">\r\n        \r\n        <h1>Cleachta\u00ed Gramada\u00ed V\u00edtneaimis<\/h1>\r\n        <p>D\u00e9anaimis spraoi le gramadach na Sl\u00f3vaice! Cabhr\u00f3idh na cleachta\u00ed simpl\u00ed seo leat dul i dtaith\u00ed ar an gcaoi a n-oibr\u00edonn an teanga agus cuirfidh t\u00fa le do mhuin\u00edn agus t\u00fa ag foghlaim. R\u00e9idh? Tosa\u00edmid!<\/p>\r\n\r\n                            <a class=\"getStartedHidden\" href=\"https:\/\/app.talkpal.ai\/signup?lng=\">Tosaigh<\/a>\r\n        \r\n    <\/div>\r\n\r\n    <figure>\r\n    <img decoding=\"async\" width=\"768\" height=\"768\" src=\"https:\/\/talkpal.ai\/wp-content\/uploads\/2023\/06\/vietnamese-768x768.png\" class=\"languageImage no-lazy\" alt=\"Language learning for extensive cultural knowledge\" fetchpriority=\"high\" sizes=\"(max-width: 768px) 150px, 768px\" srcset=\"https:\/\/talkpal.ai\/wp-content\/uploads\/2023\/06\/vietnamese-768x768.png 768w, https:\/\/talkpal.ai\/wp-content\/uploads\/2023\/06\/vietnamese-300x300.png 300w\" \/>\r\n    \r\n\r\n    <\/figure>\r\n\r\n            <a class=\"getStartedVisible\" href=\"https:\/\/app.talkpal.ai\/signup?lng=\">Tosaigh<\/a>\r\n    \r\n<\/section>\r\n\r\n\r\n<!-- <section class=\"grammarSection\">\r\n    <div class=\"grammarLinks\">\r\n            <\/div>\r\n<\/section> -->\r\n\r\n\r\n\r\n\r\n<section class=\"promotionalBanner\">\r\n    <p class=\"promotionalText\">An bealach is \u00e9ifeachta\u00ed le teanga a fhoghlaim<\/p>\r\n    <a class=\"promotionalLink\" href=\"https:\/\/app.talkpal.ai\/signup?lng=\">Bain triail as Talkpal saor in aisce<\/a>\r\n<\/section>\n<div class=\"wp-block-group pageContainerStyle\"><div class=\"wp-block-group__inner-container is-layout-constrained wp-block-group-is-layout-constrained\">\n<h2 class=\"wp-block-heading\" id=\"h-vietnamese-grammar-topics\">Topaic\u00ed Gramada\u00ed V\u00edtneaimis<\/h2>\n\n\n\n<p>Is f\u00e9idir le teanga <a href=\"https:\/\/talkpal.ai\/talkpal-new-years-discount\/\">nua<\/a> a fhoghlaim a bheith ina iarracht spreag\u00fail agus dh\u00fashl\u00e1nach. Is \u00ed an eochair chun an teanga iontach seo a dh\u00edghlas\u00e1il n\u00e1 <a href=\"https:\/\/talkpal.ai\/ga\/gramadach-vitneaimis\/\">gramadach V\u00edtneaimis<\/a> a thuiscint. Anseo, d\u00e9anfaimid pl\u00e9 agus cnuas\u00e1il topaic\u00ed t\u00e1bhachtacha sa seicheamh inar ch\u00f3ir iad a fhoghlaim go hid\u00e9alach, rud a ligfidh do chastacht a th\u00f3g\u00e1il de r\u00e9ir a ch\u00e9ile. Cl\u00fad\u00f3idh an treoir seo gach rud \u00f3 na buneilimint\u00ed cos\u00fail le hainmfhocail agus briathra go dt\u00ed na strucht\u00fair n\u00edos casta cos\u00fail le aimsir agus coinn\u00edollacha.<\/p>\n\n\n\n<h3 class=\"wp-block-heading\" id=\"h-1-nouns\">1. Ainmfhocail:<\/h3>\n\n\n\n<p>Tosaigh leis na buneilimint\u00ed tr\u00ed ainmfhocail V\u00edtneaimis a fhoghlaim. Is iad seo ainmneacha daoine, \u00e1iteanna, ruda\u00ed, n\u00f3 smaointe. N\u00edl inscne ag ainmfhocail V\u00edtneaimis, rud a fh\u00e1gann go bhfuil siad n\u00edos simpl\u00ed n\u00e1 i roinnt teangacha eile.<\/p>\n\n\n\n<h3 class=\"wp-block-heading\" id=\"h-2-pronouns-determiners\">2. Forainmneacha \/ Cinntitheoir\u00ed:<\/h3>\n\n\n\n<p>Nuair a bh\u00edonn t\u00fa compordach le hainmfhocail, bog ar aghaidh go forainmneacha agus cinntitheoir\u00ed. Cuireann na focail seo ainmfhocail in ionad n\u00f3 a mhodhn\u00fa, rud a chabhra\u00edonn le habairt\u00ed a dh\u00e9anamh n\u00edos gonta agus athr\u00e1 a sheachaint.<\/p>\n\n\n\n<h3 class=\"wp-block-heading\" id=\"h-3-verbs\">3. Briathra:<\/h3>\n\n\n\n<p>\u00das\u00e1idtear briathra chun cur s\u00edos a dh\u00e9anamh ar ghn\u00edomhartha n\u00f3 ar st\u00e1it bheith. I V\u00edtneaimis, n\u00ed athra\u00edonn briathra a bhfoirm de r\u00e9ir an \u00e1bhair n\u00f3 na haise, rud a fh\u00e1gann nach bhfuil siad chomh casta n\u00e1 i roinnt teangacha eile.<\/p>\n\n\n\n<h3 class=\"wp-block-heading\" id=\"h-4-adjectives\">4. Aidiachta\u00ed:<\/h3>\n\n\n\n<p>Tabharfaidh aidiachta\u00ed a fhoghlaim deis duit cur s\u00edos n\u00edos mionsonraithe a dh\u00e9anamh ar ainmfhocail. I V\u00edtneaimis, leanann aidiachta\u00ed an t-ainmfhocal a mhodhna\u00edonn siad, at\u00e1 difri\u00fail \u00f3n mB\u00e9arla.<\/p>\n\n\n\n<h3 class=\"wp-block-heading\" id=\"h-5-articles\">5. Airteagail:<\/h3>\n\n\n\n<p>N\u00edl ailt ag V\u00edtneaimis ar an mbealach c\u00e9anna leis an mB\u00e9arla. Mar sin f\u00e9in, t\u00e1 s\u00e9 t\u00e1bhachtach f\u00f3s tuiscint a fh\u00e1il ar conas sainmh\u00edni\u00fa n\u00f3 neamhchinnteacht ainmfhocal a <a href=\"https:\/\/talkpal.ai\/locations\/language-courses-in-chur\/\">chur<\/a> in i\u00fal.<\/p>\n\n\n\n<h3 class=\"wp-block-heading\" id=\"h-6-adverbs\">6. Adverbs:<\/h3>\n\n\n\n<p>\u00das\u00e1idtear adverbs chun briathra, aidiachta\u00ed n\u00f3 adverbs eile a mhodhn\u00fa. Is f\u00e9idir leo faisn\u00e9is a shol\u00e1thar faoi bhealach, \u00e1it, am, minic\u00edocht, c\u00e9im, agus eile.<\/p>\n\n\n\n<h3 class=\"wp-block-heading\" id=\"h-7-prepositions\">7. Prepositions:<\/h3>\n\n\n\n<p>Is focail iad seo a thaispe\u00e1nann an gaol idir ainmfhocal n\u00f3 forainm agus focal eile in abairt. Is f\u00e9idir leo su\u00edomh, treo, am, c\u00fais, agus caidrimh eile a l\u00e9iri\u00fa.<\/p>\n\n\n\n<h3 class=\"wp-block-heading\" id=\"h-8-tenses\">8. Aimsir:<\/h3>\n\n\n\n<p>N\u00edl aimsir ag V\u00edtneaimis sa chiall thraidisi\u00fanta. Ina \u00e1it sin, \u00fas\u00e1ideann s\u00e9 focail agus comhth\u00e9acs chun an t-am a tharla\u00edonn gn\u00edomh a chur in i\u00fal.<\/p>\n\n\n\n<h3 class=\"wp-block-heading\" id=\"h-9-tense-comparison\">9. Compar\u00e1id Aimsire:<\/h3>\n\n\n\n<p>T\u00e1 s\u00e9 r\u00edth\u00e1bhachtach tuiscint a fh\u00e1il ar conas aimsir a chur i gcompar\u00e1id i V\u00edtneaimis. Is \u00e9ard at\u00e1 i gceist leis seo n\u00e1 focail agus strucht\u00fair shonracha a fhoghlaim a \u00fas\u00e1idtear chun athruithe in am a chur in i\u00fal.<\/p>\n\n\n\n<h3 class=\"wp-block-heading\" id=\"h-10-progressive\">10. For\u00e1sach:<\/h3>\n\n\n\n<p>\u00das\u00e1idtear an ghn\u00e9 fhor\u00e1sach i V\u00edtneaimis chun gn\u00edomhartha lean\u00fanacha a l\u00e9iri\u00fa. Is f\u00e9idir \u00e9 a chur i bhfeidhm ar an am at\u00e1 thart, san am i l\u00e1thair, n\u00f3 sa todhcha\u00ed.<\/p>\n\n\n\n<h3 class=\"wp-block-heading\" id=\"h-11-perfect-progressive\">11. For\u00e1sach Foirfe:<\/h3>\n\n\n\n<p>\u00das\u00e1idtear an aimsir seo chun gn\u00edomhartha a bh\u00ed ar si\u00fal san am at\u00e1 thart agus a bhfuil baint \u00e9igin acu leis an am i l\u00e1thair.<\/p>\n\n\n\n<h3 class=\"wp-block-heading\" id=\"h-12-conditionals\">12. Coinn\u00edollacha:<\/h3>\n\n\n\n<p>Is \u00e9ard is coinn\u00edollacha ann n\u00e1 abairt\u00ed a l\u00e9ir\u00edonn c\u00e1sanna hipit\u00e9iseacha agus na hiarmhairt\u00ed a leanann iad.<\/p>\n\n\n\n<h3 class=\"wp-block-heading\" id=\"h-13-sentences\">13. Abairt\u00ed:<\/h3>\n\n\n\n<p>Nuair a bheidh tuiscint agat ar na heilimint\u00ed seo go l\u00e9ir, is f\u00e9idir leat tos\u00fa ag foirmi\u00fa abairt\u00ed ioml\u00e1na i V\u00edtneaimis. Is \u00e9ard at\u00e1 i gceist leis seo n\u00e1 strucht\u00far bun\u00fasach na habairte a thuiscint, at\u00e1 de ghn\u00e1th \u00e1bhar-briathar-rud.<\/p>\n<\/div><\/div>\n\r\n<section class=\"learnNavigationSection\">\r\n            \r\n        <a href=\"https:\/\/talkpal.ai\/ga\/foghlaim-vitneaimis\/\">\r\n            <div class=\"learnNavigationWrapper\">\r\n                <div class=\"learnNavigationContent\">\r\n                    <img decoding=\"async\" src=\"https:\/\/talkpal.ai\/wp-content\/uploads\/2024\/08\/Vietnamese.jpg\" alt=\"Vietnamise Flag\">\r\n                    <div>\r\n                        <h4>Maidir le Foghlaim V\u00edtneaimis<\/h4>\r\n                        <p>Faigh amach gach rud faoi ghramadach V\u00edtneaimis.<\/p>\r\n                    <\/div>\r\n                <\/div>\r\n            <\/div>\r\n        <\/a>\r\n\r\n        \r\n        <a href=\"https:\/\/talkpal.ai\/ga\/gramadach-vitneaimis\/\">\r\n            <div class=\"learnNavigationWrapper\">\r\n                <div class=\"learnNavigationContent\">\r\n                    <img decoding=\"async\" src=\"https:\/\/talkpal.ai\/wp-content\/uploads\/2024\/08\/Vietnamese.jpg\" alt=\"Vietnamise Flag\">\r\n                    <div>\r\n                        <h4>Ceachtanna Gramada\u00ed V\u00edtneaimis<\/h4>\r\n                        <p>Cleachtadh gramadach V\u00edtneaimis.<\/p>\r\n                    <\/div>\r\n                <\/div>\r\n            <\/div>\r\n        <\/a>\r\n\r\n        \r\n        <a href=\"https:\/\/talkpal.ai\/vocabulary_language\/vietnamese\/\">\r\n            <div class=\"learnNavigationWrapper\">\r\n                <div class=\"learnNavigationContent\">\r\n                    <img decoding=\"async\" src=\"https:\/\/talkpal.ai\/wp-content\/uploads\/2024\/08\/Vietnamese.jpg\" alt=\"Vietnamise Flag\">\r\n                    <div>\r\n                        <h4>St\u00f3r Focal V\u00edtneaimis<\/h4>\r\n                        <p>Leathnaigh do st\u00f3r focal V\u00edtneaimise.<\/p>\r\n                    <\/div>\r\n                <\/div>\r\n            <\/div>\r\n        <\/a>\r\n\r\n            <\/section>","protected":false},"excerpt":{"rendered":"<p>Topaic\u00ed Gramada\u00ed V\u00edtneaimis Is f\u00e9idir le teanga nua a fhoghlaim a bheith ina iarracht spreag\u00fail agus dh\u00fashl\u00e1nach. Is \u00ed an eochair chun an teanga iontach seo a dh\u00edghlas\u00e1il n\u00e1 gramadach V\u00edtneaimis a thuiscint. Anseo, d\u00e9anfaimid pl\u00e9 agus cnuas\u00e1il topaic\u00ed t\u00e1bhachtacha sa seicheamh inar ch\u00f3ir iad a fhoghlaim go hid\u00e9alach, rud a ligfidh do chastacht a [&hellip;]<\/p>\n","protected":false},"author":6,"featured_media":1443669,"parent":0,"menu_order":0,"comment_status":"closed","ping_status":"closed","template":"LearningContentPage.php","meta":{"_acf_changed":false,"footnotes":""},"class_list":["post-1446957","page","type-page","status-publish","has-post-thumbnail","hentry"],"acf":[],"yoast_head":"<!-- This site is optimized with the Yoast SEO Premium plugin v27.2 (Yoast SEO v27.2) - https:\/\/yoast.com\/product\/yoast-seo-premium-wordpress\/ -->\n<title>Cleachta\u00ed Gramada\u00ed V\u00edtneaimis - Talkpal<\/title>\n<meta name=\"description\" content=\"D\u00edghlas\u00e1il r\u00fain na teanga V\u00edtneaimis len\u00e1r gcleachta\u00ed gramada\u00ed V\u00edtneaimis at\u00e1 deartha le haghaidh foghlama de r\u00e9ir a ch\u00e9ile.\" \/>\n<meta name=\"robots\" content=\"index, follow, max-snippet:-1, max-image-preview:large, max-video-preview:-1\" \/>\n<link rel=\"canonical\" href=\"https:\/\/talkpal.ai\/ga\/cleachtai-gramadai-vitneaimis\/\" \/>\n<meta property=\"og:locale\" content=\"ga_IE\" \/>\n<meta property=\"og:type\" content=\"article\" \/>\n<meta property=\"og:title\" content=\"Cleachta\u00ed Gramada\u00ed V\u00edtneaimis\" \/>\n<meta property=\"og:description\" content=\"Topaic\u00ed Gramada\u00ed V\u00edtneaimis Is f\u00e9idir le teanga nua a fhoghlaim a bheith ina iarracht spreag\u00fail agus dh\u00fashl\u00e1nach. Is \u00ed an eochair chun an teanga iontach\" \/>\n<meta property=\"og:url\" content=\"https:\/\/talkpal.ai\/ga\/cleachtai-gramadai-vitneaimis\/\" \/>\n<meta property=\"og:site_name\" content=\"Talkpal\" \/>\n<meta property=\"article:publisher\" content=\"https:\/\/www.facebook.com\/profile.php?id=100090733639311\" \/>\n<meta property=\"article:modified_time\" content=\"2025-12-17T14:56:56+00:00\" \/>\n<meta property=\"og:image\" content=\"https:\/\/talkpal.ai\/wp-content\/uploads\/2023\/05\/vietnam.png\" \/>\n\t<meta property=\"og:image:width\" content=\"512\" \/>\n\t<meta property=\"og:image:height\" content=\"512\" \/>\n\t<meta property=\"og:image:type\" content=\"image\/png\" \/>\n<meta name=\"twitter:card\" content=\"summary_large_image\" \/>\n<meta name=\"twitter:site\" content=\"@talkpalai\" \/>\n<meta name=\"twitter:label1\" content=\"Est. reading time\" \/>\n\t<meta name=\"twitter:data1\" content=\"3 minutes\" \/>\n<script type=\"application\/ld+json\" class=\"yoast-schema-graph\">{\"@context\":\"https:\/\/schema.org\",\"@graph\":[{\"@type\":\"WebPage\",\"@id\":\"https:\/\/talkpal.ai\/ga\/cleachtai-gramadai-vitneaimis\/\",\"url\":\"https:\/\/talkpal.ai\/ga\/cleachtai-gramadai-vitneaimis\/\",\"name\":\"Cleachta\u00ed Gramada\u00ed V\u00edtneaimis - Talkpal\",\"isPartOf\":{\"@id\":\"https:\/\/talkpal.ai\/ga\/#website\"},\"primaryImageOfPage\":{\"@id\":\"https:\/\/talkpal.ai\/ga\/cleachtai-gramadai-vitneaimis\/#primaryimage\"},\"image\":{\"@id\":\"https:\/\/talkpal.ai\/ga\/cleachtai-gramadai-vitneaimis\/#primaryimage\"},\"thumbnailUrl\":\"https:\/\/talkpal.ai\/wp-content\/uploads\/2023\/05\/vietnam.png\",\"datePublished\":\"2023-07-05T11:05:37+00:00\",\"dateModified\":\"2025-12-17T14:56:56+00:00\",\"description\":\"D\u00edghlas\u00e1il r\u00fain na teanga V\u00edtneaimis len\u00e1r gcleachta\u00ed gramada\u00ed V\u00edtneaimis at\u00e1 deartha le haghaidh foghlama de r\u00e9ir a ch\u00e9ile.\",\"breadcrumb\":{\"@id\":\"https:\/\/talkpal.ai\/ga\/cleachtai-gramadai-vitneaimis\/#breadcrumb\"},\"inLanguage\":\"ga-IE\",\"potentialAction\":[{\"@type\":\"ReadAction\",\"target\":[\"https:\/\/talkpal.ai\/ga\/cleachtai-gramadai-vitneaimis\/\"]}]},{\"@type\":\"ImageObject\",\"inLanguage\":\"ga-IE\",\"@id\":\"https:\/\/talkpal.ai\/ga\/cleachtai-gramadai-vitneaimis\/#primaryimage\",\"url\":\"https:\/\/talkpal.ai\/wp-content\/uploads\/2023\/05\/vietnam.png\",\"contentUrl\":\"https:\/\/talkpal.ai\/wp-content\/uploads\/2023\/05\/vietnam.png\",\"width\":512,\"height\":512,\"caption\":\"TalkPal Vietnam Flag\"},{\"@type\":\"BreadcrumbList\",\"@id\":\"https:\/\/talkpal.ai\/ga\/cleachtai-gramadai-vitneaimis\/#breadcrumb\",\"itemListElement\":[{\"@type\":\"ListItem\",\"position\":1,\"name\":\"Homepage\",\"item\":\"https:\/\/talkpal.ai\/ga\/\"},{\"@type\":\"ListItem\",\"position\":2,\"name\":\"Cleachta\u00ed Gramada\u00ed V\u00edtneaimis\"}]},{\"@type\":\"WebSite\",\"@id\":\"https:\/\/talkpal.ai\/ga\/#website\",\"url\":\"https:\/\/talkpal.ai\/ga\/\",\"name\":\"Talkpal\",\"description\":\"AI Language Learning\",\"publisher\":{\"@id\":\"https:\/\/talkpal.ai\/ga\/#organization\"},\"alternateName\":\"Talkpal AI\",\"potentialAction\":[{\"@type\":\"SearchAction\",\"target\":{\"@type\":\"EntryPoint\",\"urlTemplate\":\"https:\/\/talkpal.ai\/ga\/?s={search_term_string}\"},\"query-input\":{\"@type\":\"PropertyValueSpecification\",\"valueRequired\":true,\"valueName\":\"search_term_string\"}}],\"inLanguage\":\"ga-IE\"},{\"@type\":\"Organization\",\"@id\":\"https:\/\/talkpal.ai\/ga\/#organization\",\"name\":\"Talkpal, Inc.\",\"alternateName\":\"Talkpal AI\",\"url\":\"https:\/\/talkpal.ai\/ga\/\",\"logo\":{\"@type\":\"ImageObject\",\"inLanguage\":\"ga-IE\",\"@id\":\"https:\/\/talkpal.ai\/ga\/#\/schema\/logo\/image\/\",\"url\":\"https:\/\/talkpal.ai\/wp-content\/uploads\/2024\/03\/Talkpal-Logo-Icon.png\",\"contentUrl\":\"https:\/\/talkpal.ai\/wp-content\/uploads\/2024\/03\/Talkpal-Logo-Icon.png\",\"width\":2880,\"height\":2880,\"caption\":\"Talkpal, Inc.\"},\"image\":{\"@id\":\"https:\/\/talkpal.ai\/ga\/#\/schema\/logo\/image\/\"},\"sameAs\":[\"https:\/\/www.facebook.com\/profile.php?id=100090733639311\",\"https:\/\/x.com\/talkpalai\",\"https:\/\/www.linkedin.com\/company\/talkpal\/\",\"https:\/\/www.youtube.com\/@TalkPal\/\",\"https:\/\/www.tiktok.com\/@talkpal\",\"https:\/\/www.instagram.com\/talkpal_ai\/\",\"https:\/\/www.crunchbase.com\/organization\/talkpal-9cde\",\"https:\/\/www.g2.com\/products\/talkpal-for-business\/\",\"https:\/\/www.trustpilot.com\/review\/talkpal.ai\",\"https:\/\/www.capterra.com\/p\/10006800\/TalkPal\/\"],\"description\":\"Talkpal is a language learning web and mobile education app, powered by the latest AI technologies, that provides engaging experiences to its customers in many different languages to help them improve their language skills. Users can chat about unlimited amount of topics with the app and use other modes to practice their language learning.\",\"email\":\"support@talkpal.ai\",\"legalName\":\"Talkpal, Inc.\",\"foundingDate\":\"2023-04-03\",\"duns\":\"118989042\",\"numberOfEmployees\":{\"@type\":\"QuantitativeValue\",\"minValue\":\"11\",\"maxValue\":\"50\"},\"publishingPrinciples\":\"https:\/\/talkpal.ai\/publishing-principles\/\",\"actionableFeedbackPolicy\":\"https:\/\/talkpal.ai\/actionable-feedback-policy\/\",\"correctionsPolicy\":\"https:\/\/talkpal.ai\/corrections-policy\/\",\"ethicsPolicy\":\"https:\/\/talkpal.ai\/ethics-policy\/\",\"diversityPolicy\":\"https:\/\/talkpal.ai\/diversity-policy\/\",\"diversityStaffingReport\":\"https:\/\/talkpal.ai\/diversity-policy\/\"}]}<\/script>\n<!-- \/ Yoast SEO Premium plugin. -->","yoast_head_json":{"title":"Cleachta\u00ed Gramada\u00ed V\u00edtneaimis - Talkpal","description":"D\u00edghlas\u00e1il r\u00fain na teanga V\u00edtneaimis len\u00e1r gcleachta\u00ed gramada\u00ed V\u00edtneaimis at\u00e1 deartha le haghaidh foghlama de r\u00e9ir a ch\u00e9ile.","robots":{"index":"index","follow":"follow","max-snippet":"max-snippet:-1","max-image-preview":"max-image-preview:large","max-video-preview":"max-video-preview:-1"},"canonical":"https:\/\/talkpal.ai\/ga\/cleachtai-gramadai-vitneaimis\/","og_locale":"ga_IE","og_type":"article","og_title":"Cleachta\u00ed Gramada\u00ed V\u00edtneaimis","og_description":"Topaic\u00ed Gramada\u00ed V\u00edtneaimis Is f\u00e9idir le teanga nua a fhoghlaim a bheith ina iarracht spreag\u00fail agus dh\u00fashl\u00e1nach. Is \u00ed an eochair chun an teanga iontach","og_url":"https:\/\/talkpal.ai\/ga\/cleachtai-gramadai-vitneaimis\/","og_site_name":"Talkpal","article_publisher":"https:\/\/www.facebook.com\/profile.php?id=100090733639311","article_modified_time":"2025-12-17T14:56:56+00:00","og_image":[{"width":512,"height":512,"url":"https:\/\/talkpal.ai\/wp-content\/uploads\/2023\/05\/vietnam.png","type":"image\/png"}],"twitter_card":"summary_large_image","twitter_site":"@talkpalai","twitter_misc":{"Est. reading time":"3 minutes"},"schema":{"@context":"https:\/\/schema.org","@graph":[{"@type":"WebPage","@id":"https:\/\/talkpal.ai\/ga\/cleachtai-gramadai-vitneaimis\/","url":"https:\/\/talkpal.ai\/ga\/cleachtai-gramadai-vitneaimis\/","name":"Cleachta\u00ed Gramada\u00ed V\u00edtneaimis - Talkpal","isPartOf":{"@id":"https:\/\/talkpal.ai\/ga\/#website"},"primaryImageOfPage":{"@id":"https:\/\/talkpal.ai\/ga\/cleachtai-gramadai-vitneaimis\/#primaryimage"},"image":{"@id":"https:\/\/talkpal.ai\/ga\/cleachtai-gramadai-vitneaimis\/#primaryimage"},"thumbnailUrl":"https:\/\/talkpal.ai\/wp-content\/uploads\/2023\/05\/vietnam.png","datePublished":"2023-07-05T11:05:37+00:00","dateModified":"2025-12-17T14:56:56+00:00","description":"D\u00edghlas\u00e1il r\u00fain na teanga V\u00edtneaimis len\u00e1r gcleachta\u00ed gramada\u00ed V\u00edtneaimis at\u00e1 deartha le haghaidh foghlama de r\u00e9ir a ch\u00e9ile.","breadcrumb":{"@id":"https:\/\/talkpal.ai\/ga\/cleachtai-gramadai-vitneaimis\/#breadcrumb"},"inLanguage":"ga-IE","potentialAction":[{"@type":"ReadAction","target":["https:\/\/talkpal.ai\/ga\/cleachtai-gramadai-vitneaimis\/"]}]},{"@type":"ImageObject","inLanguage":"ga-IE","@id":"https:\/\/talkpal.ai\/ga\/cleachtai-gramadai-vitneaimis\/#primaryimage","url":"https:\/\/talkpal.ai\/wp-content\/uploads\/2023\/05\/vietnam.png","contentUrl":"https:\/\/talkpal.ai\/wp-content\/uploads\/2023\/05\/vietnam.png","width":512,"height":512,"caption":"TalkPal Vietnam Flag"},{"@type":"BreadcrumbList","@id":"https:\/\/talkpal.ai\/ga\/cleachtai-gramadai-vitneaimis\/#breadcrumb","itemListElement":[{"@type":"ListItem","position":1,"name":"Homepage","item":"https:\/\/talkpal.ai\/ga\/"},{"@type":"ListItem","position":2,"name":"Cleachta\u00ed Gramada\u00ed V\u00edtneaimis"}]},{"@type":"WebSite","@id":"https:\/\/talkpal.ai\/ga\/#website","url":"https:\/\/talkpal.ai\/ga\/","name":"Talkpal","description":"AI Language Learning","publisher":{"@id":"https:\/\/talkpal.ai\/ga\/#organization"},"alternateName":"Talkpal AI","potentialAction":[{"@type":"SearchAction","target":{"@type":"EntryPoint","urlTemplate":"https:\/\/talkpal.ai\/ga\/?s={search_term_string}"},"query-input":{"@type":"PropertyValueSpecification","valueRequired":true,"valueName":"search_term_string"}}],"inLanguage":"ga-IE"},{"@type":"Organization","@id":"https:\/\/talkpal.ai\/ga\/#organization","name":"Talkpal, Inc.","alternateName":"Talkpal AI","url":"https:\/\/talkpal.ai\/ga\/","logo":{"@type":"ImageObject","inLanguage":"ga-IE","@id":"https:\/\/talkpal.ai\/ga\/#\/schema\/logo\/image\/","url":"https:\/\/talkpal.ai\/wp-content\/uploads\/2024\/03\/Talkpal-Logo-Icon.png","contentUrl":"https:\/\/talkpal.ai\/wp-content\/uploads\/2024\/03\/Talkpal-Logo-Icon.png","width":2880,"height":2880,"caption":"Talkpal, Inc."},"image":{"@id":"https:\/\/talkpal.ai\/ga\/#\/schema\/logo\/image\/"},"sameAs":["https:\/\/www.facebook.com\/profile.php?id=100090733639311","https:\/\/x.com\/talkpalai","https:\/\/www.linkedin.com\/company\/talkpal\/","https:\/\/www.youtube.com\/@TalkPal\/","https:\/\/www.tiktok.com\/@talkpal","https:\/\/www.instagram.com\/talkpal_ai\/","https:\/\/www.crunchbase.com\/organization\/talkpal-9cde","https:\/\/www.g2.com\/products\/talkpal-for-business\/","https:\/\/www.trustpilot.com\/review\/talkpal.ai","https:\/\/www.capterra.com\/p\/10006800\/TalkPal\/"],"description":"Talkpal is a language learning web and mobile education app, powered by the latest AI technologies, that provides engaging experiences to its customers in many different languages to help them improve their language skills. Users can chat about unlimited amount of topics with the app and use other modes to practice their language learning.","email":"support@talkpal.ai","legalName":"Talkpal, Inc.","foundingDate":"2023-04-03","duns":"118989042","numberOfEmployees":{"@type":"QuantitativeValue","minValue":"11","maxValue":"50"},"publishingPrinciples":"https:\/\/talkpal.ai\/publishing-principles\/","actionableFeedbackPolicy":"https:\/\/talkpal.ai\/actionable-feedback-policy\/","correctionsPolicy":"https:\/\/talkpal.ai\/corrections-policy\/","ethicsPolicy":"https:\/\/talkpal.ai\/ethics-policy\/","diversityPolicy":"https:\/\/talkpal.ai\/diversity-policy\/","diversityStaffingReport":"https:\/\/talkpal.ai\/diversity-policy\/"}]}},"_links":{"self":[{"href":"https:\/\/talkpal.ai\/ga\/wp-json\/wp\/v2\/pages\/1446957","targetHints":{"allow":["GET"]}}],"collection":[{"href":"https:\/\/talkpal.ai\/ga\/wp-json\/wp\/v2\/pages"}],"about":[{"href":"https:\/\/talkpal.ai\/ga\/wp-json\/wp\/v2\/types\/page"}],"author":[{"embeddable":true,"href":"https:\/\/talkpal.ai\/ga\/wp-json\/wp\/v2\/users\/6"}],"replies":[{"embeddable":true,"href":"https:\/\/talkpal.ai\/ga\/wp-json\/wp\/v2\/comments?post=1446957"}],"version-history":[{"count":0,"href":"https:\/\/talkpal.ai\/ga\/wp-json\/wp\/v2\/pages\/1446957\/revisions"}],"wp:featuredmedia":[{"embeddable":true,"href":"https:\/\/talkpal.ai\/ga\/wp-json\/wp\/v2\/media\/1443669"}],"wp:attachment":[{"href":"https:\/\/talkpal.ai\/ga\/wp-json\/wp\/v2\/media?parent=1446957"}],"curies":[{"name":"wp","href":"https:\/\/api.w.org\/{rel}","templated":true}]}}