{"id":1446948,"date":"2023-07-05T10:41:01","date_gmt":"2023-07-05T10:41:01","guid":{"rendered":"https:\/\/talkpal.ai\/cleachtai-gramadai-urdais\/"},"modified":"2025-12-17T14:41:51","modified_gmt":"2025-12-17T14:41:51","slug":"cleachtai-gramadai-urdais","status":"publish","type":"page","link":"https:\/\/talkpal.ai\/ga\/cleachtai-gramadai-urdais\/","title":{"rendered":"Cleachta\u00ed Gramada\u00ed Urdais"},"content":{"rendered":"\r\n\r\n\r\n<section class=\"languageChallengeSection\">\r\n    <div class=\"languageInfoWrapper\">\r\n        \r\n        <h1>Cleachta\u00ed Gramada\u00ed Urdais<\/h1>\r\n        <p>Ar mhaith leat moth\u00fa n\u00edos muin\u00edn\u00ed ag baint \u00fas\u00e1ide as Urd\u00fais? Is bealach iontach \u00e9 cleachta\u00ed gramada\u00ed a chleachtadh chun strucht\u00far abairte, foirmeacha briathra, agus gn\u00e9ithe uath\u00fala na teanga Urdais a mh\u00e1istir. Tosaigh ag obair ar do ghramadach Urdais inniu, agus f\u00e9ach ar do thuiscint agus l\u00edofacht ag feabhs\u00fa le gach cleachtadh!<\/p>\r\n\r\n                            <a class=\"getStartedHidden\" href=\"https:\/\/app.talkpal.ai\/signup?lng=\">Tosaigh<\/a>\r\n        \r\n    <\/div>\r\n\r\n    <figure>\r\n    <img decoding=\"async\" width=\"768\" height=\"768\" src=\"https:\/\/talkpal.ai\/wp-content\/uploads\/2023\/06\/urdu-768x768.png\" class=\"languageImage no-lazy\" alt=\"Language learning for global understanding\" fetchpriority=\"high\" sizes=\"(max-width: 768px) 150px, 768px\" srcset=\"https:\/\/talkpal.ai\/wp-content\/uploads\/2023\/06\/urdu-768x768.png 768w, https:\/\/talkpal.ai\/wp-content\/uploads\/2023\/06\/urdu-300x300.png 300w\" \/>\r\n    \r\n\r\n    <\/figure>\r\n\r\n            <a class=\"getStartedVisible\" href=\"https:\/\/app.talkpal.ai\/signup?lng=\">Tosaigh<\/a>\r\n    \r\n<\/section>\r\n\r\n\r\n<!-- <section class=\"grammarSection\">\r\n    <div class=\"grammarLinks\">\r\n            <\/div>\r\n<\/section> -->\r\n\r\n\r\n\r\n\r\n<section class=\"promotionalBanner\">\r\n    <p class=\"promotionalText\">An bealach is \u00e9ifeachta\u00ed le teanga a fhoghlaim<\/p>\r\n    <a class=\"promotionalLink\" href=\"https:\/\/app.talkpal.ai\/signup?lng=\">Bain triail as Talkpal saor in aisce<\/a>\r\n<\/section>\n<div class=\"wp-block-group pageContainerStyle\"><div class=\"wp-block-group__inner-container is-layout-constrained wp-block-group-is-layout-constrained\">\n<h2 class=\"wp-block-heading\" id=\"h-urdu-grammar-topics\">Topaic\u00ed Gramada\u00ed Urdais<\/h2>\n\n\n\n<p>D&#8217;fh\u00e9adfadh turas suimi\u00fail a bheith ann Urdais a fhoghlaim, teanga at\u00e1 saibhrithe le nathanna \u00e9ags\u00fala, br\u00edonna doimhne agus strucht\u00far gramada\u00ed intricate. Mar sin f\u00e9in, t\u00e1 cur chuige c\u00f3rasach ag teast\u00e1il chun m\u00e1istreacht a dh\u00e9anamh ar a ghramadach. Seo th\u00edos seicheamh molta agus cur s\u00edos gairid ar thopaic\u00ed gramada\u00ed Urdais chun cabhr\u00fa leat an teanga a fhoghlaim go h\u00e9asca agus go h\u00e9ifeacht\u00fail.<\/p>\n\n\n\n<h3 class=\"wp-block-heading\" id=\"h-1-nouns\">1. Ainmfhocail:<\/h3>\n\n\n\n<p>Tosaigh le hainmfhocail n\u00f3 &#8220;ism&#8221; a aithint in Urd\u00fais, ag tuiscint conas a chrutha\u00edonn siad bun\u00fas abairt\u00ed. Foghlaim conas ainmfhocail choitianta, ceart, inchomhairimh, agus neamhchomhairimh a aithint.<\/p>\n\n\n\n<h3 class=\"wp-block-heading\" id=\"h-2-pronouns-determiners\">2. Forainmneacha \/ Cinntitheoir\u00ed:<\/h3>\n\n\n\n<p>Bog in aice le forainmneacha n\u00f3 &#8220;zaameer&#8221; agus determiners n\u00f3 &#8220;muarref&#8221;. Cuireann siad ainmfhocail in ionad abairt agus l\u00e9ir\u00edonn siad seilbh, cainn\u00edocht, n\u00f3 f\u00e9ini\u00falacht faoi seach.<\/p>\n\n\n\n<h3 class=\"wp-block-heading\" id=\"h-3-articles\">3. Airteagail:<\/h3>\n\n\n\n<p>In <a href=\"https:\/\/talkpal.ai\/learn-urdu\/\">Urdu<\/a>, the concept of articles is not as prominent as in <a href=\"https:\/\/talkpal.ai\/locations\/learn-english-in-reading-2\/\">English<\/a>. F\u00f3s, t\u00e1 s\u00e9 t\u00e1bhachtach tuiscint a fh\u00e1il ar a bheith ann caolch\u00faiseach i bhfoirm postpositions \u00e1irithe.<\/p>\n\n\n\n<h3 class=\"wp-block-heading\" id=\"h-4-adjectives\">4. Aidiachta\u00ed:<\/h3>\n\n\n\n<p>D\u00e9anann aidiachta\u00ed n\u00f3 &#8220;sift&#8221; cur s\u00edos ar ainmfhocail n\u00f3 iad a mhodhn\u00fa. Foghlaim a socr\u00fach\u00e1n in abairt\u00ed agus a n-aont\u00fa leis na hainmfhocail a mhodhna\u00edonn siad.<\/p>\n\n\n\n<h3 class=\"wp-block-heading\" id=\"h-5-verbs\">5. Briathra:<\/h3>\n\n\n\n<p>T\u00e1 briathra n\u00f3 &#8220;teip&#8221; bun\u00fasach do strucht\u00far abairte. Foghlaim na cine\u00e1lacha \u00e9ags\u00fala briathra agus a rialacha comhchuingithe.<\/p>\n\n\n\n<h3 class=\"wp-block-heading\" id=\"h-6-adverbs\">6. Adverbs:<\/h3>\n\n\n\n<p>Modhna\u00edonn adverbs n\u00f3 &#8220;h\u0101l&#8221; briathra, aidiachta\u00ed, n\u00f3 adverbs eile. Tuiscint a fh\u00e1il ar a socr\u00fach\u00e1n agus cine\u00e1lacha \u00e9ags\u00fala.<\/p>\n\n\n\n<h3 class=\"wp-block-heading\" id=\"h-7-prepositions\">7. Prepositions:<\/h3>\n\n\n\n<p>Ceangla\u00edonn r\u00e9amhfhocail n\u00f3 &#8220;harf-e-jarr&#8221; ainmfhocail n\u00f3 forainmneacha le focail eile in abairt. L\u00e9ir\u00edonn siad caidrimh \u00e9ags\u00fala mar threo, su\u00edomh, am, c\u00fais, modh agus m\u00e9id.<\/p>\n\n\n\n<h3 class=\"wp-block-heading\" id=\"h-8-tenses\">8. Aimsir:<\/h3>\n\n\n\n<p>L\u00e9ir\u00edonn aimsir n\u00f3 &#8220;zam\u0101n&#8221; nuair a tharla\u00edonn gn\u00edomh. T\u00e1 tr\u00ed aimsir bhun\u00fasacha san Urd\u00fais: Am at\u00e1 caite, L\u00e1ithreach, agus Todhcha\u00ed, gach ceann acu lena bhfochine\u00e1lacha f\u00e9in.<\/p>\n\n\n\n<h3 class=\"wp-block-heading\" id=\"h-9-tense-comparison\">9. Compar\u00e1id Aimsire:<\/h3>\n\n\n\n<p>Foghlaim conas aimsir a <a href=\"https:\/\/talkpal.ai\/locations\/language-courses-in-chur\/\">chur<\/a> i gcompar\u00e1id chun na difr\u00edochta\u00ed caolch\u00faiseacha i mbr\u00ed idir strucht\u00fair abairt\u00ed comhchos\u00fala in aimsir\u00ed \u00e9ags\u00fala a thuiscint.<\/p>\n\n\n\n<h3 class=\"wp-block-heading\" id=\"h-10-progressive\">10. For\u00e1sach:<\/h3>\n\n\n\n<p>L\u00e9ir\u00edonn aimsir fhor\u00e1sach gn\u00edomhartha lean\u00fanacha. Cuirtear an coincheap seo in i\u00fal in Urdais tr\u00ed bhriathra c\u00fanta a \u00fas\u00e1id.<\/p>\n\n\n\n<h3 class=\"wp-block-heading\" id=\"h-11-perfect-progressive\">11. For\u00e1sach Foirfe:<\/h3>\n\n\n\n<p>L\u00e9ir\u00edonn aimsir foirfe for\u00e1sach gn\u00edomh a thosaigh san am at\u00e1 thart, a lean ar aghaidh ar feadh tamaill, agus a d&#8217;fh\u00e9adfadh a bheith f\u00f3s ag tarl\u00fa. San Urd\u00fais, cuirtear \u00e9 seo in i\u00fal tr\u00ed mheasc\u00e1n de bhriathra c\u00fanta.<\/p>\n\n\n\n<h3 class=\"wp-block-heading\" id=\"h-12-conditionals\">12. Coinn\u00edollacha:<\/h3>\n\n\n\n<p>L\u00e9ir\u00edonn coinn\u00edollacha n\u00f3 &#8220;shartia&#8221; c\u00e1sanna hipit\u00e9iseacha agus a dtortha\u00ed f\u00e9ideartha. \u00c9il\u00edonn na habairt\u00ed casta seo tuiscint mhaith ar bhriathra agus aimsir seo.<\/p>\n\n\n\n<h3 class=\"wp-block-heading\" id=\"h-13-sentences\">13. Abairt\u00ed:<\/h3>\n\n\n\n<p>Ar deireadh, cuir na coincheapa seo go l\u00e9ir i bhfeidhm chun abairt\u00ed n\u00f3 &#8220;jumley&#8221; a fhoirmi\u00fa. Tuiscint a fh\u00e1il ar na cine\u00e1lacha \u00e9ags\u00fala abairt\u00ed agus a strucht\u00far in Urd\u00fais.<\/p>\n<\/div><\/div>\n\r\n<section class=\"learnNavigationSection\">\r\n            \r\n        <a href=\"https:\/\/talkpal.ai\/ga\/foghlaim-urdais\/\">\r\n            <div class=\"learnNavigationWrapper\">\r\n                <div class=\"learnNavigationContent\">\r\n                    <img decoding=\"async\" src=\"https:\/\/talkpal.ai\/wp-content\/uploads\/2024\/08\/Urdu.jpg\" alt=\"Pakistani Flag\">\r\n                    <div>\r\n                        <h4>Maidir le Foghlaim Urdais<\/h4>\r\n                        <p>Faigh amach gach rud faoi ghramadach Urdais.<\/p>\r\n                    <\/div>\r\n                <\/div>\r\n            <\/div>\r\n        <\/a>\r\n\r\n        \r\n        <a href=\"https:\/\/talkpal.ai\/ga\/gramadach-urdais\/\">\r\n            <div class=\"learnNavigationWrapper\">\r\n                <div class=\"learnNavigationContent\">\r\n                    <img decoding=\"async\" src=\"https:\/\/talkpal.ai\/wp-content\/uploads\/2024\/08\/Urdu.jpg\" alt=\"Pakistani Flag\">\r\n                    <div>\r\n                        <h4>Ceachtanna Gramada\u00ed Urdais<\/h4>\r\n                        <p>Cleachtadh gramadach Urdais.<\/p>\r\n                    <\/div>\r\n                <\/div>\r\n            <\/div>\r\n        <\/a>\r\n\r\n        \r\n        <a href=\"https:\/\/talkpal.ai\/vocabulary_language\/urdu\/\">\r\n            <div class=\"learnNavigationWrapper\">\r\n                <div class=\"learnNavigationContent\">\r\n                    <img decoding=\"async\" src=\"https:\/\/talkpal.ai\/wp-content\/uploads\/2024\/08\/Urdu.jpg\" alt=\"Pakistani Flag\">\r\n                    <div>\r\n                        <h4>St\u00f3r Focal Urdais<\/h4>\r\n                        <p>Leathnaigh do st\u00f3r focal Urdais.<\/p>\r\n                    <\/div>\r\n                <\/div>\r\n            <\/div>\r\n        <\/a>\r\n\r\n            <\/section>","protected":false},"excerpt":{"rendered":"<p>Topaic\u00ed Gramada\u00ed Urdais D&#8217;fh\u00e9adfadh turas suimi\u00fail a bheith ann Urdais a fhoghlaim, teanga at\u00e1 saibhrithe le nathanna \u00e9ags\u00fala, br\u00edonna doimhne agus strucht\u00far gramada\u00ed intricate. Mar sin f\u00e9in, t\u00e1 cur chuige c\u00f3rasach ag teast\u00e1il chun m\u00e1istreacht a dh\u00e9anamh ar a ghramadach. Seo th\u00edos seicheamh molta agus cur s\u00edos gairid ar thopaic\u00ed gramada\u00ed Urdais chun cabhr\u00fa leat [&hellip;]<\/p>\n","protected":false},"author":6,"featured_media":1443970,"parent":0,"menu_order":0,"comment_status":"closed","ping_status":"closed","template":"LearningContentPage.php","meta":{"_acf_changed":false,"footnotes":""},"class_list":["post-1446948","page","type-page","status-publish","has-post-thumbnail","hentry"],"acf":[],"yoast_head":"<!-- This site is optimized with the Yoast SEO Premium plugin v27.2 (Yoast SEO v27.2) - https:\/\/yoast.com\/product\/yoast-seo-premium-wordpress\/ -->\n<title>Cleachta\u00ed Gramada\u00ed Urdais - Talkpal<\/title>\n<meta name=\"description\" content=\"M\u00e1istir Urdais len\u00e1r gcleachta\u00ed gramada\u00ed cuimsitheacha Urdais chun feabhas a chur ar do thuiscint ar ainmfhocail, forainmneacha, agus go leor eile.\" \/>\n<meta name=\"robots\" content=\"index, follow, max-snippet:-1, max-image-preview:large, max-video-preview:-1\" \/>\n<link rel=\"canonical\" href=\"https:\/\/talkpal.ai\/ga\/cleachtai-gramadai-urdais\/\" \/>\n<meta property=\"og:locale\" content=\"ga_IE\" \/>\n<meta property=\"og:type\" content=\"article\" \/>\n<meta property=\"og:title\" content=\"Cleachta\u00ed Gramada\u00ed Urdais\" \/>\n<meta property=\"og:description\" content=\"Topaic\u00ed Gramada\u00ed Urdais D&#039;fh\u00e9adfadh turas suimi\u00fail a bheith ann Urdais a fhoghlaim, teanga at\u00e1 saibhrithe le nathanna \u00e9ags\u00fala, br\u00edonna doimhne agus\" \/>\n<meta property=\"og:url\" content=\"https:\/\/talkpal.ai\/ga\/cleachtai-gramadai-urdais\/\" \/>\n<meta property=\"og:site_name\" content=\"Talkpal\" \/>\n<meta property=\"article:publisher\" content=\"https:\/\/www.facebook.com\/profile.php?id=100090733639311\" \/>\n<meta property=\"article:modified_time\" content=\"2025-12-17T14:41:51+00:00\" \/>\n<meta property=\"og:image\" content=\"https:\/\/talkpal.ai\/wp-content\/uploads\/2023\/05\/Urdu-pakistan.png\" \/>\n\t<meta property=\"og:image:width\" content=\"512\" \/>\n\t<meta property=\"og:image:height\" content=\"512\" \/>\n\t<meta property=\"og:image:type\" content=\"image\/png\" \/>\n<meta name=\"twitter:card\" content=\"summary_large_image\" \/>\n<meta name=\"twitter:site\" content=\"@talkpalai\" \/>\n<meta name=\"twitter:label1\" content=\"Est. reading time\" \/>\n\t<meta name=\"twitter:data1\" content=\"3 minutes\" \/>\n<script type=\"application\/ld+json\" class=\"yoast-schema-graph\">{\"@context\":\"https:\/\/schema.org\",\"@graph\":[{\"@type\":\"WebPage\",\"@id\":\"https:\/\/talkpal.ai\/ga\/cleachtai-gramadai-urdais\/\",\"url\":\"https:\/\/talkpal.ai\/ga\/cleachtai-gramadai-urdais\/\",\"name\":\"Cleachta\u00ed Gramada\u00ed Urdais - Talkpal\",\"isPartOf\":{\"@id\":\"https:\/\/talkpal.ai\/ga\/#website\"},\"primaryImageOfPage\":{\"@id\":\"https:\/\/talkpal.ai\/ga\/cleachtai-gramadai-urdais\/#primaryimage\"},\"image\":{\"@id\":\"https:\/\/talkpal.ai\/ga\/cleachtai-gramadai-urdais\/#primaryimage\"},\"thumbnailUrl\":\"https:\/\/talkpal.ai\/wp-content\/uploads\/2023\/05\/Urdu-pakistan.png\",\"datePublished\":\"2023-07-05T10:41:01+00:00\",\"dateModified\":\"2025-12-17T14:41:51+00:00\",\"description\":\"M\u00e1istir Urdais len\u00e1r gcleachta\u00ed gramada\u00ed cuimsitheacha Urdais chun feabhas a chur ar do thuiscint ar ainmfhocail, forainmneacha, agus go leor eile.\",\"breadcrumb\":{\"@id\":\"https:\/\/talkpal.ai\/ga\/cleachtai-gramadai-urdais\/#breadcrumb\"},\"inLanguage\":\"ga-IE\",\"potentialAction\":[{\"@type\":\"ReadAction\",\"target\":[\"https:\/\/talkpal.ai\/ga\/cleachtai-gramadai-urdais\/\"]}]},{\"@type\":\"ImageObject\",\"inLanguage\":\"ga-IE\",\"@id\":\"https:\/\/talkpal.ai\/ga\/cleachtai-gramadai-urdais\/#primaryimage\",\"url\":\"https:\/\/talkpal.ai\/wp-content\/uploads\/2023\/05\/Urdu-pakistan.png\",\"contentUrl\":\"https:\/\/talkpal.ai\/wp-content\/uploads\/2023\/05\/Urdu-pakistan.png\",\"width\":512,\"height\":512,\"caption\":\"TalkPal Urdu -Pakistan Flag\"},{\"@type\":\"BreadcrumbList\",\"@id\":\"https:\/\/talkpal.ai\/ga\/cleachtai-gramadai-urdais\/#breadcrumb\",\"itemListElement\":[{\"@type\":\"ListItem\",\"position\":1,\"name\":\"Homepage\",\"item\":\"https:\/\/talkpal.ai\/ga\/\"},{\"@type\":\"ListItem\",\"position\":2,\"name\":\"Cleachta\u00ed Gramada\u00ed Urdais\"}]},{\"@type\":\"WebSite\",\"@id\":\"https:\/\/talkpal.ai\/ga\/#website\",\"url\":\"https:\/\/talkpal.ai\/ga\/\",\"name\":\"Talkpal\",\"description\":\"AI Language Learning\",\"publisher\":{\"@id\":\"https:\/\/talkpal.ai\/ga\/#organization\"},\"alternateName\":\"Talkpal AI\",\"potentialAction\":[{\"@type\":\"SearchAction\",\"target\":{\"@type\":\"EntryPoint\",\"urlTemplate\":\"https:\/\/talkpal.ai\/ga\/?s={search_term_string}\"},\"query-input\":{\"@type\":\"PropertyValueSpecification\",\"valueRequired\":true,\"valueName\":\"search_term_string\"}}],\"inLanguage\":\"ga-IE\"},{\"@type\":\"Organization\",\"@id\":\"https:\/\/talkpal.ai\/ga\/#organization\",\"name\":\"Talkpal, Inc.\",\"alternateName\":\"Talkpal AI\",\"url\":\"https:\/\/talkpal.ai\/ga\/\",\"logo\":{\"@type\":\"ImageObject\",\"inLanguage\":\"ga-IE\",\"@id\":\"https:\/\/talkpal.ai\/ga\/#\/schema\/logo\/image\/\",\"url\":\"https:\/\/talkpal.ai\/wp-content\/uploads\/2024\/03\/Talkpal-Logo-Icon.png\",\"contentUrl\":\"https:\/\/talkpal.ai\/wp-content\/uploads\/2024\/03\/Talkpal-Logo-Icon.png\",\"width\":2880,\"height\":2880,\"caption\":\"Talkpal, Inc.\"},\"image\":{\"@id\":\"https:\/\/talkpal.ai\/ga\/#\/schema\/logo\/image\/\"},\"sameAs\":[\"https:\/\/www.facebook.com\/profile.php?id=100090733639311\",\"https:\/\/x.com\/talkpalai\",\"https:\/\/www.linkedin.com\/company\/talkpal\/\",\"https:\/\/www.youtube.com\/@TalkPal\/\",\"https:\/\/www.tiktok.com\/@talkpal\",\"https:\/\/www.instagram.com\/talkpal_ai\/\",\"https:\/\/www.crunchbase.com\/organization\/talkpal-9cde\",\"https:\/\/www.g2.com\/products\/talkpal-for-business\/\",\"https:\/\/www.trustpilot.com\/review\/talkpal.ai\",\"https:\/\/www.capterra.com\/p\/10006800\/TalkPal\/\"],\"description\":\"Talkpal is a language learning web and mobile education app, powered by the latest AI technologies, that provides engaging experiences to its customers in many different languages to help them improve their language skills. Users can chat about unlimited amount of topics with the app and use other modes to practice their language learning.\",\"email\":\"support@talkpal.ai\",\"legalName\":\"Talkpal, Inc.\",\"foundingDate\":\"2023-04-03\",\"duns\":\"118989042\",\"numberOfEmployees\":{\"@type\":\"QuantitativeValue\",\"minValue\":\"11\",\"maxValue\":\"50\"},\"publishingPrinciples\":\"https:\/\/talkpal.ai\/publishing-principles\/\",\"actionableFeedbackPolicy\":\"https:\/\/talkpal.ai\/actionable-feedback-policy\/\",\"correctionsPolicy\":\"https:\/\/talkpal.ai\/corrections-policy\/\",\"ethicsPolicy\":\"https:\/\/talkpal.ai\/ethics-policy\/\",\"diversityPolicy\":\"https:\/\/talkpal.ai\/diversity-policy\/\",\"diversityStaffingReport\":\"https:\/\/talkpal.ai\/diversity-policy\/\"}]}<\/script>\n<!-- \/ Yoast SEO Premium plugin. -->","yoast_head_json":{"title":"Cleachta\u00ed Gramada\u00ed Urdais - Talkpal","description":"M\u00e1istir Urdais len\u00e1r gcleachta\u00ed gramada\u00ed cuimsitheacha Urdais chun feabhas a chur ar do thuiscint ar ainmfhocail, forainmneacha, agus go leor eile.","robots":{"index":"index","follow":"follow","max-snippet":"max-snippet:-1","max-image-preview":"max-image-preview:large","max-video-preview":"max-video-preview:-1"},"canonical":"https:\/\/talkpal.ai\/ga\/cleachtai-gramadai-urdais\/","og_locale":"ga_IE","og_type":"article","og_title":"Cleachta\u00ed Gramada\u00ed Urdais","og_description":"Topaic\u00ed Gramada\u00ed Urdais D'fh\u00e9adfadh turas suimi\u00fail a bheith ann Urdais a fhoghlaim, teanga at\u00e1 saibhrithe le nathanna \u00e9ags\u00fala, br\u00edonna doimhne agus","og_url":"https:\/\/talkpal.ai\/ga\/cleachtai-gramadai-urdais\/","og_site_name":"Talkpal","article_publisher":"https:\/\/www.facebook.com\/profile.php?id=100090733639311","article_modified_time":"2025-12-17T14:41:51+00:00","og_image":[{"width":512,"height":512,"url":"https:\/\/talkpal.ai\/wp-content\/uploads\/2023\/05\/Urdu-pakistan.png","type":"image\/png"}],"twitter_card":"summary_large_image","twitter_site":"@talkpalai","twitter_misc":{"Est. reading time":"3 minutes"},"schema":{"@context":"https:\/\/schema.org","@graph":[{"@type":"WebPage","@id":"https:\/\/talkpal.ai\/ga\/cleachtai-gramadai-urdais\/","url":"https:\/\/talkpal.ai\/ga\/cleachtai-gramadai-urdais\/","name":"Cleachta\u00ed Gramada\u00ed Urdais - Talkpal","isPartOf":{"@id":"https:\/\/talkpal.ai\/ga\/#website"},"primaryImageOfPage":{"@id":"https:\/\/talkpal.ai\/ga\/cleachtai-gramadai-urdais\/#primaryimage"},"image":{"@id":"https:\/\/talkpal.ai\/ga\/cleachtai-gramadai-urdais\/#primaryimage"},"thumbnailUrl":"https:\/\/talkpal.ai\/wp-content\/uploads\/2023\/05\/Urdu-pakistan.png","datePublished":"2023-07-05T10:41:01+00:00","dateModified":"2025-12-17T14:41:51+00:00","description":"M\u00e1istir Urdais len\u00e1r gcleachta\u00ed gramada\u00ed cuimsitheacha Urdais chun feabhas a chur ar do thuiscint ar ainmfhocail, forainmneacha, agus go leor eile.","breadcrumb":{"@id":"https:\/\/talkpal.ai\/ga\/cleachtai-gramadai-urdais\/#breadcrumb"},"inLanguage":"ga-IE","potentialAction":[{"@type":"ReadAction","target":["https:\/\/talkpal.ai\/ga\/cleachtai-gramadai-urdais\/"]}]},{"@type":"ImageObject","inLanguage":"ga-IE","@id":"https:\/\/talkpal.ai\/ga\/cleachtai-gramadai-urdais\/#primaryimage","url":"https:\/\/talkpal.ai\/wp-content\/uploads\/2023\/05\/Urdu-pakistan.png","contentUrl":"https:\/\/talkpal.ai\/wp-content\/uploads\/2023\/05\/Urdu-pakistan.png","width":512,"height":512,"caption":"TalkPal Urdu -Pakistan Flag"},{"@type":"BreadcrumbList","@id":"https:\/\/talkpal.ai\/ga\/cleachtai-gramadai-urdais\/#breadcrumb","itemListElement":[{"@type":"ListItem","position":1,"name":"Homepage","item":"https:\/\/talkpal.ai\/ga\/"},{"@type":"ListItem","position":2,"name":"Cleachta\u00ed Gramada\u00ed Urdais"}]},{"@type":"WebSite","@id":"https:\/\/talkpal.ai\/ga\/#website","url":"https:\/\/talkpal.ai\/ga\/","name":"Talkpal","description":"AI Language Learning","publisher":{"@id":"https:\/\/talkpal.ai\/ga\/#organization"},"alternateName":"Talkpal AI","potentialAction":[{"@type":"SearchAction","target":{"@type":"EntryPoint","urlTemplate":"https:\/\/talkpal.ai\/ga\/?s={search_term_string}"},"query-input":{"@type":"PropertyValueSpecification","valueRequired":true,"valueName":"search_term_string"}}],"inLanguage":"ga-IE"},{"@type":"Organization","@id":"https:\/\/talkpal.ai\/ga\/#organization","name":"Talkpal, Inc.","alternateName":"Talkpal AI","url":"https:\/\/talkpal.ai\/ga\/","logo":{"@type":"ImageObject","inLanguage":"ga-IE","@id":"https:\/\/talkpal.ai\/ga\/#\/schema\/logo\/image\/","url":"https:\/\/talkpal.ai\/wp-content\/uploads\/2024\/03\/Talkpal-Logo-Icon.png","contentUrl":"https:\/\/talkpal.ai\/wp-content\/uploads\/2024\/03\/Talkpal-Logo-Icon.png","width":2880,"height":2880,"caption":"Talkpal, Inc."},"image":{"@id":"https:\/\/talkpal.ai\/ga\/#\/schema\/logo\/image\/"},"sameAs":["https:\/\/www.facebook.com\/profile.php?id=100090733639311","https:\/\/x.com\/talkpalai","https:\/\/www.linkedin.com\/company\/talkpal\/","https:\/\/www.youtube.com\/@TalkPal\/","https:\/\/www.tiktok.com\/@talkpal","https:\/\/www.instagram.com\/talkpal_ai\/","https:\/\/www.crunchbase.com\/organization\/talkpal-9cde","https:\/\/www.g2.com\/products\/talkpal-for-business\/","https:\/\/www.trustpilot.com\/review\/talkpal.ai","https:\/\/www.capterra.com\/p\/10006800\/TalkPal\/"],"description":"Talkpal is a language learning web and mobile education app, powered by the latest AI technologies, that provides engaging experiences to its customers in many different languages to help them improve their language skills. Users can chat about unlimited amount of topics with the app and use other modes to practice their language learning.","email":"support@talkpal.ai","legalName":"Talkpal, Inc.","foundingDate":"2023-04-03","duns":"118989042","numberOfEmployees":{"@type":"QuantitativeValue","minValue":"11","maxValue":"50"},"publishingPrinciples":"https:\/\/talkpal.ai\/publishing-principles\/","actionableFeedbackPolicy":"https:\/\/talkpal.ai\/actionable-feedback-policy\/","correctionsPolicy":"https:\/\/talkpal.ai\/corrections-policy\/","ethicsPolicy":"https:\/\/talkpal.ai\/ethics-policy\/","diversityPolicy":"https:\/\/talkpal.ai\/diversity-policy\/","diversityStaffingReport":"https:\/\/talkpal.ai\/diversity-policy\/"}]}},"_links":{"self":[{"href":"https:\/\/talkpal.ai\/ga\/wp-json\/wp\/v2\/pages\/1446948","targetHints":{"allow":["GET"]}}],"collection":[{"href":"https:\/\/talkpal.ai\/ga\/wp-json\/wp\/v2\/pages"}],"about":[{"href":"https:\/\/talkpal.ai\/ga\/wp-json\/wp\/v2\/types\/page"}],"author":[{"embeddable":true,"href":"https:\/\/talkpal.ai\/ga\/wp-json\/wp\/v2\/users\/6"}],"replies":[{"embeddable":true,"href":"https:\/\/talkpal.ai\/ga\/wp-json\/wp\/v2\/comments?post=1446948"}],"version-history":[{"count":0,"href":"https:\/\/talkpal.ai\/ga\/wp-json\/wp\/v2\/pages\/1446948\/revisions"}],"wp:featuredmedia":[{"embeddable":true,"href":"https:\/\/talkpal.ai\/ga\/wp-json\/wp\/v2\/media\/1443970"}],"wp:attachment":[{"href":"https:\/\/talkpal.ai\/ga\/wp-json\/wp\/v2\/media?parent=1446948"}],"curies":[{"name":"wp","href":"https:\/\/api.w.org\/{rel}","templated":true}]}}