{"id":1446944,"date":"2023-07-05T10:17:13","date_gmt":"2023-07-05T10:17:13","guid":{"rendered":"https:\/\/talkpal.ai\/cleachtai-gramadai-tamil\/"},"modified":"2025-12-17T15:02:09","modified_gmt":"2025-12-17T15:02:09","slug":"cleachtai-gramadai-tamil","status":"publish","type":"page","link":"https:\/\/talkpal.ai\/ga\/cleachtai-gramadai-tamil\/","title":{"rendered":"Cleachta\u00ed Gramada\u00ed Tamil"},"content":{"rendered":"\r\n\r\n\r\n<section class=\"languageChallengeSection\">\r\n    <div class=\"languageInfoWrapper\">\r\n        \r\n        <h1>Cleachta\u00ed Gramada\u00ed Tamil<\/h1>\r\n        <p>M\u00e1s mian leat m\u00e1istreacht a fh\u00e1il ar an <a href=\"https:\/\/talkpal.ai\/learn-tamil\/\">Tamil<\/a>, is c\u00e9im th\u00e1bhachtach ar do thuras \u00e9 gramadach a chleachtadh tr\u00ed chleachta\u00ed spriocdh\u00edrithe. Tosaigh inniu, d\u00fashl\u00e1n a thabhairt duit f\u00e9in le patr\u00fain ghramada\u00ed nua, agus f\u00e9ach ar do scileanna Tamil ag f\u00e1s le gach cleachtadh!<\/p>\r\n\r\n                            <a class=\"getStartedHidden\" href=\"https:\/\/app.talkpal.ai\/signup?lng=\">Tosaigh<\/a>\r\n        \r\n    <\/div>\r\n\r\n    <figure>\r\n    <img decoding=\"async\" width=\"768\" height=\"768\" src=\"https:\/\/talkpal.ai\/wp-content\/uploads\/2023\/06\/tamil-768x768.png\" class=\"languageImage no-lazy\" alt=\"Language learning for enhanced creativity\" fetchpriority=\"high\" sizes=\"(max-width: 768px) 150px, 768px\" srcset=\"https:\/\/talkpal.ai\/wp-content\/uploads\/2023\/06\/tamil-768x768.png 768w, https:\/\/talkpal.ai\/wp-content\/uploads\/2023\/06\/tamil-300x300.png 300w\" \/>\r\n    \r\n\r\n    <\/figure>\r\n\r\n            <a class=\"getStartedVisible\" href=\"https:\/\/app.talkpal.ai\/signup?lng=\">Tosaigh<\/a>\r\n    \r\n<\/section>\r\n\r\n\r\n<!-- <section class=\"grammarSection\">\r\n    <div class=\"grammarLinks\">\r\n            <\/div>\r\n<\/section> -->\r\n\r\n\r\n\r\n\r\n<section class=\"promotionalBanner\">\r\n    <p class=\"promotionalText\">An bealach is \u00e9ifeachta\u00ed le teanga a fhoghlaim<\/p>\r\n    <a class=\"promotionalLink\" href=\"https:\/\/app.talkpal.ai\/signup?lng=\">Bain triail as Talkpal saor in aisce<\/a>\r\n<\/section>\n<div class=\"wp-block-group pageContainerStyle\"><div class=\"wp-block-group__inner-container is-layout-constrained wp-block-group-is-layout-constrained\">\n<h2 class=\"wp-block-heading\" id=\"h-tamil-grammar-topics\">Topaic\u00ed Gramada\u00ed Tamil<\/h2>\n\n\n\n<p>Is teanga bhr\u00edomhar agus shaibhir \u00ed an Tamil a labhra\u00edtear go pr\u00edomha i nDeisceart na <a href=\"https:\/\/talkpal.ai\/learn-hindi\/\">hIndia<\/a> agus i Sr\u00ed Lanca. T\u00e1 c\u00e1il air mar gheall ar a script uath\u00fail agus a ch\u00f3ras gramada\u00ed casta. Is f\u00e9idir le foghlaim Tamil a bheith ina eisp\u00e9ireas suimi\u00fail, ach \u00e9il\u00edonn s\u00e9 cur chuige strucht\u00fartha chun a ghramadach a thuiscint. \u00c1ir\u00edtear leis seo tuiscint a fh\u00e1il ar na aims\u00ed, briathra, ainmfhocail, ailt, forainmneacha \/ cinntitheoir\u00ed, aidiachta\u00ed, adverbs, coinn\u00edollacha, r\u00e9amhfhocail, agus strucht\u00fair abairte.<\/p>\n\n\n\n<h3 class=\"wp-block-heading\" id=\"h-1-nouns\">1. Ainmfhocail:<\/h3>\n\n\n\n<p>Cuir t\u00fas le d&#8217;fhoghlaim Tamil le hainmfhocail, mar is bloic th\u00f3g\u00e1la aon teanga iad. Sa Tamilis, d\u00e9antar ainmfhocail a aicmi\u00fa in dh\u00e1 chatag\u00f3ir: uyirmei (beo) agus mei (neamhbheo). T\u00e1 claonadh difri\u00fail acu freisin bunaithe ar l\u00edon agus c\u00e1s.<\/p>\n\n\n\n<h3 class=\"wp-block-heading\" id=\"h-2-pronouns-determiners\">2. Forainmneacha \/ Cinntitheoir\u00ed:<\/h3>\n\n\n\n<p>Tar \u00e9is m\u00e1istreacht a dh\u00e9anamh ar ainmfhocail, bog ar aghaidh go forainmneacha agus cinntitheoir\u00ed. \u00das\u00e1idtear iad chun tagairt a dh\u00e9anamh do dhuine n\u00f3 do rud \u00e9igin a luaitear cheana f\u00e9in n\u00f3 a aithn\u00edtear go h\u00e9asca. I Tamilis, t\u00e1 forainmneacha neodrach \u00f3 thaobh inscne de agus infhilleann siad ar uimhir agus c\u00e1s.<\/p>\n\n\n\n<h3 class=\"wp-block-heading\" id=\"h-3-verbs\">3. Briathra:<\/h3>\n\n\n\n<p>T\u00e1 briathra i Tamil roinnte ina dh\u00e1 chatag\u00f3ir: briathra transitive agus intransitive. T\u00e1 s\u00e9 r\u00edth\u00e1bhachtach tuiscint a fh\u00e1il ar an gcaoi a bhfeidhm\u00edonn siad mar go l\u00e9ir\u00edonn siad an gn\u00edomh in abairt.<\/p>\n\n\n\n<h3 class=\"wp-block-heading\" id=\"h-4-tenses\">4. Aimsir:<\/h3>\n\n\n\n<p>T\u00e1 tr\u00ed aimsir bhun\u00fasacha ag Tamil: am at\u00e1 caite, i l\u00e1thair agus sa todhcha\u00ed. T\u00e1 foirmeacha difri\u00fala ag gach aimsir don uatha agus don iolra, chomh maith le daoine \u00e9ags\u00fala. T\u00e1 s\u00e9 t\u00e1bhachtach na hathruithe seo a thuiscint chun abairt\u00ed a fhoirmi\u00fa i gceart.<\/p>\n\n\n\n<h3 class=\"wp-block-heading\" id=\"h-5-tense-comparison\">5. Compar\u00e1id Aimsire:<\/h3>\n\n\n\n<p>Chomh luath agus a thuigeann t\u00fa na aimsir\u00ed bun\u00fasacha, is f\u00e9idir leat dul ar aghaidh go dt\u00ed compar\u00e1id aimsire. \u00c9il\u00edonn s\u00e9 seo compar\u00e1id a dh\u00e9anamh idir gn\u00edomhartha \u00e9ags\u00fala in aimsir \u00e9ags\u00fala, rud at\u00e1 r\u00edth\u00e1bhachtach d&#8217;\u00fas\u00e1id teanga chun cinn.<\/p>\n\n\n\n<h3 class=\"wp-block-heading\" id=\"h-6-adjectives\">6. Aidiachta\u00ed:<\/h3>\n\n\n\n<p>D\u00e9anann aidiachta\u00ed sa Tamil, cos\u00fail leis an mB\u00e9arla, cur s\u00edos ar ainmfhocail n\u00f3 iad a mhodhn\u00fa. Aonta\u00edonn siad leis an ainmfhocal a mhodhna\u00edonn siad i gc\u00e1s, uimhir, agus inscne.<\/p>\n\n\n\n<h3 class=\"wp-block-heading\" id=\"h-7-articles\">7. Airteagail:<\/h3>\n\n\n\n<p>N\u00edl ailt chinnte n\u00f3 \u00e9iginnte ag Tamil cos\u00fail le &#8216;a&#8217;, &#8216;an&#8217;, n\u00f3 &#8216;an&#8217;. Mar sin f\u00e9in, t\u00e1 s\u00e9 t\u00e1bhachtach tuiscint a fh\u00e1il ar conas iad a <a href=\"https:\/\/talkpal.ai\/locations\/language-courses-in-chur\/\">chur<\/a> ina n-ionad chun abairt\u00ed a fhoirmi\u00fa.<\/p>\n\n\n\n<h3 class=\"wp-block-heading\" id=\"h-8-adverbs\">8. Adverbs:<\/h3>\n\n\n\n<p>Adverbs modify verbs, adjectives, or other adverbs. Is f\u00e9idir leo bealach, \u00e1it, am, minic\u00edocht, c\u00e9im, agus go leor eile a chur in i\u00fal.<\/p>\n\n\n\n<h3 class=\"wp-block-heading\" id=\"h-9-prepositions\">9. Prepositions:<\/h3>\n\n\n\n<p>\u00das\u00e1idtear r\u00e9amhfhocail chun ainmfhocail, forainmneacha n\u00f3 fr\u00e1sa\u00ed a nascadh le focail eile laistigh d&#8217;abairt. L\u00e9ir\u00edonn siad caidreamh \u00e1ite, treo, <a href=\"https:\/\/talkpal.ai\/locations\/language-courses-in-ama\/\">ama<\/a>, modh, c\u00fais, agus c\u00e9im.<\/p>\n\n\n\n<h3 class=\"wp-block-heading\" id=\"h-10-conditionals\">10. Coinn\u00edollacha:<\/h3>\n\n\n\n<p>Is \u00e9ard is coinn\u00edollacha ann n\u00e1 abairt\u00ed a l\u00e9ir\u00edonn c\u00e1sanna hipit\u00e9iseacha agus a n-iarmhairt\u00ed. Sa Tamil, crutha\u00edtear coinn\u00edollacha tr\u00ed fhoirmeacha briathar agus comhcheangal ar <a href=\"https:\/\/talkpal.ai\/locations\/language-courses-in-leith\/\">leith<\/a>.<\/p>\n\n\n\n<h3 class=\"wp-block-heading\" id=\"h-11-progressive-and-perfect-progressive\">11. For\u00e1sach agus For\u00e1sach Foirfe:<\/h3>\n\n\n\n<p>Is gn\u00e9ithe iad seo d&#8217;aimsir\u00ed a l\u00e9ir\u00edonn gn\u00edomhartha lean\u00fanacha n\u00f3 gn\u00edomhartha a bh\u00ed ar si\u00fal ach at\u00e1 cr\u00edochnaithe anois. T\u00e1 siad riachtanach chun fad agus lean\u00fanachas na ngn\u00edomhartha a chur in i\u00fal.<\/p>\n\n\n\n<h3 class=\"wp-block-heading\" id=\"h-12-sentences\">12. Abairt\u00ed:<\/h3>\n\n\n\n<p>Ar deireadh, t\u00e1 s\u00e9 t\u00e1bhachtach strucht\u00far na n-abairt\u00ed i Tamil a thuiscint. Leanann Tamil an t-ord focal <a href=\"https:\/\/talkpal.ai\/culture\/how-do-you-structure-a-sentence-using-subject-object-verb-order-in-uzbek\/\">Subject-Object-Verb<\/a> (SOV). Chomh maith leis sin, feabhs\u00f3idh tuiscint a fh\u00e1il ar abairt\u00ed cumaisc agus casta do chumas forioml\u00e1n ar an teanga.<\/p>\n<\/div><\/div>\n\r\n<section class=\"learnNavigationSection\">\r\n            \r\n        <a href=\"https:\/\/talkpal.ai\/ga\/foghlaim-tamil\/\">\r\n            <div class=\"learnNavigationWrapper\">\r\n                <div class=\"learnNavigationContent\">\r\n                    <img decoding=\"async\" src=\"https:\/\/talkpal.ai\/wp-content\/uploads\/2024\/08\/Tamil.jpg\" alt=\"Indian Simplified Flag\">\r\n                    <div>\r\n                        <h4>Maidir le Foghlaim Tamil<\/h4>\r\n                        <p>Faigh amach gach rud faoi ghramadach Tamil.<\/p>\r\n                    <\/div>\r\n                <\/div>\r\n            <\/div>\r\n        <\/a>\r\n\r\n        \r\n        <a href=\"https:\/\/talkpal.ai\/ga\/gramadach-tamil\/\">\r\n            <div class=\"learnNavigationWrapper\">\r\n                <div class=\"learnNavigationContent\">\r\n                    <img decoding=\"async\" src=\"https:\/\/talkpal.ai\/wp-content\/uploads\/2024\/08\/Tamil.jpg\" alt=\"Indian Simplified Flag\">\r\n                    <div>\r\n                        <h4>Ceachtanna Gramada\u00ed Tamil<\/h4>\r\n                        <p>Cleachtadh gramadach Tamil.<\/p>\r\n                    <\/div>\r\n                <\/div>\r\n            <\/div>\r\n        <\/a>\r\n\r\n        \r\n        <a href=\"https:\/\/talkpal.ai\/vocabulary_language\/tamil\/\">\r\n            <div class=\"learnNavigationWrapper\">\r\n                <div class=\"learnNavigationContent\">\r\n                    <img decoding=\"async\" src=\"https:\/\/talkpal.ai\/wp-content\/uploads\/2024\/08\/Tamil.jpg\" alt=\"Indian Simplified Flag\">\r\n                    <div>\r\n                        <h4>St\u00f3r Focal Tamil<\/h4>\r\n                        <p>Leathnaigh do st\u00f3r focal Tamil.<\/p>\r\n                    <\/div>\r\n                <\/div>\r\n            <\/div>\r\n        <\/a>\r\n\r\n            <\/section>","protected":false},"excerpt":{"rendered":"<p>Topaic\u00ed Gramada\u00ed Tamil Is teanga bhr\u00edomhar agus shaibhir \u00ed an Tamil a labhra\u00edtear go pr\u00edomha i nDeisceart na hIndia agus i Sr\u00ed Lanca. T\u00e1 c\u00e1il air mar gheall ar a script uath\u00fail agus a ch\u00f3ras gramada\u00ed casta. Is f\u00e9idir le foghlaim Tamil a bheith ina eisp\u00e9ireas suimi\u00fail, ach \u00e9il\u00edonn s\u00e9 cur chuige strucht\u00fartha chun a [&hellip;]<\/p>\n","protected":false},"author":6,"featured_media":1443657,"parent":0,"menu_order":0,"comment_status":"closed","ping_status":"closed","template":"LearningContentPage.php","meta":{"_acf_changed":false,"footnotes":""},"class_list":["post-1446944","page","type-page","status-publish","has-post-thumbnail","hentry"],"acf":[],"yoast_head":"<!-- This site is optimized with the Yoast SEO Premium plugin v27.2 (Yoast SEO v27.2) - https:\/\/yoast.com\/product\/yoast-seo-premium-wordpress\/ -->\n<title>Cleachta\u00ed Gramada\u00ed Tamil - Talkpal<\/title>\n<meta name=\"description\" content=\"D\u00e9an ini\u00fachadh ar Chleachta\u00ed \u00e9ifeachtacha Gramada\u00ed Tamil chun do scileanna teanga a fheabhs\u00fa agus tuiscint a threisi\u00fa.\" \/>\n<meta name=\"robots\" content=\"index, follow, max-snippet:-1, max-image-preview:large, max-video-preview:-1\" \/>\n<link rel=\"canonical\" href=\"https:\/\/talkpal.ai\/ga\/cleachtai-gramadai-tamil\/\" \/>\n<meta property=\"og:locale\" content=\"ga_IE\" \/>\n<meta property=\"og:type\" content=\"article\" \/>\n<meta property=\"og:title\" content=\"Cleachta\u00ed Gramada\u00ed Tamil\" \/>\n<meta property=\"og:description\" content=\"Topaic\u00ed Gramada\u00ed Tamil Is teanga bhr\u00edomhar agus shaibhir \u00ed an Tamil a labhra\u00edtear go pr\u00edomha i nDeisceart na hIndia agus i Sr\u00ed Lanca. T\u00e1 c\u00e1il air mar\" \/>\n<meta property=\"og:url\" content=\"https:\/\/talkpal.ai\/ga\/cleachtai-gramadai-tamil\/\" \/>\n<meta property=\"og:site_name\" content=\"Talkpal\" \/>\n<meta property=\"article:publisher\" content=\"https:\/\/www.facebook.com\/profile.php?id=100090733639311\" \/>\n<meta property=\"article:modified_time\" content=\"2025-12-17T15:02:09+00:00\" \/>\n<meta property=\"og:image\" content=\"https:\/\/talkpal.ai\/wp-content\/uploads\/2023\/05\/Tamil-india.png\" \/>\n\t<meta property=\"og:image:width\" content=\"512\" \/>\n\t<meta property=\"og:image:height\" content=\"512\" \/>\n\t<meta property=\"og:image:type\" content=\"image\/png\" \/>\n<meta name=\"twitter:card\" content=\"summary_large_image\" \/>\n<meta name=\"twitter:site\" content=\"@talkpalai\" \/>\n<meta name=\"twitter:label1\" content=\"Est. reading time\" \/>\n\t<meta name=\"twitter:data1\" content=\"3 minutes\" \/>\n<script type=\"application\/ld+json\" class=\"yoast-schema-graph\">{\"@context\":\"https:\/\/schema.org\",\"@graph\":[{\"@type\":\"WebPage\",\"@id\":\"https:\/\/talkpal.ai\/ga\/cleachtai-gramadai-tamil\/\",\"url\":\"https:\/\/talkpal.ai\/ga\/cleachtai-gramadai-tamil\/\",\"name\":\"Cleachta\u00ed Gramada\u00ed Tamil - Talkpal\",\"isPartOf\":{\"@id\":\"https:\/\/talkpal.ai\/ga\/#website\"},\"primaryImageOfPage\":{\"@id\":\"https:\/\/talkpal.ai\/ga\/cleachtai-gramadai-tamil\/#primaryimage\"},\"image\":{\"@id\":\"https:\/\/talkpal.ai\/ga\/cleachtai-gramadai-tamil\/#primaryimage\"},\"thumbnailUrl\":\"https:\/\/talkpal.ai\/wp-content\/uploads\/2023\/05\/Tamil-india.png\",\"datePublished\":\"2023-07-05T10:17:13+00:00\",\"dateModified\":\"2025-12-17T15:02:09+00:00\",\"description\":\"D\u00e9an ini\u00fachadh ar Chleachta\u00ed \u00e9ifeachtacha Gramada\u00ed Tamil chun do scileanna teanga a fheabhs\u00fa agus tuiscint a threisi\u00fa.\",\"breadcrumb\":{\"@id\":\"https:\/\/talkpal.ai\/ga\/cleachtai-gramadai-tamil\/#breadcrumb\"},\"inLanguage\":\"ga-IE\",\"potentialAction\":[{\"@type\":\"ReadAction\",\"target\":[\"https:\/\/talkpal.ai\/ga\/cleachtai-gramadai-tamil\/\"]}]},{\"@type\":\"ImageObject\",\"inLanguage\":\"ga-IE\",\"@id\":\"https:\/\/talkpal.ai\/ga\/cleachtai-gramadai-tamil\/#primaryimage\",\"url\":\"https:\/\/talkpal.ai\/wp-content\/uploads\/2023\/05\/Tamil-india.png\",\"contentUrl\":\"https:\/\/talkpal.ai\/wp-content\/uploads\/2023\/05\/Tamil-india.png\",\"width\":512,\"height\":512,\"caption\":\"TalkPal Tamil - India Flag\"},{\"@type\":\"BreadcrumbList\",\"@id\":\"https:\/\/talkpal.ai\/ga\/cleachtai-gramadai-tamil\/#breadcrumb\",\"itemListElement\":[{\"@type\":\"ListItem\",\"position\":1,\"name\":\"Homepage\",\"item\":\"https:\/\/talkpal.ai\/ga\/\"},{\"@type\":\"ListItem\",\"position\":2,\"name\":\"Cleachta\u00ed Gramada\u00ed Tamil\"}]},{\"@type\":\"WebSite\",\"@id\":\"https:\/\/talkpal.ai\/ga\/#website\",\"url\":\"https:\/\/talkpal.ai\/ga\/\",\"name\":\"Talkpal\",\"description\":\"AI Language Learning\",\"publisher\":{\"@id\":\"https:\/\/talkpal.ai\/ga\/#organization\"},\"alternateName\":\"Talkpal AI\",\"potentialAction\":[{\"@type\":\"SearchAction\",\"target\":{\"@type\":\"EntryPoint\",\"urlTemplate\":\"https:\/\/talkpal.ai\/ga\/?s={search_term_string}\"},\"query-input\":{\"@type\":\"PropertyValueSpecification\",\"valueRequired\":true,\"valueName\":\"search_term_string\"}}],\"inLanguage\":\"ga-IE\"},{\"@type\":\"Organization\",\"@id\":\"https:\/\/talkpal.ai\/ga\/#organization\",\"name\":\"Talkpal, Inc.\",\"alternateName\":\"Talkpal AI\",\"url\":\"https:\/\/talkpal.ai\/ga\/\",\"logo\":{\"@type\":\"ImageObject\",\"inLanguage\":\"ga-IE\",\"@id\":\"https:\/\/talkpal.ai\/ga\/#\/schema\/logo\/image\/\",\"url\":\"https:\/\/talkpal.ai\/wp-content\/uploads\/2024\/03\/Talkpal-Logo-Icon.png\",\"contentUrl\":\"https:\/\/talkpal.ai\/wp-content\/uploads\/2024\/03\/Talkpal-Logo-Icon.png\",\"width\":2880,\"height\":2880,\"caption\":\"Talkpal, Inc.\"},\"image\":{\"@id\":\"https:\/\/talkpal.ai\/ga\/#\/schema\/logo\/image\/\"},\"sameAs\":[\"https:\/\/www.facebook.com\/profile.php?id=100090733639311\",\"https:\/\/x.com\/talkpalai\",\"https:\/\/www.linkedin.com\/company\/talkpal\/\",\"https:\/\/www.youtube.com\/@TalkPal\/\",\"https:\/\/www.tiktok.com\/@talkpal\",\"https:\/\/www.instagram.com\/talkpal_ai\/\",\"https:\/\/www.crunchbase.com\/organization\/talkpal-9cde\",\"https:\/\/www.g2.com\/products\/talkpal-for-business\/\",\"https:\/\/www.trustpilot.com\/review\/talkpal.ai\",\"https:\/\/www.capterra.com\/p\/10006800\/TalkPal\/\"],\"description\":\"Talkpal is a language learning web and mobile education app, powered by the latest AI technologies, that provides engaging experiences to its customers in many different languages to help them improve their language skills. Users can chat about unlimited amount of topics with the app and use other modes to practice their language learning.\",\"email\":\"support@talkpal.ai\",\"legalName\":\"Talkpal, Inc.\",\"foundingDate\":\"2023-04-03\",\"duns\":\"118989042\",\"numberOfEmployees\":{\"@type\":\"QuantitativeValue\",\"minValue\":\"11\",\"maxValue\":\"50\"},\"publishingPrinciples\":\"https:\/\/talkpal.ai\/publishing-principles\/\",\"actionableFeedbackPolicy\":\"https:\/\/talkpal.ai\/actionable-feedback-policy\/\",\"correctionsPolicy\":\"https:\/\/talkpal.ai\/corrections-policy\/\",\"ethicsPolicy\":\"https:\/\/talkpal.ai\/ethics-policy\/\",\"diversityPolicy\":\"https:\/\/talkpal.ai\/diversity-policy\/\",\"diversityStaffingReport\":\"https:\/\/talkpal.ai\/diversity-policy\/\"}]}<\/script>\n<!-- \/ Yoast SEO Premium plugin. -->","yoast_head_json":{"title":"Cleachta\u00ed Gramada\u00ed Tamil - Talkpal","description":"D\u00e9an ini\u00fachadh ar Chleachta\u00ed \u00e9ifeachtacha Gramada\u00ed Tamil chun do scileanna teanga a fheabhs\u00fa agus tuiscint a threisi\u00fa.","robots":{"index":"index","follow":"follow","max-snippet":"max-snippet:-1","max-image-preview":"max-image-preview:large","max-video-preview":"max-video-preview:-1"},"canonical":"https:\/\/talkpal.ai\/ga\/cleachtai-gramadai-tamil\/","og_locale":"ga_IE","og_type":"article","og_title":"Cleachta\u00ed Gramada\u00ed Tamil","og_description":"Topaic\u00ed Gramada\u00ed Tamil Is teanga bhr\u00edomhar agus shaibhir \u00ed an Tamil a labhra\u00edtear go pr\u00edomha i nDeisceart na hIndia agus i Sr\u00ed Lanca. T\u00e1 c\u00e1il air mar","og_url":"https:\/\/talkpal.ai\/ga\/cleachtai-gramadai-tamil\/","og_site_name":"Talkpal","article_publisher":"https:\/\/www.facebook.com\/profile.php?id=100090733639311","article_modified_time":"2025-12-17T15:02:09+00:00","og_image":[{"width":512,"height":512,"url":"https:\/\/talkpal.ai\/wp-content\/uploads\/2023\/05\/Tamil-india.png","type":"image\/png"}],"twitter_card":"summary_large_image","twitter_site":"@talkpalai","twitter_misc":{"Est. reading time":"3 minutes"},"schema":{"@context":"https:\/\/schema.org","@graph":[{"@type":"WebPage","@id":"https:\/\/talkpal.ai\/ga\/cleachtai-gramadai-tamil\/","url":"https:\/\/talkpal.ai\/ga\/cleachtai-gramadai-tamil\/","name":"Cleachta\u00ed Gramada\u00ed Tamil - Talkpal","isPartOf":{"@id":"https:\/\/talkpal.ai\/ga\/#website"},"primaryImageOfPage":{"@id":"https:\/\/talkpal.ai\/ga\/cleachtai-gramadai-tamil\/#primaryimage"},"image":{"@id":"https:\/\/talkpal.ai\/ga\/cleachtai-gramadai-tamil\/#primaryimage"},"thumbnailUrl":"https:\/\/talkpal.ai\/wp-content\/uploads\/2023\/05\/Tamil-india.png","datePublished":"2023-07-05T10:17:13+00:00","dateModified":"2025-12-17T15:02:09+00:00","description":"D\u00e9an ini\u00fachadh ar Chleachta\u00ed \u00e9ifeachtacha Gramada\u00ed Tamil chun do scileanna teanga a fheabhs\u00fa agus tuiscint a threisi\u00fa.","breadcrumb":{"@id":"https:\/\/talkpal.ai\/ga\/cleachtai-gramadai-tamil\/#breadcrumb"},"inLanguage":"ga-IE","potentialAction":[{"@type":"ReadAction","target":["https:\/\/talkpal.ai\/ga\/cleachtai-gramadai-tamil\/"]}]},{"@type":"ImageObject","inLanguage":"ga-IE","@id":"https:\/\/talkpal.ai\/ga\/cleachtai-gramadai-tamil\/#primaryimage","url":"https:\/\/talkpal.ai\/wp-content\/uploads\/2023\/05\/Tamil-india.png","contentUrl":"https:\/\/talkpal.ai\/wp-content\/uploads\/2023\/05\/Tamil-india.png","width":512,"height":512,"caption":"TalkPal Tamil - India Flag"},{"@type":"BreadcrumbList","@id":"https:\/\/talkpal.ai\/ga\/cleachtai-gramadai-tamil\/#breadcrumb","itemListElement":[{"@type":"ListItem","position":1,"name":"Homepage","item":"https:\/\/talkpal.ai\/ga\/"},{"@type":"ListItem","position":2,"name":"Cleachta\u00ed Gramada\u00ed Tamil"}]},{"@type":"WebSite","@id":"https:\/\/talkpal.ai\/ga\/#website","url":"https:\/\/talkpal.ai\/ga\/","name":"Talkpal","description":"AI Language Learning","publisher":{"@id":"https:\/\/talkpal.ai\/ga\/#organization"},"alternateName":"Talkpal AI","potentialAction":[{"@type":"SearchAction","target":{"@type":"EntryPoint","urlTemplate":"https:\/\/talkpal.ai\/ga\/?s={search_term_string}"},"query-input":{"@type":"PropertyValueSpecification","valueRequired":true,"valueName":"search_term_string"}}],"inLanguage":"ga-IE"},{"@type":"Organization","@id":"https:\/\/talkpal.ai\/ga\/#organization","name":"Talkpal, Inc.","alternateName":"Talkpal AI","url":"https:\/\/talkpal.ai\/ga\/","logo":{"@type":"ImageObject","inLanguage":"ga-IE","@id":"https:\/\/talkpal.ai\/ga\/#\/schema\/logo\/image\/","url":"https:\/\/talkpal.ai\/wp-content\/uploads\/2024\/03\/Talkpal-Logo-Icon.png","contentUrl":"https:\/\/talkpal.ai\/wp-content\/uploads\/2024\/03\/Talkpal-Logo-Icon.png","width":2880,"height":2880,"caption":"Talkpal, Inc."},"image":{"@id":"https:\/\/talkpal.ai\/ga\/#\/schema\/logo\/image\/"},"sameAs":["https:\/\/www.facebook.com\/profile.php?id=100090733639311","https:\/\/x.com\/talkpalai","https:\/\/www.linkedin.com\/company\/talkpal\/","https:\/\/www.youtube.com\/@TalkPal\/","https:\/\/www.tiktok.com\/@talkpal","https:\/\/www.instagram.com\/talkpal_ai\/","https:\/\/www.crunchbase.com\/organization\/talkpal-9cde","https:\/\/www.g2.com\/products\/talkpal-for-business\/","https:\/\/www.trustpilot.com\/review\/talkpal.ai","https:\/\/www.capterra.com\/p\/10006800\/TalkPal\/"],"description":"Talkpal is a language learning web and mobile education app, powered by the latest AI technologies, that provides engaging experiences to its customers in many different languages to help them improve their language skills. Users can chat about unlimited amount of topics with the app and use other modes to practice their language learning.","email":"support@talkpal.ai","legalName":"Talkpal, Inc.","foundingDate":"2023-04-03","duns":"118989042","numberOfEmployees":{"@type":"QuantitativeValue","minValue":"11","maxValue":"50"},"publishingPrinciples":"https:\/\/talkpal.ai\/publishing-principles\/","actionableFeedbackPolicy":"https:\/\/talkpal.ai\/actionable-feedback-policy\/","correctionsPolicy":"https:\/\/talkpal.ai\/corrections-policy\/","ethicsPolicy":"https:\/\/talkpal.ai\/ethics-policy\/","diversityPolicy":"https:\/\/talkpal.ai\/diversity-policy\/","diversityStaffingReport":"https:\/\/talkpal.ai\/diversity-policy\/"}]}},"_links":{"self":[{"href":"https:\/\/talkpal.ai\/ga\/wp-json\/wp\/v2\/pages\/1446944","targetHints":{"allow":["GET"]}}],"collection":[{"href":"https:\/\/talkpal.ai\/ga\/wp-json\/wp\/v2\/pages"}],"about":[{"href":"https:\/\/talkpal.ai\/ga\/wp-json\/wp\/v2\/types\/page"}],"author":[{"embeddable":true,"href":"https:\/\/talkpal.ai\/ga\/wp-json\/wp\/v2\/users\/6"}],"replies":[{"embeddable":true,"href":"https:\/\/talkpal.ai\/ga\/wp-json\/wp\/v2\/comments?post=1446944"}],"version-history":[{"count":0,"href":"https:\/\/talkpal.ai\/ga\/wp-json\/wp\/v2\/pages\/1446944\/revisions"}],"wp:featuredmedia":[{"embeddable":true,"href":"https:\/\/talkpal.ai\/ga\/wp-json\/wp\/v2\/media\/1443657"}],"wp:attachment":[{"href":"https:\/\/talkpal.ai\/ga\/wp-json\/wp\/v2\/media?parent=1446944"}],"curies":[{"name":"wp","href":"https:\/\/api.w.org\/{rel}","templated":true}]}}