{"id":1446936,"date":"2023-07-05T10:08:32","date_gmt":"2023-07-05T10:08:32","guid":{"rendered":"https:\/\/talkpal.ai\/cleachtai-gramadai-tagalaigis\/"},"modified":"2025-12-17T09:08:51","modified_gmt":"2025-12-17T09:08:51","slug":"cleachtai-gramadai-tagalaigis","status":"publish","type":"page","link":"https:\/\/talkpal.ai\/ga\/cleachtai-gramadai-tagalaigis\/","title":{"rendered":"Cleachta\u00ed Gramada\u00ed Tag\u00e1laigis"},"content":{"rendered":"\r\n\r\n\r\n<section class=\"languageChallengeSection\">\r\n    <div class=\"languageInfoWrapper\">\r\n        \r\n        <h1>Cleachta\u00ed Gramada\u00ed Tag\u00e1laigis<\/h1>\r\n        <p>Ag iarraidh a bheith n\u00edos muin\u00edneach i Tag\u00e1laigis? Is bealach iontach \u00e9 cleachta\u00ed gramada\u00ed chun strucht\u00far abairte, foirmeacha briathra, agus patr\u00fain uath\u00fala sa teanga a thuiscint. Tosaigh ag obair ar ghramadach Tag\u00e1laigis inniu agus f\u00e9ach go bhf\u00e1sann do scileanna agus do mhuin\u00edn le gach c\u00e9im!<\/p>\r\n\r\n                            <a class=\"getStartedHidden\" href=\"https:\/\/app.talkpal.ai\/signup?lng=\">Tosaigh<\/a>\r\n        \r\n    <\/div>\r\n\r\n    <figure>\r\n    <img decoding=\"async\" width=\"768\" height=\"768\" src=\"https:\/\/talkpal.ai\/wp-content\/uploads\/2023\/06\/tagalog-768x768.png\" class=\"languageImage no-lazy\" alt=\"Overcoming challenges in language learning\" fetchpriority=\"high\" sizes=\"(max-width: 768px) 150px, 768px\" srcset=\"https:\/\/talkpal.ai\/wp-content\/uploads\/2023\/06\/tagalog-768x768.png 768w, https:\/\/talkpal.ai\/wp-content\/uploads\/2023\/06\/tagalog-300x300.png 300w\" \/>\r\n    \r\n\r\n    <\/figure>\r\n\r\n            <a class=\"getStartedVisible\" href=\"https:\/\/app.talkpal.ai\/signup?lng=\">Tosaigh<\/a>\r\n    \r\n<\/section>\r\n\r\n\r\n<!-- <section class=\"grammarSection\">\r\n    <div class=\"grammarLinks\">\r\n            <\/div>\r\n<\/section> -->\r\n\r\n\r\n\r\n\r\n<section class=\"promotionalBanner\">\r\n    <p class=\"promotionalText\">An bealach is \u00e9ifeachta\u00ed le teanga a fhoghlaim<\/p>\r\n    <a class=\"promotionalLink\" href=\"https:\/\/app.talkpal.ai\/signup?lng=\">Bain triail as Talkpal saor in aisce<\/a>\r\n<\/section>\n<div class=\"wp-block-group pageContainerStyle\"><div class=\"wp-block-group__inner-container is-layout-constrained wp-block-group-is-layout-constrained\">\n<h2 class=\"wp-block-heading\" id=\"h-tagalog-grammar-topics\">Topaic\u00ed Gramada\u00ed Tag\u00e1laigis<\/h2>\n\n\n\n<p>Is f\u00e9idir le teanga <a href=\"https:\/\/talkpal.ai\/talkpal-new-years-discount\/\">nua<\/a> a fhoghlaim a bheith ina thuras spreag\u00fail agus d\u00f3ibh si\u00fad a bhfuil suim acu i Tag\u00e1laigis, teanga a labhra\u00edtear sna hOile\u00e1in Fhilip\u00edneacha, t\u00e1 s\u00e9 riachtanach an ghramadach a thuiscint. T\u00e1 a saintr\u00e9ithe uath\u00fala ag <a href=\"https:\/\/talkpal.ai\/tagalog-grammar\/\">gramadach Tag\u00e1laigis<\/a> i dt\u00e9arma\u00ed aims\u00ed, briathra, ainmfhocail, ailt, forainmneacha \/ cinntitheoir\u00ed, aidiachta\u00ed, adverbs, coinn\u00edollacha, r\u00e9amhfhocail, agus strucht\u00fair abairte. Tabharfaidh an treoir seo seicheamh molta chun na topaic\u00ed seo a fhoghlaim agus forbhreathn\u00fa gairid ar gach ceann acu.<\/p>\n\n\n\n<h3 class=\"wp-block-heading\" id=\"h-1-nouns\">1. Ainmfhocail:<\/h3>\n\n\n\n<p>Tosaigh le tuiscint a fh\u00e1il ar ainmfhocail Tag\u00e1laigis mar gurb iad bun\u00fas na teanga iad. Cuir eolas ar ainmfhocail choitianta, ainmfhocail inscne-shonracha, agus a bhfoirmeacha iolra.<\/p>\n\n\n\n<h3 class=\"wp-block-heading\" id=\"h-2-articles\">2. Airteagail:<\/h3>\n\n\n\n<p>T\u00e1 ailt i Tag\u00e1laigis simpl\u00ed go leor. N\u00edl coincheap acu d&#8217;ailt chinnte agus \u00e9iginnte cos\u00fail leis an mB\u00e9arla. Ina \u00e1it sin, \u00fas\u00e1ideann siad marc\u00f3ir\u00ed a l\u00e9ir\u00edonn r\u00f3il shonracha in abairt.<\/p>\n\n\n\n<h3 class=\"wp-block-heading\" id=\"h-3-pronouns-determiners\">3. Forainmneacha \/ Cinntitheoir\u00ed:<\/h3>\n\n\n\n<p>\u00das\u00e1idtear iad seo chun ainmfhocail a <a href=\"https:\/\/talkpal.ai\/locations\/language-courses-in-chur\/\">chur<\/a> in ionad abairt\u00ed chun iomarca\u00edocht a sheachaint. Cuir aithne ar na cine\u00e1lacha \u00e9ags\u00fala forainmneacha agus cinnteoir\u00ed i Tag\u00e1laigis, lena n-\u00e1ir\u00edtear forainmneacha pearsanta, taispe\u00e1nacha, sealbhacha agus ceisti\u00fanacha.<\/p>\n\n\n\n<h3 class=\"wp-block-heading\" id=\"h-4-adjectives\">4. Aidiachta\u00ed:<\/h3>\n\n\n\n<p>\u00das\u00e1idtear aidiachta\u00ed chun cur s\u00edos a dh\u00e9anamh ar ainmfhocail n\u00f3 chun ainmfhocail a mhodhn\u00fa. I Tag\u00e1laigis, is gn\u00e1ch go leanann siad an t-ainmfhocal a mhodhna\u00edonn siad, a mhalairt den Bh\u00e9arla.<\/p>\n\n\n\n<h3 class=\"wp-block-heading\" id=\"h-5-verbs\">5. Briathra:<\/h3>\n\n\n\n<p>Cuid l\u00e1rnach d&#8217;aon teanga. T\u00e1 briathra i Tag\u00e1laigis r\u00edth\u00e1bhachtach don fhoghlaim. T\u00e1 c\u00f3ras casta ag briathra i dTag\u00e1laigis, le f\u00f3cas ar an ngn\u00edomh, ar an aisteoir, n\u00f3 ar an rud.<\/p>\n\n\n\n<h3 class=\"wp-block-heading\" id=\"h-6-tenses\">6. Aimsir:<\/h3>\n\n\n\n<p>Chomh luath agus a thuigeann t\u00fa briathra Tag\u00e1laigis, is f\u00e9idir leat dul i mbun aimsire. T\u00e1 tr\u00ed aimsir bhun\u00fasacha ag Tag\u00e1laigis: am at\u00e1 caite, l\u00e1ithreacht agus todhcha\u00ed.<\/p>\n\n\n\n<h3 class=\"wp-block-heading\" id=\"h-7-tense-comparison\">7. Compar\u00e1id aimsire:<\/h3>\n\n\n\n<p>Is \u00e9ard at\u00e1 i gceist leis seo n\u00e1 compar\u00e1id a dh\u00e9anamh idir aimsir \u00e9ags\u00fala san abairt n\u00f3 sa chomhth\u00e9acs c\u00e9anna. Chun \u00e9 seo a thuiscint, n\u00ed m\u00f3r tuiscint mhaith a fh\u00e1il ar na aimsir aonair.<\/p>\n\n\n\n<h3 class=\"wp-block-heading\" id=\"h-8-progressive\">8. For\u00e1sach:<\/h3>\n\n\n\n<p>Tagra\u00edonn s\u00e9 seo do ghn\u00edomhartha at\u00e1 ag tarl\u00fa faoi l\u00e1thair. I Tag\u00e1laigis, cuirtear \u00e9 seo in i\u00fal tr\u00ed ch\u00e9ad siolla an fhr\u00e9amhbhriathar a athr\u00e1.<\/p>\n\n\n\n<h3 class=\"wp-block-heading\" id=\"h-9-perfect-progressive\">9. For\u00e1sach Foirfe:<\/h3>\n\n\n\n<p>\u00das\u00e1idtear an aimsir seo chun cur s\u00edos a dh\u00e9anamh ar ghn\u00edomh a bh\u00ed ar si\u00fal agus at\u00e1 f\u00f3s ag tarl\u00fa. Cuirtear \u00e9 seo in i\u00fal i dTag\u00e1laigis tr\u00ed fhoirmeacha agus marc\u00f3ir\u00ed briathar ar <a href=\"https:\/\/talkpal.ai\/locations\/language-courses-in-leith\/\">leith<\/a> a \u00fas\u00e1id.<\/p>\n\n\n\n<h3 class=\"wp-block-heading\" id=\"h-10-adverbs\">10. Adverbs:<\/h3>\n\n\n\n<p>\u00das\u00e1idtear adverbs chun cur s\u00edos a dh\u00e9anamh ar bhriathra agus aidiachta\u00ed n\u00f3 aidiachta\u00ed eile. Sol\u00e1thra\u00edonn siad faisn\u00e9is bhreise faoi conas, cathain, c\u00e1 h\u00e1it, agus a mh\u00e9id a tharla\u00edonn rud \u00e9igin.<\/p>\n\n\n\n<h3 class=\"wp-block-heading\" id=\"h-11-conditionals\">11. Coinn\u00edollacha:<\/h3>\n\n\n\n<p>\u00das\u00e1idtear coinn\u00edollacha chun c\u00e1sanna hipit\u00e9iseacha agus a dtortha\u00ed f\u00e9ideartha a chur in i\u00fal. Chun \u00e9 seo a mh\u00e1istir, n\u00ed m\u00f3r tuiscint a fh\u00e1il ar aimsir bhriathracha agus ar ghi\u00famar.<\/p>\n\n\n\n<h3 class=\"wp-block-heading\" id=\"h-12-prepositions\">12. Prepositions:<\/h3>\n\n\n\n<p>\u00das\u00e1idtear r\u00e9amhfhocail chun ainmfhocail, forainmneacha agus fr\u00e1sa\u00ed a nascadh le focail eile in abairt.<\/p>\n\n\n\n<h3 class=\"wp-block-heading\" id=\"h-13-sentences\">13. Abairt\u00ed:<\/h3>\n\n\n\n<p>Ar deireadh, is f\u00e9idir leat tos\u00fa ag foirmi\u00fa abairt\u00ed i Tag\u00e1laigis. Is \u00e9ard at\u00e1 i gceist leis seo n\u00e1 na comhph\u00e1irteanna gramada\u00ed go l\u00e9ir a d&#8217;fhoghlaim t\u00fa san ord ceart agus leis na marc\u00f3ir\u00ed cearta.<\/p>\n<\/div><\/div>\n\r\n<section class=\"learnNavigationSection\">\r\n            \r\n        <a href=\"https:\/\/talkpal.ai\/ga\/foghlaim-tagalaigis\/\">\r\n            <div class=\"learnNavigationWrapper\">\r\n                <div class=\"learnNavigationContent\">\r\n                    <img decoding=\"async\" src=\"https:\/\/talkpal.ai\/wp-content\/uploads\/2024\/08\/Tagalog.jpg\" alt=\"Philippines Flag\">\r\n                    <div>\r\n                        <h4>Maidir le Foghlaim Tag\u00e1laigis<\/h4>\r\n                        <p>Faigh amach gach rud faoi ghramadach Tag\u00e1laigis.<\/p>\r\n                    <\/div>\r\n                <\/div>\r\n            <\/div>\r\n        <\/a>\r\n\r\n        \r\n        <a href=\"https:\/\/talkpal.ai\/ga\/gramadach-tagalaigis\/\">\r\n            <div class=\"learnNavigationWrapper\">\r\n                <div class=\"learnNavigationContent\">\r\n                    <img decoding=\"async\" src=\"https:\/\/talkpal.ai\/wp-content\/uploads\/2024\/08\/Tagalog.jpg\" alt=\"Philippines Flag\">\r\n                    <div>\r\n                        <h4>Ceachtanna Gramada\u00ed Tag\u00e1laigis<\/h4>\r\n                        <p>Cleachtadh gramadach Tag\u00e1laigis.<\/p>\r\n                    <\/div>\r\n                <\/div>\r\n            <\/div>\r\n        <\/a>\r\n\r\n        \r\n        <a href=\"https:\/\/talkpal.ai\/vocabulary_language\/tagalog\/\">\r\n            <div class=\"learnNavigationWrapper\">\r\n                <div class=\"learnNavigationContent\">\r\n                    <img decoding=\"async\" src=\"https:\/\/talkpal.ai\/wp-content\/uploads\/2024\/08\/Tagalog.jpg\" alt=\"Philippines Flag\">\r\n                    <div>\r\n                        <h4>St\u00f3r Focal Tag\u00e1laigis<\/h4>\r\n                        <p>Leathnaigh do st\u00f3r focal Tag\u00e1laigis.<\/p>\r\n                    <\/div>\r\n                <\/div>\r\n            <\/div>\r\n        <\/a>\r\n\r\n            <\/section>","protected":false},"excerpt":{"rendered":"<p>Topaic\u00ed Gramada\u00ed Tag\u00e1laigis Is f\u00e9idir le teanga nua a fhoghlaim a bheith ina thuras spreag\u00fail agus d\u00f3ibh si\u00fad a bhfuil suim acu i Tag\u00e1laigis, teanga a labhra\u00edtear sna hOile\u00e1in Fhilip\u00edneacha, t\u00e1 s\u00e9 riachtanach an ghramadach a thuiscint. T\u00e1 a saintr\u00e9ithe uath\u00fala ag gramadach Tag\u00e1laigis i dt\u00e9arma\u00ed aims\u00ed, briathra, ainmfhocail, ailt, forainmneacha \/ cinntitheoir\u00ed, aidiachta\u00ed, adverbs, [&hellip;]<\/p>\n","protected":false},"author":6,"featured_media":1444729,"parent":0,"menu_order":0,"comment_status":"closed","ping_status":"closed","template":"LearningContentPage.php","meta":{"_acf_changed":false,"footnotes":""},"class_list":["post-1446936","page","type-page","status-publish","has-post-thumbnail","hentry"],"acf":[],"yoast_head":"<!-- This site is optimized with the Yoast SEO Premium plugin v27.2 (Yoast SEO v27.2) - https:\/\/yoast.com\/product\/yoast-seo-premium-wordpress\/ -->\n<title>Cleachta\u00ed Gramada\u00ed Tag\u00e1laigis - Talkpal<\/title>\n<meta name=\"description\" content=\"Faigh amach cleachta\u00ed tarraingteacha gramada\u00ed Tag\u00e1laigis chun do scileanna teanga a th\u00f3g\u00e1il. Foirfe do thosaitheoir\u00ed agus d&#039;fhoghlaimeoir\u00ed ardleibh\u00e9il araon.\" \/>\n<meta name=\"robots\" content=\"index, follow, max-snippet:-1, max-image-preview:large, max-video-preview:-1\" \/>\n<link rel=\"canonical\" href=\"https:\/\/talkpal.ai\/ga\/cleachtai-gramadai-tagalaigis\/\" \/>\n<meta property=\"og:locale\" content=\"ga_IE\" \/>\n<meta property=\"og:type\" content=\"article\" \/>\n<meta property=\"og:title\" content=\"Cleachta\u00ed Gramada\u00ed Tag\u00e1laigis\" \/>\n<meta property=\"og:description\" content=\"Topaic\u00ed Gramada\u00ed Tag\u00e1laigis Is f\u00e9idir le teanga nua a fhoghlaim a bheith ina thuras spreag\u00fail agus d\u00f3ibh si\u00fad a bhfuil suim acu i Tag\u00e1laigis, teanga a\" \/>\n<meta property=\"og:url\" content=\"https:\/\/talkpal.ai\/ga\/cleachtai-gramadai-tagalaigis\/\" \/>\n<meta property=\"og:site_name\" content=\"Talkpal\" \/>\n<meta property=\"article:publisher\" content=\"https:\/\/www.facebook.com\/profile.php?id=100090733639311\" \/>\n<meta property=\"article:modified_time\" content=\"2025-12-17T09:08:51+00:00\" \/>\n<meta property=\"og:image\" content=\"https:\/\/talkpal.ai\/wp-content\/uploads\/2023\/05\/Tagalog-philippines.png\" \/>\n\t<meta property=\"og:image:width\" content=\"512\" \/>\n\t<meta property=\"og:image:height\" content=\"512\" \/>\n\t<meta property=\"og:image:type\" content=\"image\/png\" \/>\n<meta name=\"twitter:card\" content=\"summary_large_image\" \/>\n<meta name=\"twitter:site\" content=\"@talkpalai\" \/>\n<meta name=\"twitter:label1\" content=\"Est. reading time\" \/>\n\t<meta name=\"twitter:data1\" content=\"3 minutes\" \/>\n<script type=\"application\/ld+json\" class=\"yoast-schema-graph\">{\"@context\":\"https:\/\/schema.org\",\"@graph\":[{\"@type\":\"WebPage\",\"@id\":\"https:\/\/talkpal.ai\/ga\/cleachtai-gramadai-tagalaigis\/\",\"url\":\"https:\/\/talkpal.ai\/ga\/cleachtai-gramadai-tagalaigis\/\",\"name\":\"Cleachta\u00ed Gramada\u00ed Tag\u00e1laigis - Talkpal\",\"isPartOf\":{\"@id\":\"https:\/\/talkpal.ai\/ga\/#website\"},\"primaryImageOfPage\":{\"@id\":\"https:\/\/talkpal.ai\/ga\/cleachtai-gramadai-tagalaigis\/#primaryimage\"},\"image\":{\"@id\":\"https:\/\/talkpal.ai\/ga\/cleachtai-gramadai-tagalaigis\/#primaryimage\"},\"thumbnailUrl\":\"https:\/\/talkpal.ai\/wp-content\/uploads\/2023\/05\/Tagalog-philippines.png\",\"datePublished\":\"2023-07-05T10:08:32+00:00\",\"dateModified\":\"2025-12-17T09:08:51+00:00\",\"description\":\"Faigh amach cleachta\u00ed tarraingteacha gramada\u00ed Tag\u00e1laigis chun do scileanna teanga a th\u00f3g\u00e1il. Foirfe do thosaitheoir\u00ed agus d'fhoghlaimeoir\u00ed ardleibh\u00e9il araon.\",\"breadcrumb\":{\"@id\":\"https:\/\/talkpal.ai\/ga\/cleachtai-gramadai-tagalaigis\/#breadcrumb\"},\"inLanguage\":\"ga-IE\",\"potentialAction\":[{\"@type\":\"ReadAction\",\"target\":[\"https:\/\/talkpal.ai\/ga\/cleachtai-gramadai-tagalaigis\/\"]}]},{\"@type\":\"ImageObject\",\"inLanguage\":\"ga-IE\",\"@id\":\"https:\/\/talkpal.ai\/ga\/cleachtai-gramadai-tagalaigis\/#primaryimage\",\"url\":\"https:\/\/talkpal.ai\/wp-content\/uploads\/2023\/05\/Tagalog-philippines.png\",\"contentUrl\":\"https:\/\/talkpal.ai\/wp-content\/uploads\/2023\/05\/Tagalog-philippines.png\",\"width\":512,\"height\":512,\"caption\":\"TalkPal Tagalog Flag\"},{\"@type\":\"BreadcrumbList\",\"@id\":\"https:\/\/talkpal.ai\/ga\/cleachtai-gramadai-tagalaigis\/#breadcrumb\",\"itemListElement\":[{\"@type\":\"ListItem\",\"position\":1,\"name\":\"Homepage\",\"item\":\"https:\/\/talkpal.ai\/ga\/\"},{\"@type\":\"ListItem\",\"position\":2,\"name\":\"Cleachta\u00ed Gramada\u00ed Tag\u00e1laigis\"}]},{\"@type\":\"WebSite\",\"@id\":\"https:\/\/talkpal.ai\/ga\/#website\",\"url\":\"https:\/\/talkpal.ai\/ga\/\",\"name\":\"Talkpal\",\"description\":\"AI Language Learning\",\"publisher\":{\"@id\":\"https:\/\/talkpal.ai\/ga\/#organization\"},\"alternateName\":\"Talkpal AI\",\"potentialAction\":[{\"@type\":\"SearchAction\",\"target\":{\"@type\":\"EntryPoint\",\"urlTemplate\":\"https:\/\/talkpal.ai\/ga\/?s={search_term_string}\"},\"query-input\":{\"@type\":\"PropertyValueSpecification\",\"valueRequired\":true,\"valueName\":\"search_term_string\"}}],\"inLanguage\":\"ga-IE\"},{\"@type\":\"Organization\",\"@id\":\"https:\/\/talkpal.ai\/ga\/#organization\",\"name\":\"Talkpal, Inc.\",\"alternateName\":\"Talkpal AI\",\"url\":\"https:\/\/talkpal.ai\/ga\/\",\"logo\":{\"@type\":\"ImageObject\",\"inLanguage\":\"ga-IE\",\"@id\":\"https:\/\/talkpal.ai\/ga\/#\/schema\/logo\/image\/\",\"url\":\"https:\/\/talkpal.ai\/wp-content\/uploads\/2024\/03\/Talkpal-Logo-Icon.png\",\"contentUrl\":\"https:\/\/talkpal.ai\/wp-content\/uploads\/2024\/03\/Talkpal-Logo-Icon.png\",\"width\":2880,\"height\":2880,\"caption\":\"Talkpal, Inc.\"},\"image\":{\"@id\":\"https:\/\/talkpal.ai\/ga\/#\/schema\/logo\/image\/\"},\"sameAs\":[\"https:\/\/www.facebook.com\/profile.php?id=100090733639311\",\"https:\/\/x.com\/talkpalai\",\"https:\/\/www.linkedin.com\/company\/talkpal\/\",\"https:\/\/www.youtube.com\/@TalkPal\/\",\"https:\/\/www.tiktok.com\/@talkpal\",\"https:\/\/www.instagram.com\/talkpal_ai\/\",\"https:\/\/www.crunchbase.com\/organization\/talkpal-9cde\",\"https:\/\/www.g2.com\/products\/talkpal-for-business\/\",\"https:\/\/www.trustpilot.com\/review\/talkpal.ai\",\"https:\/\/www.capterra.com\/p\/10006800\/TalkPal\/\"],\"description\":\"Talkpal is a language learning web and mobile education app, powered by the latest AI technologies, that provides engaging experiences to its customers in many different languages to help them improve their language skills. Users can chat about unlimited amount of topics with the app and use other modes to practice their language learning.\",\"email\":\"support@talkpal.ai\",\"legalName\":\"Talkpal, Inc.\",\"foundingDate\":\"2023-04-03\",\"duns\":\"118989042\",\"numberOfEmployees\":{\"@type\":\"QuantitativeValue\",\"minValue\":\"11\",\"maxValue\":\"50\"},\"publishingPrinciples\":\"https:\/\/talkpal.ai\/publishing-principles\/\",\"actionableFeedbackPolicy\":\"https:\/\/talkpal.ai\/actionable-feedback-policy\/\",\"correctionsPolicy\":\"https:\/\/talkpal.ai\/corrections-policy\/\",\"ethicsPolicy\":\"https:\/\/talkpal.ai\/ethics-policy\/\",\"diversityPolicy\":\"https:\/\/talkpal.ai\/diversity-policy\/\",\"diversityStaffingReport\":\"https:\/\/talkpal.ai\/diversity-policy\/\"}]}<\/script>\n<!-- \/ Yoast SEO Premium plugin. -->","yoast_head_json":{"title":"Cleachta\u00ed Gramada\u00ed Tag\u00e1laigis - Talkpal","description":"Faigh amach cleachta\u00ed tarraingteacha gramada\u00ed Tag\u00e1laigis chun do scileanna teanga a th\u00f3g\u00e1il. Foirfe do thosaitheoir\u00ed agus d'fhoghlaimeoir\u00ed ardleibh\u00e9il araon.","robots":{"index":"index","follow":"follow","max-snippet":"max-snippet:-1","max-image-preview":"max-image-preview:large","max-video-preview":"max-video-preview:-1"},"canonical":"https:\/\/talkpal.ai\/ga\/cleachtai-gramadai-tagalaigis\/","og_locale":"ga_IE","og_type":"article","og_title":"Cleachta\u00ed Gramada\u00ed Tag\u00e1laigis","og_description":"Topaic\u00ed Gramada\u00ed Tag\u00e1laigis Is f\u00e9idir le teanga nua a fhoghlaim a bheith ina thuras spreag\u00fail agus d\u00f3ibh si\u00fad a bhfuil suim acu i Tag\u00e1laigis, teanga a","og_url":"https:\/\/talkpal.ai\/ga\/cleachtai-gramadai-tagalaigis\/","og_site_name":"Talkpal","article_publisher":"https:\/\/www.facebook.com\/profile.php?id=100090733639311","article_modified_time":"2025-12-17T09:08:51+00:00","og_image":[{"width":512,"height":512,"url":"https:\/\/talkpal.ai\/wp-content\/uploads\/2023\/05\/Tagalog-philippines.png","type":"image\/png"}],"twitter_card":"summary_large_image","twitter_site":"@talkpalai","twitter_misc":{"Est. reading time":"3 minutes"},"schema":{"@context":"https:\/\/schema.org","@graph":[{"@type":"WebPage","@id":"https:\/\/talkpal.ai\/ga\/cleachtai-gramadai-tagalaigis\/","url":"https:\/\/talkpal.ai\/ga\/cleachtai-gramadai-tagalaigis\/","name":"Cleachta\u00ed Gramada\u00ed Tag\u00e1laigis - Talkpal","isPartOf":{"@id":"https:\/\/talkpal.ai\/ga\/#website"},"primaryImageOfPage":{"@id":"https:\/\/talkpal.ai\/ga\/cleachtai-gramadai-tagalaigis\/#primaryimage"},"image":{"@id":"https:\/\/talkpal.ai\/ga\/cleachtai-gramadai-tagalaigis\/#primaryimage"},"thumbnailUrl":"https:\/\/talkpal.ai\/wp-content\/uploads\/2023\/05\/Tagalog-philippines.png","datePublished":"2023-07-05T10:08:32+00:00","dateModified":"2025-12-17T09:08:51+00:00","description":"Faigh amach cleachta\u00ed tarraingteacha gramada\u00ed Tag\u00e1laigis chun do scileanna teanga a th\u00f3g\u00e1il. Foirfe do thosaitheoir\u00ed agus d'fhoghlaimeoir\u00ed ardleibh\u00e9il araon.","breadcrumb":{"@id":"https:\/\/talkpal.ai\/ga\/cleachtai-gramadai-tagalaigis\/#breadcrumb"},"inLanguage":"ga-IE","potentialAction":[{"@type":"ReadAction","target":["https:\/\/talkpal.ai\/ga\/cleachtai-gramadai-tagalaigis\/"]}]},{"@type":"ImageObject","inLanguage":"ga-IE","@id":"https:\/\/talkpal.ai\/ga\/cleachtai-gramadai-tagalaigis\/#primaryimage","url":"https:\/\/talkpal.ai\/wp-content\/uploads\/2023\/05\/Tagalog-philippines.png","contentUrl":"https:\/\/talkpal.ai\/wp-content\/uploads\/2023\/05\/Tagalog-philippines.png","width":512,"height":512,"caption":"TalkPal Tagalog Flag"},{"@type":"BreadcrumbList","@id":"https:\/\/talkpal.ai\/ga\/cleachtai-gramadai-tagalaigis\/#breadcrumb","itemListElement":[{"@type":"ListItem","position":1,"name":"Homepage","item":"https:\/\/talkpal.ai\/ga\/"},{"@type":"ListItem","position":2,"name":"Cleachta\u00ed Gramada\u00ed Tag\u00e1laigis"}]},{"@type":"WebSite","@id":"https:\/\/talkpal.ai\/ga\/#website","url":"https:\/\/talkpal.ai\/ga\/","name":"Talkpal","description":"AI Language Learning","publisher":{"@id":"https:\/\/talkpal.ai\/ga\/#organization"},"alternateName":"Talkpal AI","potentialAction":[{"@type":"SearchAction","target":{"@type":"EntryPoint","urlTemplate":"https:\/\/talkpal.ai\/ga\/?s={search_term_string}"},"query-input":{"@type":"PropertyValueSpecification","valueRequired":true,"valueName":"search_term_string"}}],"inLanguage":"ga-IE"},{"@type":"Organization","@id":"https:\/\/talkpal.ai\/ga\/#organization","name":"Talkpal, Inc.","alternateName":"Talkpal AI","url":"https:\/\/talkpal.ai\/ga\/","logo":{"@type":"ImageObject","inLanguage":"ga-IE","@id":"https:\/\/talkpal.ai\/ga\/#\/schema\/logo\/image\/","url":"https:\/\/talkpal.ai\/wp-content\/uploads\/2024\/03\/Talkpal-Logo-Icon.png","contentUrl":"https:\/\/talkpal.ai\/wp-content\/uploads\/2024\/03\/Talkpal-Logo-Icon.png","width":2880,"height":2880,"caption":"Talkpal, Inc."},"image":{"@id":"https:\/\/talkpal.ai\/ga\/#\/schema\/logo\/image\/"},"sameAs":["https:\/\/www.facebook.com\/profile.php?id=100090733639311","https:\/\/x.com\/talkpalai","https:\/\/www.linkedin.com\/company\/talkpal\/","https:\/\/www.youtube.com\/@TalkPal\/","https:\/\/www.tiktok.com\/@talkpal","https:\/\/www.instagram.com\/talkpal_ai\/","https:\/\/www.crunchbase.com\/organization\/talkpal-9cde","https:\/\/www.g2.com\/products\/talkpal-for-business\/","https:\/\/www.trustpilot.com\/review\/talkpal.ai","https:\/\/www.capterra.com\/p\/10006800\/TalkPal\/"],"description":"Talkpal is a language learning web and mobile education app, powered by the latest AI technologies, that provides engaging experiences to its customers in many different languages to help them improve their language skills. Users can chat about unlimited amount of topics with the app and use other modes to practice their language learning.","email":"support@talkpal.ai","legalName":"Talkpal, Inc.","foundingDate":"2023-04-03","duns":"118989042","numberOfEmployees":{"@type":"QuantitativeValue","minValue":"11","maxValue":"50"},"publishingPrinciples":"https:\/\/talkpal.ai\/publishing-principles\/","actionableFeedbackPolicy":"https:\/\/talkpal.ai\/actionable-feedback-policy\/","correctionsPolicy":"https:\/\/talkpal.ai\/corrections-policy\/","ethicsPolicy":"https:\/\/talkpal.ai\/ethics-policy\/","diversityPolicy":"https:\/\/talkpal.ai\/diversity-policy\/","diversityStaffingReport":"https:\/\/talkpal.ai\/diversity-policy\/"}]}},"_links":{"self":[{"href":"https:\/\/talkpal.ai\/ga\/wp-json\/wp\/v2\/pages\/1446936","targetHints":{"allow":["GET"]}}],"collection":[{"href":"https:\/\/talkpal.ai\/ga\/wp-json\/wp\/v2\/pages"}],"about":[{"href":"https:\/\/talkpal.ai\/ga\/wp-json\/wp\/v2\/types\/page"}],"author":[{"embeddable":true,"href":"https:\/\/talkpal.ai\/ga\/wp-json\/wp\/v2\/users\/6"}],"replies":[{"embeddable":true,"href":"https:\/\/talkpal.ai\/ga\/wp-json\/wp\/v2\/comments?post=1446936"}],"version-history":[{"count":0,"href":"https:\/\/talkpal.ai\/ga\/wp-json\/wp\/v2\/pages\/1446936\/revisions"}],"wp:featuredmedia":[{"embeddable":true,"href":"https:\/\/talkpal.ai\/ga\/wp-json\/wp\/v2\/media\/1444729"}],"wp:attachment":[{"href":"https:\/\/talkpal.ai\/ga\/wp-json\/wp\/v2\/media?parent=1446936"}],"curies":[{"name":"wp","href":"https:\/\/api.w.org\/{rel}","templated":true}]}}