{"id":1446931,"date":"2023-07-05T10:24:06","date_gmt":"2023-07-05T10:24:06","guid":{"rendered":"https:\/\/talkpal.ai\/cleachtai-gramadai-na-tealainne\/"},"modified":"2025-12-17T15:04:22","modified_gmt":"2025-12-17T15:04:22","slug":"cleachtai-gramadai-na-tealainne","status":"publish","type":"page","link":"https:\/\/talkpal.ai\/ga\/cleachtai-gramadai-na-tealainne\/","title":{"rendered":"Cleachta\u00ed Gramada\u00ed na T\u00e9alainne"},"content":{"rendered":"\r\n\r\n\r\n<section class=\"languageChallengeSection\">\r\n    <div class=\"languageInfoWrapper\">\r\n        \r\n        <h1>Cleachta\u00ed Gramada\u00ed na T\u00e9alainne<\/h1>\r\n        <p>R\u00e9idh le foghlaim <a href=\"https:\/\/talkpal.ai\/learn-thai\/\">T\u00e9alainnis<\/a> a dh\u00e9anamh spraoi agus praitici\u00fail? T\u00e1 \u00e1r gcleachta\u00ed idirghn\u00edomhacha deartha chun cabhr\u00fa leat m\u00e1istreacht a dh\u00e9anamh ar bhunghn\u00e9ithe gramada\u00ed na T\u00e9alainne, muin\u00edn a th\u00f3g\u00e1il, agus tos\u00fa ag foirmi\u00fa f\u00edor-abairt\u00ed. L\u00e9im isteach, cleachtadh an oiread agus is mian leat, agus f\u00e9ach ar do scileanna T\u00e9alainnis ag f\u00e1s &#8211; d\u00e9anaimis foghlaim!<\/p>\r\n\r\n                            <a class=\"getStartedHidden\" href=\"https:\/\/app.talkpal.ai\/signup?lng=\">Tosaigh<\/a>\r\n        \r\n    <\/div>\r\n\r\n    <figure>\r\n    <img decoding=\"async\" width=\"768\" height=\"768\" src=\"https:\/\/talkpal.ai\/wp-content\/uploads\/2023\/06\/thai-768x768.png\" class=\"languageImage no-lazy\" alt=\"Language learning for improved thought process\" fetchpriority=\"high\" sizes=\"(max-width: 768px) 150px, 768px\" srcset=\"https:\/\/talkpal.ai\/wp-content\/uploads\/2023\/06\/thai-768x768.png 768w, https:\/\/talkpal.ai\/wp-content\/uploads\/2023\/06\/thai-300x300.png 300w\" \/>\r\n    \r\n\r\n    <\/figure>\r\n\r\n            <a class=\"getStartedVisible\" href=\"https:\/\/app.talkpal.ai\/signup?lng=\">Tosaigh<\/a>\r\n    \r\n<\/section>\r\n\r\n\r\n<!-- <section class=\"grammarSection\">\r\n    <div class=\"grammarLinks\">\r\n            <\/div>\r\n<\/section> -->\r\n\r\n\r\n\r\n\r\n<section class=\"promotionalBanner\">\r\n    <p class=\"promotionalText\">An bealach is \u00e9ifeachta\u00ed le teanga a fhoghlaim<\/p>\r\n    <a class=\"promotionalLink\" href=\"https:\/\/app.talkpal.ai\/signup?lng=\">Bain triail as Talkpal saor in aisce<\/a>\r\n<\/section>\n<div class=\"wp-block-group pageContainerStyle\"><div class=\"wp-block-group__inner-container is-layout-constrained wp-block-group-is-layout-constrained\">\n<h2 class=\"wp-block-heading\" id=\"h-thai-grammar-topics\">Topaic\u00ed Gramada\u00ed T\u00e9alainnis<\/h2>\n\n\n\n<p>Is f\u00e9idir le foghlaim na teanga T\u00e9alainnis a bheith ina thuras suimi\u00fail. Mar sin f\u00e9in, t\u00e1 s\u00e9 riachtanach <a href=\"https:\/\/talkpal.ai\/thai-grammar\/\">gramadach T\u00e9alainnis<\/a> a thuiscint chun an teanga a thuiscint go hioml\u00e1n agus a bheith l\u00edofa. Sol\u00e1thra\u00edonn an liosta seo a leanas seicheamh d&#8217;\u00e1bhair ghramada\u00ed T\u00e9alainnis le breithni\u00fa agus an teanga \u00e1 fhoghlaim acu. Tosa\u00edonn an liosta seo le topaic\u00ed bun\u00fasacha agus t\u00e9ann s\u00e9 ar aghaidh go h\u00e1bhair n\u00edos casta.<\/p>\n\n\n\n<h3 class=\"wp-block-heading\" id=\"h-1-nouns\">1. Ainmfhocail:<\/h3>\n\n\n\n<p>Tosaigh le foghlaim ainmfhocail T\u00e9alainnis mar is iad bloic th\u00f3g\u00e1la na teanga iad. Cuir eolas ar ainmfhocail choitianta agus a n-athr\u00f3ir\u00ed, mar n\u00ed athra\u00edonn ainmfhocail na T\u00e9alainne foirmeacha chun uimhir n\u00f3 inscne a <a href=\"https:\/\/talkpal.ai\/locations\/language-courses-in-chur\/\">chur<\/a> in i\u00fal.<\/p>\n\n\n\n<h3 class=\"wp-block-heading\" id=\"h-2-pronouns-determiners\">2. Forainmneacha \/ Cinntitheoir\u00ed:<\/h3>\n\n\n\n<p>Tar \u00e9is m\u00e1istreacht a dh\u00e9anamh ar ainmfhocail, aistrigh do fh\u00f3cas ar fhorainmneacha agus cinntitheoir\u00ed. Is minic a thiteann forainmneacha T\u00e9alainnis i gcomhr\u00e1, ach t\u00e1 s\u00e9 r\u00edth\u00e1bhachtach iad a thuiscint don T\u00e9alainnis fhoirmi\u00fail.<\/p>\n\n\n\n<h3 class=\"wp-block-heading\" id=\"h-3-verbs\">3. Briathra:<\/h3>\n\n\n\n<p>T\u00e1 briathra sa T\u00e9alainnis uninflected, rud a chialla\u00edonn nach n-athra\u00edonn siad chun aimsir, uimhir, n\u00f3 duine a chur in i\u00fal. F\u00e1gann s\u00e9 sin go bhfuil siad r\u00e9as\u00fanta \u00e9asca a mh\u00e1istir tar \u00e9is ainmfhocail agus forainmneacha a thuiscint.<\/p>\n\n\n\n<h3 class=\"wp-block-heading\" id=\"h-4-adjectives\">4. Aidiachta\u00ed:<\/h3>\n\n\n\n<p>Tagann aidiachta\u00ed T\u00e9alainnis i ndiaidh na n-ainmfhocail a mhodhna\u00edonn siad, murab ionann agus an <a href=\"https:\/\/talkpal.ai\/learn-english-with-ai\/\">B\u00e9arla<\/a>. Cuideoidh aidiachta\u00ed a fhoghlaim leat cur s\u00edos a dh\u00e9anamh ar ruda\u00ed, daoine agus c\u00e1sanna n\u00edos cruinne.<\/p>\n\n\n\n<h3 class=\"wp-block-heading\" id=\"h-5-prepositions\">5. Prepositions:<\/h3>\n\n\n\n<p>Is minic a thagann r\u00e9amhfhocail sa T\u00e9alainnis roimh an ainmfhocal n\u00f3 an forainm chun treo, su\u00edomh, am, n\u00f3 modh a l\u00e9iri\u00fa.<\/p>\n\n\n\n<h3 class=\"wp-block-heading\" id=\"h-6-adverbs\">6. Adverbs:<\/h3>\n\n\n\n<p>Foghlaim adverbs T\u00e9alainnisis chun briathra, aidiachta\u00ed n\u00f3 aidiachta\u00ed eile a mhodhn\u00fa. Is f\u00e9idir leo n\u00edos m\u00f3 sonra\u00ed a shol\u00e1thar faoi ghn\u00edomhartha n\u00f3 faoi ch\u00e1sanna.<\/p>\n\n\n\n<h3 class=\"wp-block-heading\" id=\"h-7-sentences\">7. Pianbhreitheanna:<\/h3>\n\n\n\n<p>Nuair a bheidh m\u00e1istreacht d\u00e9anta agat ar na buneilimint\u00ed, is f\u00e9idir leat tos\u00fa ag t\u00f3g\u00e1il abairt\u00ed i T\u00e9alainnis. T\u00e1 s\u00e9 r\u00edth\u00e1bhachtach strucht\u00far abairte a thuiscint chun do chuid smaointe a chur in i\u00fal i gceart.<\/p>\n\n\n\n<h3 class=\"wp-block-heading\" id=\"h-8-conditionals\">8. Coinn\u00edollacha:<\/h3>\n\n\n\n<p>Cuireann coinn\u00edollacha T\u00e9alainnis c\u00e1sanna hipit\u00e9iseacha agus a n-iarmhairt\u00ed in i\u00fal. T\u00e1 siad n\u00edos forbartha ach riachtanach le haghaidh comhr\u00e1ite casta.<\/p>\n\n\n\n<h3 class=\"wp-block-heading\" id=\"h-9-tenses\">9. Aimsir:<\/h3>\n\n\n\n<p>N\u00ed \u00fas\u00e1ideann an teanga T\u00e9alainnis aimsir ar an mbealach c\u00e9anna leis an mB\u00e9arla. Mar sin f\u00e9in, t\u00e1 fr\u00e1sa\u00ed agus focail ann a d&#8217;fh\u00e9adfadh an t-am at\u00e1 caite, an l\u00e1 at\u00e1 inniu ann n\u00f3 an todhcha\u00ed a l\u00e9iri\u00fa.<\/p>\n\n\n\n<h3 class=\"wp-block-heading\" id=\"h-10-tense-comparison\">10. Compar\u00e1id Aimsire:<\/h3>\n\n\n\n<p>Is \u00e1bhar chun cinn \u00e9 seo ina nd\u00e9anann t\u00fa compar\u00e1id idir aimsir \u00e9ags\u00fala. Cabhr\u00f3idh s\u00e9 leat difr\u00edochta\u00ed caolch\u00faiseacha i nathanna <a href=\"https:\/\/talkpal.ai\/locations\/language-courses-in-ama\/\">ama<\/a> a thuiscint.<\/p>\n\n\n\n<h3 class=\"wp-block-heading\" id=\"h-11-progressive\">11. For\u00e1sach:<\/h3>\n\n\n\n<p>Is \u00e9ard at\u00e1 i gceist leis an \u00e1bhar seo n\u00e1 gn\u00edomhartha lean\u00fanacha a chur in i\u00fal. T\u00e1 s\u00e9 n\u00edos airde ach cabhr\u00f3idh s\u00e9 leat T\u00e9alainnis a labhairt n\u00edos l\u00edofa.<\/p>\n\n\n\n<h3 class=\"wp-block-heading\" id=\"h-12-perfect-progressive\">12. For\u00e1sach Foirfe:<\/h3>\n\n\n\n<p>Is gn\u00e9 chasta de ghramadach na T\u00e9alainne \u00e9 an aimsir fhor\u00e1sach foirfe. \u00das\u00e1idtear \u00e9 chun cur s\u00edos a dh\u00e9anamh ar ghn\u00edomhartha a bh\u00ed ar si\u00fal go dt\u00ed pointe \u00e1irithe.<\/p>\n\n\n\n<h3 class=\"wp-block-heading\" id=\"h-13-articles\">13. Airteagail:<\/h3>\n\n\n\n<p>N\u00edl ailt chinnte n\u00f3 \u00e9iginnte ag an teanga T\u00e9alainnis cos\u00fail leis an mB\u00e9arla. Mar sin f\u00e9in, t\u00e1 beala\u00ed eile ann chun ainmfhocail a shonr\u00fa n\u00f3 a ghinear\u00e1l\u00fa ar f\u00e9idir leat a fhoghlaim ag c\u00e9im n\u00edos airde.<\/p>\n<\/div><\/div>\n\r\n<section class=\"learnNavigationSection\">\r\n            \r\n        <a href=\"https:\/\/talkpal.ai\/ga\/foghlaim-tealainnis\/\">\r\n            <div class=\"learnNavigationWrapper\">\r\n                <div class=\"learnNavigationContent\">\r\n                    <img decoding=\"async\" src=\"https:\/\/talkpal.ai\/wp-content\/uploads\/2024\/08\/Thai.jpg\" alt=\"Thai Flag\">\r\n                    <div>\r\n                        <h4>Maidir le Foghlaim T\u00e9alainnis<\/h4>\r\n                        <p>Faigh amach gach rud faoi ghramadach na T\u00e9alainne.<\/p>\r\n                    <\/div>\r\n                <\/div>\r\n            <\/div>\r\n        <\/a>\r\n\r\n        \r\n        <a href=\"https:\/\/talkpal.ai\/ga\/gramadach-na-tealainne\/\">\r\n            <div class=\"learnNavigationWrapper\">\r\n                <div class=\"learnNavigationContent\">\r\n                    <img decoding=\"async\" src=\"https:\/\/talkpal.ai\/wp-content\/uploads\/2024\/08\/Thai.jpg\" alt=\"Thai Flag\">\r\n                    <div>\r\n                        <h4>Ceachtanna Gramada\u00ed T\u00e9alainnis<\/h4>\r\n                        <p>Cleachtadh gramadach T\u00e9alainnis.<\/p>\r\n                    <\/div>\r\n                <\/div>\r\n            <\/div>\r\n        <\/a>\r\n\r\n        \r\n        <a href=\"https:\/\/talkpal.ai\/vocabulary_language\/thai\/\">\r\n            <div class=\"learnNavigationWrapper\">\r\n                <div class=\"learnNavigationContent\">\r\n                    <img decoding=\"async\" src=\"https:\/\/talkpal.ai\/wp-content\/uploads\/2024\/08\/Thai.jpg\" alt=\"Thai Flag\">\r\n                    <div>\r\n                        <h4>St\u00f3r Focal T\u00e9alainnis<\/h4>\r\n                        <p>Leathnaigh do st\u00f3r focal T\u00e9alainnis.<\/p>\r\n                    <\/div>\r\n                <\/div>\r\n            <\/div>\r\n        <\/a>\r\n\r\n            <\/section>","protected":false},"excerpt":{"rendered":"<p>Topaic\u00ed Gramada\u00ed T\u00e9alainnis Is f\u00e9idir le foghlaim na teanga T\u00e9alainnis a bheith ina thuras suimi\u00fail. Mar sin f\u00e9in, t\u00e1 s\u00e9 riachtanach gramadach T\u00e9alainnis a thuiscint chun an teanga a thuiscint go hioml\u00e1n agus a bheith l\u00edofa. Sol\u00e1thra\u00edonn an liosta seo a leanas seicheamh d&#8217;\u00e1bhair ghramada\u00ed T\u00e9alainnis le breithni\u00fa agus an teanga \u00e1 fhoghlaim acu. Tosa\u00edonn [&hellip;]<\/p>\n","protected":false},"author":6,"featured_media":1443654,"parent":0,"menu_order":0,"comment_status":"closed","ping_status":"closed","template":"LearningContentPage.php","meta":{"_acf_changed":false,"footnotes":""},"class_list":["post-1446931","page","type-page","status-publish","has-post-thumbnail","hentry"],"acf":[],"yoast_head":"<!-- This site is optimized with the Yoast SEO Premium plugin v27.2 (Yoast SEO v27.2) - https:\/\/yoast.com\/product\/yoast-seo-premium-wordpress\/ -->\n<title>Cleachta\u00ed Gramada\u00ed na T\u00e9alainne - Talkpal<\/title>\n<meta name=\"description\" content=\"Feabhas a chur ar do scileanna teanga T\u00e9alainnis len\u00e1r gcleachta\u00ed gramada\u00ed T\u00e9alainnis agus tos\u00fa ag m\u00e1istreacht bloic th\u00f3g\u00e1la na teanga.\" \/>\n<meta name=\"robots\" content=\"index, follow, max-snippet:-1, max-image-preview:large, max-video-preview:-1\" \/>\n<link rel=\"canonical\" href=\"https:\/\/talkpal.ai\/ga\/cleachtai-gramadai-na-tealainne\/\" \/>\n<meta property=\"og:locale\" content=\"ga_IE\" \/>\n<meta property=\"og:type\" content=\"article\" \/>\n<meta property=\"og:title\" content=\"Cleachta\u00ed Gramada\u00ed na T\u00e9alainne\" \/>\n<meta property=\"og:description\" content=\"Topaic\u00ed Gramada\u00ed T\u00e9alainnis Is f\u00e9idir le foghlaim na teanga T\u00e9alainnis a bheith ina thuras suimi\u00fail. Mar sin f\u00e9in, t\u00e1 s\u00e9 riachtanach gramadach T\u00e9alainnis\" \/>\n<meta property=\"og:url\" content=\"https:\/\/talkpal.ai\/ga\/cleachtai-gramadai-na-tealainne\/\" \/>\n<meta property=\"og:site_name\" content=\"Talkpal\" \/>\n<meta property=\"article:publisher\" content=\"https:\/\/www.facebook.com\/profile.php?id=100090733639311\" \/>\n<meta property=\"article:modified_time\" content=\"2025-12-17T15:04:22+00:00\" \/>\n<meta property=\"og:image\" content=\"https:\/\/talkpal.ai\/wp-content\/uploads\/2023\/05\/thailand.png\" \/>\n\t<meta property=\"og:image:width\" content=\"512\" \/>\n\t<meta property=\"og:image:height\" content=\"512\" \/>\n\t<meta property=\"og:image:type\" content=\"image\/png\" \/>\n<meta name=\"twitter:card\" content=\"summary_large_image\" \/>\n<meta name=\"twitter:site\" content=\"@talkpalai\" \/>\n<meta name=\"twitter:label1\" content=\"Est. reading time\" \/>\n\t<meta name=\"twitter:data1\" content=\"3 minutes\" \/>\n<script type=\"application\/ld+json\" class=\"yoast-schema-graph\">{\"@context\":\"https:\/\/schema.org\",\"@graph\":[{\"@type\":\"WebPage\",\"@id\":\"https:\/\/talkpal.ai\/ga\/cleachtai-gramadai-na-tealainne\/\",\"url\":\"https:\/\/talkpal.ai\/ga\/cleachtai-gramadai-na-tealainne\/\",\"name\":\"Cleachta\u00ed Gramada\u00ed na T\u00e9alainne - Talkpal\",\"isPartOf\":{\"@id\":\"https:\/\/talkpal.ai\/ga\/#website\"},\"primaryImageOfPage\":{\"@id\":\"https:\/\/talkpal.ai\/ga\/cleachtai-gramadai-na-tealainne\/#primaryimage\"},\"image\":{\"@id\":\"https:\/\/talkpal.ai\/ga\/cleachtai-gramadai-na-tealainne\/#primaryimage\"},\"thumbnailUrl\":\"https:\/\/talkpal.ai\/wp-content\/uploads\/2023\/05\/thailand.png\",\"datePublished\":\"2023-07-05T10:24:06+00:00\",\"dateModified\":\"2025-12-17T15:04:22+00:00\",\"description\":\"Feabhas a chur ar do scileanna teanga T\u00e9alainnis len\u00e1r gcleachta\u00ed gramada\u00ed T\u00e9alainnis agus tos\u00fa ag m\u00e1istreacht bloic th\u00f3g\u00e1la na teanga.\",\"breadcrumb\":{\"@id\":\"https:\/\/talkpal.ai\/ga\/cleachtai-gramadai-na-tealainne\/#breadcrumb\"},\"inLanguage\":\"ga-IE\",\"potentialAction\":[{\"@type\":\"ReadAction\",\"target\":[\"https:\/\/talkpal.ai\/ga\/cleachtai-gramadai-na-tealainne\/\"]}]},{\"@type\":\"ImageObject\",\"inLanguage\":\"ga-IE\",\"@id\":\"https:\/\/talkpal.ai\/ga\/cleachtai-gramadai-na-tealainne\/#primaryimage\",\"url\":\"https:\/\/talkpal.ai\/wp-content\/uploads\/2023\/05\/thailand.png\",\"contentUrl\":\"https:\/\/talkpal.ai\/wp-content\/uploads\/2023\/05\/thailand.png\",\"width\":512,\"height\":512,\"caption\":\"TalkPal Thailand Flag\"},{\"@type\":\"BreadcrumbList\",\"@id\":\"https:\/\/talkpal.ai\/ga\/cleachtai-gramadai-na-tealainne\/#breadcrumb\",\"itemListElement\":[{\"@type\":\"ListItem\",\"position\":1,\"name\":\"Homepage\",\"item\":\"https:\/\/talkpal.ai\/ga\/\"},{\"@type\":\"ListItem\",\"position\":2,\"name\":\"Cleachta\u00ed Gramada\u00ed na T\u00e9alainne\"}]},{\"@type\":\"WebSite\",\"@id\":\"https:\/\/talkpal.ai\/ga\/#website\",\"url\":\"https:\/\/talkpal.ai\/ga\/\",\"name\":\"Talkpal\",\"description\":\"AI Language Learning\",\"publisher\":{\"@id\":\"https:\/\/talkpal.ai\/ga\/#organization\"},\"alternateName\":\"Talkpal AI\",\"potentialAction\":[{\"@type\":\"SearchAction\",\"target\":{\"@type\":\"EntryPoint\",\"urlTemplate\":\"https:\/\/talkpal.ai\/ga\/?s={search_term_string}\"},\"query-input\":{\"@type\":\"PropertyValueSpecification\",\"valueRequired\":true,\"valueName\":\"search_term_string\"}}],\"inLanguage\":\"ga-IE\"},{\"@type\":\"Organization\",\"@id\":\"https:\/\/talkpal.ai\/ga\/#organization\",\"name\":\"Talkpal, Inc.\",\"alternateName\":\"Talkpal AI\",\"url\":\"https:\/\/talkpal.ai\/ga\/\",\"logo\":{\"@type\":\"ImageObject\",\"inLanguage\":\"ga-IE\",\"@id\":\"https:\/\/talkpal.ai\/ga\/#\/schema\/logo\/image\/\",\"url\":\"https:\/\/talkpal.ai\/wp-content\/uploads\/2024\/03\/Talkpal-Logo-Icon.png\",\"contentUrl\":\"https:\/\/talkpal.ai\/wp-content\/uploads\/2024\/03\/Talkpal-Logo-Icon.png\",\"width\":2880,\"height\":2880,\"caption\":\"Talkpal, Inc.\"},\"image\":{\"@id\":\"https:\/\/talkpal.ai\/ga\/#\/schema\/logo\/image\/\"},\"sameAs\":[\"https:\/\/www.facebook.com\/profile.php?id=100090733639311\",\"https:\/\/x.com\/talkpalai\",\"https:\/\/www.linkedin.com\/company\/talkpal\/\",\"https:\/\/www.youtube.com\/@TalkPal\/\",\"https:\/\/www.tiktok.com\/@talkpal\",\"https:\/\/www.instagram.com\/talkpal_ai\/\",\"https:\/\/www.crunchbase.com\/organization\/talkpal-9cde\",\"https:\/\/www.g2.com\/products\/talkpal-for-business\/\",\"https:\/\/www.trustpilot.com\/review\/talkpal.ai\",\"https:\/\/www.capterra.com\/p\/10006800\/TalkPal\/\"],\"description\":\"Talkpal is a language learning web and mobile education app, powered by the latest AI technologies, that provides engaging experiences to its customers in many different languages to help them improve their language skills. Users can chat about unlimited amount of topics with the app and use other modes to practice their language learning.\",\"email\":\"support@talkpal.ai\",\"legalName\":\"Talkpal, Inc.\",\"foundingDate\":\"2023-04-03\",\"duns\":\"118989042\",\"numberOfEmployees\":{\"@type\":\"QuantitativeValue\",\"minValue\":\"11\",\"maxValue\":\"50\"},\"publishingPrinciples\":\"https:\/\/talkpal.ai\/publishing-principles\/\",\"actionableFeedbackPolicy\":\"https:\/\/talkpal.ai\/actionable-feedback-policy\/\",\"correctionsPolicy\":\"https:\/\/talkpal.ai\/corrections-policy\/\",\"ethicsPolicy\":\"https:\/\/talkpal.ai\/ethics-policy\/\",\"diversityPolicy\":\"https:\/\/talkpal.ai\/diversity-policy\/\",\"diversityStaffingReport\":\"https:\/\/talkpal.ai\/diversity-policy\/\"}]}<\/script>\n<!-- \/ Yoast SEO Premium plugin. -->","yoast_head_json":{"title":"Cleachta\u00ed Gramada\u00ed na T\u00e9alainne - Talkpal","description":"Feabhas a chur ar do scileanna teanga T\u00e9alainnis len\u00e1r gcleachta\u00ed gramada\u00ed T\u00e9alainnis agus tos\u00fa ag m\u00e1istreacht bloic th\u00f3g\u00e1la na teanga.","robots":{"index":"index","follow":"follow","max-snippet":"max-snippet:-1","max-image-preview":"max-image-preview:large","max-video-preview":"max-video-preview:-1"},"canonical":"https:\/\/talkpal.ai\/ga\/cleachtai-gramadai-na-tealainne\/","og_locale":"ga_IE","og_type":"article","og_title":"Cleachta\u00ed Gramada\u00ed na T\u00e9alainne","og_description":"Topaic\u00ed Gramada\u00ed T\u00e9alainnis Is f\u00e9idir le foghlaim na teanga T\u00e9alainnis a bheith ina thuras suimi\u00fail. Mar sin f\u00e9in, t\u00e1 s\u00e9 riachtanach gramadach T\u00e9alainnis","og_url":"https:\/\/talkpal.ai\/ga\/cleachtai-gramadai-na-tealainne\/","og_site_name":"Talkpal","article_publisher":"https:\/\/www.facebook.com\/profile.php?id=100090733639311","article_modified_time":"2025-12-17T15:04:22+00:00","og_image":[{"width":512,"height":512,"url":"https:\/\/talkpal.ai\/wp-content\/uploads\/2023\/05\/thailand.png","type":"image\/png"}],"twitter_card":"summary_large_image","twitter_site":"@talkpalai","twitter_misc":{"Est. reading time":"3 minutes"},"schema":{"@context":"https:\/\/schema.org","@graph":[{"@type":"WebPage","@id":"https:\/\/talkpal.ai\/ga\/cleachtai-gramadai-na-tealainne\/","url":"https:\/\/talkpal.ai\/ga\/cleachtai-gramadai-na-tealainne\/","name":"Cleachta\u00ed Gramada\u00ed na T\u00e9alainne - Talkpal","isPartOf":{"@id":"https:\/\/talkpal.ai\/ga\/#website"},"primaryImageOfPage":{"@id":"https:\/\/talkpal.ai\/ga\/cleachtai-gramadai-na-tealainne\/#primaryimage"},"image":{"@id":"https:\/\/talkpal.ai\/ga\/cleachtai-gramadai-na-tealainne\/#primaryimage"},"thumbnailUrl":"https:\/\/talkpal.ai\/wp-content\/uploads\/2023\/05\/thailand.png","datePublished":"2023-07-05T10:24:06+00:00","dateModified":"2025-12-17T15:04:22+00:00","description":"Feabhas a chur ar do scileanna teanga T\u00e9alainnis len\u00e1r gcleachta\u00ed gramada\u00ed T\u00e9alainnis agus tos\u00fa ag m\u00e1istreacht bloic th\u00f3g\u00e1la na teanga.","breadcrumb":{"@id":"https:\/\/talkpal.ai\/ga\/cleachtai-gramadai-na-tealainne\/#breadcrumb"},"inLanguage":"ga-IE","potentialAction":[{"@type":"ReadAction","target":["https:\/\/talkpal.ai\/ga\/cleachtai-gramadai-na-tealainne\/"]}]},{"@type":"ImageObject","inLanguage":"ga-IE","@id":"https:\/\/talkpal.ai\/ga\/cleachtai-gramadai-na-tealainne\/#primaryimage","url":"https:\/\/talkpal.ai\/wp-content\/uploads\/2023\/05\/thailand.png","contentUrl":"https:\/\/talkpal.ai\/wp-content\/uploads\/2023\/05\/thailand.png","width":512,"height":512,"caption":"TalkPal Thailand Flag"},{"@type":"BreadcrumbList","@id":"https:\/\/talkpal.ai\/ga\/cleachtai-gramadai-na-tealainne\/#breadcrumb","itemListElement":[{"@type":"ListItem","position":1,"name":"Homepage","item":"https:\/\/talkpal.ai\/ga\/"},{"@type":"ListItem","position":2,"name":"Cleachta\u00ed Gramada\u00ed na T\u00e9alainne"}]},{"@type":"WebSite","@id":"https:\/\/talkpal.ai\/ga\/#website","url":"https:\/\/talkpal.ai\/ga\/","name":"Talkpal","description":"AI Language Learning","publisher":{"@id":"https:\/\/talkpal.ai\/ga\/#organization"},"alternateName":"Talkpal AI","potentialAction":[{"@type":"SearchAction","target":{"@type":"EntryPoint","urlTemplate":"https:\/\/talkpal.ai\/ga\/?s={search_term_string}"},"query-input":{"@type":"PropertyValueSpecification","valueRequired":true,"valueName":"search_term_string"}}],"inLanguage":"ga-IE"},{"@type":"Organization","@id":"https:\/\/talkpal.ai\/ga\/#organization","name":"Talkpal, Inc.","alternateName":"Talkpal AI","url":"https:\/\/talkpal.ai\/ga\/","logo":{"@type":"ImageObject","inLanguage":"ga-IE","@id":"https:\/\/talkpal.ai\/ga\/#\/schema\/logo\/image\/","url":"https:\/\/talkpal.ai\/wp-content\/uploads\/2024\/03\/Talkpal-Logo-Icon.png","contentUrl":"https:\/\/talkpal.ai\/wp-content\/uploads\/2024\/03\/Talkpal-Logo-Icon.png","width":2880,"height":2880,"caption":"Talkpal, Inc."},"image":{"@id":"https:\/\/talkpal.ai\/ga\/#\/schema\/logo\/image\/"},"sameAs":["https:\/\/www.facebook.com\/profile.php?id=100090733639311","https:\/\/x.com\/talkpalai","https:\/\/www.linkedin.com\/company\/talkpal\/","https:\/\/www.youtube.com\/@TalkPal\/","https:\/\/www.tiktok.com\/@talkpal","https:\/\/www.instagram.com\/talkpal_ai\/","https:\/\/www.crunchbase.com\/organization\/talkpal-9cde","https:\/\/www.g2.com\/products\/talkpal-for-business\/","https:\/\/www.trustpilot.com\/review\/talkpal.ai","https:\/\/www.capterra.com\/p\/10006800\/TalkPal\/"],"description":"Talkpal is a language learning web and mobile education app, powered by the latest AI technologies, that provides engaging experiences to its customers in many different languages to help them improve their language skills. Users can chat about unlimited amount of topics with the app and use other modes to practice their language learning.","email":"support@talkpal.ai","legalName":"Talkpal, Inc.","foundingDate":"2023-04-03","duns":"118989042","numberOfEmployees":{"@type":"QuantitativeValue","minValue":"11","maxValue":"50"},"publishingPrinciples":"https:\/\/talkpal.ai\/publishing-principles\/","actionableFeedbackPolicy":"https:\/\/talkpal.ai\/actionable-feedback-policy\/","correctionsPolicy":"https:\/\/talkpal.ai\/corrections-policy\/","ethicsPolicy":"https:\/\/talkpal.ai\/ethics-policy\/","diversityPolicy":"https:\/\/talkpal.ai\/diversity-policy\/","diversityStaffingReport":"https:\/\/talkpal.ai\/diversity-policy\/"}]}},"_links":{"self":[{"href":"https:\/\/talkpal.ai\/ga\/wp-json\/wp\/v2\/pages\/1446931","targetHints":{"allow":["GET"]}}],"collection":[{"href":"https:\/\/talkpal.ai\/ga\/wp-json\/wp\/v2\/pages"}],"about":[{"href":"https:\/\/talkpal.ai\/ga\/wp-json\/wp\/v2\/types\/page"}],"author":[{"embeddable":true,"href":"https:\/\/talkpal.ai\/ga\/wp-json\/wp\/v2\/users\/6"}],"replies":[{"embeddable":true,"href":"https:\/\/talkpal.ai\/ga\/wp-json\/wp\/v2\/comments?post=1446931"}],"version-history":[{"count":0,"href":"https:\/\/talkpal.ai\/ga\/wp-json\/wp\/v2\/pages\/1446931\/revisions"}],"wp:featuredmedia":[{"embeddable":true,"href":"https:\/\/talkpal.ai\/ga\/wp-json\/wp\/v2\/media\/1443654"}],"wp:attachment":[{"href":"https:\/\/talkpal.ai\/ga\/wp-json\/wp\/v2\/media?parent=1446931"}],"curies":[{"name":"wp","href":"https:\/\/api.w.org\/{rel}","templated":true}]}}