{"id":1446692,"date":"2023-05-14T14:22:39","date_gmt":"2023-05-14T14:22:39","guid":{"rendered":"https:\/\/talkpal.ai\/gramadach-urdais\/"},"modified":"2025-12-11T16:26:21","modified_gmt":"2025-12-11T16:26:21","slug":"gramadach-urdais","status":"publish","type":"page","link":"https:\/\/talkpal.ai\/ga\/gramadach-urdais\/","title":{"rendered":"Gramadach Urdais"},"content":{"rendered":"\r\n\r\n\r\n<section class=\"languageChallengeSection\">\r\n    <div class=\"languageInfoWrapper\">\r\n        \r\n        <h1>Gramadach Urdais<\/h1>\r\n        <p>An bhfuil suim agat Urd\u00fais a fhoghlaim? L\u00e9im isteach i ngramadach Urd\u00fais, \u00e1it a gcrutha\u00edonn script gal\u00e1nta, ainmfhocail inscne, agus foirmeacha briathar l\u00e9iritheacha teanga fileata agus praitici\u00fail. Cuir t\u00fas le do thuras Urdais inniu &#8211; oscl\u00f3idh m\u00e1istreacht a ghramada\u00ed beala\u00ed nua cumars\u00e1ide agus nascfaidh s\u00e9 go domhain t\u00fa le traidisi\u00fain shaibhir liteartha agus chult\u00fartha na h\u00c1ise Theas!<\/p>\r\n\r\n                            <a class=\"getStartedHidden\" href=\"https:\/\/app.talkpal.ai\/signup?lng=\">Tosaigh<\/a>\r\n        \r\n    <\/div>\r\n\r\n    <figure>\r\n    <img decoding=\"async\" width=\"768\" height=\"768\" src=\"https:\/\/talkpal.ai\/wp-content\/uploads\/2023\/06\/urdu-768x768.png\" class=\"languageImage no-lazy\" alt=\"Language learning for global understanding\" fetchpriority=\"high\" sizes=\"(max-width: 768px) 150px, 768px\" srcset=\"https:\/\/talkpal.ai\/wp-content\/uploads\/2023\/06\/urdu-768x768.png 768w, https:\/\/talkpal.ai\/wp-content\/uploads\/2023\/06\/urdu-300x300.png 300w\" \/>\r\n    \r\n\r\n    <\/figure>\r\n\r\n            <a class=\"getStartedVisible\" href=\"https:\/\/app.talkpal.ai\/signup?lng=\">Tosaigh<\/a>\r\n    \r\n<\/section>\r\n<section class=\"promotionalBanner\">\r\n    <p class=\"promotionalText\">An bealach is \u00e9ifeachta\u00ed le teanga a fhoghlaim<\/p>\r\n    <a class=\"promotionalLink\" href=\"https:\/\/app.talkpal.ai\/signup?lng=\">Bain triail as Talkpal saor in aisce<\/a>\r\n<\/section>\n<div class=\"wp-block-group pageContainerStyle\"><div class=\"wp-block-group__inner-container is-layout-constrained wp-block-group-is-layout-constrained\">\n<h2 class=\"wp-block-heading\" id=\"h-urdu-grammar-exploring-the-beauty-and-intricacies-of-the-indo-aryan-language\">Gramadach Urdais: Ini\u00fachadh a dh\u00e9anamh ar \u00e1illeacht agus intricacies na teanga Indo-Aryan<\/h2>\n\n\n\n<p><a href=\"https:\/\/talkpal.ai\/talkpal-discount-for-language-enthusiasts\/\">D\u00edograiseoir\u00ed teanga<\/a> agus foghlaimeoir\u00ed fiosracha, an bhfuil sibh r\u00e9idh le tumadh isteach i saol suimi\u00fail na <a href=\"https:\/\/talkpal.ai\/ga\/cleachtai-gramadai-urdais\/\">gramada\u00ed Urdais<\/a>? Is \u00ed an Urd\u00fais, teanga Ind-Aryan, teanga n\u00e1isi\u00fanta na Pacast\u00e1ine agus ceann de theangacha oifigi\u00fala na <a href=\"https:\/\/talkpal.ai\/learn-hindi\/\">hIndia<\/a>. Le thart ar 70 milli\u00fan cainteoir ar fud an domhain, n\u00ed hamh\u00e1in gur teanga shaibhir agus l\u00e9iritheach \u00ed an Urdais ach is droichead \u00ed freisin chuig cult\u00far agus stair bhr\u00edomhar. San alt seo, d\u00e9anfaimid ini\u00fachadh ar ghn\u00e9ithe uath\u00fala ghramada\u00ed Urdais agus faighimid amach cad a leagann amach \u00ed \u00f3 theangacha eile.<\/p>\n\n\n\n<h3 class=\"wp-block-heading\" id=\"h-script-and-pronunciation-the-elegant-nastaliq\">Script agus fuaimni\u00fa: The Elegant Nastaliq<\/h3>\n\n\n\n<p>T\u00e1 an script Urdais bunaithe ar an st\u00edl Peirsis-Araibis Nastaliq, a scr\u00edobhtar agus a l\u00e9itear \u00f3 dheis go cl\u00e9. Ina bhfuil 38 litir le marcanna diacritici\u00fala breise do ghuta agus d&#8217;fhuaimni\u00fa, t\u00e1 an script Nastaliq gal\u00e1nta agus sreabhach. Is \u00e9 an script a fhoghlaim agus m\u00e1istreacht a fh\u00e1il ar fhuaimni\u00fa fuaimeanna Urdais an ch\u00e9ad ch\u00e9im i dtreo <a href=\"https:\/\/talkpal.ai\/grammar\/\">gramadach<\/a> na teanga a thuiscint.<\/p>\n\n\n\n<h3 class=\"wp-block-heading\" id=\"h-nouns-and-pronouns-exploring-gender-number-and-case\">Ainmfhocail agus Forainmneacha: Inscne, Uimhir, agus C\u00e1s a Ini\u00fachadh<\/h3>\n\n\n\n<p>Ranga\u00edtear ainmfhocail Urdais de r\u00e9ir inscne (firinscneach n\u00f3 baininscneach), uimhir (uatha n\u00f3 iolra), agus c\u00e1s (d\u00edreach n\u00f3 oblique). N\u00edl ailt sa teanga (cos\u00fail le &#8216;a&#8217; n\u00f3 &#8216;an&#8217;), ach t\u00e1 siad ag brath ar chomhth\u00e9acs chun cinnteacht a <a href=\"https:\/\/talkpal.ai\/locations\/language-courses-in-chur\/\">chur<\/a> in i\u00fal. Leanann forainmneacha Urdais idirdheal\u00fa inscne, uimhreacha agus c\u00e1is freisin agus t\u00e1 cine\u00e1lacha \u00e9ags\u00fala dea-bh\u00e9asachta agus eola\u00ed acu.<\/p>\n\n\n\n<h3 class=\"wp-block-heading\" id=\"h-postpositions-and-cases-urdu-s-unique-approach-to-indicating-relationships\">Postpositions and Cases: Urdu&#8217;s Unique Approach to Indicate Relationships<\/h3>\n\n\n\n<p>In ionad r\u00e9amhfhocail, \u00fas\u00e1ideann Urdais postpositions &#8211; focail a thagann i ndiaidh na n-ainmfhocail a riala\u00edonn siad. T\u00e1 an ghn\u00e9 shaini\u00fail seo le feice\u00e1il ar fud na teanga agus b\u00edonn tionchar suntasach aige ar mharcanna c\u00e1iseanna. \u00das\u00e1idtear dh\u00e1 ch\u00e1s Urd\u00fais, d\u00edreach agus oblique, in \u00e9ineacht le postpositions chun caidrimh idir focail a l\u00e9iri\u00fa.<\/p>\n\n\n\n<h3 class=\"wp-block-heading\" id=\"h-harnessing-the-power-of-verbs-tense-aspect-and-moods\">Leas\u00fa a bhaint as cumhacht na mbriathr: aimsir, gn\u00e9, agus gi\u00famar<\/h3>\n\n\n\n<p>T\u00e1 briathra Urdais suimi\u00fail lena raon \u00e9ags\u00fail aimsire (am at\u00e1 caite, i l\u00e1thair agus sa todhcha\u00ed), gn\u00e9ithe (foirfe, neamhfhoirfe, agus gn\u00e1th), agus gi\u00famar (t\u00e1sca, imperative, agus subjunctive). Baineann an teanga \u00fas\u00e1id fhorleathan as briathra c\u00fanta freisin chun aimsir chumaisc a fhoirmi\u00fa, nuances in am agus i gcr\u00edochn\u00fa gn\u00edomhartha.<\/p>\n\n\n\n<p>Aonta\u00edonn na briathra lena n-\u00e1bhair freisin i dt\u00e9arma\u00ed inscne agus uimhreacha, rud a chuireann sraitheanna castachta agus saibhreas le <a href=\"https:\/\/talkpal.ai\/grammar\/\">gramadach<\/a> Urdais.<\/p>\n\n\n\n<h3 class=\"wp-block-heading\" id=\"h-adjectives-adverbs-and-more-adding-color-to-your-language\">Aidiachta\u00ed, Adverbs, agus Go Leor Eile: Dath a Chur le Do Theanga<\/h3>\n\n\n\n<p>Is gn\u00e1ch go leanann aidiachta\u00ed Urdais na hainmfhocail a mhodhna\u00edonn siad agus aonta\u00edonn siad leo i dt\u00e9arma\u00ed inscne agus uimhreacha. Is f\u00e9idir aidiachta\u00ed a threisi\u00fa ag baint \u00fas\u00e1ide as compar\u00e1id\u00ed agus superlatives, ag cur doimhneacht le tuairisc\u00ed. T\u00e1 r\u00f3l r\u00edth\u00e1bhachtach ag adverbs Urdais, a dh\u00edortha\u00edtear \u00f3 aidiachta\u00ed n\u00f3 at\u00e1 ann go neamhsple\u00e1ch, sa teanga freisin, ag sol\u00e1thar faisn\u00e9ise faoi am, modh, \u00e1it agus c\u00e9im.<\/p>\n\n\n\n<p>T\u00e1 raidhse comhcheangail, idirghabh\u00e1lacha, c\u00e1ithn\u00edn\u00ed, agus go leor eile i ngramadach Urdais, ag cabhr\u00fa leat abairt\u00ed saibhir, br\u00ed agus l\u00e9iritheacha a th\u00f3g\u00e1il.<\/p>\n\n\n\n<h3 class=\"wp-block-heading\" id=\"h-embracing-the-world-of-urdu-grammar\">Ag glacadh le Domhan na Gramada\u00ed Urdais<\/h3>\n\n\n\n<p>D&#8217;fh\u00e9adfadh gramadach Urdais a bheith casta ar dt\u00fas, ach de r\u00e9ir mar a thumadh t\u00fa f\u00e9in ina intricacies, gheobhaidh t\u00fa an teanga l\u00e1n le h\u00e1illeacht agus l\u00e9iri\u00fa. N\u00ed hamh\u00e1in go gcuirfidh foghlaim Urdais le do thuiscint ar theaghlach na dteangacha Ind-Aryan ach cabhr\u00f3idh s\u00e9 leat ceangal a dh\u00e9anamh le cult\u00far, litr\u00edocht agus stair dra\u00edocht\u00fail.<\/p>\n\n\n\n<p>Mar sin, c\u00e9n f\u00e1th nach dtosa\u00edonn t\u00fa ar an turas spreag\u00fail chun gramadach Urdais a fhoghlaim? Le d\u00fathracht agus fiosracht, b&#8217;fh\u00e9idir go mbeidh t\u00fa ag comhr\u00e1 le cainteoir\u00ed d\u00fachais, ag malart\u00fa smaointe agus sc\u00e9alta sa teanga chumhachtach seo. Foghlaim shona!<\/p>\n<\/div><\/div>\n\r\n<section class=\"learnNavigationSection\">\r\n            \r\n        <a href=\"https:\/\/talkpal.ai\/ga\/foghlaim-urdais\/\">\r\n            <div class=\"learnNavigationWrapper\">\r\n                <div class=\"learnNavigationContent\">\r\n                    <img decoding=\"async\" src=\"https:\/\/talkpal.ai\/wp-content\/uploads\/2024\/08\/Urdu.jpg\" alt=\"Pakistani Flag\">\r\n                    <div>\r\n                        <h4>Maidir le Foghlaim Urdais<\/h4>\r\n                        <p>Faigh amach gach rud faoi ghramadach Urdais.<\/p>\r\n                    <\/div>\r\n                <\/div>\r\n            <\/div>\r\n        <\/a>\r\n\r\n        \r\n        <a href=\"https:\/\/talkpal.ai\/ga\/cleachtai-gramadai-urdais\/\">\r\n            <div class=\"learnNavigationWrapper\">\r\n                <div class=\"learnNavigationContent\">\r\n                    <img decoding=\"async\" src=\"https:\/\/talkpal.ai\/wp-content\/uploads\/2024\/08\/Urdu.jpg\" alt=\"Pakistani Flag\">\r\n                    <div>\r\n                        <h4>Cleachtadh Gramada\u00ed Urdais<\/h4>\r\n                        <p>Cleachtadh gramadach Urdais.<\/p>\r\n                    <\/div>\r\n                <\/div>\r\n            <\/div>\r\n        <\/a>\r\n\r\n        \r\n        <a href=\"https:\/\/talkpal.ai\/vocabulary_language\/urdu\/\">\r\n            <div class=\"learnNavigationWrapper\">\r\n                <div class=\"learnNavigationContent\">\r\n                    <img decoding=\"async\" src=\"https:\/\/talkpal.ai\/wp-content\/uploads\/2024\/08\/Urdu.jpg\" alt=\"Pakistani Flag\">\r\n                    <div>\r\n                        <h4>St\u00f3r Focal Urdais<\/h4>\r\n                        <p>Leathnaigh do st\u00f3r focal Urdais.<\/p>\r\n                    <\/div>\r\n                <\/div>\r\n            <\/div>\r\n        <\/a>\r\n\r\n            <\/section>","protected":false},"excerpt":{"rendered":"<p>Gramadach Urdais: Ini\u00fachadh a dh\u00e9anamh ar \u00e1illeacht agus intricacies na teanga Indo-Aryan D\u00edograiseoir\u00ed teanga agus foghlaimeoir\u00ed fiosracha, an bhfuil sibh r\u00e9idh le tumadh isteach i saol suimi\u00fail na gramada\u00ed Urdais? Is \u00ed an Urd\u00fais, teanga Ind-Aryan, teanga n\u00e1isi\u00fanta na Pacast\u00e1ine agus ceann de theangacha oifigi\u00fala na hIndia. Le thart ar 70 milli\u00fan cainteoir ar fud [&hellip;]<\/p>\n","protected":false},"author":1,"featured_media":1443970,"parent":0,"menu_order":0,"comment_status":"closed","ping_status":"closed","template":"LearningContentPage.php","meta":{"_acf_changed":false,"footnotes":""},"class_list":["post-1446692","page","type-page","status-publish","has-post-thumbnail","hentry"],"acf":[],"yoast_head":"<!-- This site is optimized with the Yoast SEO Premium plugin v27.2 (Yoast SEO v27.2) - https:\/\/yoast.com\/product\/yoast-seo-premium-wordpress\/ -->\n<title>Gramadach Urdais - Talkpal<\/title>\n<meta name=\"description\" content=\"D\u00edghlas\u00e1il \u00e1illeacht ghramada\u00ed Urdais. D\u00e9an ini\u00fachadh ar a ghn\u00e9ithe uath\u00fala, a script, agus an chaoi a nascann s\u00e9 le cult\u00far agus stair.\" \/>\n<meta name=\"robots\" content=\"index, follow, max-snippet:-1, max-image-preview:large, max-video-preview:-1\" \/>\n<link rel=\"canonical\" href=\"https:\/\/talkpal.ai\/ga\/gramadach-urdais\/\" \/>\n<meta property=\"og:locale\" content=\"ga_IE\" \/>\n<meta property=\"og:type\" content=\"article\" \/>\n<meta property=\"og:title\" content=\"Gramadach Urdais\" \/>\n<meta property=\"og:description\" content=\"Gramadach Urdais: Ini\u00fachadh a dh\u00e9anamh ar \u00e1illeacht agus intricacies na teanga Indo-Aryan D\u00edograiseoir\u00ed teanga agus foghlaimeoir\u00ed fiosracha, an bhfuil\" \/>\n<meta property=\"og:url\" content=\"https:\/\/talkpal.ai\/ga\/gramadach-urdais\/\" \/>\n<meta property=\"og:site_name\" content=\"Talkpal\" \/>\n<meta property=\"article:publisher\" content=\"https:\/\/www.facebook.com\/profile.php?id=100090733639311\" \/>\n<meta property=\"article:modified_time\" content=\"2025-12-11T16:26:21+00:00\" \/>\n<meta property=\"og:image\" content=\"https:\/\/talkpal.ai\/wp-content\/uploads\/2023\/05\/Urdu-pakistan.png\" \/>\n\t<meta property=\"og:image:width\" content=\"512\" \/>\n\t<meta property=\"og:image:height\" content=\"512\" \/>\n\t<meta property=\"og:image:type\" content=\"image\/png\" \/>\n<meta name=\"twitter:card\" content=\"summary_large_image\" \/>\n<meta name=\"twitter:site\" content=\"@talkpalai\" \/>\n<meta name=\"twitter:label1\" content=\"Est. reading time\" \/>\n\t<meta name=\"twitter:data1\" content=\"3 minutes\" \/>\n<script type=\"application\/ld+json\" class=\"yoast-schema-graph\">{\"@context\":\"https:\/\/schema.org\",\"@graph\":[{\"@type\":\"WebPage\",\"@id\":\"https:\/\/talkpal.ai\/ga\/gramadach-urdais\/\",\"url\":\"https:\/\/talkpal.ai\/ga\/gramadach-urdais\/\",\"name\":\"Gramadach Urdais - Talkpal\",\"isPartOf\":{\"@id\":\"https:\/\/talkpal.ai\/ga\/#website\"},\"primaryImageOfPage\":{\"@id\":\"https:\/\/talkpal.ai\/ga\/gramadach-urdais\/#primaryimage\"},\"image\":{\"@id\":\"https:\/\/talkpal.ai\/ga\/gramadach-urdais\/#primaryimage\"},\"thumbnailUrl\":\"https:\/\/talkpal.ai\/wp-content\/uploads\/2023\/05\/Urdu-pakistan.png\",\"datePublished\":\"2023-05-14T14:22:39+00:00\",\"dateModified\":\"2025-12-11T16:26:21+00:00\",\"description\":\"D\u00edghlas\u00e1il \u00e1illeacht ghramada\u00ed Urdais. D\u00e9an ini\u00fachadh ar a ghn\u00e9ithe uath\u00fala, a script, agus an chaoi a nascann s\u00e9 le cult\u00far agus stair.\",\"breadcrumb\":{\"@id\":\"https:\/\/talkpal.ai\/ga\/gramadach-urdais\/#breadcrumb\"},\"inLanguage\":\"ga-IE\",\"potentialAction\":[{\"@type\":\"ReadAction\",\"target\":[\"https:\/\/talkpal.ai\/ga\/gramadach-urdais\/\"]}]},{\"@type\":\"ImageObject\",\"inLanguage\":\"ga-IE\",\"@id\":\"https:\/\/talkpal.ai\/ga\/gramadach-urdais\/#primaryimage\",\"url\":\"https:\/\/talkpal.ai\/wp-content\/uploads\/2023\/05\/Urdu-pakistan.png\",\"contentUrl\":\"https:\/\/talkpal.ai\/wp-content\/uploads\/2023\/05\/Urdu-pakistan.png\",\"width\":512,\"height\":512,\"caption\":\"TalkPal Urdu -Pakistan Flag\"},{\"@type\":\"BreadcrumbList\",\"@id\":\"https:\/\/talkpal.ai\/ga\/gramadach-urdais\/#breadcrumb\",\"itemListElement\":[{\"@type\":\"ListItem\",\"position\":1,\"name\":\"Homepage\",\"item\":\"https:\/\/talkpal.ai\/ga\/\"},{\"@type\":\"ListItem\",\"position\":2,\"name\":\"Gramadach Urdais\"}]},{\"@type\":\"WebSite\",\"@id\":\"https:\/\/talkpal.ai\/ga\/#website\",\"url\":\"https:\/\/talkpal.ai\/ga\/\",\"name\":\"Talkpal\",\"description\":\"AI Language Learning\",\"publisher\":{\"@id\":\"https:\/\/talkpal.ai\/ga\/#organization\"},\"alternateName\":\"Talkpal AI\",\"potentialAction\":[{\"@type\":\"SearchAction\",\"target\":{\"@type\":\"EntryPoint\",\"urlTemplate\":\"https:\/\/talkpal.ai\/ga\/?s={search_term_string}\"},\"query-input\":{\"@type\":\"PropertyValueSpecification\",\"valueRequired\":true,\"valueName\":\"search_term_string\"}}],\"inLanguage\":\"ga-IE\"},{\"@type\":\"Organization\",\"@id\":\"https:\/\/talkpal.ai\/ga\/#organization\",\"name\":\"Talkpal, Inc.\",\"alternateName\":\"Talkpal AI\",\"url\":\"https:\/\/talkpal.ai\/ga\/\",\"logo\":{\"@type\":\"ImageObject\",\"inLanguage\":\"ga-IE\",\"@id\":\"https:\/\/talkpal.ai\/ga\/#\/schema\/logo\/image\/\",\"url\":\"https:\/\/talkpal.ai\/wp-content\/uploads\/2024\/03\/Talkpal-Logo-Icon.png\",\"contentUrl\":\"https:\/\/talkpal.ai\/wp-content\/uploads\/2024\/03\/Talkpal-Logo-Icon.png\",\"width\":2880,\"height\":2880,\"caption\":\"Talkpal, Inc.\"},\"image\":{\"@id\":\"https:\/\/talkpal.ai\/ga\/#\/schema\/logo\/image\/\"},\"sameAs\":[\"https:\/\/www.facebook.com\/profile.php?id=100090733639311\",\"https:\/\/x.com\/talkpalai\",\"https:\/\/www.linkedin.com\/company\/talkpal\/\",\"https:\/\/www.youtube.com\/@TalkPal\/\",\"https:\/\/www.tiktok.com\/@talkpal\",\"https:\/\/www.instagram.com\/talkpal_ai\/\",\"https:\/\/www.crunchbase.com\/organization\/talkpal-9cde\",\"https:\/\/www.g2.com\/products\/talkpal-for-business\/\",\"https:\/\/www.trustpilot.com\/review\/talkpal.ai\",\"https:\/\/www.capterra.com\/p\/10006800\/TalkPal\/\"],\"description\":\"Talkpal is a language learning web and mobile education app, powered by the latest AI technologies, that provides engaging experiences to its customers in many different languages to help them improve their language skills. Users can chat about unlimited amount of topics with the app and use other modes to practice their language learning.\",\"email\":\"support@talkpal.ai\",\"legalName\":\"Talkpal, Inc.\",\"foundingDate\":\"2023-04-03\",\"duns\":\"118989042\",\"numberOfEmployees\":{\"@type\":\"QuantitativeValue\",\"minValue\":\"11\",\"maxValue\":\"50\"},\"publishingPrinciples\":\"https:\/\/talkpal.ai\/publishing-principles\/\",\"actionableFeedbackPolicy\":\"https:\/\/talkpal.ai\/actionable-feedback-policy\/\",\"correctionsPolicy\":\"https:\/\/talkpal.ai\/corrections-policy\/\",\"ethicsPolicy\":\"https:\/\/talkpal.ai\/ethics-policy\/\",\"diversityPolicy\":\"https:\/\/talkpal.ai\/diversity-policy\/\",\"diversityStaffingReport\":\"https:\/\/talkpal.ai\/diversity-policy\/\"}]}<\/script>\n<!-- \/ Yoast SEO Premium plugin. -->","yoast_head_json":{"title":"Gramadach Urdais - Talkpal","description":"D\u00edghlas\u00e1il \u00e1illeacht ghramada\u00ed Urdais. D\u00e9an ini\u00fachadh ar a ghn\u00e9ithe uath\u00fala, a script, agus an chaoi a nascann s\u00e9 le cult\u00far agus stair.","robots":{"index":"index","follow":"follow","max-snippet":"max-snippet:-1","max-image-preview":"max-image-preview:large","max-video-preview":"max-video-preview:-1"},"canonical":"https:\/\/talkpal.ai\/ga\/gramadach-urdais\/","og_locale":"ga_IE","og_type":"article","og_title":"Gramadach Urdais","og_description":"Gramadach Urdais: Ini\u00fachadh a dh\u00e9anamh ar \u00e1illeacht agus intricacies na teanga Indo-Aryan D\u00edograiseoir\u00ed teanga agus foghlaimeoir\u00ed fiosracha, an bhfuil","og_url":"https:\/\/talkpal.ai\/ga\/gramadach-urdais\/","og_site_name":"Talkpal","article_publisher":"https:\/\/www.facebook.com\/profile.php?id=100090733639311","article_modified_time":"2025-12-11T16:26:21+00:00","og_image":[{"width":512,"height":512,"url":"https:\/\/talkpal.ai\/wp-content\/uploads\/2023\/05\/Urdu-pakistan.png","type":"image\/png"}],"twitter_card":"summary_large_image","twitter_site":"@talkpalai","twitter_misc":{"Est. reading time":"3 minutes"},"schema":{"@context":"https:\/\/schema.org","@graph":[{"@type":"WebPage","@id":"https:\/\/talkpal.ai\/ga\/gramadach-urdais\/","url":"https:\/\/talkpal.ai\/ga\/gramadach-urdais\/","name":"Gramadach Urdais - Talkpal","isPartOf":{"@id":"https:\/\/talkpal.ai\/ga\/#website"},"primaryImageOfPage":{"@id":"https:\/\/talkpal.ai\/ga\/gramadach-urdais\/#primaryimage"},"image":{"@id":"https:\/\/talkpal.ai\/ga\/gramadach-urdais\/#primaryimage"},"thumbnailUrl":"https:\/\/talkpal.ai\/wp-content\/uploads\/2023\/05\/Urdu-pakistan.png","datePublished":"2023-05-14T14:22:39+00:00","dateModified":"2025-12-11T16:26:21+00:00","description":"D\u00edghlas\u00e1il \u00e1illeacht ghramada\u00ed Urdais. D\u00e9an ini\u00fachadh ar a ghn\u00e9ithe uath\u00fala, a script, agus an chaoi a nascann s\u00e9 le cult\u00far agus stair.","breadcrumb":{"@id":"https:\/\/talkpal.ai\/ga\/gramadach-urdais\/#breadcrumb"},"inLanguage":"ga-IE","potentialAction":[{"@type":"ReadAction","target":["https:\/\/talkpal.ai\/ga\/gramadach-urdais\/"]}]},{"@type":"ImageObject","inLanguage":"ga-IE","@id":"https:\/\/talkpal.ai\/ga\/gramadach-urdais\/#primaryimage","url":"https:\/\/talkpal.ai\/wp-content\/uploads\/2023\/05\/Urdu-pakistan.png","contentUrl":"https:\/\/talkpal.ai\/wp-content\/uploads\/2023\/05\/Urdu-pakistan.png","width":512,"height":512,"caption":"TalkPal Urdu -Pakistan Flag"},{"@type":"BreadcrumbList","@id":"https:\/\/talkpal.ai\/ga\/gramadach-urdais\/#breadcrumb","itemListElement":[{"@type":"ListItem","position":1,"name":"Homepage","item":"https:\/\/talkpal.ai\/ga\/"},{"@type":"ListItem","position":2,"name":"Gramadach Urdais"}]},{"@type":"WebSite","@id":"https:\/\/talkpal.ai\/ga\/#website","url":"https:\/\/talkpal.ai\/ga\/","name":"Talkpal","description":"AI Language Learning","publisher":{"@id":"https:\/\/talkpal.ai\/ga\/#organization"},"alternateName":"Talkpal AI","potentialAction":[{"@type":"SearchAction","target":{"@type":"EntryPoint","urlTemplate":"https:\/\/talkpal.ai\/ga\/?s={search_term_string}"},"query-input":{"@type":"PropertyValueSpecification","valueRequired":true,"valueName":"search_term_string"}}],"inLanguage":"ga-IE"},{"@type":"Organization","@id":"https:\/\/talkpal.ai\/ga\/#organization","name":"Talkpal, Inc.","alternateName":"Talkpal AI","url":"https:\/\/talkpal.ai\/ga\/","logo":{"@type":"ImageObject","inLanguage":"ga-IE","@id":"https:\/\/talkpal.ai\/ga\/#\/schema\/logo\/image\/","url":"https:\/\/talkpal.ai\/wp-content\/uploads\/2024\/03\/Talkpal-Logo-Icon.png","contentUrl":"https:\/\/talkpal.ai\/wp-content\/uploads\/2024\/03\/Talkpal-Logo-Icon.png","width":2880,"height":2880,"caption":"Talkpal, Inc."},"image":{"@id":"https:\/\/talkpal.ai\/ga\/#\/schema\/logo\/image\/"},"sameAs":["https:\/\/www.facebook.com\/profile.php?id=100090733639311","https:\/\/x.com\/talkpalai","https:\/\/www.linkedin.com\/company\/talkpal\/","https:\/\/www.youtube.com\/@TalkPal\/","https:\/\/www.tiktok.com\/@talkpal","https:\/\/www.instagram.com\/talkpal_ai\/","https:\/\/www.crunchbase.com\/organization\/talkpal-9cde","https:\/\/www.g2.com\/products\/talkpal-for-business\/","https:\/\/www.trustpilot.com\/review\/talkpal.ai","https:\/\/www.capterra.com\/p\/10006800\/TalkPal\/"],"description":"Talkpal is a language learning web and mobile education app, powered by the latest AI technologies, that provides engaging experiences to its customers in many different languages to help them improve their language skills. Users can chat about unlimited amount of topics with the app and use other modes to practice their language learning.","email":"support@talkpal.ai","legalName":"Talkpal, Inc.","foundingDate":"2023-04-03","duns":"118989042","numberOfEmployees":{"@type":"QuantitativeValue","minValue":"11","maxValue":"50"},"publishingPrinciples":"https:\/\/talkpal.ai\/publishing-principles\/","actionableFeedbackPolicy":"https:\/\/talkpal.ai\/actionable-feedback-policy\/","correctionsPolicy":"https:\/\/talkpal.ai\/corrections-policy\/","ethicsPolicy":"https:\/\/talkpal.ai\/ethics-policy\/","diversityPolicy":"https:\/\/talkpal.ai\/diversity-policy\/","diversityStaffingReport":"https:\/\/talkpal.ai\/diversity-policy\/"}]}},"_links":{"self":[{"href":"https:\/\/talkpal.ai\/ga\/wp-json\/wp\/v2\/pages\/1446692","targetHints":{"allow":["GET"]}}],"collection":[{"href":"https:\/\/talkpal.ai\/ga\/wp-json\/wp\/v2\/pages"}],"about":[{"href":"https:\/\/talkpal.ai\/ga\/wp-json\/wp\/v2\/types\/page"}],"author":[{"embeddable":true,"href":"https:\/\/talkpal.ai\/ga\/wp-json\/wp\/v2\/users\/1"}],"replies":[{"embeddable":true,"href":"https:\/\/talkpal.ai\/ga\/wp-json\/wp\/v2\/comments?post=1446692"}],"version-history":[{"count":0,"href":"https:\/\/talkpal.ai\/ga\/wp-json\/wp\/v2\/pages\/1446692\/revisions"}],"wp:featuredmedia":[{"embeddable":true,"href":"https:\/\/talkpal.ai\/ga\/wp-json\/wp\/v2\/media\/1443970"}],"wp:attachment":[{"href":"https:\/\/talkpal.ai\/ga\/wp-json\/wp\/v2\/media?parent=1446692"}],"curies":[{"name":"wp","href":"https:\/\/api.w.org\/{rel}","templated":true}]}}