{"id":1446688,"date":"2023-05-14T14:22:16","date_gmt":"2023-05-14T14:22:16","guid":{"rendered":"https:\/\/talkpal.ai\/gramadach-tamil\/"},"modified":"2025-12-12T11:02:48","modified_gmt":"2025-12-12T11:02:48","slug":"gramadach-tamil","status":"publish","type":"page","link":"https:\/\/talkpal.ai\/ga\/gramadach-tamil\/","title":{"rendered":"Gramadach Tamil"},"content":{"rendered":"\r\n\r\n\r\n<section class=\"languageChallengeSection\">\r\n    <div class=\"languageInfoWrapper\">\r\n        \r\n        <h1>Gramadach Tamil<\/h1>\r\n        <p>T\u00f3g do scileanna <a href=\"https:\/\/talkpal.ai\/learn-tamil\/\">Tamil<\/a> go dt\u00ed an ch\u00e9ad leibh\u00e9al eile tr\u00ed mh\u00e1istir a dh\u00e9anamh ar bhuneilimint\u00ed gramada\u00ed agus ar choincheapa chun cinn. D\u00e9an ini\u00fachadh ar mh\u00ednithe soil\u00e9ire, sampla\u00ed praitici\u00fala, agus cleachta\u00ed idirghn\u00edomhacha at\u00e1 deartha chun do mhuin\u00edn a th\u00f3g\u00e1il. Tosaigh ag foghlaim faoi strucht\u00far abairte, comhchuingi\u00fa briathra, agus rialacha riachtanacha inniu. Tosaigh ar do thuras chun labhairt agus scr\u00edobh Tamil le cruinneas agus \u00e9asca\u00edocht!<\/p>\r\n\r\n                            <a class=\"getStartedHidden\" href=\"https:\/\/app.talkpal.ai\/signup?lng=\">Tosaigh<\/a>\r\n        \r\n    <\/div>\r\n\r\n    <figure>\r\n    <img decoding=\"async\" width=\"768\" height=\"768\" src=\"https:\/\/talkpal.ai\/wp-content\/uploads\/2023\/06\/tamil-768x768.png\" class=\"languageImage no-lazy\" alt=\"Language learning for enhanced creativity\" fetchpriority=\"high\" sizes=\"(max-width: 768px) 150px, 768px\" srcset=\"https:\/\/talkpal.ai\/wp-content\/uploads\/2023\/06\/tamil-768x768.png 768w, https:\/\/talkpal.ai\/wp-content\/uploads\/2023\/06\/tamil-300x300.png 300w\" \/>\r\n    \r\n\r\n    <\/figure>\r\n\r\n            <a class=\"getStartedVisible\" href=\"https:\/\/app.talkpal.ai\/signup?lng=\">Tosaigh<\/a>\r\n    \r\n<\/section>\r\n<section class=\"promotionalBanner\">\r\n    <p class=\"promotionalText\">An bealach is \u00e9ifeachta\u00ed le teanga a fhoghlaim<\/p>\r\n    <a class=\"promotionalLink\" href=\"https:\/\/app.talkpal.ai\/signup?lng=\">Bain triail as Talkpal saor in aisce<\/a>\r\n<\/section>\n<div class=\"wp-block-group pageContainerStyle\"><div class=\"wp-block-group__inner-container is-layout-constrained wp-block-group-is-layout-constrained\">\n<h2 class=\"wp-block-heading\" id=\"h-tamil-grammar-understanding-the-richness-of-the-tamil-language\">Gramadach Tamil: Saibhreas na Teanga Tamil a Thuiscint<\/h2>\n\n\n\n<p>Nuair a thosa\u00edonn t\u00fa ag foghlaim Tamil \u2013 ceann de na teangacha beo is sine ar domhan \u2013 t\u00e1 s\u00e9 r\u00edth\u00e1bhachtach castachta\u00ed agus saibhreas a gramada\u00ed a nochtadh. Tamil, a bhfuil traidisi\u00fan scr\u00edofa ag dul siar os cionn 2,000 bliain, f\u00f3s mar phr\u00edomhtheanga 70 milli\u00fan cainteoir ar fud an domhain. Chun cabhr\u00fa leat tos\u00fa, tugann an t-alt seo breac-chuntas ar roinnt pr\u00edomhghn\u00e9ithe de ghramadach Tamil le cur chuige comhr\u00e1 agus neamhfhoirmi\u00fail.<\/p>\n\n\n\n<h3 class=\"wp-block-heading\" id=\"h-1-nouns-classifications-and-cases\">1. Ainmfhocail \u2013 Aicmithe agus C\u00e1sanna<\/h3>\n\n\n\n<p>Gn\u00e9 shuntasach de ghramadach Tamil is ea a ainmfhocail, a ranga\u00edtear bunaithe ar inscne (firinscneach, baininscneach, agus neuter), uimhir (uatha agus iolra), agus c\u00e1s (nominative, accusative, dative, genitive, locative, instrumental, comitative, abessive, and vocative). C\u00e9 go bhf\u00e9adfadh s\u00e9 seo a bheith s\u00e1raitheach, t\u00e1 s\u00e9 riachtanach tuiscint a fh\u00e1il ar na caidrimh idir focail laistigh d&#8217;abairt\u00ed agus loighic dh\u00fan\u00fasach Tamil a dh\u00edch\u00f3d\u00fa.<\/p>\n\n\n\n<p>Mar shampla, is \u00e9 an focal &#8220;leabhar&#8221; i Tamil n\u00e1 &#8220;\u0baa\u0bc1\u0ba4\u0bcd\u0ba4\u0b95\u0bae\u0bcd&#8221; (puththakam). Chun a r\u00e1 &#8220;L\u00e9igh m\u00e9 an leabhar,&#8221; d&#8217;\u00fas\u00e1idfe\u00e1 an c\u00e1s c\u00faisitheach, a thugann le tuiscint gurb \u00e9 an leabhar cusp\u00f3ir an ghn\u00edmh: &#8220;\u0ba8\u0bbe\u0ba9\u0bcd \u0baa\u0bc1\u0ba4\u0bcd\u0ba4\u0b95\u0ba4\u0bcd\u0ba4\u0bc8 \u0bb5\u0bbe\u0b9a\u0bbf\u0b95\u0bcd\u0b95\u0bbf\u0ba9\u0bcd\u0bb1\u0bc7\u0ba9\u0bcd&#8221; (Naan puththakaththai vaasikkiren).<\/p>\n\n\n\n<h3 class=\"wp-block-heading\" id=\"h-2-adjectives-and-pronouns-consistent-harmony\">2. Aidiachta\u00ed agus Forainmneacha \u2013 Comhchuibheas Comhsheasmhach<\/h3>\n\n\n\n<p>Sa Tamilis, leanann aidiachta\u00ed (\u0baa\u0ba3\u0bcd\u0baa\u0bc1\u0b9f\u0bc8\u0bae\u0bc8) agus forainmneacha (\u0ba4\u0ba9\u0bbf\u0baa\u0bcd\u0baa\u0bca\u0bb0\u0bc1\u0bb3\u0bcd) riail r\u00edth\u00e1bhachtach: caithfidh siad aont\u00fa in inscne agus uimhreacha leis na hainmfhocail a mhodhna\u00edonn siad. Cuireann an comhsheasmhacht seo comhchuibheas teanga chun cinn agus cuireann s\u00e9 le soil\u00e9ireacht na l\u00e9irithe.<\/p>\n\n\n\n<h3 class=\"wp-block-heading\" id=\"h-3-verbs-conjugation-and-tenses\">3. Briathra \u2013 Comhchuingi\u00fa agus Aimsir\u00ed<\/h3>\n\n\n\n<p>T\u00e1 r\u00f3l r\u00edth\u00e1bhachtach ag briathra Tamil <a href=\"https:\/\/talkpal.ai\/ga\/maidir\/\">maidir<\/a> le habairt\u00ed a mh\u00fanl\u00fa. D\u00e9antar briathra a chomhchuingi\u00fa bunaithe ar dhuine, uimhir, aimsir, guth agus gi\u00famar. T\u00e1 tr\u00ed phr\u00edomh-aimsir ag Tamil (am at\u00e1 caite, i l\u00e1thair agus sa todhcha\u00ed) agus tr\u00ed ghi\u00famar (t\u00e1scach, imperative, agus subjunctive). Is f\u00e9idir le comhchuingi\u00fa a bheith scanr\u00fail ar dt\u00fas, ach cabhr\u00f3idh m\u00e1istreacht air leat an iliomad moth\u00fach\u00e1n, gn\u00edomhartha agus nuances a <a href=\"https:\/\/talkpal.ai\/locations\/language-courses-in-chur\/\">chur<\/a> in i\u00fal.<\/p>\n\n\n\n<h3 class=\"wp-block-heading\" id=\"h-4-sentence-structure-word-order-and-agreement\">4. Strucht\u00far na nAbairt\u00ed \u2013 Ord Focal agus Comhaont\u00fa<\/h3>\n\n\n\n<p>Leanann Tamil ord focal <a href=\"https:\/\/talkpal.ai\/culture\/how-do-you-structure-a-sentence-using-subject-object-verb-order-in-uzbek\/\">Subject-Object-Verb<\/a> (SOV), rud a fh\u00e1gann go bhfuil s\u00e9 difri\u00fail \u00f3n mB\u00e9arla, a leanann strucht\u00far Subject-Verb-Object (SVO). Ina theannta sin, cuireann <a href=\"https:\/\/talkpal.ai\/tamil-grammar\/\">gramadach Tamil<\/a> b\u00e9im ar chomhaont\u00fa focal, ag cinnti\u00fa comhsheasmhacht idir na hainmfhocail, na haidiachta\u00ed agus na forainmneacha.<\/p>\n\n\n\n<p>Mar shampla, sa Tamilis, scr\u00edobhtar an abairt &#8220;She eats an apple&#8221; mar &#8220;\u0b85\u0bb5\u0bb3\u0bcd \u0b92\u0bb0\u0bc1 \u0b86\u0baa\u0bcd\u0baa\u0bbf\u0bb3\u0bcd \u0b9a\u0bbe\u0baa\u0bcd\u0baa\u0bbf\u0b9f\u0bc1\u0b95\u0bbf\u0bb1\u0bbe\u0bb3\u0bcd&#8221; (Ava\u1e37 oru \u0101ppi\u1e37 s\u0101ppi\u1e6dugi\u1e5f\u0101\u1e37), \u00e1it a n-aonta\u00edonn an t-ainmfhocal agus an briathar le hinscne agus uimhir.<\/p>\n\n\n\n<h3 class=\"wp-block-heading\" id=\"h-5-embrace-the-journey\">5. Glac leis an Turas<\/h3>\n\n\n\n<p>B&#8217;fh\u00e9idir go bhfuil s\u00e9 d\u00fashl\u00e1nach <a href=\"https:\/\/talkpal.ai\/tamil-grammar\/\">gramadach Tamil<\/a> a fhoghlaim, ach tugann s\u00e9 geata chuig traidisi\u00fan liteartha br\u00edomhar agus oidhreacht chult\u00fartha shaibhir. Cuimhnigh, t\u00e1 s\u00e9 r\u00edth\u00e1bhachtach c\u00e9im amh\u00e1in a th\u00f3g\u00e1il agus meas a bheith agat ar na castachta\u00ed a dh\u00e9anann an teanga Tamil chomh speisialta.<\/p>\n\n\n\n<p>Agus t\u00fa ag ini\u00fachadh castachta\u00ed gramada\u00ed Tamil, d\u00e9an cinnte cleachtadh rialta, <a href=\"https:\/\/talkpal.ai\/contact\/\">teagmh\u00e1il<\/a> a dh\u00e9anamh le cainteoir\u00ed d\u00fachais, agus b\u00ed foighneach leat f\u00e9in. Le d\u00fathracht, d\u00edghlas\u00e1lfaidh t\u00fa \u00e1illeacht agus saibhreas na teanga \u00e1rsa seo. \u0b87\u0ba9\u0bbf\u0baf \u0b95\u0bb1\u0bcd\u0bb1\u0bb2\u0bcd \u2013 Iniy ka\u1e5f\u1e5fal (foghlaim shona)!<\/p>\n<\/div><\/div>\n\r\n<section class=\"learnNavigationSection\">\r\n            \r\n        <a href=\"https:\/\/talkpal.ai\/ga\/foghlaim-tamil\/\">\r\n            <div class=\"learnNavigationWrapper\">\r\n                <div class=\"learnNavigationContent\">\r\n                    <img decoding=\"async\" src=\"https:\/\/talkpal.ai\/wp-content\/uploads\/2024\/08\/Tamil.jpg\" alt=\"Indian Simplified Flag\">\r\n                    <div>\r\n                        <h4>Maidir le Foghlaim Tamil<\/h4>\r\n                        <p>Faigh amach gach rud faoi ghramadach Tamil.<\/p>\r\n                    <\/div>\r\n                <\/div>\r\n            <\/div>\r\n        <\/a>\r\n\r\n        \r\n        <a href=\"https:\/\/talkpal.ai\/ga\/cleachtai-gramadai-tamil\/\">\r\n            <div class=\"learnNavigationWrapper\">\r\n                <div class=\"learnNavigationContent\">\r\n                    <img decoding=\"async\" src=\"https:\/\/talkpal.ai\/wp-content\/uploads\/2024\/08\/Tamil.jpg\" alt=\"Indian Simplified Flag\">\r\n                    <div>\r\n                        <h4>Cleachtadh Gramada\u00ed Tamil<\/h4>\r\n                        <p>Cleachtadh gramadach Tamil.<\/p>\r\n                    <\/div>\r\n                <\/div>\r\n            <\/div>\r\n        <\/a>\r\n\r\n        \r\n        <a href=\"https:\/\/talkpal.ai\/vocabulary_language\/tamil\/\">\r\n            <div class=\"learnNavigationWrapper\">\r\n                <div class=\"learnNavigationContent\">\r\n                    <img decoding=\"async\" src=\"https:\/\/talkpal.ai\/wp-content\/uploads\/2024\/08\/Tamil.jpg\" alt=\"Indian Simplified Flag\">\r\n                    <div>\r\n                        <h4>St\u00f3r Focal Tamil<\/h4>\r\n                        <p>Leathnaigh do st\u00f3r focal Tamil.<\/p>\r\n                    <\/div>\r\n                <\/div>\r\n            <\/div>\r\n        <\/a>\r\n\r\n            <\/section>","protected":false},"excerpt":{"rendered":"<p>Gramadach Tamil: Saibhreas na Teanga Tamil a Thuiscint Nuair a thosa\u00edonn t\u00fa ag foghlaim Tamil \u2013 ceann de na teangacha beo is sine ar domhan \u2013 t\u00e1 s\u00e9 r\u00edth\u00e1bhachtach castachta\u00ed agus saibhreas a gramada\u00ed a nochtadh. Tamil, a bhfuil traidisi\u00fan scr\u00edofa ag dul siar os cionn 2,000 bliain, f\u00f3s mar phr\u00edomhtheanga 70 milli\u00fan cainteoir ar [&hellip;]<\/p>\n","protected":false},"author":1,"featured_media":1443657,"parent":0,"menu_order":0,"comment_status":"closed","ping_status":"closed","template":"LearningContentPage.php","meta":{"_acf_changed":false,"footnotes":""},"class_list":["post-1446688","page","type-page","status-publish","has-post-thumbnail","hentry"],"acf":[],"yoast_head":"<!-- This site is optimized with the Yoast SEO Premium plugin v27.2 (Yoast SEO v27.2) - https:\/\/yoast.com\/product\/yoast-seo-premium-wordpress\/ -->\n<title>Gramadach Tamil - Talkpal<\/title>\n<meta name=\"description\" content=\"D\u00e9an ini\u00fachadh ar bhunghn\u00e9ithe na Gramada\u00ed Tamil agus feabhas a chur ar do thuiscint ar an teanga shaibhir seo.\" \/>\n<meta name=\"robots\" content=\"index, follow, max-snippet:-1, max-image-preview:large, max-video-preview:-1\" \/>\n<link rel=\"canonical\" href=\"https:\/\/talkpal.ai\/ga\/gramadach-tamil\/\" \/>\n<meta property=\"og:locale\" content=\"ga_IE\" \/>\n<meta property=\"og:type\" content=\"article\" \/>\n<meta property=\"og:title\" content=\"Gramadach Tamil\" \/>\n<meta property=\"og:description\" content=\"Gramadach Tamil: Saibhreas na Teanga Tamil a Thuiscint Nuair a thosa\u00edonn t\u00fa ag foghlaim Tamil \u2013 ceann de na teangacha beo is sine ar domhan \u2013 t\u00e1 s\u00e9\" \/>\n<meta property=\"og:url\" content=\"https:\/\/talkpal.ai\/ga\/gramadach-tamil\/\" \/>\n<meta property=\"og:site_name\" content=\"Talkpal\" \/>\n<meta property=\"article:publisher\" content=\"https:\/\/www.facebook.com\/profile.php?id=100090733639311\" \/>\n<meta property=\"article:modified_time\" content=\"2025-12-12T11:02:48+00:00\" \/>\n<meta property=\"og:image\" content=\"https:\/\/talkpal.ai\/wp-content\/uploads\/2023\/05\/Tamil-india.png\" \/>\n\t<meta property=\"og:image:width\" content=\"512\" \/>\n\t<meta property=\"og:image:height\" content=\"512\" \/>\n\t<meta property=\"og:image:type\" content=\"image\/png\" \/>\n<meta name=\"twitter:card\" content=\"summary_large_image\" \/>\n<meta name=\"twitter:site\" content=\"@talkpalai\" \/>\n<meta name=\"twitter:label1\" content=\"Est. reading time\" \/>\n\t<meta name=\"twitter:data1\" content=\"3 minutes\" \/>\n<script type=\"application\/ld+json\" class=\"yoast-schema-graph\">{\"@context\":\"https:\/\/schema.org\",\"@graph\":[{\"@type\":\"WebPage\",\"@id\":\"https:\/\/talkpal.ai\/ga\/gramadach-tamil\/\",\"url\":\"https:\/\/talkpal.ai\/ga\/gramadach-tamil\/\",\"name\":\"Gramadach Tamil - Talkpal\",\"isPartOf\":{\"@id\":\"https:\/\/talkpal.ai\/ga\/#website\"},\"primaryImageOfPage\":{\"@id\":\"https:\/\/talkpal.ai\/ga\/gramadach-tamil\/#primaryimage\"},\"image\":{\"@id\":\"https:\/\/talkpal.ai\/ga\/gramadach-tamil\/#primaryimage\"},\"thumbnailUrl\":\"https:\/\/talkpal.ai\/wp-content\/uploads\/2023\/05\/Tamil-india.png\",\"datePublished\":\"2023-05-14T14:22:16+00:00\",\"dateModified\":\"2025-12-12T11:02:48+00:00\",\"description\":\"D\u00e9an ini\u00fachadh ar bhunghn\u00e9ithe na Gramada\u00ed Tamil agus feabhas a chur ar do thuiscint ar an teanga shaibhir seo.\",\"breadcrumb\":{\"@id\":\"https:\/\/talkpal.ai\/ga\/gramadach-tamil\/#breadcrumb\"},\"inLanguage\":\"ga-IE\",\"potentialAction\":[{\"@type\":\"ReadAction\",\"target\":[\"https:\/\/talkpal.ai\/ga\/gramadach-tamil\/\"]}]},{\"@type\":\"ImageObject\",\"inLanguage\":\"ga-IE\",\"@id\":\"https:\/\/talkpal.ai\/ga\/gramadach-tamil\/#primaryimage\",\"url\":\"https:\/\/talkpal.ai\/wp-content\/uploads\/2023\/05\/Tamil-india.png\",\"contentUrl\":\"https:\/\/talkpal.ai\/wp-content\/uploads\/2023\/05\/Tamil-india.png\",\"width\":512,\"height\":512,\"caption\":\"TalkPal Tamil - India Flag\"},{\"@type\":\"BreadcrumbList\",\"@id\":\"https:\/\/talkpal.ai\/ga\/gramadach-tamil\/#breadcrumb\",\"itemListElement\":[{\"@type\":\"ListItem\",\"position\":1,\"name\":\"Homepage\",\"item\":\"https:\/\/talkpal.ai\/ga\/\"},{\"@type\":\"ListItem\",\"position\":2,\"name\":\"Gramadach Tamil\"}]},{\"@type\":\"WebSite\",\"@id\":\"https:\/\/talkpal.ai\/ga\/#website\",\"url\":\"https:\/\/talkpal.ai\/ga\/\",\"name\":\"Talkpal\",\"description\":\"AI Language Learning\",\"publisher\":{\"@id\":\"https:\/\/talkpal.ai\/ga\/#organization\"},\"alternateName\":\"Talkpal AI\",\"potentialAction\":[{\"@type\":\"SearchAction\",\"target\":{\"@type\":\"EntryPoint\",\"urlTemplate\":\"https:\/\/talkpal.ai\/ga\/?s={search_term_string}\"},\"query-input\":{\"@type\":\"PropertyValueSpecification\",\"valueRequired\":true,\"valueName\":\"search_term_string\"}}],\"inLanguage\":\"ga-IE\"},{\"@type\":\"Organization\",\"@id\":\"https:\/\/talkpal.ai\/ga\/#organization\",\"name\":\"Talkpal, Inc.\",\"alternateName\":\"Talkpal AI\",\"url\":\"https:\/\/talkpal.ai\/ga\/\",\"logo\":{\"@type\":\"ImageObject\",\"inLanguage\":\"ga-IE\",\"@id\":\"https:\/\/talkpal.ai\/ga\/#\/schema\/logo\/image\/\",\"url\":\"https:\/\/talkpal.ai\/wp-content\/uploads\/2024\/03\/Talkpal-Logo-Icon.png\",\"contentUrl\":\"https:\/\/talkpal.ai\/wp-content\/uploads\/2024\/03\/Talkpal-Logo-Icon.png\",\"width\":2880,\"height\":2880,\"caption\":\"Talkpal, Inc.\"},\"image\":{\"@id\":\"https:\/\/talkpal.ai\/ga\/#\/schema\/logo\/image\/\"},\"sameAs\":[\"https:\/\/www.facebook.com\/profile.php?id=100090733639311\",\"https:\/\/x.com\/talkpalai\",\"https:\/\/www.linkedin.com\/company\/talkpal\/\",\"https:\/\/www.youtube.com\/@TalkPal\/\",\"https:\/\/www.tiktok.com\/@talkpal\",\"https:\/\/www.instagram.com\/talkpal_ai\/\",\"https:\/\/www.crunchbase.com\/organization\/talkpal-9cde\",\"https:\/\/www.g2.com\/products\/talkpal-for-business\/\",\"https:\/\/www.trustpilot.com\/review\/talkpal.ai\",\"https:\/\/www.capterra.com\/p\/10006800\/TalkPal\/\"],\"description\":\"Talkpal is a language learning web and mobile education app, powered by the latest AI technologies, that provides engaging experiences to its customers in many different languages to help them improve their language skills. Users can chat about unlimited amount of topics with the app and use other modes to practice their language learning.\",\"email\":\"support@talkpal.ai\",\"legalName\":\"Talkpal, Inc.\",\"foundingDate\":\"2023-04-03\",\"duns\":\"118989042\",\"numberOfEmployees\":{\"@type\":\"QuantitativeValue\",\"minValue\":\"11\",\"maxValue\":\"50\"},\"publishingPrinciples\":\"https:\/\/talkpal.ai\/publishing-principles\/\",\"actionableFeedbackPolicy\":\"https:\/\/talkpal.ai\/actionable-feedback-policy\/\",\"correctionsPolicy\":\"https:\/\/talkpal.ai\/corrections-policy\/\",\"ethicsPolicy\":\"https:\/\/talkpal.ai\/ethics-policy\/\",\"diversityPolicy\":\"https:\/\/talkpal.ai\/diversity-policy\/\",\"diversityStaffingReport\":\"https:\/\/talkpal.ai\/diversity-policy\/\"}]}<\/script>\n<!-- \/ Yoast SEO Premium plugin. -->","yoast_head_json":{"title":"Gramadach Tamil - Talkpal","description":"D\u00e9an ini\u00fachadh ar bhunghn\u00e9ithe na Gramada\u00ed Tamil agus feabhas a chur ar do thuiscint ar an teanga shaibhir seo.","robots":{"index":"index","follow":"follow","max-snippet":"max-snippet:-1","max-image-preview":"max-image-preview:large","max-video-preview":"max-video-preview:-1"},"canonical":"https:\/\/talkpal.ai\/ga\/gramadach-tamil\/","og_locale":"ga_IE","og_type":"article","og_title":"Gramadach Tamil","og_description":"Gramadach Tamil: Saibhreas na Teanga Tamil a Thuiscint Nuair a thosa\u00edonn t\u00fa ag foghlaim Tamil \u2013 ceann de na teangacha beo is sine ar domhan \u2013 t\u00e1 s\u00e9","og_url":"https:\/\/talkpal.ai\/ga\/gramadach-tamil\/","og_site_name":"Talkpal","article_publisher":"https:\/\/www.facebook.com\/profile.php?id=100090733639311","article_modified_time":"2025-12-12T11:02:48+00:00","og_image":[{"width":512,"height":512,"url":"https:\/\/talkpal.ai\/wp-content\/uploads\/2023\/05\/Tamil-india.png","type":"image\/png"}],"twitter_card":"summary_large_image","twitter_site":"@talkpalai","twitter_misc":{"Est. reading time":"3 minutes"},"schema":{"@context":"https:\/\/schema.org","@graph":[{"@type":"WebPage","@id":"https:\/\/talkpal.ai\/ga\/gramadach-tamil\/","url":"https:\/\/talkpal.ai\/ga\/gramadach-tamil\/","name":"Gramadach Tamil - Talkpal","isPartOf":{"@id":"https:\/\/talkpal.ai\/ga\/#website"},"primaryImageOfPage":{"@id":"https:\/\/talkpal.ai\/ga\/gramadach-tamil\/#primaryimage"},"image":{"@id":"https:\/\/talkpal.ai\/ga\/gramadach-tamil\/#primaryimage"},"thumbnailUrl":"https:\/\/talkpal.ai\/wp-content\/uploads\/2023\/05\/Tamil-india.png","datePublished":"2023-05-14T14:22:16+00:00","dateModified":"2025-12-12T11:02:48+00:00","description":"D\u00e9an ini\u00fachadh ar bhunghn\u00e9ithe na Gramada\u00ed Tamil agus feabhas a chur ar do thuiscint ar an teanga shaibhir seo.","breadcrumb":{"@id":"https:\/\/talkpal.ai\/ga\/gramadach-tamil\/#breadcrumb"},"inLanguage":"ga-IE","potentialAction":[{"@type":"ReadAction","target":["https:\/\/talkpal.ai\/ga\/gramadach-tamil\/"]}]},{"@type":"ImageObject","inLanguage":"ga-IE","@id":"https:\/\/talkpal.ai\/ga\/gramadach-tamil\/#primaryimage","url":"https:\/\/talkpal.ai\/wp-content\/uploads\/2023\/05\/Tamil-india.png","contentUrl":"https:\/\/talkpal.ai\/wp-content\/uploads\/2023\/05\/Tamil-india.png","width":512,"height":512,"caption":"TalkPal Tamil - India Flag"},{"@type":"BreadcrumbList","@id":"https:\/\/talkpal.ai\/ga\/gramadach-tamil\/#breadcrumb","itemListElement":[{"@type":"ListItem","position":1,"name":"Homepage","item":"https:\/\/talkpal.ai\/ga\/"},{"@type":"ListItem","position":2,"name":"Gramadach Tamil"}]},{"@type":"WebSite","@id":"https:\/\/talkpal.ai\/ga\/#website","url":"https:\/\/talkpal.ai\/ga\/","name":"Talkpal","description":"AI Language Learning","publisher":{"@id":"https:\/\/talkpal.ai\/ga\/#organization"},"alternateName":"Talkpal AI","potentialAction":[{"@type":"SearchAction","target":{"@type":"EntryPoint","urlTemplate":"https:\/\/talkpal.ai\/ga\/?s={search_term_string}"},"query-input":{"@type":"PropertyValueSpecification","valueRequired":true,"valueName":"search_term_string"}}],"inLanguage":"ga-IE"},{"@type":"Organization","@id":"https:\/\/talkpal.ai\/ga\/#organization","name":"Talkpal, Inc.","alternateName":"Talkpal AI","url":"https:\/\/talkpal.ai\/ga\/","logo":{"@type":"ImageObject","inLanguage":"ga-IE","@id":"https:\/\/talkpal.ai\/ga\/#\/schema\/logo\/image\/","url":"https:\/\/talkpal.ai\/wp-content\/uploads\/2024\/03\/Talkpal-Logo-Icon.png","contentUrl":"https:\/\/talkpal.ai\/wp-content\/uploads\/2024\/03\/Talkpal-Logo-Icon.png","width":2880,"height":2880,"caption":"Talkpal, Inc."},"image":{"@id":"https:\/\/talkpal.ai\/ga\/#\/schema\/logo\/image\/"},"sameAs":["https:\/\/www.facebook.com\/profile.php?id=100090733639311","https:\/\/x.com\/talkpalai","https:\/\/www.linkedin.com\/company\/talkpal\/","https:\/\/www.youtube.com\/@TalkPal\/","https:\/\/www.tiktok.com\/@talkpal","https:\/\/www.instagram.com\/talkpal_ai\/","https:\/\/www.crunchbase.com\/organization\/talkpal-9cde","https:\/\/www.g2.com\/products\/talkpal-for-business\/","https:\/\/www.trustpilot.com\/review\/talkpal.ai","https:\/\/www.capterra.com\/p\/10006800\/TalkPal\/"],"description":"Talkpal is a language learning web and mobile education app, powered by the latest AI technologies, that provides engaging experiences to its customers in many different languages to help them improve their language skills. Users can chat about unlimited amount of topics with the app and use other modes to practice their language learning.","email":"support@talkpal.ai","legalName":"Talkpal, Inc.","foundingDate":"2023-04-03","duns":"118989042","numberOfEmployees":{"@type":"QuantitativeValue","minValue":"11","maxValue":"50"},"publishingPrinciples":"https:\/\/talkpal.ai\/publishing-principles\/","actionableFeedbackPolicy":"https:\/\/talkpal.ai\/actionable-feedback-policy\/","correctionsPolicy":"https:\/\/talkpal.ai\/corrections-policy\/","ethicsPolicy":"https:\/\/talkpal.ai\/ethics-policy\/","diversityPolicy":"https:\/\/talkpal.ai\/diversity-policy\/","diversityStaffingReport":"https:\/\/talkpal.ai\/diversity-policy\/"}]}},"_links":{"self":[{"href":"https:\/\/talkpal.ai\/ga\/wp-json\/wp\/v2\/pages\/1446688","targetHints":{"allow":["GET"]}}],"collection":[{"href":"https:\/\/talkpal.ai\/ga\/wp-json\/wp\/v2\/pages"}],"about":[{"href":"https:\/\/talkpal.ai\/ga\/wp-json\/wp\/v2\/types\/page"}],"author":[{"embeddable":true,"href":"https:\/\/talkpal.ai\/ga\/wp-json\/wp\/v2\/users\/1"}],"replies":[{"embeddable":true,"href":"https:\/\/talkpal.ai\/ga\/wp-json\/wp\/v2\/comments?post=1446688"}],"version-history":[{"count":0,"href":"https:\/\/talkpal.ai\/ga\/wp-json\/wp\/v2\/pages\/1446688\/revisions"}],"wp:featuredmedia":[{"embeddable":true,"href":"https:\/\/talkpal.ai\/ga\/wp-json\/wp\/v2\/media\/1443657"}],"wp:attachment":[{"href":"https:\/\/talkpal.ai\/ga\/wp-json\/wp\/v2\/media?parent=1446688"}],"curies":[{"name":"wp","href":"https:\/\/api.w.org\/{rel}","templated":true}]}}