{"id":1446684,"date":"2023-05-14T14:23:00","date_gmt":"2023-05-14T14:23:00","guid":{"rendered":"https:\/\/talkpal.ai\/gramadach-vitneaimis\/"},"modified":"2025-12-12T10:56:07","modified_gmt":"2025-12-12T10:56:07","slug":"gramadach-vitneaimis","status":"publish","type":"page","link":"https:\/\/talkpal.ai\/ga\/gramadach-vitneaimis\/","title":{"rendered":"Gramadach V\u00edtneaimis"},"content":{"rendered":"\r\n\r\n\r\n<section class=\"languageChallengeSection\">\r\n    <div class=\"languageInfoWrapper\">\r\n        \r\n        <h1>Gramadach V\u00edtneaimis<\/h1>\r\n        <p>T\u00e1 <a href=\"https:\/\/talkpal.ai\/grammar\/\">gramadach<\/a> V\u00edtneaimis ar eolas mar gheall ar a simpl\u00edocht agus a strucht\u00far loighci\u00fail, rud a fh\u00e1gann go bhfuil s\u00e9 inrochtana d&#039;fhoghlaimeoir\u00ed nua. With a Romanized alphabet, no verb conjugations, and minimal use of plurals, students can quickly focus on building vocabulary and conversation skills. N\u00ed hamh\u00e1in go mbaineann ini\u00fachadh a dh\u00e9anamh ar an V\u00edtneaimis n\u00e1 foghlaim na teanga &#8211; oscla\u00edonn s\u00e9 fuinneog freisin ar chult\u00far agus stair shaibhir na t\u00edre.<\/p>\r\n\r\n                            <a class=\"getStartedHidden\" href=\"https:\/\/app.talkpal.ai\/signup?lng=\">Tosaigh<\/a>\r\n        \r\n    <\/div>\r\n\r\n    <figure>\r\n    <img decoding=\"async\" width=\"768\" height=\"768\" src=\"https:\/\/talkpal.ai\/wp-content\/uploads\/2023\/06\/vietnamese-768x768.png\" class=\"languageImage no-lazy\" alt=\"Language learning for extensive cultural knowledge\" fetchpriority=\"high\" sizes=\"(max-width: 768px) 150px, 768px\" srcset=\"https:\/\/talkpal.ai\/wp-content\/uploads\/2023\/06\/vietnamese-768x768.png 768w, https:\/\/talkpal.ai\/wp-content\/uploads\/2023\/06\/vietnamese-300x300.png 300w\" \/>\r\n    \r\n\r\n    <\/figure>\r\n\r\n            <a class=\"getStartedVisible\" href=\"https:\/\/app.talkpal.ai\/signup?lng=\">Tosaigh<\/a>\r\n    \r\n<\/section>\r\n<section class=\"promotionalBanner\">\r\n    <p class=\"promotionalText\">An bealach is \u00e9ifeachta\u00ed le teanga a fhoghlaim<\/p>\r\n    <a class=\"promotionalLink\" href=\"https:\/\/app.talkpal.ai\/signup?lng=\">Bain triail as Talkpal saor in aisce<\/a>\r\n<\/section>\n<div class=\"wp-block-group pageContainerStyle\"><div class=\"wp-block-group__inner-container is-layout-constrained wp-block-group-is-layout-constrained\">\n<h2 class=\"wp-block-heading\" id=\"h-the-intricacies-of-vietnamese-grammar-an-engaging-exploration\">The Intricacies of Vietnamese Grammar: An Engaging Exploration<\/h2>\n\n\n\n<p>Cuireann an teanga V\u00edtneaimis, lena fr\u00e9amhacha doimhne stairi\u00fala agus a c\u00falra cult\u00fartha uath\u00fail, eachtra mhealltach do theangeolaithe agus d&#8217;fhoghlaimeoir\u00ed teanga araon. C\u00e9 go bhf\u00e9adfadh gramadach V\u00edtneaimis teacht chun cinn mar dh\u00fashl\u00e1n ar dt\u00fas, r\u00e9it\u00edonn a loighic shimpl\u00ed agus a chomhsheasmhacht an bealach d&#8217;eisp\u00e9ireas foghlama spreag\u00fail. Mar sin, brace yourself for an intriguing <a href=\"https:\/\/talkpal.ai\/culture\/language-evolution-the-german-linguistic-journey\/\">linguistic journey<\/a> as we delve into the peculiarities of <a href=\"https:\/\/talkpal.ai\/grammar\/second-conditional-in-vietnamese-grammar\/\">Vietnamese grammar<\/a>.<\/p>\n\n\n\n<h3 class=\"wp-block-heading\" id=\"h-1-the-alphabet-a-gift-from-the-past\">1. An Aib\u00edtir: Bronntanas \u00f3n am at\u00e1 thart<\/h3>\n\n\n\n<p>Tagann an aib\u00edtir V\u00edtneaimise, ina bhfuil 29 litir, go pr\u00edomha \u00f3n script Laidine, le t\u00fas na Portaing\u00e9ile agus na Fraince. A bhu\u00edochas leis an script Qu\u1ed1c Ng\u1eef, t\u00e1 an aib\u00edtir eolach agus inrochtana go h\u00e9asca do chainteoir\u00ed teangacha Laidine eile. Ligeann s\u00e9 seo pointe iontr\u00e1la r\u00e9idh do thosaitheoir\u00ed d\u00edri\u00fa ar fhuaimeanna uath\u00fala agus fuaimni\u00fa na teanga.<\/p>\n\n\n\n<h3 class=\"wp-block-heading\" id=\"h-2-tones-vietnamese-s-musical-notation\">2. Tones: Nodaireacht Ceoil V\u00edtneaimis<\/h3>\n\n\n\n<p>Is teanga ton\u00fail \u00ed an V\u00edtneaimis, ina bhfuil s\u00e9 thonn saini\u00fala a athra\u00edonn br\u00ed focal tr\u00ed mharcanna diacritici\u00fala \u00e9ags\u00fala a \u00fas\u00e1id. Is f\u00e9idir le m\u00e1istreacht a fh\u00e1il ar na toin sin a bheith d\u00fashl\u00e1nach, ach cuireann s\u00e9 ceoltacht agus nuance leis an teanga a fh\u00e1gann go bhfuil s\u00ed n\u00edos mealltacha f\u00f3s. D\u00e9anfaidh foighne agus cleachtas foirfe \u00e9, rud a ligfidh duit \u00e1illeacht s\u00e9iseach na V\u00edtneaimis a thuiscint go hioml\u00e1n.<\/p>\n\n\n\n<h3 class=\"wp-block-heading\" id=\"h-3-word-order-unraveling-the-vietnamese-sentence-structure\">3. Ord\u00fa focal: Strucht\u00far abairte V\u00edtneaimis a nochtadh<\/h3>\n\n\n\n<p>Ar \u00e1mhara\u00ed an tsaoil, t\u00e1 ord focal V\u00edtneaimis simpl\u00ed go leor, ag lean\u00faint an fhorm\u00e1id aitheanta Subject-Verb-Object (SVO). F\u00e1gann an strucht\u00far inrochtana seo go bhfuil s\u00e9 n\u00edos \u00e9asca do chainteoir\u00ed <a href=\"https:\/\/talkpal.ai\/learn-english-with-ai\/\">B\u00e9arla<\/a> abairt\u00ed a fhoirmi\u00fa i V\u00edtneaimis gan athr\u00fa m\u00f3r sa teangeola\u00edocht. T\u00f3g an sampla de &#8220;T\u00f4i y\u00eau Vi\u1ec7t Nam!&#8221; (Is bre\u00e1 liom V\u00edtneam!), \u00e1it a bhfuil t\u00f3g\u00e1lacha comhthreomhara ag an d\u00e1 theanga.<\/p>\n\n\n\n<h3 class=\"wp-block-heading\" id=\"h-4-no-more-plural-nouns-or-verb-conjugations\">4. No More Plural Nouns or Verb Conjugations<\/h3>\n\n\n\n<p>I V\u00edtneaimis, n\u00ed athra\u00edonn ainmfhocail a bhfoirm chun iolrachas a <a href=\"https:\/\/talkpal.ai\/locations\/language-courses-in-chur\/\">chur<\/a> in i\u00fal, agus fanann briathra comhsheasmhach beag beann ar aimsir n\u00f3 \u00e1bhar. C\u00e9 go bhf\u00e9adfadh s\u00e9 seo a bheith mearbhall ar dt\u00fas, d\u00e9anann s\u00e9 foghlaim rialacha gramada\u00ed a shimpli\u00fa go suntasach. Ina \u00e1it sin, soil\u00e9ir\u00edonn an comhth\u00e9acs agus \u00fas\u00e1id focail bhreise br\u00ed na habairte. Mar sin, breathe a sigh of relief as you bid farewell to the hassle of conjugation.<\/p>\n\n\n\n<h3 class=\"wp-block-heading\" id=\"h-5-immerse-yourself-in-the-vietnamese-mindset\">5. Tumadh t\u00fa f\u00e9in i meon V\u00edtneaimis<\/h3>\n\n\n\n<p>N\u00ed hamh\u00e1in go mbaineann foghlaim na V\u00edtneaimis le m\u00e1istreacht a dh\u00e9anamh ar a gramadach \u2013 t\u00e1 s\u00e9 freisin faoi ghlacadh leis na comhth\u00e9acsanna cult\u00fartha, stairi\u00fala agus s\u00f3isialta a mh\u00fanlaigh an teanga. T\u00e9igh i dteagmh\u00e1il le cainteoir\u00ed d\u00fachais, d\u00e9an ini\u00fachadh ar litr\u00edocht agus eala\u00edn V\u00edtneaimis, agus d\u00e9an iarracht ceangal a dh\u00e9anamh le luachanna agus n\u00f3sanna an n\u00e1isi\u00fain. N\u00ed hamh\u00e1in go gcuirfidh an cur chuige ioml\u00e1na\u00edoch seo le do chuid scileanna teanga ach cuirfidh s\u00e9 n\u00edos doimhne do thuiscint ar \u00e1illeacht ilghn\u00e9itheach V\u00edtneam.<\/p>\n\n\n\n<h3 class=\"wp-block-heading\" id=\"h-in-conclusion-relish-the-charm-of-vietnamese-grammar\">Mar fhocal scoir: Taitneamh a bhaint as charm gramada\u00ed V\u00edtneaimis<\/h3>\n\n\n\n<p>C\u00e9 go bhf\u00e9adfadh gramadach V\u00edtneaimis a bheith mearbhall ar an dromchla, tugann a strucht\u00far suimi\u00fail agus a simpl\u00edocht dh\u00edlis cuireadh d&#8217;fhoghlaimeoir\u00ed dul ar thuras teangeola\u00edoch luachmhar. De r\u00e9ir mar a th\u00e9ann t\u00fa isteach i saol na V\u00edtneaimse, beidh iontas ort ar \u00e1illeacht agus \u00e1illeacht a gramada\u00ed agus ar an taip\u00e9is chult\u00fartha saibhir a mh\u00fanlaigh an teanga thar na c\u00e9adta bliain. Mar sin, t\u00e9igh ar aghaidh agus d\u00e9an ini\u00fachadh ar iontais ghramada\u00ed V\u00edtneaimis agus t\u00fa ag nasclean\u00faint t\u00edrdhreach teangeola\u00edoch na teanga dra\u00edocht\u00fala seo.<\/p>\n<\/div><\/div>\n\r\n<section class=\"learnNavigationSection\">\r\n            \r\n        <a href=\"https:\/\/talkpal.ai\/ga\/foghlaim-vitneaimis\/\">\r\n            <div class=\"learnNavigationWrapper\">\r\n                <div class=\"learnNavigationContent\">\r\n                    <img decoding=\"async\" src=\"https:\/\/talkpal.ai\/wp-content\/uploads\/2024\/08\/Vietnamese.jpg\" alt=\"Vietnamise Flag\">\r\n                    <div>\r\n                        <h4>Maidir le Foghlaim V\u00edtneaimis<\/h4>\r\n                        <p>Faigh amach gach rud faoi ghramadach V\u00edtneaimis.<\/p>\r\n                    <\/div>\r\n                <\/div>\r\n            <\/div>\r\n        <\/a>\r\n\r\n        \r\n        <a href=\"https:\/\/talkpal.ai\/ga\/cleachtai-gramadai-vitneaimis\/\">\r\n            <div class=\"learnNavigationWrapper\">\r\n                <div class=\"learnNavigationContent\">\r\n                    <img decoding=\"async\" src=\"https:\/\/talkpal.ai\/wp-content\/uploads\/2024\/08\/Vietnamese.jpg\" alt=\"Vietnamise Flag\">\r\n                    <div>\r\n                        <h4>Cleachtadh Gramada\u00ed V\u00edtneaimis<\/h4>\r\n                        <p>Cleachtadh gramadach V\u00edtneaimis.<\/p>\r\n                    <\/div>\r\n                <\/div>\r\n            <\/div>\r\n        <\/a>\r\n\r\n        \r\n        <a href=\"https:\/\/talkpal.ai\/vocabulary_language\/vietnamese\/\">\r\n            <div class=\"learnNavigationWrapper\">\r\n                <div class=\"learnNavigationContent\">\r\n                    <img decoding=\"async\" src=\"https:\/\/talkpal.ai\/wp-content\/uploads\/2024\/08\/Vietnamese.jpg\" alt=\"Vietnamise Flag\">\r\n                    <div>\r\n                        <h4>St\u00f3r Focal V\u00edtneaimis<\/h4>\r\n                        <p>Leathnaigh do st\u00f3r focal V\u00edtneaimise.<\/p>\r\n                    <\/div>\r\n                <\/div>\r\n            <\/div>\r\n        <\/a>\r\n\r\n            <\/section>","protected":false},"excerpt":{"rendered":"<p>The Intricacies of Vietnamese Grammar: An Engaging Exploration Cuireann an teanga V\u00edtneaimis, lena fr\u00e9amhacha doimhne stairi\u00fala agus a c\u00falra cult\u00fartha uath\u00fail, eachtra mhealltach do theangeolaithe agus d&#8217;fhoghlaimeoir\u00ed teanga araon. C\u00e9 go bhf\u00e9adfadh gramadach V\u00edtneaimis teacht chun cinn mar dh\u00fashl\u00e1n ar dt\u00fas, r\u00e9it\u00edonn a loighic shimpl\u00ed agus a chomhsheasmhacht an bealach d&#8217;eisp\u00e9ireas foghlama spreag\u00fail. Mar sin, [&hellip;]<\/p>\n","protected":false},"author":1,"featured_media":1443669,"parent":0,"menu_order":0,"comment_status":"closed","ping_status":"closed","template":"LearningContentPage.php","meta":{"_acf_changed":false,"footnotes":""},"class_list":["post-1446684","page","type-page","status-publish","has-post-thumbnail","hentry"],"acf":[],"yoast_head":"<!-- This site is optimized with the Yoast SEO Premium plugin v27.2 (Yoast SEO v27.2) - https:\/\/yoast.com\/product\/yoast-seo-premium-wordpress\/ -->\n<title>Gramadach V\u00edtneaimis - Talkpal<\/title>\n<meta name=\"description\" content=\"D\u00e9an ini\u00fachadh ar na gn\u00e9ithe suimi\u00fala de ghramadach V\u00edtneaimis agus faigh amach an t-\u00e1thas a bhaineann le foghlaim na teanga uath\u00fail seo.\" \/>\n<meta name=\"robots\" content=\"index, follow, max-snippet:-1, max-image-preview:large, max-video-preview:-1\" \/>\n<link rel=\"canonical\" href=\"https:\/\/talkpal.ai\/ga\/gramadach-vitneaimis\/\" \/>\n<meta property=\"og:locale\" content=\"ga_IE\" \/>\n<meta property=\"og:type\" content=\"article\" \/>\n<meta property=\"og:title\" content=\"Gramadach V\u00edtneaimis\" \/>\n<meta property=\"og:description\" content=\"The Intricacies of Vietnamese Grammar: An Engaging Exploration Cuireann an teanga V\u00edtneaimis, lena fr\u00e9amhacha doimhne stairi\u00fala agus a c\u00falra cult\u00fartha\" \/>\n<meta property=\"og:url\" content=\"https:\/\/talkpal.ai\/ga\/gramadach-vitneaimis\/\" \/>\n<meta property=\"og:site_name\" content=\"Talkpal\" \/>\n<meta property=\"article:publisher\" content=\"https:\/\/www.facebook.com\/profile.php?id=100090733639311\" \/>\n<meta property=\"article:modified_time\" content=\"2025-12-12T10:56:07+00:00\" \/>\n<meta property=\"og:image\" content=\"https:\/\/talkpal.ai\/wp-content\/uploads\/2023\/05\/vietnam.png\" \/>\n\t<meta property=\"og:image:width\" content=\"512\" \/>\n\t<meta property=\"og:image:height\" content=\"512\" \/>\n\t<meta property=\"og:image:type\" content=\"image\/png\" \/>\n<meta name=\"twitter:card\" content=\"summary_large_image\" \/>\n<meta name=\"twitter:site\" content=\"@talkpalai\" \/>\n<meta name=\"twitter:label1\" content=\"Est. reading time\" \/>\n\t<meta name=\"twitter:data1\" content=\"3 minutes\" \/>\n<script type=\"application\/ld+json\" class=\"yoast-schema-graph\">{\"@context\":\"https:\/\/schema.org\",\"@graph\":[{\"@type\":\"WebPage\",\"@id\":\"https:\/\/talkpal.ai\/ga\/gramadach-vitneaimis\/\",\"url\":\"https:\/\/talkpal.ai\/ga\/gramadach-vitneaimis\/\",\"name\":\"Gramadach V\u00edtneaimis - Talkpal\",\"isPartOf\":{\"@id\":\"https:\/\/talkpal.ai\/ga\/#website\"},\"primaryImageOfPage\":{\"@id\":\"https:\/\/talkpal.ai\/ga\/gramadach-vitneaimis\/#primaryimage\"},\"image\":{\"@id\":\"https:\/\/talkpal.ai\/ga\/gramadach-vitneaimis\/#primaryimage\"},\"thumbnailUrl\":\"https:\/\/talkpal.ai\/wp-content\/uploads\/2023\/05\/vietnam.png\",\"datePublished\":\"2023-05-14T14:23:00+00:00\",\"dateModified\":\"2025-12-12T10:56:07+00:00\",\"description\":\"D\u00e9an ini\u00fachadh ar na gn\u00e9ithe suimi\u00fala de ghramadach V\u00edtneaimis agus faigh amach an t-\u00e1thas a bhaineann le foghlaim na teanga uath\u00fail seo.\",\"breadcrumb\":{\"@id\":\"https:\/\/talkpal.ai\/ga\/gramadach-vitneaimis\/#breadcrumb\"},\"inLanguage\":\"ga-IE\",\"potentialAction\":[{\"@type\":\"ReadAction\",\"target\":[\"https:\/\/talkpal.ai\/ga\/gramadach-vitneaimis\/\"]}]},{\"@type\":\"ImageObject\",\"inLanguage\":\"ga-IE\",\"@id\":\"https:\/\/talkpal.ai\/ga\/gramadach-vitneaimis\/#primaryimage\",\"url\":\"https:\/\/talkpal.ai\/wp-content\/uploads\/2023\/05\/vietnam.png\",\"contentUrl\":\"https:\/\/talkpal.ai\/wp-content\/uploads\/2023\/05\/vietnam.png\",\"width\":512,\"height\":512,\"caption\":\"TalkPal Vietnam Flag\"},{\"@type\":\"BreadcrumbList\",\"@id\":\"https:\/\/talkpal.ai\/ga\/gramadach-vitneaimis\/#breadcrumb\",\"itemListElement\":[{\"@type\":\"ListItem\",\"position\":1,\"name\":\"Homepage\",\"item\":\"https:\/\/talkpal.ai\/ga\/\"},{\"@type\":\"ListItem\",\"position\":2,\"name\":\"Gramadach V\u00edtneaimis\"}]},{\"@type\":\"WebSite\",\"@id\":\"https:\/\/talkpal.ai\/ga\/#website\",\"url\":\"https:\/\/talkpal.ai\/ga\/\",\"name\":\"Talkpal\",\"description\":\"AI Language Learning\",\"publisher\":{\"@id\":\"https:\/\/talkpal.ai\/ga\/#organization\"},\"alternateName\":\"Talkpal AI\",\"potentialAction\":[{\"@type\":\"SearchAction\",\"target\":{\"@type\":\"EntryPoint\",\"urlTemplate\":\"https:\/\/talkpal.ai\/ga\/?s={search_term_string}\"},\"query-input\":{\"@type\":\"PropertyValueSpecification\",\"valueRequired\":true,\"valueName\":\"search_term_string\"}}],\"inLanguage\":\"ga-IE\"},{\"@type\":\"Organization\",\"@id\":\"https:\/\/talkpal.ai\/ga\/#organization\",\"name\":\"Talkpal, Inc.\",\"alternateName\":\"Talkpal AI\",\"url\":\"https:\/\/talkpal.ai\/ga\/\",\"logo\":{\"@type\":\"ImageObject\",\"inLanguage\":\"ga-IE\",\"@id\":\"https:\/\/talkpal.ai\/ga\/#\/schema\/logo\/image\/\",\"url\":\"https:\/\/talkpal.ai\/wp-content\/uploads\/2024\/03\/Talkpal-Logo-Icon.png\",\"contentUrl\":\"https:\/\/talkpal.ai\/wp-content\/uploads\/2024\/03\/Talkpal-Logo-Icon.png\",\"width\":2880,\"height\":2880,\"caption\":\"Talkpal, Inc.\"},\"image\":{\"@id\":\"https:\/\/talkpal.ai\/ga\/#\/schema\/logo\/image\/\"},\"sameAs\":[\"https:\/\/www.facebook.com\/profile.php?id=100090733639311\",\"https:\/\/x.com\/talkpalai\",\"https:\/\/www.linkedin.com\/company\/talkpal\/\",\"https:\/\/www.youtube.com\/@TalkPal\/\",\"https:\/\/www.tiktok.com\/@talkpal\",\"https:\/\/www.instagram.com\/talkpal_ai\/\",\"https:\/\/www.crunchbase.com\/organization\/talkpal-9cde\",\"https:\/\/www.g2.com\/products\/talkpal-for-business\/\",\"https:\/\/www.trustpilot.com\/review\/talkpal.ai\",\"https:\/\/www.capterra.com\/p\/10006800\/TalkPal\/\"],\"description\":\"Talkpal is a language learning web and mobile education app, powered by the latest AI technologies, that provides engaging experiences to its customers in many different languages to help them improve their language skills. Users can chat about unlimited amount of topics with the app and use other modes to practice their language learning.\",\"email\":\"support@talkpal.ai\",\"legalName\":\"Talkpal, Inc.\",\"foundingDate\":\"2023-04-03\",\"duns\":\"118989042\",\"numberOfEmployees\":{\"@type\":\"QuantitativeValue\",\"minValue\":\"11\",\"maxValue\":\"50\"},\"publishingPrinciples\":\"https:\/\/talkpal.ai\/publishing-principles\/\",\"actionableFeedbackPolicy\":\"https:\/\/talkpal.ai\/actionable-feedback-policy\/\",\"correctionsPolicy\":\"https:\/\/talkpal.ai\/corrections-policy\/\",\"ethicsPolicy\":\"https:\/\/talkpal.ai\/ethics-policy\/\",\"diversityPolicy\":\"https:\/\/talkpal.ai\/diversity-policy\/\",\"diversityStaffingReport\":\"https:\/\/talkpal.ai\/diversity-policy\/\"}]}<\/script>\n<!-- \/ Yoast SEO Premium plugin. -->","yoast_head_json":{"title":"Gramadach V\u00edtneaimis - Talkpal","description":"D\u00e9an ini\u00fachadh ar na gn\u00e9ithe suimi\u00fala de ghramadach V\u00edtneaimis agus faigh amach an t-\u00e1thas a bhaineann le foghlaim na teanga uath\u00fail seo.","robots":{"index":"index","follow":"follow","max-snippet":"max-snippet:-1","max-image-preview":"max-image-preview:large","max-video-preview":"max-video-preview:-1"},"canonical":"https:\/\/talkpal.ai\/ga\/gramadach-vitneaimis\/","og_locale":"ga_IE","og_type":"article","og_title":"Gramadach V\u00edtneaimis","og_description":"The Intricacies of Vietnamese Grammar: An Engaging Exploration Cuireann an teanga V\u00edtneaimis, lena fr\u00e9amhacha doimhne stairi\u00fala agus a c\u00falra cult\u00fartha","og_url":"https:\/\/talkpal.ai\/ga\/gramadach-vitneaimis\/","og_site_name":"Talkpal","article_publisher":"https:\/\/www.facebook.com\/profile.php?id=100090733639311","article_modified_time":"2025-12-12T10:56:07+00:00","og_image":[{"width":512,"height":512,"url":"https:\/\/talkpal.ai\/wp-content\/uploads\/2023\/05\/vietnam.png","type":"image\/png"}],"twitter_card":"summary_large_image","twitter_site":"@talkpalai","twitter_misc":{"Est. reading time":"3 minutes"},"schema":{"@context":"https:\/\/schema.org","@graph":[{"@type":"WebPage","@id":"https:\/\/talkpal.ai\/ga\/gramadach-vitneaimis\/","url":"https:\/\/talkpal.ai\/ga\/gramadach-vitneaimis\/","name":"Gramadach V\u00edtneaimis - Talkpal","isPartOf":{"@id":"https:\/\/talkpal.ai\/ga\/#website"},"primaryImageOfPage":{"@id":"https:\/\/talkpal.ai\/ga\/gramadach-vitneaimis\/#primaryimage"},"image":{"@id":"https:\/\/talkpal.ai\/ga\/gramadach-vitneaimis\/#primaryimage"},"thumbnailUrl":"https:\/\/talkpal.ai\/wp-content\/uploads\/2023\/05\/vietnam.png","datePublished":"2023-05-14T14:23:00+00:00","dateModified":"2025-12-12T10:56:07+00:00","description":"D\u00e9an ini\u00fachadh ar na gn\u00e9ithe suimi\u00fala de ghramadach V\u00edtneaimis agus faigh amach an t-\u00e1thas a bhaineann le foghlaim na teanga uath\u00fail seo.","breadcrumb":{"@id":"https:\/\/talkpal.ai\/ga\/gramadach-vitneaimis\/#breadcrumb"},"inLanguage":"ga-IE","potentialAction":[{"@type":"ReadAction","target":["https:\/\/talkpal.ai\/ga\/gramadach-vitneaimis\/"]}]},{"@type":"ImageObject","inLanguage":"ga-IE","@id":"https:\/\/talkpal.ai\/ga\/gramadach-vitneaimis\/#primaryimage","url":"https:\/\/talkpal.ai\/wp-content\/uploads\/2023\/05\/vietnam.png","contentUrl":"https:\/\/talkpal.ai\/wp-content\/uploads\/2023\/05\/vietnam.png","width":512,"height":512,"caption":"TalkPal Vietnam Flag"},{"@type":"BreadcrumbList","@id":"https:\/\/talkpal.ai\/ga\/gramadach-vitneaimis\/#breadcrumb","itemListElement":[{"@type":"ListItem","position":1,"name":"Homepage","item":"https:\/\/talkpal.ai\/ga\/"},{"@type":"ListItem","position":2,"name":"Gramadach V\u00edtneaimis"}]},{"@type":"WebSite","@id":"https:\/\/talkpal.ai\/ga\/#website","url":"https:\/\/talkpal.ai\/ga\/","name":"Talkpal","description":"AI Language Learning","publisher":{"@id":"https:\/\/talkpal.ai\/ga\/#organization"},"alternateName":"Talkpal AI","potentialAction":[{"@type":"SearchAction","target":{"@type":"EntryPoint","urlTemplate":"https:\/\/talkpal.ai\/ga\/?s={search_term_string}"},"query-input":{"@type":"PropertyValueSpecification","valueRequired":true,"valueName":"search_term_string"}}],"inLanguage":"ga-IE"},{"@type":"Organization","@id":"https:\/\/talkpal.ai\/ga\/#organization","name":"Talkpal, Inc.","alternateName":"Talkpal AI","url":"https:\/\/talkpal.ai\/ga\/","logo":{"@type":"ImageObject","inLanguage":"ga-IE","@id":"https:\/\/talkpal.ai\/ga\/#\/schema\/logo\/image\/","url":"https:\/\/talkpal.ai\/wp-content\/uploads\/2024\/03\/Talkpal-Logo-Icon.png","contentUrl":"https:\/\/talkpal.ai\/wp-content\/uploads\/2024\/03\/Talkpal-Logo-Icon.png","width":2880,"height":2880,"caption":"Talkpal, Inc."},"image":{"@id":"https:\/\/talkpal.ai\/ga\/#\/schema\/logo\/image\/"},"sameAs":["https:\/\/www.facebook.com\/profile.php?id=100090733639311","https:\/\/x.com\/talkpalai","https:\/\/www.linkedin.com\/company\/talkpal\/","https:\/\/www.youtube.com\/@TalkPal\/","https:\/\/www.tiktok.com\/@talkpal","https:\/\/www.instagram.com\/talkpal_ai\/","https:\/\/www.crunchbase.com\/organization\/talkpal-9cde","https:\/\/www.g2.com\/products\/talkpal-for-business\/","https:\/\/www.trustpilot.com\/review\/talkpal.ai","https:\/\/www.capterra.com\/p\/10006800\/TalkPal\/"],"description":"Talkpal is a language learning web and mobile education app, powered by the latest AI technologies, that provides engaging experiences to its customers in many different languages to help them improve their language skills. Users can chat about unlimited amount of topics with the app and use other modes to practice their language learning.","email":"support@talkpal.ai","legalName":"Talkpal, Inc.","foundingDate":"2023-04-03","duns":"118989042","numberOfEmployees":{"@type":"QuantitativeValue","minValue":"11","maxValue":"50"},"publishingPrinciples":"https:\/\/talkpal.ai\/publishing-principles\/","actionableFeedbackPolicy":"https:\/\/talkpal.ai\/actionable-feedback-policy\/","correctionsPolicy":"https:\/\/talkpal.ai\/corrections-policy\/","ethicsPolicy":"https:\/\/talkpal.ai\/ethics-policy\/","diversityPolicy":"https:\/\/talkpal.ai\/diversity-policy\/","diversityStaffingReport":"https:\/\/talkpal.ai\/diversity-policy\/"}]}},"_links":{"self":[{"href":"https:\/\/talkpal.ai\/ga\/wp-json\/wp\/v2\/pages\/1446684","targetHints":{"allow":["GET"]}}],"collection":[{"href":"https:\/\/talkpal.ai\/ga\/wp-json\/wp\/v2\/pages"}],"about":[{"href":"https:\/\/talkpal.ai\/ga\/wp-json\/wp\/v2\/types\/page"}],"author":[{"embeddable":true,"href":"https:\/\/talkpal.ai\/ga\/wp-json\/wp\/v2\/users\/1"}],"replies":[{"embeddable":true,"href":"https:\/\/talkpal.ai\/ga\/wp-json\/wp\/v2\/comments?post=1446684"}],"version-history":[{"count":0,"href":"https:\/\/talkpal.ai\/ga\/wp-json\/wp\/v2\/pages\/1446684\/revisions"}],"wp:featuredmedia":[{"embeddable":true,"href":"https:\/\/talkpal.ai\/ga\/wp-json\/wp\/v2\/media\/1443669"}],"wp:attachment":[{"href":"https:\/\/talkpal.ai\/ga\/wp-json\/wp\/v2\/media?parent=1446684"}],"curies":[{"name":"wp","href":"https:\/\/api.w.org\/{rel}","templated":true}]}}