{"id":1446676,"date":"2023-05-14T14:24:42","date_gmt":"2023-05-14T14:24:42","guid":{"rendered":"https:\/\/talkpal.ai\/gramadach-na-tealainne\/"},"modified":"2025-12-13T15:48:13","modified_gmt":"2025-12-13T15:48:13","slug":"gramadach-na-tealainne","status":"publish","type":"page","link":"https:\/\/talkpal.ai\/ga\/gramadach-na-tealainne\/","title":{"rendered":"Gramadach na T\u00e9alainne"},"content":{"rendered":"\r\n\r\n\r\n<section class=\"languageChallengeSection\">\r\n    <div class=\"languageInfoWrapper\">\r\n        \r\n        <h1>Gramadach na T\u00e9alainne<\/h1>\r\n        <p>Foghlaim <a href=\"https:\/\/talkpal.ai\/grammar\/\">gramadach<\/a> na T\u00e9alainne agus taith\u00ed a fh\u00e1il ar \u00e1illeacht teanga at\u00e1 loighci\u00fail agus l\u00e9iritheach. Cuir t\u00fas le do thuras agus oscail an doras do bhealach suimi\u00fail smaointeoireachta agus labhartha!<\/p>\r\n\r\n                            <a class=\"getStartedHidden\" href=\"https:\/\/app.talkpal.ai\/signup?lng=\">Tosaigh<\/a>\r\n        \r\n    <\/div>\r\n\r\n    <figure>\r\n    <img decoding=\"async\" width=\"768\" height=\"768\" src=\"https:\/\/talkpal.ai\/wp-content\/uploads\/2023\/06\/thai-768x768.png\" class=\"languageImage no-lazy\" alt=\"Language learning for improved thought process\" fetchpriority=\"high\" sizes=\"(max-width: 768px) 150px, 768px\" srcset=\"https:\/\/talkpal.ai\/wp-content\/uploads\/2023\/06\/thai-768x768.png 768w, https:\/\/talkpal.ai\/wp-content\/uploads\/2023\/06\/thai-300x300.png 300w\" \/>\r\n    \r\n\r\n    <\/figure>\r\n\r\n            <a class=\"getStartedVisible\" href=\"https:\/\/app.talkpal.ai\/signup?lng=\">Tosaigh<\/a>\r\n    \r\n<\/section>\r\n<section class=\"promotionalBanner\">\r\n    <p class=\"promotionalText\">An bealach is \u00e9ifeachta\u00ed le teanga a fhoghlaim<\/p>\r\n    <a class=\"promotionalLink\" href=\"https:\/\/app.talkpal.ai\/signup?lng=\">Bain triail as Talkpal saor in aisce<\/a>\r\n<\/section>\n<div class=\"wp-block-group pageContainerStyle\"><div class=\"wp-block-group__inner-container is-layout-constrained wp-block-group-is-layout-constrained\">\n<h2 class=\"wp-block-heading\" id=\"h-thai-grammar-exploring-a-unique-linguistic-world\">Gramadach na T\u00e9alainne: Domhan Teangeola\u00edoch Uath\u00fail a Ini\u00fachadh<\/h2>\n\n\n\n<p><a href=\"https:\/\/talkpal.ai\/thai-grammar\/\">Gramadach T\u00e9alainnis<\/a> &#8211; cos\u00fail enigmatic, coimhth\u00edocha agus mealltach. Agus t\u00fa ag dul ar do thuras chun an teanga <a href=\"https:\/\/talkpal.ai\/learn-thai\/\">T\u00e9alainnis<\/a> a fhoghlaim, b&#8217;fh\u00e9idir go mbeidh t\u00fa faoi dhra\u00edocht gan choinne ag a <a href=\"https:\/\/talkpal.ai\/grammar\/\">gramadach<\/a>. N\u00e1 b\u00edodh eagla ort, a chomh-thaisc\u00e9alaithe teangeola\u00edochta! T\u00e1imid anseo chun treoir agus taca\u00edocht a thairiscint don eachtra iontach seo!<\/p>\n\n\n\n<p>San alt seo, d\u00e9anaimid l\u00e9argas ar na gn\u00e9ithe l\u00e1rnacha de ghramadach na T\u00e9alainne, ag briseadh s\u00edos pr\u00edomhchoincheapa, ag m\u00edni\u00fa rialacha, agus fi\u00fa ag simpli\u00fa na castachta\u00ed. B\u00ed linn agus muid ag ard\u00fa an veil ar ghramadach T\u00e9alainnis agus ag adhaint do phaisean don teanga iontach uath\u00fail seo!<\/p>\n\n\n\n<h3 class=\"wp-block-heading\" id=\"h-1-nouns-no-plurals-no-genders-no-worries\">1. Ainmfhocail: Gan iolra, gan inscne, gan imn\u00ed!<\/h3>\n\n\n\n<p>T\u00e1 \u00e1illeacht ghramada\u00ed na T\u00e9alainne ina simpl\u00edocht <a href=\"https:\/\/talkpal.ai\/ga\/maidir\/\">maidir<\/a> le hainmfhocail. N\u00edl foirmeacha inscne n\u00f3 iolra ag ainmfhocail na T\u00e9alainne, rud a fh\u00e1gann go bhfuil siad \u00e9asca le h\u00fas\u00e1id agus le tuiscint. Chun iolrachas a <a href=\"https:\/\/talkpal.ai\/locations\/language-courses-in-chur\/\">chur<\/a> in i\u00fal, n\u00edl le d\u00e9anamh agat ach focal cainn\u00edochta cos\u00fail le &#8220;many&#8221; (\u0e21\u0e32\u0e01, m\u00e2ak) n\u00f3 &#8220;some&#8221; (\u0e1a\u0e49\u0e32\u0e07, b\u00e2ang) a chur leis, n\u00f3 an t-ainmfhocal a athr\u00e1 chun b\u00e9im a leagan ar an bhr\u00ed iolra.<\/p>\n\n\n\n<h3 class=\"wp-block-heading\" id=\"h-2-pronouns-choose-wisely-based-on-politeness\">2. Forainmneacha: Roghnaigh go ciallmhar bunaithe ar bh\u00e9asacht<\/h3>\n\n\n\n<p>T\u00e1 s\u00e9 riachtanach an forainm cu\u00ed a roghn\u00fa i ngramadach na T\u00e9alainne chun meas agus umhla\u00edocht a thaispe\u00e1int. Athra\u00edonn forainmneacha T\u00e9alainnis bunaithe ar inscne, aois agus caidreamh an chainteora agus an \u00e9isteora. Mar shampla, is forainm neamhfhoirmi\u00fail coitianta den ch\u00e9ad duine \u00e9 &#8220;\u0e09\u0e31\u0e19&#8221; (ch\u0103n), agus is minic a \u00fas\u00e1ideann fir &#8220;\u0e1c\u0e21&#8221; (p\u014fm) i gc\u00e1sanna n\u00edos foirmi\u00fala.<\/p>\n\n\n\n<p>Chun bot\u00fan a dh\u00e9anamh ar thaobh na dea-bh\u00e9asa, bain \u00fas\u00e1id as &#8220;\u0e04\u0e38\u0e13&#8221; (kun) le haghaidh &#8220;t\u00fa&#8221; agus &#8220;\u0e40\u0e02\u0e32&#8221; (k\u0103o) le haghaidh &#8220;s\u00e9 \/ s\u00ed \/ siad.&#8221;<\/p>\n\n\n\n<h3 class=\"wp-block-heading\" id=\"h-3-verbs-no-conjugation-or-tenses-only-particles\">3. Briathra: Gan aon chomhchuingi\u00fa n\u00f3 aims\u00ed, ach c\u00e1ithn\u00edn\u00ed<\/h3>\n\n\n\n<p>I ngramadach na T\u00e9alainne, fanann briathra gan athr\u00fa beag beann ar aimsir, gi\u00famar, n\u00f3 \u00e1bhar. Ina \u00e1it sin, braitheann an T\u00e9alainnis ar fhocail shimpl\u00ed ar a dtugtar c\u00e1ithn\u00edn\u00ed chun aimsir n\u00f3 dearcadh na habairte a l\u00e9iri\u00fa. Cuirtear na c\u00e1ithn\u00edn\u00ed seo ag deireadh na habairte.<\/p>\n\n\n\n<p>Mar shampla, l\u00e9ir\u00edonn an c\u00e1ithn\u00edn &#8220;\u0e41\u0e25\u0e49\u0e27&#8221; (l\u00e1ew) gn\u00edomh aimsir anuas n\u00f3 gn\u00edomh cr\u00edochnaithe, agus \u00fas\u00e1idtear &#8220;\u0e01\u0e4d\u0e32\u0e25\u0e31\u0e07&#8221; (gam-lang) le haghaidh gn\u00edomhartha ar si\u00fal. D\u00e1 bhr\u00ed sin, cialla\u00edonn &#8220;\u0e40\u0e02\u0e32\u0e01\u0e34\u0e19&#8221; (k\u0103o gin) &#8220;itheann s\u00e9 \/ s\u00ed,&#8221; agus cialla\u00edonn &#8220;\u0e40\u0e02\u0e32\u0e01\u0e34\u0e19\u0e41\u0e25\u0e49\u0e27&#8221; (k\u0103o gin l\u00e1ew) &#8220;d&#8217;ith s\u00e9 \/ s\u00ed.&#8221;<\/p>\n\n\n\n<h3 class=\"wp-block-heading\" id=\"h-4-sentence-structure-clear-and-straightforward\">4. Strucht\u00far na habairte: soil\u00e9ir agus simpl\u00ed<\/h3>\n\n\n\n<p>Leanann gramadach na T\u00e9alainne strucht\u00far abairte Subject-Verb-Object (SVO), cos\u00fail leis an mB\u00e9arla, a shimplia\u00edonn tuiscint do chainteoir\u00ed <a href=\"https:\/\/talkpal.ai\/learn-english-with-ai\/\">B\u00e9arla<\/a>. Is \u00e9 an pr\u00edomhriail n\u00e1 go leanann aidiacht, adverbs, agus focail thuairisci\u00fala eile an t-ainmfhocal n\u00f3 an briathar a thuairisc\u00edonn siad.<\/p>\n\n\n\n<p>Mar shampla, aistr\u00edonn &#8220;\u0e1c\u0e21\u0e0a\u0e2d\u0e1a\u0e2b\u0e19\u0e31\u0e07\u0e2a\u0e37\u0e2d\u0e19\u0e35\u0e49&#8221; (p\u014fm ch\u00e2wp n\u0103ng s\u011bu n\u00e9e) go &#8220;I (subject) like (verb) this book (object).&#8221;<\/p>\n\n\n\n<h3 class=\"wp-block-heading\" id=\"h-5-immerse-yourself-in-thai-practice-makes-perfect\">5. Tumadh t\u00fa f\u00e9in sa T\u00e9alainnis: D\u00e9anann Cleachtas Foirfe<\/h3>\n\n\n\n<p>D&#8217;fh\u00e9adfadh s\u00e9 go mbeadh s\u00e9 d\u00fashl\u00e1nach ar dt\u00fas go bhfuil s\u00e9 d\u00fashl\u00e1nach <a href=\"https:\/\/talkpal.ai\/thai-grammar\/\">gramadach T\u00e9alainnis<\/a> a thuiscint agus a mh\u00e1istir, ach is \u00ed an eochair n\u00e1 buanseasmhacht agus cleachtas comhsheasmhach. Engage all your senses by immersing yourself in the language, reading, writing, listening, and conversing with native speakers. D\u00e1 mh\u00e9ad nochtadh at\u00e1 agat do ghramadach na T\u00e9alainne, is m\u00f3 a bhraitheann na coincheapa coimhth\u00edocha seo eolach agus compordach.<\/p>\n\n\n\n<p>Mar sin, an bhfuil t\u00fa r\u00e9idh le tumadh isteach i ndomhan suimi\u00fail gramada\u00ed na T\u00e9alainne? Glac leis an d\u00fashl\u00e1n agus na tr\u00e9ithe uath\u00fala de ghramada\u00ed T\u00e9alainnis agus, le ham, d\u00fathracht, agus tuiscint ar eachtra\u00edocht, is f\u00e9idir leat \u00e1illeacht captivating na teanga T\u00e9alainnis a dh\u00edghlas\u00e1il.<\/p>\n<\/div><\/div>\n\r\n<section class=\"learnNavigationSection\">\r\n            \r\n        <a href=\"https:\/\/talkpal.ai\/ga\/foghlaim-tealainnis\/\">\r\n            <div class=\"learnNavigationWrapper\">\r\n                <div class=\"learnNavigationContent\">\r\n                    <img decoding=\"async\" src=\"https:\/\/talkpal.ai\/wp-content\/uploads\/2024\/08\/Thai.jpg\" alt=\"Thai Flag\">\r\n                    <div>\r\n                        <h4>Maidir le Foghlaim T\u00e9alainnis<\/h4>\r\n                        <p>Faigh amach gach rud faoi ghramadach na T\u00e9alainne.<\/p>\r\n                    <\/div>\r\n                <\/div>\r\n            <\/div>\r\n        <\/a>\r\n\r\n        \r\n        <a href=\"https:\/\/talkpal.ai\/ga\/cleachtai-gramadai-na-tealainne\/\">\r\n            <div class=\"learnNavigationWrapper\">\r\n                <div class=\"learnNavigationContent\">\r\n                    <img decoding=\"async\" src=\"https:\/\/talkpal.ai\/wp-content\/uploads\/2024\/08\/Thai.jpg\" alt=\"Thai Flag\">\r\n                    <div>\r\n                        <h4>Cleachtadh Gramada\u00ed T\u00e9alainnis<\/h4>\r\n                        <p>Cleachtadh gramadach T\u00e9alainnis.<\/p>\r\n                    <\/div>\r\n                <\/div>\r\n            <\/div>\r\n        <\/a>\r\n\r\n        \r\n        <a href=\"https:\/\/talkpal.ai\/vocabulary_language\/thai\/\">\r\n            <div class=\"learnNavigationWrapper\">\r\n                <div class=\"learnNavigationContent\">\r\n                    <img decoding=\"async\" src=\"https:\/\/talkpal.ai\/wp-content\/uploads\/2024\/08\/Thai.jpg\" alt=\"Thai Flag\">\r\n                    <div>\r\n                        <h4>St\u00f3r Focal T\u00e9alainnis<\/h4>\r\n                        <p>Leathnaigh do st\u00f3r focal T\u00e9alainnis.<\/p>\r\n                    <\/div>\r\n                <\/div>\r\n            <\/div>\r\n        <\/a>\r\n\r\n            <\/section>","protected":false},"excerpt":{"rendered":"<p>Gramadach na T\u00e9alainne: Domhan Teangeola\u00edoch Uath\u00fail a Ini\u00fachadh Gramadach T\u00e9alainnis &#8211; cos\u00fail enigmatic, coimhth\u00edocha agus mealltach. Agus t\u00fa ag dul ar do thuras chun an teanga T\u00e9alainnis a fhoghlaim, b&#8217;fh\u00e9idir go mbeidh t\u00fa faoi dhra\u00edocht gan choinne ag a gramadach. N\u00e1 b\u00edodh eagla ort, a chomh-thaisc\u00e9alaithe teangeola\u00edochta! T\u00e1imid anseo chun treoir agus taca\u00edocht a thairiscint [&hellip;]<\/p>\n","protected":false},"author":1,"featured_media":1443654,"parent":0,"menu_order":0,"comment_status":"closed","ping_status":"closed","template":"LearningContentPage.php","meta":{"_acf_changed":false,"footnotes":""},"class_list":["post-1446676","page","type-page","status-publish","has-post-thumbnail","hentry"],"acf":[],"yoast_head":"<!-- This site is optimized with the Yoast SEO Premium plugin v27.2 (Yoast SEO v27.2) - https:\/\/yoast.com\/product\/yoast-seo-premium-wordpress\/ -->\n<title>Gramadach na T\u00e9alainne - Talkpal<\/title>\n<meta name=\"description\" content=\"D\u00e9an ini\u00fachadh ar shaol suimi\u00fail ghramada\u00ed na T\u00e9alainne. Faigh amach a simpl\u00edocht agus a ghn\u00e9ithe uath\u00fala a fh\u00e1gann go bhfuil an fhoghlaim taitneamhach.\" \/>\n<meta name=\"robots\" content=\"index, follow, max-snippet:-1, max-image-preview:large, max-video-preview:-1\" \/>\n<link rel=\"canonical\" href=\"https:\/\/talkpal.ai\/ga\/gramadach-na-tealainne\/\" \/>\n<meta property=\"og:locale\" content=\"ga_IE\" \/>\n<meta property=\"og:type\" content=\"article\" \/>\n<meta property=\"og:title\" content=\"Gramadach na T\u00e9alainne\" \/>\n<meta property=\"og:description\" content=\"Gramadach na T\u00e9alainne: Domhan Teangeola\u00edoch Uath\u00fail a Ini\u00fachadh Gramadach T\u00e9alainnis - cos\u00fail enigmatic, coimhth\u00edocha agus mealltach. Agus t\u00fa ag dul ar\" \/>\n<meta property=\"og:url\" content=\"https:\/\/talkpal.ai\/ga\/gramadach-na-tealainne\/\" \/>\n<meta property=\"og:site_name\" content=\"Talkpal\" \/>\n<meta property=\"article:publisher\" content=\"https:\/\/www.facebook.com\/profile.php?id=100090733639311\" \/>\n<meta property=\"article:modified_time\" content=\"2025-12-13T15:48:13+00:00\" \/>\n<meta property=\"og:image\" content=\"https:\/\/talkpal.ai\/wp-content\/uploads\/2023\/05\/thailand.png\" \/>\n\t<meta property=\"og:image:width\" content=\"512\" \/>\n\t<meta property=\"og:image:height\" content=\"512\" \/>\n\t<meta property=\"og:image:type\" content=\"image\/png\" \/>\n<meta name=\"twitter:card\" content=\"summary_large_image\" \/>\n<meta name=\"twitter:site\" content=\"@talkpalai\" \/>\n<meta name=\"twitter:label1\" content=\"Est. reading time\" \/>\n\t<meta name=\"twitter:data1\" content=\"3 minutes\" \/>\n<script type=\"application\/ld+json\" class=\"yoast-schema-graph\">{\"@context\":\"https:\/\/schema.org\",\"@graph\":[{\"@type\":\"WebPage\",\"@id\":\"https:\/\/talkpal.ai\/ga\/gramadach-na-tealainne\/\",\"url\":\"https:\/\/talkpal.ai\/ga\/gramadach-na-tealainne\/\",\"name\":\"Gramadach na T\u00e9alainne - Talkpal\",\"isPartOf\":{\"@id\":\"https:\/\/talkpal.ai\/ga\/#website\"},\"primaryImageOfPage\":{\"@id\":\"https:\/\/talkpal.ai\/ga\/gramadach-na-tealainne\/#primaryimage\"},\"image\":{\"@id\":\"https:\/\/talkpal.ai\/ga\/gramadach-na-tealainne\/#primaryimage\"},\"thumbnailUrl\":\"https:\/\/talkpal.ai\/wp-content\/uploads\/2023\/05\/thailand.png\",\"datePublished\":\"2023-05-14T14:24:42+00:00\",\"dateModified\":\"2025-12-13T15:48:13+00:00\",\"description\":\"D\u00e9an ini\u00fachadh ar shaol suimi\u00fail ghramada\u00ed na T\u00e9alainne. Faigh amach a simpl\u00edocht agus a ghn\u00e9ithe uath\u00fala a fh\u00e1gann go bhfuil an fhoghlaim taitneamhach.\",\"breadcrumb\":{\"@id\":\"https:\/\/talkpal.ai\/ga\/gramadach-na-tealainne\/#breadcrumb\"},\"inLanguage\":\"ga-IE\",\"potentialAction\":[{\"@type\":\"ReadAction\",\"target\":[\"https:\/\/talkpal.ai\/ga\/gramadach-na-tealainne\/\"]}]},{\"@type\":\"ImageObject\",\"inLanguage\":\"ga-IE\",\"@id\":\"https:\/\/talkpal.ai\/ga\/gramadach-na-tealainne\/#primaryimage\",\"url\":\"https:\/\/talkpal.ai\/wp-content\/uploads\/2023\/05\/thailand.png\",\"contentUrl\":\"https:\/\/talkpal.ai\/wp-content\/uploads\/2023\/05\/thailand.png\",\"width\":512,\"height\":512,\"caption\":\"TalkPal Thailand Flag\"},{\"@type\":\"BreadcrumbList\",\"@id\":\"https:\/\/talkpal.ai\/ga\/gramadach-na-tealainne\/#breadcrumb\",\"itemListElement\":[{\"@type\":\"ListItem\",\"position\":1,\"name\":\"Homepage\",\"item\":\"https:\/\/talkpal.ai\/ga\/\"},{\"@type\":\"ListItem\",\"position\":2,\"name\":\"Gramadach na T\u00e9alainne\"}]},{\"@type\":\"WebSite\",\"@id\":\"https:\/\/talkpal.ai\/ga\/#website\",\"url\":\"https:\/\/talkpal.ai\/ga\/\",\"name\":\"Talkpal\",\"description\":\"AI Language Learning\",\"publisher\":{\"@id\":\"https:\/\/talkpal.ai\/ga\/#organization\"},\"alternateName\":\"Talkpal AI\",\"potentialAction\":[{\"@type\":\"SearchAction\",\"target\":{\"@type\":\"EntryPoint\",\"urlTemplate\":\"https:\/\/talkpal.ai\/ga\/?s={search_term_string}\"},\"query-input\":{\"@type\":\"PropertyValueSpecification\",\"valueRequired\":true,\"valueName\":\"search_term_string\"}}],\"inLanguage\":\"ga-IE\"},{\"@type\":\"Organization\",\"@id\":\"https:\/\/talkpal.ai\/ga\/#organization\",\"name\":\"Talkpal, Inc.\",\"alternateName\":\"Talkpal AI\",\"url\":\"https:\/\/talkpal.ai\/ga\/\",\"logo\":{\"@type\":\"ImageObject\",\"inLanguage\":\"ga-IE\",\"@id\":\"https:\/\/talkpal.ai\/ga\/#\/schema\/logo\/image\/\",\"url\":\"https:\/\/talkpal.ai\/wp-content\/uploads\/2024\/03\/Talkpal-Logo-Icon.png\",\"contentUrl\":\"https:\/\/talkpal.ai\/wp-content\/uploads\/2024\/03\/Talkpal-Logo-Icon.png\",\"width\":2880,\"height\":2880,\"caption\":\"Talkpal, Inc.\"},\"image\":{\"@id\":\"https:\/\/talkpal.ai\/ga\/#\/schema\/logo\/image\/\"},\"sameAs\":[\"https:\/\/www.facebook.com\/profile.php?id=100090733639311\",\"https:\/\/x.com\/talkpalai\",\"https:\/\/www.linkedin.com\/company\/talkpal\/\",\"https:\/\/www.youtube.com\/@TalkPal\/\",\"https:\/\/www.tiktok.com\/@talkpal\",\"https:\/\/www.instagram.com\/talkpal_ai\/\",\"https:\/\/www.crunchbase.com\/organization\/talkpal-9cde\",\"https:\/\/www.g2.com\/products\/talkpal-for-business\/\",\"https:\/\/www.trustpilot.com\/review\/talkpal.ai\",\"https:\/\/www.capterra.com\/p\/10006800\/TalkPal\/\"],\"description\":\"Talkpal is a language learning web and mobile education app, powered by the latest AI technologies, that provides engaging experiences to its customers in many different languages to help them improve their language skills. Users can chat about unlimited amount of topics with the app and use other modes to practice their language learning.\",\"email\":\"support@talkpal.ai\",\"legalName\":\"Talkpal, Inc.\",\"foundingDate\":\"2023-04-03\",\"duns\":\"118989042\",\"numberOfEmployees\":{\"@type\":\"QuantitativeValue\",\"minValue\":\"11\",\"maxValue\":\"50\"},\"publishingPrinciples\":\"https:\/\/talkpal.ai\/publishing-principles\/\",\"actionableFeedbackPolicy\":\"https:\/\/talkpal.ai\/actionable-feedback-policy\/\",\"correctionsPolicy\":\"https:\/\/talkpal.ai\/corrections-policy\/\",\"ethicsPolicy\":\"https:\/\/talkpal.ai\/ethics-policy\/\",\"diversityPolicy\":\"https:\/\/talkpal.ai\/diversity-policy\/\",\"diversityStaffingReport\":\"https:\/\/talkpal.ai\/diversity-policy\/\"}]}<\/script>\n<!-- \/ Yoast SEO Premium plugin. -->","yoast_head_json":{"title":"Gramadach na T\u00e9alainne - Talkpal","description":"D\u00e9an ini\u00fachadh ar shaol suimi\u00fail ghramada\u00ed na T\u00e9alainne. Faigh amach a simpl\u00edocht agus a ghn\u00e9ithe uath\u00fala a fh\u00e1gann go bhfuil an fhoghlaim taitneamhach.","robots":{"index":"index","follow":"follow","max-snippet":"max-snippet:-1","max-image-preview":"max-image-preview:large","max-video-preview":"max-video-preview:-1"},"canonical":"https:\/\/talkpal.ai\/ga\/gramadach-na-tealainne\/","og_locale":"ga_IE","og_type":"article","og_title":"Gramadach na T\u00e9alainne","og_description":"Gramadach na T\u00e9alainne: Domhan Teangeola\u00edoch Uath\u00fail a Ini\u00fachadh Gramadach T\u00e9alainnis - cos\u00fail enigmatic, coimhth\u00edocha agus mealltach. Agus t\u00fa ag dul ar","og_url":"https:\/\/talkpal.ai\/ga\/gramadach-na-tealainne\/","og_site_name":"Talkpal","article_publisher":"https:\/\/www.facebook.com\/profile.php?id=100090733639311","article_modified_time":"2025-12-13T15:48:13+00:00","og_image":[{"width":512,"height":512,"url":"https:\/\/talkpal.ai\/wp-content\/uploads\/2023\/05\/thailand.png","type":"image\/png"}],"twitter_card":"summary_large_image","twitter_site":"@talkpalai","twitter_misc":{"Est. reading time":"3 minutes"},"schema":{"@context":"https:\/\/schema.org","@graph":[{"@type":"WebPage","@id":"https:\/\/talkpal.ai\/ga\/gramadach-na-tealainne\/","url":"https:\/\/talkpal.ai\/ga\/gramadach-na-tealainne\/","name":"Gramadach na T\u00e9alainne - Talkpal","isPartOf":{"@id":"https:\/\/talkpal.ai\/ga\/#website"},"primaryImageOfPage":{"@id":"https:\/\/talkpal.ai\/ga\/gramadach-na-tealainne\/#primaryimage"},"image":{"@id":"https:\/\/talkpal.ai\/ga\/gramadach-na-tealainne\/#primaryimage"},"thumbnailUrl":"https:\/\/talkpal.ai\/wp-content\/uploads\/2023\/05\/thailand.png","datePublished":"2023-05-14T14:24:42+00:00","dateModified":"2025-12-13T15:48:13+00:00","description":"D\u00e9an ini\u00fachadh ar shaol suimi\u00fail ghramada\u00ed na T\u00e9alainne. Faigh amach a simpl\u00edocht agus a ghn\u00e9ithe uath\u00fala a fh\u00e1gann go bhfuil an fhoghlaim taitneamhach.","breadcrumb":{"@id":"https:\/\/talkpal.ai\/ga\/gramadach-na-tealainne\/#breadcrumb"},"inLanguage":"ga-IE","potentialAction":[{"@type":"ReadAction","target":["https:\/\/talkpal.ai\/ga\/gramadach-na-tealainne\/"]}]},{"@type":"ImageObject","inLanguage":"ga-IE","@id":"https:\/\/talkpal.ai\/ga\/gramadach-na-tealainne\/#primaryimage","url":"https:\/\/talkpal.ai\/wp-content\/uploads\/2023\/05\/thailand.png","contentUrl":"https:\/\/talkpal.ai\/wp-content\/uploads\/2023\/05\/thailand.png","width":512,"height":512,"caption":"TalkPal Thailand Flag"},{"@type":"BreadcrumbList","@id":"https:\/\/talkpal.ai\/ga\/gramadach-na-tealainne\/#breadcrumb","itemListElement":[{"@type":"ListItem","position":1,"name":"Homepage","item":"https:\/\/talkpal.ai\/ga\/"},{"@type":"ListItem","position":2,"name":"Gramadach na T\u00e9alainne"}]},{"@type":"WebSite","@id":"https:\/\/talkpal.ai\/ga\/#website","url":"https:\/\/talkpal.ai\/ga\/","name":"Talkpal","description":"AI Language Learning","publisher":{"@id":"https:\/\/talkpal.ai\/ga\/#organization"},"alternateName":"Talkpal AI","potentialAction":[{"@type":"SearchAction","target":{"@type":"EntryPoint","urlTemplate":"https:\/\/talkpal.ai\/ga\/?s={search_term_string}"},"query-input":{"@type":"PropertyValueSpecification","valueRequired":true,"valueName":"search_term_string"}}],"inLanguage":"ga-IE"},{"@type":"Organization","@id":"https:\/\/talkpal.ai\/ga\/#organization","name":"Talkpal, Inc.","alternateName":"Talkpal AI","url":"https:\/\/talkpal.ai\/ga\/","logo":{"@type":"ImageObject","inLanguage":"ga-IE","@id":"https:\/\/talkpal.ai\/ga\/#\/schema\/logo\/image\/","url":"https:\/\/talkpal.ai\/wp-content\/uploads\/2024\/03\/Talkpal-Logo-Icon.png","contentUrl":"https:\/\/talkpal.ai\/wp-content\/uploads\/2024\/03\/Talkpal-Logo-Icon.png","width":2880,"height":2880,"caption":"Talkpal, Inc."},"image":{"@id":"https:\/\/talkpal.ai\/ga\/#\/schema\/logo\/image\/"},"sameAs":["https:\/\/www.facebook.com\/profile.php?id=100090733639311","https:\/\/x.com\/talkpalai","https:\/\/www.linkedin.com\/company\/talkpal\/","https:\/\/www.youtube.com\/@TalkPal\/","https:\/\/www.tiktok.com\/@talkpal","https:\/\/www.instagram.com\/talkpal_ai\/","https:\/\/www.crunchbase.com\/organization\/talkpal-9cde","https:\/\/www.g2.com\/products\/talkpal-for-business\/","https:\/\/www.trustpilot.com\/review\/talkpal.ai","https:\/\/www.capterra.com\/p\/10006800\/TalkPal\/"],"description":"Talkpal is a language learning web and mobile education app, powered by the latest AI technologies, that provides engaging experiences to its customers in many different languages to help them improve their language skills. Users can chat about unlimited amount of topics with the app and use other modes to practice their language learning.","email":"support@talkpal.ai","legalName":"Talkpal, Inc.","foundingDate":"2023-04-03","duns":"118989042","numberOfEmployees":{"@type":"QuantitativeValue","minValue":"11","maxValue":"50"},"publishingPrinciples":"https:\/\/talkpal.ai\/publishing-principles\/","actionableFeedbackPolicy":"https:\/\/talkpal.ai\/actionable-feedback-policy\/","correctionsPolicy":"https:\/\/talkpal.ai\/corrections-policy\/","ethicsPolicy":"https:\/\/talkpal.ai\/ethics-policy\/","diversityPolicy":"https:\/\/talkpal.ai\/diversity-policy\/","diversityStaffingReport":"https:\/\/talkpal.ai\/diversity-policy\/"}]}},"_links":{"self":[{"href":"https:\/\/talkpal.ai\/ga\/wp-json\/wp\/v2\/pages\/1446676","targetHints":{"allow":["GET"]}}],"collection":[{"href":"https:\/\/talkpal.ai\/ga\/wp-json\/wp\/v2\/pages"}],"about":[{"href":"https:\/\/talkpal.ai\/ga\/wp-json\/wp\/v2\/types\/page"}],"author":[{"embeddable":true,"href":"https:\/\/talkpal.ai\/ga\/wp-json\/wp\/v2\/users\/1"}],"replies":[{"embeddable":true,"href":"https:\/\/talkpal.ai\/ga\/wp-json\/wp\/v2\/comments?post=1446676"}],"version-history":[{"count":0,"href":"https:\/\/talkpal.ai\/ga\/wp-json\/wp\/v2\/pages\/1446676\/revisions"}],"wp:featuredmedia":[{"embeddable":true,"href":"https:\/\/talkpal.ai\/ga\/wp-json\/wp\/v2\/media\/1443654"}],"wp:attachment":[{"href":"https:\/\/talkpal.ai\/ga\/wp-json\/wp\/v2\/media?parent=1446676"}],"curies":[{"name":"wp","href":"https:\/\/api.w.org\/{rel}","templated":true}]}}