{"id":1446670,"date":"2023-05-14T14:25:05","date_gmt":"2023-05-14T14:25:05","guid":{"rendered":"https:\/\/talkpal.ai\/gramadach-svahailis\/"},"modified":"2025-12-13T15:52:00","modified_gmt":"2025-12-13T15:52:00","slug":"gramadach-svahailis","status":"publish","type":"page","link":"https:\/\/talkpal.ai\/ga\/gramadach-svahailis\/","title":{"rendered":"Gramadach Svaha\u00edlis"},"content":{"rendered":"\r\n\r\n\r\n<section class=\"languageChallengeSection\">\r\n    <div class=\"languageInfoWrapper\">\r\n        \r\n        <h1>Gramadach Svaha\u00edlis<\/h1>\r\n        <p>D\u00edghlas\u00e1il r\u00fain ghramada\u00ed <a href=\"https:\/\/talkpal.ai\/learn-swahili\/\">Svaha\u00edlis<\/a> agus treisi\u00fa do scileanna teanga le ceachtanna tarraingteacha agus sampla\u00ed f\u00edor-saoil. L\u00e9im isteach i bunghn\u00e9ithe strucht\u00far abairte, patr\u00fain briathra, agus rialacha gramada\u00ed riachtanacha. Cleachtadh an m\u00e9id a fhoghlaim\u00edonn t\u00fa le cleachta\u00ed idirghn\u00edomhacha at\u00e1 deartha chun do thuiscint a threisi\u00fa. Tosaigh ag m\u00e1istreacht <a href=\"https:\/\/talkpal.ai\/swahili-grammar\/\">gramadach Svaha\u00edlis<\/a> inniu agus d\u00e9an cumars\u00e1id n\u00edos muin\u00edn\u00ed!<\/p>\r\n\r\n                            <a class=\"getStartedHidden\" href=\"https:\/\/app.talkpal.ai\/signup?lng=\">Tosaigh<\/a>\r\n        \r\n    <\/div>\r\n\r\n    <figure>\r\n    <img decoding=\"async\" width=\"768\" height=\"768\" src=\"https:\/\/talkpal.ai\/wp-content\/uploads\/2023\/06\/Swahili-768x768.png\" class=\"languageImage no-lazy\" alt=\"Secrets to master language learning\" fetchpriority=\"high\" sizes=\"(max-width: 768px) 150px, 768px\" srcset=\"https:\/\/talkpal.ai\/wp-content\/uploads\/2023\/06\/Swahili-768x768.png 768w, https:\/\/talkpal.ai\/wp-content\/uploads\/2023\/06\/Swahili-300x300.png 300w\" \/>\r\n    \r\n\r\n    <\/figure>\r\n\r\n            <a class=\"getStartedVisible\" href=\"https:\/\/app.talkpal.ai\/signup?lng=\">Tosaigh<\/a>\r\n    \r\n<\/section>\r\n<section class=\"promotionalBanner\">\r\n    <p class=\"promotionalText\">An bealach is \u00e9ifeachta\u00ed le teanga a fhoghlaim<\/p>\r\n    <a class=\"promotionalLink\" href=\"https:\/\/app.talkpal.ai\/signup?lng=\">Bain triail as Talkpal saor in aisce<\/a>\r\n<\/section>\n<div class=\"wp-block-group pageContainerStyle\"><div class=\"wp-block-group__inner-container is-layout-constrained wp-block-group-is-layout-constrained\">\n<h2 class=\"wp-block-heading\" id=\"h-swahili-grammar-demystifying-the-linguistic-adventure\">Gramadach Svaha\u00edlis: Demystifying the Linguistic Adventure<\/h2>\n\n\n\n<p><a href=\"https:\/\/talkpal.ai\/grammar\/\">Gramadach<\/a> Svaha\u00edlis \u2013 cuireadh ach enigmatic, sreabhach ach suimi\u00fail, br\u00edomhar ach suimi\u00fail. Agus t\u00fa ag tabhairt faoi do thuras teangeola\u00edoch isteach sa teanga Svaha\u00edlis, b&#8217;fh\u00e9idir go dtiocfaidh measc\u00e1n de sp\u00e9is agus \u00e9iginnteacht ort. N\u00e1 b\u00edodh imn\u00ed ort, a chomhghleacaithe teanga! T\u00e1imid anseo chun cabhr\u00fa leat nasclean\u00faint a dh\u00e9anamh ar na huisc\u00ed teangeola\u00edocha spreag\u00fala seo!<\/p>\n\n\n\n<p>San alt seo, cuirfimid forbhreathn\u00fa cuimsitheach ar ghramadach Svaha\u00edlis, ag ini\u00fachadh pr\u00edomh-chomhph\u00e1irteanna, ag tairiscint m\u00ednithe agus sampla\u00ed, agus ag simpli\u00fa na n-intricacies. Mar sin, d\u00e9anaimis dra\u00edocht na teanga Svaha\u00edlis a scaoileadh agus r\u00fandiamhair a gramada\u00ed a nochtadh!<\/p>\n\n\n\n<h3 class=\"wp-block-heading\" id=\"h-1-noun-classes-from-people-to-abstract-ideas\">1. Ranganna Ainmfhocail: \u00d3 Dhaoine go Smaointe Teib\u00ed<\/h3>\n\n\n\n<p>T\u00e1 gramadach Svaha\u00edlis timpeall ar ch\u00f3ras aicmithe ainmfhocal saini\u00fail ach riachtanach. Eagra\u00edtear ainmfhocail in aicm\u00ed \u00e9ags\u00fala bunaithe ar a mbr\u00ed n\u00f3 a dtr\u00e9ithe, agus t\u00e1 r\u00e9im\u00edr ar <a href=\"https:\/\/talkpal.ai\/locations\/language-courses-in-leith\/\">leith<\/a> ag gach aicme. C\u00e9 go bhf\u00e9adfadh s\u00e9 seo a bheith scanr\u00fail, t\u00e1 s\u00e9 r\u00edth\u00e1bhachtach chun comhaont\u00fa a dh\u00e9anamh idir ainmfhocail, aidiachta\u00ed agus briathra.<\/p>\n\n\n\n<p>Chun an pr\u00f3iseas seo a shimpli\u00fa, tosaigh ag d\u00edri\u00fa ar na haicm\u00ed ainmfhocail is coitianta:<\/p>\n\n\n\n<p><strong>\u2013 Aicme 1: Daoine (m.sh., mtu \u2013 duine)<\/strong><\/p>\n\n\n\n<p><strong>&#8211; Aicme 2: Iolra\u00ed ainmfhocail Aicme 1 (m.sh., watu &#8211; daoine)<\/strong><\/p>\n\n\n\n<p><strong>&#8211; Aicme 3: Crainn, planda\u00ed, agus ainmfhocail theib\u00ed (m.sh., mti &#8211; crann)<\/strong><\/p>\n\n\n\n<p><strong>\u2013 Aicme 4: Ruda\u00ed neamhbheo agus ainmfhocail theib\u00ed (m.sh., kiti \u2013 cathaoirleach)<\/strong><\/p>\n\n\n\n<p>Cuimhnigh, d\u00e9anann cleachtadh foirfe, agus beidh s\u00e9 n\u00edos \u00e9asca ranganna ainmfhocail a thuiscint le himeacht <a href=\"https:\/\/talkpal.ai\/locations\/language-courses-in-ama\/\">ama<\/a>!<\/p>\n\n\n\n<h3 class=\"wp-block-heading\" id=\"h-2-adjectives-from-basic-to-intricate-agreement\">2. Aidiachta\u00ed: \u00d3 Chomhaont\u00fa Bun\u00fasach go Comhaont\u00fa Intricate<\/h3>\n\n\n\n<p>Aonta\u00edonn aidiachta\u00ed sa tSvaha\u00edlis leis an aicme ainmfhocal agus an uimhir a mhodhna\u00edonn siad. Mar thoradh air sin, t\u00e1 iliomad r\u00e9im\u00edreanna ag aidiachta\u00ed a fhreagra\u00edonn d&#8217;aicm\u00ed ainmfhocail \u00e9ags\u00fala. Is \u00e9 an dea-sc\u00e9al n\u00e1 go bhfuil an fr\u00e9amhfhocal c\u00e9anna ag go leor aidiachta\u00ed, rud a fh\u00e1gann go bhfuil foghlaim n\u00edos sol\u00e1imhsithe.<\/p>\n\n\n\n<p>Mar shampla, cialla\u00edonn an fhr\u00e9amh &#8220;-refu&#8221; &#8220;fada.&#8221; Ag brath ar a aicme ainmfhocal, is f\u00e9idir \u00e9 a bheith le feice\u00e1il mar &#8220;mrefu&#8221; (Aicme 1), &#8220;wazuri&#8221; (Aicme 2), &#8220;jurefu&#8221; (Aicme 3), agus mar sin de. Le cleachtadh, beidh s\u00e9 ina ghaoth greim a fh\u00e1il ar chomhaont\u00fa aidiacht-ainmfhocal!<\/p>\n\n\n\n<h3 class=\"wp-block-heading\" id=\"h-3-verbs-tense-subject-and-object\">3. Briathra: Aimsir, \u00c1bhar, agus R\u00e9ad<\/h3>\n\n\n\n<p>T\u00e1 briathra Svaha\u00edlis cos\u00fail le sceana \u00e9ifeachtacha Arm na hEilv\u00e9ise, ag cur aimsir, \u00e1bhar agus r\u00e9ad in i\u00fal go dl\u00fath, go l\u00e9ir in aon phac\u00e1iste n\u00e9ata amh\u00e1in. Crutha\u00edtear aimsir tr\u00ed mharc\u00f3ir\u00ed aimsire a cheangal leis an bhfr\u00e9amh briathar, agus l\u00e9ir\u00edonn marc\u00f3ir\u00ed \u00e1bhair agus r\u00e9ada c\u00e9 at\u00e1 bainteach leis an ngn\u00edomh.<\/p>\n\n\n\n<p>Mar shampla, cialla\u00edonn an fhr\u00e9amh &#8220;-soma&#8221; &#8220;a l\u00e9amh.&#8221; Tr\u00ed r\u00e9im\u00edreanna agus iarmh\u00edr \u00e9ags\u00fala a <a href=\"https:\/\/talkpal.ai\/locations\/language-courses-in-chur\/\">chur<\/a> leis, is f\u00e9idir leat \u00e9ags\u00falachta\u00ed iomad\u00fala a chruth\u00fa: &#8220;anasoma&#8221; (t\u00e1 s\u00e9 \/ s\u00ed ag l\u00e9amh), &#8220;alisoma&#8221; (l\u00e9igh s\u00e9\/s\u00ed), n\u00f3 &#8220;atasoma&#8221; (l\u00e9ifidh s\u00e9\/s\u00ed).<\/p>\n\n\n\n<h3 class=\"wp-block-heading\" id=\"h-4-word-order-subject-verb-object-for-clarity\">4. Ord Focal: \u00c1bhar-Briathar-R\u00e9ad le haghaidh Soil\u00e9ireachta<\/h3>\n\n\n\n<p>Leanann an tSvaha\u00edlis ord focal simpl\u00ed, ach soil\u00e9ir Subject-Verb-Object (SVO), cos\u00fail leis an mB\u00e9arla, rud a fh\u00e1gann nach bhfuil t\u00f3g\u00e1il abairte chomh scanr\u00fail. Mar shampla, aistr\u00edonn &#8220;Mwanafunzi anasoma kitabu&#8221; go d\u00edreach go &#8220;T\u00e1 mac l\u00e9inn (\u00e1bhar) ag l\u00e9amh (briathar) leabhar (rud).&#8221;<\/p>\n\n\n\n<h3 class=\"wp-block-heading\" id=\"h-5-embrace-the-challenges-practice-is-key\">5. Glac leis na D\u00fashl\u00e1in: T\u00e1 Cleachtas Eochair<\/h3>\n\n\n\n<p>Is f\u00e9idir le tumadh isteach i ngramadach Svaha\u00edlis a bheith beag\u00e1in\u00edn s\u00e1raitheach ar dt\u00fas. Mar sin f\u00e9in, coinnigh i gcuimhne gurb iad foighne, cleachtas, agus buanseasmhacht na r\u00fain chun rath. T\u00e9igh i ngleic leis an teanga tr\u00ed l\u00e9amh, scr\u00edobh, \u00e9isteacht agus labhairt chun do thuiscint agus do mhuin\u00edn a fheabhs\u00fa.<\/p>\n\n\n\n<p>Mar sin, an bhfuil t\u00fa r\u00e9idh chun iontais ghramada\u00ed Svaha\u00edlis a ini\u00fachadh? Glac lena intricacies, taitneamh a bhaint as na nuances, agus cuimhnigh gur f\u00e9idir leat f\u00edor-\u00e1illeacht na teanga Svaha\u00edlis a dh\u00edghlas\u00e1il le d\u00fathracht agus d\u00edograis. Bahati njema! (\u00c1dh m\u00f3r!)<\/p>\n<\/div><\/div>\n\r\n<section class=\"learnNavigationSection\">\r\n            \r\n        <a href=\"https:\/\/talkpal.ai\/ga\/foghlaim-svahailis\/\">\r\n            <div class=\"learnNavigationWrapper\">\r\n                <div class=\"learnNavigationContent\">\r\n                    <img decoding=\"async\" src=\"https:\/\/talkpal.ai\/wp-content\/uploads\/2024\/08\/Swahili.jpg\" alt=\"Kenya and Tanzania Flags\">\r\n                    <div>\r\n                        <h4>Maidir le Foghlaim Svaha\u00edlis<\/h4>\r\n                        <p>Faigh amach gach rud faoi ghramadach na Svaha\u00edlise.<\/p>\r\n                    <\/div>\r\n                <\/div>\r\n            <\/div>\r\n        <\/a>\r\n\r\n        \r\n        <a href=\"https:\/\/talkpal.ai\/ga\/cleachtai-gramadai-svahailis\/\">\r\n            <div class=\"learnNavigationWrapper\">\r\n                <div class=\"learnNavigationContent\">\r\n                    <img decoding=\"async\" src=\"https:\/\/talkpal.ai\/wp-content\/uploads\/2024\/08\/Swahili.jpg\" alt=\"Kenya and Tanzania Flags\">\r\n                    <div>\r\n                        <h4>Cleachtadh Gramada\u00ed Svaha\u00edlis<\/h4>\r\n                        <p>Cleachtadh gramadach Svaha\u00edlis.<\/p>\r\n                    <\/div>\r\n                <\/div>\r\n            <\/div>\r\n        <\/a>\r\n\r\n        \r\n        <a href=\"https:\/\/talkpal.ai\/vocabulary_language\/swahili\/\">\r\n            <div class=\"learnNavigationWrapper\">\r\n                <div class=\"learnNavigationContent\">\r\n                    <img decoding=\"async\" src=\"https:\/\/talkpal.ai\/wp-content\/uploads\/2024\/08\/Swahili.jpg\" alt=\"Kenya and Tanzania Flags\">\r\n                    <div>\r\n                        <h4>St\u00f3r Focal Svaha\u00edlis<\/h4>\r\n                        <p>Leathnaigh do st\u00f3r focal Svaha\u00edlis.<\/p>\r\n                    <\/div>\r\n                <\/div>\r\n            <\/div>\r\n        <\/a>\r\n\r\n            <\/section>","protected":false},"excerpt":{"rendered":"<p>Gramadach Svaha\u00edlis: Demystifying the Linguistic Adventure Gramadach Svaha\u00edlis \u2013 cuireadh ach enigmatic, sreabhach ach suimi\u00fail, br\u00edomhar ach suimi\u00fail. Agus t\u00fa ag tabhairt faoi do thuras teangeola\u00edoch isteach sa teanga Svaha\u00edlis, b&#8217;fh\u00e9idir go dtiocfaidh measc\u00e1n de sp\u00e9is agus \u00e9iginnteacht ort. N\u00e1 b\u00edodh imn\u00ed ort, a chomhghleacaithe teanga! T\u00e1imid anseo chun cabhr\u00fa leat nasclean\u00faint a dh\u00e9anamh ar [&hellip;]<\/p>\n","protected":false},"author":1,"featured_media":1444709,"parent":0,"menu_order":0,"comment_status":"closed","ping_status":"closed","template":"LearningContentPage.php","meta":{"_acf_changed":false,"footnotes":""},"class_list":["post-1446670","page","type-page","status-publish","has-post-thumbnail","hentry"],"acf":[],"yoast_head":"<!-- This site is optimized with the Yoast SEO Premium plugin v27.2 (Yoast SEO v27.2) - https:\/\/yoast.com\/product\/yoast-seo-premium-wordpress\/ -->\n<title>Gramadach Svaha\u00edlis - Talkpal<\/title>\n<meta name=\"description\" content=\"D\u00edghlas\u00e1il r\u00fain ghramada\u00ed Svaha\u00edlis len\u00e1r dtreoir chuimsitheach! Faigh amach a ranganna ainmfhocail uath\u00fala agus a phr\u00edomhchomhph\u00e1irteanna.\" \/>\n<meta name=\"robots\" content=\"index, follow, max-snippet:-1, max-image-preview:large, max-video-preview:-1\" \/>\n<link rel=\"canonical\" href=\"https:\/\/talkpal.ai\/ga\/gramadach-svahailis\/\" \/>\n<meta property=\"og:locale\" content=\"ga_IE\" \/>\n<meta property=\"og:type\" content=\"article\" \/>\n<meta property=\"og:title\" content=\"Gramadach Svaha\u00edlis\" \/>\n<meta property=\"og:description\" content=\"Gramadach Svaha\u00edlis: Demystifying the Linguistic Adventure Gramadach Svaha\u00edlis \u2013 cuireadh ach enigmatic, sreabhach ach suimi\u00fail, br\u00edomhar ach suimi\u00fail.\" \/>\n<meta property=\"og:url\" content=\"https:\/\/talkpal.ai\/ga\/gramadach-svahailis\/\" \/>\n<meta property=\"og:site_name\" content=\"Talkpal\" \/>\n<meta property=\"article:publisher\" content=\"https:\/\/www.facebook.com\/profile.php?id=100090733639311\" \/>\n<meta property=\"article:modified_time\" content=\"2025-12-13T15:52:00+00:00\" \/>\n<meta property=\"og:image\" content=\"https:\/\/talkpal.ai\/wp-content\/uploads\/2023\/05\/Swahili-tanzania.png\" \/>\n\t<meta property=\"og:image:width\" content=\"512\" \/>\n\t<meta property=\"og:image:height\" content=\"512\" \/>\n\t<meta property=\"og:image:type\" content=\"image\/png\" \/>\n<meta name=\"twitter:card\" content=\"summary_large_image\" \/>\n<meta name=\"twitter:site\" content=\"@talkpalai\" \/>\n<meta name=\"twitter:label1\" content=\"Est. reading time\" \/>\n\t<meta name=\"twitter:data1\" content=\"3 minutes\" \/>\n<script type=\"application\/ld+json\" class=\"yoast-schema-graph\">{\"@context\":\"https:\/\/schema.org\",\"@graph\":[{\"@type\":\"WebPage\",\"@id\":\"https:\/\/talkpal.ai\/ga\/gramadach-svahailis\/\",\"url\":\"https:\/\/talkpal.ai\/ga\/gramadach-svahailis\/\",\"name\":\"Gramadach Svaha\u00edlis - Talkpal\",\"isPartOf\":{\"@id\":\"https:\/\/talkpal.ai\/ga\/#website\"},\"primaryImageOfPage\":{\"@id\":\"https:\/\/talkpal.ai\/ga\/gramadach-svahailis\/#primaryimage\"},\"image\":{\"@id\":\"https:\/\/talkpal.ai\/ga\/gramadach-svahailis\/#primaryimage\"},\"thumbnailUrl\":\"https:\/\/talkpal.ai\/wp-content\/uploads\/2023\/05\/Swahili-tanzania.png\",\"datePublished\":\"2023-05-14T14:25:05+00:00\",\"dateModified\":\"2025-12-13T15:52:00+00:00\",\"description\":\"D\u00edghlas\u00e1il r\u00fain ghramada\u00ed Svaha\u00edlis len\u00e1r dtreoir chuimsitheach! Faigh amach a ranganna ainmfhocail uath\u00fala agus a phr\u00edomhchomhph\u00e1irteanna.\",\"breadcrumb\":{\"@id\":\"https:\/\/talkpal.ai\/ga\/gramadach-svahailis\/#breadcrumb\"},\"inLanguage\":\"ga-IE\",\"potentialAction\":[{\"@type\":\"ReadAction\",\"target\":[\"https:\/\/talkpal.ai\/ga\/gramadach-svahailis\/\"]}]},{\"@type\":\"ImageObject\",\"inLanguage\":\"ga-IE\",\"@id\":\"https:\/\/talkpal.ai\/ga\/gramadach-svahailis\/#primaryimage\",\"url\":\"https:\/\/talkpal.ai\/wp-content\/uploads\/2023\/05\/Swahili-tanzania.png\",\"contentUrl\":\"https:\/\/talkpal.ai\/wp-content\/uploads\/2023\/05\/Swahili-tanzania.png\",\"width\":512,\"height\":512,\"caption\":\"TalkPal SwahiliFlag\"},{\"@type\":\"BreadcrumbList\",\"@id\":\"https:\/\/talkpal.ai\/ga\/gramadach-svahailis\/#breadcrumb\",\"itemListElement\":[{\"@type\":\"ListItem\",\"position\":1,\"name\":\"Homepage\",\"item\":\"https:\/\/talkpal.ai\/ga\/\"},{\"@type\":\"ListItem\",\"position\":2,\"name\":\"Gramadach Svaha\u00edlis\"}]},{\"@type\":\"WebSite\",\"@id\":\"https:\/\/talkpal.ai\/ga\/#website\",\"url\":\"https:\/\/talkpal.ai\/ga\/\",\"name\":\"Talkpal\",\"description\":\"AI Language Learning\",\"publisher\":{\"@id\":\"https:\/\/talkpal.ai\/ga\/#organization\"},\"alternateName\":\"Talkpal AI\",\"potentialAction\":[{\"@type\":\"SearchAction\",\"target\":{\"@type\":\"EntryPoint\",\"urlTemplate\":\"https:\/\/talkpal.ai\/ga\/?s={search_term_string}\"},\"query-input\":{\"@type\":\"PropertyValueSpecification\",\"valueRequired\":true,\"valueName\":\"search_term_string\"}}],\"inLanguage\":\"ga-IE\"},{\"@type\":\"Organization\",\"@id\":\"https:\/\/talkpal.ai\/ga\/#organization\",\"name\":\"Talkpal, Inc.\",\"alternateName\":\"Talkpal AI\",\"url\":\"https:\/\/talkpal.ai\/ga\/\",\"logo\":{\"@type\":\"ImageObject\",\"inLanguage\":\"ga-IE\",\"@id\":\"https:\/\/talkpal.ai\/ga\/#\/schema\/logo\/image\/\",\"url\":\"https:\/\/talkpal.ai\/wp-content\/uploads\/2024\/03\/Talkpal-Logo-Icon.png\",\"contentUrl\":\"https:\/\/talkpal.ai\/wp-content\/uploads\/2024\/03\/Talkpal-Logo-Icon.png\",\"width\":2880,\"height\":2880,\"caption\":\"Talkpal, Inc.\"},\"image\":{\"@id\":\"https:\/\/talkpal.ai\/ga\/#\/schema\/logo\/image\/\"},\"sameAs\":[\"https:\/\/www.facebook.com\/profile.php?id=100090733639311\",\"https:\/\/x.com\/talkpalai\",\"https:\/\/www.linkedin.com\/company\/talkpal\/\",\"https:\/\/www.youtube.com\/@TalkPal\/\",\"https:\/\/www.tiktok.com\/@talkpal\",\"https:\/\/www.instagram.com\/talkpal_ai\/\",\"https:\/\/www.crunchbase.com\/organization\/talkpal-9cde\",\"https:\/\/www.g2.com\/products\/talkpal-for-business\/\",\"https:\/\/www.trustpilot.com\/review\/talkpal.ai\",\"https:\/\/www.capterra.com\/p\/10006800\/TalkPal\/\"],\"description\":\"Talkpal is a language learning web and mobile education app, powered by the latest AI technologies, that provides engaging experiences to its customers in many different languages to help them improve their language skills. Users can chat about unlimited amount of topics with the app and use other modes to practice their language learning.\",\"email\":\"support@talkpal.ai\",\"legalName\":\"Talkpal, Inc.\",\"foundingDate\":\"2023-04-03\",\"duns\":\"118989042\",\"numberOfEmployees\":{\"@type\":\"QuantitativeValue\",\"minValue\":\"11\",\"maxValue\":\"50\"},\"publishingPrinciples\":\"https:\/\/talkpal.ai\/publishing-principles\/\",\"actionableFeedbackPolicy\":\"https:\/\/talkpal.ai\/actionable-feedback-policy\/\",\"correctionsPolicy\":\"https:\/\/talkpal.ai\/corrections-policy\/\",\"ethicsPolicy\":\"https:\/\/talkpal.ai\/ethics-policy\/\",\"diversityPolicy\":\"https:\/\/talkpal.ai\/diversity-policy\/\",\"diversityStaffingReport\":\"https:\/\/talkpal.ai\/diversity-policy\/\"}]}<\/script>\n<!-- \/ Yoast SEO Premium plugin. -->","yoast_head_json":{"title":"Gramadach Svaha\u00edlis - Talkpal","description":"D\u00edghlas\u00e1il r\u00fain ghramada\u00ed Svaha\u00edlis len\u00e1r dtreoir chuimsitheach! Faigh amach a ranganna ainmfhocail uath\u00fala agus a phr\u00edomhchomhph\u00e1irteanna.","robots":{"index":"index","follow":"follow","max-snippet":"max-snippet:-1","max-image-preview":"max-image-preview:large","max-video-preview":"max-video-preview:-1"},"canonical":"https:\/\/talkpal.ai\/ga\/gramadach-svahailis\/","og_locale":"ga_IE","og_type":"article","og_title":"Gramadach Svaha\u00edlis","og_description":"Gramadach Svaha\u00edlis: Demystifying the Linguistic Adventure Gramadach Svaha\u00edlis \u2013 cuireadh ach enigmatic, sreabhach ach suimi\u00fail, br\u00edomhar ach suimi\u00fail.","og_url":"https:\/\/talkpal.ai\/ga\/gramadach-svahailis\/","og_site_name":"Talkpal","article_publisher":"https:\/\/www.facebook.com\/profile.php?id=100090733639311","article_modified_time":"2025-12-13T15:52:00+00:00","og_image":[{"width":512,"height":512,"url":"https:\/\/talkpal.ai\/wp-content\/uploads\/2023\/05\/Swahili-tanzania.png","type":"image\/png"}],"twitter_card":"summary_large_image","twitter_site":"@talkpalai","twitter_misc":{"Est. reading time":"3 minutes"},"schema":{"@context":"https:\/\/schema.org","@graph":[{"@type":"WebPage","@id":"https:\/\/talkpal.ai\/ga\/gramadach-svahailis\/","url":"https:\/\/talkpal.ai\/ga\/gramadach-svahailis\/","name":"Gramadach Svaha\u00edlis - Talkpal","isPartOf":{"@id":"https:\/\/talkpal.ai\/ga\/#website"},"primaryImageOfPage":{"@id":"https:\/\/talkpal.ai\/ga\/gramadach-svahailis\/#primaryimage"},"image":{"@id":"https:\/\/talkpal.ai\/ga\/gramadach-svahailis\/#primaryimage"},"thumbnailUrl":"https:\/\/talkpal.ai\/wp-content\/uploads\/2023\/05\/Swahili-tanzania.png","datePublished":"2023-05-14T14:25:05+00:00","dateModified":"2025-12-13T15:52:00+00:00","description":"D\u00edghlas\u00e1il r\u00fain ghramada\u00ed Svaha\u00edlis len\u00e1r dtreoir chuimsitheach! Faigh amach a ranganna ainmfhocail uath\u00fala agus a phr\u00edomhchomhph\u00e1irteanna.","breadcrumb":{"@id":"https:\/\/talkpal.ai\/ga\/gramadach-svahailis\/#breadcrumb"},"inLanguage":"ga-IE","potentialAction":[{"@type":"ReadAction","target":["https:\/\/talkpal.ai\/ga\/gramadach-svahailis\/"]}]},{"@type":"ImageObject","inLanguage":"ga-IE","@id":"https:\/\/talkpal.ai\/ga\/gramadach-svahailis\/#primaryimage","url":"https:\/\/talkpal.ai\/wp-content\/uploads\/2023\/05\/Swahili-tanzania.png","contentUrl":"https:\/\/talkpal.ai\/wp-content\/uploads\/2023\/05\/Swahili-tanzania.png","width":512,"height":512,"caption":"TalkPal SwahiliFlag"},{"@type":"BreadcrumbList","@id":"https:\/\/talkpal.ai\/ga\/gramadach-svahailis\/#breadcrumb","itemListElement":[{"@type":"ListItem","position":1,"name":"Homepage","item":"https:\/\/talkpal.ai\/ga\/"},{"@type":"ListItem","position":2,"name":"Gramadach Svaha\u00edlis"}]},{"@type":"WebSite","@id":"https:\/\/talkpal.ai\/ga\/#website","url":"https:\/\/talkpal.ai\/ga\/","name":"Talkpal","description":"AI Language Learning","publisher":{"@id":"https:\/\/talkpal.ai\/ga\/#organization"},"alternateName":"Talkpal AI","potentialAction":[{"@type":"SearchAction","target":{"@type":"EntryPoint","urlTemplate":"https:\/\/talkpal.ai\/ga\/?s={search_term_string}"},"query-input":{"@type":"PropertyValueSpecification","valueRequired":true,"valueName":"search_term_string"}}],"inLanguage":"ga-IE"},{"@type":"Organization","@id":"https:\/\/talkpal.ai\/ga\/#organization","name":"Talkpal, Inc.","alternateName":"Talkpal AI","url":"https:\/\/talkpal.ai\/ga\/","logo":{"@type":"ImageObject","inLanguage":"ga-IE","@id":"https:\/\/talkpal.ai\/ga\/#\/schema\/logo\/image\/","url":"https:\/\/talkpal.ai\/wp-content\/uploads\/2024\/03\/Talkpal-Logo-Icon.png","contentUrl":"https:\/\/talkpal.ai\/wp-content\/uploads\/2024\/03\/Talkpal-Logo-Icon.png","width":2880,"height":2880,"caption":"Talkpal, Inc."},"image":{"@id":"https:\/\/talkpal.ai\/ga\/#\/schema\/logo\/image\/"},"sameAs":["https:\/\/www.facebook.com\/profile.php?id=100090733639311","https:\/\/x.com\/talkpalai","https:\/\/www.linkedin.com\/company\/talkpal\/","https:\/\/www.youtube.com\/@TalkPal\/","https:\/\/www.tiktok.com\/@talkpal","https:\/\/www.instagram.com\/talkpal_ai\/","https:\/\/www.crunchbase.com\/organization\/talkpal-9cde","https:\/\/www.g2.com\/products\/talkpal-for-business\/","https:\/\/www.trustpilot.com\/review\/talkpal.ai","https:\/\/www.capterra.com\/p\/10006800\/TalkPal\/"],"description":"Talkpal is a language learning web and mobile education app, powered by the latest AI technologies, that provides engaging experiences to its customers in many different languages to help them improve their language skills. Users can chat about unlimited amount of topics with the app and use other modes to practice their language learning.","email":"support@talkpal.ai","legalName":"Talkpal, Inc.","foundingDate":"2023-04-03","duns":"118989042","numberOfEmployees":{"@type":"QuantitativeValue","minValue":"11","maxValue":"50"},"publishingPrinciples":"https:\/\/talkpal.ai\/publishing-principles\/","actionableFeedbackPolicy":"https:\/\/talkpal.ai\/actionable-feedback-policy\/","correctionsPolicy":"https:\/\/talkpal.ai\/corrections-policy\/","ethicsPolicy":"https:\/\/talkpal.ai\/ethics-policy\/","diversityPolicy":"https:\/\/talkpal.ai\/diversity-policy\/","diversityStaffingReport":"https:\/\/talkpal.ai\/diversity-policy\/"}]}},"_links":{"self":[{"href":"https:\/\/talkpal.ai\/ga\/wp-json\/wp\/v2\/pages\/1446670","targetHints":{"allow":["GET"]}}],"collection":[{"href":"https:\/\/talkpal.ai\/ga\/wp-json\/wp\/v2\/pages"}],"about":[{"href":"https:\/\/talkpal.ai\/ga\/wp-json\/wp\/v2\/types\/page"}],"author":[{"embeddable":true,"href":"https:\/\/talkpal.ai\/ga\/wp-json\/wp\/v2\/users\/1"}],"replies":[{"embeddable":true,"href":"https:\/\/talkpal.ai\/ga\/wp-json\/wp\/v2\/comments?post=1446670"}],"version-history":[{"count":0,"href":"https:\/\/talkpal.ai\/ga\/wp-json\/wp\/v2\/pages\/1446670\/revisions"}],"wp:featuredmedia":[{"embeddable":true,"href":"https:\/\/talkpal.ai\/ga\/wp-json\/wp\/v2\/media\/1444709"}],"wp:attachment":[{"href":"https:\/\/talkpal.ai\/ga\/wp-json\/wp\/v2\/media?parent=1446670"}],"curies":[{"name":"wp","href":"https:\/\/api.w.org\/{rel}","templated":true}]}}