{"id":1446668,"date":"2023-05-14T14:23:49","date_gmt":"2023-05-14T14:23:49","guid":{"rendered":"https:\/\/talkpal.ai\/gramadach-na-tuirce\/"},"modified":"2025-12-13T15:56:56","modified_gmt":"2025-12-13T15:56:56","slug":"gramadach-na-tuirce","status":"publish","type":"page","link":"https:\/\/talkpal.ai\/ga\/gramadach-na-tuirce\/","title":{"rendered":"Gramadach na Tuirce"},"content":{"rendered":"\r\n\r\n\r\n<section class=\"languageChallengeSection\">\r\n    <div class=\"languageInfoWrapper\">\r\n        \r\n        <h1>Gramadach na Tuirce<\/h1>\r\n        <p>An bhfuil t\u00fa fiosrach faoi <a href=\"https:\/\/talkpal.ai\/learn-turkish\/\">Tuircis<\/a> a fhoghlaim? D\u00e9an ini\u00fachadh ar ghramadach na Tuirce agus f\u00e9ach conas a dh\u00e9anann a strucht\u00far loighci\u00fail, comhchuibheas guta, agus patr\u00fain briathar at\u00e1 \u00e9asca le lean\u00faint \u00e9 suimi\u00fail agus inrochtana. Tosaigh do thuras inniu &#8211; is \u00e9 m\u00e1istreacht <a href=\"https:\/\/talkpal.ai\/grammar\/\">gramadach<\/a> na Tuirce an eochair do chumars\u00e1id l\u00edofa agus domhan br\u00edomhar cult\u00fair agus nasc a dh\u00edghlas\u00e1il!<\/p>\r\n\r\n                            <a class=\"getStartedHidden\" href=\"https:\/\/app.talkpal.ai\/signup?lng=\">Tosaigh<\/a>\r\n        \r\n    <\/div>\r\n\r\n    <figure>\r\n    <img decoding=\"async\" width=\"768\" height=\"768\" src=\"https:\/\/talkpal.ai\/wp-content\/uploads\/2023\/06\/turkish-768x768.png\" class=\"languageImage no-lazy\" alt=\"Language learning for increased focus\" fetchpriority=\"high\" sizes=\"(max-width: 768px) 150px, 768px\" srcset=\"https:\/\/talkpal.ai\/wp-content\/uploads\/2023\/06\/turkish-768x768.png 768w, https:\/\/talkpal.ai\/wp-content\/uploads\/2023\/06\/turkish-300x300.png 300w\" \/>\r\n    \r\n\r\n    <\/figure>\r\n\r\n            <a class=\"getStartedVisible\" href=\"https:\/\/app.talkpal.ai\/signup?lng=\">Tosaigh<\/a>\r\n    \r\n<\/section>\r\n<section class=\"promotionalBanner\">\r\n    <p class=\"promotionalText\">An bealach is \u00e9ifeachta\u00ed le teanga a fhoghlaim<\/p>\r\n    <a class=\"promotionalLink\" href=\"https:\/\/app.talkpal.ai\/signup?lng=\">Bain triail as Talkpal saor in aisce<\/a>\r\n<\/section>\n<div class=\"wp-block-group pageContainerStyle\"><div class=\"wp-block-group__inner-container is-layout-constrained wp-block-group-is-layout-constrained\">\n<h2 class=\"wp-block-heading\" id=\"h-the-ultimate-guide-to-turkish-grammar-navigating-the-intricacies-of-a-unique-language\">An Treoir Deiridh maidir le Gramadach na Tuirce: Nasclean\u00faint a dh\u00e9anamh ar intricacies teanga uath\u00fail<\/h2>\n\n\n\n<p>Cuireann <a href=\"https:\/\/talkpal.ai\/grammar\/\">gramadach<\/a> na Tuirce, cos\u00fail leis an teanga f\u00e9in, taip\u00e9is saibhir agus suimi\u00fail d&#8217;eilimint\u00ed teangeola\u00edocha i l\u00e1thair. Mar bhall de theaghlach na dteangacha Tuirceacha, cuireann an Tuircis foghlaimeoir\u00ed faoi dhra\u00edocht lena gn\u00e9ithe \u00e9ags\u00fala agus tugann s\u00e9 d\u00fashl\u00e1n fi\u00fa do na cainteoir\u00ed is oilte. Sa treoir seo, d\u00e9anfaimid ini\u00fachadh ar phr\u00edomhphrionsabail ghramada\u00ed na Tuirce, d\u00e9anfaimid a chastachta\u00ed a dh\u00edmhistify, agus tac\u00f3imid leat ar do thuras chun a bheith l\u00edofa sa teanga mhealltach seo. Tosa\u00edmid!<\/p>\n\n\n\n<h3 class=\"wp-block-heading\" id=\"h-the-nuts-and-bolts-turkish-sentence-structure\">Na Cn\u00f3nna agus na Bolta\u00ed: Strucht\u00far Abairte Tuircis<\/h3>\n\n\n\n<p>Ag a chro\u00edl\u00e1r, t\u00e1 gramadach na Tuirce simpl\u00ed go leor. Leanann an teanga go ginear\u00e1lta strucht\u00far abairte <a href=\"https:\/\/talkpal.ai\/culture\/how-do-you-structure-a-sentence-using-subject-object-verb-order-in-uzbek\/\">Subject-Object-Verb<\/a> (SOV), murab ionann agus <a href=\"https:\/\/talkpal.ai\/learn-english-with-ai\/\">B\u00e9arla<\/a> agus go leor teangacha eile. Mar shampla, aistr\u00edonn an abairt &#8220;Itheann m\u00e9 \u00fall&#8221; go &#8220;Ben elma yiyorum&#8221; (Ben = I, elma = \u00fall, yiyorum = ithe). Simpl\u00ed, ceart? Mar sin f\u00e9in, de r\u00e9ir mar a thochailimid n\u00edos doimhne, tiocfaidh t\u00fa ar roinnt gn\u00e9ithe suimi\u00fala agus saini\u00fala de ghramadach na Tuirce.<\/p>\n\n\n\n<h3 class=\"wp-block-heading\" id=\"h-meet-the-family-turkish-nouns-and-their-suffixes\">T\u00e9igh in aithne ar an teaghlach: ainmfhocail Tuircis agus a n-iarmh\u00edreanna<\/h3>\n\n\n\n<p>Ceann de na tr\u00e9ithe is aisteach de ghramadach na Tuirce is ea iarmh\u00edr a \u00fas\u00e1id chun caidrimh ghramada\u00ed \u00e9ags\u00fala a <a href=\"https:\/\/talkpal.ai\/locations\/language-courses-in-chur\/\">chur<\/a> in i\u00fal. N\u00edl aon r\u00e9amhfhocail sa Tuircis; ina n-\u00e1it, ceangla\u00edtear iarmh\u00edreanna le hainmfhocail chun seilbh, ruda\u00ed d\u00edreacha, agus su\u00edomh a chur in i\u00fal.<\/p>\n\n\n\n<p>Mar shampla, d\u00e9anaimis an focal &#8220;elma&#8221; (elma) a chialla\u00edonn &#8220;\u00fall&#8221;:<\/p>\n\n\n\n<p><strong>&#8211; Seilbh: Benim elmam (Mo \u00fall)<\/strong><\/p>\n\n\n\n<p><strong>&#8211; R\u00e9ad d\u00edreach: Elmay\u0131 yedim (D&#8217;ith m\u00e9 an \u00fall)<\/strong><\/p>\n\n\n\n<p><strong>&#8211; Su\u00edomh: Elmada (Ag an \u00fall)<\/strong><\/p>\n\n\n\n<p>T\u00e1 s\u00e9 t\u00e1bhachtach dul i dtaith\u00ed ar na hiarmh\u00edreanna seo, mar is f\u00e9idir leo br\u00ed d&#8217;abairt\u00ed a athr\u00fa go m\u00f3r.<\/p>\n\n\n\n<h3 class=\"wp-block-heading\" id=\"h-playing-with-numbers-turkish-plurals-and-genders\">Ag Imirt le Uimhreacha: Iolra Tuircis agus Inscne<\/h3>\n\n\n\n<p>Nuair a dh\u00e9antar iolra a fhoirmi\u00fa sa Tuircis, t\u00e1 s\u00e9 riachtanach iarmh\u00edr amh\u00e1in a chur leis: -ler n\u00f3 -lar, ag brath ar an guta is gaire san fhocal. Murab ionann agus go leor teangacha eile, n\u00edl inscne ghramada\u00ed ag an Tuircis. Cialla\u00edonn s\u00e9 seo nach mbeidh ort a bheith buartha faoi fhoghlaim foircinn n\u00f3 foirmeacha \u00e9ags\u00fala d&#8217;ainmfhocail firinscneach, baininscneach n\u00f3 neodracha.<\/p>\n\n\n\n<p>Mar shampla, \u00e9ir\u00edonn &#8220;k\u00f6pek&#8221; (k\u00f6pek, ainmfhocal a chialla\u00edonn &#8220;madra&#8221;) &#8220;k\u00f6pekler&#8221; (k\u00f6pekler, madra\u00ed), agus \u00e9ir\u00edonn &#8220;kedi&#8221; (kedi, ainmfhocal a chialla\u00edonn &#8220;cat&#8221;) &#8220;kediler&#8221; (kediler, cait).<\/p>\n\n\n\n<h3 class=\"wp-block-heading\" id=\"h-the-art-of-conjugation-turkish-verbs\">Eala\u00edn na Comhchuingithe: Briathra Tuircis<\/h3>\n\n\n\n<p>D&#8217;fh\u00e9adfadh briathra na Tuirce a bheith scanr\u00fail ar dt\u00fas, mar gheall ar a n-aimsir iomad\u00fala, gi\u00famar agus comhchuingithe iomad\u00fala. Mar sin f\u00e9in, is \u00ed an eochair chun iad a thuiscint n\u00e1 patr\u00fain choitianta a aithint agus cleachtadh go rialta.<\/p>\n\n\n\n<p>Sa Tuircis, \u00fas\u00e1ideann briathra iarmh\u00edreanna \u00e9ags\u00fala chun aimsir, gi\u00famar agus duine a chur in i\u00fal. Fanann an gas briathar gan athr\u00fa. T\u00f3gaimis an briathar &#8220;yemek&#8221; (yemek, &#8220;a ithe&#8221;) mar shampla:<\/p>\n\n\n\n<p><strong>Aimsir lean\u00fanach l\u00e1ithreach: Yiyorum (T\u00e1 m\u00e9 ag ithe)<\/strong><\/p>\n\n\n\n<p><strong>Aimsir chaite: Yedim (D&#8217;ith m\u00e9)<\/strong><\/p>\n\n\n\n<p><strong>Aimsir sa todhcha\u00ed: Yiyece\u011fim (ithefaidh m\u00e9)<\/strong><\/p>\n\n\n\n<p>Mar a fheiceann t\u00fa, athra\u00edonn na foircinn de r\u00e9ir an aimsir agus an duine. Le cleachtadh agus foighne, tos\u00f3idh t\u00fa ag aithint na bpatr\u00fain agus ag dul i ngleic leis an d\u00fashl\u00e1n seo.<\/p>\n\n\n\n<h3 class=\"wp-block-heading\" id=\"h-the-finishing-touches-turkish-adjectives-adverbs-and-more\">Na Cr\u00edochn\u00fa Touches: Aidiachta\u00ed Tuircis, Adverbs, agus N\u00edos M\u00f3<\/h3>\n\n\n\n<p>Nuair a thagann s\u00e9 chun aidiachta\u00ed agus adverbs Tuircis, t\u00e1 r\u00f3l r\u00edth\u00e1bhachtach acu <a href=\"https:\/\/talkpal.ai\/ga\/maidir\/\">maidir<\/a> le doimhneacht agus castacht a chur le do chuid cainte. N\u00ed g\u00e1 go n-aont\u00f3dh aidiachta\u00ed sa Tuircis leis na hainmfhocail a mhodhna\u00edonn siad, rud a fh\u00e1gann go bhfuil s\u00e9 n\u00edos \u00e9asca d\u00e9ile\u00e1il leo n\u00e1 i go leor teangacha eile.<\/p>\n\n\n\n<p>Mar shampla, cialla\u00edonn &#8220;g\u00fczel&#8221; (g\u00fczel) &#8220;\u00e1lainn,&#8221; agus d&#8217;fh\u00e9adf\u00e1 \u00e9 a fheice\u00e1il mar &#8220;g\u00fczel \u00e7i\u00e7ek&#8221; (g\u00fczel \u00e7i\u00e7ek, &#8220;bl\u00e1th \u00e1lainn&#8221;) n\u00f3 &#8220;g\u00fczel k\u00f6pek&#8221; (g\u00fczel k\u00f6pek, &#8220;madra \u00e1lainn&#8221;), gan aon athr\u00fa ar iolra n\u00f3 inscne.<\/p>\n\n\n\n<p>Is gn\u00e1ch go leanann adverbs patr\u00fain den chine\u00e1l c\u00e9anna, a dh\u00edortha\u00edtear go minic \u00f3 aidiachta\u00ed. Sa Tuircis, is f\u00e9idir go leor aibriathra a fhoirmi\u00fa tr\u00edd an iarmh\u00edr -ce n\u00f3 -ca a chur leis na haidiachta\u00ed, ag brath ar an guta is gaire.<\/p>\n\n\n\n<p>Mar fhocal scoir, tugann castachta\u00ed agus peculiarities gramada\u00ed na Tuirce, c\u00e9 go bhfuil siad d\u00fashl\u00e1nach, \u00e1illeacht agus carachtar mealltach don teanga. Le measc\u00e1n de bhuanseasmhacht, fiosracht agus cur i bhfeidhm praitici\u00fail, is gearr go mbeidh t\u00fa ag nasclean\u00faint gramadach na Tuirce go h\u00e9asca agus le muin\u00edn. Foghlaim shona!<\/p>\n<\/div><\/div>\n\r\n<section class=\"learnNavigationSection\">\r\n            \r\n        <a href=\"https:\/\/talkpal.ai\/ga\/foghlaim-tuircis\/\">\r\n            <div class=\"learnNavigationWrapper\">\r\n                <div class=\"learnNavigationContent\">\r\n                    <img decoding=\"async\" src=\"https:\/\/talkpal.ai\/wp-content\/uploads\/2024\/08\/Turkish.jpg\" alt=\"Turkish Flag\">\r\n                    <div>\r\n                        <h4>Maidir le Foghlaim na Tuirce<\/h4>\r\n                        <p>Faigh amach gach rud faoi ghramadach na Tuirce.<\/p>\r\n                    <\/div>\r\n                <\/div>\r\n            <\/div>\r\n        <\/a>\r\n\r\n        \r\n        <a href=\"https:\/\/talkpal.ai\/ga\/cleachtai-gramadai-na-tuirce\/\">\r\n            <div class=\"learnNavigationWrapper\">\r\n                <div class=\"learnNavigationContent\">\r\n                    <img decoding=\"async\" src=\"https:\/\/talkpal.ai\/wp-content\/uploads\/2024\/08\/Turkish.jpg\" alt=\"Turkish Flag\">\r\n                    <div>\r\n                        <h4>Cleachtadh Gramada\u00ed Tuircis<\/h4>\r\n                        <p>Cleachtadh gramadach na Tuirce.<\/p>\r\n                    <\/div>\r\n                <\/div>\r\n            <\/div>\r\n        <\/a>\r\n\r\n        \r\n        <a href=\"https:\/\/talkpal.ai\/vocabulary_language\/turkish\/\">\r\n            <div class=\"learnNavigationWrapper\">\r\n                <div class=\"learnNavigationContent\">\r\n                    <img decoding=\"async\" src=\"https:\/\/talkpal.ai\/wp-content\/uploads\/2024\/08\/Turkish.jpg\" alt=\"Turkish Flag\">\r\n                    <div>\r\n                        <h4>St\u00f3r focal na Tuirce<\/h4>\r\n                        <p>Leathnaigh do st\u00f3r focal Tuircis.<\/p>\r\n                    <\/div>\r\n                <\/div>\r\n            <\/div>\r\n        <\/a>\r\n\r\n            <\/section>","protected":false},"excerpt":{"rendered":"<p>An Treoir Deiridh maidir le Gramadach na Tuirce: Nasclean\u00faint a dh\u00e9anamh ar intricacies teanga uath\u00fail Cuireann gramadach na Tuirce, cos\u00fail leis an teanga f\u00e9in, taip\u00e9is saibhir agus suimi\u00fail d&#8217;eilimint\u00ed teangeola\u00edocha i l\u00e1thair. Mar bhall de theaghlach na dteangacha Tuirceacha, cuireann an Tuircis foghlaimeoir\u00ed faoi dhra\u00edocht lena gn\u00e9ithe \u00e9ags\u00fala agus tugann s\u00e9 d\u00fashl\u00e1n fi\u00fa do na [&hellip;]<\/p>\n","protected":false},"author":1,"featured_media":1443666,"parent":0,"menu_order":0,"comment_status":"closed","ping_status":"closed","template":"LearningContentPage.php","meta":{"_acf_changed":false,"footnotes":""},"class_list":["post-1446668","page","type-page","status-publish","has-post-thumbnail","hentry"],"acf":[],"yoast_head":"<!-- This site is optimized with the Yoast SEO Premium plugin v27.2 (Yoast SEO v27.2) - https:\/\/yoast.com\/product\/yoast-seo-premium-wordpress\/ -->\n<title>Gramadach na Tuirce - Talkpal<\/title>\n<meta name=\"description\" content=\"D\u00edghlas\u00e1il r\u00fain ghramada\u00ed na Tuirce len\u00e1r dtreoir chuimsitheach ar a phr\u00edomhphrionsabail agus strucht\u00far abairte.\" \/>\n<meta name=\"robots\" content=\"index, follow, max-snippet:-1, max-image-preview:large, max-video-preview:-1\" \/>\n<link rel=\"canonical\" href=\"https:\/\/talkpal.ai\/ga\/gramadach-na-tuirce\/\" \/>\n<meta property=\"og:locale\" content=\"ga_IE\" \/>\n<meta property=\"og:type\" content=\"article\" \/>\n<meta property=\"og:title\" content=\"Gramadach na Tuirce\" \/>\n<meta property=\"og:description\" content=\"An Treoir Deiridh maidir le Gramadach na Tuirce: Nasclean\u00faint a dh\u00e9anamh ar intricacies teanga uath\u00fail Cuireann gramadach na Tuirce, cos\u00fail leis an teanga\" \/>\n<meta property=\"og:url\" content=\"https:\/\/talkpal.ai\/ga\/gramadach-na-tuirce\/\" \/>\n<meta property=\"og:site_name\" content=\"Talkpal\" \/>\n<meta property=\"article:publisher\" content=\"https:\/\/www.facebook.com\/profile.php?id=100090733639311\" \/>\n<meta property=\"article:modified_time\" content=\"2025-12-13T15:56:56+00:00\" \/>\n<meta property=\"og:image\" content=\"https:\/\/talkpal.ai\/wp-content\/uploads\/2023\/05\/turkish.png\" \/>\n\t<meta property=\"og:image:width\" content=\"512\" \/>\n\t<meta property=\"og:image:height\" content=\"512\" \/>\n\t<meta property=\"og:image:type\" content=\"image\/png\" \/>\n<meta name=\"twitter:card\" content=\"summary_large_image\" \/>\n<meta name=\"twitter:site\" content=\"@talkpalai\" \/>\n<meta name=\"twitter:label1\" content=\"Est. reading time\" \/>\n\t<meta name=\"twitter:data1\" content=\"4 minutes\" \/>\n<script type=\"application\/ld+json\" class=\"yoast-schema-graph\">{\"@context\":\"https:\/\/schema.org\",\"@graph\":[{\"@type\":\"WebPage\",\"@id\":\"https:\/\/talkpal.ai\/ga\/gramadach-na-tuirce\/\",\"url\":\"https:\/\/talkpal.ai\/ga\/gramadach-na-tuirce\/\",\"name\":\"Gramadach na Tuirce - Talkpal\",\"isPartOf\":{\"@id\":\"https:\/\/talkpal.ai\/ga\/#website\"},\"primaryImageOfPage\":{\"@id\":\"https:\/\/talkpal.ai\/ga\/gramadach-na-tuirce\/#primaryimage\"},\"image\":{\"@id\":\"https:\/\/talkpal.ai\/ga\/gramadach-na-tuirce\/#primaryimage\"},\"thumbnailUrl\":\"https:\/\/talkpal.ai\/wp-content\/uploads\/2023\/05\/turkish.png\",\"datePublished\":\"2023-05-14T14:23:49+00:00\",\"dateModified\":\"2025-12-13T15:56:56+00:00\",\"description\":\"D\u00edghlas\u00e1il r\u00fain ghramada\u00ed na Tuirce len\u00e1r dtreoir chuimsitheach ar a phr\u00edomhphrionsabail agus strucht\u00far abairte.\",\"breadcrumb\":{\"@id\":\"https:\/\/talkpal.ai\/ga\/gramadach-na-tuirce\/#breadcrumb\"},\"inLanguage\":\"ga-IE\",\"potentialAction\":[{\"@type\":\"ReadAction\",\"target\":[\"https:\/\/talkpal.ai\/ga\/gramadach-na-tuirce\/\"]}]},{\"@type\":\"ImageObject\",\"inLanguage\":\"ga-IE\",\"@id\":\"https:\/\/talkpal.ai\/ga\/gramadach-na-tuirce\/#primaryimage\",\"url\":\"https:\/\/talkpal.ai\/wp-content\/uploads\/2023\/05\/turkish.png\",\"contentUrl\":\"https:\/\/talkpal.ai\/wp-content\/uploads\/2023\/05\/turkish.png\",\"width\":512,\"height\":512,\"caption\":\"TalkPal Turkish Flag\"},{\"@type\":\"BreadcrumbList\",\"@id\":\"https:\/\/talkpal.ai\/ga\/gramadach-na-tuirce\/#breadcrumb\",\"itemListElement\":[{\"@type\":\"ListItem\",\"position\":1,\"name\":\"Homepage\",\"item\":\"https:\/\/talkpal.ai\/ga\/\"},{\"@type\":\"ListItem\",\"position\":2,\"name\":\"Gramadach na Tuirce\"}]},{\"@type\":\"WebSite\",\"@id\":\"https:\/\/talkpal.ai\/ga\/#website\",\"url\":\"https:\/\/talkpal.ai\/ga\/\",\"name\":\"Talkpal\",\"description\":\"AI Language Learning\",\"publisher\":{\"@id\":\"https:\/\/talkpal.ai\/ga\/#organization\"},\"alternateName\":\"Talkpal AI\",\"potentialAction\":[{\"@type\":\"SearchAction\",\"target\":{\"@type\":\"EntryPoint\",\"urlTemplate\":\"https:\/\/talkpal.ai\/ga\/?s={search_term_string}\"},\"query-input\":{\"@type\":\"PropertyValueSpecification\",\"valueRequired\":true,\"valueName\":\"search_term_string\"}}],\"inLanguage\":\"ga-IE\"},{\"@type\":\"Organization\",\"@id\":\"https:\/\/talkpal.ai\/ga\/#organization\",\"name\":\"Talkpal, Inc.\",\"alternateName\":\"Talkpal AI\",\"url\":\"https:\/\/talkpal.ai\/ga\/\",\"logo\":{\"@type\":\"ImageObject\",\"inLanguage\":\"ga-IE\",\"@id\":\"https:\/\/talkpal.ai\/ga\/#\/schema\/logo\/image\/\",\"url\":\"https:\/\/talkpal.ai\/wp-content\/uploads\/2024\/03\/Talkpal-Logo-Icon.png\",\"contentUrl\":\"https:\/\/talkpal.ai\/wp-content\/uploads\/2024\/03\/Talkpal-Logo-Icon.png\",\"width\":2880,\"height\":2880,\"caption\":\"Talkpal, Inc.\"},\"image\":{\"@id\":\"https:\/\/talkpal.ai\/ga\/#\/schema\/logo\/image\/\"},\"sameAs\":[\"https:\/\/www.facebook.com\/profile.php?id=100090733639311\",\"https:\/\/x.com\/talkpalai\",\"https:\/\/www.linkedin.com\/company\/talkpal\/\",\"https:\/\/www.youtube.com\/@TalkPal\/\",\"https:\/\/www.tiktok.com\/@talkpal\",\"https:\/\/www.instagram.com\/talkpal_ai\/\",\"https:\/\/www.crunchbase.com\/organization\/talkpal-9cde\",\"https:\/\/www.g2.com\/products\/talkpal-for-business\/\",\"https:\/\/www.trustpilot.com\/review\/talkpal.ai\",\"https:\/\/www.capterra.com\/p\/10006800\/TalkPal\/\"],\"description\":\"Talkpal is a language learning web and mobile education app, powered by the latest AI technologies, that provides engaging experiences to its customers in many different languages to help them improve their language skills. Users can chat about unlimited amount of topics with the app and use other modes to practice their language learning.\",\"email\":\"support@talkpal.ai\",\"legalName\":\"Talkpal, Inc.\",\"foundingDate\":\"2023-04-03\",\"duns\":\"118989042\",\"numberOfEmployees\":{\"@type\":\"QuantitativeValue\",\"minValue\":\"11\",\"maxValue\":\"50\"},\"publishingPrinciples\":\"https:\/\/talkpal.ai\/publishing-principles\/\",\"actionableFeedbackPolicy\":\"https:\/\/talkpal.ai\/actionable-feedback-policy\/\",\"correctionsPolicy\":\"https:\/\/talkpal.ai\/corrections-policy\/\",\"ethicsPolicy\":\"https:\/\/talkpal.ai\/ethics-policy\/\",\"diversityPolicy\":\"https:\/\/talkpal.ai\/diversity-policy\/\",\"diversityStaffingReport\":\"https:\/\/talkpal.ai\/diversity-policy\/\"}]}<\/script>\n<!-- \/ Yoast SEO Premium plugin. -->","yoast_head_json":{"title":"Gramadach na Tuirce - Talkpal","description":"D\u00edghlas\u00e1il r\u00fain ghramada\u00ed na Tuirce len\u00e1r dtreoir chuimsitheach ar a phr\u00edomhphrionsabail agus strucht\u00far abairte.","robots":{"index":"index","follow":"follow","max-snippet":"max-snippet:-1","max-image-preview":"max-image-preview:large","max-video-preview":"max-video-preview:-1"},"canonical":"https:\/\/talkpal.ai\/ga\/gramadach-na-tuirce\/","og_locale":"ga_IE","og_type":"article","og_title":"Gramadach na Tuirce","og_description":"An Treoir Deiridh maidir le Gramadach na Tuirce: Nasclean\u00faint a dh\u00e9anamh ar intricacies teanga uath\u00fail Cuireann gramadach na Tuirce, cos\u00fail leis an teanga","og_url":"https:\/\/talkpal.ai\/ga\/gramadach-na-tuirce\/","og_site_name":"Talkpal","article_publisher":"https:\/\/www.facebook.com\/profile.php?id=100090733639311","article_modified_time":"2025-12-13T15:56:56+00:00","og_image":[{"width":512,"height":512,"url":"https:\/\/talkpal.ai\/wp-content\/uploads\/2023\/05\/turkish.png","type":"image\/png"}],"twitter_card":"summary_large_image","twitter_site":"@talkpalai","twitter_misc":{"Est. reading time":"4 minutes"},"schema":{"@context":"https:\/\/schema.org","@graph":[{"@type":"WebPage","@id":"https:\/\/talkpal.ai\/ga\/gramadach-na-tuirce\/","url":"https:\/\/talkpal.ai\/ga\/gramadach-na-tuirce\/","name":"Gramadach na Tuirce - Talkpal","isPartOf":{"@id":"https:\/\/talkpal.ai\/ga\/#website"},"primaryImageOfPage":{"@id":"https:\/\/talkpal.ai\/ga\/gramadach-na-tuirce\/#primaryimage"},"image":{"@id":"https:\/\/talkpal.ai\/ga\/gramadach-na-tuirce\/#primaryimage"},"thumbnailUrl":"https:\/\/talkpal.ai\/wp-content\/uploads\/2023\/05\/turkish.png","datePublished":"2023-05-14T14:23:49+00:00","dateModified":"2025-12-13T15:56:56+00:00","description":"D\u00edghlas\u00e1il r\u00fain ghramada\u00ed na Tuirce len\u00e1r dtreoir chuimsitheach ar a phr\u00edomhphrionsabail agus strucht\u00far abairte.","breadcrumb":{"@id":"https:\/\/talkpal.ai\/ga\/gramadach-na-tuirce\/#breadcrumb"},"inLanguage":"ga-IE","potentialAction":[{"@type":"ReadAction","target":["https:\/\/talkpal.ai\/ga\/gramadach-na-tuirce\/"]}]},{"@type":"ImageObject","inLanguage":"ga-IE","@id":"https:\/\/talkpal.ai\/ga\/gramadach-na-tuirce\/#primaryimage","url":"https:\/\/talkpal.ai\/wp-content\/uploads\/2023\/05\/turkish.png","contentUrl":"https:\/\/talkpal.ai\/wp-content\/uploads\/2023\/05\/turkish.png","width":512,"height":512,"caption":"TalkPal Turkish Flag"},{"@type":"BreadcrumbList","@id":"https:\/\/talkpal.ai\/ga\/gramadach-na-tuirce\/#breadcrumb","itemListElement":[{"@type":"ListItem","position":1,"name":"Homepage","item":"https:\/\/talkpal.ai\/ga\/"},{"@type":"ListItem","position":2,"name":"Gramadach na Tuirce"}]},{"@type":"WebSite","@id":"https:\/\/talkpal.ai\/ga\/#website","url":"https:\/\/talkpal.ai\/ga\/","name":"Talkpal","description":"AI Language Learning","publisher":{"@id":"https:\/\/talkpal.ai\/ga\/#organization"},"alternateName":"Talkpal AI","potentialAction":[{"@type":"SearchAction","target":{"@type":"EntryPoint","urlTemplate":"https:\/\/talkpal.ai\/ga\/?s={search_term_string}"},"query-input":{"@type":"PropertyValueSpecification","valueRequired":true,"valueName":"search_term_string"}}],"inLanguage":"ga-IE"},{"@type":"Organization","@id":"https:\/\/talkpal.ai\/ga\/#organization","name":"Talkpal, Inc.","alternateName":"Talkpal AI","url":"https:\/\/talkpal.ai\/ga\/","logo":{"@type":"ImageObject","inLanguage":"ga-IE","@id":"https:\/\/talkpal.ai\/ga\/#\/schema\/logo\/image\/","url":"https:\/\/talkpal.ai\/wp-content\/uploads\/2024\/03\/Talkpal-Logo-Icon.png","contentUrl":"https:\/\/talkpal.ai\/wp-content\/uploads\/2024\/03\/Talkpal-Logo-Icon.png","width":2880,"height":2880,"caption":"Talkpal, Inc."},"image":{"@id":"https:\/\/talkpal.ai\/ga\/#\/schema\/logo\/image\/"},"sameAs":["https:\/\/www.facebook.com\/profile.php?id=100090733639311","https:\/\/x.com\/talkpalai","https:\/\/www.linkedin.com\/company\/talkpal\/","https:\/\/www.youtube.com\/@TalkPal\/","https:\/\/www.tiktok.com\/@talkpal","https:\/\/www.instagram.com\/talkpal_ai\/","https:\/\/www.crunchbase.com\/organization\/talkpal-9cde","https:\/\/www.g2.com\/products\/talkpal-for-business\/","https:\/\/www.trustpilot.com\/review\/talkpal.ai","https:\/\/www.capterra.com\/p\/10006800\/TalkPal\/"],"description":"Talkpal is a language learning web and mobile education app, powered by the latest AI technologies, that provides engaging experiences to its customers in many different languages to help them improve their language skills. Users can chat about unlimited amount of topics with the app and use other modes to practice their language learning.","email":"support@talkpal.ai","legalName":"Talkpal, Inc.","foundingDate":"2023-04-03","duns":"118989042","numberOfEmployees":{"@type":"QuantitativeValue","minValue":"11","maxValue":"50"},"publishingPrinciples":"https:\/\/talkpal.ai\/publishing-principles\/","actionableFeedbackPolicy":"https:\/\/talkpal.ai\/actionable-feedback-policy\/","correctionsPolicy":"https:\/\/talkpal.ai\/corrections-policy\/","ethicsPolicy":"https:\/\/talkpal.ai\/ethics-policy\/","diversityPolicy":"https:\/\/talkpal.ai\/diversity-policy\/","diversityStaffingReport":"https:\/\/talkpal.ai\/diversity-policy\/"}]}},"_links":{"self":[{"href":"https:\/\/talkpal.ai\/ga\/wp-json\/wp\/v2\/pages\/1446668","targetHints":{"allow":["GET"]}}],"collection":[{"href":"https:\/\/talkpal.ai\/ga\/wp-json\/wp\/v2\/pages"}],"about":[{"href":"https:\/\/talkpal.ai\/ga\/wp-json\/wp\/v2\/types\/page"}],"author":[{"embeddable":true,"href":"https:\/\/talkpal.ai\/ga\/wp-json\/wp\/v2\/users\/1"}],"replies":[{"embeddable":true,"href":"https:\/\/talkpal.ai\/ga\/wp-json\/wp\/v2\/comments?post=1446668"}],"version-history":[{"count":0,"href":"https:\/\/talkpal.ai\/ga\/wp-json\/wp\/v2\/pages\/1446668\/revisions"}],"wp:featuredmedia":[{"embeddable":true,"href":"https:\/\/talkpal.ai\/ga\/wp-json\/wp\/v2\/media\/1443666"}],"wp:attachment":[{"href":"https:\/\/talkpal.ai\/ga\/wp-json\/wp\/v2\/media?parent=1446668"}],"curies":[{"name":"wp","href":"https:\/\/api.w.org\/{rel}","templated":true}]}}