{"id":1446658,"date":"2023-05-14T14:23:21","date_gmt":"2023-05-14T14:23:21","guid":{"rendered":"https:\/\/talkpal.ai\/gramadach-tagalaigis\/"},"modified":"2025-12-17T15:39:19","modified_gmt":"2025-12-17T15:39:19","slug":"gramadach-tagalaigis","status":"publish","type":"page","link":"https:\/\/talkpal.ai\/ga\/gramadach-tagalaigis\/","title":{"rendered":"Gramadach Tag\u00e1laigis"},"content":{"rendered":"\r\n\r\n\r\n<section class=\"languageChallengeSection\">\r\n    <div class=\"languageInfoWrapper\">\r\n        \r\n        <h1>Gramadach Tag\u00e1laigis<\/h1>\r\n        <p>Ar b\u00eds le Tag\u00e1laigis a fhoghlaim? D\u00e9an ini\u00fachadh ar ghramadach Tag\u00e1laigis, \u00e1it a gcrutha\u00edonn c\u00f3rais uath\u00fala f\u00f3cas briathra, ord abairt\u00ed sol\u00fabtha, agus c\u00e1ithn\u00edn\u00ed cabhracha teanga at\u00e1 chomh sainr\u00e1iteach agus at\u00e1 s\u00e9 suimi\u00fail. Tosaigh do thuras anois &#8211; cuirfidh m\u00e1istreacht ar ghramadach Tag\u00e1laigis ar do chumhacht cumars\u00e1id a dh\u00e9anamh go muin\u00edneach agus t\u00fa f\u00e9in a thumadh i gcult\u00far br\u00edomhar na hOile\u00e1in Fhilip\u00edneacha!<\/p>\r\n\r\n                            <a class=\"getStartedHidden\" href=\"https:\/\/app.talkpal.ai\/signup?lng=\">Tosaigh<\/a>\r\n        \r\n    <\/div>\r\n\r\n    <figure>\r\n    <img decoding=\"async\" width=\"768\" height=\"768\" src=\"https:\/\/talkpal.ai\/wp-content\/uploads\/2023\/06\/tagalog-768x768.png\" class=\"languageImage no-lazy\" alt=\"Overcoming challenges in language learning\" fetchpriority=\"high\" sizes=\"(max-width: 768px) 150px, 768px\" srcset=\"https:\/\/talkpal.ai\/wp-content\/uploads\/2023\/06\/tagalog-768x768.png 768w, https:\/\/talkpal.ai\/wp-content\/uploads\/2023\/06\/tagalog-300x300.png 300w\" \/>\r\n    \r\n\r\n    <\/figure>\r\n\r\n            <a class=\"getStartedVisible\" href=\"https:\/\/app.talkpal.ai\/signup?lng=\">Tosaigh<\/a>\r\n    \r\n<\/section>\r\n<section class=\"promotionalBanner\">\r\n    <p class=\"promotionalText\">An bealach is \u00e9ifeachta\u00ed le teanga a fhoghlaim<\/p>\r\n    <a class=\"promotionalLink\" href=\"https:\/\/app.talkpal.ai\/signup?lng=\">Bain triail as Talkpal saor in aisce<\/a>\r\n<\/section>\n<div class=\"wp-block-group pageContainerStyle\"><div class=\"wp-block-group__inner-container is-layout-constrained wp-block-group-is-layout-constrained\">\n<h1 class=\"wp-block-heading\" id=\"h-tagalog-grammar-get-to-know-the-heart-of-filipino-language\">Gramadach Tag\u00e1laigis: Cuir aithne ar chro\u00edl\u00e1r na teanga Filip\u00edneacha<\/h1>\n\n\n\n<p>Tag\u00e1laigis, bun\u00fas theanga n\u00e1isi\u00fanta na hOile\u00e1in Fhilip\u00edneacha, Filip\u00ednis, \u00e1 labhairt ag na milli\u00fain daoine ar fud an domhain. Chun Tag\u00e1laigis a fhoghlaim, caithfidh t\u00fa a ghramadach casta agus suimi\u00fail a thuiscint ar dt\u00fas. San alt seo, d\u00e9anfaimid ini\u00fachadh ar ghn\u00e9ithe bun\u00fasacha <a href=\"https:\/\/talkpal.ai\/tagalog-grammar\/\">gramadach Tag\u00e1laigis<\/a>, ag cabhr\u00fa leat meas a bheith agat ar an teanga \u00e1lainn seo ar bhealach comhr\u00e1 agus cairdi\u00fail.<\/p>\n\n\n\n<h3 class=\"wp-block-heading\" id=\"h-1-nouns-genderless-countable-and-uncountable\">1. Ainmfhocail &#8211; Genderless, Countable, and Uncountable<\/h3>\n\n\n\n<p>I Tag\u00e1laigis, n\u00ed dh\u00e9antar ainmfhocail (pangngalan) a chatag\u00f3iri\u00fa de r\u00e9ir inscne, rud a fh\u00e1gann go bhfuil s\u00e9 n\u00edos \u00e9asca \u00e9 a bhainisti\u00fa n\u00e1 roinnt teangacha eile. Tagra\u00edonn ainmfhocail choitianta do dhaoine, ainmhithe, \u00e1iteanna, ruda\u00ed, n\u00f3 smaointe, le hainmfhocail dh\u00edlse a l\u00e9ir\u00edonn ainmneacha sonracha. Tiocfaidh t\u00fa ar ainmfhocail inchomhairimh (tahanan, a chialla\u00edonn &#8220;teach&#8221;) agus ainmfhocail neamh-inchomhairimh (tubig, a chialla\u00edonn &#8220;uisce&#8221;). Is f\u00e9idir ainmfhocail a iomp\u00fa ina bhfoirmeacha iolra freisin tr\u00ed mharc\u00f3ir\u00ed sonracha cos\u00fail le &#8220;mga&#8221; a <a href=\"https:\/\/talkpal.ai\/locations\/language-courses-in-chur\/\">chur<\/a> leis.<\/p>\n\n\n\n<h3 class=\"wp-block-heading\" id=\"h-2-adjectives-describing-with-flair\">2. Aidiachta\u00ed &#8211; Cur s\u00edos le Flair<\/h3>\n\n\n\n<p>Sol\u00e1thra\u00edonn aidiachta\u00ed (pang-uri) n\u00edos m\u00f3 eolais faoi ainmfhocail, le roinnt beala\u00ed chun aidiachta\u00ed a \u00fas\u00e1id i Tag\u00e1laigis. D\u00e9antar compar\u00e1id idir ainmfhocail tr\u00ed aidiachta\u00ed tr\u00ed na marc\u00f3ir\u00ed &#8220;mas&#8221; agus &#8220;pinaka&#8221; a \u00fas\u00e1id chun c\u00e9imeanna compar\u00e1ideacha agus superlative a chruth\u00fa. Mar shampla, cialla\u00edonn &#8220;maganda&#8221; &#8220;\u00e1lainn,&#8221; agus cialla\u00edonn &#8220;mas maganda&#8221; &#8220;n\u00edos \u00e1ille&#8221; agus cialla\u00edonn &#8220;pinakamaganda&#8221; &#8220;an ceann is \u00e1ille.&#8221;<\/p>\n\n\n\n<h3 class=\"wp-block-heading\" id=\"h-3-pronouns-keeping-it-personal\">3. Forainmneacha &#8211; \u00c9 a Choinne\u00e1il Pearsanta<\/h3>\n\n\n\n<p>Is \u00e9ard at\u00e1 i ngramadach Tag\u00e1laigis n\u00e1 forainmneacha pearsanta, sealbhacha, taispe\u00e1nacha, ceisti\u00fach\u00e1in agus coibhneasta. Tagann forainmneacha pearsanta i dtr\u00ed ch\u00e1s: nominative (ag l\u00e9iri\u00fa an \u00e1bhair), ginideach (ag l\u00e9iri\u00fa seilbh), agus accusative (ag l\u00e9iri\u00fa an rud). \u00das\u00e1idtear forainmneacha l\u00e9iri\u00fala, cos\u00fail le &#8220;ito&#8221; (seo) agus &#8220;iyan&#8221; (sin), chun ruda\u00ed sonracha a chur in i\u00fal, agus \u00fas\u00e1idtear forainmneacha ceisti\u00fach\u00e1in chun ceisteanna a chur.<\/p>\n\n\n\n<h3 class=\"wp-block-heading\" id=\"h-4-verbs-conjugation-and-focus\">4. Briathra \u2013 Comhchuingi\u00fa agus F\u00f3cas<\/h3>\n\n\n\n<p>T\u00e1 r\u00f3l r\u00edth\u00e1bhachtach ag briathra Tag\u00e1laigis (pandiwa) i dt\u00f3g\u00e1il abairt\u00ed, agus t\u00e1 a gcomhchuingi\u00fa ar <a href=\"https:\/\/talkpal.ai\/locations\/language-courses-in-leith\/\">leith<\/a>. In ionad athruithe aimsire, t\u00e1 athruithe gn\u00e9 i gceist le comhchuingithe briathartha i Tag\u00e1laigis. T\u00e1 tr\u00ed ghn\u00e9 briathartha ann: cr\u00edochnaithe (foirfe), neamhchr\u00edochnaithe (neamhfhoirfe), agus contemplated (todhcha\u00ed).  <\/p>\n\n\n\n<p>Ina theannta sin, t\u00e1 c\u00f3ras f\u00f3cais uath\u00fail ag Tag\u00e1laigis a bhaineann le briathra. Sa ch\u00f3ras seo, athra\u00edonn an fhoirm bhriathar ag brath ar c\u00e9n chuid den abairt a bhfuil d\u00edri\u00fa air, mar shampla an rud, an t-\u00e1bhar n\u00f3 treo an ghn\u00edmh. Cuid\u00edonn pr\u00edomhmharc\u00f3ir\u00ed cos\u00fail le &#8220;um-&#8220;, &#8220;mag-&#8220;, agus &#8220;-in&#8221; nuances \u00e9ags\u00fala a chur in i\u00fal laistigh d&#8217;abairt\u00ed.<\/p>\n\n\n\n<h3 class=\"wp-block-heading\" id=\"h-5-embracing-the-journey\">5. Ag glacadh leis an Turas<\/h3>\n\n\n\n<p><a href=\"https:\/\/talkpal.ai\/mastering-learning-tagalog-your-ultimate-guide-to-fluency\/\">Learning Tagalog<\/a> <a href=\"https:\/\/talkpal.ai\/pa\/%e0%a8%b5%e0%a8%bf%e0%a8%86%e0%a8%95%e0%a8%b0%e0%a8%a3\/\">grammar<\/a> requires time, effort, and a touch of patience. Mar sin f\u00e9in, sol\u00e1thra\u00edonn a uath\u00falacht, nuair a dh\u00e9antar m\u00e1istreacht air, l\u00e9argas gan s\u00e1r\u00fa ar chult\u00far agus oidhreacht Filip\u00edneach. Coinnigh intinn oscailte, cleachtadh go comhsheasmhach, agus n\u00e1 b\u00edodh eagla ort bot\u00fain a dh\u00e9anamh agus t\u00fa ag caint.<\/p>\n\n\n\n<p>Agus t\u00fa ag tumadh n\u00edos doichne i nuances <a href=\"https:\/\/talkpal.ai\/ga\/cleachtai-gramadai-tagalaigis\/\">gramada\u00ed Tag\u00e1laigis<\/a>, t\u00f3g am chun taitneamh a bhaint as an mbeocht agus an saibhreas a thairgeann s\u00e9. Taitneamh a bhaint as do thuiscint ar na castachta\u00ed a fh\u00e1gann go bhfuil an teanga seo f\u00edor-eisceacht\u00fail. Maligayang pag-aaral &#8211; foghlaim shona!<\/p>\n<\/div><\/div>\n\r\n<section class=\"learnNavigationSection\">\r\n            \r\n        <a href=\"https:\/\/talkpal.ai\/ga\/foghlaim-tagalaigis\/\">\r\n            <div class=\"learnNavigationWrapper\">\r\n                <div class=\"learnNavigationContent\">\r\n                    <img decoding=\"async\" src=\"https:\/\/talkpal.ai\/wp-content\/uploads\/2024\/08\/Tagalog.jpg\" alt=\"Philippines Flag\">\r\n                    <div>\r\n                        <h4>Maidir le Foghlaim Tag\u00e1laigis<\/h4>\r\n                        <p>Faigh amach gach rud faoi ghramadach Tag\u00e1laigis.<\/p>\r\n                    <\/div>\r\n                <\/div>\r\n            <\/div>\r\n        <\/a>\r\n\r\n        \r\n        <a href=\"https:\/\/talkpal.ai\/ga\/cleachtai-gramadai-tagalaigis\/\">\r\n            <div class=\"learnNavigationWrapper\">\r\n                <div class=\"learnNavigationContent\">\r\n                    <img decoding=\"async\" src=\"https:\/\/talkpal.ai\/wp-content\/uploads\/2024\/08\/Tagalog.jpg\" alt=\"Philippines Flag\">\r\n                    <div>\r\n                        <h4>Cleachtadh Gramada\u00ed Tag\u00e1laigis<\/h4>\r\n                        <p>Cleachtadh gramadach Tag\u00e1laigis.<\/p>\r\n                    <\/div>\r\n                <\/div>\r\n            <\/div>\r\n        <\/a>\r\n\r\n        \r\n        <a href=\"https:\/\/talkpal.ai\/vocabulary_language\/tagalog\/\">\r\n            <div class=\"learnNavigationWrapper\">\r\n                <div class=\"learnNavigationContent\">\r\n                    <img decoding=\"async\" src=\"https:\/\/talkpal.ai\/wp-content\/uploads\/2024\/08\/Tagalog.jpg\" alt=\"Philippines Flag\">\r\n                    <div>\r\n                        <h4>St\u00f3r Focal Tag\u00e1laigis<\/h4>\r\n                        <p>Leathnaigh do st\u00f3r focal Tag\u00e1laigis.<\/p>\r\n                    <\/div>\r\n                <\/div>\r\n            <\/div>\r\n        <\/a>\r\n\r\n            <\/section>","protected":false},"excerpt":{"rendered":"<p>Gramadach Tag\u00e1laigis: Cuir aithne ar chro\u00edl\u00e1r na teanga Filip\u00edneacha Tag\u00e1laigis, bun\u00fas theanga n\u00e1isi\u00fanta na hOile\u00e1in Fhilip\u00edneacha, Filip\u00ednis, \u00e1 labhairt ag na milli\u00fain daoine ar fud an domhain. Chun Tag\u00e1laigis a fhoghlaim, caithfidh t\u00fa a ghramadach casta agus suimi\u00fail a thuiscint ar dt\u00fas. San alt seo, d\u00e9anfaimid ini\u00fachadh ar ghn\u00e9ithe bun\u00fasacha gramadach Tag\u00e1laigis, ag cabhr\u00fa leat [&hellip;]<\/p>\n","protected":false},"author":1,"featured_media":1444729,"parent":0,"menu_order":0,"comment_status":"closed","ping_status":"closed","template":"LearningContentPage.php","meta":{"_acf_changed":false,"footnotes":""},"class_list":["post-1446658","page","type-page","status-publish","has-post-thumbnail","hentry"],"acf":[],"yoast_head":"<!-- This site is optimized with the Yoast SEO Premium plugin v27.2 (Yoast SEO v27.2) - https:\/\/yoast.com\/product\/yoast-seo-premium-wordpress\/ -->\n<title>Gramadach Tag\u00e1laigis - Talkpal<\/title>\n<meta name=\"description\" content=\"D\u00e9an ini\u00fachadh ar bhuneilimint\u00ed gramada\u00ed Tag\u00e1laigis agus foghlaim conas meas a bheith agat ar an teanga \u00e1lainn seo ar bhealach simpl\u00ed agus cairdi\u00fail.\" \/>\n<meta name=\"robots\" content=\"index, follow, max-snippet:-1, max-image-preview:large, max-video-preview:-1\" \/>\n<link rel=\"canonical\" href=\"https:\/\/talkpal.ai\/ga\/gramadach-tagalaigis\/\" \/>\n<meta property=\"og:locale\" content=\"ga_IE\" \/>\n<meta property=\"og:type\" content=\"article\" \/>\n<meta property=\"og:title\" content=\"Gramadach Tag\u00e1laigis\" \/>\n<meta property=\"og:description\" content=\"Gramadach Tag\u00e1laigis: Cuir aithne ar chro\u00edl\u00e1r na teanga Filip\u00edneacha Tag\u00e1laigis, bun\u00fas theanga n\u00e1isi\u00fanta na hOile\u00e1in Fhilip\u00edneacha, Filip\u00ednis, \u00e1 labhairt\" \/>\n<meta property=\"og:url\" content=\"https:\/\/talkpal.ai\/ga\/gramadach-tagalaigis\/\" \/>\n<meta property=\"og:site_name\" content=\"Talkpal\" \/>\n<meta property=\"article:publisher\" content=\"https:\/\/www.facebook.com\/profile.php?id=100090733639311\" \/>\n<meta property=\"article:modified_time\" content=\"2025-12-17T15:39:19+00:00\" \/>\n<meta property=\"og:image\" content=\"https:\/\/talkpal.ai\/wp-content\/uploads\/2023\/05\/Tagalog-philippines.png\" \/>\n\t<meta property=\"og:image:width\" content=\"512\" \/>\n\t<meta property=\"og:image:height\" content=\"512\" \/>\n\t<meta property=\"og:image:type\" content=\"image\/png\" \/>\n<meta name=\"twitter:card\" content=\"summary_large_image\" \/>\n<meta name=\"twitter:site\" content=\"@talkpalai\" \/>\n<meta name=\"twitter:label1\" content=\"Est. reading time\" \/>\n\t<meta name=\"twitter:data1\" content=\"3 minutes\" \/>\n<script type=\"application\/ld+json\" class=\"yoast-schema-graph\">{\"@context\":\"https:\/\/schema.org\",\"@graph\":[{\"@type\":\"WebPage\",\"@id\":\"https:\/\/talkpal.ai\/ga\/gramadach-tagalaigis\/\",\"url\":\"https:\/\/talkpal.ai\/ga\/gramadach-tagalaigis\/\",\"name\":\"Gramadach Tag\u00e1laigis - Talkpal\",\"isPartOf\":{\"@id\":\"https:\/\/talkpal.ai\/ga\/#website\"},\"primaryImageOfPage\":{\"@id\":\"https:\/\/talkpal.ai\/ga\/gramadach-tagalaigis\/#primaryimage\"},\"image\":{\"@id\":\"https:\/\/talkpal.ai\/ga\/gramadach-tagalaigis\/#primaryimage\"},\"thumbnailUrl\":\"https:\/\/talkpal.ai\/wp-content\/uploads\/2023\/05\/Tagalog-philippines.png\",\"datePublished\":\"2023-05-14T14:23:21+00:00\",\"dateModified\":\"2025-12-17T15:39:19+00:00\",\"description\":\"D\u00e9an ini\u00fachadh ar bhuneilimint\u00ed gramada\u00ed Tag\u00e1laigis agus foghlaim conas meas a bheith agat ar an teanga \u00e1lainn seo ar bhealach simpl\u00ed agus cairdi\u00fail.\",\"breadcrumb\":{\"@id\":\"https:\/\/talkpal.ai\/ga\/gramadach-tagalaigis\/#breadcrumb\"},\"inLanguage\":\"ga-IE\",\"potentialAction\":[{\"@type\":\"ReadAction\",\"target\":[\"https:\/\/talkpal.ai\/ga\/gramadach-tagalaigis\/\"]}]},{\"@type\":\"ImageObject\",\"inLanguage\":\"ga-IE\",\"@id\":\"https:\/\/talkpal.ai\/ga\/gramadach-tagalaigis\/#primaryimage\",\"url\":\"https:\/\/talkpal.ai\/wp-content\/uploads\/2023\/05\/Tagalog-philippines.png\",\"contentUrl\":\"https:\/\/talkpal.ai\/wp-content\/uploads\/2023\/05\/Tagalog-philippines.png\",\"width\":512,\"height\":512,\"caption\":\"TalkPal Tagalog Flag\"},{\"@type\":\"BreadcrumbList\",\"@id\":\"https:\/\/talkpal.ai\/ga\/gramadach-tagalaigis\/#breadcrumb\",\"itemListElement\":[{\"@type\":\"ListItem\",\"position\":1,\"name\":\"Homepage\",\"item\":\"https:\/\/talkpal.ai\/ga\/\"},{\"@type\":\"ListItem\",\"position\":2,\"name\":\"Gramadach Tag\u00e1laigis\"}]},{\"@type\":\"WebSite\",\"@id\":\"https:\/\/talkpal.ai\/ga\/#website\",\"url\":\"https:\/\/talkpal.ai\/ga\/\",\"name\":\"Talkpal\",\"description\":\"AI Language Learning\",\"publisher\":{\"@id\":\"https:\/\/talkpal.ai\/ga\/#organization\"},\"alternateName\":\"Talkpal AI\",\"potentialAction\":[{\"@type\":\"SearchAction\",\"target\":{\"@type\":\"EntryPoint\",\"urlTemplate\":\"https:\/\/talkpal.ai\/ga\/?s={search_term_string}\"},\"query-input\":{\"@type\":\"PropertyValueSpecification\",\"valueRequired\":true,\"valueName\":\"search_term_string\"}}],\"inLanguage\":\"ga-IE\"},{\"@type\":\"Organization\",\"@id\":\"https:\/\/talkpal.ai\/ga\/#organization\",\"name\":\"Talkpal, Inc.\",\"alternateName\":\"Talkpal AI\",\"url\":\"https:\/\/talkpal.ai\/ga\/\",\"logo\":{\"@type\":\"ImageObject\",\"inLanguage\":\"ga-IE\",\"@id\":\"https:\/\/talkpal.ai\/ga\/#\/schema\/logo\/image\/\",\"url\":\"https:\/\/talkpal.ai\/wp-content\/uploads\/2024\/03\/Talkpal-Logo-Icon.png\",\"contentUrl\":\"https:\/\/talkpal.ai\/wp-content\/uploads\/2024\/03\/Talkpal-Logo-Icon.png\",\"width\":2880,\"height\":2880,\"caption\":\"Talkpal, Inc.\"},\"image\":{\"@id\":\"https:\/\/talkpal.ai\/ga\/#\/schema\/logo\/image\/\"},\"sameAs\":[\"https:\/\/www.facebook.com\/profile.php?id=100090733639311\",\"https:\/\/x.com\/talkpalai\",\"https:\/\/www.linkedin.com\/company\/talkpal\/\",\"https:\/\/www.youtube.com\/@TalkPal\/\",\"https:\/\/www.tiktok.com\/@talkpal\",\"https:\/\/www.instagram.com\/talkpal_ai\/\",\"https:\/\/www.crunchbase.com\/organization\/talkpal-9cde\",\"https:\/\/www.g2.com\/products\/talkpal-for-business\/\",\"https:\/\/www.trustpilot.com\/review\/talkpal.ai\",\"https:\/\/www.capterra.com\/p\/10006800\/TalkPal\/\"],\"description\":\"Talkpal is a language learning web and mobile education app, powered by the latest AI technologies, that provides engaging experiences to its customers in many different languages to help them improve their language skills. Users can chat about unlimited amount of topics with the app and use other modes to practice their language learning.\",\"email\":\"support@talkpal.ai\",\"legalName\":\"Talkpal, Inc.\",\"foundingDate\":\"2023-04-03\",\"duns\":\"118989042\",\"numberOfEmployees\":{\"@type\":\"QuantitativeValue\",\"minValue\":\"11\",\"maxValue\":\"50\"},\"publishingPrinciples\":\"https:\/\/talkpal.ai\/publishing-principles\/\",\"actionableFeedbackPolicy\":\"https:\/\/talkpal.ai\/actionable-feedback-policy\/\",\"correctionsPolicy\":\"https:\/\/talkpal.ai\/corrections-policy\/\",\"ethicsPolicy\":\"https:\/\/talkpal.ai\/ethics-policy\/\",\"diversityPolicy\":\"https:\/\/talkpal.ai\/diversity-policy\/\",\"diversityStaffingReport\":\"https:\/\/talkpal.ai\/diversity-policy\/\"}]}<\/script>\n<!-- \/ Yoast SEO Premium plugin. -->","yoast_head_json":{"title":"Gramadach Tag\u00e1laigis - Talkpal","description":"D\u00e9an ini\u00fachadh ar bhuneilimint\u00ed gramada\u00ed Tag\u00e1laigis agus foghlaim conas meas a bheith agat ar an teanga \u00e1lainn seo ar bhealach simpl\u00ed agus cairdi\u00fail.","robots":{"index":"index","follow":"follow","max-snippet":"max-snippet:-1","max-image-preview":"max-image-preview:large","max-video-preview":"max-video-preview:-1"},"canonical":"https:\/\/talkpal.ai\/ga\/gramadach-tagalaigis\/","og_locale":"ga_IE","og_type":"article","og_title":"Gramadach Tag\u00e1laigis","og_description":"Gramadach Tag\u00e1laigis: Cuir aithne ar chro\u00edl\u00e1r na teanga Filip\u00edneacha Tag\u00e1laigis, bun\u00fas theanga n\u00e1isi\u00fanta na hOile\u00e1in Fhilip\u00edneacha, Filip\u00ednis, \u00e1 labhairt","og_url":"https:\/\/talkpal.ai\/ga\/gramadach-tagalaigis\/","og_site_name":"Talkpal","article_publisher":"https:\/\/www.facebook.com\/profile.php?id=100090733639311","article_modified_time":"2025-12-17T15:39:19+00:00","og_image":[{"width":512,"height":512,"url":"https:\/\/talkpal.ai\/wp-content\/uploads\/2023\/05\/Tagalog-philippines.png","type":"image\/png"}],"twitter_card":"summary_large_image","twitter_site":"@talkpalai","twitter_misc":{"Est. reading time":"3 minutes"},"schema":{"@context":"https:\/\/schema.org","@graph":[{"@type":"WebPage","@id":"https:\/\/talkpal.ai\/ga\/gramadach-tagalaigis\/","url":"https:\/\/talkpal.ai\/ga\/gramadach-tagalaigis\/","name":"Gramadach Tag\u00e1laigis - Talkpal","isPartOf":{"@id":"https:\/\/talkpal.ai\/ga\/#website"},"primaryImageOfPage":{"@id":"https:\/\/talkpal.ai\/ga\/gramadach-tagalaigis\/#primaryimage"},"image":{"@id":"https:\/\/talkpal.ai\/ga\/gramadach-tagalaigis\/#primaryimage"},"thumbnailUrl":"https:\/\/talkpal.ai\/wp-content\/uploads\/2023\/05\/Tagalog-philippines.png","datePublished":"2023-05-14T14:23:21+00:00","dateModified":"2025-12-17T15:39:19+00:00","description":"D\u00e9an ini\u00fachadh ar bhuneilimint\u00ed gramada\u00ed Tag\u00e1laigis agus foghlaim conas meas a bheith agat ar an teanga \u00e1lainn seo ar bhealach simpl\u00ed agus cairdi\u00fail.","breadcrumb":{"@id":"https:\/\/talkpal.ai\/ga\/gramadach-tagalaigis\/#breadcrumb"},"inLanguage":"ga-IE","potentialAction":[{"@type":"ReadAction","target":["https:\/\/talkpal.ai\/ga\/gramadach-tagalaigis\/"]}]},{"@type":"ImageObject","inLanguage":"ga-IE","@id":"https:\/\/talkpal.ai\/ga\/gramadach-tagalaigis\/#primaryimage","url":"https:\/\/talkpal.ai\/wp-content\/uploads\/2023\/05\/Tagalog-philippines.png","contentUrl":"https:\/\/talkpal.ai\/wp-content\/uploads\/2023\/05\/Tagalog-philippines.png","width":512,"height":512,"caption":"TalkPal Tagalog Flag"},{"@type":"BreadcrumbList","@id":"https:\/\/talkpal.ai\/ga\/gramadach-tagalaigis\/#breadcrumb","itemListElement":[{"@type":"ListItem","position":1,"name":"Homepage","item":"https:\/\/talkpal.ai\/ga\/"},{"@type":"ListItem","position":2,"name":"Gramadach Tag\u00e1laigis"}]},{"@type":"WebSite","@id":"https:\/\/talkpal.ai\/ga\/#website","url":"https:\/\/talkpal.ai\/ga\/","name":"Talkpal","description":"AI Language Learning","publisher":{"@id":"https:\/\/talkpal.ai\/ga\/#organization"},"alternateName":"Talkpal AI","potentialAction":[{"@type":"SearchAction","target":{"@type":"EntryPoint","urlTemplate":"https:\/\/talkpal.ai\/ga\/?s={search_term_string}"},"query-input":{"@type":"PropertyValueSpecification","valueRequired":true,"valueName":"search_term_string"}}],"inLanguage":"ga-IE"},{"@type":"Organization","@id":"https:\/\/talkpal.ai\/ga\/#organization","name":"Talkpal, Inc.","alternateName":"Talkpal AI","url":"https:\/\/talkpal.ai\/ga\/","logo":{"@type":"ImageObject","inLanguage":"ga-IE","@id":"https:\/\/talkpal.ai\/ga\/#\/schema\/logo\/image\/","url":"https:\/\/talkpal.ai\/wp-content\/uploads\/2024\/03\/Talkpal-Logo-Icon.png","contentUrl":"https:\/\/talkpal.ai\/wp-content\/uploads\/2024\/03\/Talkpal-Logo-Icon.png","width":2880,"height":2880,"caption":"Talkpal, Inc."},"image":{"@id":"https:\/\/talkpal.ai\/ga\/#\/schema\/logo\/image\/"},"sameAs":["https:\/\/www.facebook.com\/profile.php?id=100090733639311","https:\/\/x.com\/talkpalai","https:\/\/www.linkedin.com\/company\/talkpal\/","https:\/\/www.youtube.com\/@TalkPal\/","https:\/\/www.tiktok.com\/@talkpal","https:\/\/www.instagram.com\/talkpal_ai\/","https:\/\/www.crunchbase.com\/organization\/talkpal-9cde","https:\/\/www.g2.com\/products\/talkpal-for-business\/","https:\/\/www.trustpilot.com\/review\/talkpal.ai","https:\/\/www.capterra.com\/p\/10006800\/TalkPal\/"],"description":"Talkpal is a language learning web and mobile education app, powered by the latest AI technologies, that provides engaging experiences to its customers in many different languages to help them improve their language skills. Users can chat about unlimited amount of topics with the app and use other modes to practice their language learning.","email":"support@talkpal.ai","legalName":"Talkpal, Inc.","foundingDate":"2023-04-03","duns":"118989042","numberOfEmployees":{"@type":"QuantitativeValue","minValue":"11","maxValue":"50"},"publishingPrinciples":"https:\/\/talkpal.ai\/publishing-principles\/","actionableFeedbackPolicy":"https:\/\/talkpal.ai\/actionable-feedback-policy\/","correctionsPolicy":"https:\/\/talkpal.ai\/corrections-policy\/","ethicsPolicy":"https:\/\/talkpal.ai\/ethics-policy\/","diversityPolicy":"https:\/\/talkpal.ai\/diversity-policy\/","diversityStaffingReport":"https:\/\/talkpal.ai\/diversity-policy\/"}]}},"_links":{"self":[{"href":"https:\/\/talkpal.ai\/ga\/wp-json\/wp\/v2\/pages\/1446658","targetHints":{"allow":["GET"]}}],"collection":[{"href":"https:\/\/talkpal.ai\/ga\/wp-json\/wp\/v2\/pages"}],"about":[{"href":"https:\/\/talkpal.ai\/ga\/wp-json\/wp\/v2\/types\/page"}],"author":[{"embeddable":true,"href":"https:\/\/talkpal.ai\/ga\/wp-json\/wp\/v2\/users\/1"}],"replies":[{"embeddable":true,"href":"https:\/\/talkpal.ai\/ga\/wp-json\/wp\/v2\/comments?post=1446658"}],"version-history":[{"count":0,"href":"https:\/\/talkpal.ai\/ga\/wp-json\/wp\/v2\/pages\/1446658\/revisions"}],"wp:featuredmedia":[{"embeddable":true,"href":"https:\/\/talkpal.ai\/ga\/wp-json\/wp\/v2\/media\/1444729"}],"wp:attachment":[{"href":"https:\/\/talkpal.ai\/ga\/wp-json\/wp\/v2\/media?parent=1446658"}],"curies":[{"name":"wp","href":"https:\/\/api.w.org\/{rel}","templated":true}]}}