{"id":1446654,"date":"2023-06-14T13:25:23","date_gmt":"2023-06-14T13:25:23","guid":{"rendered":"https:\/\/talkpal.ai\/cleachtai-gramadai-bearla\/"},"modified":"2025-12-17T16:34:51","modified_gmt":"2025-12-17T16:34:51","slug":"cleachtai-gramadai-bearla","status":"publish","type":"page","link":"https:\/\/talkpal.ai\/ga\/cleachtai-gramadai-bearla\/","title":{"rendered":"Cleachta\u00ed Gramada\u00ed B\u00e9arla"},"content":{"rendered":"\r\n\r\n\r\n<section class=\"languageChallengeSection\">\r\n    <div class=\"languageInfoWrapper\">\r\n        \r\n        <h1>Cleachta\u00ed Gramada\u00ed B\u00e9arla<\/h1>\r\n        <p>Ar mhaith leat do mhuin\u00edn sa Bh\u00e9arla a threisi\u00fa? Is bealach iontach \u00e9 cleachta\u00ed gramada\u00ed a chleachtadh chun do thuiscint ar rialacha gramada\u00ed a fheabhs\u00fa, briathra a \u00fas\u00e1id i gceart, agus do st\u00f3r focal a leathn\u00fa. Tosaigh ag obair ar do ghramadach <a href=\"https:\/\/talkpal.ai\/learn-english-with-ai\/\">B\u00e9arla<\/a> inniu, agus f\u00e9ach ar do scileanna agus l\u00edofacht ag f\u00e1s le gach cleachtadh!\n\n<\/p>\r\n\r\n                            <a class=\"getStartedHidden\" href=\"https:\/\/app.talkpal.ai\/signup?lng=\">Tosaigh<\/a>\r\n        \r\n    <\/div>\r\n\r\n    <figure>\r\n    <img decoding=\"async\" width=\"768\" height=\"768\" src=\"https:\/\/talkpal.ai\/wp-content\/uploads\/2023\/06\/English-768x768.png\" class=\"languageImage no-lazy\" alt=\"Language learning for improved multitasking\" fetchpriority=\"high\" sizes=\"(max-width: 768px) 150px, 768px\" srcset=\"https:\/\/talkpal.ai\/wp-content\/uploads\/2023\/06\/English-768x768.png 768w, https:\/\/talkpal.ai\/wp-content\/uploads\/2023\/06\/English-300x300.png 300w\" \/>\r\n    \r\n\r\n    <\/figure>\r\n\r\n            <a class=\"getStartedVisible\" href=\"https:\/\/app.talkpal.ai\/signup?lng=\">Tosaigh<\/a>\r\n    \r\n<\/section>\r\n\r\n\r\n<!-- <section class=\"grammarSection\">\r\n    <div class=\"grammarLinks\">\r\n            <\/div>\r\n<\/section> -->\r\n\r\n\r\n\r\n\r\n<section class=\"promotionalBanner\">\r\n    <p class=\"promotionalText\">An bealach is \u00e9ifeachta\u00ed le teanga a fhoghlaim<\/p>\r\n    <a class=\"promotionalLink\" href=\"https:\/\/app.talkpal.ai\/signup?lng=\">Bain triail as Talkpal saor in aisce<\/a>\r\n<\/section>\n<div class=\"wp-block-group pageContainerStyle\"><div class=\"wp-block-group__inner-container is-layout-constrained wp-block-group-is-layout-constrained\">\n<h2 class=\"wp-block-heading\" id=\"h-english-grammar-topics\">Topaic\u00ed Gramada\u00ed B\u00e9arla<\/h2>\n\n\n\n<p>Is sraith rialacha agus treoirl\u00ednte \u00e9 <a href=\"https:\/\/talkpal.ai\/grammar\/\">gramadach<\/a> an Bh\u00e9arla a chinneann strucht\u00far an Bh\u00e9arla. Ligeann s\u00e9 d\u00fainn cumars\u00e1id a dh\u00e9anamh lena ch\u00e9ile go soil\u00e9ir agus go h\u00e9ifeachtach. Nuair a bh\u00edonn B\u00e9arla \u00e1 fhoghlaim, t\u00e1 tuiscint ar an ngramadach riachtanach chun scileanna l\u00e1idre l\u00e9itheoireachta, scr\u00edbhneoireachta agus labhartha a fhorbairt. Cuimseoidh an turas seo comhph\u00e1irteanna \u00e9ags\u00fala den ghramadach mar aidiachta\u00ed, adverbs, ailt, coinn\u00edollacha, ainmfhocail, r\u00e9amhfhocail, forainmneacha \/ cinntitheoir\u00ed, abairt\u00ed, compar\u00e1id aimsire, aimsir agus briathra. D\u00e9anaimis ini\u00fachadh ar gach ceann de na topaic\u00ed seo i seicheamh molta chun foghlaim gramada\u00ed B\u00e9arla a dh\u00e9anamh n\u00edos \u00e9ifeachta\u00ed agus n\u00edos taitneamha\u00ed.<\/p>\n\n\n\n<h3 class=\"wp-block-heading\" id=\"h-1-nouns\">1. Ainmfhocail:<\/h3>\n\n\n\n<p>Is iad na hainmfhocail na bloic th\u00f3g\u00e1la is bun\u00fasa\u00ed de ghramadach an Bh\u00e9arla. Is focail iad a l\u00e9ir\u00edonn daoine, \u00e1iteanna, ruda\u00ed, n\u00f3 smaointe. T\u00e1 s\u00e9 riachtanach ainmfhocail a thuiscint chun abairt\u00ed a fhoirmi\u00fa agus br\u00ed a <a href=\"https:\/\/talkpal.ai\/locations\/language-courses-in-chur\/\">chur<\/a> in i\u00fal sa teanga.<\/p>\n\n\n\n<h3 class=\"wp-block-heading\" id=\"h-2-pronouns-determiners\">2. Forainmneacha \/ Cinntitheoir\u00ed:<\/h3>\n\n\n\n<p>Nuair a bh\u00edonn tuiscint agat ar ainmfhocail, is \u00e9 foghlaim faoi fhorainmneacha agus cinnteoir\u00ed an ch\u00e9ad ch\u00e9im eile. Cuirtear forainmneacha in ionad ainmfhocail in abairt chun athr\u00e1 a sheachaint, agus sol\u00e1thra\u00edonn cinnteoir\u00ed faisn\u00e9is faoin ainmfhocal, mar shampla cainn\u00edocht n\u00f3 seilbh.<\/p>\n\n\n\n<h3 class=\"wp-block-heading\" id=\"h-3-verbs\">3. Briathra:<\/h3>\n\n\n\n<p>Is focail ghn\u00edomha\u00edochta iad briathra a chuireann in i\u00fal cad at\u00e1 ainmfhocal ag d\u00e9anamh n\u00f3 ag taith\u00ed. Is cuid r\u00edth\u00e1bhachtach d&#8217;aon abairt iad, agus t\u00e1 s\u00e9 riachtanach tuiscint a fh\u00e1il ar an gcaoi a n-oibr\u00edonn siad chun r\u00e1itis shoil\u00e9ire agus gonta a chruth\u00fa.<\/p>\n\n\n\n<h3 class=\"wp-block-heading\" id=\"h-4-adjectives\">4. Aidiachta\u00ed:<\/h3>\n\n\n\n<p>D\u00e9anann aidiachta\u00ed cur s\u00edos ar ainmfhocail n\u00f3 iad a mhodhn\u00fa, rud a thugann tuilleadh eolais faoina dtr\u00e9ithe n\u00f3 a dtr\u00e9ithe. M\u00e1 fhoghlaim\u00edonn t\u00fa conas aidiachta\u00ed a \u00fas\u00e1id go h\u00e9ifeachtach, feabhs\u00f3idh s\u00e9 do chumas cumars\u00e1id a dh\u00e9anamh i mB\u00e9arla.<\/p>\n\n\n\n<h3 class=\"wp-block-heading\" id=\"h-5-adverbs\">5. Adverbs:<\/h3>\n\n\n\n<p>T\u00e1 adverbs cos\u00fail le haidiachta\u00ed ach modhna\u00edonn siad briathra, aidiachta\u00ed, n\u00f3 aidiachta\u00ed eile. Is minic a dh\u00e9anann siad cur s\u00edos ar conas, cathain, n\u00f3 c\u00e1 h\u00e1it a tharla\u00edonn gn\u00edomh. Cuirfidh fios a bheith agat conas adverbs a \u00fas\u00e1id doimhneacht agus mionsonra\u00ed le do chumars\u00e1id Bh\u00e9arla.<\/p>\n\n\n\n<h3 class=\"wp-block-heading\" id=\"h-6-prepositions\">6. Prepositions:<\/h3>\n\n\n\n<p>Is focail iad r\u00e9amhfhocail a thaispe\u00e1nann an gaol idir ainmfhocail, forainmneacha, agus focail eile in abairt. Cuid\u00edonn siad le comhth\u00e9acs a shol\u00e1thar, mar shampla su\u00edomh, am, n\u00f3 treo.<\/p>\n\n\n\n<h3 class=\"wp-block-heading\" id=\"h-7-articles\">7. Airteagail:<\/h3>\n\n\n\n<p>Is cine\u00e1l cinnteora iad ailt a shonra\u00edonn an bhfuil ainmfhocal cinnte n\u00f3 \u00e9iginnte. T\u00e1 siad t\u00e1bhachtach chun abairt\u00ed a fhoirmi\u00fa i gceart agus cabhra\u00edonn siad le br\u00ed r\u00e1itis a shoil\u00e9iri\u00fa.<\/p>\n\n\n\n<h3 class=\"wp-block-heading\" id=\"h-8-tenses\">8. Aimsir:<\/h3>\n\n\n\n<p>L\u00e9ir\u00edonn aimsir am gn\u00edomha\u00edochta n\u00f3 staid bheith. M\u00e1 fhoghlaim\u00edonn t\u00fa na haimsir\u00ed \u00e9ags\u00fala i mB\u00e9arla, beidh t\u00fa in ann t\u00fa f\u00e9in a chur in i\u00fal go cruinn, cib\u00e9 an bhfuil t\u00fa ag pl\u00e9 an t-am at\u00e1 thart, an l\u00e1 at\u00e1 inniu ann, n\u00f3 an todhcha\u00ed.<\/p>\n\n\n\n<h3 class=\"wp-block-heading\" id=\"h-9-tense-comparison\">9. Compar\u00e1id Aimsire:<\/h3>\n\n\n\n<p>T\u00e1 s\u00e9 t\u00e1bhachtach compar\u00e1id aimsire a thuiscint chun gn\u00edomhartha n\u00f3 st\u00e1it i bhfr\u00e1ma\u00ed <a href=\"https:\/\/talkpal.ai\/locations\/language-courses-in-ama\/\">ama<\/a> \u00e9ags\u00fala a chur i gcompar\u00e1id. Cabhr\u00f3idh an scil seo leat smaointe casta a chur in i\u00fal agus tuiscint n\u00edos airde a fhorbairt ar ghramadach an Bh\u00e9arla.<\/p>\n\n\n\n<h3 class=\"wp-block-heading\" id=\"h-10-sentences\">10. Abairt\u00ed:<\/h3>\n\n\n\n<p>Is iad abairt\u00ed bun\u00fas na cumars\u00e1ide scr\u00edofa agus labhartha i mB\u00e9arla. Ag t\u00f3g\u00e1il ar do chuid eolais ar ainmfhocail, briathra, agus comhph\u00e1irteanna gramada\u00ed eile, cuirfidh foghlaim faoi strucht\u00far abairt\u00ed ar do chumas do chuid smaointe a chur in i\u00fal go h\u00e9ifeachtach sa teanga.<\/p>\n\n\n\n<h3 class=\"wp-block-heading\" id=\"h-11-conditionals\">11. Coinn\u00edollacha:<\/h3>\n\n\n\n<p>Is abairt\u00ed iad coinn\u00edollacha a chuireann coinn\u00edoll in i\u00fal agus a iarmhairt a d&#8217;fh\u00e9adfadh a bheith ann. Is gn\u00e9 chun cinn de ghramadach an Bh\u00e9arla iad a chabhr\u00f3idh leat c\u00e1sanna hipit\u00e9iseacha agus smaointe casta a chur in i\u00fal.<\/p>\n<\/div><\/div>\n\r\n<section class=\"learnNavigationSection\">\r\n            \r\n        <a href=\"https:\/\/talkpal.ai\/ga\/foghlaim-bearla\/\">\r\n            <div class=\"learnNavigationWrapper\">\r\n                <div class=\"learnNavigationContent\">\r\n                    <img decoding=\"async\" src=\"https:\/\/talkpal.ai\/wp-content\/uploads\/2024\/08\/English.jpg\" alt=\"English Flag\">\r\n                    <div>\r\n                        <h4>Maidir le Foghlaim an Bh\u00e9arla<\/h4>\r\n                        <p>Faigh amach gach rud faoi ghramadach an Bh\u00e9arla.<\/p>\r\n                    <\/div>\r\n                <\/div>\r\n            <\/div>\r\n        <\/a>\r\n\r\n        \r\n        <a href=\"https:\/\/talkpal.ai\/ga\/gramadach-bearla\/\">\r\n            <div class=\"learnNavigationWrapper\">\r\n                <div class=\"learnNavigationContent\">\r\n                    <img decoding=\"async\" src=\"https:\/\/talkpal.ai\/wp-content\/uploads\/2024\/08\/English.jpg\" alt=\"English Flag\">\r\n                    <div>\r\n                        <h4>Ceachtanna Gramada\u00ed B\u00e9arla<\/h4>\r\n                        <p>Cleachtadh gramadach an Bh\u00e9arla.<\/p>\r\n                    <\/div>\r\n                <\/div>\r\n            <\/div>\r\n        <\/a>\r\n\r\n        \r\n        <a href=\"https:\/\/talkpal.ai\/vocabulary_language\/english\/\">\r\n            <div class=\"learnNavigationWrapper\">\r\n                <div class=\"learnNavigationContent\">\r\n                    <img decoding=\"async\" src=\"https:\/\/talkpal.ai\/wp-content\/uploads\/2024\/08\/English.jpg\" alt=\"English Flag\">\r\n                    <div>\r\n                        <h4>St\u00f3r Focal an Bh\u00e9arla<\/h4>\r\n                        <p>Leathnaigh do st\u00f3r focal B\u00e9arla.<\/p>\r\n                    <\/div>\r\n                <\/div>\r\n            <\/div>\r\n        <\/a>\r\n\r\n            <\/section>","protected":false},"excerpt":{"rendered":"<p>Topaic\u00ed Gramada\u00ed B\u00e9arla Is sraith rialacha agus treoirl\u00ednte \u00e9 gramadach an Bh\u00e9arla a chinneann strucht\u00far an Bh\u00e9arla. Ligeann s\u00e9 d\u00fainn cumars\u00e1id a dh\u00e9anamh lena ch\u00e9ile go soil\u00e9ir agus go h\u00e9ifeachtach. Nuair a bh\u00edonn B\u00e9arla \u00e1 fhoghlaim, t\u00e1 tuiscint ar an ngramadach riachtanach chun scileanna l\u00e1idre l\u00e9itheoireachta, scr\u00edbhneoireachta agus labhartha a fhorbairt. Cuimseoidh an turas seo [&hellip;]<\/p>\n","protected":false},"author":1,"featured_media":1439932,"parent":0,"menu_order":0,"comment_status":"closed","ping_status":"closed","template":"LearningContentPage.php","meta":{"_acf_changed":false,"footnotes":""},"class_list":["post-1446654","page","type-page","status-publish","has-post-thumbnail","hentry"],"acf":[],"yoast_head":"<!-- This site is optimized with the Yoast SEO Premium plugin v27.2 (Yoast SEO v27.2) - https:\/\/yoast.com\/product\/yoast-seo-premium-wordpress\/ -->\n<title>Cleachta\u00ed Gramada\u00ed B\u00e9arla - Talkpal<\/title>\n<meta name=\"description\" content=\"Feabhas a chur ar do scileanna B\u00e9arla le cleachta\u00ed gramada\u00ed \u00e9ifeachtacha Talkpal. Feabhas a chur ar d&#039;inni\u00falacht teanga anois!\" \/>\n<meta name=\"robots\" content=\"index, follow, max-snippet:-1, max-image-preview:large, max-video-preview:-1\" \/>\n<link rel=\"canonical\" href=\"https:\/\/talkpal.ai\/ga\/cleachtai-gramadai-bearla\/\" \/>\n<meta property=\"og:locale\" content=\"ga_IE\" \/>\n<meta property=\"og:type\" content=\"article\" \/>\n<meta property=\"og:title\" content=\"Cleachta\u00ed Gramada\u00ed B\u00e9arla\" \/>\n<meta property=\"og:description\" content=\"Topaic\u00ed Gramada\u00ed B\u00e9arla Is sraith rialacha agus treoirl\u00ednte \u00e9 gramadach an Bh\u00e9arla a chinneann strucht\u00far an Bh\u00e9arla. Ligeann s\u00e9 d\u00fainn cumars\u00e1id a dh\u00e9anamh\" \/>\n<meta property=\"og:url\" content=\"https:\/\/talkpal.ai\/ga\/cleachtai-gramadai-bearla\/\" \/>\n<meta property=\"og:site_name\" content=\"Talkpal\" \/>\n<meta property=\"article:publisher\" content=\"https:\/\/www.facebook.com\/profile.php?id=100090733639311\" \/>\n<meta property=\"article:modified_time\" content=\"2025-12-17T16:34:51+00:00\" \/>\n<meta property=\"og:image\" content=\"https:\/\/talkpal.ai\/wp-content\/uploads\/2023\/03\/united-kingdom.png\" \/>\n\t<meta property=\"og:image:width\" content=\"512\" \/>\n\t<meta property=\"og:image:height\" content=\"512\" \/>\n\t<meta property=\"og:image:type\" content=\"image\/png\" \/>\n<meta name=\"twitter:card\" content=\"summary_large_image\" \/>\n<meta name=\"twitter:site\" content=\"@talkpalai\" \/>\n<meta name=\"twitter:label1\" content=\"Est. reading time\" \/>\n\t<meta name=\"twitter:data1\" content=\"3 minutes\" \/>\n<script type=\"application\/ld+json\" class=\"yoast-schema-graph\">{\"@context\":\"https:\/\/schema.org\",\"@graph\":[{\"@type\":\"WebPage\",\"@id\":\"https:\/\/talkpal.ai\/ga\/cleachtai-gramadai-bearla\/\",\"url\":\"https:\/\/talkpal.ai\/ga\/cleachtai-gramadai-bearla\/\",\"name\":\"Cleachta\u00ed Gramada\u00ed B\u00e9arla - Talkpal\",\"isPartOf\":{\"@id\":\"https:\/\/talkpal.ai\/ga\/#website\"},\"primaryImageOfPage\":{\"@id\":\"https:\/\/talkpal.ai\/ga\/cleachtai-gramadai-bearla\/#primaryimage\"},\"image\":{\"@id\":\"https:\/\/talkpal.ai\/ga\/cleachtai-gramadai-bearla\/#primaryimage\"},\"thumbnailUrl\":\"https:\/\/talkpal.ai\/wp-content\/uploads\/2023\/03\/united-kingdom.png\",\"datePublished\":\"2023-06-14T13:25:23+00:00\",\"dateModified\":\"2025-12-17T16:34:51+00:00\",\"description\":\"Feabhas a chur ar do scileanna B\u00e9arla le cleachta\u00ed gramada\u00ed \u00e9ifeachtacha Talkpal. Feabhas a chur ar d'inni\u00falacht teanga anois!\",\"breadcrumb\":{\"@id\":\"https:\/\/talkpal.ai\/ga\/cleachtai-gramadai-bearla\/#breadcrumb\"},\"inLanguage\":\"ga-IE\",\"potentialAction\":[{\"@type\":\"ReadAction\",\"target\":[\"https:\/\/talkpal.ai\/ga\/cleachtai-gramadai-bearla\/\"]}]},{\"@type\":\"ImageObject\",\"inLanguage\":\"ga-IE\",\"@id\":\"https:\/\/talkpal.ai\/ga\/cleachtai-gramadai-bearla\/#primaryimage\",\"url\":\"https:\/\/talkpal.ai\/wp-content\/uploads\/2023\/03\/united-kingdom.png\",\"contentUrl\":\"https:\/\/talkpal.ai\/wp-content\/uploads\/2023\/03\/united-kingdom.png\",\"width\":512,\"height\":512,\"caption\":\"TalkPal AI learn English\"},{\"@type\":\"BreadcrumbList\",\"@id\":\"https:\/\/talkpal.ai\/ga\/cleachtai-gramadai-bearla\/#breadcrumb\",\"itemListElement\":[{\"@type\":\"ListItem\",\"position\":1,\"name\":\"Homepage\",\"item\":\"https:\/\/talkpal.ai\/ga\/\"},{\"@type\":\"ListItem\",\"position\":2,\"name\":\"Cleachta\u00ed Gramada\u00ed B\u00e9arla\"}]},{\"@type\":\"WebSite\",\"@id\":\"https:\/\/talkpal.ai\/ga\/#website\",\"url\":\"https:\/\/talkpal.ai\/ga\/\",\"name\":\"Talkpal\",\"description\":\"AI Language Learning\",\"publisher\":{\"@id\":\"https:\/\/talkpal.ai\/ga\/#organization\"},\"alternateName\":\"Talkpal AI\",\"potentialAction\":[{\"@type\":\"SearchAction\",\"target\":{\"@type\":\"EntryPoint\",\"urlTemplate\":\"https:\/\/talkpal.ai\/ga\/?s={search_term_string}\"},\"query-input\":{\"@type\":\"PropertyValueSpecification\",\"valueRequired\":true,\"valueName\":\"search_term_string\"}}],\"inLanguage\":\"ga-IE\"},{\"@type\":\"Organization\",\"@id\":\"https:\/\/talkpal.ai\/ga\/#organization\",\"name\":\"Talkpal, Inc.\",\"alternateName\":\"Talkpal AI\",\"url\":\"https:\/\/talkpal.ai\/ga\/\",\"logo\":{\"@type\":\"ImageObject\",\"inLanguage\":\"ga-IE\",\"@id\":\"https:\/\/talkpal.ai\/ga\/#\/schema\/logo\/image\/\",\"url\":\"https:\/\/talkpal.ai\/wp-content\/uploads\/2024\/03\/Talkpal-Logo-Icon.png\",\"contentUrl\":\"https:\/\/talkpal.ai\/wp-content\/uploads\/2024\/03\/Talkpal-Logo-Icon.png\",\"width\":2880,\"height\":2880,\"caption\":\"Talkpal, Inc.\"},\"image\":{\"@id\":\"https:\/\/talkpal.ai\/ga\/#\/schema\/logo\/image\/\"},\"sameAs\":[\"https:\/\/www.facebook.com\/profile.php?id=100090733639311\",\"https:\/\/x.com\/talkpalai\",\"https:\/\/www.linkedin.com\/company\/talkpal\/\",\"https:\/\/www.youtube.com\/@TalkPal\/\",\"https:\/\/www.tiktok.com\/@talkpal\",\"https:\/\/www.instagram.com\/talkpal_ai\/\",\"https:\/\/www.crunchbase.com\/organization\/talkpal-9cde\",\"https:\/\/www.g2.com\/products\/talkpal-for-business\/\",\"https:\/\/www.trustpilot.com\/review\/talkpal.ai\",\"https:\/\/www.capterra.com\/p\/10006800\/TalkPal\/\"],\"description\":\"Talkpal is a language learning web and mobile education app, powered by the latest AI technologies, that provides engaging experiences to its customers in many different languages to help them improve their language skills. Users can chat about unlimited amount of topics with the app and use other modes to practice their language learning.\",\"email\":\"support@talkpal.ai\",\"legalName\":\"Talkpal, Inc.\",\"foundingDate\":\"2023-04-03\",\"duns\":\"118989042\",\"numberOfEmployees\":{\"@type\":\"QuantitativeValue\",\"minValue\":\"11\",\"maxValue\":\"50\"},\"publishingPrinciples\":\"https:\/\/talkpal.ai\/publishing-principles\/\",\"actionableFeedbackPolicy\":\"https:\/\/talkpal.ai\/actionable-feedback-policy\/\",\"correctionsPolicy\":\"https:\/\/talkpal.ai\/corrections-policy\/\",\"ethicsPolicy\":\"https:\/\/talkpal.ai\/ethics-policy\/\",\"diversityPolicy\":\"https:\/\/talkpal.ai\/diversity-policy\/\",\"diversityStaffingReport\":\"https:\/\/talkpal.ai\/diversity-policy\/\"}]}<\/script>\n<!-- \/ Yoast SEO Premium plugin. -->","yoast_head_json":{"title":"Cleachta\u00ed Gramada\u00ed B\u00e9arla - Talkpal","description":"Feabhas a chur ar do scileanna B\u00e9arla le cleachta\u00ed gramada\u00ed \u00e9ifeachtacha Talkpal. Feabhas a chur ar d'inni\u00falacht teanga anois!","robots":{"index":"index","follow":"follow","max-snippet":"max-snippet:-1","max-image-preview":"max-image-preview:large","max-video-preview":"max-video-preview:-1"},"canonical":"https:\/\/talkpal.ai\/ga\/cleachtai-gramadai-bearla\/","og_locale":"ga_IE","og_type":"article","og_title":"Cleachta\u00ed Gramada\u00ed B\u00e9arla","og_description":"Topaic\u00ed Gramada\u00ed B\u00e9arla Is sraith rialacha agus treoirl\u00ednte \u00e9 gramadach an Bh\u00e9arla a chinneann strucht\u00far an Bh\u00e9arla. Ligeann s\u00e9 d\u00fainn cumars\u00e1id a dh\u00e9anamh","og_url":"https:\/\/talkpal.ai\/ga\/cleachtai-gramadai-bearla\/","og_site_name":"Talkpal","article_publisher":"https:\/\/www.facebook.com\/profile.php?id=100090733639311","article_modified_time":"2025-12-17T16:34:51+00:00","og_image":[{"width":512,"height":512,"url":"https:\/\/talkpal.ai\/wp-content\/uploads\/2023\/03\/united-kingdom.png","type":"image\/png"}],"twitter_card":"summary_large_image","twitter_site":"@talkpalai","twitter_misc":{"Est. reading time":"3 minutes"},"schema":{"@context":"https:\/\/schema.org","@graph":[{"@type":"WebPage","@id":"https:\/\/talkpal.ai\/ga\/cleachtai-gramadai-bearla\/","url":"https:\/\/talkpal.ai\/ga\/cleachtai-gramadai-bearla\/","name":"Cleachta\u00ed Gramada\u00ed B\u00e9arla - Talkpal","isPartOf":{"@id":"https:\/\/talkpal.ai\/ga\/#website"},"primaryImageOfPage":{"@id":"https:\/\/talkpal.ai\/ga\/cleachtai-gramadai-bearla\/#primaryimage"},"image":{"@id":"https:\/\/talkpal.ai\/ga\/cleachtai-gramadai-bearla\/#primaryimage"},"thumbnailUrl":"https:\/\/talkpal.ai\/wp-content\/uploads\/2023\/03\/united-kingdom.png","datePublished":"2023-06-14T13:25:23+00:00","dateModified":"2025-12-17T16:34:51+00:00","description":"Feabhas a chur ar do scileanna B\u00e9arla le cleachta\u00ed gramada\u00ed \u00e9ifeachtacha Talkpal. Feabhas a chur ar d'inni\u00falacht teanga anois!","breadcrumb":{"@id":"https:\/\/talkpal.ai\/ga\/cleachtai-gramadai-bearla\/#breadcrumb"},"inLanguage":"ga-IE","potentialAction":[{"@type":"ReadAction","target":["https:\/\/talkpal.ai\/ga\/cleachtai-gramadai-bearla\/"]}]},{"@type":"ImageObject","inLanguage":"ga-IE","@id":"https:\/\/talkpal.ai\/ga\/cleachtai-gramadai-bearla\/#primaryimage","url":"https:\/\/talkpal.ai\/wp-content\/uploads\/2023\/03\/united-kingdom.png","contentUrl":"https:\/\/talkpal.ai\/wp-content\/uploads\/2023\/03\/united-kingdom.png","width":512,"height":512,"caption":"TalkPal AI learn English"},{"@type":"BreadcrumbList","@id":"https:\/\/talkpal.ai\/ga\/cleachtai-gramadai-bearla\/#breadcrumb","itemListElement":[{"@type":"ListItem","position":1,"name":"Homepage","item":"https:\/\/talkpal.ai\/ga\/"},{"@type":"ListItem","position":2,"name":"Cleachta\u00ed Gramada\u00ed B\u00e9arla"}]},{"@type":"WebSite","@id":"https:\/\/talkpal.ai\/ga\/#website","url":"https:\/\/talkpal.ai\/ga\/","name":"Talkpal","description":"AI Language Learning","publisher":{"@id":"https:\/\/talkpal.ai\/ga\/#organization"},"alternateName":"Talkpal AI","potentialAction":[{"@type":"SearchAction","target":{"@type":"EntryPoint","urlTemplate":"https:\/\/talkpal.ai\/ga\/?s={search_term_string}"},"query-input":{"@type":"PropertyValueSpecification","valueRequired":true,"valueName":"search_term_string"}}],"inLanguage":"ga-IE"},{"@type":"Organization","@id":"https:\/\/talkpal.ai\/ga\/#organization","name":"Talkpal, Inc.","alternateName":"Talkpal AI","url":"https:\/\/talkpal.ai\/ga\/","logo":{"@type":"ImageObject","inLanguage":"ga-IE","@id":"https:\/\/talkpal.ai\/ga\/#\/schema\/logo\/image\/","url":"https:\/\/talkpal.ai\/wp-content\/uploads\/2024\/03\/Talkpal-Logo-Icon.png","contentUrl":"https:\/\/talkpal.ai\/wp-content\/uploads\/2024\/03\/Talkpal-Logo-Icon.png","width":2880,"height":2880,"caption":"Talkpal, Inc."},"image":{"@id":"https:\/\/talkpal.ai\/ga\/#\/schema\/logo\/image\/"},"sameAs":["https:\/\/www.facebook.com\/profile.php?id=100090733639311","https:\/\/x.com\/talkpalai","https:\/\/www.linkedin.com\/company\/talkpal\/","https:\/\/www.youtube.com\/@TalkPal\/","https:\/\/www.tiktok.com\/@talkpal","https:\/\/www.instagram.com\/talkpal_ai\/","https:\/\/www.crunchbase.com\/organization\/talkpal-9cde","https:\/\/www.g2.com\/products\/talkpal-for-business\/","https:\/\/www.trustpilot.com\/review\/talkpal.ai","https:\/\/www.capterra.com\/p\/10006800\/TalkPal\/"],"description":"Talkpal is a language learning web and mobile education app, powered by the latest AI technologies, that provides engaging experiences to its customers in many different languages to help them improve their language skills. Users can chat about unlimited amount of topics with the app and use other modes to practice their language learning.","email":"support@talkpal.ai","legalName":"Talkpal, Inc.","foundingDate":"2023-04-03","duns":"118989042","numberOfEmployees":{"@type":"QuantitativeValue","minValue":"11","maxValue":"50"},"publishingPrinciples":"https:\/\/talkpal.ai\/publishing-principles\/","actionableFeedbackPolicy":"https:\/\/talkpal.ai\/actionable-feedback-policy\/","correctionsPolicy":"https:\/\/talkpal.ai\/corrections-policy\/","ethicsPolicy":"https:\/\/talkpal.ai\/ethics-policy\/","diversityPolicy":"https:\/\/talkpal.ai\/diversity-policy\/","diversityStaffingReport":"https:\/\/talkpal.ai\/diversity-policy\/"}]}},"_links":{"self":[{"href":"https:\/\/talkpal.ai\/ga\/wp-json\/wp\/v2\/pages\/1446654","targetHints":{"allow":["GET"]}}],"collection":[{"href":"https:\/\/talkpal.ai\/ga\/wp-json\/wp\/v2\/pages"}],"about":[{"href":"https:\/\/talkpal.ai\/ga\/wp-json\/wp\/v2\/types\/page"}],"author":[{"embeddable":true,"href":"https:\/\/talkpal.ai\/ga\/wp-json\/wp\/v2\/users\/1"}],"replies":[{"embeddable":true,"href":"https:\/\/talkpal.ai\/ga\/wp-json\/wp\/v2\/comments?post=1446654"}],"version-history":[{"count":0,"href":"https:\/\/talkpal.ai\/ga\/wp-json\/wp\/v2\/pages\/1446654\/revisions"}],"wp:featuredmedia":[{"embeddable":true,"href":"https:\/\/talkpal.ai\/ga\/wp-json\/wp\/v2\/media\/1439932"}],"wp:attachment":[{"href":"https:\/\/talkpal.ai\/ga\/wp-json\/wp\/v2\/media?parent=1446654"}],"curies":[{"name":"wp","href":"https:\/\/api.w.org\/{rel}","templated":true}]}}