{"id":1446649,"date":"2023-06-16T09:14:18","date_gmt":"2023-06-16T09:14:18","guid":{"rendered":"https:\/\/talkpal.ai\/cleachtai-gramadai-na-gearmainise\/"},"modified":"2025-12-17T16:12:03","modified_gmt":"2025-12-17T16:12:03","slug":"cleachtai-gramadai-na-gearmainise","status":"publish","type":"page","link":"https:\/\/talkpal.ai\/ga\/cleachtai-gramadai-na-gearmainise\/","title":{"rendered":"Cleachta\u00ed Gramada\u00ed na Gearm\u00e1inise"},"content":{"rendered":"\r\n\r\n\r\n<section class=\"languageChallengeSection\">\r\n    <div class=\"languageInfoWrapper\">\r\n        \r\n        <h1>Cleachta\u00ed Gramada\u00ed na Gearm\u00e1inise<\/h1>\r\n        <p>R\u00e9idh le do Ghramadach Gearm\u00e1inise a neart\u00fa? Is \u00e9 cleachta\u00ed gramada\u00ed an bealach iontach chun m\u00e1istreacht a dh\u00e9anamh ar an teanga Ghearm\u00e1inis. Tosaigh ag obair air inniu agus f\u00e9ach go bhf\u00e9adfadh do mhuin\u00edn agus do l\u00edofacht ag f\u00e1s le gach cleachtadh!\n\n<\/p>\r\n\r\n                            <a class=\"getStartedHidden\" href=\"https:\/\/app.talkpal.ai\/signup?lng=\">Tosaigh<\/a>\r\n        \r\n    <\/div>\r\n\r\n    <figure>\r\n    <img decoding=\"async\" width=\"768\" height=\"768\" src=\"https:\/\/talkpal.ai\/wp-content\/uploads\/2023\/06\/german-768x768.png\" class=\"languageImage no-lazy\" alt=\"Language learning for global networking\" fetchpriority=\"high\" sizes=\"(max-width: 768px) 150px, 768px\" srcset=\"https:\/\/talkpal.ai\/wp-content\/uploads\/2023\/06\/german-768x768.png 768w, https:\/\/talkpal.ai\/wp-content\/uploads\/2023\/06\/german-300x300.png 300w\" \/>\r\n    \r\n\r\n    <\/figure>\r\n\r\n            <a class=\"getStartedVisible\" href=\"https:\/\/app.talkpal.ai\/signup?lng=\">Tosaigh<\/a>\r\n    \r\n<\/section>\r\n\r\n\r\n<!-- <section class=\"grammarSection\">\r\n    <div class=\"grammarLinks\">\r\n            <\/div>\r\n<\/section> -->\r\n\r\n\r\n\r\n\r\n<section class=\"promotionalBanner\">\r\n    <p class=\"promotionalText\">An bealach is \u00e9ifeachta\u00ed le teanga a fhoghlaim<\/p>\r\n    <a class=\"promotionalLink\" href=\"https:\/\/app.talkpal.ai\/signup?lng=\">Bain triail as Talkpal saor in aisce<\/a>\r\n<\/section>\n<div class=\"wp-block-group pageContainerStyle\"><div class=\"wp-block-group__inner-container is-layout-constrained wp-block-group-is-layout-constrained\">\n<h2 class=\"wp-block-heading\" id=\"h-german-grammar-topics\">Topaic\u00ed Gramada\u00ed na Gearm\u00e1ine<\/h2>\n\n\n\n<p>Is tasc uaf\u00e1sach \u00e9 teanga <a href=\"https:\/\/talkpal.ai\/talkpal-new-years-discount\/\">nua<\/a> a fhoghlaim, ach leis an gcur chuige ceart, is f\u00e9idir leis a bheith ina eisp\u00e9ireas spreag\u00fail agus luachmhar. Is teanga an-strucht\u00fartha agus loighci\u00fail \u00ed an Ghearm\u00e1inis, rud a fh\u00e1gann go bhfuil s\u00e9 n\u00edos \u00e9asca \u00e9 a fhoghlaim m\u00e1 t\u00e1 tuiscint shoil\u00e9ir agat ar a rialacha gramada\u00ed. Cabhr\u00f3idh an treoir seo leat pr\u00edomhghn\u00e9ithe <a href=\"https:\/\/talkpal.ai\/ga\/cleachtai-gramadai-na-hisiltire\/\">gramada\u00ed na<\/a> Gearm\u00e1ine a thuiscint, mar shampla aims\u00ed, briathra, ainmfhocail agus ailt, forainmneacha, aidiachta\u00ed, d\u00edograis, adverbs, r\u00e9amhfhocail, agus strucht\u00far abairte. Tr\u00edd an seicheamh seo a lean\u00faint, beidh t\u00fa in ann dul chun cinn a dh\u00e9anamh i do thuras foghlama Gearm\u00e1inise go h\u00e9ifeachtach agus go h\u00e9ifeacht\u00fail.<\/p>\n\n\n\n<h3 class=\"wp-block-heading\" id=\"h-1-nouns-and-articles\">1. Ainmfhocail agus Airteagail:<\/h3>\n\n\n\n<p>Tosaigh tr\u00ed fhoghlaim buneilimint\u00ed ainmfhocail na Gearm\u00e1ine agus na hailt a ghabhann leo. T\u00e1 tr\u00ed inscne ag an nGearm\u00e1inis (firinscneach, baininscneach, agus neuter) agus ceithre ch\u00e1s (nominative, accusative, dative, agus ginideach). Cabhr\u00f3idh tuiscint a fh\u00e1il ar na rialacha seo leat an t-alt ceart a chinneadh do gach ainmfhocal agus an bun\u00fas a leagan do d&#8217;eolas <a href=\"https:\/\/talkpal.ai\/ga\/cleachtai-gramadai-na-hisiltire\/\">gramada\u00ed na<\/a> Gearm\u00e1ine.<\/p>\n\n\n\n<h3 class=\"wp-block-heading\" id=\"h-2-pronouns\">2. Forainmneacha:<\/h3>\n\n\n\n<p>Tagann forainmneacha in ionad ainmfhocail in abairt agus t\u00e1 foirmeacha difri\u00fala acu ag brath ar a n-inscne, a l\u00edon agus a gc\u00e1s. Cuir eolas ar fhorainmneacha Gearm\u00e1nacha, mar shampla forainmneacha pearsanta, sealbhacha, machnamhacha, agus coibhneasta, chun abairt\u00ed n\u00edos casta a chruth\u00fa agus do chuid smaointe a <a href=\"https:\/\/talkpal.ai\/locations\/language-courses-in-chur\/\">chur<\/a> in i\u00fal n\u00edos cruinne.<\/p>\n\n\n\n<h3 class=\"wp-block-heading\" id=\"h-3-verbs\">3. Briathra:<\/h3>\n\n\n\n<p>T\u00e1 briathra r\u00edth\u00e1bhachtach chun abairt\u00ed a fhoirmi\u00fa, mar go gcuireann siad gn\u00edomhartha agus st\u00e1it in i\u00fal. Foghlaim na cine\u00e1lacha \u00e9ags\u00fala briathra Gearm\u00e1nacha, mar shampla briathra rialta, neamhrialta, modal, agus reflexive, chomh maith lena gcomhchuingithe san aimsir l\u00e1ithreach, san am at\u00e1 thart agus sa todhcha\u00ed. Cuirfidh s\u00e9 seo ar do chumas cumars\u00e1id \u00e9ifeachtach a dh\u00e9anamh i gc\u00e1sanna \u00e9ags\u00fala.<\/p>\n\n\n\n<h3 class=\"wp-block-heading\" id=\"h-4-tenses\">4. Aimsir:<\/h3>\n\n\n\n<p>L\u00e9ir\u00edonn aimsir an t-am a tharla\u00edonn gn\u00edomh. Sa Ghearm\u00e1inis, t\u00e1 s\u00e9 aimsir ann: am at\u00e1 inniu ann, am at\u00e1 caite simpl\u00ed, am at\u00e1 inniu ann foirfe, am at\u00e1 caite foirfe, sa todhcha\u00ed, agus aimsir foirfe sa todhcha\u00ed. Cuideoidh tuiscint a fh\u00e1il ar rialacha agus \u00fas\u00e1id na n-aimsir\u00ed seo leat t\u00fa f\u00e9in a chur in i\u00fal go soil\u00e9ir agus go cruinn.<\/p>\n\n\n\n<h3 class=\"wp-block-heading\" id=\"h-5-adjectives\">5. Aidiachta\u00ed:<\/h3>\n\n\n\n<p>D\u00e9anann aidiachta\u00ed cur s\u00edos ar thr\u00e9ithe ainmfhocail agus forainmneacha agus aonta\u00edonn siad in inscne, uimhir, agus c\u00e1s leis an ainmfhocal a mhodhna\u00edonn siad. Foghlaim na rialacha <a href=\"https:\/\/talkpal.ai\/ga\/maidir\/\">maidir<\/a> le d\u00edochlaonadh aidiacht, chomh maith le foirmeacha compar\u00e1ideacha agus superlative, chun do thuairisc\u00ed a fheabhs\u00fa agus do chaint a dh\u00e9anamh n\u00edos ildaite.<\/p>\n\n\n\n<h3 class=\"wp-block-heading\" id=\"h-6-declension\">6. Claonadh:<\/h3>\n\n\n\n<p>Is \u00e9ard is d\u00edol\u00fa ann n\u00e1 an pr\u00f3iseas chun ainmfhocail, forainmneacha agus aidiachta\u00ed a athr\u00fa chun a bhfeidhmi\u00fa gramada\u00ed in abairt a chur in i\u00fal. D\u00e9an eolas ar na ceithre ch\u00e1s Gearm\u00e1inise agus ar an gcaoi a dt\u00e9ann siad i bhfeidhm ar fhocail na bhfocail, rud a chuirfidh ar do chumas abairt\u00ed gramada\u00ed a th\u00f3g\u00e1il.<\/p>\n\n\n\n<h3 class=\"wp-block-heading\" id=\"h-7-adverbs\">7. Adverbs:<\/h3>\n\n\n\n<p>Sol\u00e1thra\u00edonn adverbs faisn\u00e9is bhreise faoi bhriathra, aidiachta\u00ed, n\u00f3 adverbs eile. Foghlaim na cine\u00e1lacha \u00e9ags\u00fala adverbs Gearm\u00e1nacha, mar shampla iad si\u00fad a l\u00e9ir\u00edonn am, modh agus \u00e1it, agus conas iad a \u00fas\u00e1id go h\u00e9ifeachtach chun nuance agus cruinneas a chur le do chuid cainte.<\/p>\n\n\n\n<h3 class=\"wp-block-heading\" id=\"h-8-prepositions\">8. Prepositions:<\/h3>\n\n\n\n<p>\u00das\u00e1idtear r\u00e9amhfhocail chun an gaol idir ainmfhocail n\u00f3 forainmneacha agus eilimint\u00ed eile in abairt a l\u00e9iri\u00fa. D\u00e9an staid\u00e9ar ar na r\u00e9amhfhocail \u00e9ags\u00fala Gearm\u00e1inise agus a n-\u00fas\u00e1id i gc\u00e1sanna \u00e9ags\u00fala chun tuiscint n\u00edos fearr a fh\u00e1il ar an gcaoi a nd\u00e9antar abairt\u00ed a th\u00f3g\u00e1il.<\/p>\n\n\n\n<h3 class=\"wp-block-heading\" id=\"h-9-sentence-structure\">9. Strucht\u00far na bPianbhreithe:<\/h3>\n\n\n\n<p>Mar fhocal scoir, d\u00e9an aithne ar strucht\u00far abairt\u00ed na Gearm\u00e1ine, lena n-\u00e1ir\u00edtear ord focal, fo-chl\u00e1sail, agus comhcheangail. Cuideoidh tuiscint a fh\u00e1il ar na rialacha seo leat abairt\u00ed comhlean\u00fanacha agus dea-strucht\u00fartha a chruth\u00fa, rud a ligfidh duit do chuid smaointe a chur in i\u00fal go soil\u00e9ir agus go h\u00e9ifeachtach i nGearm\u00e1inis.<\/p>\n<\/div><\/div>\n\r\n<section class=\"learnNavigationSection\">\r\n            \r\n        <a href=\"https:\/\/talkpal.ai\/ga\/foghlaim-gearmainis\/\">\r\n            <div class=\"learnNavigationWrapper\">\r\n                <div class=\"learnNavigationContent\">\r\n                    <img decoding=\"async\" src=\"https:\/\/talkpal.ai\/wp-content\/uploads\/2024\/08\/German.jpg\" alt=\"German Flag\">\r\n                    <div>\r\n                        <h4>Maidir le Foghlaim na Gearm\u00e1inise<\/h4>\r\n                        <p>Faigh amach gach rud faoi ghramadach na Gearm\u00e1ine.<\/p>\r\n                    <\/div>\r\n                <\/div>\r\n            <\/div>\r\n        <\/a>\r\n\r\n        \r\n        <a href=\"https:\/\/talkpal.ai\/ga\/gramadach-na-gearmainise\/\">\r\n            <div class=\"learnNavigationWrapper\">\r\n                <div class=\"learnNavigationContent\">\r\n                    <img decoding=\"async\" src=\"https:\/\/talkpal.ai\/wp-content\/uploads\/2024\/08\/German.jpg\" alt=\"German Flag\">\r\n                    <div>\r\n                        <h4>Ceachtanna Gramada\u00ed na Gearm\u00e1ine<\/h4>\r\n                        <p>Cleachtadh gramadach na Gearm\u00e1ine.<\/p>\r\n                    <\/div>\r\n                <\/div>\r\n            <\/div>\r\n        <\/a>\r\n\r\n        \r\n        <a href=\"https:\/\/talkpal.ai\/vocabulary_language\/german\/\">\r\n            <div class=\"learnNavigationWrapper\">\r\n                <div class=\"learnNavigationContent\">\r\n                    <img decoding=\"async\" src=\"https:\/\/talkpal.ai\/wp-content\/uploads\/2024\/08\/German.jpg\" alt=\"German Flag\">\r\n                    <div>\r\n                        <h4>St\u00f3r Focal na Gearm\u00e1ine<\/h4>\r\n                        <p>Leathnaigh do st\u00f3r focal Gearm\u00e1inise.<\/p>\r\n                    <\/div>\r\n                <\/div>\r\n            <\/div>\r\n        <\/a>\r\n\r\n            <\/section>","protected":false},"excerpt":{"rendered":"<p>Topaic\u00ed Gramada\u00ed na Gearm\u00e1ine Is tasc uaf\u00e1sach \u00e9 teanga nua a fhoghlaim, ach leis an gcur chuige ceart, is f\u00e9idir leis a bheith ina eisp\u00e9ireas spreag\u00fail agus luachmhar. Is teanga an-strucht\u00fartha agus loighci\u00fail \u00ed an Ghearm\u00e1inis, rud a fh\u00e1gann go bhfuil s\u00e9 n\u00edos \u00e9asca \u00e9 a fhoghlaim m\u00e1 t\u00e1 tuiscint shoil\u00e9ir agat ar a rialacha [&hellip;]<\/p>\n","protected":false},"author":6,"featured_media":1439960,"parent":0,"menu_order":0,"comment_status":"closed","ping_status":"closed","template":"LearningContentPage.php","meta":{"_acf_changed":false,"footnotes":""},"class_list":["post-1446649","page","type-page","status-publish","has-post-thumbnail","hentry"],"acf":[],"yoast_head":"<!-- This site is optimized with the Yoast SEO Premium plugin v27.2 (Yoast SEO v27.2) - https:\/\/yoast.com\/product\/yoast-seo-premium-wordpress\/ -->\n<title>Cleachta\u00ed Gramada\u00ed na Gearm\u00e1inise - Talkpal<\/title>\n<meta name=\"description\" content=\"Treisi\u00fa do ghramadach Gearm\u00e1inise le cleachta\u00ed praitici\u00fala - feabhas a chur orthu go tapa, cleachtadh go hidirghn\u00edomhach, agus muin\u00edn teanga a fh\u00e1il ag baint \u00fas\u00e1ide as TalkPal AI.\" \/>\n<meta name=\"robots\" content=\"index, follow, max-snippet:-1, max-image-preview:large, max-video-preview:-1\" \/>\n<link rel=\"canonical\" href=\"https:\/\/talkpal.ai\/ga\/cleachtai-gramadai-na-gearmainise\/\" \/>\n<meta property=\"og:locale\" content=\"ga_IE\" \/>\n<meta property=\"og:type\" content=\"article\" \/>\n<meta property=\"og:title\" content=\"Cleachta\u00ed Gramada\u00ed na Gearm\u00e1inise\" \/>\n<meta property=\"og:description\" content=\"Topaic\u00ed Gramada\u00ed na Gearm\u00e1ine Is tasc uaf\u00e1sach \u00e9 teanga nua a fhoghlaim, ach leis an gcur chuige ceart, is f\u00e9idir leis a bheith ina eisp\u00e9ireas spreag\u00fail\" \/>\n<meta property=\"og:url\" content=\"https:\/\/talkpal.ai\/ga\/cleachtai-gramadai-na-gearmainise\/\" \/>\n<meta property=\"og:site_name\" content=\"Talkpal\" \/>\n<meta property=\"article:publisher\" content=\"https:\/\/www.facebook.com\/profile.php?id=100090733639311\" \/>\n<meta property=\"article:modified_time\" content=\"2025-12-17T16:12:03+00:00\" \/>\n<meta property=\"og:image\" content=\"https:\/\/talkpal.ai\/wp-content\/uploads\/2023\/03\/germany.png\" \/>\n\t<meta property=\"og:image:width\" content=\"512\" \/>\n\t<meta property=\"og:image:height\" content=\"512\" \/>\n\t<meta property=\"og:image:type\" content=\"image\/png\" \/>\n<meta name=\"twitter:card\" content=\"summary_large_image\" \/>\n<meta name=\"twitter:site\" content=\"@talkpalai\" \/>\n<meta name=\"twitter:label1\" content=\"Est. reading time\" \/>\n\t<meta name=\"twitter:data1\" content=\"4 minutes\" \/>\n<script type=\"application\/ld+json\" class=\"yoast-schema-graph\">{\"@context\":\"https:\/\/schema.org\",\"@graph\":[{\"@type\":\"WebPage\",\"@id\":\"https:\/\/talkpal.ai\/ga\/cleachtai-gramadai-na-gearmainise\/\",\"url\":\"https:\/\/talkpal.ai\/ga\/cleachtai-gramadai-na-gearmainise\/\",\"name\":\"Cleachta\u00ed Gramada\u00ed na Gearm\u00e1inise - Talkpal\",\"isPartOf\":{\"@id\":\"https:\/\/talkpal.ai\/ga\/#website\"},\"primaryImageOfPage\":{\"@id\":\"https:\/\/talkpal.ai\/ga\/cleachtai-gramadai-na-gearmainise\/#primaryimage\"},\"image\":{\"@id\":\"https:\/\/talkpal.ai\/ga\/cleachtai-gramadai-na-gearmainise\/#primaryimage\"},\"thumbnailUrl\":\"https:\/\/talkpal.ai\/wp-content\/uploads\/2023\/03\/germany.png\",\"datePublished\":\"2023-06-16T09:14:18+00:00\",\"dateModified\":\"2025-12-17T16:12:03+00:00\",\"description\":\"Treisi\u00fa do ghramadach Gearm\u00e1inise le cleachta\u00ed praitici\u00fala - feabhas a chur orthu go tapa, cleachtadh go hidirghn\u00edomhach, agus muin\u00edn teanga a fh\u00e1il ag baint \u00fas\u00e1ide as TalkPal AI.\",\"breadcrumb\":{\"@id\":\"https:\/\/talkpal.ai\/ga\/cleachtai-gramadai-na-gearmainise\/#breadcrumb\"},\"inLanguage\":\"ga-IE\",\"potentialAction\":[{\"@type\":\"ReadAction\",\"target\":[\"https:\/\/talkpal.ai\/ga\/cleachtai-gramadai-na-gearmainise\/\"]}]},{\"@type\":\"ImageObject\",\"inLanguage\":\"ga-IE\",\"@id\":\"https:\/\/talkpal.ai\/ga\/cleachtai-gramadai-na-gearmainise\/#primaryimage\",\"url\":\"https:\/\/talkpal.ai\/wp-content\/uploads\/2023\/03\/germany.png\",\"contentUrl\":\"https:\/\/talkpal.ai\/wp-content\/uploads\/2023\/03\/germany.png\",\"width\":512,\"height\":512,\"caption\":\"TalkPal AI foghlaim Gearm\u00e1inis\"},{\"@type\":\"BreadcrumbList\",\"@id\":\"https:\/\/talkpal.ai\/ga\/cleachtai-gramadai-na-gearmainise\/#breadcrumb\",\"itemListElement\":[{\"@type\":\"ListItem\",\"position\":1,\"name\":\"Homepage\",\"item\":\"https:\/\/talkpal.ai\/ga\/\"},{\"@type\":\"ListItem\",\"position\":2,\"name\":\"Cleachta\u00ed Gramada\u00ed na Gearm\u00e1inise\"}]},{\"@type\":\"WebSite\",\"@id\":\"https:\/\/talkpal.ai\/ga\/#website\",\"url\":\"https:\/\/talkpal.ai\/ga\/\",\"name\":\"Talkpal\",\"description\":\"AI Language Learning\",\"publisher\":{\"@id\":\"https:\/\/talkpal.ai\/ga\/#organization\"},\"alternateName\":\"Talkpal AI\",\"potentialAction\":[{\"@type\":\"SearchAction\",\"target\":{\"@type\":\"EntryPoint\",\"urlTemplate\":\"https:\/\/talkpal.ai\/ga\/?s={search_term_string}\"},\"query-input\":{\"@type\":\"PropertyValueSpecification\",\"valueRequired\":true,\"valueName\":\"search_term_string\"}}],\"inLanguage\":\"ga-IE\"},{\"@type\":\"Organization\",\"@id\":\"https:\/\/talkpal.ai\/ga\/#organization\",\"name\":\"Talkpal, Inc.\",\"alternateName\":\"Talkpal AI\",\"url\":\"https:\/\/talkpal.ai\/ga\/\",\"logo\":{\"@type\":\"ImageObject\",\"inLanguage\":\"ga-IE\",\"@id\":\"https:\/\/talkpal.ai\/ga\/#\/schema\/logo\/image\/\",\"url\":\"https:\/\/talkpal.ai\/wp-content\/uploads\/2024\/03\/Talkpal-Logo-Icon.png\",\"contentUrl\":\"https:\/\/talkpal.ai\/wp-content\/uploads\/2024\/03\/Talkpal-Logo-Icon.png\",\"width\":2880,\"height\":2880,\"caption\":\"Talkpal, Inc.\"},\"image\":{\"@id\":\"https:\/\/talkpal.ai\/ga\/#\/schema\/logo\/image\/\"},\"sameAs\":[\"https:\/\/www.facebook.com\/profile.php?id=100090733639311\",\"https:\/\/x.com\/talkpalai\",\"https:\/\/www.linkedin.com\/company\/talkpal\/\",\"https:\/\/www.youtube.com\/@TalkPal\/\",\"https:\/\/www.tiktok.com\/@talkpal\",\"https:\/\/www.instagram.com\/talkpal_ai\/\",\"https:\/\/www.crunchbase.com\/organization\/talkpal-9cde\",\"https:\/\/www.g2.com\/products\/talkpal-for-business\/\",\"https:\/\/www.trustpilot.com\/review\/talkpal.ai\",\"https:\/\/www.capterra.com\/p\/10006800\/TalkPal\/\"],\"description\":\"Talkpal is a language learning web and mobile education app, powered by the latest AI technologies, that provides engaging experiences to its customers in many different languages to help them improve their language skills. Users can chat about unlimited amount of topics with the app and use other modes to practice their language learning.\",\"email\":\"support@talkpal.ai\",\"legalName\":\"Talkpal, Inc.\",\"foundingDate\":\"2023-04-03\",\"duns\":\"118989042\",\"numberOfEmployees\":{\"@type\":\"QuantitativeValue\",\"minValue\":\"11\",\"maxValue\":\"50\"},\"publishingPrinciples\":\"https:\/\/talkpal.ai\/publishing-principles\/\",\"actionableFeedbackPolicy\":\"https:\/\/talkpal.ai\/actionable-feedback-policy\/\",\"correctionsPolicy\":\"https:\/\/talkpal.ai\/corrections-policy\/\",\"ethicsPolicy\":\"https:\/\/talkpal.ai\/ethics-policy\/\",\"diversityPolicy\":\"https:\/\/talkpal.ai\/diversity-policy\/\",\"diversityStaffingReport\":\"https:\/\/talkpal.ai\/diversity-policy\/\"}]}<\/script>\n<!-- \/ Yoast SEO Premium plugin. -->","yoast_head_json":{"title":"Cleachta\u00ed Gramada\u00ed na Gearm\u00e1inise - Talkpal","description":"Treisi\u00fa do ghramadach Gearm\u00e1inise le cleachta\u00ed praitici\u00fala - feabhas a chur orthu go tapa, cleachtadh go hidirghn\u00edomhach, agus muin\u00edn teanga a fh\u00e1il ag baint \u00fas\u00e1ide as TalkPal AI.","robots":{"index":"index","follow":"follow","max-snippet":"max-snippet:-1","max-image-preview":"max-image-preview:large","max-video-preview":"max-video-preview:-1"},"canonical":"https:\/\/talkpal.ai\/ga\/cleachtai-gramadai-na-gearmainise\/","og_locale":"ga_IE","og_type":"article","og_title":"Cleachta\u00ed Gramada\u00ed na Gearm\u00e1inise","og_description":"Topaic\u00ed Gramada\u00ed na Gearm\u00e1ine Is tasc uaf\u00e1sach \u00e9 teanga nua a fhoghlaim, ach leis an gcur chuige ceart, is f\u00e9idir leis a bheith ina eisp\u00e9ireas spreag\u00fail","og_url":"https:\/\/talkpal.ai\/ga\/cleachtai-gramadai-na-gearmainise\/","og_site_name":"Talkpal","article_publisher":"https:\/\/www.facebook.com\/profile.php?id=100090733639311","article_modified_time":"2025-12-17T16:12:03+00:00","og_image":[{"width":512,"height":512,"url":"https:\/\/talkpal.ai\/wp-content\/uploads\/2023\/03\/germany.png","type":"image\/png"}],"twitter_card":"summary_large_image","twitter_site":"@talkpalai","twitter_misc":{"Est. reading time":"4 minutes"},"schema":{"@context":"https:\/\/schema.org","@graph":[{"@type":"WebPage","@id":"https:\/\/talkpal.ai\/ga\/cleachtai-gramadai-na-gearmainise\/","url":"https:\/\/talkpal.ai\/ga\/cleachtai-gramadai-na-gearmainise\/","name":"Cleachta\u00ed Gramada\u00ed na Gearm\u00e1inise - Talkpal","isPartOf":{"@id":"https:\/\/talkpal.ai\/ga\/#website"},"primaryImageOfPage":{"@id":"https:\/\/talkpal.ai\/ga\/cleachtai-gramadai-na-gearmainise\/#primaryimage"},"image":{"@id":"https:\/\/talkpal.ai\/ga\/cleachtai-gramadai-na-gearmainise\/#primaryimage"},"thumbnailUrl":"https:\/\/talkpal.ai\/wp-content\/uploads\/2023\/03\/germany.png","datePublished":"2023-06-16T09:14:18+00:00","dateModified":"2025-12-17T16:12:03+00:00","description":"Treisi\u00fa do ghramadach Gearm\u00e1inise le cleachta\u00ed praitici\u00fala - feabhas a chur orthu go tapa, cleachtadh go hidirghn\u00edomhach, agus muin\u00edn teanga a fh\u00e1il ag baint \u00fas\u00e1ide as TalkPal AI.","breadcrumb":{"@id":"https:\/\/talkpal.ai\/ga\/cleachtai-gramadai-na-gearmainise\/#breadcrumb"},"inLanguage":"ga-IE","potentialAction":[{"@type":"ReadAction","target":["https:\/\/talkpal.ai\/ga\/cleachtai-gramadai-na-gearmainise\/"]}]},{"@type":"ImageObject","inLanguage":"ga-IE","@id":"https:\/\/talkpal.ai\/ga\/cleachtai-gramadai-na-gearmainise\/#primaryimage","url":"https:\/\/talkpal.ai\/wp-content\/uploads\/2023\/03\/germany.png","contentUrl":"https:\/\/talkpal.ai\/wp-content\/uploads\/2023\/03\/germany.png","width":512,"height":512,"caption":"TalkPal AI foghlaim Gearm\u00e1inis"},{"@type":"BreadcrumbList","@id":"https:\/\/talkpal.ai\/ga\/cleachtai-gramadai-na-gearmainise\/#breadcrumb","itemListElement":[{"@type":"ListItem","position":1,"name":"Homepage","item":"https:\/\/talkpal.ai\/ga\/"},{"@type":"ListItem","position":2,"name":"Cleachta\u00ed Gramada\u00ed na Gearm\u00e1inise"}]},{"@type":"WebSite","@id":"https:\/\/talkpal.ai\/ga\/#website","url":"https:\/\/talkpal.ai\/ga\/","name":"Talkpal","description":"AI Language Learning","publisher":{"@id":"https:\/\/talkpal.ai\/ga\/#organization"},"alternateName":"Talkpal AI","potentialAction":[{"@type":"SearchAction","target":{"@type":"EntryPoint","urlTemplate":"https:\/\/talkpal.ai\/ga\/?s={search_term_string}"},"query-input":{"@type":"PropertyValueSpecification","valueRequired":true,"valueName":"search_term_string"}}],"inLanguage":"ga-IE"},{"@type":"Organization","@id":"https:\/\/talkpal.ai\/ga\/#organization","name":"Talkpal, Inc.","alternateName":"Talkpal AI","url":"https:\/\/talkpal.ai\/ga\/","logo":{"@type":"ImageObject","inLanguage":"ga-IE","@id":"https:\/\/talkpal.ai\/ga\/#\/schema\/logo\/image\/","url":"https:\/\/talkpal.ai\/wp-content\/uploads\/2024\/03\/Talkpal-Logo-Icon.png","contentUrl":"https:\/\/talkpal.ai\/wp-content\/uploads\/2024\/03\/Talkpal-Logo-Icon.png","width":2880,"height":2880,"caption":"Talkpal, Inc."},"image":{"@id":"https:\/\/talkpal.ai\/ga\/#\/schema\/logo\/image\/"},"sameAs":["https:\/\/www.facebook.com\/profile.php?id=100090733639311","https:\/\/x.com\/talkpalai","https:\/\/www.linkedin.com\/company\/talkpal\/","https:\/\/www.youtube.com\/@TalkPal\/","https:\/\/www.tiktok.com\/@talkpal","https:\/\/www.instagram.com\/talkpal_ai\/","https:\/\/www.crunchbase.com\/organization\/talkpal-9cde","https:\/\/www.g2.com\/products\/talkpal-for-business\/","https:\/\/www.trustpilot.com\/review\/talkpal.ai","https:\/\/www.capterra.com\/p\/10006800\/TalkPal\/"],"description":"Talkpal is a language learning web and mobile education app, powered by the latest AI technologies, that provides engaging experiences to its customers in many different languages to help them improve their language skills. Users can chat about unlimited amount of topics with the app and use other modes to practice their language learning.","email":"support@talkpal.ai","legalName":"Talkpal, Inc.","foundingDate":"2023-04-03","duns":"118989042","numberOfEmployees":{"@type":"QuantitativeValue","minValue":"11","maxValue":"50"},"publishingPrinciples":"https:\/\/talkpal.ai\/publishing-principles\/","actionableFeedbackPolicy":"https:\/\/talkpal.ai\/actionable-feedback-policy\/","correctionsPolicy":"https:\/\/talkpal.ai\/corrections-policy\/","ethicsPolicy":"https:\/\/talkpal.ai\/ethics-policy\/","diversityPolicy":"https:\/\/talkpal.ai\/diversity-policy\/","diversityStaffingReport":"https:\/\/talkpal.ai\/diversity-policy\/"}]}},"_links":{"self":[{"href":"https:\/\/talkpal.ai\/ga\/wp-json\/wp\/v2\/pages\/1446649","targetHints":{"allow":["GET"]}}],"collection":[{"href":"https:\/\/talkpal.ai\/ga\/wp-json\/wp\/v2\/pages"}],"about":[{"href":"https:\/\/talkpal.ai\/ga\/wp-json\/wp\/v2\/types\/page"}],"author":[{"embeddable":true,"href":"https:\/\/talkpal.ai\/ga\/wp-json\/wp\/v2\/users\/6"}],"replies":[{"embeddable":true,"href":"https:\/\/talkpal.ai\/ga\/wp-json\/wp\/v2\/comments?post=1446649"}],"version-history":[{"count":0,"href":"https:\/\/talkpal.ai\/ga\/wp-json\/wp\/v2\/pages\/1446649\/revisions"}],"wp:featuredmedia":[{"embeddable":true,"href":"https:\/\/talkpal.ai\/ga\/wp-json\/wp\/v2\/media\/1439960"}],"wp:attachment":[{"href":"https:\/\/talkpal.ai\/ga\/wp-json\/wp\/v2\/media?parent=1446649"}],"curies":[{"name":"wp","href":"https:\/\/api.w.org\/{rel}","templated":true}]}}