{"id":1446646,"date":"2023-06-15T07:00:21","date_gmt":"2023-06-15T07:00:21","guid":{"rendered":"https:\/\/talkpal.ai\/cleachtai-gramadai-na-spainnise\/"},"modified":"2025-12-17T16:37:45","modified_gmt":"2025-12-17T16:37:45","slug":"cleachtai-gramadai-na-spainnise","status":"publish","type":"page","link":"https:\/\/talkpal.ai\/ga\/cleachtai-gramadai-na-spainnise\/","title":{"rendered":"Cleachta\u00ed Gramada\u00ed na Sp\u00e1innise"},"content":{"rendered":"\r\n\r\n\r\n<section class=\"languageChallengeSection\">\r\n    <div class=\"languageInfoWrapper\">\r\n        \r\n        <h1>Cleachta\u00ed Gramada\u00ed na Sp\u00e1innise<\/h1>\r\n        <p>R\u00e9idh le feabhas a <a href=\"https:\/\/talkpal.ai\/locations\/language-courses-in-chur\/\">chur<\/a> ar do <a href=\"https:\/\/talkpal.ai\/ga\/ag-labhairt-spainnis\/\">Sp\u00e1innis<\/a>? Is bealach iontach \u00e9 cleachta\u00ed gramada\u00ed a chleachtadh chun strucht\u00far abairte, conjugations briathra, agus patr\u00fain uath\u00fala na Sp\u00e1innise a mh\u00e1istir. Tosaigh ag obair ar ghramadach na Sp\u00e1inne inniu agus f\u00e9ach go bhf\u00e1sann do mhuin\u00edn agus do l\u00edofacht le gach cleachtadh!\n\n<\/p>\r\n\r\n                            <a class=\"getStartedHidden\" href=\"https:\/\/app.talkpal.ai\/signup?lng=\">Tosaigh<\/a>\r\n        \r\n    <\/div>\r\n\r\n    <figure>\r\n    <img decoding=\"async\" width=\"768\" height=\"768\" src=\"https:\/\/talkpal.ai\/wp-content\/uploads\/2023\/06\/Spanish-768x768.png\" class=\"languageImage no-lazy\" alt=\"Practical application of language learning\" fetchpriority=\"high\" sizes=\"(max-width: 768px) 150px, 768px\" srcset=\"https:\/\/talkpal.ai\/wp-content\/uploads\/2023\/06\/Spanish-768x768.png 768w, https:\/\/talkpal.ai\/wp-content\/uploads\/2023\/06\/Spanish-300x300.png 300w\" \/>\r\n    \r\n\r\n    <\/figure>\r\n\r\n            <a class=\"getStartedVisible\" href=\"https:\/\/app.talkpal.ai\/signup?lng=\">Tosaigh<\/a>\r\n    \r\n<\/section>\r\n\r\n\r\n<!-- <section class=\"grammarSection\">\r\n    <div class=\"grammarLinks\">\r\n            <\/div>\r\n<\/section> -->\r\n\r\n\r\n\r\n\r\n<section class=\"promotionalBanner\">\r\n    <p class=\"promotionalText\">An bealach is \u00e9ifeachta\u00ed le teanga a fhoghlaim<\/p>\r\n    <a class=\"promotionalLink\" href=\"https:\/\/app.talkpal.ai\/signup?lng=\">Bain triail as Talkpal saor in aisce<\/a>\r\n<\/section>\n<div class=\"wp-block-group pageContainerStyle\"><div class=\"wp-block-group__inner-container is-layout-constrained wp-block-group-is-layout-constrained\">\n<h2 class=\"wp-block-heading\" id=\"h-spanish-grammar-topics\">Topaic\u00ed Gramada\u00ed na Sp\u00e1inne<\/h2>\n\n\n\n<p>Is f\u00e9idir le teanga <a href=\"https:\/\/talkpal.ai\/talkpal-new-years-discount\/\">nua<\/a> a fhoghlaim a bheith ina iarracht spreag\u00fail agus luachmhar, agus n\u00ed haon eisceacht \u00ed an Sp\u00e1innis. Mar an dara teanga is m\u00f3 a labhra\u00edtear ar domhan, is f\u00e9idir l\u00e9i deiseanna nua a oscailt le haghaidh taistil, oibre agus malart\u00fa cult\u00fartha. Cib\u00e9 an bhfuil t\u00fa ina thosaitheoir ioml\u00e1n n\u00f3 ag iarraidh feabhas a chur ar do scileanna at\u00e1 ann cheana f\u00e9in, t\u00e1 s\u00e9 riachtanach <a href=\"https:\/\/talkpal.ai\/grammar\/\">gramadach<\/a> na Sp\u00e1inne a thuiscint agus a mh\u00e1istir. \u00d3 aimsir agus briathra go strucht\u00far abairte agus r\u00e9amhfhocail, t\u00e1 r\u00f3l r\u00edth\u00e1bhachtach ag gach gn\u00e9 den teanga i do chumas cumars\u00e1id \u00e9ifeachtach a dh\u00e9anamh. Sa treoir seo, d\u00e9anfaimid ini\u00fachadh ar \u00e1bhair th\u00e1bhachtacha <a href=\"https:\/\/talkpal.ai\/ga\/cleachtai-gramadai-na-hisiltire\/\">gramada\u00ed na<\/a> Sp\u00e1inne, agus cuirfimid i l\u00e1thair iad i seicheamh loighci\u00fail chun cabhr\u00fa leat an teanga a fhoghlaim gan str\u00f3.<\/p>\n\n\n\n<h3 class=\"wp-block-heading\" id=\"h-1-nouns-and-articles\">1. Ainmfhocail agus Airteagail:<\/h3>\n\n\n\n<p>Tosaigh tr\u00ed eolas a chur ar ainmfhocail Sp\u00e1innise agus a n-inscne, chomh maith le hailt chinnte agus \u00e9iginnte. Cabhr\u00f3idh na bloic th\u00f3g\u00e1la bhun\u00fasacha seo leat fr\u00e1sa\u00ed agus abairt\u00ed simpl\u00ed a thuiscint agus a fhoirmi\u00fa.<\/p>\n\n\n\n<h3 class=\"wp-block-heading\" id=\"h-2-adjectives\">2. Aidiachta\u00ed:<\/h3>\n\n\n\n<p>T\u00e1 aidiachta\u00ed riachtanach chun cur s\u00edos a dh\u00e9anamh ar ainmfhocail, agus sa Sp\u00e1innis, caithfidh siad aont\u00fa in inscne agus uimhir leis an ainmfhocal a mhodhna\u00edonn siad. Ag foghlaim na rialacha <a href=\"https:\/\/talkpal.ai\/ga\/maidir\/\">maidir<\/a> le socr\u00fach\u00e1n agus comhaont\u00fa aidiachta cuirfidh s\u00e9 go m\u00f3r le do chumas t\u00fa f\u00e9in a chur in i\u00fal i Sp\u00e1innis.<\/p>\n\n\n\n<h3 class=\"wp-block-heading\" id=\"h-3-pronouns\">3. Forainmneacha:<\/h3>\n\n\n\n<p>Cuirtear forainmneacha in ionad ainmfhocail agus t\u00e1 siad r\u00edth\u00e1bhachtach chun comhr\u00e1 a dh\u00e9anamh n\u00edos sreabhach agus n\u00edos n\u00e1d\u00fartha. D\u00edrigh ar fhorainmneacha \u00e1bhair, forainmneacha r\u00e9ada d\u00edreacha agus ind\u00edreacha, agus forainmneacha machnamhacha, ag cinnti\u00fa go dtuigeann t\u00fa a n-\u00fas\u00e1id agus a socr\u00fach\u00e1n in abairt\u00ed.<\/p>\n\n\n\n<h3 class=\"wp-block-heading\" id=\"h-4-verbs\">4. Briathra:<\/h3>\n\n\n\n<p>Is iad briathra cn\u00e1mh droma aon teanga, agus n\u00edl an Sp\u00e1innis difri\u00fail. Tosaigh ag foghlaim na briathra rialta agus neamhrialta is coitianta, chomh maith lena gcomhchuingithe sa ghi\u00famar t\u00e1scach aimsire l\u00e1ithreach.<\/p>\n\n\n\n<h3 class=\"wp-block-heading\" id=\"h-5-tenses-indicative\">5. Aimsir T\u00e1scach:<\/h3>\n\n\n\n<p>Nuair a bheidh tuiscint agat ar chomhchuingi\u00fa bun\u00fasach briathar, leathnaigh do chuid eolais chun aimsir th\u00e1scacha eile a chur san \u00e1ireamh, mar shampla an aimsir preterite, imperfect, todhcha\u00ed, agus coinn\u00edollach. Cuirfidh s\u00e9 seo ar do chumas gn\u00edomhartha agus imeachta\u00ed a chur in i\u00fal thar thr\u00e9imhs\u00ed ama \u00e9ags\u00fala.<\/p>\n\n\n\n<h3 class=\"wp-block-heading\" id=\"h-6-adverbs\">6. Adverbs:<\/h3>\n\n\n\n<p>Sol\u00e1thra\u00edonn adverbs faisn\u00e9is bhreise faoi bhriathra, aidiachta\u00ed, n\u00f3 adverbs eile. Foghlaim na cine\u00e1lacha \u00e9ags\u00fala adverbs agus a socr\u00fach\u00e1n in abairt\u00ed chun n\u00edos m\u00f3 sonra\u00ed agus nuance a chur le do chuid cainte.<\/p>\n\n\n\n<h3 class=\"wp-block-heading\" id=\"h-7-prepositions\">7. Prepositions:<\/h3>\n\n\n\n<p>T\u00e1 r\u00e9amhfhocail riachtanach chun caidrimh idir focail a chur in i\u00fal, mar shampla su\u00edomh, treo, n\u00f3 am. Cuir eolas ar na r\u00e9amhfhocail Sp\u00e1innise is coitianta agus a n-\u00fas\u00e1id i gcomhth\u00e9acsanna \u00e9ags\u00fala.<\/p>\n\n\n\n<h3 class=\"wp-block-heading\" id=\"h-8-tenses-subjunctive\">8. Aimsir Subjunctive:<\/h3>\n\n\n\n<p>\u00das\u00e1idtear an gi\u00famar subjunctive chun amhras, \u00e9iginnteacht, n\u00f3 c\u00e1sanna hipit\u00e9iseacha a chur in i\u00fal. D\u00e9an staid\u00e9ar ar na rialacha comhchuingithe do bhriathra rialta agus neamhrialta sa l\u00e1 at\u00e1 inniu ann, san am at\u00e1 caite, agus sa todhcha\u00ed chun do chumais sainr\u00e1ite a leathn\u00fa.<\/p>\n\n\n\n<h3 class=\"wp-block-heading\" id=\"h-9-tense-comparison\">9. Compar\u00e1id Aimsire:<\/h3>\n\n\n\n<p>Cuideoidh tuiscint a fh\u00e1il ar na nuances idir aimsir agus gi\u00famar \u00e9ags\u00fala leat an fhoirm chu\u00ed a roghn\u00fa chun an bhr\u00ed at\u00e1 beartaithe agat a chur in i\u00fal. Cleachtadh a chur i gcompar\u00e1id agus i gcodarsnacht aimsir th\u00e1scacha agus subjunctive, chomh maith leis na aimsir chaite \u00e9ags\u00fala, chun n\u00edos m\u00f3 cumhachta a fh\u00e1il ar an teanga.<\/p>\n\n\n\n<h3 class=\"wp-block-heading\" id=\"h-10-sentence-structure\">10. Strucht\u00far na habairte:<\/h3>\n\n\n\n<p>Ar deireadh, d\u00e9an ini\u00fachadh ar strucht\u00fair abairt\u00ed \u00e9ags\u00fala, lena n-\u00e1ir\u00edtear abairt\u00ed simpl\u00ed, cumaisc agus casta. Foghlaim conas comhcheangal comhordaithe agus fo-ordaithe a \u00fas\u00e1id chun smaointe n\u00edos casta a chruth\u00fa agus do chumas cumars\u00e1id a dh\u00e9anamh go h\u00e9ifeachtach sa Sp\u00e1innis a fhorbairt.<\/p>\n<\/div><\/div>\n\r\n<section class=\"learnNavigationSection\">\r\n            \r\n        <a href=\"https:\/\/talkpal.ai\/ga\/foghlaim-spainnis\/\">\r\n            <div class=\"learnNavigationWrapper\">\r\n                <div class=\"learnNavigationContent\">\r\n                    <img decoding=\"async\" src=\"https:\/\/talkpal.ai\/wp-content\/uploads\/2024\/08\/Spanish.jpg\" alt=\"Spanish Flag\">\r\n                    <div>\r\n                        <h4>Maidir le Foghlaim na Sp\u00e1inne<\/h4>\r\n                        <p>Faigh amach gach rud faoi ghramadach na Sp\u00e1inne.<\/p>\r\n                    <\/div>\r\n                <\/div>\r\n            <\/div>\r\n        <\/a>\r\n\r\n        \r\n        <a href=\"https:\/\/talkpal.ai\/ga\/gramadach-spainnise\/\">\r\n            <div class=\"learnNavigationWrapper\">\r\n                <div class=\"learnNavigationContent\">\r\n                    <img decoding=\"async\" src=\"https:\/\/talkpal.ai\/wp-content\/uploads\/2024\/08\/Spanish.jpg\" alt=\"Spanish Flag\">\r\n                    <div>\r\n                        <h4>Ceachtanna Gramada\u00ed na Sp\u00e1inne<\/h4>\r\n                        <p>Cleachtadh gramadach na Sp\u00e1inne.<\/p>\r\n                    <\/div>\r\n                <\/div>\r\n            <\/div>\r\n        <\/a>\r\n\r\n        \r\n        <a href=\"https:\/\/talkpal.ai\/vocabulary_language\/spanish\/\">\r\n            <div class=\"learnNavigationWrapper\">\r\n                <div class=\"learnNavigationContent\">\r\n                    <img decoding=\"async\" src=\"https:\/\/talkpal.ai\/wp-content\/uploads\/2024\/08\/Spanish.jpg\" alt=\"Spanish Flag\">\r\n                    <div>\r\n                        <h4>St\u00f3r focal na Sp\u00e1inne<\/h4>\r\n                        <p>Leathnaigh do st\u00f3r focal Sp\u00e1innise.<\/p>\r\n                    <\/div>\r\n                <\/div>\r\n            <\/div>\r\n        <\/a>\r\n\r\n            <\/section>","protected":false},"excerpt":{"rendered":"<p>Topaic\u00ed Gramada\u00ed na Sp\u00e1inne Is f\u00e9idir le teanga nua a fhoghlaim a bheith ina iarracht spreag\u00fail agus luachmhar, agus n\u00ed haon eisceacht \u00ed an Sp\u00e1innis. Mar an dara teanga is m\u00f3 a labhra\u00edtear ar domhan, is f\u00e9idir l\u00e9i deiseanna nua a oscailt le haghaidh taistil, oibre agus malart\u00fa cult\u00fartha. Cib\u00e9 an bhfuil t\u00fa ina thosaitheoir [&hellip;]<\/p>\n","protected":false},"author":1,"featured_media":1439948,"parent":0,"menu_order":0,"comment_status":"closed","ping_status":"closed","template":"LearningContentPage.php","meta":{"_acf_changed":false,"footnotes":""},"class_list":["post-1446646","page","type-page","status-publish","has-post-thumbnail","hentry"],"acf":[],"yoast_head":"<!-- This site is optimized with the Yoast SEO Premium plugin v27.2 (Yoast SEO v27.2) - https:\/\/yoast.com\/product\/yoast-seo-premium-wordpress\/ -->\n<title>Cleachta\u00ed Gramada\u00ed na Sp\u00e1innise - Talkpal<\/title>\n<meta name=\"description\" content=\"Feabhas a chur ar do ghramadach Sp\u00e1innis le cleachta\u00ed idirghn\u00edomhacha at\u00e1 deartha do gach leibh\u00e9al scileanna. Cleachtadh briathra, strucht\u00far abairte, st\u00f3r focal, agus go leor eile!\" \/>\n<meta name=\"robots\" content=\"index, follow, max-snippet:-1, max-image-preview:large, max-video-preview:-1\" \/>\n<link rel=\"canonical\" href=\"https:\/\/talkpal.ai\/ga\/cleachtai-gramadai-na-spainnise\/\" \/>\n<meta property=\"og:locale\" content=\"ga_IE\" \/>\n<meta property=\"og:type\" content=\"article\" \/>\n<meta property=\"og:title\" content=\"Cleachta\u00ed Gramada\u00ed na Sp\u00e1innise\" \/>\n<meta property=\"og:description\" content=\"Topaic\u00ed Gramada\u00ed na Sp\u00e1inne Is f\u00e9idir le teanga nua a fhoghlaim a bheith ina iarracht spreag\u00fail agus luachmhar, agus n\u00ed haon eisceacht \u00ed an Sp\u00e1innis. Mar\" \/>\n<meta property=\"og:url\" content=\"https:\/\/talkpal.ai\/ga\/cleachtai-gramadai-na-spainnise\/\" \/>\n<meta property=\"og:site_name\" content=\"Talkpal\" \/>\n<meta property=\"article:publisher\" content=\"https:\/\/www.facebook.com\/profile.php?id=100090733639311\" \/>\n<meta property=\"article:modified_time\" content=\"2025-12-17T16:37:45+00:00\" \/>\n<meta property=\"og:image\" content=\"https:\/\/talkpal.ai\/wp-content\/uploads\/2023\/03\/spain.png\" \/>\n\t<meta property=\"og:image:width\" content=\"512\" \/>\n\t<meta property=\"og:image:height\" content=\"512\" \/>\n\t<meta property=\"og:image:type\" content=\"image\/png\" \/>\n<meta name=\"twitter:card\" content=\"summary_large_image\" \/>\n<meta name=\"twitter:site\" content=\"@talkpalai\" \/>\n<meta name=\"twitter:label1\" content=\"Est. reading time\" \/>\n\t<meta name=\"twitter:data1\" content=\"3 minutes\" \/>\n<script type=\"application\/ld+json\" class=\"yoast-schema-graph\">{\"@context\":\"https:\/\/schema.org\",\"@graph\":[{\"@type\":\"WebPage\",\"@id\":\"https:\/\/talkpal.ai\/ga\/cleachtai-gramadai-na-spainnise\/\",\"url\":\"https:\/\/talkpal.ai\/ga\/cleachtai-gramadai-na-spainnise\/\",\"name\":\"Cleachta\u00ed Gramada\u00ed na Sp\u00e1innise - Talkpal\",\"isPartOf\":{\"@id\":\"https:\/\/talkpal.ai\/ga\/#website\"},\"primaryImageOfPage\":{\"@id\":\"https:\/\/talkpal.ai\/ga\/cleachtai-gramadai-na-spainnise\/#primaryimage\"},\"image\":{\"@id\":\"https:\/\/talkpal.ai\/ga\/cleachtai-gramadai-na-spainnise\/#primaryimage\"},\"thumbnailUrl\":\"https:\/\/talkpal.ai\/wp-content\/uploads\/2023\/03\/spain.png\",\"datePublished\":\"2023-06-15T07:00:21+00:00\",\"dateModified\":\"2025-12-17T16:37:45+00:00\",\"description\":\"Feabhas a chur ar do ghramadach Sp\u00e1innis le cleachta\u00ed idirghn\u00edomhacha at\u00e1 deartha do gach leibh\u00e9al scileanna. Cleachtadh briathra, strucht\u00far abairte, st\u00f3r focal, agus go leor eile!\",\"breadcrumb\":{\"@id\":\"https:\/\/talkpal.ai\/ga\/cleachtai-gramadai-na-spainnise\/#breadcrumb\"},\"inLanguage\":\"ga-IE\",\"potentialAction\":[{\"@type\":\"ReadAction\",\"target\":[\"https:\/\/talkpal.ai\/ga\/cleachtai-gramadai-na-spainnise\/\"]}]},{\"@type\":\"ImageObject\",\"inLanguage\":\"ga-IE\",\"@id\":\"https:\/\/talkpal.ai\/ga\/cleachtai-gramadai-na-spainnise\/#primaryimage\",\"url\":\"https:\/\/talkpal.ai\/wp-content\/uploads\/2023\/03\/spain.png\",\"contentUrl\":\"https:\/\/talkpal.ai\/wp-content\/uploads\/2023\/03\/spain.png\",\"width\":512,\"height\":512,\"caption\":\"TalkPal AI foghlaim Sp\u00e1innis\"},{\"@type\":\"BreadcrumbList\",\"@id\":\"https:\/\/talkpal.ai\/ga\/cleachtai-gramadai-na-spainnise\/#breadcrumb\",\"itemListElement\":[{\"@type\":\"ListItem\",\"position\":1,\"name\":\"Homepage\",\"item\":\"https:\/\/talkpal.ai\/ga\/\"},{\"@type\":\"ListItem\",\"position\":2,\"name\":\"Cleachta\u00ed Gramada\u00ed na Sp\u00e1innise\"}]},{\"@type\":\"WebSite\",\"@id\":\"https:\/\/talkpal.ai\/ga\/#website\",\"url\":\"https:\/\/talkpal.ai\/ga\/\",\"name\":\"Talkpal\",\"description\":\"AI Language Learning\",\"publisher\":{\"@id\":\"https:\/\/talkpal.ai\/ga\/#organization\"},\"alternateName\":\"Talkpal AI\",\"potentialAction\":[{\"@type\":\"SearchAction\",\"target\":{\"@type\":\"EntryPoint\",\"urlTemplate\":\"https:\/\/talkpal.ai\/ga\/?s={search_term_string}\"},\"query-input\":{\"@type\":\"PropertyValueSpecification\",\"valueRequired\":true,\"valueName\":\"search_term_string\"}}],\"inLanguage\":\"ga-IE\"},{\"@type\":\"Organization\",\"@id\":\"https:\/\/talkpal.ai\/ga\/#organization\",\"name\":\"Talkpal, Inc.\",\"alternateName\":\"Talkpal AI\",\"url\":\"https:\/\/talkpal.ai\/ga\/\",\"logo\":{\"@type\":\"ImageObject\",\"inLanguage\":\"ga-IE\",\"@id\":\"https:\/\/talkpal.ai\/ga\/#\/schema\/logo\/image\/\",\"url\":\"https:\/\/talkpal.ai\/wp-content\/uploads\/2024\/03\/Talkpal-Logo-Icon.png\",\"contentUrl\":\"https:\/\/talkpal.ai\/wp-content\/uploads\/2024\/03\/Talkpal-Logo-Icon.png\",\"width\":2880,\"height\":2880,\"caption\":\"Talkpal, Inc.\"},\"image\":{\"@id\":\"https:\/\/talkpal.ai\/ga\/#\/schema\/logo\/image\/\"},\"sameAs\":[\"https:\/\/www.facebook.com\/profile.php?id=100090733639311\",\"https:\/\/x.com\/talkpalai\",\"https:\/\/www.linkedin.com\/company\/talkpal\/\",\"https:\/\/www.youtube.com\/@TalkPal\/\",\"https:\/\/www.tiktok.com\/@talkpal\",\"https:\/\/www.instagram.com\/talkpal_ai\/\",\"https:\/\/www.crunchbase.com\/organization\/talkpal-9cde\",\"https:\/\/www.g2.com\/products\/talkpal-for-business\/\",\"https:\/\/www.trustpilot.com\/review\/talkpal.ai\",\"https:\/\/www.capterra.com\/p\/10006800\/TalkPal\/\"],\"description\":\"Talkpal is a language learning web and mobile education app, powered by the latest AI technologies, that provides engaging experiences to its customers in many different languages to help them improve their language skills. Users can chat about unlimited amount of topics with the app and use other modes to practice their language learning.\",\"email\":\"support@talkpal.ai\",\"legalName\":\"Talkpal, Inc.\",\"foundingDate\":\"2023-04-03\",\"duns\":\"118989042\",\"numberOfEmployees\":{\"@type\":\"QuantitativeValue\",\"minValue\":\"11\",\"maxValue\":\"50\"},\"publishingPrinciples\":\"https:\/\/talkpal.ai\/publishing-principles\/\",\"actionableFeedbackPolicy\":\"https:\/\/talkpal.ai\/actionable-feedback-policy\/\",\"correctionsPolicy\":\"https:\/\/talkpal.ai\/corrections-policy\/\",\"ethicsPolicy\":\"https:\/\/talkpal.ai\/ethics-policy\/\",\"diversityPolicy\":\"https:\/\/talkpal.ai\/diversity-policy\/\",\"diversityStaffingReport\":\"https:\/\/talkpal.ai\/diversity-policy\/\"}]}<\/script>\n<!-- \/ Yoast SEO Premium plugin. -->","yoast_head_json":{"title":"Cleachta\u00ed Gramada\u00ed na Sp\u00e1innise - Talkpal","description":"Feabhas a chur ar do ghramadach Sp\u00e1innis le cleachta\u00ed idirghn\u00edomhacha at\u00e1 deartha do gach leibh\u00e9al scileanna. Cleachtadh briathra, strucht\u00far abairte, st\u00f3r focal, agus go leor eile!","robots":{"index":"index","follow":"follow","max-snippet":"max-snippet:-1","max-image-preview":"max-image-preview:large","max-video-preview":"max-video-preview:-1"},"canonical":"https:\/\/talkpal.ai\/ga\/cleachtai-gramadai-na-spainnise\/","og_locale":"ga_IE","og_type":"article","og_title":"Cleachta\u00ed Gramada\u00ed na Sp\u00e1innise","og_description":"Topaic\u00ed Gramada\u00ed na Sp\u00e1inne Is f\u00e9idir le teanga nua a fhoghlaim a bheith ina iarracht spreag\u00fail agus luachmhar, agus n\u00ed haon eisceacht \u00ed an Sp\u00e1innis. Mar","og_url":"https:\/\/talkpal.ai\/ga\/cleachtai-gramadai-na-spainnise\/","og_site_name":"Talkpal","article_publisher":"https:\/\/www.facebook.com\/profile.php?id=100090733639311","article_modified_time":"2025-12-17T16:37:45+00:00","og_image":[{"width":512,"height":512,"url":"https:\/\/talkpal.ai\/wp-content\/uploads\/2023\/03\/spain.png","type":"image\/png"}],"twitter_card":"summary_large_image","twitter_site":"@talkpalai","twitter_misc":{"Est. reading time":"3 minutes"},"schema":{"@context":"https:\/\/schema.org","@graph":[{"@type":"WebPage","@id":"https:\/\/talkpal.ai\/ga\/cleachtai-gramadai-na-spainnise\/","url":"https:\/\/talkpal.ai\/ga\/cleachtai-gramadai-na-spainnise\/","name":"Cleachta\u00ed Gramada\u00ed na Sp\u00e1innise - Talkpal","isPartOf":{"@id":"https:\/\/talkpal.ai\/ga\/#website"},"primaryImageOfPage":{"@id":"https:\/\/talkpal.ai\/ga\/cleachtai-gramadai-na-spainnise\/#primaryimage"},"image":{"@id":"https:\/\/talkpal.ai\/ga\/cleachtai-gramadai-na-spainnise\/#primaryimage"},"thumbnailUrl":"https:\/\/talkpal.ai\/wp-content\/uploads\/2023\/03\/spain.png","datePublished":"2023-06-15T07:00:21+00:00","dateModified":"2025-12-17T16:37:45+00:00","description":"Feabhas a chur ar do ghramadach Sp\u00e1innis le cleachta\u00ed idirghn\u00edomhacha at\u00e1 deartha do gach leibh\u00e9al scileanna. Cleachtadh briathra, strucht\u00far abairte, st\u00f3r focal, agus go leor eile!","breadcrumb":{"@id":"https:\/\/talkpal.ai\/ga\/cleachtai-gramadai-na-spainnise\/#breadcrumb"},"inLanguage":"ga-IE","potentialAction":[{"@type":"ReadAction","target":["https:\/\/talkpal.ai\/ga\/cleachtai-gramadai-na-spainnise\/"]}]},{"@type":"ImageObject","inLanguage":"ga-IE","@id":"https:\/\/talkpal.ai\/ga\/cleachtai-gramadai-na-spainnise\/#primaryimage","url":"https:\/\/talkpal.ai\/wp-content\/uploads\/2023\/03\/spain.png","contentUrl":"https:\/\/talkpal.ai\/wp-content\/uploads\/2023\/03\/spain.png","width":512,"height":512,"caption":"TalkPal AI foghlaim Sp\u00e1innis"},{"@type":"BreadcrumbList","@id":"https:\/\/talkpal.ai\/ga\/cleachtai-gramadai-na-spainnise\/#breadcrumb","itemListElement":[{"@type":"ListItem","position":1,"name":"Homepage","item":"https:\/\/talkpal.ai\/ga\/"},{"@type":"ListItem","position":2,"name":"Cleachta\u00ed Gramada\u00ed na Sp\u00e1innise"}]},{"@type":"WebSite","@id":"https:\/\/talkpal.ai\/ga\/#website","url":"https:\/\/talkpal.ai\/ga\/","name":"Talkpal","description":"AI Language Learning","publisher":{"@id":"https:\/\/talkpal.ai\/ga\/#organization"},"alternateName":"Talkpal AI","potentialAction":[{"@type":"SearchAction","target":{"@type":"EntryPoint","urlTemplate":"https:\/\/talkpal.ai\/ga\/?s={search_term_string}"},"query-input":{"@type":"PropertyValueSpecification","valueRequired":true,"valueName":"search_term_string"}}],"inLanguage":"ga-IE"},{"@type":"Organization","@id":"https:\/\/talkpal.ai\/ga\/#organization","name":"Talkpal, Inc.","alternateName":"Talkpal AI","url":"https:\/\/talkpal.ai\/ga\/","logo":{"@type":"ImageObject","inLanguage":"ga-IE","@id":"https:\/\/talkpal.ai\/ga\/#\/schema\/logo\/image\/","url":"https:\/\/talkpal.ai\/wp-content\/uploads\/2024\/03\/Talkpal-Logo-Icon.png","contentUrl":"https:\/\/talkpal.ai\/wp-content\/uploads\/2024\/03\/Talkpal-Logo-Icon.png","width":2880,"height":2880,"caption":"Talkpal, Inc."},"image":{"@id":"https:\/\/talkpal.ai\/ga\/#\/schema\/logo\/image\/"},"sameAs":["https:\/\/www.facebook.com\/profile.php?id=100090733639311","https:\/\/x.com\/talkpalai","https:\/\/www.linkedin.com\/company\/talkpal\/","https:\/\/www.youtube.com\/@TalkPal\/","https:\/\/www.tiktok.com\/@talkpal","https:\/\/www.instagram.com\/talkpal_ai\/","https:\/\/www.crunchbase.com\/organization\/talkpal-9cde","https:\/\/www.g2.com\/products\/talkpal-for-business\/","https:\/\/www.trustpilot.com\/review\/talkpal.ai","https:\/\/www.capterra.com\/p\/10006800\/TalkPal\/"],"description":"Talkpal is a language learning web and mobile education app, powered by the latest AI technologies, that provides engaging experiences to its customers in many different languages to help them improve their language skills. Users can chat about unlimited amount of topics with the app and use other modes to practice their language learning.","email":"support@talkpal.ai","legalName":"Talkpal, Inc.","foundingDate":"2023-04-03","duns":"118989042","numberOfEmployees":{"@type":"QuantitativeValue","minValue":"11","maxValue":"50"},"publishingPrinciples":"https:\/\/talkpal.ai\/publishing-principles\/","actionableFeedbackPolicy":"https:\/\/talkpal.ai\/actionable-feedback-policy\/","correctionsPolicy":"https:\/\/talkpal.ai\/corrections-policy\/","ethicsPolicy":"https:\/\/talkpal.ai\/ethics-policy\/","diversityPolicy":"https:\/\/talkpal.ai\/diversity-policy\/","diversityStaffingReport":"https:\/\/talkpal.ai\/diversity-policy\/"}]}},"_links":{"self":[{"href":"https:\/\/talkpal.ai\/ga\/wp-json\/wp\/v2\/pages\/1446646","targetHints":{"allow":["GET"]}}],"collection":[{"href":"https:\/\/talkpal.ai\/ga\/wp-json\/wp\/v2\/pages"}],"about":[{"href":"https:\/\/talkpal.ai\/ga\/wp-json\/wp\/v2\/types\/page"}],"author":[{"embeddable":true,"href":"https:\/\/talkpal.ai\/ga\/wp-json\/wp\/v2\/users\/1"}],"replies":[{"embeddable":true,"href":"https:\/\/talkpal.ai\/ga\/wp-json\/wp\/v2\/comments?post=1446646"}],"version-history":[{"count":0,"href":"https:\/\/talkpal.ai\/ga\/wp-json\/wp\/v2\/pages\/1446646\/revisions"}],"wp:featuredmedia":[{"embeddable":true,"href":"https:\/\/talkpal.ai\/ga\/wp-json\/wp\/v2\/media\/1439948"}],"wp:attachment":[{"href":"https:\/\/talkpal.ai\/ga\/wp-json\/wp\/v2\/media?parent=1446646"}],"curies":[{"name":"wp","href":"https:\/\/api.w.org\/{rel}","templated":true}]}}