{"id":1446642,"date":"2023-06-16T09:22:36","date_gmt":"2023-06-16T09:22:36","guid":{"rendered":"https:\/\/talkpal.ai\/cleachtai-gramadai-na-hiodaile\/"},"modified":"2025-12-17T16:14:22","modified_gmt":"2025-12-17T16:14:22","slug":"cleachtai-gramadai-na-hiodaile","status":"publish","type":"page","link":"https:\/\/talkpal.ai\/ga\/cleachtai-gramadai-na-hiodaile\/","title":{"rendered":"Cleachta\u00ed Gramada\u00ed na hIod\u00e1ile"},"content":{"rendered":"\r\n\r\n\r\n<section class=\"languageChallengeSection\">\r\n    <div class=\"languageInfoWrapper\">\r\n        \r\n        <h1>Cleachta\u00ed Gramada\u00ed na hIod\u00e1ile<\/h1>\r\n        <p>R\u00e9idh le do mhuin\u00edn san Iod\u00e1ilis a th\u00f3g\u00e1il? Is \u00e9 cleachtadh gramada\u00ed an bealach is fearr chun m\u00e1istreacht a dh\u00e9anamh ar strucht\u00far abairte, comhchuingithe briathartha, agus gn\u00e9ithe uath\u00fala na teanga Iod\u00e1ilise. Tosaigh ag obair ar do ghramadach Iod\u00e1ilis inniu agus feabhsaigh do scileanna agus l\u00edofacht le gach c\u00e9im!\n\n<\/p>\r\n\r\n                            <a class=\"getStartedHidden\" href=\"https:\/\/app.talkpal.ai\/signup?lng=\">Tosaigh<\/a>\r\n        \r\n    <\/div>\r\n\r\n    <figure>\r\n    <img decoding=\"async\" width=\"768\" height=\"768\" src=\"https:\/\/talkpal.ai\/wp-content\/uploads\/2023\/06\/italian-768x768.png\" class=\"languageImage no-lazy\" alt=\"Language learning for increased memory capacity\" fetchpriority=\"high\" sizes=\"(max-width: 768px) 150px, 768px\" srcset=\"https:\/\/talkpal.ai\/wp-content\/uploads\/2023\/06\/italian-768x768.png 768w, https:\/\/talkpal.ai\/wp-content\/uploads\/2023\/06\/italian-300x300.png 300w\" \/>\r\n    \r\n\r\n    <\/figure>\r\n\r\n            <a class=\"getStartedVisible\" href=\"https:\/\/app.talkpal.ai\/signup?lng=\">Tosaigh<\/a>\r\n    \r\n<\/section>\r\n\r\n\r\n<!-- <section class=\"grammarSection\">\r\n    <div class=\"grammarLinks\">\r\n            <\/div>\r\n<\/section> -->\r\n\r\n\r\n\r\n\r\n<section class=\"promotionalBanner\">\r\n    <p class=\"promotionalText\">An bealach is \u00e9ifeachta\u00ed le teanga a fhoghlaim<\/p>\r\n    <a class=\"promotionalLink\" href=\"https:\/\/app.talkpal.ai\/signup?lng=\">Bain triail as Talkpal saor in aisce<\/a>\r\n<\/section>\n<div class=\"wp-block-group pageContainerStyle\"><div class=\"wp-block-group__inner-container is-layout-constrained wp-block-group-is-layout-constrained\">\n<h2 class=\"wp-block-heading\" id=\"h-italian-grammar-topics\">Topaic\u00ed Gramada\u00ed na hIod\u00e1ile<\/h2>\n\n\n\n<p>Is turas spreag\u00fail \u00e9 teanga <a href=\"https:\/\/talkpal.ai\/talkpal-new-years-discount\/\">nua<\/a> a fhoghlaim a oscla\u00edonn deiseanna agus eisp\u00e9iris chult\u00fartha nua. Ceann de na teangacha is \u00e1ille agus is forleithne a labhra\u00edtear is ea an Iod\u00e1ilis, a bhfuil c\u00e1il uirthi mar gheall ar a ceoltacht, a l\u00e9iri\u00falacht agus a stair shaibhir. Chun an Iod\u00e1ilis a fhoghlaim go h\u00e9ifeachtach, t\u00e1 s\u00e9 r\u00edth\u00e1bhachtach tuiscint shoil\u00e9ir a bheith agat ar a <a href=\"https:\/\/talkpal.ai\/grammar\/\">gramadach<\/a>, rud a fheidhm\u00edonn mar bhun\u00fas chun scileanna teanga a th\u00f3g\u00e1il. \u00c1ir\u00edtear leis seo m\u00e1istreacht a dh\u00e9anamh ar ghn\u00e9ithe \u00e9ags\u00fala, mar shampla aimsir, briathra, ainmfhocail, ailt, agus go leor eile. Sa treoir seo, d\u00e9anfaimid ini\u00fachadh ar sheicheamh topaic\u00ed gramada\u00ed a chabhr\u00f3idh leat Iod\u00e1ilis a fhoghlaim ar bhealach eagraithe agus \u00e9ifeachtach.<\/p>\n\n\n\n<h3 class=\"wp-block-heading\" id=\"h-1-nouns-and-articles\">1. Ainmfhocail agus Airteagail:<\/h3>\n\n\n\n<p>Tosaigh ar do thuras foghlama na hIod\u00e1ile le hainmfhocail agus ailt, mar is iad na bunbhloic th\u00f3g\u00e1la d&#8217;aon abairt. Is focail iad ainmfhocail a l\u00e9ir\u00edonn daoine, \u00e1iteanna, ruda\u00ed, n\u00f3 smaointe. San Iod\u00e1ilis, t\u00e1 inscne (firinscneach agus baininscneach) agus uimhreacha (uatha agus iolra) ag ainmfhocail. Is iad na hailt na focail a ghabhann le hainmfhocail, agus t\u00e1 inscne agus uimhir acu freisin. Cuir eolas ar na hailt chinnte (il, la, etc.) agus \u00e9iginnte (un, una, etc.) chun fr\u00e1sa\u00ed simpl\u00ed a fhoirmi\u00fa.<\/p>\n\n\n\n<h3 class=\"wp-block-heading\" id=\"h-2-adjectives\">2. Aidiachta\u00ed:<\/h3>\n\n\n\n<p>Sol\u00e1thra\u00edonn aidiachta\u00ed faisn\u00e9is faoi ainmfhocail, mar shampla dath, m\u00e9id, n\u00f3 c\u00e1il\u00edocht. San Iod\u00e1ilis, aonta\u00edonn aidiachta\u00ed in inscne agus uimhir leis an ainmfhocal a thuairisc\u00edonn siad. Foghlaim na rialacha <a href=\"https:\/\/talkpal.ai\/ga\/maidir\/\">maidir<\/a> le socr\u00fach\u00e1n aidiachta\u00ed agus comhaont\u00fa chun feabhas a <a href=\"https:\/\/talkpal.ai\/locations\/language-courses-in-chur\/\">chur<\/a> ar do scileanna teanga tuairisci\u00fala.<\/p>\n\n\n\n<h3 class=\"wp-block-heading\" id=\"h-3-pronouns\">3. Forainmneacha:<\/h3>\n\n\n\n<p>Cuireann forainmneacha in ionad ainmfhocail in abairt\u00ed chun athr\u00e1 a sheachaint. Staid\u00e9ar a dh\u00e9anamh ar fhorainmneacha \u00e1bhair (io, tu, lui, etc.), forainmneacha r\u00e9ada d\u00edreacha agus ind\u00edreacha (lo, la, gli, etc.), agus forainmneacha sealbhacha (mio, tuo, suo, etc.) chun n\u00edos m\u00f3 \u00e9ags\u00falachta a chur le do chuid cainte.<\/p>\n\n\n\n<h3 class=\"wp-block-heading\" id=\"h-4-verbs-and-tenses-indicative\">4. Briathra agus Aimsir T\u00e1scach:<\/h3>\n\n\n\n<p>Cuireann briathra gn\u00edomhartha, st\u00e1it n\u00f3 tarl\u00fa in i\u00fal. T\u00e1 comhchuingithe difri\u00fala ag briathra na hIod\u00e1ile bunaithe ar an \u00e1bhar, an aimsir agus an gi\u00famar. Tosaigh le briathra rialta san aimsir l\u00e1ithreach t\u00e1scach, mar shampla parlare (labhairt), agus foghlaim aimsir eile de r\u00e9ir a ch\u00e9ile, cos\u00fail leis an am at\u00e1 thart (<a href=\"https:\/\/talkpal.ai\/ar\/grammar_exercises\/passato-prossimo-%d8%aa%d9%85%d8%a7%d8%b1%d9%8a%d9%86-%d9%84%d9%84%d9%82%d9%88%d8%a7%d8%b9%d8%af-%d8%a7%d9%84%d8%a5%d9%8a%d8%b7%d8%a7%d9%84%d9%8a%d8%a9\/\">passato prossimo<\/a>) agus an todhcha\u00ed (<a href=\"https:\/\/talkpal.ai\/ar\/grammar_exercises\/futuro-semplice-%d8%aa%d9%85%d8%a7%d8%b1%d9%8a%d9%86-%d9%84%d9%84%d9%82%d9%88%d8%a7%d8%b9%d8%af-%d8%a7%d9%84%d8%a5%d9%8a%d8%b7%d8%a7%d9%84%d9%8a%d8%a9\/\">futuro semplice<\/a>).<\/p>\n\n\n\n<h3 class=\"wp-block-heading\" id=\"h-5-tenses-subjunctive\">5. Aimsir Subjunctive:<\/h3>\n\n\n\n<p>L\u00e9ir\u00edonn an gi\u00famar subjunctive amhras, \u00e9iginnteacht, n\u00f3 tuairim\u00ed pearsanta. Foghlaim na ceithre aimsir subjunctive (l\u00e1ithreach, am at\u00e1 caite, neamhfhoirfe, agus am at\u00e1 caite foirfe) agus a n-\u00fas\u00e1id\u00ed chun mianta, mianta agus c\u00e1sanna hipit\u00e9iseacha a chur in i\u00fal.<\/p>\n\n\n\n<h3 class=\"wp-block-heading\" id=\"h-6-tense-comparison\">6. Compar\u00e1id aimsire:<\/h3>\n\n\n\n<p>Forbairt do chumas chun gn\u00edomhartha a chur i gcompar\u00e1id thar fhr\u00e1ma\u00ed <a href=\"https:\/\/talkpal.ai\/locations\/language-courses-in-ama\/\">ama<\/a> \u00e9ags\u00fala tr\u00ed fhoghlaim conas foirmeacha compar\u00e1ideacha agus superlative d&#8217;aidiachta\u00ed agus d&#8217;aidiachta\u00ed a \u00fas\u00e1id. Cuirfidh s\u00e9 seo ar do chumas compar\u00e1id\u00ed a dh\u00e9anamh idir daoine, ruda\u00ed n\u00f3 staid.<\/p>\n\n\n\n<h3 class=\"wp-block-heading\" id=\"h-7-adverbs\">7. Adverbs:<\/h3>\n\n\n\n<p>Modhna\u00edonn adverbs briathra, aidiachta\u00ed, n\u00f3 adverbs eile tr\u00ed fhaisn\u00e9is bhreise a shol\u00e1thar faoi am, modh n\u00f3 c\u00e9im. Foghlaim adverbs coitianta na hIod\u00e1ile agus a socr\u00fach\u00e1n in abairt\u00ed chun feabhas a chur ar do l\u00edofacht.<\/p>\n\n\n\n<h3 class=\"wp-block-heading\" id=\"h-8-prepositions\">8. Prepositions:<\/h3>\n\n\n\n<p>T\u00e1 r\u00e9amhfhocail riachtanach chun focail agus fr\u00e1sa\u00ed a nascadh, ag l\u00e9iri\u00fa caidrimh mar shu\u00edomh, am, n\u00f3 c\u00fais. M\u00e1istir r\u00e9amhfhocail choitianta na hIod\u00e1ile (di, a, da, etc.) agus a n-\u00fas\u00e1id i gcomhth\u00e9acsanna \u00e9ags\u00fala.<\/p>\n\n\n\n<h3 class=\"wp-block-heading\" id=\"h-9-sentence-structure\">9. Strucht\u00far na bPianbhreithe:<\/h3>\n\n\n\n<p>Ar deireadh, tabhair na comhph\u00e1irteanna gramada\u00ed go l\u00e9ir le ch\u00e9ile tr\u00ed staid\u00e9ar a dh\u00e9anamh ar strucht\u00far abairt\u00ed na hIod\u00e1ile. Foghlaim faoi ord \u00e1bhar-briathar-rud, s\u00e9anadh, agus ceisteanna a fhoirmi\u00fa chun abairt\u00ed cruinne agus br\u00ed a chruth\u00fa.<\/p>\n\n\n\n<p>Tr\u00ed an seicheamh seo d&#8217;\u00e1bhair ghramada\u00ed a lean\u00faint agus am a chaitheamh chun cleachtadh agus athbhreithni\u00fa a dh\u00e9anamh, beidh t\u00fa ar an mbealach chun m\u00e1istreacht a fh\u00e1il ar an Iod\u00e1ilis agus taitneamh a bhaint as na heisp\u00e9iris shaibhir teanga agus chult\u00fartha a thairgeann s\u00e9.<\/p>\n<\/div><\/div>\n\r\n<section class=\"learnNavigationSection\">\r\n            \r\n        <a href=\"https:\/\/talkpal.ai\/ga\/foghlaim-iodailis\/\">\r\n            <div class=\"learnNavigationWrapper\">\r\n                <div class=\"learnNavigationContent\">\r\n                    <img decoding=\"async\" src=\"https:\/\/talkpal.ai\/wp-content\/uploads\/2024\/08\/Italian.jpg\" alt=\"Italian Flag\">\r\n                    <div>\r\n                        <h4>Maidir le Foghlaim na hIod\u00e1ile<\/h4>\r\n                        <p>Faigh amach gach rud faoi ghramadach na hIod\u00e1ile.<\/p>\r\n                    <\/div>\r\n                <\/div>\r\n            <\/div>\r\n        <\/a>\r\n\r\n        \r\n        <a href=\"https:\/\/talkpal.ai\/ga\/gramadach-iodalach\/\">\r\n            <div class=\"learnNavigationWrapper\">\r\n                <div class=\"learnNavigationContent\">\r\n                    <img decoding=\"async\" src=\"https:\/\/talkpal.ai\/wp-content\/uploads\/2024\/08\/Italian.jpg\" alt=\"Italian Flag\">\r\n                    <div>\r\n                        <h4>Ceachtanna Gramada\u00ed na hIod\u00e1ile<\/h4>\r\n                        <p>Cleachtadh gramadach na hIod\u00e1ile.<\/p>\r\n                    <\/div>\r\n                <\/div>\r\n            <\/div>\r\n        <\/a>\r\n\r\n        \r\n        <a href=\"https:\/\/talkpal.ai\/vocabulary_language\/italian\/\">\r\n            <div class=\"learnNavigationWrapper\">\r\n                <div class=\"learnNavigationContent\">\r\n                    <img decoding=\"async\" src=\"https:\/\/talkpal.ai\/wp-content\/uploads\/2024\/08\/Italian.jpg\" alt=\"Italian Flag\">\r\n                    <div>\r\n                        <h4>St\u00f3r Focal na hIod\u00e1ile<\/h4>\r\n                        <p>Leathnaigh do st\u00f3r focal Iod\u00e1ilis.<\/p>\r\n                    <\/div>\r\n                <\/div>\r\n            <\/div>\r\n        <\/a>\r\n\r\n            <\/section>","protected":false},"excerpt":{"rendered":"<p>Topaic\u00ed Gramada\u00ed na hIod\u00e1ile Is turas spreag\u00fail \u00e9 teanga nua a fhoghlaim a oscla\u00edonn deiseanna agus eisp\u00e9iris chult\u00fartha nua. Ceann de na teangacha is \u00e1ille agus is forleithne a labhra\u00edtear is ea an Iod\u00e1ilis, a bhfuil c\u00e1il uirthi mar gheall ar a ceoltacht, a l\u00e9iri\u00falacht agus a stair shaibhir. Chun an Iod\u00e1ilis a fhoghlaim go [&hellip;]<\/p>\n","protected":false},"author":6,"featured_media":1439966,"parent":0,"menu_order":0,"comment_status":"closed","ping_status":"closed","template":"LearningContentPage.php","meta":{"_acf_changed":false,"footnotes":""},"class_list":["post-1446642","page","type-page","status-publish","has-post-thumbnail","hentry"],"acf":[],"yoast_head":"<!-- This site is optimized with the Yoast SEO Premium plugin v27.2 (Yoast SEO v27.2) - https:\/\/yoast.com\/product\/yoast-seo-premium-wordpress\/ -->\n<title>Cleachta\u00ed Gramada\u00ed na hIod\u00e1ile - Talkpal<\/title>\n<meta name=\"description\" content=\"Neartaigh do ghramadach na hIod\u00e1ile go h\u00e9ifeachtach - feabhas a chur ar do chuid scileanna le cleachta\u00ed praitici\u00fala, cleachtas idirghn\u00edomhach, agus aiseolas l\u00e1ithreach\" \/>\n<meta name=\"robots\" content=\"index, follow, max-snippet:-1, max-image-preview:large, max-video-preview:-1\" \/>\n<link rel=\"canonical\" href=\"https:\/\/talkpal.ai\/ga\/cleachtai-gramadai-na-hiodaile\/\" \/>\n<meta property=\"og:locale\" content=\"ga_IE\" \/>\n<meta property=\"og:type\" content=\"article\" \/>\n<meta property=\"og:title\" content=\"Cleachta\u00ed Gramada\u00ed na hIod\u00e1ile\" \/>\n<meta property=\"og:description\" content=\"Topaic\u00ed Gramada\u00ed na hIod\u00e1ile Is turas spreag\u00fail \u00e9 teanga nua a fhoghlaim a oscla\u00edonn deiseanna agus eisp\u00e9iris chult\u00fartha nua. Ceann de na teangacha is\" \/>\n<meta property=\"og:url\" content=\"https:\/\/talkpal.ai\/ga\/cleachtai-gramadai-na-hiodaile\/\" \/>\n<meta property=\"og:site_name\" content=\"Talkpal\" \/>\n<meta property=\"article:publisher\" content=\"https:\/\/www.facebook.com\/profile.php?id=100090733639311\" \/>\n<meta property=\"article:modified_time\" content=\"2025-12-17T16:14:22+00:00\" \/>\n<meta property=\"og:image\" content=\"https:\/\/talkpal.ai\/wp-content\/uploads\/2023\/03\/italy.png\" \/>\n\t<meta property=\"og:image:width\" content=\"512\" \/>\n\t<meta property=\"og:image:height\" content=\"512\" \/>\n\t<meta property=\"og:image:type\" content=\"image\/png\" \/>\n<meta name=\"twitter:card\" content=\"summary_large_image\" \/>\n<meta name=\"twitter:site\" content=\"@talkpalai\" \/>\n<meta name=\"twitter:label1\" content=\"Est. reading time\" \/>\n\t<meta name=\"twitter:data1\" content=\"4 minutes\" \/>\n<script type=\"application\/ld+json\" class=\"yoast-schema-graph\">{\"@context\":\"https:\/\/schema.org\",\"@graph\":[{\"@type\":\"WebPage\",\"@id\":\"https:\/\/talkpal.ai\/ga\/cleachtai-gramadai-na-hiodaile\/\",\"url\":\"https:\/\/talkpal.ai\/ga\/cleachtai-gramadai-na-hiodaile\/\",\"name\":\"Cleachta\u00ed Gramada\u00ed na hIod\u00e1ile - Talkpal\",\"isPartOf\":{\"@id\":\"https:\/\/talkpal.ai\/ga\/#website\"},\"primaryImageOfPage\":{\"@id\":\"https:\/\/talkpal.ai\/ga\/cleachtai-gramadai-na-hiodaile\/#primaryimage\"},\"image\":{\"@id\":\"https:\/\/talkpal.ai\/ga\/cleachtai-gramadai-na-hiodaile\/#primaryimage\"},\"thumbnailUrl\":\"https:\/\/talkpal.ai\/wp-content\/uploads\/2023\/03\/italy.png\",\"datePublished\":\"2023-06-16T09:22:36+00:00\",\"dateModified\":\"2025-12-17T16:14:22+00:00\",\"description\":\"Neartaigh do ghramadach na hIod\u00e1ile go h\u00e9ifeachtach - feabhas a chur ar do chuid scileanna le cleachta\u00ed praitici\u00fala, cleachtas idirghn\u00edomhach, agus aiseolas l\u00e1ithreach\",\"breadcrumb\":{\"@id\":\"https:\/\/talkpal.ai\/ga\/cleachtai-gramadai-na-hiodaile\/#breadcrumb\"},\"inLanguage\":\"ga-IE\",\"potentialAction\":[{\"@type\":\"ReadAction\",\"target\":[\"https:\/\/talkpal.ai\/ga\/cleachtai-gramadai-na-hiodaile\/\"]}]},{\"@type\":\"ImageObject\",\"inLanguage\":\"ga-IE\",\"@id\":\"https:\/\/talkpal.ai\/ga\/cleachtai-gramadai-na-hiodaile\/#primaryimage\",\"url\":\"https:\/\/talkpal.ai\/wp-content\/uploads\/2023\/03\/italy.png\",\"contentUrl\":\"https:\/\/talkpal.ai\/wp-content\/uploads\/2023\/03\/italy.png\",\"width\":512,\"height\":512,\"caption\":\"TalkPal AI learn Italian\"},{\"@type\":\"BreadcrumbList\",\"@id\":\"https:\/\/talkpal.ai\/ga\/cleachtai-gramadai-na-hiodaile\/#breadcrumb\",\"itemListElement\":[{\"@type\":\"ListItem\",\"position\":1,\"name\":\"Homepage\",\"item\":\"https:\/\/talkpal.ai\/ga\/\"},{\"@type\":\"ListItem\",\"position\":2,\"name\":\"Cleachta\u00ed Gramada\u00ed na hIod\u00e1ile\"}]},{\"@type\":\"WebSite\",\"@id\":\"https:\/\/talkpal.ai\/ga\/#website\",\"url\":\"https:\/\/talkpal.ai\/ga\/\",\"name\":\"Talkpal\",\"description\":\"AI Language Learning\",\"publisher\":{\"@id\":\"https:\/\/talkpal.ai\/ga\/#organization\"},\"alternateName\":\"Talkpal AI\",\"potentialAction\":[{\"@type\":\"SearchAction\",\"target\":{\"@type\":\"EntryPoint\",\"urlTemplate\":\"https:\/\/talkpal.ai\/ga\/?s={search_term_string}\"},\"query-input\":{\"@type\":\"PropertyValueSpecification\",\"valueRequired\":true,\"valueName\":\"search_term_string\"}}],\"inLanguage\":\"ga-IE\"},{\"@type\":\"Organization\",\"@id\":\"https:\/\/talkpal.ai\/ga\/#organization\",\"name\":\"Talkpal, Inc.\",\"alternateName\":\"Talkpal AI\",\"url\":\"https:\/\/talkpal.ai\/ga\/\",\"logo\":{\"@type\":\"ImageObject\",\"inLanguage\":\"ga-IE\",\"@id\":\"https:\/\/talkpal.ai\/ga\/#\/schema\/logo\/image\/\",\"url\":\"https:\/\/talkpal.ai\/wp-content\/uploads\/2024\/03\/Talkpal-Logo-Icon.png\",\"contentUrl\":\"https:\/\/talkpal.ai\/wp-content\/uploads\/2024\/03\/Talkpal-Logo-Icon.png\",\"width\":2880,\"height\":2880,\"caption\":\"Talkpal, Inc.\"},\"image\":{\"@id\":\"https:\/\/talkpal.ai\/ga\/#\/schema\/logo\/image\/\"},\"sameAs\":[\"https:\/\/www.facebook.com\/profile.php?id=100090733639311\",\"https:\/\/x.com\/talkpalai\",\"https:\/\/www.linkedin.com\/company\/talkpal\/\",\"https:\/\/www.youtube.com\/@TalkPal\/\",\"https:\/\/www.tiktok.com\/@talkpal\",\"https:\/\/www.instagram.com\/talkpal_ai\/\",\"https:\/\/www.crunchbase.com\/organization\/talkpal-9cde\",\"https:\/\/www.g2.com\/products\/talkpal-for-business\/\",\"https:\/\/www.trustpilot.com\/review\/talkpal.ai\",\"https:\/\/www.capterra.com\/p\/10006800\/TalkPal\/\"],\"description\":\"Talkpal is a language learning web and mobile education app, powered by the latest AI technologies, that provides engaging experiences to its customers in many different languages to help them improve their language skills. Users can chat about unlimited amount of topics with the app and use other modes to practice their language learning.\",\"email\":\"support@talkpal.ai\",\"legalName\":\"Talkpal, Inc.\",\"foundingDate\":\"2023-04-03\",\"duns\":\"118989042\",\"numberOfEmployees\":{\"@type\":\"QuantitativeValue\",\"minValue\":\"11\",\"maxValue\":\"50\"},\"publishingPrinciples\":\"https:\/\/talkpal.ai\/publishing-principles\/\",\"actionableFeedbackPolicy\":\"https:\/\/talkpal.ai\/actionable-feedback-policy\/\",\"correctionsPolicy\":\"https:\/\/talkpal.ai\/corrections-policy\/\",\"ethicsPolicy\":\"https:\/\/talkpal.ai\/ethics-policy\/\",\"diversityPolicy\":\"https:\/\/talkpal.ai\/diversity-policy\/\",\"diversityStaffingReport\":\"https:\/\/talkpal.ai\/diversity-policy\/\"}]}<\/script>\n<!-- \/ Yoast SEO Premium plugin. -->","yoast_head_json":{"title":"Cleachta\u00ed Gramada\u00ed na hIod\u00e1ile - Talkpal","description":"Neartaigh do ghramadach na hIod\u00e1ile go h\u00e9ifeachtach - feabhas a chur ar do chuid scileanna le cleachta\u00ed praitici\u00fala, cleachtas idirghn\u00edomhach, agus aiseolas l\u00e1ithreach","robots":{"index":"index","follow":"follow","max-snippet":"max-snippet:-1","max-image-preview":"max-image-preview:large","max-video-preview":"max-video-preview:-1"},"canonical":"https:\/\/talkpal.ai\/ga\/cleachtai-gramadai-na-hiodaile\/","og_locale":"ga_IE","og_type":"article","og_title":"Cleachta\u00ed Gramada\u00ed na hIod\u00e1ile","og_description":"Topaic\u00ed Gramada\u00ed na hIod\u00e1ile Is turas spreag\u00fail \u00e9 teanga nua a fhoghlaim a oscla\u00edonn deiseanna agus eisp\u00e9iris chult\u00fartha nua. Ceann de na teangacha is","og_url":"https:\/\/talkpal.ai\/ga\/cleachtai-gramadai-na-hiodaile\/","og_site_name":"Talkpal","article_publisher":"https:\/\/www.facebook.com\/profile.php?id=100090733639311","article_modified_time":"2025-12-17T16:14:22+00:00","og_image":[{"width":512,"height":512,"url":"https:\/\/talkpal.ai\/wp-content\/uploads\/2023\/03\/italy.png","type":"image\/png"}],"twitter_card":"summary_large_image","twitter_site":"@talkpalai","twitter_misc":{"Est. reading time":"4 minutes"},"schema":{"@context":"https:\/\/schema.org","@graph":[{"@type":"WebPage","@id":"https:\/\/talkpal.ai\/ga\/cleachtai-gramadai-na-hiodaile\/","url":"https:\/\/talkpal.ai\/ga\/cleachtai-gramadai-na-hiodaile\/","name":"Cleachta\u00ed Gramada\u00ed na hIod\u00e1ile - Talkpal","isPartOf":{"@id":"https:\/\/talkpal.ai\/ga\/#website"},"primaryImageOfPage":{"@id":"https:\/\/talkpal.ai\/ga\/cleachtai-gramadai-na-hiodaile\/#primaryimage"},"image":{"@id":"https:\/\/talkpal.ai\/ga\/cleachtai-gramadai-na-hiodaile\/#primaryimage"},"thumbnailUrl":"https:\/\/talkpal.ai\/wp-content\/uploads\/2023\/03\/italy.png","datePublished":"2023-06-16T09:22:36+00:00","dateModified":"2025-12-17T16:14:22+00:00","description":"Neartaigh do ghramadach na hIod\u00e1ile go h\u00e9ifeachtach - feabhas a chur ar do chuid scileanna le cleachta\u00ed praitici\u00fala, cleachtas idirghn\u00edomhach, agus aiseolas l\u00e1ithreach","breadcrumb":{"@id":"https:\/\/talkpal.ai\/ga\/cleachtai-gramadai-na-hiodaile\/#breadcrumb"},"inLanguage":"ga-IE","potentialAction":[{"@type":"ReadAction","target":["https:\/\/talkpal.ai\/ga\/cleachtai-gramadai-na-hiodaile\/"]}]},{"@type":"ImageObject","inLanguage":"ga-IE","@id":"https:\/\/talkpal.ai\/ga\/cleachtai-gramadai-na-hiodaile\/#primaryimage","url":"https:\/\/talkpal.ai\/wp-content\/uploads\/2023\/03\/italy.png","contentUrl":"https:\/\/talkpal.ai\/wp-content\/uploads\/2023\/03\/italy.png","width":512,"height":512,"caption":"TalkPal AI learn Italian"},{"@type":"BreadcrumbList","@id":"https:\/\/talkpal.ai\/ga\/cleachtai-gramadai-na-hiodaile\/#breadcrumb","itemListElement":[{"@type":"ListItem","position":1,"name":"Homepage","item":"https:\/\/talkpal.ai\/ga\/"},{"@type":"ListItem","position":2,"name":"Cleachta\u00ed Gramada\u00ed na hIod\u00e1ile"}]},{"@type":"WebSite","@id":"https:\/\/talkpal.ai\/ga\/#website","url":"https:\/\/talkpal.ai\/ga\/","name":"Talkpal","description":"AI Language Learning","publisher":{"@id":"https:\/\/talkpal.ai\/ga\/#organization"},"alternateName":"Talkpal AI","potentialAction":[{"@type":"SearchAction","target":{"@type":"EntryPoint","urlTemplate":"https:\/\/talkpal.ai\/ga\/?s={search_term_string}"},"query-input":{"@type":"PropertyValueSpecification","valueRequired":true,"valueName":"search_term_string"}}],"inLanguage":"ga-IE"},{"@type":"Organization","@id":"https:\/\/talkpal.ai\/ga\/#organization","name":"Talkpal, Inc.","alternateName":"Talkpal AI","url":"https:\/\/talkpal.ai\/ga\/","logo":{"@type":"ImageObject","inLanguage":"ga-IE","@id":"https:\/\/talkpal.ai\/ga\/#\/schema\/logo\/image\/","url":"https:\/\/talkpal.ai\/wp-content\/uploads\/2024\/03\/Talkpal-Logo-Icon.png","contentUrl":"https:\/\/talkpal.ai\/wp-content\/uploads\/2024\/03\/Talkpal-Logo-Icon.png","width":2880,"height":2880,"caption":"Talkpal, Inc."},"image":{"@id":"https:\/\/talkpal.ai\/ga\/#\/schema\/logo\/image\/"},"sameAs":["https:\/\/www.facebook.com\/profile.php?id=100090733639311","https:\/\/x.com\/talkpalai","https:\/\/www.linkedin.com\/company\/talkpal\/","https:\/\/www.youtube.com\/@TalkPal\/","https:\/\/www.tiktok.com\/@talkpal","https:\/\/www.instagram.com\/talkpal_ai\/","https:\/\/www.crunchbase.com\/organization\/talkpal-9cde","https:\/\/www.g2.com\/products\/talkpal-for-business\/","https:\/\/www.trustpilot.com\/review\/talkpal.ai","https:\/\/www.capterra.com\/p\/10006800\/TalkPal\/"],"description":"Talkpal is a language learning web and mobile education app, powered by the latest AI technologies, that provides engaging experiences to its customers in many different languages to help them improve their language skills. Users can chat about unlimited amount of topics with the app and use other modes to practice their language learning.","email":"support@talkpal.ai","legalName":"Talkpal, Inc.","foundingDate":"2023-04-03","duns":"118989042","numberOfEmployees":{"@type":"QuantitativeValue","minValue":"11","maxValue":"50"},"publishingPrinciples":"https:\/\/talkpal.ai\/publishing-principles\/","actionableFeedbackPolicy":"https:\/\/talkpal.ai\/actionable-feedback-policy\/","correctionsPolicy":"https:\/\/talkpal.ai\/corrections-policy\/","ethicsPolicy":"https:\/\/talkpal.ai\/ethics-policy\/","diversityPolicy":"https:\/\/talkpal.ai\/diversity-policy\/","diversityStaffingReport":"https:\/\/talkpal.ai\/diversity-policy\/"}]}},"_links":{"self":[{"href":"https:\/\/talkpal.ai\/ga\/wp-json\/wp\/v2\/pages\/1446642","targetHints":{"allow":["GET"]}}],"collection":[{"href":"https:\/\/talkpal.ai\/ga\/wp-json\/wp\/v2\/pages"}],"about":[{"href":"https:\/\/talkpal.ai\/ga\/wp-json\/wp\/v2\/types\/page"}],"author":[{"embeddable":true,"href":"https:\/\/talkpal.ai\/ga\/wp-json\/wp\/v2\/users\/6"}],"replies":[{"embeddable":true,"href":"https:\/\/talkpal.ai\/ga\/wp-json\/wp\/v2\/comments?post=1446642"}],"version-history":[{"count":0,"href":"https:\/\/talkpal.ai\/ga\/wp-json\/wp\/v2\/pages\/1446642\/revisions"}],"wp:featuredmedia":[{"embeddable":true,"href":"https:\/\/talkpal.ai\/ga\/wp-json\/wp\/v2\/media\/1439966"}],"wp:attachment":[{"href":"https:\/\/talkpal.ai\/ga\/wp-json\/wp\/v2\/media?parent=1446642"}],"curies":[{"name":"wp","href":"https:\/\/api.w.org\/{rel}","templated":true}]}}