{"id":1446638,"date":"2023-06-16T08:35:52","date_gmt":"2023-06-16T08:35:52","guid":{"rendered":"https:\/\/talkpal.ai\/cleachtai-gramadai-na-fraincise\/"},"modified":"2025-12-17T16:47:31","modified_gmt":"2025-12-17T16:47:31","slug":"cleachtai-gramadai-na-fraincise","status":"publish","type":"page","link":"https:\/\/talkpal.ai\/ga\/cleachtai-gramadai-na-fraincise\/","title":{"rendered":"Cleachta\u00ed Gramada\u00ed na Fraincise"},"content":{"rendered":"\r\n\r\n\r\n<section class=\"languageChallengeSection\">\r\n    <div class=\"languageInfoWrapper\">\r\n        \r\n        <h1>Cleachta\u00ed Gramada\u00ed na Fraincise<\/h1>\r\n        <p>Ag iarraidh m\u00e1istreacht a dh\u00e9anamh ar an bhFraincis? Is bealach iontach \u00e9 cleachta\u00ed gramada\u00ed a chleachtadh chun strucht\u00far abairte, conjugations briathra, agus patr\u00fain uath\u00fala na teanga Fraincise a thuiscint. Tosaigh ag obair ar ghramadach na Fraince inniu agus f\u00e9ach ar do mhuin\u00edn agus l\u00edofacht ag f\u00e1s le gach cleachtadh!\n\n<\/p>\r\n\r\n                            <a class=\"getStartedHidden\" href=\"https:\/\/app.talkpal.ai\/signup?lng=\">Tosaigh<\/a>\r\n        \r\n    <\/div>\r\n\r\n    <figure>\r\n    <img decoding=\"async\" width=\"768\" height=\"768\" src=\"https:\/\/talkpal.ai\/wp-content\/uploads\/2023\/06\/french-768x768.png\" class=\"languageImage no-lazy\" alt=\"Language learning strategies for professionals\" fetchpriority=\"high\" sizes=\"(max-width: 768px) 150px, 768px\" srcset=\"https:\/\/talkpal.ai\/wp-content\/uploads\/2023\/06\/french-768x768.png 768w, https:\/\/talkpal.ai\/wp-content\/uploads\/2023\/06\/french-300x300.png 300w\" \/>\r\n    \r\n\r\n    <\/figure>\r\n\r\n            <a class=\"getStartedVisible\" href=\"https:\/\/app.talkpal.ai\/signup?lng=\">Tosaigh<\/a>\r\n    \r\n<\/section>\r\n\r\n\r\n<!-- <section class=\"grammarSection\">\r\n    <div class=\"grammarLinks\">\r\n            <\/div>\r\n<\/section> -->\r\n\r\n\r\n\r\n\r\n<section class=\"promotionalBanner\">\r\n    <p class=\"promotionalText\">An bealach is \u00e9ifeachta\u00ed le teanga a fhoghlaim<\/p>\r\n    <a class=\"promotionalLink\" href=\"https:\/\/app.talkpal.ai\/signup?lng=\">Bain triail as Talkpal saor in aisce<\/a>\r\n<\/section>\n<div class=\"wp-block-group pageContainerStyle\"><div class=\"wp-block-group__inner-container is-layout-constrained wp-block-group-is-layout-constrained\">\n<h2 class=\"wp-block-heading\" id=\"h-french-grammar-topics\">Topaic\u00ed Gramada\u00ed na Fraince<\/h2>\n\n\n\n<p>Is f\u00e9idir le foghlaim na Fraince a bheith ina eisp\u00e9ireas spreag\u00fail agus luachmhar. Mar theanga at\u00e1 saibhir i stair agus i gcult\u00far, tugann an Fhraincis peirspict\u00edocht uath\u00fail ar an domhan agus is uirlis chumars\u00e1ide riachtanach \u00ed i r\u00e9ims\u00ed \u00e9ags\u00fala. Chun an Fhraincis a fhoghlaim go h\u00e9ifeachtach, t\u00e1 s\u00e9 r\u00edth\u00e1bhachtach tuiscint mhaith a bheith agat ar a <a href=\"https:\/\/talkpal.ai\/grammar\/\">gramadach<\/a>, at\u00e1 mar bhun\u00fas le haon teanga. Cabhr\u00f3idh an seicheamh seo a leanas d&#8217;\u00e1bhair ghramada\u00ed na Fraince, lena n-\u00e1ir\u00edtear aidiachta\u00ed, adverbs, ailt, ainmfhocail, r\u00e9amhfhocail, forainmneacha agus cinntitheoir\u00ed, strucht\u00far abairte, aimsir \u2013 t\u00e1sca, agus briathra, leat a threor\u00fa ar do thuras chun m\u00e1istreacht a dh\u00e9anamh ar an teanga.<\/p>\n\n\n\n<h3 class=\"wp-block-heading\" id=\"h-1-nouns\">1. Ainmfhocail:<\/h3>\n\n\n\n<p>Is iad na hainmfhocail na pr\u00edomhbhlocanna t\u00f3g\u00e1la d&#8217;aon teanga, mar l\u00e9ir\u00edonn siad daoine, \u00e1iteanna, ruda\u00ed, n\u00f3 smaointe. I bhFraincis, t\u00e1 inscne ag ainmfhocail (firinscneach n\u00f3 baininscneach) agus is f\u00e9idir leo a bheith uatha n\u00f3 iolra. T\u00e1 s\u00e9 r\u00edth\u00e1bhachtach inscne agus l\u00edon na n-ainmfhocal a thuiscint, mar go mb\u00edonn tionchar aige ar fhoirmeacha focal eile in abairt, mar shampla aidiachta\u00ed, ailt agus forainmneacha.<\/p>\n\n\n\n<h3 class=\"wp-block-heading\" id=\"h-2-articles\">2. Airteagail:<\/h3>\n\n\n\n<p>T\u00e1 ailt riachtanach i ngramadach na Fraince, mar go sol\u00e1thra\u00edonn siad eolas faoi inscne agus uimhir ainmfhocail. T\u00e1 tr\u00ed chine\u00e1l alt ann i bhFraincis: definite (le, la, les), indefinite (un, une, des), agus partitive (du, de la, des). Cuid\u00edonn \u00fas\u00e1id an ailt chu\u00ed leis an bhr\u00ed at\u00e1 beartaithe d&#8217;abairt a <a href=\"https:\/\/talkpal.ai\/locations\/language-courses-in-chur\/\">chur<\/a> in i\u00fal.<\/p>\n\n\n\n<h3 class=\"wp-block-heading\" id=\"h-3-adjectives\">3. Aidiachta\u00ed:<\/h3>\n\n\n\n<p>\u00das\u00e1idtear aidiachta\u00ed chun cur s\u00edos a dh\u00e9anamh ar ainmfhocail n\u00f3 chun ainmfhocail a mhodhn\u00fa. I bhFraincis, caithfidh aidiachta\u00ed aont\u00fa leis an ainmfhocal a mhodhna\u00edonn siad in inscne agus uimhir. Ina theannta sin, is f\u00e9idir le seasamh na n-aidiachta\u00ed in abairt a bheith \u00e9ags\u00fail, c\u00e9 go leanann formh\u00f3r na n-aidiachta\u00ed an t-ainmfhocal a thuairisc\u00edonn siad.<\/p>\n\n\n\n<h3 class=\"wp-block-heading\" id=\"h-4-pronouns-and-determiners\">4. Forainmneacha agus Cinntitheoir\u00ed:<\/h3>\n\n\n\n<p>Cuirtear forainmneacha in ionad ainmfhocail chun athr\u00e1 a sheachaint, agus sonra\u00edonn n\u00f3 cainn\u00edocht\u00fa ainmfhocail. Caithfidh forainmneacha agus cinnteoir\u00ed araon aont\u00fa leis an ainmfhocal a chuireann siad in ionad n\u00f3 a ghabhann leo in inscne agus uimhir. I measc na bhforainmneacha Fraincis t\u00e1 forainmneacha \u00e1bhair (je, tu, il, srl.), forainmneacha r\u00e9ada (me, te, lui, srl.), agus forainmneacha machnamhacha (me, te, se, srl.). I measc na gcinnteoir\u00ed t\u00e1 aidiachta\u00ed sealbhacha (mon, ma, mes, etc.) agus aidiachta\u00ed taispe\u00e1ntacha (ce, cette, ces, etc.).<\/p>\n\n\n\n<h3 class=\"wp-block-heading\" id=\"h-5-verbs\">5. Briathra:<\/h3>\n\n\n\n<p>Cuireann briathra gn\u00edomhartha, st\u00e1it n\u00f3 tarl\u00fa in i\u00fal. Sa Fhraincis, d\u00e9antar briathra a chomhcheangal chun aont\u00fa leis an \u00e1bhar go pearsanta agus san uimhir agus chun aimsir agus gi\u00famar \u00e9ags\u00fala a chur in i\u00fal. Leanann briathra rialta patr\u00fan intuartha, agus n\u00ed m\u00f3r briathra neamhrialta a chur de ghlanmheabhair.<\/p>\n\n\n\n<h3 class=\"wp-block-heading\" id=\"h-6-tenses-indicative\">6. Aimsir \u2013 T\u00e1scach:<\/h3>\n\n\n\n<p>\u00das\u00e1idtear an gi\u00famar t\u00e1scach chun f\u00edric\u00ed agus r\u00e1itis oibiacht\u00fala a chur in i\u00fal. T\u00e1 ocht n-aimsir sa t\u00e1scach Fraincise: l\u00e1ithreach, todhcha\u00ed, neamhfhoirfe, am at\u00e1 caite simpl\u00ed, pluperfect, todhcha\u00ed foirfe, am at\u00e1 caite coinn\u00edollach, agus am at\u00e1 caite foirfe. T\u00e1 s\u00e9 r\u00edth\u00e1bhachtach na haimsir\u00ed seo a thuiscint agus a mh\u00e1istreacht chun am agus seicheamh a chur in i\u00fal i bhFraincis.<\/p>\n\n\n\n<h3 class=\"wp-block-heading\" id=\"h-7-adverbs\">7. Adverbs:<\/h3>\n\n\n\n<p>Modhna\u00edonn adverbs briathra, aidiachta\u00ed, n\u00f3 aidiachta\u00ed eile, ag sol\u00e1thar faisn\u00e9ise breise faoin ngn\u00edomh, an staid n\u00f3 an ch\u00e1il\u00edocht. Sa Fhraincis, crutha\u00edtear an chuid is m\u00f3 de na haidiathra tr\u00ed -ment a chur le foirm baininscneach an aidiacht. De ghn\u00e1th leanann adverbs an briathar a mhodhna\u00edonn siad.<\/p>\n\n\n\n<h3 class=\"wp-block-heading\" id=\"h-8-prepositions\">8. Prepositions:<\/h3>\n\n\n\n<p>Nascann r\u00e9amhfhocail n\u00f3 gr\u00fapa\u00ed focal, ag l\u00e9iri\u00fa caidrimh ar n\u00f3s su\u00edomh, treo, am, n\u00f3 c\u00fais. I measc na r\u00e9amhfhocail choitianta Fraincise t\u00e1 \u00e0 (at, to), de (of, from), en (in, on), agus pour (for). T\u00e1 r\u00e9amhfhocal foghlama agus a n-\u00fas\u00e1id riachtanach chun abairt\u00ed comhlean\u00fanacha a th\u00f3g\u00e1il.<\/p>\n\n\n\n<h3 class=\"wp-block-heading\" id=\"h-9-sentence-structure\">9. Strucht\u00far na bPianbhreithe:<\/h3>\n\n\n\n<p>Leanann abairt\u00ed na Fraince strucht\u00far \u00e1bhar-briathar-r\u00e9ad (SVO), cos\u00fail leis an mB\u00e9arla. Mar sin f\u00e9in, is f\u00e9idir le hord focal a bheith \u00e9ags\u00fail ag brath ar \u00fas\u00e1id forainmneacha, s\u00e9anadh, agus b\u00e9im. T\u00e1 s\u00e9 r\u00edth\u00e1bhachtach strucht\u00far abairt\u00ed a thuiscint chun r\u00e1itis agus ceisteanna soil\u00e9ire agus cruinne a fhoirmi\u00fa i bhFraincis.<\/p>\n<\/div><\/div>\n\r\n<section class=\"learnNavigationSection\">\r\n            \r\n        <a href=\"https:\/\/talkpal.ai\/ga\/foghlaim-fraincis\/\">\r\n            <div class=\"learnNavigationWrapper\">\r\n                <div class=\"learnNavigationContent\">\r\n                    <img decoding=\"async\" src=\"https:\/\/talkpal.ai\/wp-content\/uploads\/2024\/08\/French.jpg\" alt=\"French Flag\">\r\n                    <div>\r\n                        <h4>Maidir le Foghlaim na Fraince<\/h4>\r\n                        <p>Faigh amach gach rud faoi ghramadach na Fraince.<\/p>\r\n                    <\/div>\r\n                <\/div>\r\n            <\/div>\r\n        <\/a>\r\n\r\n        \r\n        <a href=\"https:\/\/talkpal.ai\/ga\/gramadach-na-fraince\/\">\r\n            <div class=\"learnNavigationWrapper\">\r\n                <div class=\"learnNavigationContent\">\r\n                    <img decoding=\"async\" src=\"https:\/\/talkpal.ai\/wp-content\/uploads\/2024\/08\/French.jpg\" alt=\"French Flag\">\r\n                    <div>\r\n                        <h4>Ceachtanna Gramada\u00ed na Fraince<\/h4>\r\n                        <p>Cleachtadh gramadach na Fraince.<\/p>\r\n                    <\/div>\r\n                <\/div>\r\n            <\/div>\r\n        <\/a>\r\n\r\n        \r\n        <a href=\"https:\/\/talkpal.ai\/vocabulary_language\/french\/\">\r\n            <div class=\"learnNavigationWrapper\">\r\n                <div class=\"learnNavigationContent\">\r\n                    <img decoding=\"async\" src=\"https:\/\/talkpal.ai\/wp-content\/uploads\/2024\/08\/French.jpg\" alt=\"French Flag\">\r\n                    <div>\r\n                        <h4>St\u00f3r Focal na Fraince<\/h4>\r\n                        <p>Leathnaigh do st\u00f3r focal Fraincise.<\/p>\r\n                    <\/div>\r\n                <\/div>\r\n            <\/div>\r\n        <\/a>\r\n\r\n            <\/section>","protected":false},"excerpt":{"rendered":"<p>Topaic\u00ed Gramada\u00ed na Fraince Is f\u00e9idir le foghlaim na Fraince a bheith ina eisp\u00e9ireas spreag\u00fail agus luachmhar. Mar theanga at\u00e1 saibhir i stair agus i gcult\u00far, tugann an Fhraincis peirspict\u00edocht uath\u00fail ar an domhan agus is uirlis chumars\u00e1ide riachtanach \u00ed i r\u00e9ims\u00ed \u00e9ags\u00fala. Chun an Fhraincis a fhoghlaim go h\u00e9ifeachtach, t\u00e1 s\u00e9 r\u00edth\u00e1bhachtach tuiscint mhaith [&hellip;]<\/p>\n","protected":false},"author":6,"featured_media":1439954,"parent":0,"menu_order":0,"comment_status":"closed","ping_status":"closed","template":"LearningContentPage.php","meta":{"_acf_changed":false,"footnotes":""},"class_list":["post-1446638","page","type-page","status-publish","has-post-thumbnail","hentry"],"acf":[],"yoast_head":"<!-- This site is optimized with the Yoast SEO Premium plugin v27.2 (Yoast SEO v27.2) - https:\/\/yoast.com\/product\/yoast-seo-premium-wordpress\/ -->\n<title>Cleachta\u00ed Gramada\u00ed na Fraincise - Talkpal<\/title>\n<meta name=\"description\" content=\"Cleachtadh agus feabhas a chur ar do scileanna gramada\u00ed na Fraincise le cleachta\u00ed idirghn\u00edomhacha at\u00e1 deartha do gach leibh\u00e9al. Feabhas a chur ar d&#039;inni\u00falacht teanga!\" \/>\n<meta name=\"robots\" content=\"index, follow, max-snippet:-1, max-image-preview:large, max-video-preview:-1\" \/>\n<link rel=\"canonical\" href=\"https:\/\/talkpal.ai\/ga\/cleachtai-gramadai-na-fraincise\/\" \/>\n<meta property=\"og:locale\" content=\"ga_IE\" \/>\n<meta property=\"og:type\" content=\"article\" \/>\n<meta property=\"og:title\" content=\"Cleachta\u00ed Gramada\u00ed na Fraincise\" \/>\n<meta property=\"og:description\" content=\"Topaic\u00ed Gramada\u00ed na Fraince Is f\u00e9idir le foghlaim na Fraince a bheith ina eisp\u00e9ireas spreag\u00fail agus luachmhar. Mar theanga at\u00e1 saibhir i stair agus i\" \/>\n<meta property=\"og:url\" content=\"https:\/\/talkpal.ai\/ga\/cleachtai-gramadai-na-fraincise\/\" \/>\n<meta property=\"og:site_name\" content=\"Talkpal\" \/>\n<meta property=\"article:publisher\" content=\"https:\/\/www.facebook.com\/profile.php?id=100090733639311\" \/>\n<meta property=\"article:modified_time\" content=\"2025-12-17T16:47:31+00:00\" \/>\n<meta property=\"og:image\" content=\"https:\/\/talkpal.ai\/wp-content\/uploads\/2023\/03\/france.png\" \/>\n\t<meta property=\"og:image:width\" content=\"512\" \/>\n\t<meta property=\"og:image:height\" content=\"512\" \/>\n\t<meta property=\"og:image:type\" content=\"image\/png\" \/>\n<meta name=\"twitter:card\" content=\"summary_large_image\" \/>\n<meta name=\"twitter:site\" content=\"@talkpalai\" \/>\n<meta name=\"twitter:label1\" content=\"Est. reading time\" \/>\n\t<meta name=\"twitter:data1\" content=\"4 minutes\" \/>\n<script type=\"application\/ld+json\" class=\"yoast-schema-graph\">{\"@context\":\"https:\/\/schema.org\",\"@graph\":[{\"@type\":\"WebPage\",\"@id\":\"https:\/\/talkpal.ai\/ga\/cleachtai-gramadai-na-fraincise\/\",\"url\":\"https:\/\/talkpal.ai\/ga\/cleachtai-gramadai-na-fraincise\/\",\"name\":\"Cleachta\u00ed Gramada\u00ed na Fraincise - Talkpal\",\"isPartOf\":{\"@id\":\"https:\/\/talkpal.ai\/ga\/#website\"},\"primaryImageOfPage\":{\"@id\":\"https:\/\/talkpal.ai\/ga\/cleachtai-gramadai-na-fraincise\/#primaryimage\"},\"image\":{\"@id\":\"https:\/\/talkpal.ai\/ga\/cleachtai-gramadai-na-fraincise\/#primaryimage\"},\"thumbnailUrl\":\"https:\/\/talkpal.ai\/wp-content\/uploads\/2023\/03\/france.png\",\"datePublished\":\"2023-06-16T08:35:52+00:00\",\"dateModified\":\"2025-12-17T16:47:31+00:00\",\"description\":\"Cleachtadh agus feabhas a chur ar do scileanna gramada\u00ed na Fraincise le cleachta\u00ed idirghn\u00edomhacha at\u00e1 deartha do gach leibh\u00e9al. Feabhas a chur ar d'inni\u00falacht teanga!\",\"breadcrumb\":{\"@id\":\"https:\/\/talkpal.ai\/ga\/cleachtai-gramadai-na-fraincise\/#breadcrumb\"},\"inLanguage\":\"ga-IE\",\"potentialAction\":[{\"@type\":\"ReadAction\",\"target\":[\"https:\/\/talkpal.ai\/ga\/cleachtai-gramadai-na-fraincise\/\"]}]},{\"@type\":\"ImageObject\",\"inLanguage\":\"ga-IE\",\"@id\":\"https:\/\/talkpal.ai\/ga\/cleachtai-gramadai-na-fraincise\/#primaryimage\",\"url\":\"https:\/\/talkpal.ai\/wp-content\/uploads\/2023\/03\/france.png\",\"contentUrl\":\"https:\/\/talkpal.ai\/wp-content\/uploads\/2023\/03\/france.png\",\"width\":512,\"height\":512,\"caption\":\"TalkPal AI foghlaim Fraincis\"},{\"@type\":\"BreadcrumbList\",\"@id\":\"https:\/\/talkpal.ai\/ga\/cleachtai-gramadai-na-fraincise\/#breadcrumb\",\"itemListElement\":[{\"@type\":\"ListItem\",\"position\":1,\"name\":\"Homepage\",\"item\":\"https:\/\/talkpal.ai\/ga\/\"},{\"@type\":\"ListItem\",\"position\":2,\"name\":\"Cleachta\u00ed Gramada\u00ed na Fraincise\"}]},{\"@type\":\"WebSite\",\"@id\":\"https:\/\/talkpal.ai\/ga\/#website\",\"url\":\"https:\/\/talkpal.ai\/ga\/\",\"name\":\"Talkpal\",\"description\":\"AI Language Learning\",\"publisher\":{\"@id\":\"https:\/\/talkpal.ai\/ga\/#organization\"},\"alternateName\":\"Talkpal AI\",\"potentialAction\":[{\"@type\":\"SearchAction\",\"target\":{\"@type\":\"EntryPoint\",\"urlTemplate\":\"https:\/\/talkpal.ai\/ga\/?s={search_term_string}\"},\"query-input\":{\"@type\":\"PropertyValueSpecification\",\"valueRequired\":true,\"valueName\":\"search_term_string\"}}],\"inLanguage\":\"ga-IE\"},{\"@type\":\"Organization\",\"@id\":\"https:\/\/talkpal.ai\/ga\/#organization\",\"name\":\"Talkpal, Inc.\",\"alternateName\":\"Talkpal AI\",\"url\":\"https:\/\/talkpal.ai\/ga\/\",\"logo\":{\"@type\":\"ImageObject\",\"inLanguage\":\"ga-IE\",\"@id\":\"https:\/\/talkpal.ai\/ga\/#\/schema\/logo\/image\/\",\"url\":\"https:\/\/talkpal.ai\/wp-content\/uploads\/2024\/03\/Talkpal-Logo-Icon.png\",\"contentUrl\":\"https:\/\/talkpal.ai\/wp-content\/uploads\/2024\/03\/Talkpal-Logo-Icon.png\",\"width\":2880,\"height\":2880,\"caption\":\"Talkpal, Inc.\"},\"image\":{\"@id\":\"https:\/\/talkpal.ai\/ga\/#\/schema\/logo\/image\/\"},\"sameAs\":[\"https:\/\/www.facebook.com\/profile.php?id=100090733639311\",\"https:\/\/x.com\/talkpalai\",\"https:\/\/www.linkedin.com\/company\/talkpal\/\",\"https:\/\/www.youtube.com\/@TalkPal\/\",\"https:\/\/www.tiktok.com\/@talkpal\",\"https:\/\/www.instagram.com\/talkpal_ai\/\",\"https:\/\/www.crunchbase.com\/organization\/talkpal-9cde\",\"https:\/\/www.g2.com\/products\/talkpal-for-business\/\",\"https:\/\/www.trustpilot.com\/review\/talkpal.ai\",\"https:\/\/www.capterra.com\/p\/10006800\/TalkPal\/\"],\"description\":\"Talkpal is a language learning web and mobile education app, powered by the latest AI technologies, that provides engaging experiences to its customers in many different languages to help them improve their language skills. Users can chat about unlimited amount of topics with the app and use other modes to practice their language learning.\",\"email\":\"support@talkpal.ai\",\"legalName\":\"Talkpal, Inc.\",\"foundingDate\":\"2023-04-03\",\"duns\":\"118989042\",\"numberOfEmployees\":{\"@type\":\"QuantitativeValue\",\"minValue\":\"11\",\"maxValue\":\"50\"},\"publishingPrinciples\":\"https:\/\/talkpal.ai\/publishing-principles\/\",\"actionableFeedbackPolicy\":\"https:\/\/talkpal.ai\/actionable-feedback-policy\/\",\"correctionsPolicy\":\"https:\/\/talkpal.ai\/corrections-policy\/\",\"ethicsPolicy\":\"https:\/\/talkpal.ai\/ethics-policy\/\",\"diversityPolicy\":\"https:\/\/talkpal.ai\/diversity-policy\/\",\"diversityStaffingReport\":\"https:\/\/talkpal.ai\/diversity-policy\/\"}]}<\/script>\n<!-- \/ Yoast SEO Premium plugin. -->","yoast_head_json":{"title":"Cleachta\u00ed Gramada\u00ed na Fraincise - Talkpal","description":"Cleachtadh agus feabhas a chur ar do scileanna gramada\u00ed na Fraincise le cleachta\u00ed idirghn\u00edomhacha at\u00e1 deartha do gach leibh\u00e9al. Feabhas a chur ar d'inni\u00falacht teanga!","robots":{"index":"index","follow":"follow","max-snippet":"max-snippet:-1","max-image-preview":"max-image-preview:large","max-video-preview":"max-video-preview:-1"},"canonical":"https:\/\/talkpal.ai\/ga\/cleachtai-gramadai-na-fraincise\/","og_locale":"ga_IE","og_type":"article","og_title":"Cleachta\u00ed Gramada\u00ed na Fraincise","og_description":"Topaic\u00ed Gramada\u00ed na Fraince Is f\u00e9idir le foghlaim na Fraince a bheith ina eisp\u00e9ireas spreag\u00fail agus luachmhar. Mar theanga at\u00e1 saibhir i stair agus i","og_url":"https:\/\/talkpal.ai\/ga\/cleachtai-gramadai-na-fraincise\/","og_site_name":"Talkpal","article_publisher":"https:\/\/www.facebook.com\/profile.php?id=100090733639311","article_modified_time":"2025-12-17T16:47:31+00:00","og_image":[{"width":512,"height":512,"url":"https:\/\/talkpal.ai\/wp-content\/uploads\/2023\/03\/france.png","type":"image\/png"}],"twitter_card":"summary_large_image","twitter_site":"@talkpalai","twitter_misc":{"Est. reading time":"4 minutes"},"schema":{"@context":"https:\/\/schema.org","@graph":[{"@type":"WebPage","@id":"https:\/\/talkpal.ai\/ga\/cleachtai-gramadai-na-fraincise\/","url":"https:\/\/talkpal.ai\/ga\/cleachtai-gramadai-na-fraincise\/","name":"Cleachta\u00ed Gramada\u00ed na Fraincise - Talkpal","isPartOf":{"@id":"https:\/\/talkpal.ai\/ga\/#website"},"primaryImageOfPage":{"@id":"https:\/\/talkpal.ai\/ga\/cleachtai-gramadai-na-fraincise\/#primaryimage"},"image":{"@id":"https:\/\/talkpal.ai\/ga\/cleachtai-gramadai-na-fraincise\/#primaryimage"},"thumbnailUrl":"https:\/\/talkpal.ai\/wp-content\/uploads\/2023\/03\/france.png","datePublished":"2023-06-16T08:35:52+00:00","dateModified":"2025-12-17T16:47:31+00:00","description":"Cleachtadh agus feabhas a chur ar do scileanna gramada\u00ed na Fraincise le cleachta\u00ed idirghn\u00edomhacha at\u00e1 deartha do gach leibh\u00e9al. Feabhas a chur ar d'inni\u00falacht teanga!","breadcrumb":{"@id":"https:\/\/talkpal.ai\/ga\/cleachtai-gramadai-na-fraincise\/#breadcrumb"},"inLanguage":"ga-IE","potentialAction":[{"@type":"ReadAction","target":["https:\/\/talkpal.ai\/ga\/cleachtai-gramadai-na-fraincise\/"]}]},{"@type":"ImageObject","inLanguage":"ga-IE","@id":"https:\/\/talkpal.ai\/ga\/cleachtai-gramadai-na-fraincise\/#primaryimage","url":"https:\/\/talkpal.ai\/wp-content\/uploads\/2023\/03\/france.png","contentUrl":"https:\/\/talkpal.ai\/wp-content\/uploads\/2023\/03\/france.png","width":512,"height":512,"caption":"TalkPal AI foghlaim Fraincis"},{"@type":"BreadcrumbList","@id":"https:\/\/talkpal.ai\/ga\/cleachtai-gramadai-na-fraincise\/#breadcrumb","itemListElement":[{"@type":"ListItem","position":1,"name":"Homepage","item":"https:\/\/talkpal.ai\/ga\/"},{"@type":"ListItem","position":2,"name":"Cleachta\u00ed Gramada\u00ed na Fraincise"}]},{"@type":"WebSite","@id":"https:\/\/talkpal.ai\/ga\/#website","url":"https:\/\/talkpal.ai\/ga\/","name":"Talkpal","description":"AI Language Learning","publisher":{"@id":"https:\/\/talkpal.ai\/ga\/#organization"},"alternateName":"Talkpal AI","potentialAction":[{"@type":"SearchAction","target":{"@type":"EntryPoint","urlTemplate":"https:\/\/talkpal.ai\/ga\/?s={search_term_string}"},"query-input":{"@type":"PropertyValueSpecification","valueRequired":true,"valueName":"search_term_string"}}],"inLanguage":"ga-IE"},{"@type":"Organization","@id":"https:\/\/talkpal.ai\/ga\/#organization","name":"Talkpal, Inc.","alternateName":"Talkpal AI","url":"https:\/\/talkpal.ai\/ga\/","logo":{"@type":"ImageObject","inLanguage":"ga-IE","@id":"https:\/\/talkpal.ai\/ga\/#\/schema\/logo\/image\/","url":"https:\/\/talkpal.ai\/wp-content\/uploads\/2024\/03\/Talkpal-Logo-Icon.png","contentUrl":"https:\/\/talkpal.ai\/wp-content\/uploads\/2024\/03\/Talkpal-Logo-Icon.png","width":2880,"height":2880,"caption":"Talkpal, Inc."},"image":{"@id":"https:\/\/talkpal.ai\/ga\/#\/schema\/logo\/image\/"},"sameAs":["https:\/\/www.facebook.com\/profile.php?id=100090733639311","https:\/\/x.com\/talkpalai","https:\/\/www.linkedin.com\/company\/talkpal\/","https:\/\/www.youtube.com\/@TalkPal\/","https:\/\/www.tiktok.com\/@talkpal","https:\/\/www.instagram.com\/talkpal_ai\/","https:\/\/www.crunchbase.com\/organization\/talkpal-9cde","https:\/\/www.g2.com\/products\/talkpal-for-business\/","https:\/\/www.trustpilot.com\/review\/talkpal.ai","https:\/\/www.capterra.com\/p\/10006800\/TalkPal\/"],"description":"Talkpal is a language learning web and mobile education app, powered by the latest AI technologies, that provides engaging experiences to its customers in many different languages to help them improve their language skills. Users can chat about unlimited amount of topics with the app and use other modes to practice their language learning.","email":"support@talkpal.ai","legalName":"Talkpal, Inc.","foundingDate":"2023-04-03","duns":"118989042","numberOfEmployees":{"@type":"QuantitativeValue","minValue":"11","maxValue":"50"},"publishingPrinciples":"https:\/\/talkpal.ai\/publishing-principles\/","actionableFeedbackPolicy":"https:\/\/talkpal.ai\/actionable-feedback-policy\/","correctionsPolicy":"https:\/\/talkpal.ai\/corrections-policy\/","ethicsPolicy":"https:\/\/talkpal.ai\/ethics-policy\/","diversityPolicy":"https:\/\/talkpal.ai\/diversity-policy\/","diversityStaffingReport":"https:\/\/talkpal.ai\/diversity-policy\/"}]}},"_links":{"self":[{"href":"https:\/\/talkpal.ai\/ga\/wp-json\/wp\/v2\/pages\/1446638","targetHints":{"allow":["GET"]}}],"collection":[{"href":"https:\/\/talkpal.ai\/ga\/wp-json\/wp\/v2\/pages"}],"about":[{"href":"https:\/\/talkpal.ai\/ga\/wp-json\/wp\/v2\/types\/page"}],"author":[{"embeddable":true,"href":"https:\/\/talkpal.ai\/ga\/wp-json\/wp\/v2\/users\/6"}],"replies":[{"embeddable":true,"href":"https:\/\/talkpal.ai\/ga\/wp-json\/wp\/v2\/comments?post=1446638"}],"version-history":[{"count":0,"href":"https:\/\/talkpal.ai\/ga\/wp-json\/wp\/v2\/pages\/1446638\/revisions"}],"wp:featuredmedia":[{"embeddable":true,"href":"https:\/\/talkpal.ai\/ga\/wp-json\/wp\/v2\/media\/1439954"}],"wp:attachment":[{"href":"https:\/\/talkpal.ai\/ga\/wp-json\/wp\/v2\/media?parent=1446638"}],"curies":[{"name":"wp","href":"https:\/\/api.w.org\/{rel}","templated":true}]}}